{"id":21517,"date":"2021-06-09T19:25:20","date_gmt":"2021-06-09T19:25:20","guid":{"rendered":"https:\/\/curiosidadesedicas.com\/loja\/?post_type=product&#038;p=21517"},"modified":"2021-06-25T10:18:50","modified_gmt":"2021-06-25T10:18:50","slug":"ventoinha-2-em-1-de-pe-e-de-mesa","status":"publish","type":"product","link":"https:\/\/curiosidadesedicas.com\/loja\/produto\/ventoinha-2-em-1-de-pe-e-de-mesa\/","title":{"rendered":"VENTOINHA 2 EM 1: DE P\u00c9 E DE MESA"},"content":{"rendered":"<p>Ventoinha 2 em 1 pr\u00e1tica (di\u00e2metro de \u00d810&#8243;):\u00a0 de p\u00e9 e de mesa. Tem 3 velocidades e altura ajust\u00e1vel<\/p>\n","protected":false},"excerpt":{"rendered":"<ul>\n<li>Di\u00e2metro da ventoinha: \u00d810 &#8220;(25,4 cm)<\/li>\n<li>2 em 1: de p\u00e9 e de mesa.<\/li>\n<li>Grade de prote\u00e7\u00e3o.<\/li>\n<li>3 posi\u00e7\u00f5es de velocidade.<\/li>\n<li>Cabe\u00e7a inclinada.<\/li>\n<li>Altura ajust\u00e1vel.<\/li>\n<\/ul>\n","protected":false},"featured_media":21520,"comment_status":"open","ping_status":"closed","template":"","meta":{"_glsr_average":0,"_glsr_ranking":0,"_glsr_reviews":0},"product_brand":[],"product_cat":[474,365,369],"product_tag":[],"class_list":{"0":"post-21517","1":"product","2":"type-product","3":"status-publish","4":"has-post-thumbnail","6":"product_cat-ventilacao","7":"product_cat-para-o-lar","8":"product_cat-ventoinhas","10":"first","11":"instock","12":"taxable","13":"shipping-taxable","14":"purchasable","15":"product-type-simple"},"yoast_head":"<!-- This site is optimized with the Yoast SEO plugin v26.8 - https:\/\/yoast.com\/product\/yoast-seo-wordpress\/ -->\n<title>VENTOINHA 2 EM 1: DE P\u00c9 E DE MESA - Curiosidades &amp; Dicas, Lda<\/title>\n<meta name=\"robots\" content=\"index, follow, max-snippet:-1, max-image-preview:large, max-video-preview:-1\" \/>\n<link rel=\"canonical\" href=\"https:\/\/curiosidadesedicas.com\/loja\/produto\/ventoinha-2-em-1-de-pe-e-de-mesa\/\" \/>\n<meta property=\"og:locale\" content=\"pt_PT\" \/>\n<meta property=\"og:type\" content=\"article\" \/>\n<meta property=\"og:title\" content=\"VENTOINHA 2 EM 1: DE P\u00c9 E DE MESA - Curiosidades &amp; Dicas, Lda\" \/>\n<meta property=\"og:description\" content=\"Di\u00e2metro da ventoinha: \u00d810 &quot;(25,4 cm)  2 em 1: de p\u00e9 e de mesa.  Grade de prote\u00e7\u00e3o.  3 posi\u00e7\u00f5es de velocidade.  Cabe\u00e7a inclinada.  Altura ajust\u00e1vel.\" \/>\n<meta property=\"og:url\" content=\"https:\/\/curiosidadesedicas.com\/loja\/produto\/ventoinha-2-em-1-de-pe-e-de-mesa\/\" \/>\n<meta property=\"og:site_name\" content=\"Curiosidades &amp; Dicas, Lda\" \/>\n<meta property=\"article:modified_time\" content=\"2021-06-25T10:18:50+00:00\" \/>\n<meta property=\"og:image\" content=\"https:\/\/curiosidadesedicas.com\/loja\/wp-content\/uploads\/2021\/06\/th-fn210-ventilador-2-en-1-de-pie-y-sobremesa-thulos-th-fn210-practico-ventilador-2-en-1-diametro-10-pie-y-sobremesa-cuenta-con-.jpg\" \/>\n\t<meta property=\"og:image:width\" content=\"800\" \/>\n\t<meta property=\"og:image:height\" content=\"800\" \/>\n\t<meta property=\"og:image:type\" content=\"image\/jpeg\" \/>\n<meta name=\"twitter:card\" content=\"summary_large_image\" \/>\n<meta name=\"twitter:label1\" content=\"Tempo estimado de leitura\" \/>\n\t<meta name=\"twitter:data1\" content=\"1 minuto\" \/>\n<script type=\"application\/ld+json\" class=\"yoast-schema-graph\">{\"@context\":\"https:\/\/schema.org\",\"@graph\":[{\"@type\":\"WebPage\",\"@id\":\"https:\/\/curiosidadesedicas.com\/loja\/produto\/ventoinha-2-em-1-de-pe-e-de-mesa\/\",\"url\":\"https:\/\/curiosidadesedicas.com\/loja\/produto\/ventoinha-2-em-1-de-pe-e-de-mesa\/\",\"name\":\"VENTOINHA 2 EM 1: DE P\u00c9 E DE MESA - Curiosidades &amp; Dicas, Lda\",\"isPartOf\":{\"@id\":\"https:\/\/curiosidadesedicas.com\/loja\/#website\"},\"primaryImageOfPage\":{\"@id\":\"https:\/\/curiosidadesedicas.com\/loja\/produto\/ventoinha-2-em-1-de-pe-e-de-mesa\/#primaryimage\"},\"image\":{\"@id\":\"https:\/\/curiosidadesedicas.com\/loja\/produto\/ventoinha-2-em-1-de-pe-e-de-mesa\/#primaryimage\"},\"thumbnailUrl\":\"https:\/\/curiosidadesedicas.com\/loja\/wp-content\/uploads\/2021\/06\/th-fn210-ventilador-2-en-1-de-pie-y-sobremesa-thulos-th-fn210-practico-ventilador-2-en-1-diametro-10-pie-y-sobremesa-cuenta-con-.jpg\",\"datePublished\":\"2021-06-09T19:25:20+00:00\",\"dateModified\":\"2021-06-25T10:18:50+00:00\",\"breadcrumb\":{\"@id\":\"https:\/\/curiosidadesedicas.com\/loja\/produto\/ventoinha-2-em-1-de-pe-e-de-mesa\/#breadcrumb\"},\"inLanguage\":\"pt-PT\",\"potentialAction\":[{\"@type\":\"ReadAction\",\"target\":[\"https:\/\/curiosidadesedicas.com\/loja\/produto\/ventoinha-2-em-1-de-pe-e-de-mesa\/\"]}]},{\"@type\":\"ImageObject\",\"inLanguage\":\"pt-PT\",\"@id\":\"https:\/\/curiosidadesedicas.com\/loja\/produto\/ventoinha-2-em-1-de-pe-e-de-mesa\/#primaryimage\",\"url\":\"https:\/\/curiosidadesedicas.com\/loja\/wp-content\/uploads\/2021\/06\/th-fn210-ventilador-2-en-1-de-pie-y-sobremesa-thulos-th-fn210-practico-ventilador-2-en-1-diametro-10-pie-y-sobremesa-cuenta-con-.jpg\",\"contentUrl\":\"https:\/\/curiosidadesedicas.com\/loja\/wp-content\/uploads\/2021\/06\/th-fn210-ventilador-2-en-1-de-pie-y-sobremesa-thulos-th-fn210-practico-ventilador-2-en-1-diametro-10-pie-y-sobremesa-cuenta-con-.jpg\",\"width\":800,\"height\":800},{\"@type\":\"BreadcrumbList\",\"@id\":\"https:\/\/curiosidadesedicas.com\/loja\/produto\/ventoinha-2-em-1-de-pe-e-de-mesa\/#breadcrumb\",\"itemListElement\":[{\"@type\":\"ListItem\",\"position\":1,\"name\":\"In\u00edcio\",\"item\":\"https:\/\/curiosidadesedicas.com\/loja\/\"},{\"@type\":\"ListItem\",\"position\":2,\"name\":\"Produtos\",\"item\":\"https:\/\/curiosidadesedicas.com\/loja\/produtos\/\"},{\"@type\":\"ListItem\",\"position\":3,\"name\":\"VENTOINHA 2 EM 1: DE P\u00c9 E DE MESA\"}]},{\"@type\":\"WebSite\",\"@id\":\"https:\/\/curiosidadesedicas.com\/loja\/#website\",\"url\":\"https:\/\/curiosidadesedicas.com\/loja\/\",\"name\":\"Curiosidades &amp; Dicas, Lda\",\"description\":\"Apaixonados Por Inova\u00e7\u00e3o\",\"publisher\":{\"@id\":\"https:\/\/curiosidadesedicas.com\/loja\/#organization\"},\"potentialAction\":[{\"@type\":\"SearchAction\",\"target\":{\"@type\":\"EntryPoint\",\"urlTemplate\":\"https:\/\/curiosidadesedicas.com\/loja\/?s={search_term_string}\"},\"query-input\":{\"@type\":\"PropertyValueSpecification\",\"valueRequired\":true,\"valueName\":\"search_term_string\"}}],\"inLanguage\":\"pt-PT\"},{\"@type\":\"Organization\",\"@id\":\"https:\/\/curiosidadesedicas.com\/loja\/#organization\",\"name\":\"Curiosidades & Dicas\",\"url\":\"https:\/\/curiosidadesedicas.com\/loja\/\",\"logo\":{\"@type\":\"ImageObject\",\"inLanguage\":\"pt-PT\",\"@id\":\"https:\/\/curiosidadesedicas.com\/loja\/#\/schema\/logo\/image\/\",\"url\":\"https:\/\/curiosidadesedicas.com\/loja\/wp-content\/uploads\/2020\/05\/LogoCuriosidadesSimples.png\",\"contentUrl\":\"https:\/\/curiosidadesedicas.com\/loja\/wp-content\/uploads\/2020\/05\/LogoCuriosidadesSimples.png\",\"width\":3528,\"height\":804,\"caption\":\"Curiosidades & Dicas\"},\"image\":{\"@id\":\"https:\/\/curiosidadesedicas.com\/loja\/#\/schema\/logo\/image\/\"}}]}<\/script>\n<!-- \/ Yoast SEO plugin. -->","yoast_head_json":{"title":"VENTOINHA 2 EM 1: DE P\u00c9 E DE MESA - Curiosidades &amp; Dicas, Lda","robots":{"index":"index","follow":"follow","max-snippet":"max-snippet:-1","max-image-preview":"max-image-preview:large","max-video-preview":"max-video-preview:-1"},"canonical":"https:\/\/curiosidadesedicas.com\/loja\/produto\/ventoinha-2-em-1-de-pe-e-de-mesa\/","og_locale":"pt_PT","og_type":"article","og_title":"VENTOINHA 2 EM 1: DE P\u00c9 E DE MESA - Curiosidades &amp; Dicas, Lda","og_description":"Di\u00e2metro da ventoinha: \u00d810 \"(25,4 cm)  2 em 1: de p\u00e9 e de mesa.  Grade de prote\u00e7\u00e3o.  3 posi\u00e7\u00f5es de velocidade.  Cabe\u00e7a inclinada.  Altura ajust\u00e1vel.","og_url":"https:\/\/curiosidadesedicas.com\/loja\/produto\/ventoinha-2-em-1-de-pe-e-de-mesa\/","og_site_name":"Curiosidades &amp; Dicas, Lda","article_modified_time":"2021-06-25T10:18:50+00:00","og_image":[{"width":800,"height":800,"url":"https:\/\/curiosidadesedicas.com\/loja\/wp-content\/uploads\/2021\/06\/th-fn210-ventilador-2-en-1-de-pie-y-sobremesa-thulos-th-fn210-practico-ventilador-2-en-1-diametro-10-pie-y-sobremesa-cuenta-con-.jpg","type":"image\/jpeg"}],"twitter_card":"summary_large_image","twitter_misc":{"Tempo estimado de leitura":"1 minuto"},"schema":{"@context":"https:\/\/schema.org","@graph":[{"@type":"WebPage","@id":"https:\/\/curiosidadesedicas.com\/loja\/produto\/ventoinha-2-em-1-de-pe-e-de-mesa\/","url":"https:\/\/curiosidadesedicas.com\/loja\/produto\/ventoinha-2-em-1-de-pe-e-de-mesa\/","name":"VENTOINHA 2 EM 1: DE P\u00c9 E DE MESA - Curiosidades &amp; Dicas, Lda","isPartOf":{"@id":"https:\/\/curiosidadesedicas.com\/loja\/#website"},"primaryImageOfPage":{"@id":"https:\/\/curiosidadesedicas.com\/loja\/produto\/ventoinha-2-em-1-de-pe-e-de-mesa\/#primaryimage"},"image":{"@id":"https:\/\/curiosidadesedicas.com\/loja\/produto\/ventoinha-2-em-1-de-pe-e-de-mesa\/#primaryimage"},"thumbnailUrl":"https:\/\/curiosidadesedicas.com\/loja\/wp-content\/uploads\/2021\/06\/th-fn210-ventilador-2-en-1-de-pie-y-sobremesa-thulos-th-fn210-practico-ventilador-2-en-1-diametro-10-pie-y-sobremesa-cuenta-con-.jpg","datePublished":"2021-06-09T19:25:20+00:00","dateModified":"2021-06-25T10:18:50+00:00","breadcrumb":{"@id":"https:\/\/curiosidadesedicas.com\/loja\/produto\/ventoinha-2-em-1-de-pe-e-de-mesa\/#breadcrumb"},"inLanguage":"pt-PT","potentialAction":[{"@type":"ReadAction","target":["https:\/\/curiosidadesedicas.com\/loja\/produto\/ventoinha-2-em-1-de-pe-e-de-mesa\/"]}]},{"@type":"ImageObject","inLanguage":"pt-PT","@id":"https:\/\/curiosidadesedicas.com\/loja\/produto\/ventoinha-2-em-1-de-pe-e-de-mesa\/#primaryimage","url":"https:\/\/curiosidadesedicas.com\/loja\/wp-content\/uploads\/2021\/06\/th-fn210-ventilador-2-en-1-de-pie-y-sobremesa-thulos-th-fn210-practico-ventilador-2-en-1-diametro-10-pie-y-sobremesa-cuenta-con-.jpg","contentUrl":"https:\/\/curiosidadesedicas.com\/loja\/wp-content\/uploads\/2021\/06\/th-fn210-ventilador-2-en-1-de-pie-y-sobremesa-thulos-th-fn210-practico-ventilador-2-en-1-diametro-10-pie-y-sobremesa-cuenta-con-.jpg","width":800,"height":800},{"@type":"BreadcrumbList","@id":"https:\/\/curiosidadesedicas.com\/loja\/produto\/ventoinha-2-em-1-de-pe-e-de-mesa\/#breadcrumb","itemListElement":[{"@type":"ListItem","position":1,"name":"In\u00edcio","item":"https:\/\/curiosidadesedicas.com\/loja\/"},{"@type":"ListItem","position":2,"name":"Produtos","item":"https:\/\/curiosidadesedicas.com\/loja\/produtos\/"},{"@type":"ListItem","position":3,"name":"VENTOINHA 2 EM 1: DE P\u00c9 E DE MESA"}]},{"@type":"WebSite","@id":"https:\/\/curiosidadesedicas.com\/loja\/#website","url":"https:\/\/curiosidadesedicas.com\/loja\/","name":"Curiosidades &amp; Dicas, Lda","description":"Apaixonados Por Inova\u00e7\u00e3o","publisher":{"@id":"https:\/\/curiosidadesedicas.com\/loja\/#organization"},"potentialAction":[{"@type":"SearchAction","target":{"@type":"EntryPoint","urlTemplate":"https:\/\/curiosidadesedicas.com\/loja\/?s={search_term_string}"},"query-input":{"@type":"PropertyValueSpecification","valueRequired":true,"valueName":"search_term_string"}}],"inLanguage":"pt-PT"},{"@type":"Organization","@id":"https:\/\/curiosidadesedicas.com\/loja\/#organization","name":"Curiosidades & Dicas","url":"https:\/\/curiosidadesedicas.com\/loja\/","logo":{"@type":"ImageObject","inLanguage":"pt-PT","@id":"https:\/\/curiosidadesedicas.com\/loja\/#\/schema\/logo\/image\/","url":"https:\/\/curiosidadesedicas.com\/loja\/wp-content\/uploads\/2020\/05\/LogoCuriosidadesSimples.png","contentUrl":"https:\/\/curiosidadesedicas.com\/loja\/wp-content\/uploads\/2020\/05\/LogoCuriosidadesSimples.png","width":3528,"height":804,"caption":"Curiosidades & Dicas"},"image":{"@id":"https:\/\/curiosidadesedicas.com\/loja\/#\/schema\/logo\/image\/"}}]}},"_links":{"self":[{"href":"https:\/\/curiosidadesedicas.com\/loja\/wp-json\/wp\/v2\/product\/21517","targetHints":{"allow":["GET"]}}],"collection":[{"href":"https:\/\/curiosidadesedicas.com\/loja\/wp-json\/wp\/v2\/product"}],"about":[{"href":"https:\/\/curiosidadesedicas.com\/loja\/wp-json\/wp\/v2\/types\/product"}],"replies":[{"embeddable":true,"href":"https:\/\/curiosidadesedicas.com\/loja\/wp-json\/wp\/v2\/comments?post=21517"}],"wp:featuredmedia":[{"embeddable":true,"href":"https:\/\/curiosidadesedicas.com\/loja\/wp-json\/wp\/v2\/media\/21520"}],"wp:attachment":[{"href":"https:\/\/curiosidadesedicas.com\/loja\/wp-json\/wp\/v2\/media?parent=21517"}],"wp:term":[{"taxonomy":"product_brand","embeddable":true,"href":"https:\/\/curiosidadesedicas.com\/loja\/wp-json\/wp\/v2\/product_brand?post=21517"},{"taxonomy":"product_cat","embeddable":true,"href":"https:\/\/curiosidadesedicas.com\/loja\/wp-json\/wp\/v2\/product_cat?post=21517"},{"taxonomy":"product_tag","embeddable":true,"href":"https:\/\/curiosidadesedicas.com\/loja\/wp-json\/wp\/v2\/product_tag?post=21517"}],"curies":[{"name":"wp","href":"https:\/\/api.w.org\/{rel}","templated":true}]}}