{"id":21403,"date":"2021-06-02T12:36:35","date_gmt":"2021-06-02T12:36:35","guid":{"rendered":"https:\/\/curiosidadesedicas.com\/loja\/?post_type=product&#038;p=21403"},"modified":"2021-06-02T12:39:52","modified_gmt":"2021-06-02T12:39:52","slug":"candeeiro-de-mesa-tolomeo-leitura-artemide","status":"publish","type":"product","link":"https:\/\/curiosidadesedicas.com\/loja\/produto\/candeeiro-de-mesa-tolomeo-leitura-artemide\/","title":{"rendered":"CANDEEIRO DE MESA TOLOMEO LEITURA ARTEMIDE"},"content":{"rendered":"<table class=\"woocommerce-product-attributes shop_attributes\">\n<tbody>\n<tr class=\"woocommerce-product-attributes-item woocommerce-product-attributes-item--attribute_pot%c3%aancia-m%c3%a1xima\">\n<th class=\"woocommerce-product-attributes-item__label\">POT\u00caNCIA M\u00c1XIMA<\/th>\n<td class=\"woocommerce-product-attributes-item__value\">100 W<\/td>\n<\/tr>\n<tr class=\"woocommerce-product-attributes-item woocommerce-product-attributes-item--attribute_alimenta%c3%a7%c3%a3o\">\n<th class=\"woocommerce-product-attributes-item__label\">ALIMENTA\u00c7\u00c3O:<\/th>\n<td class=\"woocommerce-product-attributes-item__value\">220-240V AC<\/td>\n<\/tr>\n<tr class=\"woocommerce-product-attributes-item woocommerce-product-attributes-item--attribute_frequ%c3%aancia\">\n<th class=\"woocommerce-product-attributes-item__label\">FREQU\u00caNCIA:<\/th>\n<td class=\"woocommerce-product-attributes-item__value\">50-60 Hz<\/td>\n<\/tr>\n<tr class=\"woocommerce-product-attributes-item woocommerce-product-attributes-item--attribute_material\">\n<th class=\"woocommerce-product-attributes-item__label\">MATERIAL:<\/th>\n<td class=\"woocommerce-product-attributes-item__value\">Alum\u00ednio<\/td>\n<\/tr>\n<tr class=\"woocommerce-product-attributes-item woocommerce-product-attributes-item--attribute_dimens%c3%b5es\">\n<th class=\"woocommerce-product-attributes-item__label\">DIMENS\u00d5ES:<\/th>\n<td class=\"woocommerce-product-attributes-item__value\">1670x230x1000 mm<\/td>\n<\/tr>\n<tr class=\"woocommerce-product-attributes-item woocommerce-product-attributes-item--attribute_n%c3%a3o-inclui\">\n<th class=\"woocommerce-product-attributes-item__label\">N\u00c3O INCLUI:<\/th>\n<td class=\"woocommerce-product-attributes-item__value\">L\u00e2mpadas<\/td>\n<\/tr>\n<tr class=\"woocommerce-product-attributes-item woocommerce-product-attributes-item--attribute_garantia\">\n<th class=\"woocommerce-product-attributes-item__label\">GARANTIA:<\/th>\n<td class=\"woocommerce-product-attributes-item__value\">5 Anos<\/td>\n<\/tr>\n<tr class=\"woocommerce-product-attributes-item woocommerce-product-attributes-item--attribute_certificados\">\n<th class=\"woocommerce-product-attributes-item__label\">CERTIFICADOS:<\/th>\n<td class=\"woocommerce-product-attributes-item__value\">CE &amp; RoHS<\/td>\n<\/tr>\n<tr class=\"woocommerce-product-attributes-item woocommerce-product-attributes-item--attribute_cor\">\n<th class=\"woocommerce-product-attributes-item__label\">COR:<\/th>\n<td class=\"woocommerce-product-attributes-item__value\">Alum\u00ednio<\/td>\n<\/tr>\n<\/tbody>\n<\/table>\n","protected":false},"excerpt":{"rendered":"<p align=\"justify\"><strong>O Candeeiro de Mesa Tolomeo Leitura ARTEMIDE combina um design \u00fanico e elegante com acabamentos de alta qualidade.<\/strong>\u00a0Este tipo de candeeiro de design permite-nos dar aquele toque elegante que ir\u00e1 adicionar personalidade a qualquer espa\u00e7o, tornando-o \u00fanico.<\/p>\n<p align=\"justify\">\u00c9\u00a0<strong>fabricado pela prestigiada marca italiana ARTEMIDE<\/strong>\u00a0, fundada em 1960 e atualmente \u00e9 a empresa l\u00edder mundial no setor de ilumina\u00e7\u00e3o residencial e profissional de alto padr\u00e3o.\u00a0<strong>Os candeeiros\u00a0Artemide<\/strong>\u00a0s\u00e3o considerados internacionalmente como \u00edcones do design contempor\u00e2neo.<\/p>\n<h2 align=\"justify\">Caracter\u00edsticas do Candeeiro de Mesa Tolomeo Leitura ARTEMIDE<\/h2>\n<p align=\"justify\"><strong>O Candeeiro de Mesa Tolomeo Leitura ARTEMIDE<\/strong>\u00a0\u00e9\u00a0amplamente utilizado em ambientes t\u00e3o variados como salas de jantar, quartos, cozinhas, escrit\u00f3rios, salas de estar, restaurantes, caf\u00e9s, etc.<\/p>\n<p><a href=\"https:\/\/amaroled.com\/categoria-produto\/iluminacao-interior\/candeeiros-led-de-mesa\/\"><strong><em>Carregue aqui e confira toda a gama de candeeiros LED de mesa na AmaroLED, a nossa loja de Ilumina\u00e7\u00e3o LED!<\/em><\/strong><\/a><\/p>\n<p>&nbsp;<\/p>\n","protected":false},"featured_media":21404,"comment_status":"open","ping_status":"closed","template":"","meta":{"_glsr_average":0,"_glsr_ranking":0,"_glsr_reviews":0},"product_brand":[],"product_cat":[420,345,346],"product_tag":[],"class_list":{"0":"post-21403","1":"product","2":"type-product","3":"status-publish","4":"has-post-thumbnail","6":"product_cat-p-trabalho","7":"product_cat-gadgets-led","8":"product_cat-candeeiros-led","10":"first","11":"instock","12":"taxable","13":"shipping-taxable","14":"purchasable","15":"product-type-simple"},"yoast_head":"<!-- This site is optimized with the Yoast SEO plugin v26.8 - https:\/\/yoast.com\/product\/yoast-seo-wordpress\/ -->\n<title>CANDEEIRO DE MESA TOLOMEO LEITURA ARTEMIDE - Curiosidades &amp; Dicas, Lda<\/title>\n<meta name=\"robots\" content=\"index, follow, max-snippet:-1, max-image-preview:large, max-video-preview:-1\" \/>\n<link rel=\"canonical\" href=\"https:\/\/curiosidadesedicas.com\/loja\/produto\/candeeiro-de-mesa-tolomeo-leitura-artemide\/\" \/>\n<meta property=\"og:locale\" content=\"pt_PT\" \/>\n<meta property=\"og:type\" content=\"article\" \/>\n<meta property=\"og:title\" content=\"CANDEEIRO DE MESA TOLOMEO LEITURA ARTEMIDE - Curiosidades &amp; Dicas, Lda\" \/>\n<meta property=\"og:description\" content=\"O Candeeiro de Mesa Tolomeo Leitura ARTEMIDE combina um design \u00fanico e elegante com acabamentos de alta qualidade.\u00a0Este tipo de candeeiro de design permite-nos dar aquele toque elegante que ir\u00e1 adicionar personalidade a qualquer espa\u00e7o, tornando-o \u00fanico. \u00c9\u00a0fabricado pela prestigiada marca italiana ARTEMIDE\u00a0, fundada em 1960 e atualmente \u00e9 a empresa l\u00edder mundial no setor de ilumina\u00e7\u00e3o residencial e profissional de alto padr\u00e3o.\u00a0Os candeeiros\u00a0Artemide\u00a0s\u00e3o considerados internacionalmente como \u00edcones do design contempor\u00e2neo.  Caracter\u00edsticas do Candeeiro de Mesa Tolomeo Leitura ARTEMIDE O Candeeiro de Mesa Tolomeo Leitura ARTEMIDE\u00a0\u00e9\u00a0amplamente utilizado em ambientes t\u00e3o variados como salas de jantar, quartos, cozinhas, escrit\u00f3rios, salas de estar, restaurantes, caf\u00e9s, etc. Carregue aqui e confira toda a gama de candeeiros LED de mesa na AmaroLED, a nossa loja de Ilumina\u00e7\u00e3o LED!  &nbsp;\" \/>\n<meta property=\"og:url\" content=\"https:\/\/curiosidadesedicas.com\/loja\/produto\/candeeiro-de-mesa-tolomeo-leitura-artemide\/\" \/>\n<meta property=\"og:site_name\" content=\"Curiosidades &amp; Dicas, Lda\" \/>\n<meta property=\"article:modified_time\" content=\"2021-06-02T12:39:52+00:00\" \/>\n<meta property=\"og:image\" content=\"https:\/\/curiosidadesedicas.com\/loja\/wp-content\/uploads\/2021\/06\/cuerpo-lampara-led-de-mesa-tolomeo-lectura-artemide.jpg\" \/>\n\t<meta property=\"og:image:width\" content=\"850\" \/>\n\t<meta property=\"og:image:height\" content=\"850\" \/>\n\t<meta property=\"og:image:type\" content=\"image\/jpeg\" \/>\n<meta name=\"twitter:card\" content=\"summary_large_image\" \/>\n<meta name=\"twitter:label1\" content=\"Tempo estimado de leitura\" \/>\n\t<meta name=\"twitter:data1\" content=\"1 minuto\" \/>\n<script type=\"application\/ld+json\" class=\"yoast-schema-graph\">{\"@context\":\"https:\/\/schema.org\",\"@graph\":[{\"@type\":\"WebPage\",\"@id\":\"https:\/\/curiosidadesedicas.com\/loja\/produto\/candeeiro-de-mesa-tolomeo-leitura-artemide\/\",\"url\":\"https:\/\/curiosidadesedicas.com\/loja\/produto\/candeeiro-de-mesa-tolomeo-leitura-artemide\/\",\"name\":\"CANDEEIRO DE MESA TOLOMEO LEITURA ARTEMIDE - Curiosidades &amp; Dicas, Lda\",\"isPartOf\":{\"@id\":\"https:\/\/curiosidadesedicas.com\/loja\/#website\"},\"primaryImageOfPage\":{\"@id\":\"https:\/\/curiosidadesedicas.com\/loja\/produto\/candeeiro-de-mesa-tolomeo-leitura-artemide\/#primaryimage\"},\"image\":{\"@id\":\"https:\/\/curiosidadesedicas.com\/loja\/produto\/candeeiro-de-mesa-tolomeo-leitura-artemide\/#primaryimage\"},\"thumbnailUrl\":\"https:\/\/curiosidadesedicas.com\/loja\/wp-content\/uploads\/2021\/06\/cuerpo-lampara-led-de-mesa-tolomeo-lectura-artemide.jpg\",\"datePublished\":\"2021-06-02T12:36:35+00:00\",\"dateModified\":\"2021-06-02T12:39:52+00:00\",\"breadcrumb\":{\"@id\":\"https:\/\/curiosidadesedicas.com\/loja\/produto\/candeeiro-de-mesa-tolomeo-leitura-artemide\/#breadcrumb\"},\"inLanguage\":\"pt-PT\",\"potentialAction\":[{\"@type\":\"ReadAction\",\"target\":[\"https:\/\/curiosidadesedicas.com\/loja\/produto\/candeeiro-de-mesa-tolomeo-leitura-artemide\/\"]}]},{\"@type\":\"ImageObject\",\"inLanguage\":\"pt-PT\",\"@id\":\"https:\/\/curiosidadesedicas.com\/loja\/produto\/candeeiro-de-mesa-tolomeo-leitura-artemide\/#primaryimage\",\"url\":\"https:\/\/curiosidadesedicas.com\/loja\/wp-content\/uploads\/2021\/06\/cuerpo-lampara-led-de-mesa-tolomeo-lectura-artemide.jpg\",\"contentUrl\":\"https:\/\/curiosidadesedicas.com\/loja\/wp-content\/uploads\/2021\/06\/cuerpo-lampara-led-de-mesa-tolomeo-lectura-artemide.jpg\",\"width\":850,\"height\":850},{\"@type\":\"BreadcrumbList\",\"@id\":\"https:\/\/curiosidadesedicas.com\/loja\/produto\/candeeiro-de-mesa-tolomeo-leitura-artemide\/#breadcrumb\",\"itemListElement\":[{\"@type\":\"ListItem\",\"position\":1,\"name\":\"In\u00edcio\",\"item\":\"https:\/\/curiosidadesedicas.com\/loja\/\"},{\"@type\":\"ListItem\",\"position\":2,\"name\":\"Produtos\",\"item\":\"https:\/\/curiosidadesedicas.com\/loja\/produtos\/\"},{\"@type\":\"ListItem\",\"position\":3,\"name\":\"CANDEEIRO DE MESA TOLOMEO LEITURA ARTEMIDE\"}]},{\"@type\":\"WebSite\",\"@id\":\"https:\/\/curiosidadesedicas.com\/loja\/#website\",\"url\":\"https:\/\/curiosidadesedicas.com\/loja\/\",\"name\":\"Curiosidades &amp; Dicas, Lda\",\"description\":\"Apaixonados Por Inova\u00e7\u00e3o\",\"publisher\":{\"@id\":\"https:\/\/curiosidadesedicas.com\/loja\/#organization\"},\"potentialAction\":[{\"@type\":\"SearchAction\",\"target\":{\"@type\":\"EntryPoint\",\"urlTemplate\":\"https:\/\/curiosidadesedicas.com\/loja\/?s={search_term_string}\"},\"query-input\":{\"@type\":\"PropertyValueSpecification\",\"valueRequired\":true,\"valueName\":\"search_term_string\"}}],\"inLanguage\":\"pt-PT\"},{\"@type\":\"Organization\",\"@id\":\"https:\/\/curiosidadesedicas.com\/loja\/#organization\",\"name\":\"Curiosidades & Dicas\",\"url\":\"https:\/\/curiosidadesedicas.com\/loja\/\",\"logo\":{\"@type\":\"ImageObject\",\"inLanguage\":\"pt-PT\",\"@id\":\"https:\/\/curiosidadesedicas.com\/loja\/#\/schema\/logo\/image\/\",\"url\":\"https:\/\/curiosidadesedicas.com\/loja\/wp-content\/uploads\/2020\/05\/LogoCuriosidadesSimples.png\",\"contentUrl\":\"https:\/\/curiosidadesedicas.com\/loja\/wp-content\/uploads\/2020\/05\/LogoCuriosidadesSimples.png\",\"width\":3528,\"height\":804,\"caption\":\"Curiosidades & Dicas\"},\"image\":{\"@id\":\"https:\/\/curiosidadesedicas.com\/loja\/#\/schema\/logo\/image\/\"}}]}<\/script>\n<!-- \/ Yoast SEO plugin. -->","yoast_head_json":{"title":"CANDEEIRO DE MESA TOLOMEO LEITURA ARTEMIDE - Curiosidades &amp; Dicas, Lda","robots":{"index":"index","follow":"follow","max-snippet":"max-snippet:-1","max-image-preview":"max-image-preview:large","max-video-preview":"max-video-preview:-1"},"canonical":"https:\/\/curiosidadesedicas.com\/loja\/produto\/candeeiro-de-mesa-tolomeo-leitura-artemide\/","og_locale":"pt_PT","og_type":"article","og_title":"CANDEEIRO DE MESA TOLOMEO LEITURA ARTEMIDE - Curiosidades &amp; Dicas, Lda","og_description":"O Candeeiro de Mesa Tolomeo Leitura ARTEMIDE combina um design \u00fanico e elegante com acabamentos de alta qualidade.\u00a0Este tipo de candeeiro de design permite-nos dar aquele toque elegante que ir\u00e1 adicionar personalidade a qualquer espa\u00e7o, tornando-o \u00fanico. \u00c9\u00a0fabricado pela prestigiada marca italiana ARTEMIDE\u00a0, fundada em 1960 e atualmente \u00e9 a empresa l\u00edder mundial no setor de ilumina\u00e7\u00e3o residencial e profissional de alto padr\u00e3o.\u00a0Os candeeiros\u00a0Artemide\u00a0s\u00e3o considerados internacionalmente como \u00edcones do design contempor\u00e2neo.  Caracter\u00edsticas do Candeeiro de Mesa Tolomeo Leitura ARTEMIDE O Candeeiro de Mesa Tolomeo Leitura ARTEMIDE\u00a0\u00e9\u00a0amplamente utilizado em ambientes t\u00e3o variados como salas de jantar, quartos, cozinhas, escrit\u00f3rios, salas de estar, restaurantes, caf\u00e9s, etc. Carregue aqui e confira toda a gama de candeeiros LED de mesa na AmaroLED, a nossa loja de Ilumina\u00e7\u00e3o LED!  &nbsp;","og_url":"https:\/\/curiosidadesedicas.com\/loja\/produto\/candeeiro-de-mesa-tolomeo-leitura-artemide\/","og_site_name":"Curiosidades &amp; Dicas, Lda","article_modified_time":"2021-06-02T12:39:52+00:00","og_image":[{"width":850,"height":850,"url":"https:\/\/curiosidadesedicas.com\/loja\/wp-content\/uploads\/2021\/06\/cuerpo-lampara-led-de-mesa-tolomeo-lectura-artemide.jpg","type":"image\/jpeg"}],"twitter_card":"summary_large_image","twitter_misc":{"Tempo estimado de leitura":"1 minuto"},"schema":{"@context":"https:\/\/schema.org","@graph":[{"@type":"WebPage","@id":"https:\/\/curiosidadesedicas.com\/loja\/produto\/candeeiro-de-mesa-tolomeo-leitura-artemide\/","url":"https:\/\/curiosidadesedicas.com\/loja\/produto\/candeeiro-de-mesa-tolomeo-leitura-artemide\/","name":"CANDEEIRO DE MESA TOLOMEO LEITURA ARTEMIDE - Curiosidades &amp; Dicas, Lda","isPartOf":{"@id":"https:\/\/curiosidadesedicas.com\/loja\/#website"},"primaryImageOfPage":{"@id":"https:\/\/curiosidadesedicas.com\/loja\/produto\/candeeiro-de-mesa-tolomeo-leitura-artemide\/#primaryimage"},"image":{"@id":"https:\/\/curiosidadesedicas.com\/loja\/produto\/candeeiro-de-mesa-tolomeo-leitura-artemide\/#primaryimage"},"thumbnailUrl":"https:\/\/curiosidadesedicas.com\/loja\/wp-content\/uploads\/2021\/06\/cuerpo-lampara-led-de-mesa-tolomeo-lectura-artemide.jpg","datePublished":"2021-06-02T12:36:35+00:00","dateModified":"2021-06-02T12:39:52+00:00","breadcrumb":{"@id":"https:\/\/curiosidadesedicas.com\/loja\/produto\/candeeiro-de-mesa-tolomeo-leitura-artemide\/#breadcrumb"},"inLanguage":"pt-PT","potentialAction":[{"@type":"ReadAction","target":["https:\/\/curiosidadesedicas.com\/loja\/produto\/candeeiro-de-mesa-tolomeo-leitura-artemide\/"]}]},{"@type":"ImageObject","inLanguage":"pt-PT","@id":"https:\/\/curiosidadesedicas.com\/loja\/produto\/candeeiro-de-mesa-tolomeo-leitura-artemide\/#primaryimage","url":"https:\/\/curiosidadesedicas.com\/loja\/wp-content\/uploads\/2021\/06\/cuerpo-lampara-led-de-mesa-tolomeo-lectura-artemide.jpg","contentUrl":"https:\/\/curiosidadesedicas.com\/loja\/wp-content\/uploads\/2021\/06\/cuerpo-lampara-led-de-mesa-tolomeo-lectura-artemide.jpg","width":850,"height":850},{"@type":"BreadcrumbList","@id":"https:\/\/curiosidadesedicas.com\/loja\/produto\/candeeiro-de-mesa-tolomeo-leitura-artemide\/#breadcrumb","itemListElement":[{"@type":"ListItem","position":1,"name":"In\u00edcio","item":"https:\/\/curiosidadesedicas.com\/loja\/"},{"@type":"ListItem","position":2,"name":"Produtos","item":"https:\/\/curiosidadesedicas.com\/loja\/produtos\/"},{"@type":"ListItem","position":3,"name":"CANDEEIRO DE MESA TOLOMEO LEITURA ARTEMIDE"}]},{"@type":"WebSite","@id":"https:\/\/curiosidadesedicas.com\/loja\/#website","url":"https:\/\/curiosidadesedicas.com\/loja\/","name":"Curiosidades &amp; Dicas, Lda","description":"Apaixonados Por Inova\u00e7\u00e3o","publisher":{"@id":"https:\/\/curiosidadesedicas.com\/loja\/#organization"},"potentialAction":[{"@type":"SearchAction","target":{"@type":"EntryPoint","urlTemplate":"https:\/\/curiosidadesedicas.com\/loja\/?s={search_term_string}"},"query-input":{"@type":"PropertyValueSpecification","valueRequired":true,"valueName":"search_term_string"}}],"inLanguage":"pt-PT"},{"@type":"Organization","@id":"https:\/\/curiosidadesedicas.com\/loja\/#organization","name":"Curiosidades & Dicas","url":"https:\/\/curiosidadesedicas.com\/loja\/","logo":{"@type":"ImageObject","inLanguage":"pt-PT","@id":"https:\/\/curiosidadesedicas.com\/loja\/#\/schema\/logo\/image\/","url":"https:\/\/curiosidadesedicas.com\/loja\/wp-content\/uploads\/2020\/05\/LogoCuriosidadesSimples.png","contentUrl":"https:\/\/curiosidadesedicas.com\/loja\/wp-content\/uploads\/2020\/05\/LogoCuriosidadesSimples.png","width":3528,"height":804,"caption":"Curiosidades & Dicas"},"image":{"@id":"https:\/\/curiosidadesedicas.com\/loja\/#\/schema\/logo\/image\/"}}]}},"_links":{"self":[{"href":"https:\/\/curiosidadesedicas.com\/loja\/wp-json\/wp\/v2\/product\/21403","targetHints":{"allow":["GET"]}}],"collection":[{"href":"https:\/\/curiosidadesedicas.com\/loja\/wp-json\/wp\/v2\/product"}],"about":[{"href":"https:\/\/curiosidadesedicas.com\/loja\/wp-json\/wp\/v2\/types\/product"}],"replies":[{"embeddable":true,"href":"https:\/\/curiosidadesedicas.com\/loja\/wp-json\/wp\/v2\/comments?post=21403"}],"wp:featuredmedia":[{"embeddable":true,"href":"https:\/\/curiosidadesedicas.com\/loja\/wp-json\/wp\/v2\/media\/21404"}],"wp:attachment":[{"href":"https:\/\/curiosidadesedicas.com\/loja\/wp-json\/wp\/v2\/media?parent=21403"}],"wp:term":[{"taxonomy":"product_brand","embeddable":true,"href":"https:\/\/curiosidadesedicas.com\/loja\/wp-json\/wp\/v2\/product_brand?post=21403"},{"taxonomy":"product_cat","embeddable":true,"href":"https:\/\/curiosidadesedicas.com\/loja\/wp-json\/wp\/v2\/product_cat?post=21403"},{"taxonomy":"product_tag","embeddable":true,"href":"https:\/\/curiosidadesedicas.com\/loja\/wp-json\/wp\/v2\/product_tag?post=21403"}],"curies":[{"name":"wp","href":"https:\/\/api.w.org\/{rel}","templated":true}]}}