{"id":21273,"date":"2021-05-31T19:39:19","date_gmt":"2021-05-31T19:39:19","guid":{"rendered":"https:\/\/curiosidadesedicas.com\/loja\/?post_type=product&#038;p=21273"},"modified":"2021-05-31T19:50:29","modified_gmt":"2021-05-31T19:50:29","slug":"candeeiro-de-escritorio-led-cira-3w-com-bateria","status":"publish","type":"product","link":"https:\/\/curiosidadesedicas.com\/loja\/produto\/candeeiro-de-escritorio-led-cira-3w-com-bateria\/","title":{"rendered":"CANDEEIRO DE ESCRIT\u00d3RIO LED CIRA 3W COM BATERIA"},"content":{"rendered":"<table class=\"woocommerce-product-attributes shop_attributes\">\n<tbody>\n<tr class=\"woocommerce-product-attributes-item woocommerce-product-attributes-item--attribute_pot%c3%aancia\">\n<th class=\"woocommerce-product-attributes-item__label\">POT\u00caNCIA:<\/th>\n<td class=\"woocommerce-product-attributes-item__value\">3W<\/td>\n<\/tr>\n<tr class=\"woocommerce-product-attributes-item woocommerce-product-attributes-item--attribute_alimenta%c3%a7%c3%a3o\">\n<th class=\"woocommerce-product-attributes-item__label\">ALIMENTA\u00c7\u00c3O:<\/th>\n<td class=\"woocommerce-product-attributes-item__value\">5 V<\/td>\n<\/tr>\n<tr class=\"woocommerce-product-attributes-item woocommerce-product-attributes-item--attribute_regulavel\">\n<th class=\"woocommerce-product-attributes-item__label\">REGULAVEL:<\/th>\n<td class=\"woocommerce-product-attributes-item__value\">Sim<\/td>\n<\/tr>\n<tr class=\"woocommerce-product-attributes-item woocommerce-product-attributes-item--attribute_temperatura-da-cor\">\n<th class=\"woocommerce-product-attributes-item__label\">TEMPERATURA DA COR:<\/th>\n<td class=\"woocommerce-product-attributes-item__value\">5500-6500K<\/td>\n<\/tr>\n<tr class=\"woocommerce-product-attributes-item woocommerce-product-attributes-item--attribute_classe-energ%c3%a9tica\">\n<th class=\"woocommerce-product-attributes-item__label\">CLASSE ENERG\u00c9TICA:<\/th>\n<td class=\"woocommerce-product-attributes-item__value\">A+<\/td>\n<\/tr>\n<tr class=\"woocommerce-product-attributes-item woocommerce-product-attributes-item--attribute_uso\">\n<th class=\"woocommerce-product-attributes-item__label\">USO:<\/th>\n<td class=\"woocommerce-product-attributes-item__value\">Interior<\/td>\n<\/tr>\n<tr class=\"woocommerce-product-attributes-item woocommerce-product-attributes-item--attribute_prote%c3%a7%c3%a3o-ip\">\n<th class=\"woocommerce-product-attributes-item__label\">PROTE\u00c7\u00c3O IP:<\/th>\n<td class=\"woocommerce-product-attributes-item__value\">IP20<\/td>\n<\/tr>\n<tr class=\"woocommerce-product-attributes-item woocommerce-product-attributes-item--attribute_material\">\n<th class=\"woocommerce-product-attributes-item__label\">MATERIAL:<\/th>\n<td class=\"woocommerce-product-attributes-item__value\">ABS<\/td>\n<\/tr>\n<tr class=\"woocommerce-product-attributes-item woocommerce-product-attributes-item--attribute_dimens%c3%b5es\">\n<th class=\"woocommerce-product-attributes-item__label\">DIMENS\u00d5ES:<\/th>\n<td class=\"woocommerce-product-attributes-item__value\">370x110x110 mm<\/td>\n<\/tr>\n<tr class=\"woocommerce-product-attributes-item woocommerce-product-attributes-item--attribute_tipo-de-cabo\">\n<th class=\"woocommerce-product-attributes-item__label\">TIPO DE CABO:<\/th>\n<td class=\"woocommerce-product-attributes-item__value\">USB<\/td>\n<\/tr>\n<tr class=\"woocommerce-product-attributes-item woocommerce-product-attributes-item--attribute_funciona-com-bateria\">\n<th class=\"woocommerce-product-attributes-item__label\">FUNCIONA COM BATERIA:<\/th>\n<td class=\"woocommerce-product-attributes-item__value\">Sim<\/td>\n<\/tr>\n<tr class=\"woocommerce-product-attributes-item woocommerce-product-attributes-item--attribute_bateria\">\n<th class=\"woocommerce-product-attributes-item__label\">BATERIA:<\/th>\n<td class=\"woocommerce-product-attributes-item__value\">600 mA<\/td>\n<\/tr>\n<tr class=\"woocommerce-product-attributes-item woocommerce-product-attributes-item--attribute_vida-%c3%batil\">\n<th class=\"woocommerce-product-attributes-item__label\">VIDA \u00daTIL:<\/th>\n<td class=\"woocommerce-product-attributes-item__value\">30.000 Horas<\/td>\n<\/tr>\n<tr class=\"woocommerce-product-attributes-item woocommerce-product-attributes-item--attribute_garantia\">\n<th class=\"woocommerce-product-attributes-item__label\">GARANTIA:<\/th>\n<td class=\"woocommerce-product-attributes-item__value\">2 Anos<\/td>\n<\/tr>\n<tr class=\"woocommerce-product-attributes-item woocommerce-product-attributes-item--attribute_certificados\">\n<th class=\"woocommerce-product-attributes-item__label\">CERTIFICADOS:<\/th>\n<td class=\"woocommerce-product-attributes-item__value\">CE &amp; RoHS<\/td>\n<\/tr>\n<tr class=\"woocommerce-product-attributes-item woocommerce-product-attributes-item--attribute_pa_cor\">\n<th class=\"woocommerce-product-attributes-item__label\">Cor<\/th>\n<td class=\"woocommerce-product-attributes-item__value\">Branco, Preto<\/td>\n<\/tr>\n<\/tbody>\n<\/table>\n","protected":false},"excerpt":{"rendered":"<p>A\u00a0<strong>Candeeiro de Escrit\u00f3rio LED Cira\u00a0<\/strong>3W de pot\u00eancia com design moderno e acabamento em preto e branco, possui regulagem para ajustar a temperatura de cor entre tr\u00eas modos de brilho.<\/p>\n<p>O mastro desta l\u00e2mpada \u00e9 articulado e flex\u00edvel, permitindo assim que se adapte da melhor forma poss\u00edvel \u00e0s condi\u00e7\u00f5es. Podemos usar o\u00a0<strong>Candeeiro de Escrit\u00f3rio LED Cira\u00a0<\/strong><strong>3W<\/strong>\u00a0em v\u00e1rios espa\u00e7os, como quartos, salas, escrit\u00f3rios, etc.<\/p>\n<p><a href=\"https:\/\/amaroled.com\/categoria-produto\/iluminacao-interior\/candeeiros-led-de-mesa\/\"><strong><em>Carregue aqui e confira toda a gama de candeeiros LED de mesa na AmaroLED, a nossa loja de Ilumina\u00e7\u00e3o LED!<\/em><\/strong><\/a><\/p>\n<p>&nbsp;<\/p>\n","protected":false},"featured_media":21276,"comment_status":"open","ping_status":"closed","template":"","meta":{"_glsr_average":0,"_glsr_ranking":0,"_glsr_reviews":0},"product_brand":[],"product_cat":[420,345,346],"product_tag":[],"class_list":{"0":"post-21273","1":"product","2":"type-product","3":"status-publish","4":"has-post-thumbnail","6":"product_cat-p-trabalho","7":"product_cat-gadgets-led","8":"product_cat-candeeiros-led","10":"first","11":"instock","12":"taxable","13":"shipping-taxable","14":"purchasable","15":"product-type-variable"},"yoast_head":"<!-- This site is optimized with the Yoast SEO plugin v26.8 - https:\/\/yoast.com\/product\/yoast-seo-wordpress\/ -->\n<title>CANDEEIRO DE ESCRIT\u00d3RIO LED CIRA 3W COM BATERIA - Curiosidades &amp; Dicas, Lda<\/title>\n<meta name=\"robots\" content=\"index, follow, max-snippet:-1, max-image-preview:large, max-video-preview:-1\" \/>\n<link rel=\"canonical\" href=\"https:\/\/curiosidadesedicas.com\/loja\/produto\/candeeiro-de-escritorio-led-cira-3w-com-bateria\/\" \/>\n<meta property=\"og:locale\" content=\"pt_PT\" \/>\n<meta property=\"og:type\" content=\"article\" \/>\n<meta property=\"og:title\" content=\"CANDEEIRO DE ESCRIT\u00d3RIO LED CIRA 3W COM BATERIA - Curiosidades &amp; Dicas, Lda\" \/>\n<meta property=\"og:description\" content=\"A\u00a0Candeeiro de Escrit\u00f3rio LED Cira\u00a03W de pot\u00eancia com design moderno e acabamento em preto e branco, possui regulagem para ajustar a temperatura de cor entre tr\u00eas modos de brilho.  O mastro desta l\u00e2mpada \u00e9 articulado e flex\u00edvel, permitindo assim que se adapte da melhor forma poss\u00edvel \u00e0s condi\u00e7\u00f5es. Podemos usar o\u00a0Candeeiro de Escrit\u00f3rio LED Cira\u00a03W\u00a0em v\u00e1rios espa\u00e7os, como quartos, salas, escrit\u00f3rios, etc.  Carregue aqui e confira toda a gama de candeeiros LED de mesa na AmaroLED, a nossa loja de Ilumina\u00e7\u00e3o LED!  &nbsp;\" \/>\n<meta property=\"og:url\" content=\"https:\/\/curiosidadesedicas.com\/loja\/produto\/candeeiro-de-escritorio-led-cira-3w-com-bateria\/\" \/>\n<meta property=\"og:site_name\" content=\"Curiosidades &amp; Dicas, Lda\" \/>\n<meta property=\"article:modified_time\" content=\"2021-05-31T19:50:29+00:00\" \/>\n<meta property=\"og:image\" content=\"https:\/\/curiosidadesedicas.com\/loja\/wp-content\/uploads\/2021\/05\/flexo-led-cira-3w-con-bateria-5.jpg\" \/>\n\t<meta property=\"og:image:width\" content=\"850\" \/>\n\t<meta property=\"og:image:height\" content=\"850\" \/>\n\t<meta property=\"og:image:type\" content=\"image\/jpeg\" \/>\n<meta name=\"twitter:card\" content=\"summary_large_image\" \/>\n<meta name=\"twitter:label1\" content=\"Tempo estimado de leitura\" \/>\n\t<meta name=\"twitter:data1\" content=\"1 minuto\" \/>\n<script type=\"application\/ld+json\" class=\"yoast-schema-graph\">{\"@context\":\"https:\/\/schema.org\",\"@graph\":[{\"@type\":\"WebPage\",\"@id\":\"https:\/\/curiosidadesedicas.com\/loja\/produto\/candeeiro-de-escritorio-led-cira-3w-com-bateria\/\",\"url\":\"https:\/\/curiosidadesedicas.com\/loja\/produto\/candeeiro-de-escritorio-led-cira-3w-com-bateria\/\",\"name\":\"CANDEEIRO DE ESCRIT\u00d3RIO LED CIRA 3W COM BATERIA - Curiosidades &amp; Dicas, Lda\",\"isPartOf\":{\"@id\":\"https:\/\/curiosidadesedicas.com\/loja\/#website\"},\"primaryImageOfPage\":{\"@id\":\"https:\/\/curiosidadesedicas.com\/loja\/produto\/candeeiro-de-escritorio-led-cira-3w-com-bateria\/#primaryimage\"},\"image\":{\"@id\":\"https:\/\/curiosidadesedicas.com\/loja\/produto\/candeeiro-de-escritorio-led-cira-3w-com-bateria\/#primaryimage\"},\"thumbnailUrl\":\"https:\/\/curiosidadesedicas.com\/loja\/wp-content\/uploads\/2021\/05\/flexo-led-cira-3w-con-bateria-5.jpg\",\"datePublished\":\"2021-05-31T19:39:19+00:00\",\"dateModified\":\"2021-05-31T19:50:29+00:00\",\"breadcrumb\":{\"@id\":\"https:\/\/curiosidadesedicas.com\/loja\/produto\/candeeiro-de-escritorio-led-cira-3w-com-bateria\/#breadcrumb\"},\"inLanguage\":\"pt-PT\",\"potentialAction\":[{\"@type\":\"ReadAction\",\"target\":[\"https:\/\/curiosidadesedicas.com\/loja\/produto\/candeeiro-de-escritorio-led-cira-3w-com-bateria\/\"]}]},{\"@type\":\"ImageObject\",\"inLanguage\":\"pt-PT\",\"@id\":\"https:\/\/curiosidadesedicas.com\/loja\/produto\/candeeiro-de-escritorio-led-cira-3w-com-bateria\/#primaryimage\",\"url\":\"https:\/\/curiosidadesedicas.com\/loja\/wp-content\/uploads\/2021\/05\/flexo-led-cira-3w-con-bateria-5.jpg\",\"contentUrl\":\"https:\/\/curiosidadesedicas.com\/loja\/wp-content\/uploads\/2021\/05\/flexo-led-cira-3w-con-bateria-5.jpg\",\"width\":850,\"height\":850},{\"@type\":\"BreadcrumbList\",\"@id\":\"https:\/\/curiosidadesedicas.com\/loja\/produto\/candeeiro-de-escritorio-led-cira-3w-com-bateria\/#breadcrumb\",\"itemListElement\":[{\"@type\":\"ListItem\",\"position\":1,\"name\":\"In\u00edcio\",\"item\":\"https:\/\/curiosidadesedicas.com\/loja\/\"},{\"@type\":\"ListItem\",\"position\":2,\"name\":\"Produtos\",\"item\":\"https:\/\/curiosidadesedicas.com\/loja\/produtos\/\"},{\"@type\":\"ListItem\",\"position\":3,\"name\":\"CANDEEIRO DE ESCRIT\u00d3RIO LED CIRA 3W COM BATERIA\"}]},{\"@type\":\"WebSite\",\"@id\":\"https:\/\/curiosidadesedicas.com\/loja\/#website\",\"url\":\"https:\/\/curiosidadesedicas.com\/loja\/\",\"name\":\"Curiosidades &amp; Dicas, Lda\",\"description\":\"Apaixonados Por Inova\u00e7\u00e3o\",\"publisher\":{\"@id\":\"https:\/\/curiosidadesedicas.com\/loja\/#organization\"},\"potentialAction\":[{\"@type\":\"SearchAction\",\"target\":{\"@type\":\"EntryPoint\",\"urlTemplate\":\"https:\/\/curiosidadesedicas.com\/loja\/?s={search_term_string}\"},\"query-input\":{\"@type\":\"PropertyValueSpecification\",\"valueRequired\":true,\"valueName\":\"search_term_string\"}}],\"inLanguage\":\"pt-PT\"},{\"@type\":\"Organization\",\"@id\":\"https:\/\/curiosidadesedicas.com\/loja\/#organization\",\"name\":\"Curiosidades & Dicas\",\"url\":\"https:\/\/curiosidadesedicas.com\/loja\/\",\"logo\":{\"@type\":\"ImageObject\",\"inLanguage\":\"pt-PT\",\"@id\":\"https:\/\/curiosidadesedicas.com\/loja\/#\/schema\/logo\/image\/\",\"url\":\"https:\/\/curiosidadesedicas.com\/loja\/wp-content\/uploads\/2020\/05\/LogoCuriosidadesSimples.png\",\"contentUrl\":\"https:\/\/curiosidadesedicas.com\/loja\/wp-content\/uploads\/2020\/05\/LogoCuriosidadesSimples.png\",\"width\":3528,\"height\":804,\"caption\":\"Curiosidades & Dicas\"},\"image\":{\"@id\":\"https:\/\/curiosidadesedicas.com\/loja\/#\/schema\/logo\/image\/\"}}]}<\/script>\n<!-- \/ Yoast SEO plugin. -->","yoast_head_json":{"title":"CANDEEIRO DE ESCRIT\u00d3RIO LED CIRA 3W COM BATERIA - Curiosidades &amp; Dicas, Lda","robots":{"index":"index","follow":"follow","max-snippet":"max-snippet:-1","max-image-preview":"max-image-preview:large","max-video-preview":"max-video-preview:-1"},"canonical":"https:\/\/curiosidadesedicas.com\/loja\/produto\/candeeiro-de-escritorio-led-cira-3w-com-bateria\/","og_locale":"pt_PT","og_type":"article","og_title":"CANDEEIRO DE ESCRIT\u00d3RIO LED CIRA 3W COM BATERIA - Curiosidades &amp; Dicas, Lda","og_description":"A\u00a0Candeeiro de Escrit\u00f3rio LED Cira\u00a03W de pot\u00eancia com design moderno e acabamento em preto e branco, possui regulagem para ajustar a temperatura de cor entre tr\u00eas modos de brilho.  O mastro desta l\u00e2mpada \u00e9 articulado e flex\u00edvel, permitindo assim que se adapte da melhor forma poss\u00edvel \u00e0s condi\u00e7\u00f5es. Podemos usar o\u00a0Candeeiro de Escrit\u00f3rio LED Cira\u00a03W\u00a0em v\u00e1rios espa\u00e7os, como quartos, salas, escrit\u00f3rios, etc.  Carregue aqui e confira toda a gama de candeeiros LED de mesa na AmaroLED, a nossa loja de Ilumina\u00e7\u00e3o LED!  &nbsp;","og_url":"https:\/\/curiosidadesedicas.com\/loja\/produto\/candeeiro-de-escritorio-led-cira-3w-com-bateria\/","og_site_name":"Curiosidades &amp; Dicas, Lda","article_modified_time":"2021-05-31T19:50:29+00:00","og_image":[{"width":850,"height":850,"url":"https:\/\/curiosidadesedicas.com\/loja\/wp-content\/uploads\/2021\/05\/flexo-led-cira-3w-con-bateria-5.jpg","type":"image\/jpeg"}],"twitter_card":"summary_large_image","twitter_misc":{"Tempo estimado de leitura":"1 minuto"},"schema":{"@context":"https:\/\/schema.org","@graph":[{"@type":"WebPage","@id":"https:\/\/curiosidadesedicas.com\/loja\/produto\/candeeiro-de-escritorio-led-cira-3w-com-bateria\/","url":"https:\/\/curiosidadesedicas.com\/loja\/produto\/candeeiro-de-escritorio-led-cira-3w-com-bateria\/","name":"CANDEEIRO DE ESCRIT\u00d3RIO LED CIRA 3W COM BATERIA - Curiosidades &amp; Dicas, Lda","isPartOf":{"@id":"https:\/\/curiosidadesedicas.com\/loja\/#website"},"primaryImageOfPage":{"@id":"https:\/\/curiosidadesedicas.com\/loja\/produto\/candeeiro-de-escritorio-led-cira-3w-com-bateria\/#primaryimage"},"image":{"@id":"https:\/\/curiosidadesedicas.com\/loja\/produto\/candeeiro-de-escritorio-led-cira-3w-com-bateria\/#primaryimage"},"thumbnailUrl":"https:\/\/curiosidadesedicas.com\/loja\/wp-content\/uploads\/2021\/05\/flexo-led-cira-3w-con-bateria-5.jpg","datePublished":"2021-05-31T19:39:19+00:00","dateModified":"2021-05-31T19:50:29+00:00","breadcrumb":{"@id":"https:\/\/curiosidadesedicas.com\/loja\/produto\/candeeiro-de-escritorio-led-cira-3w-com-bateria\/#breadcrumb"},"inLanguage":"pt-PT","potentialAction":[{"@type":"ReadAction","target":["https:\/\/curiosidadesedicas.com\/loja\/produto\/candeeiro-de-escritorio-led-cira-3w-com-bateria\/"]}]},{"@type":"ImageObject","inLanguage":"pt-PT","@id":"https:\/\/curiosidadesedicas.com\/loja\/produto\/candeeiro-de-escritorio-led-cira-3w-com-bateria\/#primaryimage","url":"https:\/\/curiosidadesedicas.com\/loja\/wp-content\/uploads\/2021\/05\/flexo-led-cira-3w-con-bateria-5.jpg","contentUrl":"https:\/\/curiosidadesedicas.com\/loja\/wp-content\/uploads\/2021\/05\/flexo-led-cira-3w-con-bateria-5.jpg","width":850,"height":850},{"@type":"BreadcrumbList","@id":"https:\/\/curiosidadesedicas.com\/loja\/produto\/candeeiro-de-escritorio-led-cira-3w-com-bateria\/#breadcrumb","itemListElement":[{"@type":"ListItem","position":1,"name":"In\u00edcio","item":"https:\/\/curiosidadesedicas.com\/loja\/"},{"@type":"ListItem","position":2,"name":"Produtos","item":"https:\/\/curiosidadesedicas.com\/loja\/produtos\/"},{"@type":"ListItem","position":3,"name":"CANDEEIRO DE ESCRIT\u00d3RIO LED CIRA 3W COM BATERIA"}]},{"@type":"WebSite","@id":"https:\/\/curiosidadesedicas.com\/loja\/#website","url":"https:\/\/curiosidadesedicas.com\/loja\/","name":"Curiosidades &amp; Dicas, Lda","description":"Apaixonados Por Inova\u00e7\u00e3o","publisher":{"@id":"https:\/\/curiosidadesedicas.com\/loja\/#organization"},"potentialAction":[{"@type":"SearchAction","target":{"@type":"EntryPoint","urlTemplate":"https:\/\/curiosidadesedicas.com\/loja\/?s={search_term_string}"},"query-input":{"@type":"PropertyValueSpecification","valueRequired":true,"valueName":"search_term_string"}}],"inLanguage":"pt-PT"},{"@type":"Organization","@id":"https:\/\/curiosidadesedicas.com\/loja\/#organization","name":"Curiosidades & Dicas","url":"https:\/\/curiosidadesedicas.com\/loja\/","logo":{"@type":"ImageObject","inLanguage":"pt-PT","@id":"https:\/\/curiosidadesedicas.com\/loja\/#\/schema\/logo\/image\/","url":"https:\/\/curiosidadesedicas.com\/loja\/wp-content\/uploads\/2020\/05\/LogoCuriosidadesSimples.png","contentUrl":"https:\/\/curiosidadesedicas.com\/loja\/wp-content\/uploads\/2020\/05\/LogoCuriosidadesSimples.png","width":3528,"height":804,"caption":"Curiosidades & Dicas"},"image":{"@id":"https:\/\/curiosidadesedicas.com\/loja\/#\/schema\/logo\/image\/"}}]}},"_links":{"self":[{"href":"https:\/\/curiosidadesedicas.com\/loja\/wp-json\/wp\/v2\/product\/21273","targetHints":{"allow":["GET"]}}],"collection":[{"href":"https:\/\/curiosidadesedicas.com\/loja\/wp-json\/wp\/v2\/product"}],"about":[{"href":"https:\/\/curiosidadesedicas.com\/loja\/wp-json\/wp\/v2\/types\/product"}],"replies":[{"embeddable":true,"href":"https:\/\/curiosidadesedicas.com\/loja\/wp-json\/wp\/v2\/comments?post=21273"}],"wp:featuredmedia":[{"embeddable":true,"href":"https:\/\/curiosidadesedicas.com\/loja\/wp-json\/wp\/v2\/media\/21276"}],"wp:attachment":[{"href":"https:\/\/curiosidadesedicas.com\/loja\/wp-json\/wp\/v2\/media?parent=21273"}],"wp:term":[{"taxonomy":"product_brand","embeddable":true,"href":"https:\/\/curiosidadesedicas.com\/loja\/wp-json\/wp\/v2\/product_brand?post=21273"},{"taxonomy":"product_cat","embeddable":true,"href":"https:\/\/curiosidadesedicas.com\/loja\/wp-json\/wp\/v2\/product_cat?post=21273"},{"taxonomy":"product_tag","embeddable":true,"href":"https:\/\/curiosidadesedicas.com\/loja\/wp-json\/wp\/v2\/product_tag?post=21273"}],"curies":[{"name":"wp","href":"https:\/\/api.w.org\/{rel}","templated":true}]}}