{"id":20688,"date":"2021-03-10T18:35:47","date_gmt":"2021-03-10T18:35:47","guid":{"rendered":"https:\/\/curiosidadesedicas.com\/loja\/?post_type=product&#038;p=20688"},"modified":"2025-03-14T09:42:44","modified_gmt":"2025-03-14T09:42:44","slug":"capa-elastica-p-assento-de-cadeira-estampada-pack-2un","status":"publish","type":"product","link":"https:\/\/curiosidadesedicas.com\/loja\/produto\/capa-elastica-p-assento-de-cadeira-estampada-pack-2un\/","title":{"rendered":"CAPA EL\u00c1STICA P\/ ASSENTO DE CADEIRA ESTAMPADA PACK 2UN"},"content":{"rendered":"<div>\n<p><strong>COMPOSI\u00c7\u00c3O:<br \/>\n<\/strong>60% Poli\u00e9ster &#8211; 35% Algod\u00e3o &#8211; 5% El\u00e1stomero<\/p>\n<p><strong>INSTRU\u00c7\u00d5ES DE LAVAGEM:<\/strong><\/p>\n<p class=\"ww\"><img loading=\"lazy\" decoding=\"async\" title=\"Temperatura m\u00e1xima de lavagem\" src=\"https:\/\/www.capasparasofa.pt\/img\/cms\/i_temperatura.jpg\" alt=\"Temperatura m\u00e1xima de lavagem\" width=\"42\" height=\"42\" \/> <img loading=\"lazy\" decoding=\"async\" title=\"N\u00e3o utilizar lix\u00edvia\" src=\"https:\/\/www.capasparasofa.pt\/img\/cms\/i_no_lejia.jpg\" alt=\"N\u00e3o utilizar lix\u00edvia\" width=\"42\" height=\"42\" \/> <img loading=\"lazy\" decoding=\"async\" title=\"N\u00e3o passar o ferro\" src=\"https:\/\/www.capasparasofa.pt\/img\/cms\/i_no_plancha.jpg\" alt=\"N\u00e3o passar o ferro\" width=\"42\" height=\"42\" \/> <img loading=\"lazy\" decoding=\"async\" title=\"N\u00e3o secar no tambor\" src=\"https:\/\/www.capasparasofa.pt\/img\/cms\/i_no_secadora.jpg\" alt=\"N\u00e3o secar no tambor\" width=\"42\" height=\"42\" \/> <img loading=\"lazy\" decoding=\"async\" title=\"N\u00e3o lavar a seco\" src=\"https:\/\/www.capasparasofa.pt\/img\/cms\/i_no_lavado_seco.jpg\" alt=\"N\u00e3o lavar a seco\" width=\"42\" height=\"42\" \/><\/p>\n<p>100% lav\u00e1vel<\/p>\n<\/div>\n","protected":false},"excerpt":{"rendered":"<ul>\n<li><strong>ATEN\u00c7\u00c3O!<\/strong>\u00a0Em quantidade, obtenha desconto!\u00a0<strong>Contacte-nos: 275 082 502 ou 932 953 992<\/strong><\/li>\n<li>Uma capa el\u00e1stica com uma das melhores rela\u00e7\u00f5es qualidade\/pre\u00e7o do nosso cat\u00e1logo.<\/li>\n<li><strong>De simples coloca\u00e7\u00e3o, capa de uma \u00fanica pe\u00e7a.<\/strong><\/li>\n<li>Cobre o assento da sua cadeira ocultando o antigo estofado.<\/li>\n<li><strong>Variedade de atrativas cores para condizer com a decora\u00e7\u00e3o da sua sala. Com este pre\u00e7o, porqu\u00ea n\u00e3o adquirir duas diferentes para as poder alternar?<\/strong><\/li>\n<li>Apta para lavagem \u00e0 maquina. Fica como nova ap\u00f3s uma lavagem a frio.<\/li>\n<\/ul>\n<p>https:\/\/youtu.be\/eTyqSCAFOJM<\/p>\n<p>Tamanho:<\/p>\n<ul>\n<li><strong>Assento: <\/strong>45x45cm\n<div class=\"right_content_tab\">\n<div class=\"banner_fab_esp\"><\/div>\n<\/div>\n<\/li>\n<\/ul>\n<p>Prazo de entrega: 5 a 8 dias \u00fateis<\/p>\n<p>&nbsp;<\/p>\n<div id=\"more_info_block\" class=\"col-xs-12 col-sm-12 col-md-10\">\n<div id=\"more_info_sheets\" class=\"sheets align_justify\">\n<div class=\"wrapper_content_tab\">\n<div class=\"left_content_tab\">\n<div class=\"content_tab\" data-tab=\"25\"><strong>RECOMENDA\u00c7\u00d5ES:<br \/>\n<\/strong>\u00a0* Lavar separadamente antes de usar cores escuras.<br \/>\n* As cores mostradas nesta apresenta\u00e7\u00e3o podem apresentar varia\u00e7\u00e3o da realidade, devido \u00e0s limita\u00e7\u00f5es das diferentes telas, resolu\u00e7\u00f5es, brilho etc.<\/div>\n<div data-tab=\"25\"><\/div>\n<\/div>\n<div class=\"right_content_tab\">\n<div class=\"banner_fab_esp\">\n<div class=\"fabricado_en_espanya\"><img decoding=\"async\" src=\"https:\/\/www.capasparasofa.pt\/themes\/jm-textil\/img\/\/madeineurope.png\" \/><\/div>\n<\/div>\n<\/div>\n<\/div>\n<\/div>\n<\/div>\n","protected":false},"featured_media":20695,"comment_status":"open","ping_status":"closed","template":"","meta":{"_glsr_average":0,"_glsr_ranking":0,"_glsr_reviews":0},"product_brand":[],"product_cat":[371,374,473],"product_tag":[412],"class_list":{"0":"post-20688","1":"product","2":"type-product","3":"status-publish","4":"has-post-thumbnail","6":"product_cat-capas-protetoras","7":"product_cat-elasticas-p-cadeiras","8":"product_cat-capas-p-assento","9":"product_tag-orinoco","11":"first","12":"instock","13":"taxable","14":"shipping-taxable","15":"purchasable","16":"product-type-variable"},"yoast_head":"<!-- This site is optimized with the Yoast SEO plugin v26.8 - https:\/\/yoast.com\/product\/yoast-seo-wordpress\/ -->\n<title>CAPA EL\u00c1STICA P\/ ASSENTO DE CADEIRA ESTAMPADA PACK 2UN - Curiosidades &amp; Dicas, Lda<\/title>\n<meta name=\"robots\" content=\"index, follow, max-snippet:-1, max-image-preview:large, max-video-preview:-1\" \/>\n<link rel=\"canonical\" href=\"https:\/\/curiosidadesedicas.com\/loja\/produto\/capa-elastica-p-assento-de-cadeira-estampada-pack-2un\/\" \/>\n<meta property=\"og:locale\" content=\"pt_PT\" \/>\n<meta property=\"og:type\" content=\"article\" \/>\n<meta property=\"og:title\" content=\"CAPA EL\u00c1STICA P\/ ASSENTO DE CADEIRA ESTAMPADA PACK 2UN - Curiosidades &amp; Dicas, Lda\" \/>\n<meta property=\"og:description\" content=\"ATEN\u00c7\u00c3O!\u00a0Em quantidade, obtenha desconto!\u00a0Contacte-nos: 275 082 502 ou 932 953 992  Uma capa el\u00e1stica com uma das melhores rela\u00e7\u00f5es qualidade\/pre\u00e7o do nosso cat\u00e1logo.  De simples coloca\u00e7\u00e3o, capa de uma \u00fanica pe\u00e7a.  Cobre o assento da sua cadeira ocultando o antigo estofado.  Variedade de atrativas cores para condizer com a decora\u00e7\u00e3o da sua sala. Com este pre\u00e7o, porqu\u00ea n\u00e3o adquirir duas diferentes para as poder alternar?  Apta para lavagem \u00e0 maquina. Fica como nova ap\u00f3s uma lavagem a frio.  https:\/\/youtu.be\/eTyqSCAFOJM  Tamanho:   Assento: 45x45cm     Prazo de entrega: 5 a 8 dias \u00fateis  &nbsp;     RECOMENDA\u00c7\u00d5ES: \u00a0* Lavar separadamente antes de usar cores escuras. * As cores mostradas nesta apresenta\u00e7\u00e3o podem apresentar varia\u00e7\u00e3o da realidade, devido \u00e0s limita\u00e7\u00f5es das diferentes telas, resolu\u00e7\u00f5es, brilho etc.\" \/>\n<meta property=\"og:url\" content=\"https:\/\/curiosidadesedicas.com\/loja\/produto\/capa-elastica-p-assento-de-cadeira-estampada-pack-2un\/\" \/>\n<meta property=\"og:site_name\" content=\"Curiosidades &amp; Dicas, Lda\" \/>\n<meta property=\"article:modified_time\" content=\"2025-03-14T09:42:44+00:00\" \/>\n<meta property=\"og:image\" content=\"https:\/\/curiosidadesedicas.com\/loja\/wp-content\/uploads\/2021\/03\/azul-e-bordeaux.png\" \/>\n\t<meta property=\"og:image:width\" content=\"780\" \/>\n\t<meta property=\"og:image:height\" content=\"667\" \/>\n\t<meta property=\"og:image:type\" content=\"image\/png\" \/>\n<meta name=\"twitter:card\" content=\"summary_large_image\" \/>\n<meta name=\"twitter:label1\" content=\"Tempo estimado de leitura\" \/>\n\t<meta name=\"twitter:data1\" content=\"2 minutos\" \/>\n<script type=\"application\/ld+json\" class=\"yoast-schema-graph\">{\"@context\":\"https:\/\/schema.org\",\"@graph\":[{\"@type\":\"WebPage\",\"@id\":\"https:\/\/curiosidadesedicas.com\/loja\/produto\/capa-elastica-p-assento-de-cadeira-estampada-pack-2un\/\",\"url\":\"https:\/\/curiosidadesedicas.com\/loja\/produto\/capa-elastica-p-assento-de-cadeira-estampada-pack-2un\/\",\"name\":\"CAPA EL\u00c1STICA P\/ ASSENTO DE CADEIRA ESTAMPADA PACK 2UN - Curiosidades &amp; Dicas, Lda\",\"isPartOf\":{\"@id\":\"https:\/\/curiosidadesedicas.com\/loja\/#website\"},\"primaryImageOfPage\":{\"@id\":\"https:\/\/curiosidadesedicas.com\/loja\/produto\/capa-elastica-p-assento-de-cadeira-estampada-pack-2un\/#primaryimage\"},\"image\":{\"@id\":\"https:\/\/curiosidadesedicas.com\/loja\/produto\/capa-elastica-p-assento-de-cadeira-estampada-pack-2un\/#primaryimage\"},\"thumbnailUrl\":\"https:\/\/curiosidadesedicas.com\/loja\/wp-content\/uploads\/2021\/03\/azul-e-bordeaux.png\",\"datePublished\":\"2021-03-10T18:35:47+00:00\",\"dateModified\":\"2025-03-14T09:42:44+00:00\",\"breadcrumb\":{\"@id\":\"https:\/\/curiosidadesedicas.com\/loja\/produto\/capa-elastica-p-assento-de-cadeira-estampada-pack-2un\/#breadcrumb\"},\"inLanguage\":\"pt-PT\",\"potentialAction\":[{\"@type\":\"ReadAction\",\"target\":[\"https:\/\/curiosidadesedicas.com\/loja\/produto\/capa-elastica-p-assento-de-cadeira-estampada-pack-2un\/\"]}]},{\"@type\":\"ImageObject\",\"inLanguage\":\"pt-PT\",\"@id\":\"https:\/\/curiosidadesedicas.com\/loja\/produto\/capa-elastica-p-assento-de-cadeira-estampada-pack-2un\/#primaryimage\",\"url\":\"https:\/\/curiosidadesedicas.com\/loja\/wp-content\/uploads\/2021\/03\/azul-e-bordeaux.png\",\"contentUrl\":\"https:\/\/curiosidadesedicas.com\/loja\/wp-content\/uploads\/2021\/03\/azul-e-bordeaux.png\",\"width\":780,\"height\":667},{\"@type\":\"BreadcrumbList\",\"@id\":\"https:\/\/curiosidadesedicas.com\/loja\/produto\/capa-elastica-p-assento-de-cadeira-estampada-pack-2un\/#breadcrumb\",\"itemListElement\":[{\"@type\":\"ListItem\",\"position\":1,\"name\":\"In\u00edcio\",\"item\":\"https:\/\/curiosidadesedicas.com\/loja\/\"},{\"@type\":\"ListItem\",\"position\":2,\"name\":\"Produtos\",\"item\":\"https:\/\/curiosidadesedicas.com\/loja\/produtos\/\"},{\"@type\":\"ListItem\",\"position\":3,\"name\":\"CAPA EL\u00c1STICA P\/ ASSENTO DE CADEIRA ESTAMPADA PACK 2UN\"}]},{\"@type\":\"WebSite\",\"@id\":\"https:\/\/curiosidadesedicas.com\/loja\/#website\",\"url\":\"https:\/\/curiosidadesedicas.com\/loja\/\",\"name\":\"Curiosidades &amp; Dicas, Lda\",\"description\":\"Apaixonados Por Inova\u00e7\u00e3o\",\"publisher\":{\"@id\":\"https:\/\/curiosidadesedicas.com\/loja\/#organization\"},\"potentialAction\":[{\"@type\":\"SearchAction\",\"target\":{\"@type\":\"EntryPoint\",\"urlTemplate\":\"https:\/\/curiosidadesedicas.com\/loja\/?s={search_term_string}\"},\"query-input\":{\"@type\":\"PropertyValueSpecification\",\"valueRequired\":true,\"valueName\":\"search_term_string\"}}],\"inLanguage\":\"pt-PT\"},{\"@type\":\"Organization\",\"@id\":\"https:\/\/curiosidadesedicas.com\/loja\/#organization\",\"name\":\"Curiosidades & Dicas\",\"url\":\"https:\/\/curiosidadesedicas.com\/loja\/\",\"logo\":{\"@type\":\"ImageObject\",\"inLanguage\":\"pt-PT\",\"@id\":\"https:\/\/curiosidadesedicas.com\/loja\/#\/schema\/logo\/image\/\",\"url\":\"https:\/\/curiosidadesedicas.com\/loja\/wp-content\/uploads\/2020\/05\/LogoCuriosidadesSimples.png\",\"contentUrl\":\"https:\/\/curiosidadesedicas.com\/loja\/wp-content\/uploads\/2020\/05\/LogoCuriosidadesSimples.png\",\"width\":3528,\"height\":804,\"caption\":\"Curiosidades & Dicas\"},\"image\":{\"@id\":\"https:\/\/curiosidadesedicas.com\/loja\/#\/schema\/logo\/image\/\"}}]}<\/script>\n<!-- \/ Yoast SEO plugin. -->","yoast_head_json":{"title":"CAPA EL\u00c1STICA P\/ ASSENTO DE CADEIRA ESTAMPADA PACK 2UN - Curiosidades &amp; Dicas, Lda","robots":{"index":"index","follow":"follow","max-snippet":"max-snippet:-1","max-image-preview":"max-image-preview:large","max-video-preview":"max-video-preview:-1"},"canonical":"https:\/\/curiosidadesedicas.com\/loja\/produto\/capa-elastica-p-assento-de-cadeira-estampada-pack-2un\/","og_locale":"pt_PT","og_type":"article","og_title":"CAPA EL\u00c1STICA P\/ ASSENTO DE CADEIRA ESTAMPADA PACK 2UN - Curiosidades &amp; Dicas, Lda","og_description":"ATEN\u00c7\u00c3O!\u00a0Em quantidade, obtenha desconto!\u00a0Contacte-nos: 275 082 502 ou 932 953 992  Uma capa el\u00e1stica com uma das melhores rela\u00e7\u00f5es qualidade\/pre\u00e7o do nosso cat\u00e1logo.  De simples coloca\u00e7\u00e3o, capa de uma \u00fanica pe\u00e7a.  Cobre o assento da sua cadeira ocultando o antigo estofado.  Variedade de atrativas cores para condizer com a decora\u00e7\u00e3o da sua sala. Com este pre\u00e7o, porqu\u00ea n\u00e3o adquirir duas diferentes para as poder alternar?  Apta para lavagem \u00e0 maquina. Fica como nova ap\u00f3s uma lavagem a frio.  https:\/\/youtu.be\/eTyqSCAFOJM  Tamanho:   Assento: 45x45cm     Prazo de entrega: 5 a 8 dias \u00fateis  &nbsp;     RECOMENDA\u00c7\u00d5ES: \u00a0* Lavar separadamente antes de usar cores escuras. * As cores mostradas nesta apresenta\u00e7\u00e3o podem apresentar varia\u00e7\u00e3o da realidade, devido \u00e0s limita\u00e7\u00f5es das diferentes telas, resolu\u00e7\u00f5es, brilho etc.","og_url":"https:\/\/curiosidadesedicas.com\/loja\/produto\/capa-elastica-p-assento-de-cadeira-estampada-pack-2un\/","og_site_name":"Curiosidades &amp; Dicas, Lda","article_modified_time":"2025-03-14T09:42:44+00:00","og_image":[{"width":780,"height":667,"url":"https:\/\/curiosidadesedicas.com\/loja\/wp-content\/uploads\/2021\/03\/azul-e-bordeaux.png","type":"image\/png"}],"twitter_card":"summary_large_image","twitter_misc":{"Tempo estimado de leitura":"2 minutos"},"schema":{"@context":"https:\/\/schema.org","@graph":[{"@type":"WebPage","@id":"https:\/\/curiosidadesedicas.com\/loja\/produto\/capa-elastica-p-assento-de-cadeira-estampada-pack-2un\/","url":"https:\/\/curiosidadesedicas.com\/loja\/produto\/capa-elastica-p-assento-de-cadeira-estampada-pack-2un\/","name":"CAPA EL\u00c1STICA P\/ ASSENTO DE CADEIRA ESTAMPADA PACK 2UN - Curiosidades &amp; Dicas, Lda","isPartOf":{"@id":"https:\/\/curiosidadesedicas.com\/loja\/#website"},"primaryImageOfPage":{"@id":"https:\/\/curiosidadesedicas.com\/loja\/produto\/capa-elastica-p-assento-de-cadeira-estampada-pack-2un\/#primaryimage"},"image":{"@id":"https:\/\/curiosidadesedicas.com\/loja\/produto\/capa-elastica-p-assento-de-cadeira-estampada-pack-2un\/#primaryimage"},"thumbnailUrl":"https:\/\/curiosidadesedicas.com\/loja\/wp-content\/uploads\/2021\/03\/azul-e-bordeaux.png","datePublished":"2021-03-10T18:35:47+00:00","dateModified":"2025-03-14T09:42:44+00:00","breadcrumb":{"@id":"https:\/\/curiosidadesedicas.com\/loja\/produto\/capa-elastica-p-assento-de-cadeira-estampada-pack-2un\/#breadcrumb"},"inLanguage":"pt-PT","potentialAction":[{"@type":"ReadAction","target":["https:\/\/curiosidadesedicas.com\/loja\/produto\/capa-elastica-p-assento-de-cadeira-estampada-pack-2un\/"]}]},{"@type":"ImageObject","inLanguage":"pt-PT","@id":"https:\/\/curiosidadesedicas.com\/loja\/produto\/capa-elastica-p-assento-de-cadeira-estampada-pack-2un\/#primaryimage","url":"https:\/\/curiosidadesedicas.com\/loja\/wp-content\/uploads\/2021\/03\/azul-e-bordeaux.png","contentUrl":"https:\/\/curiosidadesedicas.com\/loja\/wp-content\/uploads\/2021\/03\/azul-e-bordeaux.png","width":780,"height":667},{"@type":"BreadcrumbList","@id":"https:\/\/curiosidadesedicas.com\/loja\/produto\/capa-elastica-p-assento-de-cadeira-estampada-pack-2un\/#breadcrumb","itemListElement":[{"@type":"ListItem","position":1,"name":"In\u00edcio","item":"https:\/\/curiosidadesedicas.com\/loja\/"},{"@type":"ListItem","position":2,"name":"Produtos","item":"https:\/\/curiosidadesedicas.com\/loja\/produtos\/"},{"@type":"ListItem","position":3,"name":"CAPA EL\u00c1STICA P\/ ASSENTO DE CADEIRA ESTAMPADA PACK 2UN"}]},{"@type":"WebSite","@id":"https:\/\/curiosidadesedicas.com\/loja\/#website","url":"https:\/\/curiosidadesedicas.com\/loja\/","name":"Curiosidades &amp; Dicas, Lda","description":"Apaixonados Por Inova\u00e7\u00e3o","publisher":{"@id":"https:\/\/curiosidadesedicas.com\/loja\/#organization"},"potentialAction":[{"@type":"SearchAction","target":{"@type":"EntryPoint","urlTemplate":"https:\/\/curiosidadesedicas.com\/loja\/?s={search_term_string}"},"query-input":{"@type":"PropertyValueSpecification","valueRequired":true,"valueName":"search_term_string"}}],"inLanguage":"pt-PT"},{"@type":"Organization","@id":"https:\/\/curiosidadesedicas.com\/loja\/#organization","name":"Curiosidades & Dicas","url":"https:\/\/curiosidadesedicas.com\/loja\/","logo":{"@type":"ImageObject","inLanguage":"pt-PT","@id":"https:\/\/curiosidadesedicas.com\/loja\/#\/schema\/logo\/image\/","url":"https:\/\/curiosidadesedicas.com\/loja\/wp-content\/uploads\/2020\/05\/LogoCuriosidadesSimples.png","contentUrl":"https:\/\/curiosidadesedicas.com\/loja\/wp-content\/uploads\/2020\/05\/LogoCuriosidadesSimples.png","width":3528,"height":804,"caption":"Curiosidades & Dicas"},"image":{"@id":"https:\/\/curiosidadesedicas.com\/loja\/#\/schema\/logo\/image\/"}}]}},"_links":{"self":[{"href":"https:\/\/curiosidadesedicas.com\/loja\/wp-json\/wp\/v2\/product\/20688","targetHints":{"allow":["GET"]}}],"collection":[{"href":"https:\/\/curiosidadesedicas.com\/loja\/wp-json\/wp\/v2\/product"}],"about":[{"href":"https:\/\/curiosidadesedicas.com\/loja\/wp-json\/wp\/v2\/types\/product"}],"replies":[{"embeddable":true,"href":"https:\/\/curiosidadesedicas.com\/loja\/wp-json\/wp\/v2\/comments?post=20688"}],"wp:featuredmedia":[{"embeddable":true,"href":"https:\/\/curiosidadesedicas.com\/loja\/wp-json\/wp\/v2\/media\/20695"}],"wp:attachment":[{"href":"https:\/\/curiosidadesedicas.com\/loja\/wp-json\/wp\/v2\/media?parent=20688"}],"wp:term":[{"taxonomy":"product_brand","embeddable":true,"href":"https:\/\/curiosidadesedicas.com\/loja\/wp-json\/wp\/v2\/product_brand?post=20688"},{"taxonomy":"product_cat","embeddable":true,"href":"https:\/\/curiosidadesedicas.com\/loja\/wp-json\/wp\/v2\/product_cat?post=20688"},{"taxonomy":"product_tag","embeddable":true,"href":"https:\/\/curiosidadesedicas.com\/loja\/wp-json\/wp\/v2\/product_tag?post=20688"}],"curies":[{"name":"wp","href":"https:\/\/api.w.org\/{rel}","templated":true}]}}