{"id":19208,"date":"2020-11-19T13:54:32","date_gmt":"2020-11-19T13:54:32","guid":{"rendered":"https:\/\/curiosidadesedicas.com\/loja\/?post_type=product&#038;p=19208"},"modified":"2021-11-10T14:54:00","modified_gmt":"2021-11-10T14:54:00","slug":"kit-de-3-figura-led-bastao-caramelo","status":"publish","type":"product","link":"https:\/\/curiosidadesedicas.com\/loja\/produto\/kit-de-3-figura-led-bastao-caramelo\/","title":{"rendered":"KIT DE 3 FIGURA LED BAST\u00c3O CARAMELO"},"content":{"rendered":"<p>A figura bast\u00e3o caramelo \u00e9 uma \u00f3tima op\u00e7\u00e3o decorativa. Fa\u00e7a com que a m\u00e1gica do natal apare\u00e7a de forma simples e genu\u00edna.<\/p>\n","protected":false},"excerpt":{"rendered":"<ul>\n<li>Acr\u00edlico transl\u00facido<\/li>\n<li>IP 44 (interior &#8211; exterior)<\/li>\n<li>L\u00e2mpadas n\u00e3o substitu\u00edveis<\/li>\n<li>Cor Branco frio<\/li>\n<li>Transformador: sim<\/li>\n<li>Cabo: Transparente<\/li>\n<li>Dist\u00e2nica entre os bast\u00f5es 1 mts<\/li>\n<li>Alimenta\u00e7\u00e3o: 220 &#8211; 240<\/li>\n<li>Tamanho: 13 x 14 x 61 cm<\/li>\n<\/ul>\n<p><strong>Reservar, esgotado temporariamente: <\/strong><strong>previs\u00e3o de chegada dia 18\/11\/2021.<\/strong><\/p>\n","protected":false},"featured_media":19209,"comment_status":"open","ping_status":"closed","template":"","meta":{"_glsr_average":0,"_glsr_ranking":0,"_glsr_reviews":0},"product_brand":[],"product_cat":[345,348,454,436],"product_tag":[],"class_list":{"0":"post-19208","1":"product","2":"type-product","3":"status-publish","4":"has-post-thumbnail","6":"product_cat-gadgets-led","7":"product_cat-decoracao-led","8":"product_cat-natal","9":"product_cat-gadgets-led-natal","11":"first","12":"instock","13":"taxable","14":"shipping-taxable","15":"purchasable","16":"product-type-simple"},"yoast_head":"<!-- This site is optimized with the Yoast SEO plugin v26.8 - https:\/\/yoast.com\/product\/yoast-seo-wordpress\/ -->\n<title>KIT DE 3 FIGURA LED BAST\u00c3O CARAMELO - Curiosidades &amp; Dicas, Lda<\/title>\n<meta name=\"robots\" content=\"index, follow, max-snippet:-1, max-image-preview:large, max-video-preview:-1\" \/>\n<link rel=\"canonical\" href=\"https:\/\/curiosidadesedicas.com\/loja\/produto\/kit-de-3-figura-led-bastao-caramelo\/\" \/>\n<meta property=\"og:locale\" content=\"pt_PT\" \/>\n<meta property=\"og:type\" content=\"article\" \/>\n<meta property=\"og:title\" content=\"KIT DE 3 FIGURA LED BAST\u00c3O CARAMELO - Curiosidades &amp; Dicas, Lda\" \/>\n<meta property=\"og:description\" content=\"Acr\u00edlico transl\u00facido  IP 44 (interior - exterior)  L\u00e2mpadas n\u00e3o substitu\u00edveis  Cor Branco frio  Transformador: sim  Cabo: Transparente  Dist\u00e2nica entre os bast\u00f5es 1 mts  Alimenta\u00e7\u00e3o: 220 - 240  Tamanho: 13 x 14 x 61 cm  Reservar, esgotado temporariamente: previs\u00e3o de chegada dia 18\/11\/2021.\" \/>\n<meta property=\"og:url\" content=\"https:\/\/curiosidadesedicas.com\/loja\/produto\/kit-de-3-figura-led-bastao-caramelo\/\" \/>\n<meta property=\"og:site_name\" content=\"Curiosidades &amp; Dicas, Lda\" \/>\n<meta property=\"article:modified_time\" content=\"2021-11-10T14:54:00+00:00\" \/>\n<meta property=\"og:image\" content=\"https:\/\/curiosidadesedicas.com\/loja\/wp-content\/uploads\/2020\/11\/KIT-DE-3-FIGURA-LED-BASTAO-CARAMELO-ref.-72005.png\" \/>\n\t<meta property=\"og:image:width\" content=\"732\" \/>\n\t<meta property=\"og:image:height\" content=\"624\" \/>\n\t<meta property=\"og:image:type\" content=\"image\/png\" \/>\n<meta name=\"twitter:card\" content=\"summary_large_image\" \/>\n<script type=\"application\/ld+json\" class=\"yoast-schema-graph\">{\"@context\":\"https:\/\/schema.org\",\"@graph\":[{\"@type\":\"WebPage\",\"@id\":\"https:\/\/curiosidadesedicas.com\/loja\/produto\/kit-de-3-figura-led-bastao-caramelo\/\",\"url\":\"https:\/\/curiosidadesedicas.com\/loja\/produto\/kit-de-3-figura-led-bastao-caramelo\/\",\"name\":\"KIT DE 3 FIGURA LED BAST\u00c3O CARAMELO - Curiosidades &amp; Dicas, Lda\",\"isPartOf\":{\"@id\":\"https:\/\/curiosidadesedicas.com\/loja\/#website\"},\"primaryImageOfPage\":{\"@id\":\"https:\/\/curiosidadesedicas.com\/loja\/produto\/kit-de-3-figura-led-bastao-caramelo\/#primaryimage\"},\"image\":{\"@id\":\"https:\/\/curiosidadesedicas.com\/loja\/produto\/kit-de-3-figura-led-bastao-caramelo\/#primaryimage\"},\"thumbnailUrl\":\"https:\/\/curiosidadesedicas.com\/loja\/wp-content\/uploads\/2020\/11\/KIT-DE-3-FIGURA-LED-BASTAO-CARAMELO-ref.-72005.png\",\"datePublished\":\"2020-11-19T13:54:32+00:00\",\"dateModified\":\"2021-11-10T14:54:00+00:00\",\"breadcrumb\":{\"@id\":\"https:\/\/curiosidadesedicas.com\/loja\/produto\/kit-de-3-figura-led-bastao-caramelo\/#breadcrumb\"},\"inLanguage\":\"pt-PT\",\"potentialAction\":[{\"@type\":\"ReadAction\",\"target\":[\"https:\/\/curiosidadesedicas.com\/loja\/produto\/kit-de-3-figura-led-bastao-caramelo\/\"]}]},{\"@type\":\"ImageObject\",\"inLanguage\":\"pt-PT\",\"@id\":\"https:\/\/curiosidadesedicas.com\/loja\/produto\/kit-de-3-figura-led-bastao-caramelo\/#primaryimage\",\"url\":\"https:\/\/curiosidadesedicas.com\/loja\/wp-content\/uploads\/2020\/11\/KIT-DE-3-FIGURA-LED-BASTAO-CARAMELO-ref.-72005.png\",\"contentUrl\":\"https:\/\/curiosidadesedicas.com\/loja\/wp-content\/uploads\/2020\/11\/KIT-DE-3-FIGURA-LED-BASTAO-CARAMELO-ref.-72005.png\",\"width\":732,\"height\":624},{\"@type\":\"BreadcrumbList\",\"@id\":\"https:\/\/curiosidadesedicas.com\/loja\/produto\/kit-de-3-figura-led-bastao-caramelo\/#breadcrumb\",\"itemListElement\":[{\"@type\":\"ListItem\",\"position\":1,\"name\":\"In\u00edcio\",\"item\":\"https:\/\/curiosidadesedicas.com\/loja\/\"},{\"@type\":\"ListItem\",\"position\":2,\"name\":\"Produtos\",\"item\":\"https:\/\/curiosidadesedicas.com\/loja\/produtos\/\"},{\"@type\":\"ListItem\",\"position\":3,\"name\":\"KIT DE 3 FIGURA LED BAST\u00c3O CARAMELO\"}]},{\"@type\":\"WebSite\",\"@id\":\"https:\/\/curiosidadesedicas.com\/loja\/#website\",\"url\":\"https:\/\/curiosidadesedicas.com\/loja\/\",\"name\":\"Curiosidades &amp; Dicas, Lda\",\"description\":\"Apaixonados Por Inova\u00e7\u00e3o\",\"publisher\":{\"@id\":\"https:\/\/curiosidadesedicas.com\/loja\/#organization\"},\"potentialAction\":[{\"@type\":\"SearchAction\",\"target\":{\"@type\":\"EntryPoint\",\"urlTemplate\":\"https:\/\/curiosidadesedicas.com\/loja\/?s={search_term_string}\"},\"query-input\":{\"@type\":\"PropertyValueSpecification\",\"valueRequired\":true,\"valueName\":\"search_term_string\"}}],\"inLanguage\":\"pt-PT\"},{\"@type\":\"Organization\",\"@id\":\"https:\/\/curiosidadesedicas.com\/loja\/#organization\",\"name\":\"Curiosidades & Dicas\",\"url\":\"https:\/\/curiosidadesedicas.com\/loja\/\",\"logo\":{\"@type\":\"ImageObject\",\"inLanguage\":\"pt-PT\",\"@id\":\"https:\/\/curiosidadesedicas.com\/loja\/#\/schema\/logo\/image\/\",\"url\":\"https:\/\/curiosidadesedicas.com\/loja\/wp-content\/uploads\/2020\/05\/LogoCuriosidadesSimples.png\",\"contentUrl\":\"https:\/\/curiosidadesedicas.com\/loja\/wp-content\/uploads\/2020\/05\/LogoCuriosidadesSimples.png\",\"width\":3528,\"height\":804,\"caption\":\"Curiosidades & Dicas\"},\"image\":{\"@id\":\"https:\/\/curiosidadesedicas.com\/loja\/#\/schema\/logo\/image\/\"}}]}<\/script>\n<!-- \/ Yoast SEO plugin. -->","yoast_head_json":{"title":"KIT DE 3 FIGURA LED BAST\u00c3O CARAMELO - Curiosidades &amp; Dicas, Lda","robots":{"index":"index","follow":"follow","max-snippet":"max-snippet:-1","max-image-preview":"max-image-preview:large","max-video-preview":"max-video-preview:-1"},"canonical":"https:\/\/curiosidadesedicas.com\/loja\/produto\/kit-de-3-figura-led-bastao-caramelo\/","og_locale":"pt_PT","og_type":"article","og_title":"KIT DE 3 FIGURA LED BAST\u00c3O CARAMELO - Curiosidades &amp; Dicas, Lda","og_description":"Acr\u00edlico transl\u00facido  IP 44 (interior - exterior)  L\u00e2mpadas n\u00e3o substitu\u00edveis  Cor Branco frio  Transformador: sim  Cabo: Transparente  Dist\u00e2nica entre os bast\u00f5es 1 mts  Alimenta\u00e7\u00e3o: 220 - 240  Tamanho: 13 x 14 x 61 cm  Reservar, esgotado temporariamente: previs\u00e3o de chegada dia 18\/11\/2021.","og_url":"https:\/\/curiosidadesedicas.com\/loja\/produto\/kit-de-3-figura-led-bastao-caramelo\/","og_site_name":"Curiosidades &amp; Dicas, Lda","article_modified_time":"2021-11-10T14:54:00+00:00","og_image":[{"width":732,"height":624,"url":"https:\/\/curiosidadesedicas.com\/loja\/wp-content\/uploads\/2020\/11\/KIT-DE-3-FIGURA-LED-BASTAO-CARAMELO-ref.-72005.png","type":"image\/png"}],"twitter_card":"summary_large_image","schema":{"@context":"https:\/\/schema.org","@graph":[{"@type":"WebPage","@id":"https:\/\/curiosidadesedicas.com\/loja\/produto\/kit-de-3-figura-led-bastao-caramelo\/","url":"https:\/\/curiosidadesedicas.com\/loja\/produto\/kit-de-3-figura-led-bastao-caramelo\/","name":"KIT DE 3 FIGURA LED BAST\u00c3O CARAMELO - Curiosidades &amp; Dicas, Lda","isPartOf":{"@id":"https:\/\/curiosidadesedicas.com\/loja\/#website"},"primaryImageOfPage":{"@id":"https:\/\/curiosidadesedicas.com\/loja\/produto\/kit-de-3-figura-led-bastao-caramelo\/#primaryimage"},"image":{"@id":"https:\/\/curiosidadesedicas.com\/loja\/produto\/kit-de-3-figura-led-bastao-caramelo\/#primaryimage"},"thumbnailUrl":"https:\/\/curiosidadesedicas.com\/loja\/wp-content\/uploads\/2020\/11\/KIT-DE-3-FIGURA-LED-BASTAO-CARAMELO-ref.-72005.png","datePublished":"2020-11-19T13:54:32+00:00","dateModified":"2021-11-10T14:54:00+00:00","breadcrumb":{"@id":"https:\/\/curiosidadesedicas.com\/loja\/produto\/kit-de-3-figura-led-bastao-caramelo\/#breadcrumb"},"inLanguage":"pt-PT","potentialAction":[{"@type":"ReadAction","target":["https:\/\/curiosidadesedicas.com\/loja\/produto\/kit-de-3-figura-led-bastao-caramelo\/"]}]},{"@type":"ImageObject","inLanguage":"pt-PT","@id":"https:\/\/curiosidadesedicas.com\/loja\/produto\/kit-de-3-figura-led-bastao-caramelo\/#primaryimage","url":"https:\/\/curiosidadesedicas.com\/loja\/wp-content\/uploads\/2020\/11\/KIT-DE-3-FIGURA-LED-BASTAO-CARAMELO-ref.-72005.png","contentUrl":"https:\/\/curiosidadesedicas.com\/loja\/wp-content\/uploads\/2020\/11\/KIT-DE-3-FIGURA-LED-BASTAO-CARAMELO-ref.-72005.png","width":732,"height":624},{"@type":"BreadcrumbList","@id":"https:\/\/curiosidadesedicas.com\/loja\/produto\/kit-de-3-figura-led-bastao-caramelo\/#breadcrumb","itemListElement":[{"@type":"ListItem","position":1,"name":"In\u00edcio","item":"https:\/\/curiosidadesedicas.com\/loja\/"},{"@type":"ListItem","position":2,"name":"Produtos","item":"https:\/\/curiosidadesedicas.com\/loja\/produtos\/"},{"@type":"ListItem","position":3,"name":"KIT DE 3 FIGURA LED BAST\u00c3O CARAMELO"}]},{"@type":"WebSite","@id":"https:\/\/curiosidadesedicas.com\/loja\/#website","url":"https:\/\/curiosidadesedicas.com\/loja\/","name":"Curiosidades &amp; Dicas, Lda","description":"Apaixonados Por Inova\u00e7\u00e3o","publisher":{"@id":"https:\/\/curiosidadesedicas.com\/loja\/#organization"},"potentialAction":[{"@type":"SearchAction","target":{"@type":"EntryPoint","urlTemplate":"https:\/\/curiosidadesedicas.com\/loja\/?s={search_term_string}"},"query-input":{"@type":"PropertyValueSpecification","valueRequired":true,"valueName":"search_term_string"}}],"inLanguage":"pt-PT"},{"@type":"Organization","@id":"https:\/\/curiosidadesedicas.com\/loja\/#organization","name":"Curiosidades & Dicas","url":"https:\/\/curiosidadesedicas.com\/loja\/","logo":{"@type":"ImageObject","inLanguage":"pt-PT","@id":"https:\/\/curiosidadesedicas.com\/loja\/#\/schema\/logo\/image\/","url":"https:\/\/curiosidadesedicas.com\/loja\/wp-content\/uploads\/2020\/05\/LogoCuriosidadesSimples.png","contentUrl":"https:\/\/curiosidadesedicas.com\/loja\/wp-content\/uploads\/2020\/05\/LogoCuriosidadesSimples.png","width":3528,"height":804,"caption":"Curiosidades & Dicas"},"image":{"@id":"https:\/\/curiosidadesedicas.com\/loja\/#\/schema\/logo\/image\/"}}]}},"_links":{"self":[{"href":"https:\/\/curiosidadesedicas.com\/loja\/wp-json\/wp\/v2\/product\/19208","targetHints":{"allow":["GET"]}}],"collection":[{"href":"https:\/\/curiosidadesedicas.com\/loja\/wp-json\/wp\/v2\/product"}],"about":[{"href":"https:\/\/curiosidadesedicas.com\/loja\/wp-json\/wp\/v2\/types\/product"}],"replies":[{"embeddable":true,"href":"https:\/\/curiosidadesedicas.com\/loja\/wp-json\/wp\/v2\/comments?post=19208"}],"wp:featuredmedia":[{"embeddable":true,"href":"https:\/\/curiosidadesedicas.com\/loja\/wp-json\/wp\/v2\/media\/19209"}],"wp:attachment":[{"href":"https:\/\/curiosidadesedicas.com\/loja\/wp-json\/wp\/v2\/media?parent=19208"}],"wp:term":[{"taxonomy":"product_brand","embeddable":true,"href":"https:\/\/curiosidadesedicas.com\/loja\/wp-json\/wp\/v2\/product_brand?post=19208"},{"taxonomy":"product_cat","embeddable":true,"href":"https:\/\/curiosidadesedicas.com\/loja\/wp-json\/wp\/v2\/product_cat?post=19208"},{"taxonomy":"product_tag","embeddable":true,"href":"https:\/\/curiosidadesedicas.com\/loja\/wp-json\/wp\/v2\/product_tag?post=19208"}],"curies":[{"name":"wp","href":"https:\/\/api.w.org\/{rel}","templated":true}]}}