{"id":18369,"date":"2020-09-18T08:37:34","date_gmt":"2020-09-18T08:37:34","guid":{"rendered":"https:\/\/curiosidadesedicas.com\/loja\/?post_type=product&#038;p=18369"},"modified":"2025-03-14T15:45:01","modified_gmt":"2025-03-14T15:45:01","slug":"mesa-multifuncoes","status":"publish","type":"product","link":"https:\/\/curiosidadesedicas.com\/loja\/produto\/mesa-multifuncoes\/","title":{"rendered":"MESA MULTIFUN\u00c7\u00d5ES"},"content":{"rendered":"<p>Apresentamos a nova\u00a0<span class=\"il\">Mesa<\/span>\u00a0Multifun\u00e7\u00f5es, uma nova forma de sentar-se comodamente e ter tudo ao alcance das m\u00e3os. O seu revolucion\u00e1rio desenho em forma de L permite que a\u00a0<span class=\"il\">Mesa<\/span>\u00a0Multifun\u00e7\u00f5es deslize-se facilmente para baixo de qualquer sof\u00e1 ou cadeira.<\/p>\n<p><strong>Como montar a mesa:<\/strong><\/p>\n","protected":false},"excerpt":{"rendered":"<div dir=\"ltr\">\n<div>\n<p>Pode deslizar a <span class=\"il\">Mesa<\/span>\u00a0Multifun\u00e7\u00f5es para baixo da cama e desfrutar do pequeno-almo\u00e7o ou utiliz\u00e1-la no jardim. \u00c9 uma\u00a0<span class=\"il\">mesa<\/span> que se adapta a qualquer cadeira e a qualquer s\u00edtio. Com ela, consegue fazer a manicure sem complica\u00e7\u00f5es.<\/p>\n<div>A\u00a0<span class=\"il\">Mesa<\/span>\u00a0Multifun\u00e7\u00f5es disp\u00f5e de tr\u00eas \u00e2ngulos diferentes e de seis n\u00edveis de altura: \u00e9 uma\u00a0<span class=\"il\">mesa<\/span>\u00a0super adapt\u00e1vel! Isso significa que a pode personalizar para que se ajuste perfeitamente \u00e0s suas necessidades. Agora poder\u00e1 sentar-te no sof\u00e1 e trabalhar com conforto.<\/div>\n<div><\/div>\n<div>A sua borda frontal evita que o port\u00e1til caia. Tem, ainda, um suporte vertical para que o tablet e\/ou o telem\u00f3vel estejam sempre ao seu alcance. N\u00e3o importa o tamanho do tablet, poder\u00e1 ver os seus v\u00eddeos tranquilamente. Al\u00e9m disso, o seu desenho anti-derramamento impede que qualquer l\u00edquido caia para o ch\u00e3o.<\/div>\n<div><\/div>\n<div>\u00c9 uma\u00a0<span class=\"il\">mesa<\/span>\u00a0leve, por\u00e9m muito s\u00f3lida. Desliza-se com uma s\u00f3 m\u00e3o. Poder\u00e1 aproxim\u00e1-la a si para uma comodidade total. E, se ajust\u00e1-la \u00e0 altura adequada, os mi\u00fados poder\u00e3o usar a\u00a0<span class=\"il\">Mesa<\/span>\u00a0Multifun\u00e7\u00f5es para comer, desenhar ou ver v\u00eddeos no tablet.<\/div>\n<div><\/div>\n<div>Pode agrupar v\u00e1rias\u00a0<span class=\"il\">Mesas<\/span>\u00a0Multifun\u00e7\u00f5es ou dobrar a sua\u00a0<span class=\"il\">mesa<\/span>\u00a0para guard\u00e1-la em qualquer s\u00edtio. Sente-se como sempre desejou com a\u00a0<span class=\"il\">Mesa<\/span>\u00a0Multifun\u00e7\u00f5es, a\u00a0<span class=\"il\">mesa<\/span>\u00a0que se adapta para que sempre a tenha por perto!<\/div>\n<\/div>\n<\/div>\n<ul>\n<li>Dimens\u00f5es: 52 cm largura x 77 cm altura x 40 cm profundidade<\/li>\n<\/ul>\n","protected":false},"featured_media":30811,"comment_status":"open","ping_status":"closed","template":"","meta":{"_glsr_average":0,"_glsr_ranking":0,"_glsr_reviews":0},"product_brand":[],"product_cat":[350,422,420,365,421],"product_tag":[],"class_list":{"0":"post-18369","1":"product","2":"type-product","3":"status-publish","4":"has-post-thumbnail","6":"product_cat-gadgets","7":"product_cat-p-portatil","8":"product_cat-p-trabalho","9":"product_cat-para-o-lar","10":"product_cat-arrumacao","12":"first","13":"instock","14":"taxable","15":"shipping-taxable","16":"purchasable","17":"product-type-simple"},"yoast_head":"<!-- This site is optimized with the Yoast SEO plugin v26.8 - https:\/\/yoast.com\/product\/yoast-seo-wordpress\/ -->\n<title>MESA MULTIFUN\u00c7\u00d5ES - Curiosidades &amp; Dicas, Lda<\/title>\n<meta name=\"robots\" content=\"index, follow, max-snippet:-1, max-image-preview:large, max-video-preview:-1\" \/>\n<link rel=\"canonical\" href=\"https:\/\/curiosidadesedicas.com\/loja\/produto\/mesa-multifuncoes\/\" \/>\n<meta property=\"og:locale\" content=\"pt_PT\" \/>\n<meta property=\"og:type\" content=\"article\" \/>\n<meta property=\"og:title\" content=\"MESA MULTIFUN\u00c7\u00d5ES - Curiosidades &amp; Dicas, Lda\" \/>\n<meta property=\"og:description\" content=\"Pode deslizar a Mesa\u00a0Multifun\u00e7\u00f5es para baixo da cama e desfrutar do pequeno-almo\u00e7o ou utiliz\u00e1-la no jardim. \u00c9 uma\u00a0mesa que se adapta a qualquer cadeira e a qualquer s\u00edtio. Com ela, consegue fazer a manicure sem complica\u00e7\u00f5es. A\u00a0Mesa\u00a0Multifun\u00e7\u00f5es disp\u00f5e de tr\u00eas \u00e2ngulos diferentes e de seis n\u00edveis de altura: \u00e9 uma\u00a0mesa\u00a0super adapt\u00e1vel! Isso significa que a pode personalizar para que se ajuste perfeitamente \u00e0s suas necessidades. Agora poder\u00e1 sentar-te no sof\u00e1 e trabalhar com conforto.  A sua borda frontal evita que o port\u00e1til caia. Tem, ainda, um suporte vertical para que o tablet e\/ou o telem\u00f3vel estejam sempre ao seu alcance. N\u00e3o importa o tamanho do tablet, poder\u00e1 ver os seus v\u00eddeos tranquilamente. Al\u00e9m disso, o seu desenho anti-derramamento impede que qualquer l\u00edquido caia para o ch\u00e3o.  \u00c9 uma\u00a0mesa\u00a0leve, por\u00e9m muito s\u00f3lida. Desliza-se com uma s\u00f3 m\u00e3o. Poder\u00e1 aproxim\u00e1-la a si para uma comodidade total. E, se ajust\u00e1-la \u00e0 altura adequada, os mi\u00fados poder\u00e3o usar a\u00a0Mesa\u00a0Multifun\u00e7\u00f5es para comer, desenhar ou ver v\u00eddeos no tablet.  Pode agrupar v\u00e1rias\u00a0Mesas\u00a0Multifun\u00e7\u00f5es ou dobrar a sua\u00a0mesa\u00a0para guard\u00e1-la em qualquer s\u00edtio. Sente-se como sempre desejou com a\u00a0Mesa\u00a0Multifun\u00e7\u00f5es, a\u00a0mesa\u00a0que se adapta para que sempre a tenha por perto!     Dimens\u00f5es: 52 cm largura x 77 cm altura x 40 cm profundidade\" \/>\n<meta property=\"og:url\" content=\"https:\/\/curiosidadesedicas.com\/loja\/produto\/mesa-multifuncoes\/\" \/>\n<meta property=\"og:site_name\" content=\"Curiosidades &amp; Dicas, Lda\" \/>\n<meta property=\"article:modified_time\" content=\"2025-03-14T15:45:01+00:00\" \/>\n<meta property=\"og:image\" content=\"https:\/\/curiosidadesedicas.com\/loja\/wp-content\/uploads\/2020\/09\/mesa-auxiliar-dobravel-multiposicoes-foldy-table-innovagoods_145320.jpg\" \/>\n\t<meta property=\"og:image:width\" content=\"600\" \/>\n\t<meta property=\"og:image:height\" content=\"600\" \/>\n\t<meta property=\"og:image:type\" content=\"image\/jpeg\" \/>\n<meta name=\"twitter:card\" content=\"summary_large_image\" \/>\n<meta name=\"twitter:label1\" content=\"Tempo estimado de leitura\" \/>\n\t<meta name=\"twitter:data1\" content=\"1 minuto\" \/>\n<script type=\"application\/ld+json\" class=\"yoast-schema-graph\">{\"@context\":\"https:\/\/schema.org\",\"@graph\":[{\"@type\":\"WebPage\",\"@id\":\"https:\/\/curiosidadesedicas.com\/loja\/produto\/mesa-multifuncoes\/\",\"url\":\"https:\/\/curiosidadesedicas.com\/loja\/produto\/mesa-multifuncoes\/\",\"name\":\"MESA MULTIFUN\u00c7\u00d5ES - Curiosidades &amp; Dicas, Lda\",\"isPartOf\":{\"@id\":\"https:\/\/curiosidadesedicas.com\/loja\/#website\"},\"primaryImageOfPage\":{\"@id\":\"https:\/\/curiosidadesedicas.com\/loja\/produto\/mesa-multifuncoes\/#primaryimage\"},\"image\":{\"@id\":\"https:\/\/curiosidadesedicas.com\/loja\/produto\/mesa-multifuncoes\/#primaryimage\"},\"thumbnailUrl\":\"https:\/\/curiosidadesedicas.com\/loja\/wp-content\/uploads\/2020\/09\/mesa-auxiliar-dobravel-multiposicoes-foldy-table-innovagoods_145320.jpg\",\"datePublished\":\"2020-09-18T08:37:34+00:00\",\"dateModified\":\"2025-03-14T15:45:01+00:00\",\"breadcrumb\":{\"@id\":\"https:\/\/curiosidadesedicas.com\/loja\/produto\/mesa-multifuncoes\/#breadcrumb\"},\"inLanguage\":\"pt-PT\",\"potentialAction\":[{\"@type\":\"ReadAction\",\"target\":[\"https:\/\/curiosidadesedicas.com\/loja\/produto\/mesa-multifuncoes\/\"]}]},{\"@type\":\"ImageObject\",\"inLanguage\":\"pt-PT\",\"@id\":\"https:\/\/curiosidadesedicas.com\/loja\/produto\/mesa-multifuncoes\/#primaryimage\",\"url\":\"https:\/\/curiosidadesedicas.com\/loja\/wp-content\/uploads\/2020\/09\/mesa-auxiliar-dobravel-multiposicoes-foldy-table-innovagoods_145320.jpg\",\"contentUrl\":\"https:\/\/curiosidadesedicas.com\/loja\/wp-content\/uploads\/2020\/09\/mesa-auxiliar-dobravel-multiposicoes-foldy-table-innovagoods_145320.jpg\",\"width\":600,\"height\":600},{\"@type\":\"BreadcrumbList\",\"@id\":\"https:\/\/curiosidadesedicas.com\/loja\/produto\/mesa-multifuncoes\/#breadcrumb\",\"itemListElement\":[{\"@type\":\"ListItem\",\"position\":1,\"name\":\"In\u00edcio\",\"item\":\"https:\/\/curiosidadesedicas.com\/loja\/\"},{\"@type\":\"ListItem\",\"position\":2,\"name\":\"Produtos\",\"item\":\"https:\/\/curiosidadesedicas.com\/loja\/produtos\/\"},{\"@type\":\"ListItem\",\"position\":3,\"name\":\"MESA MULTIFUN\u00c7\u00d5ES\"}]},{\"@type\":\"WebSite\",\"@id\":\"https:\/\/curiosidadesedicas.com\/loja\/#website\",\"url\":\"https:\/\/curiosidadesedicas.com\/loja\/\",\"name\":\"Curiosidades &amp; Dicas, Lda\",\"description\":\"Apaixonados Por Inova\u00e7\u00e3o\",\"publisher\":{\"@id\":\"https:\/\/curiosidadesedicas.com\/loja\/#organization\"},\"potentialAction\":[{\"@type\":\"SearchAction\",\"target\":{\"@type\":\"EntryPoint\",\"urlTemplate\":\"https:\/\/curiosidadesedicas.com\/loja\/?s={search_term_string}\"},\"query-input\":{\"@type\":\"PropertyValueSpecification\",\"valueRequired\":true,\"valueName\":\"search_term_string\"}}],\"inLanguage\":\"pt-PT\"},{\"@type\":\"Organization\",\"@id\":\"https:\/\/curiosidadesedicas.com\/loja\/#organization\",\"name\":\"Curiosidades & Dicas\",\"url\":\"https:\/\/curiosidadesedicas.com\/loja\/\",\"logo\":{\"@type\":\"ImageObject\",\"inLanguage\":\"pt-PT\",\"@id\":\"https:\/\/curiosidadesedicas.com\/loja\/#\/schema\/logo\/image\/\",\"url\":\"https:\/\/curiosidadesedicas.com\/loja\/wp-content\/uploads\/2020\/05\/LogoCuriosidadesSimples.png\",\"contentUrl\":\"https:\/\/curiosidadesedicas.com\/loja\/wp-content\/uploads\/2020\/05\/LogoCuriosidadesSimples.png\",\"width\":3528,\"height\":804,\"caption\":\"Curiosidades & Dicas\"},\"image\":{\"@id\":\"https:\/\/curiosidadesedicas.com\/loja\/#\/schema\/logo\/image\/\"}}]}<\/script>\n<!-- \/ Yoast SEO plugin. -->","yoast_head_json":{"title":"MESA MULTIFUN\u00c7\u00d5ES - Curiosidades &amp; Dicas, Lda","robots":{"index":"index","follow":"follow","max-snippet":"max-snippet:-1","max-image-preview":"max-image-preview:large","max-video-preview":"max-video-preview:-1"},"canonical":"https:\/\/curiosidadesedicas.com\/loja\/produto\/mesa-multifuncoes\/","og_locale":"pt_PT","og_type":"article","og_title":"MESA MULTIFUN\u00c7\u00d5ES - Curiosidades &amp; Dicas, Lda","og_description":"Pode deslizar a Mesa\u00a0Multifun\u00e7\u00f5es para baixo da cama e desfrutar do pequeno-almo\u00e7o ou utiliz\u00e1-la no jardim. \u00c9 uma\u00a0mesa que se adapta a qualquer cadeira e a qualquer s\u00edtio. Com ela, consegue fazer a manicure sem complica\u00e7\u00f5es. A\u00a0Mesa\u00a0Multifun\u00e7\u00f5es disp\u00f5e de tr\u00eas \u00e2ngulos diferentes e de seis n\u00edveis de altura: \u00e9 uma\u00a0mesa\u00a0super adapt\u00e1vel! Isso significa que a pode personalizar para que se ajuste perfeitamente \u00e0s suas necessidades. Agora poder\u00e1 sentar-te no sof\u00e1 e trabalhar com conforto.  A sua borda frontal evita que o port\u00e1til caia. Tem, ainda, um suporte vertical para que o tablet e\/ou o telem\u00f3vel estejam sempre ao seu alcance. N\u00e3o importa o tamanho do tablet, poder\u00e1 ver os seus v\u00eddeos tranquilamente. Al\u00e9m disso, o seu desenho anti-derramamento impede que qualquer l\u00edquido caia para o ch\u00e3o.  \u00c9 uma\u00a0mesa\u00a0leve, por\u00e9m muito s\u00f3lida. Desliza-se com uma s\u00f3 m\u00e3o. Poder\u00e1 aproxim\u00e1-la a si para uma comodidade total. E, se ajust\u00e1-la \u00e0 altura adequada, os mi\u00fados poder\u00e3o usar a\u00a0Mesa\u00a0Multifun\u00e7\u00f5es para comer, desenhar ou ver v\u00eddeos no tablet.  Pode agrupar v\u00e1rias\u00a0Mesas\u00a0Multifun\u00e7\u00f5es ou dobrar a sua\u00a0mesa\u00a0para guard\u00e1-la em qualquer s\u00edtio. Sente-se como sempre desejou com a\u00a0Mesa\u00a0Multifun\u00e7\u00f5es, a\u00a0mesa\u00a0que se adapta para que sempre a tenha por perto!     Dimens\u00f5es: 52 cm largura x 77 cm altura x 40 cm profundidade","og_url":"https:\/\/curiosidadesedicas.com\/loja\/produto\/mesa-multifuncoes\/","og_site_name":"Curiosidades &amp; Dicas, Lda","article_modified_time":"2025-03-14T15:45:01+00:00","og_image":[{"width":600,"height":600,"url":"https:\/\/curiosidadesedicas.com\/loja\/wp-content\/uploads\/2020\/09\/mesa-auxiliar-dobravel-multiposicoes-foldy-table-innovagoods_145320.jpg","type":"image\/jpeg"}],"twitter_card":"summary_large_image","twitter_misc":{"Tempo estimado de leitura":"1 minuto"},"schema":{"@context":"https:\/\/schema.org","@graph":[{"@type":"WebPage","@id":"https:\/\/curiosidadesedicas.com\/loja\/produto\/mesa-multifuncoes\/","url":"https:\/\/curiosidadesedicas.com\/loja\/produto\/mesa-multifuncoes\/","name":"MESA MULTIFUN\u00c7\u00d5ES - Curiosidades &amp; Dicas, Lda","isPartOf":{"@id":"https:\/\/curiosidadesedicas.com\/loja\/#website"},"primaryImageOfPage":{"@id":"https:\/\/curiosidadesedicas.com\/loja\/produto\/mesa-multifuncoes\/#primaryimage"},"image":{"@id":"https:\/\/curiosidadesedicas.com\/loja\/produto\/mesa-multifuncoes\/#primaryimage"},"thumbnailUrl":"https:\/\/curiosidadesedicas.com\/loja\/wp-content\/uploads\/2020\/09\/mesa-auxiliar-dobravel-multiposicoes-foldy-table-innovagoods_145320.jpg","datePublished":"2020-09-18T08:37:34+00:00","dateModified":"2025-03-14T15:45:01+00:00","breadcrumb":{"@id":"https:\/\/curiosidadesedicas.com\/loja\/produto\/mesa-multifuncoes\/#breadcrumb"},"inLanguage":"pt-PT","potentialAction":[{"@type":"ReadAction","target":["https:\/\/curiosidadesedicas.com\/loja\/produto\/mesa-multifuncoes\/"]}]},{"@type":"ImageObject","inLanguage":"pt-PT","@id":"https:\/\/curiosidadesedicas.com\/loja\/produto\/mesa-multifuncoes\/#primaryimage","url":"https:\/\/curiosidadesedicas.com\/loja\/wp-content\/uploads\/2020\/09\/mesa-auxiliar-dobravel-multiposicoes-foldy-table-innovagoods_145320.jpg","contentUrl":"https:\/\/curiosidadesedicas.com\/loja\/wp-content\/uploads\/2020\/09\/mesa-auxiliar-dobravel-multiposicoes-foldy-table-innovagoods_145320.jpg","width":600,"height":600},{"@type":"BreadcrumbList","@id":"https:\/\/curiosidadesedicas.com\/loja\/produto\/mesa-multifuncoes\/#breadcrumb","itemListElement":[{"@type":"ListItem","position":1,"name":"In\u00edcio","item":"https:\/\/curiosidadesedicas.com\/loja\/"},{"@type":"ListItem","position":2,"name":"Produtos","item":"https:\/\/curiosidadesedicas.com\/loja\/produtos\/"},{"@type":"ListItem","position":3,"name":"MESA MULTIFUN\u00c7\u00d5ES"}]},{"@type":"WebSite","@id":"https:\/\/curiosidadesedicas.com\/loja\/#website","url":"https:\/\/curiosidadesedicas.com\/loja\/","name":"Curiosidades &amp; Dicas, Lda","description":"Apaixonados Por Inova\u00e7\u00e3o","publisher":{"@id":"https:\/\/curiosidadesedicas.com\/loja\/#organization"},"potentialAction":[{"@type":"SearchAction","target":{"@type":"EntryPoint","urlTemplate":"https:\/\/curiosidadesedicas.com\/loja\/?s={search_term_string}"},"query-input":{"@type":"PropertyValueSpecification","valueRequired":true,"valueName":"search_term_string"}}],"inLanguage":"pt-PT"},{"@type":"Organization","@id":"https:\/\/curiosidadesedicas.com\/loja\/#organization","name":"Curiosidades & Dicas","url":"https:\/\/curiosidadesedicas.com\/loja\/","logo":{"@type":"ImageObject","inLanguage":"pt-PT","@id":"https:\/\/curiosidadesedicas.com\/loja\/#\/schema\/logo\/image\/","url":"https:\/\/curiosidadesedicas.com\/loja\/wp-content\/uploads\/2020\/05\/LogoCuriosidadesSimples.png","contentUrl":"https:\/\/curiosidadesedicas.com\/loja\/wp-content\/uploads\/2020\/05\/LogoCuriosidadesSimples.png","width":3528,"height":804,"caption":"Curiosidades & Dicas"},"image":{"@id":"https:\/\/curiosidadesedicas.com\/loja\/#\/schema\/logo\/image\/"}}]}},"_links":{"self":[{"href":"https:\/\/curiosidadesedicas.com\/loja\/wp-json\/wp\/v2\/product\/18369","targetHints":{"allow":["GET"]}}],"collection":[{"href":"https:\/\/curiosidadesedicas.com\/loja\/wp-json\/wp\/v2\/product"}],"about":[{"href":"https:\/\/curiosidadesedicas.com\/loja\/wp-json\/wp\/v2\/types\/product"}],"replies":[{"embeddable":true,"href":"https:\/\/curiosidadesedicas.com\/loja\/wp-json\/wp\/v2\/comments?post=18369"}],"wp:featuredmedia":[{"embeddable":true,"href":"https:\/\/curiosidadesedicas.com\/loja\/wp-json\/wp\/v2\/media\/30811"}],"wp:attachment":[{"href":"https:\/\/curiosidadesedicas.com\/loja\/wp-json\/wp\/v2\/media?parent=18369"}],"wp:term":[{"taxonomy":"product_brand","embeddable":true,"href":"https:\/\/curiosidadesedicas.com\/loja\/wp-json\/wp\/v2\/product_brand?post=18369"},{"taxonomy":"product_cat","embeddable":true,"href":"https:\/\/curiosidadesedicas.com\/loja\/wp-json\/wp\/v2\/product_cat?post=18369"},{"taxonomy":"product_tag","embeddable":true,"href":"https:\/\/curiosidadesedicas.com\/loja\/wp-json\/wp\/v2\/product_tag?post=18369"}],"curies":[{"name":"wp","href":"https:\/\/api.w.org\/{rel}","templated":true}]}}