{"id":18065,"date":"2020-08-31T13:47:53","date_gmt":"2020-08-31T13:47:53","guid":{"rendered":"https:\/\/curiosidadesedicas.com\/loja\/?post_type=product&#038;p=18065"},"modified":"2020-08-31T13:47:53","modified_gmt":"2020-08-31T13:47:53","slug":"pack-4-focos-led-com-espeto-e-carregador-solar-ip65-4w","status":"publish","type":"product","link":"https:\/\/curiosidadesedicas.com\/loja\/produto\/pack-4-focos-led-com-espeto-e-carregador-solar-ip65-4w\/","title":{"rendered":"PACK 4 FOCOS LED COM ESPETO E CARREGADOR SOLAR IP65 4W"},"content":{"rendered":"<p align=\"justify\">Vem equipado com um carregador solar, que lhe permitir\u00e1 situ\u00e1-los em qualquer espa\u00e7o sem necessidade de ter que conectar \u00e1 rede el\u00e9ctrica com uma\u00a0<strong>autonomia de entre 15 e 30 horas<\/strong>\u00a0que se carregar\u00e1 quando detecte radia\u00e7\u00e3o solar.<\/p>\n<p align=\"justify\">Perfeito para espa\u00e7os exteriores,\u00a0<b>permitir-lhe-\u00e1 poder estabelecer 4 pontos de luz diferentes<\/b>\u00a0para dar-lhe um toque personalizado ao espa\u00e7o. Resulta, por tanto, perfeito como uma ilumina\u00e7\u00e3o decorativa ou de balizamento de jardins, caminhos, entradas e p\u00e1tios.<\/p>\n<table class=\"woocommerce-product-attributes shop_attributes\">\n<tbody>\n<tr class=\"woocommerce-product-attributes-item woocommerce-product-attributes-item--attribute_pot%c3%aancia\">\n<th class=\"woocommerce-product-attributes-item__label\">Pot\u00eancia:<\/th>\n<td class=\"woocommerce-product-attributes-item__value\">4 W<\/td>\n<\/tr>\n<tr class=\"woocommerce-product-attributes-item woocommerce-product-attributes-item--attribute_factor-de-pot%c3%aancia-fp\">\n<th class=\"woocommerce-product-attributes-item__label\">Factor de Pot\u00eancia (FP):<\/th>\n<td class=\"woocommerce-product-attributes-item__value\">0.90<\/td>\n<\/tr>\n<tr class=\"woocommerce-product-attributes-item woocommerce-product-attributes-item--attribute_intensidade\">\n<th class=\"woocommerce-product-attributes-item__label\">Intensidade:<\/th>\n<td class=\"woocommerce-product-attributes-item__value\">600 mA<\/td>\n<\/tr>\n<tr class=\"woocommerce-product-attributes-item woocommerce-product-attributes-item--attribute_classe-isolamento-el%c3%a9trico\">\n<th class=\"woocommerce-product-attributes-item__label\">Classe Isolamento El\u00e9trico:<\/th>\n<td class=\"woocommerce-product-attributes-item__value\">I<\/td>\n<\/tr>\n<tr class=\"woocommerce-product-attributes-item woocommerce-product-attributes-item--attribute_luminosidade\">\n<th class=\"woocommerce-product-attributes-item__label\">Luminosidade:<\/th>\n<td class=\"woocommerce-product-attributes-item__value\">400 lm<\/td>\n<\/tr>\n<tr class=\"woocommerce-product-attributes-item woocommerce-product-attributes-item--attribute_fonte-luminosa\">\n<th class=\"woocommerce-product-attributes-item__label\">Fonte luminosa:<\/th>\n<td class=\"woocommerce-product-attributes-item__value\">Epistar LED Chip<\/td>\n<\/tr>\n<tr class=\"woocommerce-product-attributes-item woocommerce-product-attributes-item--attribute_quantidade-de-leds\">\n<th class=\"woocommerce-product-attributes-item__label\">Quantidade de LEDs:<\/th>\n<td class=\"woocommerce-product-attributes-item__value\">1<\/td>\n<\/tr>\n<tr class=\"woocommerce-product-attributes-item woocommerce-product-attributes-item--attribute_pa_temperatura-de-cor\">\n<th class=\"woocommerce-product-attributes-item__label\">Temperatura de cor<\/th>\n<td class=\"woocommerce-product-attributes-item__value\">2700K \u2013 3200K<\/td>\n<\/tr>\n<tr class=\"woocommerce-product-attributes-item woocommerce-product-attributes-item--attribute_classe-energ%c3%a9tica\">\n<th class=\"woocommerce-product-attributes-item__label\">Classe Energ\u00e9tica:<\/th>\n<td class=\"woocommerce-product-attributes-item__value\">A++<\/td>\n<\/tr>\n<tr class=\"woocommerce-product-attributes-item woocommerce-product-attributes-item--attribute_%c3%a1ngulo-de-abertura\">\n<th class=\"woocommerce-product-attributes-item__label\">\u00c1ngulo de Abertura:<\/th>\n<td class=\"woocommerce-product-attributes-item__value\">120\u00ba<\/td>\n<\/tr>\n<tr class=\"woocommerce-product-attributes-item woocommerce-product-attributes-item--attribute_cri\">\n<th class=\"woocommerce-product-attributes-item__label\">CRI:<\/th>\n<td class=\"woocommerce-product-attributes-item__value\">75<\/td>\n<\/tr>\n<tr class=\"woocommerce-product-attributes-item woocommerce-product-attributes-item--attribute_dimens%c3%b5es\">\n<th class=\"woocommerce-product-attributes-item__label\">Dimens\u00f5es<\/th>\n<td class=\"woocommerce-product-attributes-item__value\">\u00d843x85x250 mm<\/td>\n<\/tr>\n<tr class=\"woocommerce-product-attributes-item woocommerce-product-attributes-item--attribute_inclu%c3%addo\">\n<th class=\"woocommerce-product-attributes-item__label\">Inclu\u00eddo:<\/th>\n<td class=\"woocommerce-product-attributes-item__value\">Controle Remoto IR<\/td>\n<\/tr>\n<tr class=\"woocommerce-product-attributes-item woocommerce-product-attributes-item--attribute_material\">\n<th class=\"woocommerce-product-attributes-item__label\">Material<\/th>\n<td class=\"woocommerce-product-attributes-item__value\">Alum\u00ednio<\/td>\n<\/tr>\n<tr class=\"woocommerce-product-attributes-item woocommerce-product-attributes-item--attribute_prote%c3%a7%c3%a3o-ip\">\n<th class=\"woocommerce-product-attributes-item__label\">Prote\u00e7\u00e3o IP:<\/th>\n<td class=\"woocommerce-product-attributes-item__value\">IP65<\/td>\n<\/tr>\n<tr class=\"woocommerce-product-attributes-item woocommerce-product-attributes-item--attribute_prote%c3%a7%c3%a3o-ik\">\n<th class=\"woocommerce-product-attributes-item__label\">Prote\u00e7\u00e3o IK:<\/th>\n<td class=\"woocommerce-product-attributes-item__value\">IK08<\/td>\n<\/tr>\n<tr class=\"woocommerce-product-attributes-item woocommerce-product-attributes-item--attribute_uso\">\n<th class=\"woocommerce-product-attributes-item__label\">Uso:<\/th>\n<td class=\"woocommerce-product-attributes-item__value\">Exterior<\/td>\n<\/tr>\n<tr class=\"woocommerce-product-attributes-item woocommerce-product-attributes-item--attribute_instala%c3%a7%c3%a3o\">\n<th class=\"woocommerce-product-attributes-item__label\">Instala\u00e7\u00e3o:<\/th>\n<td class=\"woocommerce-product-attributes-item__value\">Espeto<\/td>\n<\/tr>\n<tr class=\"woocommerce-product-attributes-item woocommerce-product-attributes-item--attribute_especial\">\n<th class=\"woocommerce-product-attributes-item__label\">Especial:<\/th>\n<td class=\"woocommerce-product-attributes-item__value\">Solar<\/td>\n<\/tr>\n<tr class=\"woocommerce-product-attributes-item woocommerce-product-attributes-item--attribute_bateria\">\n<th class=\"woocommerce-product-attributes-item__label\">Bateria:<\/th>\n<td class=\"woocommerce-product-attributes-item__value\">2.200 mAh<\/td>\n<\/tr>\n<tr class=\"woocommerce-product-attributes-item woocommerce-product-attributes-item--attribute_autonomia\">\n<th class=\"woocommerce-product-attributes-item__label\">Autonomia:<\/th>\n<td class=\"woocommerce-product-attributes-item__value\">15-30 h<\/td>\n<\/tr>\n<tr class=\"woocommerce-product-attributes-item woocommerce-product-attributes-item--attribute_garantia\">\n<th class=\"woocommerce-product-attributes-item__label\">Garantia:<\/th>\n<td class=\"woocommerce-product-attributes-item__value\">2 Anos<\/td>\n<\/tr>\n<tr class=\"woocommerce-product-attributes-item woocommerce-product-attributes-item--attribute_vida-%c3%batil\">\n<th class=\"woocommerce-product-attributes-item__label\">Vida \u00datil:<\/th>\n<td class=\"woocommerce-product-attributes-item__value\">30.000 Horas<\/td>\n<\/tr>\n<tr class=\"woocommerce-product-attributes-item woocommerce-product-attributes-item--attribute_temp-de-trabalho\">\n<th class=\"woocommerce-product-attributes-item__label\">Temp. de Trabalho:<\/th>\n<td class=\"woocommerce-product-attributes-item__value\">-20\u00baC \/ +40\u00baC<\/td>\n<\/tr>\n<tr class=\"woocommerce-product-attributes-item woocommerce-product-attributes-item--attribute_certificados\">\n<th class=\"woocommerce-product-attributes-item__label\">Certificados:<\/th>\n<td class=\"woocommerce-product-attributes-item__value\">CE, FCC &amp; RoHS<\/td>\n<\/tr>\n<tr class=\"woocommerce-product-attributes-item woocommerce-product-attributes-item--attribute_tempo-de-carga\">\n<th class=\"woocommerce-product-attributes-item__label\">Tempo de Carga:<\/th>\n<td class=\"woocommerce-product-attributes-item__value\">6h~8h<\/td>\n<\/tr>\n<\/tbody>\n<\/table>\n","protected":false},"excerpt":{"rendered":"<div class=\"woocommerce-tabs wc-tabs-wrapper\">\n<div id=\"tab-description\" class=\"woocommerce-Tabs-panel woocommerce-Tabs-panel--description panel entry-content wc-tab\" role=\"tabpanel\" aria-labelledby=\"tab-title-description\">\n<p align=\"justify\"><strong>O Pack de 4 Focos LED com Espeto e Carregador Solar IP65 de 4W<\/strong>\u00a0de pot\u00eancia \u00e9 uma op\u00e7\u00e3o muito interessante para complementar a ilumina\u00e7\u00e3o do nosso jardim ou terra\u00e7o. A luz que emite \u00e9 de cor branco quente e distribui-se ao longo de um \u00e2ngulo de 120\u00ba de abertura.<\/p>\n<\/div>\n<\/div>\n","protected":false},"featured_media":18071,"comment_status":"open","ping_status":"closed","template":"","meta":{"_glsr_average":0,"_glsr_ranking":0,"_glsr_reviews":0},"product_brand":[],"product_cat":[345,400],"product_tag":[],"class_list":{"0":"post-18065","1":"product","2":"type-product","3":"status-publish","4":"has-post-thumbnail","6":"product_cat-gadgets-led","7":"product_cat-led-solar","9":"first","10":"instock","11":"taxable","12":"shipping-taxable","13":"purchasable","14":"product-type-simple"},"yoast_head":"<!-- This site is optimized with the Yoast SEO plugin v26.8 - https:\/\/yoast.com\/product\/yoast-seo-wordpress\/ -->\n<title>PACK 4 FOCOS LED COM ESPETO E CARREGADOR SOLAR IP65 4W - Curiosidades &amp; Dicas, Lda<\/title>\n<meta name=\"robots\" content=\"index, follow, max-snippet:-1, max-image-preview:large, max-video-preview:-1\" \/>\n<link rel=\"canonical\" href=\"https:\/\/curiosidadesedicas.com\/loja\/produto\/pack-4-focos-led-com-espeto-e-carregador-solar-ip65-4w\/\" \/>\n<meta property=\"og:locale\" content=\"pt_PT\" \/>\n<meta property=\"og:type\" content=\"article\" \/>\n<meta property=\"og:title\" content=\"PACK 4 FOCOS LED COM ESPETO E CARREGADOR SOLAR IP65 4W - Curiosidades &amp; Dicas, Lda\" \/>\n<meta property=\"og:description\" content=\"O Pack de 4 Focos LED com Espeto e Carregador Solar IP65 de 4W\u00a0de pot\u00eancia \u00e9 uma op\u00e7\u00e3o muito interessante para complementar a ilumina\u00e7\u00e3o do nosso jardim ou terra\u00e7o. A luz que emite \u00e9 de cor branco quente e distribui-se ao longo de um \u00e2ngulo de 120\u00ba de abertura.\" \/>\n<meta property=\"og:url\" content=\"https:\/\/curiosidadesedicas.com\/loja\/produto\/pack-4-focos-led-com-espeto-e-carregador-solar-ip65-4w\/\" \/>\n<meta property=\"og:site_name\" content=\"Curiosidades &amp; Dicas, Lda\" \/>\n<meta property=\"og:image\" content=\"https:\/\/curiosidadesedicas.com\/loja\/wp-content\/uploads\/2020\/08\/bombilla-led-portatil-con-cargador-solar-7w-9.jpg\" \/>\n\t<meta property=\"og:image:width\" content=\"1500\" \/>\n\t<meta property=\"og:image:height\" content=\"1500\" \/>\n\t<meta property=\"og:image:type\" content=\"image\/jpeg\" \/>\n<meta name=\"twitter:card\" content=\"summary_large_image\" \/>\n<meta name=\"twitter:label1\" content=\"Tempo estimado de leitura\" \/>\n\t<meta name=\"twitter:data1\" content=\"1 minuto\" \/>\n<script type=\"application\/ld+json\" class=\"yoast-schema-graph\">{\"@context\":\"https:\/\/schema.org\",\"@graph\":[{\"@type\":\"WebPage\",\"@id\":\"https:\/\/curiosidadesedicas.com\/loja\/produto\/pack-4-focos-led-com-espeto-e-carregador-solar-ip65-4w\/\",\"url\":\"https:\/\/curiosidadesedicas.com\/loja\/produto\/pack-4-focos-led-com-espeto-e-carregador-solar-ip65-4w\/\",\"name\":\"PACK 4 FOCOS LED COM ESPETO E CARREGADOR SOLAR IP65 4W - Curiosidades &amp; Dicas, Lda\",\"isPartOf\":{\"@id\":\"https:\/\/curiosidadesedicas.com\/loja\/#website\"},\"primaryImageOfPage\":{\"@id\":\"https:\/\/curiosidadesedicas.com\/loja\/produto\/pack-4-focos-led-com-espeto-e-carregador-solar-ip65-4w\/#primaryimage\"},\"image\":{\"@id\":\"https:\/\/curiosidadesedicas.com\/loja\/produto\/pack-4-focos-led-com-espeto-e-carregador-solar-ip65-4w\/#primaryimage\"},\"thumbnailUrl\":\"https:\/\/curiosidadesedicas.com\/loja\/wp-content\/uploads\/2020\/08\/bombilla-led-portatil-con-cargador-solar-7w-9.jpg\",\"datePublished\":\"2020-08-31T13:47:53+00:00\",\"breadcrumb\":{\"@id\":\"https:\/\/curiosidadesedicas.com\/loja\/produto\/pack-4-focos-led-com-espeto-e-carregador-solar-ip65-4w\/#breadcrumb\"},\"inLanguage\":\"pt-PT\",\"potentialAction\":[{\"@type\":\"ReadAction\",\"target\":[\"https:\/\/curiosidadesedicas.com\/loja\/produto\/pack-4-focos-led-com-espeto-e-carregador-solar-ip65-4w\/\"]}]},{\"@type\":\"ImageObject\",\"inLanguage\":\"pt-PT\",\"@id\":\"https:\/\/curiosidadesedicas.com\/loja\/produto\/pack-4-focos-led-com-espeto-e-carregador-solar-ip65-4w\/#primaryimage\",\"url\":\"https:\/\/curiosidadesedicas.com\/loja\/wp-content\/uploads\/2020\/08\/bombilla-led-portatil-con-cargador-solar-7w-9.jpg\",\"contentUrl\":\"https:\/\/curiosidadesedicas.com\/loja\/wp-content\/uploads\/2020\/08\/bombilla-led-portatil-con-cargador-solar-7w-9.jpg\",\"width\":1500,\"height\":1500},{\"@type\":\"BreadcrumbList\",\"@id\":\"https:\/\/curiosidadesedicas.com\/loja\/produto\/pack-4-focos-led-com-espeto-e-carregador-solar-ip65-4w\/#breadcrumb\",\"itemListElement\":[{\"@type\":\"ListItem\",\"position\":1,\"name\":\"In\u00edcio\",\"item\":\"https:\/\/curiosidadesedicas.com\/loja\/\"},{\"@type\":\"ListItem\",\"position\":2,\"name\":\"Produtos\",\"item\":\"https:\/\/curiosidadesedicas.com\/loja\/produtos\/\"},{\"@type\":\"ListItem\",\"position\":3,\"name\":\"PACK 4 FOCOS LED COM ESPETO E CARREGADOR SOLAR IP65 4W\"}]},{\"@type\":\"WebSite\",\"@id\":\"https:\/\/curiosidadesedicas.com\/loja\/#website\",\"url\":\"https:\/\/curiosidadesedicas.com\/loja\/\",\"name\":\"Curiosidades &amp; Dicas, Lda\",\"description\":\"Apaixonados Por Inova\u00e7\u00e3o\",\"publisher\":{\"@id\":\"https:\/\/curiosidadesedicas.com\/loja\/#organization\"},\"potentialAction\":[{\"@type\":\"SearchAction\",\"target\":{\"@type\":\"EntryPoint\",\"urlTemplate\":\"https:\/\/curiosidadesedicas.com\/loja\/?s={search_term_string}\"},\"query-input\":{\"@type\":\"PropertyValueSpecification\",\"valueRequired\":true,\"valueName\":\"search_term_string\"}}],\"inLanguage\":\"pt-PT\"},{\"@type\":\"Organization\",\"@id\":\"https:\/\/curiosidadesedicas.com\/loja\/#organization\",\"name\":\"Curiosidades & Dicas\",\"url\":\"https:\/\/curiosidadesedicas.com\/loja\/\",\"logo\":{\"@type\":\"ImageObject\",\"inLanguage\":\"pt-PT\",\"@id\":\"https:\/\/curiosidadesedicas.com\/loja\/#\/schema\/logo\/image\/\",\"url\":\"https:\/\/curiosidadesedicas.com\/loja\/wp-content\/uploads\/2020\/05\/LogoCuriosidadesSimples.png\",\"contentUrl\":\"https:\/\/curiosidadesedicas.com\/loja\/wp-content\/uploads\/2020\/05\/LogoCuriosidadesSimples.png\",\"width\":3528,\"height\":804,\"caption\":\"Curiosidades & Dicas\"},\"image\":{\"@id\":\"https:\/\/curiosidadesedicas.com\/loja\/#\/schema\/logo\/image\/\"}}]}<\/script>\n<!-- \/ Yoast SEO plugin. -->","yoast_head_json":{"title":"PACK 4 FOCOS LED COM ESPETO E CARREGADOR SOLAR IP65 4W - Curiosidades &amp; Dicas, Lda","robots":{"index":"index","follow":"follow","max-snippet":"max-snippet:-1","max-image-preview":"max-image-preview:large","max-video-preview":"max-video-preview:-1"},"canonical":"https:\/\/curiosidadesedicas.com\/loja\/produto\/pack-4-focos-led-com-espeto-e-carregador-solar-ip65-4w\/","og_locale":"pt_PT","og_type":"article","og_title":"PACK 4 FOCOS LED COM ESPETO E CARREGADOR SOLAR IP65 4W - Curiosidades &amp; Dicas, Lda","og_description":"O Pack de 4 Focos LED com Espeto e Carregador Solar IP65 de 4W\u00a0de pot\u00eancia \u00e9 uma op\u00e7\u00e3o muito interessante para complementar a ilumina\u00e7\u00e3o do nosso jardim ou terra\u00e7o. A luz que emite \u00e9 de cor branco quente e distribui-se ao longo de um \u00e2ngulo de 120\u00ba de abertura.","og_url":"https:\/\/curiosidadesedicas.com\/loja\/produto\/pack-4-focos-led-com-espeto-e-carregador-solar-ip65-4w\/","og_site_name":"Curiosidades &amp; Dicas, Lda","og_image":[{"width":1500,"height":1500,"url":"https:\/\/curiosidadesedicas.com\/loja\/wp-content\/uploads\/2020\/08\/bombilla-led-portatil-con-cargador-solar-7w-9.jpg","type":"image\/jpeg"}],"twitter_card":"summary_large_image","twitter_misc":{"Tempo estimado de leitura":"1 minuto"},"schema":{"@context":"https:\/\/schema.org","@graph":[{"@type":"WebPage","@id":"https:\/\/curiosidadesedicas.com\/loja\/produto\/pack-4-focos-led-com-espeto-e-carregador-solar-ip65-4w\/","url":"https:\/\/curiosidadesedicas.com\/loja\/produto\/pack-4-focos-led-com-espeto-e-carregador-solar-ip65-4w\/","name":"PACK 4 FOCOS LED COM ESPETO E CARREGADOR SOLAR IP65 4W - Curiosidades &amp; Dicas, Lda","isPartOf":{"@id":"https:\/\/curiosidadesedicas.com\/loja\/#website"},"primaryImageOfPage":{"@id":"https:\/\/curiosidadesedicas.com\/loja\/produto\/pack-4-focos-led-com-espeto-e-carregador-solar-ip65-4w\/#primaryimage"},"image":{"@id":"https:\/\/curiosidadesedicas.com\/loja\/produto\/pack-4-focos-led-com-espeto-e-carregador-solar-ip65-4w\/#primaryimage"},"thumbnailUrl":"https:\/\/curiosidadesedicas.com\/loja\/wp-content\/uploads\/2020\/08\/bombilla-led-portatil-con-cargador-solar-7w-9.jpg","datePublished":"2020-08-31T13:47:53+00:00","breadcrumb":{"@id":"https:\/\/curiosidadesedicas.com\/loja\/produto\/pack-4-focos-led-com-espeto-e-carregador-solar-ip65-4w\/#breadcrumb"},"inLanguage":"pt-PT","potentialAction":[{"@type":"ReadAction","target":["https:\/\/curiosidadesedicas.com\/loja\/produto\/pack-4-focos-led-com-espeto-e-carregador-solar-ip65-4w\/"]}]},{"@type":"ImageObject","inLanguage":"pt-PT","@id":"https:\/\/curiosidadesedicas.com\/loja\/produto\/pack-4-focos-led-com-espeto-e-carregador-solar-ip65-4w\/#primaryimage","url":"https:\/\/curiosidadesedicas.com\/loja\/wp-content\/uploads\/2020\/08\/bombilla-led-portatil-con-cargador-solar-7w-9.jpg","contentUrl":"https:\/\/curiosidadesedicas.com\/loja\/wp-content\/uploads\/2020\/08\/bombilla-led-portatil-con-cargador-solar-7w-9.jpg","width":1500,"height":1500},{"@type":"BreadcrumbList","@id":"https:\/\/curiosidadesedicas.com\/loja\/produto\/pack-4-focos-led-com-espeto-e-carregador-solar-ip65-4w\/#breadcrumb","itemListElement":[{"@type":"ListItem","position":1,"name":"In\u00edcio","item":"https:\/\/curiosidadesedicas.com\/loja\/"},{"@type":"ListItem","position":2,"name":"Produtos","item":"https:\/\/curiosidadesedicas.com\/loja\/produtos\/"},{"@type":"ListItem","position":3,"name":"PACK 4 FOCOS LED COM ESPETO E CARREGADOR SOLAR IP65 4W"}]},{"@type":"WebSite","@id":"https:\/\/curiosidadesedicas.com\/loja\/#website","url":"https:\/\/curiosidadesedicas.com\/loja\/","name":"Curiosidades &amp; Dicas, Lda","description":"Apaixonados Por Inova\u00e7\u00e3o","publisher":{"@id":"https:\/\/curiosidadesedicas.com\/loja\/#organization"},"potentialAction":[{"@type":"SearchAction","target":{"@type":"EntryPoint","urlTemplate":"https:\/\/curiosidadesedicas.com\/loja\/?s={search_term_string}"},"query-input":{"@type":"PropertyValueSpecification","valueRequired":true,"valueName":"search_term_string"}}],"inLanguage":"pt-PT"},{"@type":"Organization","@id":"https:\/\/curiosidadesedicas.com\/loja\/#organization","name":"Curiosidades & Dicas","url":"https:\/\/curiosidadesedicas.com\/loja\/","logo":{"@type":"ImageObject","inLanguage":"pt-PT","@id":"https:\/\/curiosidadesedicas.com\/loja\/#\/schema\/logo\/image\/","url":"https:\/\/curiosidadesedicas.com\/loja\/wp-content\/uploads\/2020\/05\/LogoCuriosidadesSimples.png","contentUrl":"https:\/\/curiosidadesedicas.com\/loja\/wp-content\/uploads\/2020\/05\/LogoCuriosidadesSimples.png","width":3528,"height":804,"caption":"Curiosidades & Dicas"},"image":{"@id":"https:\/\/curiosidadesedicas.com\/loja\/#\/schema\/logo\/image\/"}}]}},"_links":{"self":[{"href":"https:\/\/curiosidadesedicas.com\/loja\/wp-json\/wp\/v2\/product\/18065","targetHints":{"allow":["GET"]}}],"collection":[{"href":"https:\/\/curiosidadesedicas.com\/loja\/wp-json\/wp\/v2\/product"}],"about":[{"href":"https:\/\/curiosidadesedicas.com\/loja\/wp-json\/wp\/v2\/types\/product"}],"replies":[{"embeddable":true,"href":"https:\/\/curiosidadesedicas.com\/loja\/wp-json\/wp\/v2\/comments?post=18065"}],"wp:featuredmedia":[{"embeddable":true,"href":"https:\/\/curiosidadesedicas.com\/loja\/wp-json\/wp\/v2\/media\/18071"}],"wp:attachment":[{"href":"https:\/\/curiosidadesedicas.com\/loja\/wp-json\/wp\/v2\/media?parent=18065"}],"wp:term":[{"taxonomy":"product_brand","embeddable":true,"href":"https:\/\/curiosidadesedicas.com\/loja\/wp-json\/wp\/v2\/product_brand?post=18065"},{"taxonomy":"product_cat","embeddable":true,"href":"https:\/\/curiosidadesedicas.com\/loja\/wp-json\/wp\/v2\/product_cat?post=18065"},{"taxonomy":"product_tag","embeddable":true,"href":"https:\/\/curiosidadesedicas.com\/loja\/wp-json\/wp\/v2\/product_tag?post=18065"}],"curies":[{"name":"wp","href":"https:\/\/api.w.org\/{rel}","templated":true}]}}