{"id":18035,"date":"2020-08-31T13:18:25","date_gmt":"2020-08-31T13:18:25","guid":{"rendered":"https:\/\/curiosidadesedicas.com\/loja\/?post_type=product&#038;p=18035"},"modified":"2020-08-31T13:24:48","modified_gmt":"2020-08-31T13:24:48","slug":"aplique-led-solar-1w-efeito-chama","status":"publish","type":"product","link":"https:\/\/curiosidadesedicas.com\/loja\/produto\/aplique-led-solar-1w-efeito-chama\/","title":{"rendered":"APLIQUE LED SOLAR 1W EFEITO CHAMA"},"content":{"rendered":"<p align=\"justify\">Esta Tocha LED apresenta uns inovadores LEDs que criam um efeito chama quando est\u00e3o acesos. Conta com dois modos: \u2018normal\u2019 e\u00a0\u2018r\u00e1pido\u2019 os quais simulam\u00a0o movimento de uma chama com o vento.\u00a0<strong>Tem uma placa solar que permite recarregar a sua bateria de 2200 mAh de capacidade.<\/strong>\u00a0A sua prote\u00e7\u00e3o IP44 assegura-lhe prote\u00e7\u00e3o contra salpicaduras de \u00e1gua mas n\u00e3o lhe assegura prote\u00e7\u00e3o frente \u00e0 chuva cont\u00ednua.<\/p>\n<p align=\"justify\">O seu espeto permite espetar a Tocha em jardins ou terra\u00e7os.\u00a0<strong>O painel solar conta com um sensor lum\u00ednico de forma que a tocha pode detectar se \u00e9 de dia ou se \u00e9 de noite.<\/strong>\u00a0Se a tocha est\u00e1 em modo \u201cOn\u201d quando chegue a noite o seu sensor integrado, far\u00e1 que automaticamente a tocha se acenda.<\/p>\n","protected":false},"excerpt":{"rendered":"<p align=\"justify\">Este Aplique LED apresenta uns inovadores LEDs que criam um efeito chama quando est\u00e3o acesos. Conta com dois modos: \u2018normal\u2019 e \u2018r\u00e1pido\u2019 os quais simulam o movimento de uma chama com o vento.\u00a0<strong>Tem uma placa solar que permite recarregar a sua bateria de 2200 mAh de capacidade.<\/strong>\u00a0A sua prote\u00e7\u00e3o IP44 assegura-lhe prote\u00e7\u00e3o contra salpicaduras de \u00e1gua mas n\u00e3o lhe assegura prote\u00e7\u00e3o frente \u00e0 chuva cont\u00ednua.<\/p>\n<p align=\"justify\"><strong>O painel solar conta com um sensor lum\u00ednico de forma que a tocha pode detectar se \u00e9 de dia ou se \u00e9 de noite.<\/strong>\u00a0Se a tocha est\u00e1 em modo \u201cOn\u201d quando chegue a noite o seu sensor integrado, far\u00e1 que automaticamente a tocha se acenda.<\/p>\n<table class=\"woocommerce-product-attributes shop_attributes\">\n<tbody>\n<tr class=\"woocommerce-product-attributes-item woocommerce-product-attributes-item--attribute_prote%c3%a7%c3%a3o\">\n<th class=\"woocommerce-product-attributes-item__label\">Prote\u00e7\u00e3o<\/th>\n<td class=\"woocommerce-product-attributes-item__value\">IP44<\/td>\n<\/tr>\n<tr class=\"woocommerce-product-attributes-item woocommerce-product-attributes-item--attribute_dimens%c3%b5es\">\n<th class=\"woocommerce-product-attributes-item__label\">Dimens\u00f5es<\/th>\n<td class=\"woocommerce-product-attributes-item__value\">430 x 300 x 120 mm<\/td>\n<\/tr>\n<tr class=\"woocommerce-product-attributes-item woocommerce-product-attributes-item--attribute_material\">\n<th class=\"woocommerce-product-attributes-item__label\">Material<\/th>\n<td class=\"woocommerce-product-attributes-item__value\">ABS<\/td>\n<\/tr>\n<tr class=\"woocommerce-product-attributes-item woocommerce-product-attributes-item--attribute_lumens\">\n<th class=\"woocommerce-product-attributes-item__label\">Lumens:<\/th>\n<td class=\"woocommerce-product-attributes-item__value\">100Lm<\/td>\n<\/tr>\n<tr class=\"woocommerce-product-attributes-item woocommerce-product-attributes-item--attribute_certificados\">\n<th class=\"woocommerce-product-attributes-item__label\">Certificados:<\/th>\n<td class=\"woocommerce-product-attributes-item__value\">CE &amp; RoHS<\/td>\n<\/tr>\n<tr class=\"woocommerce-product-attributes-item woocommerce-product-attributes-item--attribute_autonomia\">\n<th class=\"woocommerce-product-attributes-item__label\">Autonomia:<\/th>\n<td class=\"woocommerce-product-attributes-item__value\">20 Horas<\/td>\n<\/tr>\n<tr class=\"woocommerce-product-attributes-item woocommerce-product-attributes-item--attribute_tipo-de-led\">\n<th class=\"woocommerce-product-attributes-item__label\">Tipo de LED:<\/th>\n<td class=\"woocommerce-product-attributes-item__value\">SMD2835<\/td>\n<\/tr>\n<tr class=\"woocommerce-product-attributes-item woocommerce-product-attributes-item--attribute_pot%c3%aancia\">\n<th class=\"woocommerce-product-attributes-item__label\">Pot\u00eancia:<\/th>\n<td class=\"woocommerce-product-attributes-item__value\">1W<\/td>\n<\/tr>\n<\/tbody>\n<\/table>\n","protected":false},"featured_media":18036,"comment_status":"open","ping_status":"closed","template":"","meta":{"_glsr_average":0,"_glsr_ranking":0,"_glsr_reviews":0},"product_brand":[],"product_cat":[345,400],"product_tag":[],"class_list":{"0":"post-18035","1":"product","2":"type-product","3":"status-publish","4":"has-post-thumbnail","6":"product_cat-gadgets-led","7":"product_cat-led-solar","9":"first","10":"instock","11":"taxable","12":"shipping-taxable","13":"purchasable","14":"product-type-simple"},"yoast_head":"<!-- This site is optimized with the Yoast SEO plugin v26.8 - https:\/\/yoast.com\/product\/yoast-seo-wordpress\/ -->\n<title>APLIQUE LED SOLAR 1W EFEITO CHAMA - Curiosidades &amp; Dicas, Lda<\/title>\n<meta name=\"robots\" content=\"index, follow, max-snippet:-1, max-image-preview:large, max-video-preview:-1\" \/>\n<link rel=\"canonical\" href=\"https:\/\/curiosidadesedicas.com\/loja\/produto\/aplique-led-solar-1w-efeito-chama\/\" \/>\n<meta property=\"og:locale\" content=\"pt_PT\" \/>\n<meta property=\"og:type\" content=\"article\" \/>\n<meta property=\"og:title\" content=\"APLIQUE LED SOLAR 1W EFEITO CHAMA - Curiosidades &amp; Dicas, Lda\" \/>\n<meta property=\"og:description\" content=\"Este Aplique LED apresenta uns inovadores LEDs que criam um efeito chama quando est\u00e3o acesos. Conta com dois modos: \u2018normal\u2019 e \u2018r\u00e1pido\u2019 os quais simulam o movimento de uma chama com o vento.\u00a0Tem uma placa solar que permite recarregar a sua bateria de 2200 mAh de capacidade.\u00a0A sua prote\u00e7\u00e3o IP44 assegura-lhe prote\u00e7\u00e3o contra salpicaduras de \u00e1gua mas n\u00e3o lhe assegura prote\u00e7\u00e3o frente \u00e0 chuva cont\u00ednua. O painel solar conta com um sensor lum\u00ednico de forma que a tocha pode detectar se \u00e9 de dia ou se \u00e9 de noite.\u00a0Se a tocha est\u00e1 em modo \u201cOn\u201d quando chegue a noite o seu sensor integrado, far\u00e1 que automaticamente a tocha se acenda.     Prote\u00e7\u00e3o IP44   Dimens\u00f5es 430 x 300 x 120 mm   Material ABS   Lumens: 100Lm   Certificados: CE &amp; RoHS   Autonomia: 20 Horas   Tipo de LED: SMD2835   Pot\u00eancia: 1W\" \/>\n<meta property=\"og:url\" content=\"https:\/\/curiosidadesedicas.com\/loja\/produto\/aplique-led-solar-1w-efeito-chama\/\" \/>\n<meta property=\"og:site_name\" content=\"Curiosidades &amp; Dicas, Lda\" \/>\n<meta property=\"article:modified_time\" content=\"2020-08-31T13:24:48+00:00\" \/>\n<meta property=\"og:image\" content=\"https:\/\/curiosidadesedicas.com\/loja\/wp-content\/uploads\/2020\/08\/antorcha-led-solar-efecto-llama-con-pincho-5-scaled-1.jpg\" \/>\n\t<meta property=\"og:image:width\" content=\"2560\" \/>\n\t<meta property=\"og:image:height\" content=\"2560\" \/>\n\t<meta property=\"og:image:type\" content=\"image\/jpeg\" \/>\n<meta name=\"twitter:card\" content=\"summary_large_image\" \/>\n<meta name=\"twitter:label1\" content=\"Tempo estimado de leitura\" \/>\n\t<meta name=\"twitter:data1\" content=\"1 minuto\" \/>\n<script type=\"application\/ld+json\" class=\"yoast-schema-graph\">{\"@context\":\"https:\/\/schema.org\",\"@graph\":[{\"@type\":\"WebPage\",\"@id\":\"https:\/\/curiosidadesedicas.com\/loja\/produto\/aplique-led-solar-1w-efeito-chama\/\",\"url\":\"https:\/\/curiosidadesedicas.com\/loja\/produto\/aplique-led-solar-1w-efeito-chama\/\",\"name\":\"APLIQUE LED SOLAR 1W EFEITO CHAMA - Curiosidades &amp; Dicas, Lda\",\"isPartOf\":{\"@id\":\"https:\/\/curiosidadesedicas.com\/loja\/#website\"},\"primaryImageOfPage\":{\"@id\":\"https:\/\/curiosidadesedicas.com\/loja\/produto\/aplique-led-solar-1w-efeito-chama\/#primaryimage\"},\"image\":{\"@id\":\"https:\/\/curiosidadesedicas.com\/loja\/produto\/aplique-led-solar-1w-efeito-chama\/#primaryimage\"},\"thumbnailUrl\":\"https:\/\/curiosidadesedicas.com\/loja\/wp-content\/uploads\/2020\/08\/antorcha-led-solar-efecto-llama-con-pincho-5-scaled-1.jpg\",\"datePublished\":\"2020-08-31T13:18:25+00:00\",\"dateModified\":\"2020-08-31T13:24:48+00:00\",\"breadcrumb\":{\"@id\":\"https:\/\/curiosidadesedicas.com\/loja\/produto\/aplique-led-solar-1w-efeito-chama\/#breadcrumb\"},\"inLanguage\":\"pt-PT\",\"potentialAction\":[{\"@type\":\"ReadAction\",\"target\":[\"https:\/\/curiosidadesedicas.com\/loja\/produto\/aplique-led-solar-1w-efeito-chama\/\"]}]},{\"@type\":\"ImageObject\",\"inLanguage\":\"pt-PT\",\"@id\":\"https:\/\/curiosidadesedicas.com\/loja\/produto\/aplique-led-solar-1w-efeito-chama\/#primaryimage\",\"url\":\"https:\/\/curiosidadesedicas.com\/loja\/wp-content\/uploads\/2020\/08\/antorcha-led-solar-efecto-llama-con-pincho-5-scaled-1.jpg\",\"contentUrl\":\"https:\/\/curiosidadesedicas.com\/loja\/wp-content\/uploads\/2020\/08\/antorcha-led-solar-efecto-llama-con-pincho-5-scaled-1.jpg\",\"width\":2560,\"height\":2560},{\"@type\":\"BreadcrumbList\",\"@id\":\"https:\/\/curiosidadesedicas.com\/loja\/produto\/aplique-led-solar-1w-efeito-chama\/#breadcrumb\",\"itemListElement\":[{\"@type\":\"ListItem\",\"position\":1,\"name\":\"In\u00edcio\",\"item\":\"https:\/\/curiosidadesedicas.com\/loja\/\"},{\"@type\":\"ListItem\",\"position\":2,\"name\":\"Produtos\",\"item\":\"https:\/\/curiosidadesedicas.com\/loja\/produtos\/\"},{\"@type\":\"ListItem\",\"position\":3,\"name\":\"APLIQUE LED SOLAR 1W EFEITO CHAMA\"}]},{\"@type\":\"WebSite\",\"@id\":\"https:\/\/curiosidadesedicas.com\/loja\/#website\",\"url\":\"https:\/\/curiosidadesedicas.com\/loja\/\",\"name\":\"Curiosidades &amp; Dicas, Lda\",\"description\":\"Apaixonados Por Inova\u00e7\u00e3o\",\"publisher\":{\"@id\":\"https:\/\/curiosidadesedicas.com\/loja\/#organization\"},\"potentialAction\":[{\"@type\":\"SearchAction\",\"target\":{\"@type\":\"EntryPoint\",\"urlTemplate\":\"https:\/\/curiosidadesedicas.com\/loja\/?s={search_term_string}\"},\"query-input\":{\"@type\":\"PropertyValueSpecification\",\"valueRequired\":true,\"valueName\":\"search_term_string\"}}],\"inLanguage\":\"pt-PT\"},{\"@type\":\"Organization\",\"@id\":\"https:\/\/curiosidadesedicas.com\/loja\/#organization\",\"name\":\"Curiosidades & Dicas\",\"url\":\"https:\/\/curiosidadesedicas.com\/loja\/\",\"logo\":{\"@type\":\"ImageObject\",\"inLanguage\":\"pt-PT\",\"@id\":\"https:\/\/curiosidadesedicas.com\/loja\/#\/schema\/logo\/image\/\",\"url\":\"https:\/\/curiosidadesedicas.com\/loja\/wp-content\/uploads\/2020\/05\/LogoCuriosidadesSimples.png\",\"contentUrl\":\"https:\/\/curiosidadesedicas.com\/loja\/wp-content\/uploads\/2020\/05\/LogoCuriosidadesSimples.png\",\"width\":3528,\"height\":804,\"caption\":\"Curiosidades & Dicas\"},\"image\":{\"@id\":\"https:\/\/curiosidadesedicas.com\/loja\/#\/schema\/logo\/image\/\"}}]}<\/script>\n<!-- \/ Yoast SEO plugin. -->","yoast_head_json":{"title":"APLIQUE LED SOLAR 1W EFEITO CHAMA - Curiosidades &amp; Dicas, Lda","robots":{"index":"index","follow":"follow","max-snippet":"max-snippet:-1","max-image-preview":"max-image-preview:large","max-video-preview":"max-video-preview:-1"},"canonical":"https:\/\/curiosidadesedicas.com\/loja\/produto\/aplique-led-solar-1w-efeito-chama\/","og_locale":"pt_PT","og_type":"article","og_title":"APLIQUE LED SOLAR 1W EFEITO CHAMA - Curiosidades &amp; Dicas, Lda","og_description":"Este Aplique LED apresenta uns inovadores LEDs que criam um efeito chama quando est\u00e3o acesos. Conta com dois modos: \u2018normal\u2019 e \u2018r\u00e1pido\u2019 os quais simulam o movimento de uma chama com o vento.\u00a0Tem uma placa solar que permite recarregar a sua bateria de 2200 mAh de capacidade.\u00a0A sua prote\u00e7\u00e3o IP44 assegura-lhe prote\u00e7\u00e3o contra salpicaduras de \u00e1gua mas n\u00e3o lhe assegura prote\u00e7\u00e3o frente \u00e0 chuva cont\u00ednua. O painel solar conta com um sensor lum\u00ednico de forma que a tocha pode detectar se \u00e9 de dia ou se \u00e9 de noite.\u00a0Se a tocha est\u00e1 em modo \u201cOn\u201d quando chegue a noite o seu sensor integrado, far\u00e1 que automaticamente a tocha se acenda.     Prote\u00e7\u00e3o IP44   Dimens\u00f5es 430 x 300 x 120 mm   Material ABS   Lumens: 100Lm   Certificados: CE &amp; RoHS   Autonomia: 20 Horas   Tipo de LED: SMD2835   Pot\u00eancia: 1W","og_url":"https:\/\/curiosidadesedicas.com\/loja\/produto\/aplique-led-solar-1w-efeito-chama\/","og_site_name":"Curiosidades &amp; Dicas, Lda","article_modified_time":"2020-08-31T13:24:48+00:00","og_image":[{"width":2560,"height":2560,"url":"https:\/\/curiosidadesedicas.com\/loja\/wp-content\/uploads\/2020\/08\/antorcha-led-solar-efecto-llama-con-pincho-5-scaled-1.jpg","type":"image\/jpeg"}],"twitter_card":"summary_large_image","twitter_misc":{"Tempo estimado de leitura":"1 minuto"},"schema":{"@context":"https:\/\/schema.org","@graph":[{"@type":"WebPage","@id":"https:\/\/curiosidadesedicas.com\/loja\/produto\/aplique-led-solar-1w-efeito-chama\/","url":"https:\/\/curiosidadesedicas.com\/loja\/produto\/aplique-led-solar-1w-efeito-chama\/","name":"APLIQUE LED SOLAR 1W EFEITO CHAMA - Curiosidades &amp; Dicas, Lda","isPartOf":{"@id":"https:\/\/curiosidadesedicas.com\/loja\/#website"},"primaryImageOfPage":{"@id":"https:\/\/curiosidadesedicas.com\/loja\/produto\/aplique-led-solar-1w-efeito-chama\/#primaryimage"},"image":{"@id":"https:\/\/curiosidadesedicas.com\/loja\/produto\/aplique-led-solar-1w-efeito-chama\/#primaryimage"},"thumbnailUrl":"https:\/\/curiosidadesedicas.com\/loja\/wp-content\/uploads\/2020\/08\/antorcha-led-solar-efecto-llama-con-pincho-5-scaled-1.jpg","datePublished":"2020-08-31T13:18:25+00:00","dateModified":"2020-08-31T13:24:48+00:00","breadcrumb":{"@id":"https:\/\/curiosidadesedicas.com\/loja\/produto\/aplique-led-solar-1w-efeito-chama\/#breadcrumb"},"inLanguage":"pt-PT","potentialAction":[{"@type":"ReadAction","target":["https:\/\/curiosidadesedicas.com\/loja\/produto\/aplique-led-solar-1w-efeito-chama\/"]}]},{"@type":"ImageObject","inLanguage":"pt-PT","@id":"https:\/\/curiosidadesedicas.com\/loja\/produto\/aplique-led-solar-1w-efeito-chama\/#primaryimage","url":"https:\/\/curiosidadesedicas.com\/loja\/wp-content\/uploads\/2020\/08\/antorcha-led-solar-efecto-llama-con-pincho-5-scaled-1.jpg","contentUrl":"https:\/\/curiosidadesedicas.com\/loja\/wp-content\/uploads\/2020\/08\/antorcha-led-solar-efecto-llama-con-pincho-5-scaled-1.jpg","width":2560,"height":2560},{"@type":"BreadcrumbList","@id":"https:\/\/curiosidadesedicas.com\/loja\/produto\/aplique-led-solar-1w-efeito-chama\/#breadcrumb","itemListElement":[{"@type":"ListItem","position":1,"name":"In\u00edcio","item":"https:\/\/curiosidadesedicas.com\/loja\/"},{"@type":"ListItem","position":2,"name":"Produtos","item":"https:\/\/curiosidadesedicas.com\/loja\/produtos\/"},{"@type":"ListItem","position":3,"name":"APLIQUE LED SOLAR 1W EFEITO CHAMA"}]},{"@type":"WebSite","@id":"https:\/\/curiosidadesedicas.com\/loja\/#website","url":"https:\/\/curiosidadesedicas.com\/loja\/","name":"Curiosidades &amp; Dicas, Lda","description":"Apaixonados Por Inova\u00e7\u00e3o","publisher":{"@id":"https:\/\/curiosidadesedicas.com\/loja\/#organization"},"potentialAction":[{"@type":"SearchAction","target":{"@type":"EntryPoint","urlTemplate":"https:\/\/curiosidadesedicas.com\/loja\/?s={search_term_string}"},"query-input":{"@type":"PropertyValueSpecification","valueRequired":true,"valueName":"search_term_string"}}],"inLanguage":"pt-PT"},{"@type":"Organization","@id":"https:\/\/curiosidadesedicas.com\/loja\/#organization","name":"Curiosidades & Dicas","url":"https:\/\/curiosidadesedicas.com\/loja\/","logo":{"@type":"ImageObject","inLanguage":"pt-PT","@id":"https:\/\/curiosidadesedicas.com\/loja\/#\/schema\/logo\/image\/","url":"https:\/\/curiosidadesedicas.com\/loja\/wp-content\/uploads\/2020\/05\/LogoCuriosidadesSimples.png","contentUrl":"https:\/\/curiosidadesedicas.com\/loja\/wp-content\/uploads\/2020\/05\/LogoCuriosidadesSimples.png","width":3528,"height":804,"caption":"Curiosidades & Dicas"},"image":{"@id":"https:\/\/curiosidadesedicas.com\/loja\/#\/schema\/logo\/image\/"}}]}},"_links":{"self":[{"href":"https:\/\/curiosidadesedicas.com\/loja\/wp-json\/wp\/v2\/product\/18035","targetHints":{"allow":["GET"]}}],"collection":[{"href":"https:\/\/curiosidadesedicas.com\/loja\/wp-json\/wp\/v2\/product"}],"about":[{"href":"https:\/\/curiosidadesedicas.com\/loja\/wp-json\/wp\/v2\/types\/product"}],"replies":[{"embeddable":true,"href":"https:\/\/curiosidadesedicas.com\/loja\/wp-json\/wp\/v2\/comments?post=18035"}],"wp:featuredmedia":[{"embeddable":true,"href":"https:\/\/curiosidadesedicas.com\/loja\/wp-json\/wp\/v2\/media\/18036"}],"wp:attachment":[{"href":"https:\/\/curiosidadesedicas.com\/loja\/wp-json\/wp\/v2\/media?parent=18035"}],"wp:term":[{"taxonomy":"product_brand","embeddable":true,"href":"https:\/\/curiosidadesedicas.com\/loja\/wp-json\/wp\/v2\/product_brand?post=18035"},{"taxonomy":"product_cat","embeddable":true,"href":"https:\/\/curiosidadesedicas.com\/loja\/wp-json\/wp\/v2\/product_cat?post=18035"},{"taxonomy":"product_tag","embeddable":true,"href":"https:\/\/curiosidadesedicas.com\/loja\/wp-json\/wp\/v2\/product_tag?post=18035"}],"curies":[{"name":"wp","href":"https:\/\/api.w.org\/{rel}","templated":true}]}}