{"id":17011,"date":"2020-07-05T20:04:13","date_gmt":"2020-07-05T20:04:13","guid":{"rendered":"https:\/\/curiosidadesedicas.com\/loja\/?post_type=product&#038;p=17011"},"modified":"2025-03-18T15:43:05","modified_gmt":"2025-03-18T15:43:05","slug":"sacos-de-rede-para-churrasco-bbqnet-pack-de-2","status":"publish","type":"product","link":"https:\/\/curiosidadesedicas.com\/loja\/produto\/sacos-de-rede-para-churrasco-bbqnet-pack-de-2\/","title":{"rendered":"SACOS DE REDE PARA CHURRASCO BBQNET PACK 2UN"},"content":{"rendered":"<p>Um conjunto de 2 sacos de malha para churrasco perfeitos para grelhar legumes e outros pequenos alimentos sem o perigo de pegarem ou ca\u00edrem e serem queimados nas chamas. S\u00e3o muito pr\u00e1ticos e f\u00e1ceis de utilizar, basta introduzir os alimentos nos sacos e coloc\u00e1-los na grelha do churrasco (nunca diretamente sobre as chamas). Os alimentos cozem melhor e ficam mais saborosos porque o fumo passa atrav\u00e9s da rede. S\u00f3 tem de virar os sacos para cozinhar os alimentos de ambos os lados. Pelo facto de se encontrarem dentro dos sacos, os alimentos n\u00e3o se espalham nem caem enquanto grelham, e uma vez cozinhados, retiram-se facilmente gra\u00e7as ao material antiaderente. Al\u00e9m disso, os sacos lavam-se com facilidade na m\u00e1quina de lavar lou\u00e7a. Um m\u00e9todo mais higi\u00e9nico e eficaz de cozinhar alimentos no churrasco.<\/p>\n<p>&nbsp;<\/p>\n","protected":false},"excerpt":{"rendered":"<div class=\"body-wrap\">\n<div id=\"content\">\n<div class=\"container-fluid px-md-0\">\n<div id=\"lvDetalhe\" class=\"prod-detail\">\n<div class=\"col-12 px-0\">\n<div id=\"nav-tabContent\" class=\"tab-content\">\n<div id=\"prod-detail-tab1\" class=\"tab-pane fade show active\" role=\"tabpanel\" aria-labelledby=\"prod-detail-tab1-tab\">\n<ul>\n<li>Material: PTFE<\/li>\n<li>Livre de BPA<\/li>\n<li>Livre de PFOA<\/li>\n<li>Design inovador e funcional<\/li>\n<li>Fecho com 2 bot\u00f5es de press\u00e3o<\/li>\n<li>Tipo:\n<ul>\n<li>Antiaderente<\/li>\n<li>Reutiliz\u00e1vel<\/li>\n<\/ul>\n<\/li>\n<li>Resistentes ao Calor: at\u00e9 300 \u00baC<\/li>\n<li>Ideal para grelhar legumes e outros alimentos pequenos no churrasco<\/li>\n<li>F\u00e1cil limpeza: Indicado para m\u00e1quinas de lavar lou\u00e7a<\/li>\n<li>Utiliza\u00e7\u00e3o c\u00f3moda, simples e segura<\/li>\n<li>Leve e male\u00e1vel<\/li>\n<li>F\u00e1cil de transportar e de guardar<\/li>\n<li>Inclui: 2 uds<\/li>\n<li>Medidas aprox.: 2x (24 x 28 cm)<\/li>\n<\/ul>\n<\/div>\n<\/div>\n<\/div>\n<\/div>\n<\/div>\n<\/div>\n<\/div>\n","protected":false},"featured_media":17012,"comment_status":"open","ping_status":"closed","template":"","meta":{"_glsr_average":0,"_glsr_ranking":0,"_glsr_reviews":0},"product_brand":[],"product_cat":[365,367],"product_tag":[],"class_list":{"0":"post-17011","1":"product","2":"type-product","3":"status-publish","4":"has-post-thumbnail","6":"product_cat-para-o-lar","7":"product_cat-grelhadores","9":"first","10":"instock","11":"taxable","12":"shipping-taxable","13":"purchasable","14":"product-type-simple"},"yoast_head":"<!-- This site is optimized with the Yoast SEO plugin v26.8 - https:\/\/yoast.com\/product\/yoast-seo-wordpress\/ -->\n<title>SACOS DE REDE PARA CHURRASCO BBQNET PACK 2UN - Curiosidades &amp; Dicas, Lda<\/title>\n<meta name=\"robots\" content=\"index, follow, max-snippet:-1, max-image-preview:large, max-video-preview:-1\" \/>\n<link rel=\"canonical\" href=\"https:\/\/curiosidadesedicas.com\/loja\/produto\/sacos-de-rede-para-churrasco-bbqnet-pack-de-2\/\" \/>\n<meta property=\"og:locale\" content=\"pt_PT\" \/>\n<meta property=\"og:type\" content=\"article\" \/>\n<meta property=\"og:title\" content=\"SACOS DE REDE PARA CHURRASCO BBQNET PACK 2UN - Curiosidades &amp; Dicas, Lda\" \/>\n<meta property=\"og:description\" content=\"Material: PTFE  Livre de BPA  Livre de PFOA  Design inovador e funcional  Fecho com 2 bot\u00f5es de press\u00e3o  Tipo:   Antiaderente  Reutiliz\u00e1vel    Resistentes ao Calor: at\u00e9 300 \u00baC  Ideal para grelhar legumes e outros alimentos pequenos no churrasco  F\u00e1cil limpeza: Indicado para m\u00e1quinas de lavar lou\u00e7a  Utiliza\u00e7\u00e3o c\u00f3moda, simples e segura  Leve e male\u00e1vel  F\u00e1cil de transportar e de guardar  Inclui: 2 uds  Medidas aprox.: 2x (24 x 28 cm)\" \/>\n<meta property=\"og:url\" content=\"https:\/\/curiosidadesedicas.com\/loja\/produto\/sacos-de-rede-para-churrasco-bbqnet-pack-de-2\/\" \/>\n<meta property=\"og:site_name\" content=\"Curiosidades &amp; Dicas, Lda\" \/>\n<meta property=\"article:modified_time\" content=\"2025-03-18T15:43:05+00:00\" \/>\n<meta property=\"og:image\" content=\"https:\/\/curiosidadesedicas.com\/loja\/wp-content\/uploads\/2020\/07\/sacos-de-rede-para-churrasco-bbqnet-innovagoods-pack-de-2_121596.jpg\" \/>\n\t<meta property=\"og:image:width\" content=\"600\" \/>\n\t<meta property=\"og:image:height\" content=\"600\" \/>\n\t<meta property=\"og:image:type\" content=\"image\/jpeg\" \/>\n<meta name=\"twitter:card\" content=\"summary_large_image\" \/>\n<meta name=\"twitter:label1\" content=\"Tempo estimado de leitura\" \/>\n\t<meta name=\"twitter:data1\" content=\"1 minuto\" \/>\n<script type=\"application\/ld+json\" class=\"yoast-schema-graph\">{\"@context\":\"https:\/\/schema.org\",\"@graph\":[{\"@type\":\"WebPage\",\"@id\":\"https:\/\/curiosidadesedicas.com\/loja\/produto\/sacos-de-rede-para-churrasco-bbqnet-pack-de-2\/\",\"url\":\"https:\/\/curiosidadesedicas.com\/loja\/produto\/sacos-de-rede-para-churrasco-bbqnet-pack-de-2\/\",\"name\":\"SACOS DE REDE PARA CHURRASCO BBQNET PACK 2UN - Curiosidades &amp; Dicas, Lda\",\"isPartOf\":{\"@id\":\"https:\/\/curiosidadesedicas.com\/loja\/#website\"},\"primaryImageOfPage\":{\"@id\":\"https:\/\/curiosidadesedicas.com\/loja\/produto\/sacos-de-rede-para-churrasco-bbqnet-pack-de-2\/#primaryimage\"},\"image\":{\"@id\":\"https:\/\/curiosidadesedicas.com\/loja\/produto\/sacos-de-rede-para-churrasco-bbqnet-pack-de-2\/#primaryimage\"},\"thumbnailUrl\":\"https:\/\/curiosidadesedicas.com\/loja\/wp-content\/uploads\/2020\/07\/sacos-de-rede-para-churrasco-bbqnet-innovagoods-pack-de-2_121596.jpg\",\"datePublished\":\"2020-07-05T20:04:13+00:00\",\"dateModified\":\"2025-03-18T15:43:05+00:00\",\"breadcrumb\":{\"@id\":\"https:\/\/curiosidadesedicas.com\/loja\/produto\/sacos-de-rede-para-churrasco-bbqnet-pack-de-2\/#breadcrumb\"},\"inLanguage\":\"pt-PT\",\"potentialAction\":[{\"@type\":\"ReadAction\",\"target\":[\"https:\/\/curiosidadesedicas.com\/loja\/produto\/sacos-de-rede-para-churrasco-bbqnet-pack-de-2\/\"]}]},{\"@type\":\"ImageObject\",\"inLanguage\":\"pt-PT\",\"@id\":\"https:\/\/curiosidadesedicas.com\/loja\/produto\/sacos-de-rede-para-churrasco-bbqnet-pack-de-2\/#primaryimage\",\"url\":\"https:\/\/curiosidadesedicas.com\/loja\/wp-content\/uploads\/2020\/07\/sacos-de-rede-para-churrasco-bbqnet-innovagoods-pack-de-2_121596.jpg\",\"contentUrl\":\"https:\/\/curiosidadesedicas.com\/loja\/wp-content\/uploads\/2020\/07\/sacos-de-rede-para-churrasco-bbqnet-innovagoods-pack-de-2_121596.jpg\",\"width\":600,\"height\":600},{\"@type\":\"BreadcrumbList\",\"@id\":\"https:\/\/curiosidadesedicas.com\/loja\/produto\/sacos-de-rede-para-churrasco-bbqnet-pack-de-2\/#breadcrumb\",\"itemListElement\":[{\"@type\":\"ListItem\",\"position\":1,\"name\":\"In\u00edcio\",\"item\":\"https:\/\/curiosidadesedicas.com\/loja\/\"},{\"@type\":\"ListItem\",\"position\":2,\"name\":\"Produtos\",\"item\":\"https:\/\/curiosidadesedicas.com\/loja\/produtos\/\"},{\"@type\":\"ListItem\",\"position\":3,\"name\":\"SACOS DE REDE PARA CHURRASCO BBQNET PACK 2UN\"}]},{\"@type\":\"WebSite\",\"@id\":\"https:\/\/curiosidadesedicas.com\/loja\/#website\",\"url\":\"https:\/\/curiosidadesedicas.com\/loja\/\",\"name\":\"Curiosidades &amp; Dicas, Lda\",\"description\":\"Apaixonados Por Inova\u00e7\u00e3o\",\"publisher\":{\"@id\":\"https:\/\/curiosidadesedicas.com\/loja\/#organization\"},\"potentialAction\":[{\"@type\":\"SearchAction\",\"target\":{\"@type\":\"EntryPoint\",\"urlTemplate\":\"https:\/\/curiosidadesedicas.com\/loja\/?s={search_term_string}\"},\"query-input\":{\"@type\":\"PropertyValueSpecification\",\"valueRequired\":true,\"valueName\":\"search_term_string\"}}],\"inLanguage\":\"pt-PT\"},{\"@type\":\"Organization\",\"@id\":\"https:\/\/curiosidadesedicas.com\/loja\/#organization\",\"name\":\"Curiosidades & Dicas\",\"url\":\"https:\/\/curiosidadesedicas.com\/loja\/\",\"logo\":{\"@type\":\"ImageObject\",\"inLanguage\":\"pt-PT\",\"@id\":\"https:\/\/curiosidadesedicas.com\/loja\/#\/schema\/logo\/image\/\",\"url\":\"https:\/\/curiosidadesedicas.com\/loja\/wp-content\/uploads\/2020\/05\/LogoCuriosidadesSimples.png\",\"contentUrl\":\"https:\/\/curiosidadesedicas.com\/loja\/wp-content\/uploads\/2020\/05\/LogoCuriosidadesSimples.png\",\"width\":3528,\"height\":804,\"caption\":\"Curiosidades & Dicas\"},\"image\":{\"@id\":\"https:\/\/curiosidadesedicas.com\/loja\/#\/schema\/logo\/image\/\"}}]}<\/script>\n<!-- \/ Yoast SEO plugin. -->","yoast_head_json":{"title":"SACOS DE REDE PARA CHURRASCO BBQNET PACK 2UN - Curiosidades &amp; Dicas, Lda","robots":{"index":"index","follow":"follow","max-snippet":"max-snippet:-1","max-image-preview":"max-image-preview:large","max-video-preview":"max-video-preview:-1"},"canonical":"https:\/\/curiosidadesedicas.com\/loja\/produto\/sacos-de-rede-para-churrasco-bbqnet-pack-de-2\/","og_locale":"pt_PT","og_type":"article","og_title":"SACOS DE REDE PARA CHURRASCO BBQNET PACK 2UN - Curiosidades &amp; Dicas, Lda","og_description":"Material: PTFE  Livre de BPA  Livre de PFOA  Design inovador e funcional  Fecho com 2 bot\u00f5es de press\u00e3o  Tipo:   Antiaderente  Reutiliz\u00e1vel    Resistentes ao Calor: at\u00e9 300 \u00baC  Ideal para grelhar legumes e outros alimentos pequenos no churrasco  F\u00e1cil limpeza: Indicado para m\u00e1quinas de lavar lou\u00e7a  Utiliza\u00e7\u00e3o c\u00f3moda, simples e segura  Leve e male\u00e1vel  F\u00e1cil de transportar e de guardar  Inclui: 2 uds  Medidas aprox.: 2x (24 x 28 cm)","og_url":"https:\/\/curiosidadesedicas.com\/loja\/produto\/sacos-de-rede-para-churrasco-bbqnet-pack-de-2\/","og_site_name":"Curiosidades &amp; Dicas, Lda","article_modified_time":"2025-03-18T15:43:05+00:00","og_image":[{"width":600,"height":600,"url":"https:\/\/curiosidadesedicas.com\/loja\/wp-content\/uploads\/2020\/07\/sacos-de-rede-para-churrasco-bbqnet-innovagoods-pack-de-2_121596.jpg","type":"image\/jpeg"}],"twitter_card":"summary_large_image","twitter_misc":{"Tempo estimado de leitura":"1 minuto"},"schema":{"@context":"https:\/\/schema.org","@graph":[{"@type":"WebPage","@id":"https:\/\/curiosidadesedicas.com\/loja\/produto\/sacos-de-rede-para-churrasco-bbqnet-pack-de-2\/","url":"https:\/\/curiosidadesedicas.com\/loja\/produto\/sacos-de-rede-para-churrasco-bbqnet-pack-de-2\/","name":"SACOS DE REDE PARA CHURRASCO BBQNET PACK 2UN - Curiosidades &amp; Dicas, Lda","isPartOf":{"@id":"https:\/\/curiosidadesedicas.com\/loja\/#website"},"primaryImageOfPage":{"@id":"https:\/\/curiosidadesedicas.com\/loja\/produto\/sacos-de-rede-para-churrasco-bbqnet-pack-de-2\/#primaryimage"},"image":{"@id":"https:\/\/curiosidadesedicas.com\/loja\/produto\/sacos-de-rede-para-churrasco-bbqnet-pack-de-2\/#primaryimage"},"thumbnailUrl":"https:\/\/curiosidadesedicas.com\/loja\/wp-content\/uploads\/2020\/07\/sacos-de-rede-para-churrasco-bbqnet-innovagoods-pack-de-2_121596.jpg","datePublished":"2020-07-05T20:04:13+00:00","dateModified":"2025-03-18T15:43:05+00:00","breadcrumb":{"@id":"https:\/\/curiosidadesedicas.com\/loja\/produto\/sacos-de-rede-para-churrasco-bbqnet-pack-de-2\/#breadcrumb"},"inLanguage":"pt-PT","potentialAction":[{"@type":"ReadAction","target":["https:\/\/curiosidadesedicas.com\/loja\/produto\/sacos-de-rede-para-churrasco-bbqnet-pack-de-2\/"]}]},{"@type":"ImageObject","inLanguage":"pt-PT","@id":"https:\/\/curiosidadesedicas.com\/loja\/produto\/sacos-de-rede-para-churrasco-bbqnet-pack-de-2\/#primaryimage","url":"https:\/\/curiosidadesedicas.com\/loja\/wp-content\/uploads\/2020\/07\/sacos-de-rede-para-churrasco-bbqnet-innovagoods-pack-de-2_121596.jpg","contentUrl":"https:\/\/curiosidadesedicas.com\/loja\/wp-content\/uploads\/2020\/07\/sacos-de-rede-para-churrasco-bbqnet-innovagoods-pack-de-2_121596.jpg","width":600,"height":600},{"@type":"BreadcrumbList","@id":"https:\/\/curiosidadesedicas.com\/loja\/produto\/sacos-de-rede-para-churrasco-bbqnet-pack-de-2\/#breadcrumb","itemListElement":[{"@type":"ListItem","position":1,"name":"In\u00edcio","item":"https:\/\/curiosidadesedicas.com\/loja\/"},{"@type":"ListItem","position":2,"name":"Produtos","item":"https:\/\/curiosidadesedicas.com\/loja\/produtos\/"},{"@type":"ListItem","position":3,"name":"SACOS DE REDE PARA CHURRASCO BBQNET PACK 2UN"}]},{"@type":"WebSite","@id":"https:\/\/curiosidadesedicas.com\/loja\/#website","url":"https:\/\/curiosidadesedicas.com\/loja\/","name":"Curiosidades &amp; Dicas, Lda","description":"Apaixonados Por Inova\u00e7\u00e3o","publisher":{"@id":"https:\/\/curiosidadesedicas.com\/loja\/#organization"},"potentialAction":[{"@type":"SearchAction","target":{"@type":"EntryPoint","urlTemplate":"https:\/\/curiosidadesedicas.com\/loja\/?s={search_term_string}"},"query-input":{"@type":"PropertyValueSpecification","valueRequired":true,"valueName":"search_term_string"}}],"inLanguage":"pt-PT"},{"@type":"Organization","@id":"https:\/\/curiosidadesedicas.com\/loja\/#organization","name":"Curiosidades & Dicas","url":"https:\/\/curiosidadesedicas.com\/loja\/","logo":{"@type":"ImageObject","inLanguage":"pt-PT","@id":"https:\/\/curiosidadesedicas.com\/loja\/#\/schema\/logo\/image\/","url":"https:\/\/curiosidadesedicas.com\/loja\/wp-content\/uploads\/2020\/05\/LogoCuriosidadesSimples.png","contentUrl":"https:\/\/curiosidadesedicas.com\/loja\/wp-content\/uploads\/2020\/05\/LogoCuriosidadesSimples.png","width":3528,"height":804,"caption":"Curiosidades & Dicas"},"image":{"@id":"https:\/\/curiosidadesedicas.com\/loja\/#\/schema\/logo\/image\/"}}]}},"_links":{"self":[{"href":"https:\/\/curiosidadesedicas.com\/loja\/wp-json\/wp\/v2\/product\/17011","targetHints":{"allow":["GET"]}}],"collection":[{"href":"https:\/\/curiosidadesedicas.com\/loja\/wp-json\/wp\/v2\/product"}],"about":[{"href":"https:\/\/curiosidadesedicas.com\/loja\/wp-json\/wp\/v2\/types\/product"}],"replies":[{"embeddable":true,"href":"https:\/\/curiosidadesedicas.com\/loja\/wp-json\/wp\/v2\/comments?post=17011"}],"wp:featuredmedia":[{"embeddable":true,"href":"https:\/\/curiosidadesedicas.com\/loja\/wp-json\/wp\/v2\/media\/17012"}],"wp:attachment":[{"href":"https:\/\/curiosidadesedicas.com\/loja\/wp-json\/wp\/v2\/media?parent=17011"}],"wp:term":[{"taxonomy":"product_brand","embeddable":true,"href":"https:\/\/curiosidadesedicas.com\/loja\/wp-json\/wp\/v2\/product_brand?post=17011"},{"taxonomy":"product_cat","embeddable":true,"href":"https:\/\/curiosidadesedicas.com\/loja\/wp-json\/wp\/v2\/product_cat?post=17011"},{"taxonomy":"product_tag","embeddable":true,"href":"https:\/\/curiosidadesedicas.com\/loja\/wp-json\/wp\/v2\/product_tag?post=17011"}],"curies":[{"name":"wp","href":"https:\/\/api.w.org\/{rel}","templated":true}]}}