{"id":16800,"date":"2020-07-01T11:17:40","date_gmt":"2020-07-01T11:17:40","guid":{"rendered":"https:\/\/curiosidadesedicas.com\/loja\/?post_type=product&#038;p=16800"},"modified":"2020-07-01T11:39:36","modified_gmt":"2020-07-01T11:39:36","slug":"bola-de-massagem-vibratoria","status":"publish","type":"product","link":"https:\/\/curiosidadesedicas.com\/loja\/produto\/bola-de-massagem-vibratoria\/","title":{"rendered":"BOLA DE MASSAGEM VIBRAT\u00d3RIA"},"content":{"rendered":"<p>Uma original bola de massagem vibrat\u00f3ria, concebida para realizar uma automassagem profunda e f\u00e1cil e sem grande esfor\u00e7o. A sua superf\u00edcie texturizada encoraja a estimula\u00e7\u00e3o dos &#8220;pontos-gatilho&#8221;. Al\u00e9m disso, \u00e9 muito f\u00e1cil de usar e levar para qualquer lugar, devido ao seu pequeno tamanho compacto. Ideal para a recupera\u00e7\u00e3o ap\u00f3s a pr\u00e1tica desportiva. Pode ser utilizada com ou sem vibra\u00e7\u00e3o e com suporte de ch\u00e3o ou de parede.<\/p>\n","protected":false},"excerpt":{"rendered":"<ul>\n<li>Material:\n<ul>\n<li>ABS<\/li>\n<li>Silicone<\/li>\n<\/ul>\n<\/li>\n<li>Design moderno e ergon\u00f3mico<\/li>\n<li>Tipo: Texturada<\/li>\n<li>2 n\u00edveis de intensidade<\/li>\n<li>Efeitos ben\u00e9ficos:\n<ul>\n<li>estimula\u00e7\u00e3o dos &#8220;pontos-gatilho&#8221; (trigger points)<\/li>\n<li>massagem localizada em profundidade<\/li>\n<\/ul>\n<\/li>\n<li>Utiliza\u00e7\u00e3o c\u00f3moda, simples e segura<\/li>\n<li>Ocupa pouco espa\u00e7o<\/li>\n<li>Leve e male\u00e1vel<\/li>\n<li>F\u00e1cil de transportar e de guardar<\/li>\n<li>F\u00e1cil limpeza<\/li>\n<li>Medidas aprox.: \u00d8 8 cm<\/li>\n<li>Funciona com pilhas (3 x AAA, n\u00e3o inclu\u00eddas)<\/li>\n<\/ul>\n<p>https:\/\/youtu.be\/5vHaN0TjcLY<\/p>\n","protected":false},"featured_media":16808,"comment_status":"open","ping_status":"closed","template":"","meta":{"_glsr_average":0,"_glsr_ranking":0,"_glsr_reviews":0},"product_brand":[],"product_cat":[357,359],"product_tag":[],"class_list":{"0":"post-16800","1":"product","2":"type-product","3":"status-publish","4":"has-post-thumbnail","6":"product_cat-bem-estar","7":"product_cat-relax","9":"first","10":"instock","11":"taxable","12":"shipping-taxable","13":"purchasable","14":"product-type-simple"},"yoast_head":"<!-- This site is optimized with the Yoast SEO plugin v26.8 - https:\/\/yoast.com\/product\/yoast-seo-wordpress\/ -->\n<title>BOLA DE MASSAGEM VIBRAT\u00d3RIA - Curiosidades &amp; Dicas, Lda<\/title>\n<meta name=\"robots\" content=\"index, follow, max-snippet:-1, max-image-preview:large, max-video-preview:-1\" \/>\n<link rel=\"canonical\" href=\"https:\/\/curiosidadesedicas.com\/loja\/produto\/bola-de-massagem-vibratoria\/\" \/>\n<meta property=\"og:locale\" content=\"pt_PT\" \/>\n<meta property=\"og:type\" content=\"article\" \/>\n<meta property=\"og:title\" content=\"BOLA DE MASSAGEM VIBRAT\u00d3RIA - Curiosidades &amp; Dicas, Lda\" \/>\n<meta property=\"og:description\" content=\"Material:   ABS  Silicone    Design moderno e ergon\u00f3mico  Tipo: Texturada  2 n\u00edveis de intensidade  Efeitos ben\u00e9ficos:   estimula\u00e7\u00e3o dos &quot;pontos-gatilho&quot; (trigger points)  massagem localizada em profundidade    Utiliza\u00e7\u00e3o c\u00f3moda, simples e segura  Ocupa pouco espa\u00e7o  Leve e male\u00e1vel  F\u00e1cil de transportar e de guardar  F\u00e1cil limpeza  Medidas aprox.: \u00d8 8 cm  Funciona com pilhas (3 x AAA, n\u00e3o inclu\u00eddas)  https:\/\/youtu.be\/5vHaN0TjcLY\" \/>\n<meta property=\"og:url\" content=\"https:\/\/curiosidadesedicas.com\/loja\/produto\/bola-de-massagem-vibratoria\/\" \/>\n<meta property=\"og:site_name\" content=\"Curiosidades &amp; Dicas, Lda\" \/>\n<meta property=\"article:modified_time\" content=\"2020-07-01T11:39:36+00:00\" \/>\n<meta property=\"og:image\" content=\"https:\/\/curiosidadesedicas.com\/loja\/wp-content\/uploads\/2020\/07\/bola-de-massagem-vibratoria-noknot-innovagoods_123398.jpg\" \/>\n\t<meta property=\"og:image:width\" content=\"600\" \/>\n\t<meta property=\"og:image:height\" content=\"600\" \/>\n\t<meta property=\"og:image:type\" content=\"image\/jpeg\" \/>\n<meta name=\"twitter:card\" content=\"summary_large_image\" \/>\n<script type=\"application\/ld+json\" class=\"yoast-schema-graph\">{\"@context\":\"https:\/\/schema.org\",\"@graph\":[{\"@type\":\"WebPage\",\"@id\":\"https:\/\/curiosidadesedicas.com\/loja\/produto\/bola-de-massagem-vibratoria\/\",\"url\":\"https:\/\/curiosidadesedicas.com\/loja\/produto\/bola-de-massagem-vibratoria\/\",\"name\":\"BOLA DE MASSAGEM VIBRAT\u00d3RIA - Curiosidades &amp; Dicas, Lda\",\"isPartOf\":{\"@id\":\"https:\/\/curiosidadesedicas.com\/loja\/#website\"},\"primaryImageOfPage\":{\"@id\":\"https:\/\/curiosidadesedicas.com\/loja\/produto\/bola-de-massagem-vibratoria\/#primaryimage\"},\"image\":{\"@id\":\"https:\/\/curiosidadesedicas.com\/loja\/produto\/bola-de-massagem-vibratoria\/#primaryimage\"},\"thumbnailUrl\":\"https:\/\/curiosidadesedicas.com\/loja\/wp-content\/uploads\/2020\/07\/bola-de-massagem-vibratoria-noknot-innovagoods_123398.jpg\",\"datePublished\":\"2020-07-01T11:17:40+00:00\",\"dateModified\":\"2020-07-01T11:39:36+00:00\",\"breadcrumb\":{\"@id\":\"https:\/\/curiosidadesedicas.com\/loja\/produto\/bola-de-massagem-vibratoria\/#breadcrumb\"},\"inLanguage\":\"pt-PT\",\"potentialAction\":[{\"@type\":\"ReadAction\",\"target\":[\"https:\/\/curiosidadesedicas.com\/loja\/produto\/bola-de-massagem-vibratoria\/\"]}]},{\"@type\":\"ImageObject\",\"inLanguage\":\"pt-PT\",\"@id\":\"https:\/\/curiosidadesedicas.com\/loja\/produto\/bola-de-massagem-vibratoria\/#primaryimage\",\"url\":\"https:\/\/curiosidadesedicas.com\/loja\/wp-content\/uploads\/2020\/07\/bola-de-massagem-vibratoria-noknot-innovagoods_123398.jpg\",\"contentUrl\":\"https:\/\/curiosidadesedicas.com\/loja\/wp-content\/uploads\/2020\/07\/bola-de-massagem-vibratoria-noknot-innovagoods_123398.jpg\",\"width\":600,\"height\":600},{\"@type\":\"BreadcrumbList\",\"@id\":\"https:\/\/curiosidadesedicas.com\/loja\/produto\/bola-de-massagem-vibratoria\/#breadcrumb\",\"itemListElement\":[{\"@type\":\"ListItem\",\"position\":1,\"name\":\"In\u00edcio\",\"item\":\"https:\/\/curiosidadesedicas.com\/loja\/\"},{\"@type\":\"ListItem\",\"position\":2,\"name\":\"Produtos\",\"item\":\"https:\/\/curiosidadesedicas.com\/loja\/produtos\/\"},{\"@type\":\"ListItem\",\"position\":3,\"name\":\"BOLA DE MASSAGEM VIBRAT\u00d3RIA\"}]},{\"@type\":\"WebSite\",\"@id\":\"https:\/\/curiosidadesedicas.com\/loja\/#website\",\"url\":\"https:\/\/curiosidadesedicas.com\/loja\/\",\"name\":\"Curiosidades &amp; Dicas, Lda\",\"description\":\"Apaixonados Por Inova\u00e7\u00e3o\",\"publisher\":{\"@id\":\"https:\/\/curiosidadesedicas.com\/loja\/#organization\"},\"potentialAction\":[{\"@type\":\"SearchAction\",\"target\":{\"@type\":\"EntryPoint\",\"urlTemplate\":\"https:\/\/curiosidadesedicas.com\/loja\/?s={search_term_string}\"},\"query-input\":{\"@type\":\"PropertyValueSpecification\",\"valueRequired\":true,\"valueName\":\"search_term_string\"}}],\"inLanguage\":\"pt-PT\"},{\"@type\":\"Organization\",\"@id\":\"https:\/\/curiosidadesedicas.com\/loja\/#organization\",\"name\":\"Curiosidades & Dicas\",\"url\":\"https:\/\/curiosidadesedicas.com\/loja\/\",\"logo\":{\"@type\":\"ImageObject\",\"inLanguage\":\"pt-PT\",\"@id\":\"https:\/\/curiosidadesedicas.com\/loja\/#\/schema\/logo\/image\/\",\"url\":\"https:\/\/curiosidadesedicas.com\/loja\/wp-content\/uploads\/2020\/05\/LogoCuriosidadesSimples.png\",\"contentUrl\":\"https:\/\/curiosidadesedicas.com\/loja\/wp-content\/uploads\/2020\/05\/LogoCuriosidadesSimples.png\",\"width\":3528,\"height\":804,\"caption\":\"Curiosidades & Dicas\"},\"image\":{\"@id\":\"https:\/\/curiosidadesedicas.com\/loja\/#\/schema\/logo\/image\/\"}}]}<\/script>\n<!-- \/ Yoast SEO plugin. -->","yoast_head_json":{"title":"BOLA DE MASSAGEM VIBRAT\u00d3RIA - Curiosidades &amp; Dicas, Lda","robots":{"index":"index","follow":"follow","max-snippet":"max-snippet:-1","max-image-preview":"max-image-preview:large","max-video-preview":"max-video-preview:-1"},"canonical":"https:\/\/curiosidadesedicas.com\/loja\/produto\/bola-de-massagem-vibratoria\/","og_locale":"pt_PT","og_type":"article","og_title":"BOLA DE MASSAGEM VIBRAT\u00d3RIA - Curiosidades &amp; Dicas, Lda","og_description":"Material:   ABS  Silicone    Design moderno e ergon\u00f3mico  Tipo: Texturada  2 n\u00edveis de intensidade  Efeitos ben\u00e9ficos:   estimula\u00e7\u00e3o dos \"pontos-gatilho\" (trigger points)  massagem localizada em profundidade    Utiliza\u00e7\u00e3o c\u00f3moda, simples e segura  Ocupa pouco espa\u00e7o  Leve e male\u00e1vel  F\u00e1cil de transportar e de guardar  F\u00e1cil limpeza  Medidas aprox.: \u00d8 8 cm  Funciona com pilhas (3 x AAA, n\u00e3o inclu\u00eddas)  https:\/\/youtu.be\/5vHaN0TjcLY","og_url":"https:\/\/curiosidadesedicas.com\/loja\/produto\/bola-de-massagem-vibratoria\/","og_site_name":"Curiosidades &amp; Dicas, Lda","article_modified_time":"2020-07-01T11:39:36+00:00","og_image":[{"width":600,"height":600,"url":"https:\/\/curiosidadesedicas.com\/loja\/wp-content\/uploads\/2020\/07\/bola-de-massagem-vibratoria-noknot-innovagoods_123398.jpg","type":"image\/jpeg"}],"twitter_card":"summary_large_image","schema":{"@context":"https:\/\/schema.org","@graph":[{"@type":"WebPage","@id":"https:\/\/curiosidadesedicas.com\/loja\/produto\/bola-de-massagem-vibratoria\/","url":"https:\/\/curiosidadesedicas.com\/loja\/produto\/bola-de-massagem-vibratoria\/","name":"BOLA DE MASSAGEM VIBRAT\u00d3RIA - Curiosidades &amp; Dicas, Lda","isPartOf":{"@id":"https:\/\/curiosidadesedicas.com\/loja\/#website"},"primaryImageOfPage":{"@id":"https:\/\/curiosidadesedicas.com\/loja\/produto\/bola-de-massagem-vibratoria\/#primaryimage"},"image":{"@id":"https:\/\/curiosidadesedicas.com\/loja\/produto\/bola-de-massagem-vibratoria\/#primaryimage"},"thumbnailUrl":"https:\/\/curiosidadesedicas.com\/loja\/wp-content\/uploads\/2020\/07\/bola-de-massagem-vibratoria-noknot-innovagoods_123398.jpg","datePublished":"2020-07-01T11:17:40+00:00","dateModified":"2020-07-01T11:39:36+00:00","breadcrumb":{"@id":"https:\/\/curiosidadesedicas.com\/loja\/produto\/bola-de-massagem-vibratoria\/#breadcrumb"},"inLanguage":"pt-PT","potentialAction":[{"@type":"ReadAction","target":["https:\/\/curiosidadesedicas.com\/loja\/produto\/bola-de-massagem-vibratoria\/"]}]},{"@type":"ImageObject","inLanguage":"pt-PT","@id":"https:\/\/curiosidadesedicas.com\/loja\/produto\/bola-de-massagem-vibratoria\/#primaryimage","url":"https:\/\/curiosidadesedicas.com\/loja\/wp-content\/uploads\/2020\/07\/bola-de-massagem-vibratoria-noknot-innovagoods_123398.jpg","contentUrl":"https:\/\/curiosidadesedicas.com\/loja\/wp-content\/uploads\/2020\/07\/bola-de-massagem-vibratoria-noknot-innovagoods_123398.jpg","width":600,"height":600},{"@type":"BreadcrumbList","@id":"https:\/\/curiosidadesedicas.com\/loja\/produto\/bola-de-massagem-vibratoria\/#breadcrumb","itemListElement":[{"@type":"ListItem","position":1,"name":"In\u00edcio","item":"https:\/\/curiosidadesedicas.com\/loja\/"},{"@type":"ListItem","position":2,"name":"Produtos","item":"https:\/\/curiosidadesedicas.com\/loja\/produtos\/"},{"@type":"ListItem","position":3,"name":"BOLA DE MASSAGEM VIBRAT\u00d3RIA"}]},{"@type":"WebSite","@id":"https:\/\/curiosidadesedicas.com\/loja\/#website","url":"https:\/\/curiosidadesedicas.com\/loja\/","name":"Curiosidades &amp; Dicas, Lda","description":"Apaixonados Por Inova\u00e7\u00e3o","publisher":{"@id":"https:\/\/curiosidadesedicas.com\/loja\/#organization"},"potentialAction":[{"@type":"SearchAction","target":{"@type":"EntryPoint","urlTemplate":"https:\/\/curiosidadesedicas.com\/loja\/?s={search_term_string}"},"query-input":{"@type":"PropertyValueSpecification","valueRequired":true,"valueName":"search_term_string"}}],"inLanguage":"pt-PT"},{"@type":"Organization","@id":"https:\/\/curiosidadesedicas.com\/loja\/#organization","name":"Curiosidades & Dicas","url":"https:\/\/curiosidadesedicas.com\/loja\/","logo":{"@type":"ImageObject","inLanguage":"pt-PT","@id":"https:\/\/curiosidadesedicas.com\/loja\/#\/schema\/logo\/image\/","url":"https:\/\/curiosidadesedicas.com\/loja\/wp-content\/uploads\/2020\/05\/LogoCuriosidadesSimples.png","contentUrl":"https:\/\/curiosidadesedicas.com\/loja\/wp-content\/uploads\/2020\/05\/LogoCuriosidadesSimples.png","width":3528,"height":804,"caption":"Curiosidades & Dicas"},"image":{"@id":"https:\/\/curiosidadesedicas.com\/loja\/#\/schema\/logo\/image\/"}}]}},"_links":{"self":[{"href":"https:\/\/curiosidadesedicas.com\/loja\/wp-json\/wp\/v2\/product\/16800","targetHints":{"allow":["GET"]}}],"collection":[{"href":"https:\/\/curiosidadesedicas.com\/loja\/wp-json\/wp\/v2\/product"}],"about":[{"href":"https:\/\/curiosidadesedicas.com\/loja\/wp-json\/wp\/v2\/types\/product"}],"replies":[{"embeddable":true,"href":"https:\/\/curiosidadesedicas.com\/loja\/wp-json\/wp\/v2\/comments?post=16800"}],"wp:featuredmedia":[{"embeddable":true,"href":"https:\/\/curiosidadesedicas.com\/loja\/wp-json\/wp\/v2\/media\/16808"}],"wp:attachment":[{"href":"https:\/\/curiosidadesedicas.com\/loja\/wp-json\/wp\/v2\/media?parent=16800"}],"wp:term":[{"taxonomy":"product_brand","embeddable":true,"href":"https:\/\/curiosidadesedicas.com\/loja\/wp-json\/wp\/v2\/product_brand?post=16800"},{"taxonomy":"product_cat","embeddable":true,"href":"https:\/\/curiosidadesedicas.com\/loja\/wp-json\/wp\/v2\/product_cat?post=16800"},{"taxonomy":"product_tag","embeddable":true,"href":"https:\/\/curiosidadesedicas.com\/loja\/wp-json\/wp\/v2\/product_tag?post=16800"}],"curies":[{"name":"wp","href":"https:\/\/api.w.org\/{rel}","templated":true}]}}