{"id":16671,"date":"2020-06-30T18:22:26","date_gmt":"2020-06-30T18:22:26","guid":{"rendered":"https:\/\/curiosidadesedicas.com\/loja\/?post_type=product&#038;p=16671"},"modified":"2025-03-18T15:50:33","modified_gmt":"2025-03-18T15:50:33","slug":"toalha-desportiva-de-arrefecimento-instantaneo-efeito-gelo","status":"publish","type":"product","link":"https:\/\/curiosidadesedicas.com\/loja\/produto\/toalha-desportiva-de-arrefecimento-instantaneo-efeito-gelo\/","title":{"rendered":"TOALHA DESPORTIVA DE ARREFECIMENTO INSTANT\u00c2NEO EFEITO GELO"},"content":{"rendered":"<p>Uma toalha original e inovadora, que \u00e9 ideal para uma pessoa se refrescar ap\u00f3s a pr\u00e1tica desportiva e o exerc\u00edcio, podendo igualmente ser utilizada durante a realiza\u00e7\u00e3o de trabalhos f\u00edsicos, viagens ou qualquer momento de desconforto provocado pelo calor e a transpira\u00e7\u00e3o. Gra\u00e7as aos seus materiais especiais, basta molh\u00e1-la, esprem\u00ea-la e coloc\u00e1-la na \u00e1rea desejada (pesco\u00e7o, testa, cabe\u00e7a, etc.), por forma a sentir uma agrad\u00e1vel e relaxante sensa\u00e7\u00e3o de refresco.<\/p>\n","protected":false},"excerpt":{"rendered":"<ul>\n<li>Fabricada em PVA<\/li>\n<li>Reutiliz\u00e1vel, transpir\u00e1vel e anti-odores<\/li>\n<li>Efeito frio at\u00e9 3 h<\/li>\n<li>At\u00e9 20\u00baC abaixo da temperatura ambiente<\/li>\n<li>Prote\u00e7\u00e3o solar: UPF 50+<\/li>\n<li>Inclui um c\u00f3modo estojo de transporte<\/li>\n<li>Medidas aprox.: 66 x 43 cm<\/li>\n<\/ul>\n","protected":false},"featured_media":16672,"comment_status":"open","ping_status":"closed","template":"","meta":{"_glsr_average":0,"_glsr_ranking":0,"_glsr_reviews":0},"product_brand":[],"product_cat":[357,361],"product_tag":[],"class_list":{"0":"post-16671","1":"product","2":"type-product","3":"status-publish","4":"has-post-thumbnail","6":"product_cat-bem-estar","7":"product_cat-desporto","9":"first","10":"instock","11":"taxable","12":"shipping-taxable","13":"purchasable","14":"product-type-simple"},"yoast_head":"<!-- This site is optimized with the Yoast SEO plugin v26.8 - https:\/\/yoast.com\/product\/yoast-seo-wordpress\/ -->\n<title>TOALHA DESPORTIVA DE ARREFECIMENTO INSTANT\u00c2NEO EFEITO GELO - Curiosidades &amp; Dicas, Lda<\/title>\n<meta name=\"robots\" content=\"index, follow, max-snippet:-1, max-image-preview:large, max-video-preview:-1\" \/>\n<link rel=\"canonical\" href=\"https:\/\/curiosidadesedicas.com\/loja\/produto\/toalha-desportiva-de-arrefecimento-instantaneo-efeito-gelo\/\" \/>\n<meta property=\"og:locale\" content=\"pt_PT\" \/>\n<meta property=\"og:type\" content=\"article\" \/>\n<meta property=\"og:title\" content=\"TOALHA DESPORTIVA DE ARREFECIMENTO INSTANT\u00c2NEO EFEITO GELO - Curiosidades &amp; Dicas, Lda\" \/>\n<meta property=\"og:description\" content=\"Fabricada em PVA  Reutiliz\u00e1vel, transpir\u00e1vel e anti-odores  Efeito frio at\u00e9 3 h  At\u00e9 20\u00baC abaixo da temperatura ambiente  Prote\u00e7\u00e3o solar: UPF 50+  Inclui um c\u00f3modo estojo de transporte  Medidas aprox.: 66 x 43 cm\" \/>\n<meta property=\"og:url\" content=\"https:\/\/curiosidadesedicas.com\/loja\/produto\/toalha-desportiva-de-arrefecimento-instantaneo-efeito-gelo\/\" \/>\n<meta property=\"og:site_name\" content=\"Curiosidades &amp; Dicas, Lda\" \/>\n<meta property=\"article:modified_time\" content=\"2025-03-18T15:50:33+00:00\" \/>\n<meta property=\"og:image\" content=\"https:\/\/curiosidadesedicas.com\/loja\/wp-content\/uploads\/2020\/06\/toalha-desportiva-de-arrefecimento-instantaneo-efeito-gelo-innovagoods.jpg\" \/>\n\t<meta property=\"og:image:width\" content=\"600\" \/>\n\t<meta property=\"og:image:height\" content=\"600\" \/>\n\t<meta property=\"og:image:type\" content=\"image\/jpeg\" \/>\n<meta name=\"twitter:card\" content=\"summary_large_image\" \/>\n<meta name=\"twitter:label1\" content=\"Tempo estimado de leitura\" \/>\n\t<meta name=\"twitter:data1\" content=\"1 minuto\" \/>\n<script type=\"application\/ld+json\" class=\"yoast-schema-graph\">{\"@context\":\"https:\/\/schema.org\",\"@graph\":[{\"@type\":\"WebPage\",\"@id\":\"https:\/\/curiosidadesedicas.com\/loja\/produto\/toalha-desportiva-de-arrefecimento-instantaneo-efeito-gelo\/\",\"url\":\"https:\/\/curiosidadesedicas.com\/loja\/produto\/toalha-desportiva-de-arrefecimento-instantaneo-efeito-gelo\/\",\"name\":\"TOALHA DESPORTIVA DE ARREFECIMENTO INSTANT\u00c2NEO EFEITO GELO - Curiosidades &amp; Dicas, Lda\",\"isPartOf\":{\"@id\":\"https:\/\/curiosidadesedicas.com\/loja\/#website\"},\"primaryImageOfPage\":{\"@id\":\"https:\/\/curiosidadesedicas.com\/loja\/produto\/toalha-desportiva-de-arrefecimento-instantaneo-efeito-gelo\/#primaryimage\"},\"image\":{\"@id\":\"https:\/\/curiosidadesedicas.com\/loja\/produto\/toalha-desportiva-de-arrefecimento-instantaneo-efeito-gelo\/#primaryimage\"},\"thumbnailUrl\":\"https:\/\/curiosidadesedicas.com\/loja\/wp-content\/uploads\/2020\/06\/toalha-desportiva-de-arrefecimento-instantaneo-efeito-gelo-innovagoods.jpg\",\"datePublished\":\"2020-06-30T18:22:26+00:00\",\"dateModified\":\"2025-03-18T15:50:33+00:00\",\"breadcrumb\":{\"@id\":\"https:\/\/curiosidadesedicas.com\/loja\/produto\/toalha-desportiva-de-arrefecimento-instantaneo-efeito-gelo\/#breadcrumb\"},\"inLanguage\":\"pt-PT\",\"potentialAction\":[{\"@type\":\"ReadAction\",\"target\":[\"https:\/\/curiosidadesedicas.com\/loja\/produto\/toalha-desportiva-de-arrefecimento-instantaneo-efeito-gelo\/\"]}]},{\"@type\":\"ImageObject\",\"inLanguage\":\"pt-PT\",\"@id\":\"https:\/\/curiosidadesedicas.com\/loja\/produto\/toalha-desportiva-de-arrefecimento-instantaneo-efeito-gelo\/#primaryimage\",\"url\":\"https:\/\/curiosidadesedicas.com\/loja\/wp-content\/uploads\/2020\/06\/toalha-desportiva-de-arrefecimento-instantaneo-efeito-gelo-innovagoods.jpg\",\"contentUrl\":\"https:\/\/curiosidadesedicas.com\/loja\/wp-content\/uploads\/2020\/06\/toalha-desportiva-de-arrefecimento-instantaneo-efeito-gelo-innovagoods.jpg\",\"width\":600,\"height\":600},{\"@type\":\"BreadcrumbList\",\"@id\":\"https:\/\/curiosidadesedicas.com\/loja\/produto\/toalha-desportiva-de-arrefecimento-instantaneo-efeito-gelo\/#breadcrumb\",\"itemListElement\":[{\"@type\":\"ListItem\",\"position\":1,\"name\":\"In\u00edcio\",\"item\":\"https:\/\/curiosidadesedicas.com\/loja\/\"},{\"@type\":\"ListItem\",\"position\":2,\"name\":\"Produtos\",\"item\":\"https:\/\/curiosidadesedicas.com\/loja\/produtos\/\"},{\"@type\":\"ListItem\",\"position\":3,\"name\":\"TOALHA DESPORTIVA DE ARREFECIMENTO INSTANT\u00c2NEO EFEITO GELO\"}]},{\"@type\":\"WebSite\",\"@id\":\"https:\/\/curiosidadesedicas.com\/loja\/#website\",\"url\":\"https:\/\/curiosidadesedicas.com\/loja\/\",\"name\":\"Curiosidades &amp; Dicas, Lda\",\"description\":\"Apaixonados Por Inova\u00e7\u00e3o\",\"publisher\":{\"@id\":\"https:\/\/curiosidadesedicas.com\/loja\/#organization\"},\"potentialAction\":[{\"@type\":\"SearchAction\",\"target\":{\"@type\":\"EntryPoint\",\"urlTemplate\":\"https:\/\/curiosidadesedicas.com\/loja\/?s={search_term_string}\"},\"query-input\":{\"@type\":\"PropertyValueSpecification\",\"valueRequired\":true,\"valueName\":\"search_term_string\"}}],\"inLanguage\":\"pt-PT\"},{\"@type\":\"Organization\",\"@id\":\"https:\/\/curiosidadesedicas.com\/loja\/#organization\",\"name\":\"Curiosidades & Dicas\",\"url\":\"https:\/\/curiosidadesedicas.com\/loja\/\",\"logo\":{\"@type\":\"ImageObject\",\"inLanguage\":\"pt-PT\",\"@id\":\"https:\/\/curiosidadesedicas.com\/loja\/#\/schema\/logo\/image\/\",\"url\":\"https:\/\/curiosidadesedicas.com\/loja\/wp-content\/uploads\/2020\/05\/LogoCuriosidadesSimples.png\",\"contentUrl\":\"https:\/\/curiosidadesedicas.com\/loja\/wp-content\/uploads\/2020\/05\/LogoCuriosidadesSimples.png\",\"width\":3528,\"height\":804,\"caption\":\"Curiosidades & Dicas\"},\"image\":{\"@id\":\"https:\/\/curiosidadesedicas.com\/loja\/#\/schema\/logo\/image\/\"}}]}<\/script>\n<!-- \/ Yoast SEO plugin. -->","yoast_head_json":{"title":"TOALHA DESPORTIVA DE ARREFECIMENTO INSTANT\u00c2NEO EFEITO GELO - Curiosidades &amp; Dicas, Lda","robots":{"index":"index","follow":"follow","max-snippet":"max-snippet:-1","max-image-preview":"max-image-preview:large","max-video-preview":"max-video-preview:-1"},"canonical":"https:\/\/curiosidadesedicas.com\/loja\/produto\/toalha-desportiva-de-arrefecimento-instantaneo-efeito-gelo\/","og_locale":"pt_PT","og_type":"article","og_title":"TOALHA DESPORTIVA DE ARREFECIMENTO INSTANT\u00c2NEO EFEITO GELO - Curiosidades &amp; Dicas, Lda","og_description":"Fabricada em PVA  Reutiliz\u00e1vel, transpir\u00e1vel e anti-odores  Efeito frio at\u00e9 3 h  At\u00e9 20\u00baC abaixo da temperatura ambiente  Prote\u00e7\u00e3o solar: UPF 50+  Inclui um c\u00f3modo estojo de transporte  Medidas aprox.: 66 x 43 cm","og_url":"https:\/\/curiosidadesedicas.com\/loja\/produto\/toalha-desportiva-de-arrefecimento-instantaneo-efeito-gelo\/","og_site_name":"Curiosidades &amp; Dicas, Lda","article_modified_time":"2025-03-18T15:50:33+00:00","og_image":[{"width":600,"height":600,"url":"https:\/\/curiosidadesedicas.com\/loja\/wp-content\/uploads\/2020\/06\/toalha-desportiva-de-arrefecimento-instantaneo-efeito-gelo-innovagoods.jpg","type":"image\/jpeg"}],"twitter_card":"summary_large_image","twitter_misc":{"Tempo estimado de leitura":"1 minuto"},"schema":{"@context":"https:\/\/schema.org","@graph":[{"@type":"WebPage","@id":"https:\/\/curiosidadesedicas.com\/loja\/produto\/toalha-desportiva-de-arrefecimento-instantaneo-efeito-gelo\/","url":"https:\/\/curiosidadesedicas.com\/loja\/produto\/toalha-desportiva-de-arrefecimento-instantaneo-efeito-gelo\/","name":"TOALHA DESPORTIVA DE ARREFECIMENTO INSTANT\u00c2NEO EFEITO GELO - Curiosidades &amp; Dicas, Lda","isPartOf":{"@id":"https:\/\/curiosidadesedicas.com\/loja\/#website"},"primaryImageOfPage":{"@id":"https:\/\/curiosidadesedicas.com\/loja\/produto\/toalha-desportiva-de-arrefecimento-instantaneo-efeito-gelo\/#primaryimage"},"image":{"@id":"https:\/\/curiosidadesedicas.com\/loja\/produto\/toalha-desportiva-de-arrefecimento-instantaneo-efeito-gelo\/#primaryimage"},"thumbnailUrl":"https:\/\/curiosidadesedicas.com\/loja\/wp-content\/uploads\/2020\/06\/toalha-desportiva-de-arrefecimento-instantaneo-efeito-gelo-innovagoods.jpg","datePublished":"2020-06-30T18:22:26+00:00","dateModified":"2025-03-18T15:50:33+00:00","breadcrumb":{"@id":"https:\/\/curiosidadesedicas.com\/loja\/produto\/toalha-desportiva-de-arrefecimento-instantaneo-efeito-gelo\/#breadcrumb"},"inLanguage":"pt-PT","potentialAction":[{"@type":"ReadAction","target":["https:\/\/curiosidadesedicas.com\/loja\/produto\/toalha-desportiva-de-arrefecimento-instantaneo-efeito-gelo\/"]}]},{"@type":"ImageObject","inLanguage":"pt-PT","@id":"https:\/\/curiosidadesedicas.com\/loja\/produto\/toalha-desportiva-de-arrefecimento-instantaneo-efeito-gelo\/#primaryimage","url":"https:\/\/curiosidadesedicas.com\/loja\/wp-content\/uploads\/2020\/06\/toalha-desportiva-de-arrefecimento-instantaneo-efeito-gelo-innovagoods.jpg","contentUrl":"https:\/\/curiosidadesedicas.com\/loja\/wp-content\/uploads\/2020\/06\/toalha-desportiva-de-arrefecimento-instantaneo-efeito-gelo-innovagoods.jpg","width":600,"height":600},{"@type":"BreadcrumbList","@id":"https:\/\/curiosidadesedicas.com\/loja\/produto\/toalha-desportiva-de-arrefecimento-instantaneo-efeito-gelo\/#breadcrumb","itemListElement":[{"@type":"ListItem","position":1,"name":"In\u00edcio","item":"https:\/\/curiosidadesedicas.com\/loja\/"},{"@type":"ListItem","position":2,"name":"Produtos","item":"https:\/\/curiosidadesedicas.com\/loja\/produtos\/"},{"@type":"ListItem","position":3,"name":"TOALHA DESPORTIVA DE ARREFECIMENTO INSTANT\u00c2NEO EFEITO GELO"}]},{"@type":"WebSite","@id":"https:\/\/curiosidadesedicas.com\/loja\/#website","url":"https:\/\/curiosidadesedicas.com\/loja\/","name":"Curiosidades &amp; Dicas, Lda","description":"Apaixonados Por Inova\u00e7\u00e3o","publisher":{"@id":"https:\/\/curiosidadesedicas.com\/loja\/#organization"},"potentialAction":[{"@type":"SearchAction","target":{"@type":"EntryPoint","urlTemplate":"https:\/\/curiosidadesedicas.com\/loja\/?s={search_term_string}"},"query-input":{"@type":"PropertyValueSpecification","valueRequired":true,"valueName":"search_term_string"}}],"inLanguage":"pt-PT"},{"@type":"Organization","@id":"https:\/\/curiosidadesedicas.com\/loja\/#organization","name":"Curiosidades & Dicas","url":"https:\/\/curiosidadesedicas.com\/loja\/","logo":{"@type":"ImageObject","inLanguage":"pt-PT","@id":"https:\/\/curiosidadesedicas.com\/loja\/#\/schema\/logo\/image\/","url":"https:\/\/curiosidadesedicas.com\/loja\/wp-content\/uploads\/2020\/05\/LogoCuriosidadesSimples.png","contentUrl":"https:\/\/curiosidadesedicas.com\/loja\/wp-content\/uploads\/2020\/05\/LogoCuriosidadesSimples.png","width":3528,"height":804,"caption":"Curiosidades & Dicas"},"image":{"@id":"https:\/\/curiosidadesedicas.com\/loja\/#\/schema\/logo\/image\/"}}]}},"_links":{"self":[{"href":"https:\/\/curiosidadesedicas.com\/loja\/wp-json\/wp\/v2\/product\/16671","targetHints":{"allow":["GET"]}}],"collection":[{"href":"https:\/\/curiosidadesedicas.com\/loja\/wp-json\/wp\/v2\/product"}],"about":[{"href":"https:\/\/curiosidadesedicas.com\/loja\/wp-json\/wp\/v2\/types\/product"}],"replies":[{"embeddable":true,"href":"https:\/\/curiosidadesedicas.com\/loja\/wp-json\/wp\/v2\/comments?post=16671"}],"wp:featuredmedia":[{"embeddable":true,"href":"https:\/\/curiosidadesedicas.com\/loja\/wp-json\/wp\/v2\/media\/16672"}],"wp:attachment":[{"href":"https:\/\/curiosidadesedicas.com\/loja\/wp-json\/wp\/v2\/media?parent=16671"}],"wp:term":[{"taxonomy":"product_brand","embeddable":true,"href":"https:\/\/curiosidadesedicas.com\/loja\/wp-json\/wp\/v2\/product_brand?post=16671"},{"taxonomy":"product_cat","embeddable":true,"href":"https:\/\/curiosidadesedicas.com\/loja\/wp-json\/wp\/v2\/product_cat?post=16671"},{"taxonomy":"product_tag","embeddable":true,"href":"https:\/\/curiosidadesedicas.com\/loja\/wp-json\/wp\/v2\/product_tag?post=16671"}],"curies":[{"name":"wp","href":"https:\/\/api.w.org\/{rel}","templated":true}]}}