{"id":16429,"date":"2020-06-29T09:36:04","date_gmt":"2020-06-29T09:36:04","guid":{"rendered":"https:\/\/curiosidadesedicas.com\/loja\/?post_type=product&#038;p=16429"},"modified":"2020-06-29T12:00:30","modified_gmt":"2020-06-29T12:00:30","slug":"limpador-de-ouvidos-eletrico-reutilizavel","status":"publish","type":"product","link":"https:\/\/curiosidadesedicas.com\/loja\/produto\/limpador-de-ouvidos-eletrico-reutilizavel\/","title":{"rendered":"LIMPADOR DE OUVIDOS EL\u00c9TRICO REUTILIZ\u00c1VEL"},"content":{"rendered":"<p>Um limpador de ouvidos cujo design el\u00e9trico e reutiliz\u00e1vel oferece uma s\u00e9rie de vantagens. Muito pr\u00e1tico e confort\u00e1vel para a limpeza dos ouvidos, bastando pressionar um bot\u00e3o. Disp\u00f5e de luz LED para melhorar a visualiza\u00e7\u00e3o durante a utiliza\u00e7\u00e3o e de v\u00e1rias pontas de silicone que se adaptam aos ouvidos de pessoas com diversas idades ou tamanhos de ouvidos diferentes. Al\u00e9m disso, trata-se de um produto ecol\u00f3gico, uma vez que \u00e9 reutiliz\u00e1vel, evitando a utiliza\u00e7\u00e3o dos tradicionais cotonetes, que tanto poluem o ambiente.<\/p>\n","protected":false},"excerpt":{"rendered":"<ul>\n<li>Material:\n<ul>\n<li>ABS<\/li>\n<li>PVC<\/li>\n<li>PC<\/li>\n<\/ul>\n<\/li>\n<li>Design inovador e funcional<\/li>\n<li>Ecol\u00f3gico: substitui os tradicionais cotonetes poluentes<\/li>\n<li>Leve e male\u00e1vel<\/li>\n<li>Utiliza\u00e7\u00e3o c\u00f3moda e simples<\/li>\n<li>Ideal para crian\u00e7as e adultos<\/li>\n<li>Tipo: El\u00e9trico<\/li>\n<li>Bot\u00e3o: On\/Off<\/li>\n<li>LED: Luz Branca<\/li>\n<li>3 pontas de limpeza de silicone em diferentes tamanhos<\/li>\n<li>Ponta de massagem de silicone<\/li>\n<li>Todas as pontas de silicone intercambe\u00e1veis s\u00e3o lav\u00e1veis e reutiliz\u00e1veis<\/li>\n<li>Inclui: Escova de Limpeza<\/li>\n<li>Embalagem-estojo de apresenta\u00e7\u00e3o com fecho magn\u00e9tico<\/li>\n<li>Funciona com pilhas (2 x AAA, n\u00e3o inclu\u00eddas)<\/li>\n<li>Medidas aprox.: 3 x 13 x 3 cm<\/li>\n<\/ul>\n<p>https:\/\/youtu.be\/MuBT_RacrVw<\/p>\n","protected":false},"featured_media":16435,"comment_status":"open","ping_status":"closed","template":"","meta":{"_glsr_average":0,"_glsr_ranking":0,"_glsr_reviews":0},"product_brand":[],"product_cat":[357,358],"product_tag":[],"class_list":{"0":"post-16429","1":"product","2":"type-product","3":"status-publish","4":"has-post-thumbnail","6":"product_cat-bem-estar","7":"product_cat-saude-e-higiene","9":"first","10":"instock","11":"taxable","12":"shipping-taxable","13":"purchasable","14":"product-type-simple"},"yoast_head":"<!-- This site is optimized with the Yoast SEO plugin v26.8 - https:\/\/yoast.com\/product\/yoast-seo-wordpress\/ -->\n<title>LIMPADOR DE OUVIDOS EL\u00c9TRICO REUTILIZ\u00c1VEL - Curiosidades &amp; Dicas, Lda<\/title>\n<meta name=\"robots\" content=\"index, follow, max-snippet:-1, max-image-preview:large, max-video-preview:-1\" \/>\n<link rel=\"canonical\" href=\"https:\/\/curiosidadesedicas.com\/loja\/produto\/limpador-de-ouvidos-eletrico-reutilizavel\/\" \/>\n<meta property=\"og:locale\" content=\"pt_PT\" \/>\n<meta property=\"og:type\" content=\"article\" \/>\n<meta property=\"og:title\" content=\"LIMPADOR DE OUVIDOS EL\u00c9TRICO REUTILIZ\u00c1VEL - Curiosidades &amp; Dicas, Lda\" \/>\n<meta property=\"og:description\" content=\"Material:   ABS  PVC  PC    Design inovador e funcional  Ecol\u00f3gico: substitui os tradicionais cotonetes poluentes  Leve e male\u00e1vel  Utiliza\u00e7\u00e3o c\u00f3moda e simples  Ideal para crian\u00e7as e adultos  Tipo: El\u00e9trico  Bot\u00e3o: On\/Off  LED: Luz Branca  3 pontas de limpeza de silicone em diferentes tamanhos  Ponta de massagem de silicone  Todas as pontas de silicone intercambe\u00e1veis s\u00e3o lav\u00e1veis e reutiliz\u00e1veis  Inclui: Escova de Limpeza  Embalagem-estojo de apresenta\u00e7\u00e3o com fecho magn\u00e9tico  Funciona com pilhas (2 x AAA, n\u00e3o inclu\u00eddas)  Medidas aprox.: 3 x 13 x 3 cm  https:\/\/youtu.be\/MuBT_RacrVw\" \/>\n<meta property=\"og:url\" content=\"https:\/\/curiosidadesedicas.com\/loja\/produto\/limpador-de-ouvidos-eletrico-reutilizavel\/\" \/>\n<meta property=\"og:site_name\" content=\"Curiosidades &amp; Dicas, Lda\" \/>\n<meta property=\"article:modified_time\" content=\"2020-06-29T12:00:30+00:00\" \/>\n<meta property=\"og:image\" content=\"https:\/\/curiosidadesedicas.com\/loja\/wp-content\/uploads\/2020\/06\/limpador-de-ouviddos-eletrico-reutilizavel-clinear-innovagoods_120701.jpg\" \/>\n\t<meta property=\"og:image:width\" content=\"600\" \/>\n\t<meta property=\"og:image:height\" content=\"600\" \/>\n\t<meta property=\"og:image:type\" content=\"image\/jpeg\" \/>\n<meta name=\"twitter:card\" content=\"summary_large_image\" \/>\n<script type=\"application\/ld+json\" class=\"yoast-schema-graph\">{\"@context\":\"https:\/\/schema.org\",\"@graph\":[{\"@type\":\"WebPage\",\"@id\":\"https:\/\/curiosidadesedicas.com\/loja\/produto\/limpador-de-ouvidos-eletrico-reutilizavel\/\",\"url\":\"https:\/\/curiosidadesedicas.com\/loja\/produto\/limpador-de-ouvidos-eletrico-reutilizavel\/\",\"name\":\"LIMPADOR DE OUVIDOS EL\u00c9TRICO REUTILIZ\u00c1VEL - Curiosidades &amp; Dicas, Lda\",\"isPartOf\":{\"@id\":\"https:\/\/curiosidadesedicas.com\/loja\/#website\"},\"primaryImageOfPage\":{\"@id\":\"https:\/\/curiosidadesedicas.com\/loja\/produto\/limpador-de-ouvidos-eletrico-reutilizavel\/#primaryimage\"},\"image\":{\"@id\":\"https:\/\/curiosidadesedicas.com\/loja\/produto\/limpador-de-ouvidos-eletrico-reutilizavel\/#primaryimage\"},\"thumbnailUrl\":\"https:\/\/curiosidadesedicas.com\/loja\/wp-content\/uploads\/2020\/06\/limpador-de-ouviddos-eletrico-reutilizavel-clinear-innovagoods_120701.jpg\",\"datePublished\":\"2020-06-29T09:36:04+00:00\",\"dateModified\":\"2020-06-29T12:00:30+00:00\",\"breadcrumb\":{\"@id\":\"https:\/\/curiosidadesedicas.com\/loja\/produto\/limpador-de-ouvidos-eletrico-reutilizavel\/#breadcrumb\"},\"inLanguage\":\"pt-PT\",\"potentialAction\":[{\"@type\":\"ReadAction\",\"target\":[\"https:\/\/curiosidadesedicas.com\/loja\/produto\/limpador-de-ouvidos-eletrico-reutilizavel\/\"]}]},{\"@type\":\"ImageObject\",\"inLanguage\":\"pt-PT\",\"@id\":\"https:\/\/curiosidadesedicas.com\/loja\/produto\/limpador-de-ouvidos-eletrico-reutilizavel\/#primaryimage\",\"url\":\"https:\/\/curiosidadesedicas.com\/loja\/wp-content\/uploads\/2020\/06\/limpador-de-ouviddos-eletrico-reutilizavel-clinear-innovagoods_120701.jpg\",\"contentUrl\":\"https:\/\/curiosidadesedicas.com\/loja\/wp-content\/uploads\/2020\/06\/limpador-de-ouviddos-eletrico-reutilizavel-clinear-innovagoods_120701.jpg\",\"width\":600,\"height\":600},{\"@type\":\"BreadcrumbList\",\"@id\":\"https:\/\/curiosidadesedicas.com\/loja\/produto\/limpador-de-ouvidos-eletrico-reutilizavel\/#breadcrumb\",\"itemListElement\":[{\"@type\":\"ListItem\",\"position\":1,\"name\":\"In\u00edcio\",\"item\":\"https:\/\/curiosidadesedicas.com\/loja\/\"},{\"@type\":\"ListItem\",\"position\":2,\"name\":\"Produtos\",\"item\":\"https:\/\/curiosidadesedicas.com\/loja\/produtos\/\"},{\"@type\":\"ListItem\",\"position\":3,\"name\":\"LIMPADOR DE OUVIDOS EL\u00c9TRICO REUTILIZ\u00c1VEL\"}]},{\"@type\":\"WebSite\",\"@id\":\"https:\/\/curiosidadesedicas.com\/loja\/#website\",\"url\":\"https:\/\/curiosidadesedicas.com\/loja\/\",\"name\":\"Curiosidades &amp; Dicas, Lda\",\"description\":\"Apaixonados Por Inova\u00e7\u00e3o\",\"publisher\":{\"@id\":\"https:\/\/curiosidadesedicas.com\/loja\/#organization\"},\"potentialAction\":[{\"@type\":\"SearchAction\",\"target\":{\"@type\":\"EntryPoint\",\"urlTemplate\":\"https:\/\/curiosidadesedicas.com\/loja\/?s={search_term_string}\"},\"query-input\":{\"@type\":\"PropertyValueSpecification\",\"valueRequired\":true,\"valueName\":\"search_term_string\"}}],\"inLanguage\":\"pt-PT\"},{\"@type\":\"Organization\",\"@id\":\"https:\/\/curiosidadesedicas.com\/loja\/#organization\",\"name\":\"Curiosidades & Dicas\",\"url\":\"https:\/\/curiosidadesedicas.com\/loja\/\",\"logo\":{\"@type\":\"ImageObject\",\"inLanguage\":\"pt-PT\",\"@id\":\"https:\/\/curiosidadesedicas.com\/loja\/#\/schema\/logo\/image\/\",\"url\":\"https:\/\/curiosidadesedicas.com\/loja\/wp-content\/uploads\/2020\/05\/LogoCuriosidadesSimples.png\",\"contentUrl\":\"https:\/\/curiosidadesedicas.com\/loja\/wp-content\/uploads\/2020\/05\/LogoCuriosidadesSimples.png\",\"width\":3528,\"height\":804,\"caption\":\"Curiosidades & Dicas\"},\"image\":{\"@id\":\"https:\/\/curiosidadesedicas.com\/loja\/#\/schema\/logo\/image\/\"}}]}<\/script>\n<!-- \/ Yoast SEO plugin. -->","yoast_head_json":{"title":"LIMPADOR DE OUVIDOS EL\u00c9TRICO REUTILIZ\u00c1VEL - Curiosidades &amp; Dicas, Lda","robots":{"index":"index","follow":"follow","max-snippet":"max-snippet:-1","max-image-preview":"max-image-preview:large","max-video-preview":"max-video-preview:-1"},"canonical":"https:\/\/curiosidadesedicas.com\/loja\/produto\/limpador-de-ouvidos-eletrico-reutilizavel\/","og_locale":"pt_PT","og_type":"article","og_title":"LIMPADOR DE OUVIDOS EL\u00c9TRICO REUTILIZ\u00c1VEL - Curiosidades &amp; Dicas, Lda","og_description":"Material:   ABS  PVC  PC    Design inovador e funcional  Ecol\u00f3gico: substitui os tradicionais cotonetes poluentes  Leve e male\u00e1vel  Utiliza\u00e7\u00e3o c\u00f3moda e simples  Ideal para crian\u00e7as e adultos  Tipo: El\u00e9trico  Bot\u00e3o: On\/Off  LED: Luz Branca  3 pontas de limpeza de silicone em diferentes tamanhos  Ponta de massagem de silicone  Todas as pontas de silicone intercambe\u00e1veis s\u00e3o lav\u00e1veis e reutiliz\u00e1veis  Inclui: Escova de Limpeza  Embalagem-estojo de apresenta\u00e7\u00e3o com fecho magn\u00e9tico  Funciona com pilhas (2 x AAA, n\u00e3o inclu\u00eddas)  Medidas aprox.: 3 x 13 x 3 cm  https:\/\/youtu.be\/MuBT_RacrVw","og_url":"https:\/\/curiosidadesedicas.com\/loja\/produto\/limpador-de-ouvidos-eletrico-reutilizavel\/","og_site_name":"Curiosidades &amp; Dicas, Lda","article_modified_time":"2020-06-29T12:00:30+00:00","og_image":[{"width":600,"height":600,"url":"https:\/\/curiosidadesedicas.com\/loja\/wp-content\/uploads\/2020\/06\/limpador-de-ouviddos-eletrico-reutilizavel-clinear-innovagoods_120701.jpg","type":"image\/jpeg"}],"twitter_card":"summary_large_image","schema":{"@context":"https:\/\/schema.org","@graph":[{"@type":"WebPage","@id":"https:\/\/curiosidadesedicas.com\/loja\/produto\/limpador-de-ouvidos-eletrico-reutilizavel\/","url":"https:\/\/curiosidadesedicas.com\/loja\/produto\/limpador-de-ouvidos-eletrico-reutilizavel\/","name":"LIMPADOR DE OUVIDOS EL\u00c9TRICO REUTILIZ\u00c1VEL - Curiosidades &amp; Dicas, Lda","isPartOf":{"@id":"https:\/\/curiosidadesedicas.com\/loja\/#website"},"primaryImageOfPage":{"@id":"https:\/\/curiosidadesedicas.com\/loja\/produto\/limpador-de-ouvidos-eletrico-reutilizavel\/#primaryimage"},"image":{"@id":"https:\/\/curiosidadesedicas.com\/loja\/produto\/limpador-de-ouvidos-eletrico-reutilizavel\/#primaryimage"},"thumbnailUrl":"https:\/\/curiosidadesedicas.com\/loja\/wp-content\/uploads\/2020\/06\/limpador-de-ouviddos-eletrico-reutilizavel-clinear-innovagoods_120701.jpg","datePublished":"2020-06-29T09:36:04+00:00","dateModified":"2020-06-29T12:00:30+00:00","breadcrumb":{"@id":"https:\/\/curiosidadesedicas.com\/loja\/produto\/limpador-de-ouvidos-eletrico-reutilizavel\/#breadcrumb"},"inLanguage":"pt-PT","potentialAction":[{"@type":"ReadAction","target":["https:\/\/curiosidadesedicas.com\/loja\/produto\/limpador-de-ouvidos-eletrico-reutilizavel\/"]}]},{"@type":"ImageObject","inLanguage":"pt-PT","@id":"https:\/\/curiosidadesedicas.com\/loja\/produto\/limpador-de-ouvidos-eletrico-reutilizavel\/#primaryimage","url":"https:\/\/curiosidadesedicas.com\/loja\/wp-content\/uploads\/2020\/06\/limpador-de-ouviddos-eletrico-reutilizavel-clinear-innovagoods_120701.jpg","contentUrl":"https:\/\/curiosidadesedicas.com\/loja\/wp-content\/uploads\/2020\/06\/limpador-de-ouviddos-eletrico-reutilizavel-clinear-innovagoods_120701.jpg","width":600,"height":600},{"@type":"BreadcrumbList","@id":"https:\/\/curiosidadesedicas.com\/loja\/produto\/limpador-de-ouvidos-eletrico-reutilizavel\/#breadcrumb","itemListElement":[{"@type":"ListItem","position":1,"name":"In\u00edcio","item":"https:\/\/curiosidadesedicas.com\/loja\/"},{"@type":"ListItem","position":2,"name":"Produtos","item":"https:\/\/curiosidadesedicas.com\/loja\/produtos\/"},{"@type":"ListItem","position":3,"name":"LIMPADOR DE OUVIDOS EL\u00c9TRICO REUTILIZ\u00c1VEL"}]},{"@type":"WebSite","@id":"https:\/\/curiosidadesedicas.com\/loja\/#website","url":"https:\/\/curiosidadesedicas.com\/loja\/","name":"Curiosidades &amp; Dicas, Lda","description":"Apaixonados Por Inova\u00e7\u00e3o","publisher":{"@id":"https:\/\/curiosidadesedicas.com\/loja\/#organization"},"potentialAction":[{"@type":"SearchAction","target":{"@type":"EntryPoint","urlTemplate":"https:\/\/curiosidadesedicas.com\/loja\/?s={search_term_string}"},"query-input":{"@type":"PropertyValueSpecification","valueRequired":true,"valueName":"search_term_string"}}],"inLanguage":"pt-PT"},{"@type":"Organization","@id":"https:\/\/curiosidadesedicas.com\/loja\/#organization","name":"Curiosidades & Dicas","url":"https:\/\/curiosidadesedicas.com\/loja\/","logo":{"@type":"ImageObject","inLanguage":"pt-PT","@id":"https:\/\/curiosidadesedicas.com\/loja\/#\/schema\/logo\/image\/","url":"https:\/\/curiosidadesedicas.com\/loja\/wp-content\/uploads\/2020\/05\/LogoCuriosidadesSimples.png","contentUrl":"https:\/\/curiosidadesedicas.com\/loja\/wp-content\/uploads\/2020\/05\/LogoCuriosidadesSimples.png","width":3528,"height":804,"caption":"Curiosidades & Dicas"},"image":{"@id":"https:\/\/curiosidadesedicas.com\/loja\/#\/schema\/logo\/image\/"}}]}},"_links":{"self":[{"href":"https:\/\/curiosidadesedicas.com\/loja\/wp-json\/wp\/v2\/product\/16429","targetHints":{"allow":["GET"]}}],"collection":[{"href":"https:\/\/curiosidadesedicas.com\/loja\/wp-json\/wp\/v2\/product"}],"about":[{"href":"https:\/\/curiosidadesedicas.com\/loja\/wp-json\/wp\/v2\/types\/product"}],"replies":[{"embeddable":true,"href":"https:\/\/curiosidadesedicas.com\/loja\/wp-json\/wp\/v2\/comments?post=16429"}],"wp:featuredmedia":[{"embeddable":true,"href":"https:\/\/curiosidadesedicas.com\/loja\/wp-json\/wp\/v2\/media\/16435"}],"wp:attachment":[{"href":"https:\/\/curiosidadesedicas.com\/loja\/wp-json\/wp\/v2\/media?parent=16429"}],"wp:term":[{"taxonomy":"product_brand","embeddable":true,"href":"https:\/\/curiosidadesedicas.com\/loja\/wp-json\/wp\/v2\/product_brand?post=16429"},{"taxonomy":"product_cat","embeddable":true,"href":"https:\/\/curiosidadesedicas.com\/loja\/wp-json\/wp\/v2\/product_cat?post=16429"},{"taxonomy":"product_tag","embeddable":true,"href":"https:\/\/curiosidadesedicas.com\/loja\/wp-json\/wp\/v2\/product_tag?post=16429"}],"curies":[{"name":"wp","href":"https:\/\/api.w.org\/{rel}","templated":true}]}}