{"id":16033,"date":"2020-06-25T11:33:13","date_gmt":"2020-06-25T11:33:13","guid":{"rendered":"https:\/\/curiosidadesedicas.com\/loja\/?post_type=product&#038;p=16033"},"modified":"2020-06-25T11:37:19","modified_gmt":"2020-06-25T11:37:19","slug":"mini-grelhador-barbecue-portatil-e-dobravel","status":"publish","type":"product","link":"https:\/\/curiosidadesedicas.com\/loja\/produto\/mini-grelhador-barbecue-portatil-e-dobravel\/","title":{"rendered":"MINI-GRELHADOR BARBECUE PORT\u00c1TIL E DOBR\u00c1VEL"},"content":{"rendered":"<p>Um estojo completo para churrasco a carv\u00e3o, muito confort\u00e1vel e pr\u00e1tico, devido ao seu design port\u00e1til e dobr\u00e1vel, que ocupa pouco espa\u00e7o e \u00e9 muito f\u00e1cil de usar e transportar. Grade dobr\u00e1vel facilita o acesso ao compartimento de carv\u00e3o e a extra\u00e7\u00e3o de alimentos, e tamb\u00e9m permite que ela seja elevada a uma segunda altura para aquecer ou diminuir a temperatura. Uma maneira r\u00e1pida e f\u00e1cil de cozinhar carnes, legumes, peixe, etc., e desfrutar de um delicioso churrasco sem complica\u00e7\u00f5es com a fam\u00edlia e os amigos.<\/p>\n","protected":false},"excerpt":{"rendered":"<div class=\"body-wrap\">\n<div id=\"content\">\n<div class=\"container-fluid px-md-0\">\n<div id=\"lvDetalhe\" class=\"prod-detail\">\n<div class=\"col-12 px-0\">\n<div id=\"nav-tabContent\" class=\"tab-content\">\n<div id=\"prod-detail-tab1\" class=\"tab-pane fade show active\" role=\"tabpanel\" aria-labelledby=\"prod-detail-tab1-tab\">\n<ul>\n<li class=\"specs-txt prod-descricao\">Material: Ferro, a\u00e7o inoxid\u00e1vel<\/li>\n<li class=\"specs-txt prod-descricao\">Design inovador e funcional<\/li>\n<li class=\"specs-txt prod-descricao\">Tipo: Port\u00e1til, dobr\u00e1vel<\/li>\n<li class=\"specs-txt prod-descricao\">Tamanho reduzido compacto<\/li>\n<li class=\"specs-txt prod-descricao\">F\u00e1cil de transportar<\/li>\n<li class=\"specs-txt prod-descricao\">Leve e pr\u00e1tico<\/li>\n<li class=\"specs-txt prod-descricao\">Grelha com grelha dobr\u00e1vel: 25 x 18 cm, 2 n\u00edveis de altura<\/li>\n<li class=\"specs-txt prod-descricao\">Pernas de aperto dobr\u00e1veis<\/li>\n<li class=\"specs-txt prod-descricao\">Compartimento de carv\u00e3o expans\u00edvel<\/li>\n<li class=\"specs-txt prod-descricao\">Adequado para 2 pessoas<\/li>\n<li class=\"specs-txt prod-descricao\">N\u00e3o inclui carv\u00e3o<\/li>\n<li class=\"specs-txt prod-descricao\">Ideal para piqueniques, camping, jardim, praia, etc<\/li>\n<li class=\"specs-txt prod-descricao\">Mede aproximadamente: 30 x 22\/25 x 23 cm<\/li>\n<li class=\"specs-txt prod-descricao\">Mede aprox. dobrado: 30 x 23 x 7,5 cm<\/li>\n<\/ul>\n<\/div>\n<\/div>\n<\/div>\n<\/div>\n<\/div>\n<\/div>\n<\/div>\n","protected":false},"featured_media":16035,"comment_status":"open","ping_status":"closed","template":"","meta":{"_glsr_average":0,"_glsr_ranking":0,"_glsr_reviews":0},"product_brand":[],"product_cat":[365,367],"product_tag":[],"class_list":{"0":"post-16033","1":"product","2":"type-product","3":"status-publish","4":"has-post-thumbnail","6":"product_cat-para-o-lar","7":"product_cat-grelhadores","9":"first","10":"instock","11":"taxable","12":"shipping-taxable","13":"purchasable","14":"product-type-simple"},"yoast_head":"<!-- This site is optimized with the Yoast SEO plugin v26.8 - https:\/\/yoast.com\/product\/yoast-seo-wordpress\/ -->\n<title>MINI-GRELHADOR BARBECUE PORT\u00c1TIL E DOBR\u00c1VEL - Curiosidades &amp; Dicas, Lda<\/title>\n<meta name=\"robots\" content=\"index, follow, max-snippet:-1, max-image-preview:large, max-video-preview:-1\" \/>\n<link rel=\"canonical\" href=\"https:\/\/curiosidadesedicas.com\/loja\/produto\/mini-grelhador-barbecue-portatil-e-dobravel\/\" \/>\n<meta property=\"og:locale\" content=\"pt_PT\" \/>\n<meta property=\"og:type\" content=\"article\" \/>\n<meta property=\"og:title\" content=\"MINI-GRELHADOR BARBECUE PORT\u00c1TIL E DOBR\u00c1VEL - Curiosidades &amp; Dicas, Lda\" \/>\n<meta property=\"og:description\" content=\"Material: Ferro, a\u00e7o inoxid\u00e1vel  Design inovador e funcional  Tipo: Port\u00e1til, dobr\u00e1vel  Tamanho reduzido compacto  F\u00e1cil de transportar  Leve e pr\u00e1tico  Grelha com grelha dobr\u00e1vel: 25 x 18 cm, 2 n\u00edveis de altura  Pernas de aperto dobr\u00e1veis  Compartimento de carv\u00e3o expans\u00edvel  Adequado para 2 pessoas  N\u00e3o inclui carv\u00e3o  Ideal para piqueniques, camping, jardim, praia, etc  Mede aproximadamente: 30 x 22\/25 x 23 cm  Mede aprox. dobrado: 30 x 23 x 7,5 cm\" \/>\n<meta property=\"og:url\" content=\"https:\/\/curiosidadesedicas.com\/loja\/produto\/mini-grelhador-barbecue-portatil-e-dobravel\/\" \/>\n<meta property=\"og:site_name\" content=\"Curiosidades &amp; Dicas, Lda\" \/>\n<meta property=\"article:modified_time\" content=\"2020-06-25T11:37:19+00:00\" \/>\n<meta property=\"og:image\" content=\"https:\/\/curiosidadesedicas.com\/loja\/wp-content\/uploads\/2020\/06\/Screenshot-80.png\" \/>\n\t<meta property=\"og:image:width\" content=\"549\" \/>\n\t<meta property=\"og:image:height\" content=\"549\" \/>\n\t<meta property=\"og:image:type\" content=\"image\/png\" \/>\n<meta name=\"twitter:card\" content=\"summary_large_image\" \/>\n<meta name=\"twitter:label1\" content=\"Tempo estimado de leitura\" \/>\n\t<meta name=\"twitter:data1\" content=\"1 minuto\" \/>\n<script type=\"application\/ld+json\" class=\"yoast-schema-graph\">{\"@context\":\"https:\/\/schema.org\",\"@graph\":[{\"@type\":\"WebPage\",\"@id\":\"https:\/\/curiosidadesedicas.com\/loja\/produto\/mini-grelhador-barbecue-portatil-e-dobravel\/\",\"url\":\"https:\/\/curiosidadesedicas.com\/loja\/produto\/mini-grelhador-barbecue-portatil-e-dobravel\/\",\"name\":\"MINI-GRELHADOR BARBECUE PORT\u00c1TIL E DOBR\u00c1VEL - Curiosidades &amp; Dicas, Lda\",\"isPartOf\":{\"@id\":\"https:\/\/curiosidadesedicas.com\/loja\/#website\"},\"primaryImageOfPage\":{\"@id\":\"https:\/\/curiosidadesedicas.com\/loja\/produto\/mini-grelhador-barbecue-portatil-e-dobravel\/#primaryimage\"},\"image\":{\"@id\":\"https:\/\/curiosidadesedicas.com\/loja\/produto\/mini-grelhador-barbecue-portatil-e-dobravel\/#primaryimage\"},\"thumbnailUrl\":\"https:\/\/curiosidadesedicas.com\/loja\/wp-content\/uploads\/2020\/06\/Screenshot-80.png\",\"datePublished\":\"2020-06-25T11:33:13+00:00\",\"dateModified\":\"2020-06-25T11:37:19+00:00\",\"breadcrumb\":{\"@id\":\"https:\/\/curiosidadesedicas.com\/loja\/produto\/mini-grelhador-barbecue-portatil-e-dobravel\/#breadcrumb\"},\"inLanguage\":\"pt-PT\",\"potentialAction\":[{\"@type\":\"ReadAction\",\"target\":[\"https:\/\/curiosidadesedicas.com\/loja\/produto\/mini-grelhador-barbecue-portatil-e-dobravel\/\"]}]},{\"@type\":\"ImageObject\",\"inLanguage\":\"pt-PT\",\"@id\":\"https:\/\/curiosidadesedicas.com\/loja\/produto\/mini-grelhador-barbecue-portatil-e-dobravel\/#primaryimage\",\"url\":\"https:\/\/curiosidadesedicas.com\/loja\/wp-content\/uploads\/2020\/06\/Screenshot-80.png\",\"contentUrl\":\"https:\/\/curiosidadesedicas.com\/loja\/wp-content\/uploads\/2020\/06\/Screenshot-80.png\",\"width\":549,\"height\":549},{\"@type\":\"BreadcrumbList\",\"@id\":\"https:\/\/curiosidadesedicas.com\/loja\/produto\/mini-grelhador-barbecue-portatil-e-dobravel\/#breadcrumb\",\"itemListElement\":[{\"@type\":\"ListItem\",\"position\":1,\"name\":\"In\u00edcio\",\"item\":\"https:\/\/curiosidadesedicas.com\/loja\/\"},{\"@type\":\"ListItem\",\"position\":2,\"name\":\"Produtos\",\"item\":\"https:\/\/curiosidadesedicas.com\/loja\/produtos\/\"},{\"@type\":\"ListItem\",\"position\":3,\"name\":\"MINI-GRELHADOR BARBECUE PORT\u00c1TIL E DOBR\u00c1VEL\"}]},{\"@type\":\"WebSite\",\"@id\":\"https:\/\/curiosidadesedicas.com\/loja\/#website\",\"url\":\"https:\/\/curiosidadesedicas.com\/loja\/\",\"name\":\"Curiosidades &amp; Dicas, Lda\",\"description\":\"Apaixonados Por Inova\u00e7\u00e3o\",\"publisher\":{\"@id\":\"https:\/\/curiosidadesedicas.com\/loja\/#organization\"},\"potentialAction\":[{\"@type\":\"SearchAction\",\"target\":{\"@type\":\"EntryPoint\",\"urlTemplate\":\"https:\/\/curiosidadesedicas.com\/loja\/?s={search_term_string}\"},\"query-input\":{\"@type\":\"PropertyValueSpecification\",\"valueRequired\":true,\"valueName\":\"search_term_string\"}}],\"inLanguage\":\"pt-PT\"},{\"@type\":\"Organization\",\"@id\":\"https:\/\/curiosidadesedicas.com\/loja\/#organization\",\"name\":\"Curiosidades & Dicas\",\"url\":\"https:\/\/curiosidadesedicas.com\/loja\/\",\"logo\":{\"@type\":\"ImageObject\",\"inLanguage\":\"pt-PT\",\"@id\":\"https:\/\/curiosidadesedicas.com\/loja\/#\/schema\/logo\/image\/\",\"url\":\"https:\/\/curiosidadesedicas.com\/loja\/wp-content\/uploads\/2020\/05\/LogoCuriosidadesSimples.png\",\"contentUrl\":\"https:\/\/curiosidadesedicas.com\/loja\/wp-content\/uploads\/2020\/05\/LogoCuriosidadesSimples.png\",\"width\":3528,\"height\":804,\"caption\":\"Curiosidades & Dicas\"},\"image\":{\"@id\":\"https:\/\/curiosidadesedicas.com\/loja\/#\/schema\/logo\/image\/\"}}]}<\/script>\n<!-- \/ Yoast SEO plugin. -->","yoast_head_json":{"title":"MINI-GRELHADOR BARBECUE PORT\u00c1TIL E DOBR\u00c1VEL - Curiosidades &amp; Dicas, Lda","robots":{"index":"index","follow":"follow","max-snippet":"max-snippet:-1","max-image-preview":"max-image-preview:large","max-video-preview":"max-video-preview:-1"},"canonical":"https:\/\/curiosidadesedicas.com\/loja\/produto\/mini-grelhador-barbecue-portatil-e-dobravel\/","og_locale":"pt_PT","og_type":"article","og_title":"MINI-GRELHADOR BARBECUE PORT\u00c1TIL E DOBR\u00c1VEL - Curiosidades &amp; Dicas, Lda","og_description":"Material: Ferro, a\u00e7o inoxid\u00e1vel  Design inovador e funcional  Tipo: Port\u00e1til, dobr\u00e1vel  Tamanho reduzido compacto  F\u00e1cil de transportar  Leve e pr\u00e1tico  Grelha com grelha dobr\u00e1vel: 25 x 18 cm, 2 n\u00edveis de altura  Pernas de aperto dobr\u00e1veis  Compartimento de carv\u00e3o expans\u00edvel  Adequado para 2 pessoas  N\u00e3o inclui carv\u00e3o  Ideal para piqueniques, camping, jardim, praia, etc  Mede aproximadamente: 30 x 22\/25 x 23 cm  Mede aprox. dobrado: 30 x 23 x 7,5 cm","og_url":"https:\/\/curiosidadesedicas.com\/loja\/produto\/mini-grelhador-barbecue-portatil-e-dobravel\/","og_site_name":"Curiosidades &amp; Dicas, Lda","article_modified_time":"2020-06-25T11:37:19+00:00","og_image":[{"width":549,"height":549,"url":"https:\/\/curiosidadesedicas.com\/loja\/wp-content\/uploads\/2020\/06\/Screenshot-80.png","type":"image\/png"}],"twitter_card":"summary_large_image","twitter_misc":{"Tempo estimado de leitura":"1 minuto"},"schema":{"@context":"https:\/\/schema.org","@graph":[{"@type":"WebPage","@id":"https:\/\/curiosidadesedicas.com\/loja\/produto\/mini-grelhador-barbecue-portatil-e-dobravel\/","url":"https:\/\/curiosidadesedicas.com\/loja\/produto\/mini-grelhador-barbecue-portatil-e-dobravel\/","name":"MINI-GRELHADOR BARBECUE PORT\u00c1TIL E DOBR\u00c1VEL - Curiosidades &amp; Dicas, Lda","isPartOf":{"@id":"https:\/\/curiosidadesedicas.com\/loja\/#website"},"primaryImageOfPage":{"@id":"https:\/\/curiosidadesedicas.com\/loja\/produto\/mini-grelhador-barbecue-portatil-e-dobravel\/#primaryimage"},"image":{"@id":"https:\/\/curiosidadesedicas.com\/loja\/produto\/mini-grelhador-barbecue-portatil-e-dobravel\/#primaryimage"},"thumbnailUrl":"https:\/\/curiosidadesedicas.com\/loja\/wp-content\/uploads\/2020\/06\/Screenshot-80.png","datePublished":"2020-06-25T11:33:13+00:00","dateModified":"2020-06-25T11:37:19+00:00","breadcrumb":{"@id":"https:\/\/curiosidadesedicas.com\/loja\/produto\/mini-grelhador-barbecue-portatil-e-dobravel\/#breadcrumb"},"inLanguage":"pt-PT","potentialAction":[{"@type":"ReadAction","target":["https:\/\/curiosidadesedicas.com\/loja\/produto\/mini-grelhador-barbecue-portatil-e-dobravel\/"]}]},{"@type":"ImageObject","inLanguage":"pt-PT","@id":"https:\/\/curiosidadesedicas.com\/loja\/produto\/mini-grelhador-barbecue-portatil-e-dobravel\/#primaryimage","url":"https:\/\/curiosidadesedicas.com\/loja\/wp-content\/uploads\/2020\/06\/Screenshot-80.png","contentUrl":"https:\/\/curiosidadesedicas.com\/loja\/wp-content\/uploads\/2020\/06\/Screenshot-80.png","width":549,"height":549},{"@type":"BreadcrumbList","@id":"https:\/\/curiosidadesedicas.com\/loja\/produto\/mini-grelhador-barbecue-portatil-e-dobravel\/#breadcrumb","itemListElement":[{"@type":"ListItem","position":1,"name":"In\u00edcio","item":"https:\/\/curiosidadesedicas.com\/loja\/"},{"@type":"ListItem","position":2,"name":"Produtos","item":"https:\/\/curiosidadesedicas.com\/loja\/produtos\/"},{"@type":"ListItem","position":3,"name":"MINI-GRELHADOR BARBECUE PORT\u00c1TIL E DOBR\u00c1VEL"}]},{"@type":"WebSite","@id":"https:\/\/curiosidadesedicas.com\/loja\/#website","url":"https:\/\/curiosidadesedicas.com\/loja\/","name":"Curiosidades &amp; Dicas, Lda","description":"Apaixonados Por Inova\u00e7\u00e3o","publisher":{"@id":"https:\/\/curiosidadesedicas.com\/loja\/#organization"},"potentialAction":[{"@type":"SearchAction","target":{"@type":"EntryPoint","urlTemplate":"https:\/\/curiosidadesedicas.com\/loja\/?s={search_term_string}"},"query-input":{"@type":"PropertyValueSpecification","valueRequired":true,"valueName":"search_term_string"}}],"inLanguage":"pt-PT"},{"@type":"Organization","@id":"https:\/\/curiosidadesedicas.com\/loja\/#organization","name":"Curiosidades & Dicas","url":"https:\/\/curiosidadesedicas.com\/loja\/","logo":{"@type":"ImageObject","inLanguage":"pt-PT","@id":"https:\/\/curiosidadesedicas.com\/loja\/#\/schema\/logo\/image\/","url":"https:\/\/curiosidadesedicas.com\/loja\/wp-content\/uploads\/2020\/05\/LogoCuriosidadesSimples.png","contentUrl":"https:\/\/curiosidadesedicas.com\/loja\/wp-content\/uploads\/2020\/05\/LogoCuriosidadesSimples.png","width":3528,"height":804,"caption":"Curiosidades & Dicas"},"image":{"@id":"https:\/\/curiosidadesedicas.com\/loja\/#\/schema\/logo\/image\/"}}]}},"_links":{"self":[{"href":"https:\/\/curiosidadesedicas.com\/loja\/wp-json\/wp\/v2\/product\/16033","targetHints":{"allow":["GET"]}}],"collection":[{"href":"https:\/\/curiosidadesedicas.com\/loja\/wp-json\/wp\/v2\/product"}],"about":[{"href":"https:\/\/curiosidadesedicas.com\/loja\/wp-json\/wp\/v2\/types\/product"}],"replies":[{"embeddable":true,"href":"https:\/\/curiosidadesedicas.com\/loja\/wp-json\/wp\/v2\/comments?post=16033"}],"wp:featuredmedia":[{"embeddable":true,"href":"https:\/\/curiosidadesedicas.com\/loja\/wp-json\/wp\/v2\/media\/16035"}],"wp:attachment":[{"href":"https:\/\/curiosidadesedicas.com\/loja\/wp-json\/wp\/v2\/media?parent=16033"}],"wp:term":[{"taxonomy":"product_brand","embeddable":true,"href":"https:\/\/curiosidadesedicas.com\/loja\/wp-json\/wp\/v2\/product_brand?post=16033"},{"taxonomy":"product_cat","embeddable":true,"href":"https:\/\/curiosidadesedicas.com\/loja\/wp-json\/wp\/v2\/product_cat?post=16033"},{"taxonomy":"product_tag","embeddable":true,"href":"https:\/\/curiosidadesedicas.com\/loja\/wp-json\/wp\/v2\/product_tag?post=16033"}],"curies":[{"name":"wp","href":"https:\/\/api.w.org\/{rel}","templated":true}]}}