{"id":15995,"date":"2020-06-25T09:13:45","date_gmt":"2020-06-25T09:13:45","guid":{"rendered":"https:\/\/curiosidadesedicas.com\/loja\/?post_type=product&#038;p=15995"},"modified":"2020-06-25T09:36:36","modified_gmt":"2020-06-25T09:36:36","slug":"fondue-pure-1-5l-1200w-branco-princess","status":"publish","type":"product","link":"https:\/\/curiosidadesedicas.com\/loja\/produto\/fondue-pure-1-5l-1200w-branco-princess\/","title":{"rendered":"FONDUE PURE 1.5L 1200W BRANCO PRINCESS"},"content":{"rendered":"<p class=\"prod-detail-name\">Fondue Pure 1.5L 1200W (Branco) &#8211; PRINCESS.<\/p>\n","protected":false},"excerpt":{"rendered":"<ul>\n<li>Capacidade: 1,5 l<\/li>\n<li>Garfos em a\u00e7o inoxid\u00e1vel<\/li>\n<li>Term\u00f3stato regul\u00e1vel<\/li>\n<li>Adequado para n\u00famero de pessoas: 8<\/li>\n<li>Revestimento: Alum\u00ednio Fundido<\/li>\n<li>Anel Fondue Inclu\u00eddo<\/li>\n<li>Indicador de capacidade m\u00e1xima<\/li>\n<li>Pegas integradas<\/li>\n<li>Adequado para: \u00f3leo, fondue de chocolate, fondue chin\u00eas e de queijo<\/li>\n<li>F\u00e1cil de limpar<\/li>\n<li>Cabo Remov\u00edvel do Term\u00f3stato<\/li>\n<li>P\u00e9s antiderrapantes<\/li>\n<li>Interruptor luminoso<\/li>\n<li>Pot\u00eancia: 1200 W<\/li>\n<\/ul>\n","protected":false},"featured_media":15999,"comment_status":"open","ping_status":"closed","template":"","meta":{"_glsr_average":0,"_glsr_ranking":0,"_glsr_reviews":0},"product_brand":[],"product_cat":[365,366],"product_tag":[],"class_list":{"0":"post-15995","1":"product","2":"type-product","3":"status-publish","4":"has-post-thumbnail","6":"product_cat-para-o-lar","7":"product_cat-cozinha","9":"first","10":"instock","11":"taxable","12":"shipping-taxable","13":"purchasable","14":"product-type-simple"},"yoast_head":"<!-- This site is optimized with the Yoast SEO plugin v26.8 - https:\/\/yoast.com\/product\/yoast-seo-wordpress\/ -->\n<title>FONDUE PURE 1.5L 1200W BRANCO PRINCESS - Curiosidades &amp; Dicas, Lda<\/title>\n<meta name=\"robots\" content=\"index, follow, max-snippet:-1, max-image-preview:large, max-video-preview:-1\" \/>\n<link rel=\"canonical\" href=\"https:\/\/curiosidadesedicas.com\/loja\/produto\/fondue-pure-1-5l-1200w-branco-princess\/\" \/>\n<meta property=\"og:locale\" content=\"pt_PT\" \/>\n<meta property=\"og:type\" content=\"article\" \/>\n<meta property=\"og:title\" content=\"FONDUE PURE 1.5L 1200W BRANCO PRINCESS - Curiosidades &amp; Dicas, Lda\" \/>\n<meta property=\"og:description\" content=\"Capacidade: 1,5 l  Garfos em a\u00e7o inoxid\u00e1vel  Term\u00f3stato regul\u00e1vel  Adequado para n\u00famero de pessoas: 8  Revestimento: Alum\u00ednio Fundido  Anel Fondue Inclu\u00eddo  Indicador de capacidade m\u00e1xima  Pegas integradas  Adequado para: \u00f3leo, fondue de chocolate, fondue chin\u00eas e de queijo  F\u00e1cil de limpar  Cabo Remov\u00edvel do Term\u00f3stato  P\u00e9s antiderrapantes  Interruptor luminoso  Pot\u00eancia: 1200 W\" \/>\n<meta property=\"og:url\" content=\"https:\/\/curiosidadesedicas.com\/loja\/produto\/fondue-pure-1-5l-1200w-branco-princess\/\" \/>\n<meta property=\"og:site_name\" content=\"Curiosidades &amp; Dicas, Lda\" \/>\n<meta property=\"article:modified_time\" content=\"2020-06-25T09:36:36+00:00\" \/>\n<meta property=\"og:image\" content=\"https:\/\/curiosidadesedicas.com\/loja\/wp-content\/uploads\/2020\/06\/Screenshot-62.png\" \/>\n\t<meta property=\"og:image:width\" content=\"491\" \/>\n\t<meta property=\"og:image:height\" content=\"418\" \/>\n\t<meta property=\"og:image:type\" content=\"image\/png\" \/>\n<meta name=\"twitter:card\" content=\"summary_large_image\" \/>\n<script type=\"application\/ld+json\" class=\"yoast-schema-graph\">{\"@context\":\"https:\/\/schema.org\",\"@graph\":[{\"@type\":\"WebPage\",\"@id\":\"https:\/\/curiosidadesedicas.com\/loja\/produto\/fondue-pure-1-5l-1200w-branco-princess\/\",\"url\":\"https:\/\/curiosidadesedicas.com\/loja\/produto\/fondue-pure-1-5l-1200w-branco-princess\/\",\"name\":\"FONDUE PURE 1.5L 1200W BRANCO PRINCESS - Curiosidades &amp; Dicas, Lda\",\"isPartOf\":{\"@id\":\"https:\/\/curiosidadesedicas.com\/loja\/#website\"},\"primaryImageOfPage\":{\"@id\":\"https:\/\/curiosidadesedicas.com\/loja\/produto\/fondue-pure-1-5l-1200w-branco-princess\/#primaryimage\"},\"image\":{\"@id\":\"https:\/\/curiosidadesedicas.com\/loja\/produto\/fondue-pure-1-5l-1200w-branco-princess\/#primaryimage\"},\"thumbnailUrl\":\"https:\/\/curiosidadesedicas.com\/loja\/wp-content\/uploads\/2020\/06\/Screenshot-62.png\",\"datePublished\":\"2020-06-25T09:13:45+00:00\",\"dateModified\":\"2020-06-25T09:36:36+00:00\",\"breadcrumb\":{\"@id\":\"https:\/\/curiosidadesedicas.com\/loja\/produto\/fondue-pure-1-5l-1200w-branco-princess\/#breadcrumb\"},\"inLanguage\":\"pt-PT\",\"potentialAction\":[{\"@type\":\"ReadAction\",\"target\":[\"https:\/\/curiosidadesedicas.com\/loja\/produto\/fondue-pure-1-5l-1200w-branco-princess\/\"]}]},{\"@type\":\"ImageObject\",\"inLanguage\":\"pt-PT\",\"@id\":\"https:\/\/curiosidadesedicas.com\/loja\/produto\/fondue-pure-1-5l-1200w-branco-princess\/#primaryimage\",\"url\":\"https:\/\/curiosidadesedicas.com\/loja\/wp-content\/uploads\/2020\/06\/Screenshot-62.png\",\"contentUrl\":\"https:\/\/curiosidadesedicas.com\/loja\/wp-content\/uploads\/2020\/06\/Screenshot-62.png\",\"width\":491,\"height\":418},{\"@type\":\"BreadcrumbList\",\"@id\":\"https:\/\/curiosidadesedicas.com\/loja\/produto\/fondue-pure-1-5l-1200w-branco-princess\/#breadcrumb\",\"itemListElement\":[{\"@type\":\"ListItem\",\"position\":1,\"name\":\"In\u00edcio\",\"item\":\"https:\/\/curiosidadesedicas.com\/loja\/\"},{\"@type\":\"ListItem\",\"position\":2,\"name\":\"Produtos\",\"item\":\"https:\/\/curiosidadesedicas.com\/loja\/produtos\/\"},{\"@type\":\"ListItem\",\"position\":3,\"name\":\"FONDUE PURE 1.5L 1200W BRANCO PRINCESS\"}]},{\"@type\":\"WebSite\",\"@id\":\"https:\/\/curiosidadesedicas.com\/loja\/#website\",\"url\":\"https:\/\/curiosidadesedicas.com\/loja\/\",\"name\":\"Curiosidades &amp; Dicas, Lda\",\"description\":\"Apaixonados Por Inova\u00e7\u00e3o\",\"publisher\":{\"@id\":\"https:\/\/curiosidadesedicas.com\/loja\/#organization\"},\"potentialAction\":[{\"@type\":\"SearchAction\",\"target\":{\"@type\":\"EntryPoint\",\"urlTemplate\":\"https:\/\/curiosidadesedicas.com\/loja\/?s={search_term_string}\"},\"query-input\":{\"@type\":\"PropertyValueSpecification\",\"valueRequired\":true,\"valueName\":\"search_term_string\"}}],\"inLanguage\":\"pt-PT\"},{\"@type\":\"Organization\",\"@id\":\"https:\/\/curiosidadesedicas.com\/loja\/#organization\",\"name\":\"Curiosidades & Dicas\",\"url\":\"https:\/\/curiosidadesedicas.com\/loja\/\",\"logo\":{\"@type\":\"ImageObject\",\"inLanguage\":\"pt-PT\",\"@id\":\"https:\/\/curiosidadesedicas.com\/loja\/#\/schema\/logo\/image\/\",\"url\":\"https:\/\/curiosidadesedicas.com\/loja\/wp-content\/uploads\/2020\/05\/LogoCuriosidadesSimples.png\",\"contentUrl\":\"https:\/\/curiosidadesedicas.com\/loja\/wp-content\/uploads\/2020\/05\/LogoCuriosidadesSimples.png\",\"width\":3528,\"height\":804,\"caption\":\"Curiosidades & Dicas\"},\"image\":{\"@id\":\"https:\/\/curiosidadesedicas.com\/loja\/#\/schema\/logo\/image\/\"}}]}<\/script>\n<!-- \/ Yoast SEO plugin. -->","yoast_head_json":{"title":"FONDUE PURE 1.5L 1200W BRANCO PRINCESS - Curiosidades &amp; Dicas, Lda","robots":{"index":"index","follow":"follow","max-snippet":"max-snippet:-1","max-image-preview":"max-image-preview:large","max-video-preview":"max-video-preview:-1"},"canonical":"https:\/\/curiosidadesedicas.com\/loja\/produto\/fondue-pure-1-5l-1200w-branco-princess\/","og_locale":"pt_PT","og_type":"article","og_title":"FONDUE PURE 1.5L 1200W BRANCO PRINCESS - Curiosidades &amp; Dicas, Lda","og_description":"Capacidade: 1,5 l  Garfos em a\u00e7o inoxid\u00e1vel  Term\u00f3stato regul\u00e1vel  Adequado para n\u00famero de pessoas: 8  Revestimento: Alum\u00ednio Fundido  Anel Fondue Inclu\u00eddo  Indicador de capacidade m\u00e1xima  Pegas integradas  Adequado para: \u00f3leo, fondue de chocolate, fondue chin\u00eas e de queijo  F\u00e1cil de limpar  Cabo Remov\u00edvel do Term\u00f3stato  P\u00e9s antiderrapantes  Interruptor luminoso  Pot\u00eancia: 1200 W","og_url":"https:\/\/curiosidadesedicas.com\/loja\/produto\/fondue-pure-1-5l-1200w-branco-princess\/","og_site_name":"Curiosidades &amp; Dicas, Lda","article_modified_time":"2020-06-25T09:36:36+00:00","og_image":[{"width":491,"height":418,"url":"https:\/\/curiosidadesedicas.com\/loja\/wp-content\/uploads\/2020\/06\/Screenshot-62.png","type":"image\/png"}],"twitter_card":"summary_large_image","schema":{"@context":"https:\/\/schema.org","@graph":[{"@type":"WebPage","@id":"https:\/\/curiosidadesedicas.com\/loja\/produto\/fondue-pure-1-5l-1200w-branco-princess\/","url":"https:\/\/curiosidadesedicas.com\/loja\/produto\/fondue-pure-1-5l-1200w-branco-princess\/","name":"FONDUE PURE 1.5L 1200W BRANCO PRINCESS - Curiosidades &amp; Dicas, Lda","isPartOf":{"@id":"https:\/\/curiosidadesedicas.com\/loja\/#website"},"primaryImageOfPage":{"@id":"https:\/\/curiosidadesedicas.com\/loja\/produto\/fondue-pure-1-5l-1200w-branco-princess\/#primaryimage"},"image":{"@id":"https:\/\/curiosidadesedicas.com\/loja\/produto\/fondue-pure-1-5l-1200w-branco-princess\/#primaryimage"},"thumbnailUrl":"https:\/\/curiosidadesedicas.com\/loja\/wp-content\/uploads\/2020\/06\/Screenshot-62.png","datePublished":"2020-06-25T09:13:45+00:00","dateModified":"2020-06-25T09:36:36+00:00","breadcrumb":{"@id":"https:\/\/curiosidadesedicas.com\/loja\/produto\/fondue-pure-1-5l-1200w-branco-princess\/#breadcrumb"},"inLanguage":"pt-PT","potentialAction":[{"@type":"ReadAction","target":["https:\/\/curiosidadesedicas.com\/loja\/produto\/fondue-pure-1-5l-1200w-branco-princess\/"]}]},{"@type":"ImageObject","inLanguage":"pt-PT","@id":"https:\/\/curiosidadesedicas.com\/loja\/produto\/fondue-pure-1-5l-1200w-branco-princess\/#primaryimage","url":"https:\/\/curiosidadesedicas.com\/loja\/wp-content\/uploads\/2020\/06\/Screenshot-62.png","contentUrl":"https:\/\/curiosidadesedicas.com\/loja\/wp-content\/uploads\/2020\/06\/Screenshot-62.png","width":491,"height":418},{"@type":"BreadcrumbList","@id":"https:\/\/curiosidadesedicas.com\/loja\/produto\/fondue-pure-1-5l-1200w-branco-princess\/#breadcrumb","itemListElement":[{"@type":"ListItem","position":1,"name":"In\u00edcio","item":"https:\/\/curiosidadesedicas.com\/loja\/"},{"@type":"ListItem","position":2,"name":"Produtos","item":"https:\/\/curiosidadesedicas.com\/loja\/produtos\/"},{"@type":"ListItem","position":3,"name":"FONDUE PURE 1.5L 1200W BRANCO PRINCESS"}]},{"@type":"WebSite","@id":"https:\/\/curiosidadesedicas.com\/loja\/#website","url":"https:\/\/curiosidadesedicas.com\/loja\/","name":"Curiosidades &amp; Dicas, Lda","description":"Apaixonados Por Inova\u00e7\u00e3o","publisher":{"@id":"https:\/\/curiosidadesedicas.com\/loja\/#organization"},"potentialAction":[{"@type":"SearchAction","target":{"@type":"EntryPoint","urlTemplate":"https:\/\/curiosidadesedicas.com\/loja\/?s={search_term_string}"},"query-input":{"@type":"PropertyValueSpecification","valueRequired":true,"valueName":"search_term_string"}}],"inLanguage":"pt-PT"},{"@type":"Organization","@id":"https:\/\/curiosidadesedicas.com\/loja\/#organization","name":"Curiosidades & Dicas","url":"https:\/\/curiosidadesedicas.com\/loja\/","logo":{"@type":"ImageObject","inLanguage":"pt-PT","@id":"https:\/\/curiosidadesedicas.com\/loja\/#\/schema\/logo\/image\/","url":"https:\/\/curiosidadesedicas.com\/loja\/wp-content\/uploads\/2020\/05\/LogoCuriosidadesSimples.png","contentUrl":"https:\/\/curiosidadesedicas.com\/loja\/wp-content\/uploads\/2020\/05\/LogoCuriosidadesSimples.png","width":3528,"height":804,"caption":"Curiosidades & Dicas"},"image":{"@id":"https:\/\/curiosidadesedicas.com\/loja\/#\/schema\/logo\/image\/"}}]}},"_links":{"self":[{"href":"https:\/\/curiosidadesedicas.com\/loja\/wp-json\/wp\/v2\/product\/15995","targetHints":{"allow":["GET"]}}],"collection":[{"href":"https:\/\/curiosidadesedicas.com\/loja\/wp-json\/wp\/v2\/product"}],"about":[{"href":"https:\/\/curiosidadesedicas.com\/loja\/wp-json\/wp\/v2\/types\/product"}],"replies":[{"embeddable":true,"href":"https:\/\/curiosidadesedicas.com\/loja\/wp-json\/wp\/v2\/comments?post=15995"}],"wp:featuredmedia":[{"embeddable":true,"href":"https:\/\/curiosidadesedicas.com\/loja\/wp-json\/wp\/v2\/media\/15999"}],"wp:attachment":[{"href":"https:\/\/curiosidadesedicas.com\/loja\/wp-json\/wp\/v2\/media?parent=15995"}],"wp:term":[{"taxonomy":"product_brand","embeddable":true,"href":"https:\/\/curiosidadesedicas.com\/loja\/wp-json\/wp\/v2\/product_brand?post=15995"},{"taxonomy":"product_cat","embeddable":true,"href":"https:\/\/curiosidadesedicas.com\/loja\/wp-json\/wp\/v2\/product_cat?post=15995"},{"taxonomy":"product_tag","embeddable":true,"href":"https:\/\/curiosidadesedicas.com\/loja\/wp-json\/wp\/v2\/product_tag?post=15995"}],"curies":[{"name":"wp","href":"https:\/\/api.w.org\/{rel}","templated":true}]}}