{"id":15482,"date":"2020-06-22T13:31:46","date_gmt":"2020-06-22T13:31:46","guid":{"rendered":"https:\/\/curiosidadesedicas.com\/loja\/?post_type=product&#038;p=15482"},"modified":"2025-03-20T10:43:18","modified_gmt":"2025-03-20T10:43:18","slug":"lampadas-led-portateis-c-comando-pockelamp-pack-de-4","status":"publish","type":"product","link":"https:\/\/curiosidadesedicas.com\/loja\/produto\/lampadas-led-portateis-c-comando-pockelamp-pack-de-4\/","title":{"rendered":"L\u00c2MPADAS LED PORT\u00c1TEIS C\/ COMANDO POCKELAMP PACK 4UN"},"content":{"rendered":"<p>Muito pr\u00e1ticas e f\u00e1ceis de usar, j\u00e1 que n\u00e3o requerem instala\u00e7\u00e3o. S\u00e3o ideais como luzes de presen\u00e7a ou ilumina\u00e7\u00e3o auxiliar.<\/p>\n<p>&nbsp;<\/p>\n","protected":false},"excerpt":{"rendered":"<ul>\n<li>Luz LED branca<\/li>\n<li>Dois n\u00edveis de intensidade luminosa<\/li>\n<li>Velcro com adesivo na base para a sua fixa\u00e7\u00e3o<\/li>\n<li>Comando \u00e0 dist\u00e2ncia (funciona com pilhas: 3 x LR41, inclu\u00eddas)<\/li>\n<li>Fun\u00e7\u00f5es do comando:\u00a0<em>ON<\/em>\u00a0(acender),\u00a0<em>OFF<\/em>\u00a0(apagar),\u00a0<em>LOW\u00a0<\/em>(baixa\u00a0intensidade) e\u00a0<em>30S<\/em>\u00a0(apagar aos 30 s)<\/li>\n<li>Alcance aprox.: 10\u00a0m<\/li>\n<li>As fun\u00e7\u00f5es do comando atuam sobre as 4 unidades simultaneamente (n\u00e3o de forma independente)<\/li>\n<li>Bot\u00e3o de conex\u00e3o na parte superior e orif\u00edcio na base para sincronizar com o comando (n\u00e3o funcionam sem comando)<\/li>\n<li>Funciona com pilhas: 3 x AAA, n\u00e3o inclu\u00eddas (cada um)<\/li>\n<li>Medidas aprox. (di\u00e2metro x altura): 9 x 5 cm<\/li>\n<\/ul>\n","protected":false},"featured_media":15483,"comment_status":"open","ping_status":"closed","template":"","meta":{"_glsr_average":0,"_glsr_ranking":0,"_glsr_reviews":0},"product_brand":[],"product_cat":[350,353,345,348,453],"product_tag":[],"class_list":{"0":"post-15482","1":"product","2":"type-product","3":"status-publish","4":"has-post-thumbnail","6":"product_cat-gadgets","7":"product_cat-p-criancas","8":"product_cat-gadgets-led","9":"product_cat-decoracao-led","10":"product_cat-presentes-criativos","12":"first","13":"instock","14":"taxable","15":"shipping-taxable","16":"purchasable","17":"product-type-simple"},"yoast_head":"<!-- This site is optimized with the Yoast SEO plugin v26.8 - https:\/\/yoast.com\/product\/yoast-seo-wordpress\/ -->\n<title>L\u00c2MPADAS LED PORT\u00c1TEIS C\/ COMANDO POCKELAMP PACK 4UN - Curiosidades &amp; Dicas, Lda<\/title>\n<meta name=\"robots\" content=\"index, follow, max-snippet:-1, max-image-preview:large, max-video-preview:-1\" \/>\n<link rel=\"canonical\" href=\"https:\/\/curiosidadesedicas.com\/loja\/produto\/lampadas-led-portateis-c-comando-pockelamp-pack-de-4\/\" \/>\n<meta property=\"og:locale\" content=\"pt_PT\" \/>\n<meta property=\"og:type\" content=\"article\" \/>\n<meta property=\"og:title\" content=\"L\u00c2MPADAS LED PORT\u00c1TEIS C\/ COMANDO POCKELAMP PACK 4UN - Curiosidades &amp; Dicas, Lda\" \/>\n<meta property=\"og:description\" content=\"Luz LED branca  Dois n\u00edveis de intensidade luminosa  Velcro com adesivo na base para a sua fixa\u00e7\u00e3o  Comando \u00e0 dist\u00e2ncia (funciona com pilhas: 3 x LR41, inclu\u00eddas)  Fun\u00e7\u00f5es do comando:\u00a0ON\u00a0(acender),\u00a0OFF\u00a0(apagar),\u00a0LOW\u00a0(baixa\u00a0intensidade) e\u00a030S\u00a0(apagar aos 30 s)  Alcance aprox.: 10\u00a0m  As fun\u00e7\u00f5es do comando atuam sobre as 4 unidades simultaneamente (n\u00e3o de forma independente)  Bot\u00e3o de conex\u00e3o na parte superior e orif\u00edcio na base para sincronizar com o comando (n\u00e3o funcionam sem comando)  Funciona com pilhas: 3 x AAA, n\u00e3o inclu\u00eddas (cada um)  Medidas aprox. (di\u00e2metro x altura): 9 x 5 cm\" \/>\n<meta property=\"og:url\" content=\"https:\/\/curiosidadesedicas.com\/loja\/produto\/lampadas-led-portateis-c-comando-pockelamp-pack-de-4\/\" \/>\n<meta property=\"og:site_name\" content=\"Curiosidades &amp; Dicas, Lda\" \/>\n<meta property=\"article:modified_time\" content=\"2025-03-20T10:43:18+00:00\" \/>\n<meta property=\"og:image\" content=\"https:\/\/curiosidadesedicas.com\/loja\/wp-content\/uploads\/2020\/06\/lampadas-led-portateis-com-comando-pockelamp-pack-de-4.jpg\" \/>\n\t<meta property=\"og:image:width\" content=\"600\" \/>\n\t<meta property=\"og:image:height\" content=\"600\" \/>\n\t<meta property=\"og:image:type\" content=\"image\/jpeg\" \/>\n<meta name=\"twitter:card\" content=\"summary_large_image\" \/>\n<meta name=\"twitter:label1\" content=\"Tempo estimado de leitura\" \/>\n\t<meta name=\"twitter:data1\" content=\"1 minuto\" \/>\n<script type=\"application\/ld+json\" class=\"yoast-schema-graph\">{\"@context\":\"https:\/\/schema.org\",\"@graph\":[{\"@type\":\"WebPage\",\"@id\":\"https:\/\/curiosidadesedicas.com\/loja\/produto\/lampadas-led-portateis-c-comando-pockelamp-pack-de-4\/\",\"url\":\"https:\/\/curiosidadesedicas.com\/loja\/produto\/lampadas-led-portateis-c-comando-pockelamp-pack-de-4\/\",\"name\":\"L\u00c2MPADAS LED PORT\u00c1TEIS C\/ COMANDO POCKELAMP PACK 4UN - Curiosidades &amp; Dicas, Lda\",\"isPartOf\":{\"@id\":\"https:\/\/curiosidadesedicas.com\/loja\/#website\"},\"primaryImageOfPage\":{\"@id\":\"https:\/\/curiosidadesedicas.com\/loja\/produto\/lampadas-led-portateis-c-comando-pockelamp-pack-de-4\/#primaryimage\"},\"image\":{\"@id\":\"https:\/\/curiosidadesedicas.com\/loja\/produto\/lampadas-led-portateis-c-comando-pockelamp-pack-de-4\/#primaryimage\"},\"thumbnailUrl\":\"https:\/\/curiosidadesedicas.com\/loja\/wp-content\/uploads\/2020\/06\/lampadas-led-portateis-com-comando-pockelamp-pack-de-4.jpg\",\"datePublished\":\"2020-06-22T13:31:46+00:00\",\"dateModified\":\"2025-03-20T10:43:18+00:00\",\"breadcrumb\":{\"@id\":\"https:\/\/curiosidadesedicas.com\/loja\/produto\/lampadas-led-portateis-c-comando-pockelamp-pack-de-4\/#breadcrumb\"},\"inLanguage\":\"pt-PT\",\"potentialAction\":[{\"@type\":\"ReadAction\",\"target\":[\"https:\/\/curiosidadesedicas.com\/loja\/produto\/lampadas-led-portateis-c-comando-pockelamp-pack-de-4\/\"]}]},{\"@type\":\"ImageObject\",\"inLanguage\":\"pt-PT\",\"@id\":\"https:\/\/curiosidadesedicas.com\/loja\/produto\/lampadas-led-portateis-c-comando-pockelamp-pack-de-4\/#primaryimage\",\"url\":\"https:\/\/curiosidadesedicas.com\/loja\/wp-content\/uploads\/2020\/06\/lampadas-led-portateis-com-comando-pockelamp-pack-de-4.jpg\",\"contentUrl\":\"https:\/\/curiosidadesedicas.com\/loja\/wp-content\/uploads\/2020\/06\/lampadas-led-portateis-com-comando-pockelamp-pack-de-4.jpg\",\"width\":600,\"height\":600},{\"@type\":\"BreadcrumbList\",\"@id\":\"https:\/\/curiosidadesedicas.com\/loja\/produto\/lampadas-led-portateis-c-comando-pockelamp-pack-de-4\/#breadcrumb\",\"itemListElement\":[{\"@type\":\"ListItem\",\"position\":1,\"name\":\"In\u00edcio\",\"item\":\"https:\/\/curiosidadesedicas.com\/loja\/\"},{\"@type\":\"ListItem\",\"position\":2,\"name\":\"Produtos\",\"item\":\"https:\/\/curiosidadesedicas.com\/loja\/produtos\/\"},{\"@type\":\"ListItem\",\"position\":3,\"name\":\"L\u00c2MPADAS LED PORT\u00c1TEIS C\/ COMANDO POCKELAMP PACK 4UN\"}]},{\"@type\":\"WebSite\",\"@id\":\"https:\/\/curiosidadesedicas.com\/loja\/#website\",\"url\":\"https:\/\/curiosidadesedicas.com\/loja\/\",\"name\":\"Curiosidades &amp; Dicas, Lda\",\"description\":\"Apaixonados Por Inova\u00e7\u00e3o\",\"publisher\":{\"@id\":\"https:\/\/curiosidadesedicas.com\/loja\/#organization\"},\"potentialAction\":[{\"@type\":\"SearchAction\",\"target\":{\"@type\":\"EntryPoint\",\"urlTemplate\":\"https:\/\/curiosidadesedicas.com\/loja\/?s={search_term_string}\"},\"query-input\":{\"@type\":\"PropertyValueSpecification\",\"valueRequired\":true,\"valueName\":\"search_term_string\"}}],\"inLanguage\":\"pt-PT\"},{\"@type\":\"Organization\",\"@id\":\"https:\/\/curiosidadesedicas.com\/loja\/#organization\",\"name\":\"Curiosidades & Dicas\",\"url\":\"https:\/\/curiosidadesedicas.com\/loja\/\",\"logo\":{\"@type\":\"ImageObject\",\"inLanguage\":\"pt-PT\",\"@id\":\"https:\/\/curiosidadesedicas.com\/loja\/#\/schema\/logo\/image\/\",\"url\":\"https:\/\/curiosidadesedicas.com\/loja\/wp-content\/uploads\/2020\/05\/LogoCuriosidadesSimples.png\",\"contentUrl\":\"https:\/\/curiosidadesedicas.com\/loja\/wp-content\/uploads\/2020\/05\/LogoCuriosidadesSimples.png\",\"width\":3528,\"height\":804,\"caption\":\"Curiosidades & Dicas\"},\"image\":{\"@id\":\"https:\/\/curiosidadesedicas.com\/loja\/#\/schema\/logo\/image\/\"}}]}<\/script>\n<!-- \/ Yoast SEO plugin. -->","yoast_head_json":{"title":"L\u00c2MPADAS LED PORT\u00c1TEIS C\/ COMANDO POCKELAMP PACK 4UN - Curiosidades &amp; Dicas, Lda","robots":{"index":"index","follow":"follow","max-snippet":"max-snippet:-1","max-image-preview":"max-image-preview:large","max-video-preview":"max-video-preview:-1"},"canonical":"https:\/\/curiosidadesedicas.com\/loja\/produto\/lampadas-led-portateis-c-comando-pockelamp-pack-de-4\/","og_locale":"pt_PT","og_type":"article","og_title":"L\u00c2MPADAS LED PORT\u00c1TEIS C\/ COMANDO POCKELAMP PACK 4UN - Curiosidades &amp; Dicas, Lda","og_description":"Luz LED branca  Dois n\u00edveis de intensidade luminosa  Velcro com adesivo na base para a sua fixa\u00e7\u00e3o  Comando \u00e0 dist\u00e2ncia (funciona com pilhas: 3 x LR41, inclu\u00eddas)  Fun\u00e7\u00f5es do comando:\u00a0ON\u00a0(acender),\u00a0OFF\u00a0(apagar),\u00a0LOW\u00a0(baixa\u00a0intensidade) e\u00a030S\u00a0(apagar aos 30 s)  Alcance aprox.: 10\u00a0m  As fun\u00e7\u00f5es do comando atuam sobre as 4 unidades simultaneamente (n\u00e3o de forma independente)  Bot\u00e3o de conex\u00e3o na parte superior e orif\u00edcio na base para sincronizar com o comando (n\u00e3o funcionam sem comando)  Funciona com pilhas: 3 x AAA, n\u00e3o inclu\u00eddas (cada um)  Medidas aprox. (di\u00e2metro x altura): 9 x 5 cm","og_url":"https:\/\/curiosidadesedicas.com\/loja\/produto\/lampadas-led-portateis-c-comando-pockelamp-pack-de-4\/","og_site_name":"Curiosidades &amp; Dicas, Lda","article_modified_time":"2025-03-20T10:43:18+00:00","og_image":[{"width":600,"height":600,"url":"https:\/\/curiosidadesedicas.com\/loja\/wp-content\/uploads\/2020\/06\/lampadas-led-portateis-com-comando-pockelamp-pack-de-4.jpg","type":"image\/jpeg"}],"twitter_card":"summary_large_image","twitter_misc":{"Tempo estimado de leitura":"1 minuto"},"schema":{"@context":"https:\/\/schema.org","@graph":[{"@type":"WebPage","@id":"https:\/\/curiosidadesedicas.com\/loja\/produto\/lampadas-led-portateis-c-comando-pockelamp-pack-de-4\/","url":"https:\/\/curiosidadesedicas.com\/loja\/produto\/lampadas-led-portateis-c-comando-pockelamp-pack-de-4\/","name":"L\u00c2MPADAS LED PORT\u00c1TEIS C\/ COMANDO POCKELAMP PACK 4UN - Curiosidades &amp; Dicas, Lda","isPartOf":{"@id":"https:\/\/curiosidadesedicas.com\/loja\/#website"},"primaryImageOfPage":{"@id":"https:\/\/curiosidadesedicas.com\/loja\/produto\/lampadas-led-portateis-c-comando-pockelamp-pack-de-4\/#primaryimage"},"image":{"@id":"https:\/\/curiosidadesedicas.com\/loja\/produto\/lampadas-led-portateis-c-comando-pockelamp-pack-de-4\/#primaryimage"},"thumbnailUrl":"https:\/\/curiosidadesedicas.com\/loja\/wp-content\/uploads\/2020\/06\/lampadas-led-portateis-com-comando-pockelamp-pack-de-4.jpg","datePublished":"2020-06-22T13:31:46+00:00","dateModified":"2025-03-20T10:43:18+00:00","breadcrumb":{"@id":"https:\/\/curiosidadesedicas.com\/loja\/produto\/lampadas-led-portateis-c-comando-pockelamp-pack-de-4\/#breadcrumb"},"inLanguage":"pt-PT","potentialAction":[{"@type":"ReadAction","target":["https:\/\/curiosidadesedicas.com\/loja\/produto\/lampadas-led-portateis-c-comando-pockelamp-pack-de-4\/"]}]},{"@type":"ImageObject","inLanguage":"pt-PT","@id":"https:\/\/curiosidadesedicas.com\/loja\/produto\/lampadas-led-portateis-c-comando-pockelamp-pack-de-4\/#primaryimage","url":"https:\/\/curiosidadesedicas.com\/loja\/wp-content\/uploads\/2020\/06\/lampadas-led-portateis-com-comando-pockelamp-pack-de-4.jpg","contentUrl":"https:\/\/curiosidadesedicas.com\/loja\/wp-content\/uploads\/2020\/06\/lampadas-led-portateis-com-comando-pockelamp-pack-de-4.jpg","width":600,"height":600},{"@type":"BreadcrumbList","@id":"https:\/\/curiosidadesedicas.com\/loja\/produto\/lampadas-led-portateis-c-comando-pockelamp-pack-de-4\/#breadcrumb","itemListElement":[{"@type":"ListItem","position":1,"name":"In\u00edcio","item":"https:\/\/curiosidadesedicas.com\/loja\/"},{"@type":"ListItem","position":2,"name":"Produtos","item":"https:\/\/curiosidadesedicas.com\/loja\/produtos\/"},{"@type":"ListItem","position":3,"name":"L\u00c2MPADAS LED PORT\u00c1TEIS C\/ COMANDO POCKELAMP PACK 4UN"}]},{"@type":"WebSite","@id":"https:\/\/curiosidadesedicas.com\/loja\/#website","url":"https:\/\/curiosidadesedicas.com\/loja\/","name":"Curiosidades &amp; Dicas, Lda","description":"Apaixonados Por Inova\u00e7\u00e3o","publisher":{"@id":"https:\/\/curiosidadesedicas.com\/loja\/#organization"},"potentialAction":[{"@type":"SearchAction","target":{"@type":"EntryPoint","urlTemplate":"https:\/\/curiosidadesedicas.com\/loja\/?s={search_term_string}"},"query-input":{"@type":"PropertyValueSpecification","valueRequired":true,"valueName":"search_term_string"}}],"inLanguage":"pt-PT"},{"@type":"Organization","@id":"https:\/\/curiosidadesedicas.com\/loja\/#organization","name":"Curiosidades & Dicas","url":"https:\/\/curiosidadesedicas.com\/loja\/","logo":{"@type":"ImageObject","inLanguage":"pt-PT","@id":"https:\/\/curiosidadesedicas.com\/loja\/#\/schema\/logo\/image\/","url":"https:\/\/curiosidadesedicas.com\/loja\/wp-content\/uploads\/2020\/05\/LogoCuriosidadesSimples.png","contentUrl":"https:\/\/curiosidadesedicas.com\/loja\/wp-content\/uploads\/2020\/05\/LogoCuriosidadesSimples.png","width":3528,"height":804,"caption":"Curiosidades & Dicas"},"image":{"@id":"https:\/\/curiosidadesedicas.com\/loja\/#\/schema\/logo\/image\/"}}]}},"_links":{"self":[{"href":"https:\/\/curiosidadesedicas.com\/loja\/wp-json\/wp\/v2\/product\/15482","targetHints":{"allow":["GET"]}}],"collection":[{"href":"https:\/\/curiosidadesedicas.com\/loja\/wp-json\/wp\/v2\/product"}],"about":[{"href":"https:\/\/curiosidadesedicas.com\/loja\/wp-json\/wp\/v2\/types\/product"}],"replies":[{"embeddable":true,"href":"https:\/\/curiosidadesedicas.com\/loja\/wp-json\/wp\/v2\/comments?post=15482"}],"wp:featuredmedia":[{"embeddable":true,"href":"https:\/\/curiosidadesedicas.com\/loja\/wp-json\/wp\/v2\/media\/15483"}],"wp:attachment":[{"href":"https:\/\/curiosidadesedicas.com\/loja\/wp-json\/wp\/v2\/media?parent=15482"}],"wp:term":[{"taxonomy":"product_brand","embeddable":true,"href":"https:\/\/curiosidadesedicas.com\/loja\/wp-json\/wp\/v2\/product_brand?post=15482"},{"taxonomy":"product_cat","embeddable":true,"href":"https:\/\/curiosidadesedicas.com\/loja\/wp-json\/wp\/v2\/product_cat?post=15482"},{"taxonomy":"product_tag","embeddable":true,"href":"https:\/\/curiosidadesedicas.com\/loja\/wp-json\/wp\/v2\/product_tag?post=15482"}],"curies":[{"name":"wp","href":"https:\/\/api.w.org\/{rel}","templated":true}]}}