{"id":15391,"date":"2020-06-22T09:24:27","date_gmt":"2020-06-22T09:24:27","guid":{"rendered":"https:\/\/curiosidadesedicas.com\/loja\/?post_type=product&#038;p=15391"},"modified":"2025-03-20T10:44:15","modified_gmt":"2025-03-20T10:44:15","slug":"jukebox-2x-2w-am-fm-am-fm-led-rgb-c-leitor-cd-usb-sd","status":"publish","type":"product","link":"https:\/\/curiosidadesedicas.com\/loja\/produto\/jukebox-2x-2w-am-fm-am-fm-led-rgb-c-leitor-cd-usb-sd\/","title":{"rendered":"JUKEBOX 2X 2W AM\/FM AM\/FM LED RGB C\/ LEITOR CD\/USB\/SD"},"content":{"rendered":"<p>Jukebox retro c\/ painel iluminado. Ilumina\u00e7\u00e3o c\/ luz LED.<\/p>\n","protected":false},"excerpt":{"rendered":"<ul>\n<li>Jukebox retro c\/ painel iluminado<\/li>\n<li>Ilumina\u00e7\u00e3o c\/ luz LED c\/ varia\u00e7\u00e3o 5 cores<\/li>\n<li>Leitor MP3 c\/ CD, USB, SD e Grava\u00e7\u00e3o<\/li>\n<li>R\u00e1dio AM\/FM<\/li>\n<li>Entrada linha<\/li>\n<li>Sa\u00edda Subwoofer<\/li>\n<li>Equipado c\/ 2 Colunas stereo 2W cada<\/li>\n<li>Dimens\u00f5es: 315 x 250 x 460mm<\/li>\n<li>Peso: 5,8kg<b>COMANDO N\u00c3O INCLU\u00cdDO<\/b><\/li>\n<\/ul>\n","protected":false},"featured_media":15382,"comment_status":"open","ping_status":"closed","template":"","meta":{"_glsr_average":0,"_glsr_ranking":0,"_glsr_reviews":0},"product_brand":[],"product_cat":[376,377],"product_tag":[],"class_list":{"0":"post-15391","1":"product","2":"type-product","3":"status-publish","4":"has-post-thumbnail","6":"product_cat-som-e-imagem","7":"product_cat-colunas","9":"first","10":"instock","11":"taxable","12":"shipping-taxable","13":"purchasable","14":"product-type-simple"},"yoast_head":"<!-- This site is optimized with the Yoast SEO plugin v26.8 - https:\/\/yoast.com\/product\/yoast-seo-wordpress\/ -->\n<title>JUKEBOX 2X 2W AM\/FM AM\/FM LED RGB C\/ LEITOR CD\/USB\/SD - Curiosidades &amp; Dicas, Lda<\/title>\n<meta name=\"robots\" content=\"index, follow, max-snippet:-1, max-image-preview:large, max-video-preview:-1\" \/>\n<link rel=\"canonical\" href=\"https:\/\/curiosidadesedicas.com\/loja\/produto\/jukebox-2x-2w-am-fm-am-fm-led-rgb-c-leitor-cd-usb-sd\/\" \/>\n<meta property=\"og:locale\" content=\"pt_PT\" \/>\n<meta property=\"og:type\" content=\"article\" \/>\n<meta property=\"og:title\" content=\"JUKEBOX 2X 2W AM\/FM AM\/FM LED RGB C\/ LEITOR CD\/USB\/SD - Curiosidades &amp; Dicas, Lda\" \/>\n<meta property=\"og:description\" content=\"Jukebox retro c\/ painel iluminado  Ilumina\u00e7\u00e3o c\/ luz LED c\/ varia\u00e7\u00e3o 5 cores  Leitor MP3 c\/ CD, USB, SD e Grava\u00e7\u00e3o  R\u00e1dio AM\/FM  Entrada linha  Sa\u00edda Subwoofer  Equipado c\/ 2 Colunas stereo 2W cada  Dimens\u00f5es: 315 x 250 x 460mm  Peso: 5,8kgCOMANDO N\u00c3O INCLU\u00cdDO\" \/>\n<meta property=\"og:url\" content=\"https:\/\/curiosidadesedicas.com\/loja\/produto\/jukebox-2x-2w-am-fm-am-fm-led-rgb-c-leitor-cd-usb-sd\/\" \/>\n<meta property=\"og:site_name\" content=\"Curiosidades &amp; Dicas, Lda\" \/>\n<meta property=\"article:modified_time\" content=\"2025-03-20T10:44:15+00:00\" \/>\n<meta property=\"og:image\" content=\"https:\/\/curiosidadesedicas.com\/loja\/wp-content\/uploads\/2020\/06\/515TOo4mVnL.jpg\" \/>\n\t<meta property=\"og:image:width\" content=\"338\" \/>\n\t<meta property=\"og:image:height\" content=\"500\" \/>\n\t<meta property=\"og:image:type\" content=\"image\/jpeg\" \/>\n<meta name=\"twitter:card\" content=\"summary_large_image\" \/>\n<meta name=\"twitter:label1\" content=\"Tempo estimado de leitura\" \/>\n\t<meta name=\"twitter:data1\" content=\"1 minuto\" \/>\n<script type=\"application\/ld+json\" class=\"yoast-schema-graph\">{\"@context\":\"https:\/\/schema.org\",\"@graph\":[{\"@type\":\"WebPage\",\"@id\":\"https:\/\/curiosidadesedicas.com\/loja\/produto\/jukebox-2x-2w-am-fm-am-fm-led-rgb-c-leitor-cd-usb-sd\/\",\"url\":\"https:\/\/curiosidadesedicas.com\/loja\/produto\/jukebox-2x-2w-am-fm-am-fm-led-rgb-c-leitor-cd-usb-sd\/\",\"name\":\"JUKEBOX 2X 2W AM\/FM AM\/FM LED RGB C\/ LEITOR CD\/USB\/SD - Curiosidades &amp; Dicas, Lda\",\"isPartOf\":{\"@id\":\"https:\/\/curiosidadesedicas.com\/loja\/#website\"},\"primaryImageOfPage\":{\"@id\":\"https:\/\/curiosidadesedicas.com\/loja\/produto\/jukebox-2x-2w-am-fm-am-fm-led-rgb-c-leitor-cd-usb-sd\/#primaryimage\"},\"image\":{\"@id\":\"https:\/\/curiosidadesedicas.com\/loja\/produto\/jukebox-2x-2w-am-fm-am-fm-led-rgb-c-leitor-cd-usb-sd\/#primaryimage\"},\"thumbnailUrl\":\"https:\/\/curiosidadesedicas.com\/loja\/wp-content\/uploads\/2020\/06\/515TOo4mVnL.jpg\",\"datePublished\":\"2020-06-22T09:24:27+00:00\",\"dateModified\":\"2025-03-20T10:44:15+00:00\",\"breadcrumb\":{\"@id\":\"https:\/\/curiosidadesedicas.com\/loja\/produto\/jukebox-2x-2w-am-fm-am-fm-led-rgb-c-leitor-cd-usb-sd\/#breadcrumb\"},\"inLanguage\":\"pt-PT\",\"potentialAction\":[{\"@type\":\"ReadAction\",\"target\":[\"https:\/\/curiosidadesedicas.com\/loja\/produto\/jukebox-2x-2w-am-fm-am-fm-led-rgb-c-leitor-cd-usb-sd\/\"]}]},{\"@type\":\"ImageObject\",\"inLanguage\":\"pt-PT\",\"@id\":\"https:\/\/curiosidadesedicas.com\/loja\/produto\/jukebox-2x-2w-am-fm-am-fm-led-rgb-c-leitor-cd-usb-sd\/#primaryimage\",\"url\":\"https:\/\/curiosidadesedicas.com\/loja\/wp-content\/uploads\/2020\/06\/515TOo4mVnL.jpg\",\"contentUrl\":\"https:\/\/curiosidadesedicas.com\/loja\/wp-content\/uploads\/2020\/06\/515TOo4mVnL.jpg\",\"width\":338,\"height\":500},{\"@type\":\"BreadcrumbList\",\"@id\":\"https:\/\/curiosidadesedicas.com\/loja\/produto\/jukebox-2x-2w-am-fm-am-fm-led-rgb-c-leitor-cd-usb-sd\/#breadcrumb\",\"itemListElement\":[{\"@type\":\"ListItem\",\"position\":1,\"name\":\"In\u00edcio\",\"item\":\"https:\/\/curiosidadesedicas.com\/loja\/\"},{\"@type\":\"ListItem\",\"position\":2,\"name\":\"Produtos\",\"item\":\"https:\/\/curiosidadesedicas.com\/loja\/produtos\/\"},{\"@type\":\"ListItem\",\"position\":3,\"name\":\"JUKEBOX 2X 2W AM\/FM AM\/FM LED RGB C\/ LEITOR CD\/USB\/SD\"}]},{\"@type\":\"WebSite\",\"@id\":\"https:\/\/curiosidadesedicas.com\/loja\/#website\",\"url\":\"https:\/\/curiosidadesedicas.com\/loja\/\",\"name\":\"Curiosidades &amp; Dicas, Lda\",\"description\":\"Apaixonados Por Inova\u00e7\u00e3o\",\"publisher\":{\"@id\":\"https:\/\/curiosidadesedicas.com\/loja\/#organization\"},\"potentialAction\":[{\"@type\":\"SearchAction\",\"target\":{\"@type\":\"EntryPoint\",\"urlTemplate\":\"https:\/\/curiosidadesedicas.com\/loja\/?s={search_term_string}\"},\"query-input\":{\"@type\":\"PropertyValueSpecification\",\"valueRequired\":true,\"valueName\":\"search_term_string\"}}],\"inLanguage\":\"pt-PT\"},{\"@type\":\"Organization\",\"@id\":\"https:\/\/curiosidadesedicas.com\/loja\/#organization\",\"name\":\"Curiosidades & Dicas\",\"url\":\"https:\/\/curiosidadesedicas.com\/loja\/\",\"logo\":{\"@type\":\"ImageObject\",\"inLanguage\":\"pt-PT\",\"@id\":\"https:\/\/curiosidadesedicas.com\/loja\/#\/schema\/logo\/image\/\",\"url\":\"https:\/\/curiosidadesedicas.com\/loja\/wp-content\/uploads\/2020\/05\/LogoCuriosidadesSimples.png\",\"contentUrl\":\"https:\/\/curiosidadesedicas.com\/loja\/wp-content\/uploads\/2020\/05\/LogoCuriosidadesSimples.png\",\"width\":3528,\"height\":804,\"caption\":\"Curiosidades & Dicas\"},\"image\":{\"@id\":\"https:\/\/curiosidadesedicas.com\/loja\/#\/schema\/logo\/image\/\"}}]}<\/script>\n<!-- \/ Yoast SEO plugin. -->","yoast_head_json":{"title":"JUKEBOX 2X 2W AM\/FM AM\/FM LED RGB C\/ LEITOR CD\/USB\/SD - Curiosidades &amp; Dicas, Lda","robots":{"index":"index","follow":"follow","max-snippet":"max-snippet:-1","max-image-preview":"max-image-preview:large","max-video-preview":"max-video-preview:-1"},"canonical":"https:\/\/curiosidadesedicas.com\/loja\/produto\/jukebox-2x-2w-am-fm-am-fm-led-rgb-c-leitor-cd-usb-sd\/","og_locale":"pt_PT","og_type":"article","og_title":"JUKEBOX 2X 2W AM\/FM AM\/FM LED RGB C\/ LEITOR CD\/USB\/SD - Curiosidades &amp; Dicas, Lda","og_description":"Jukebox retro c\/ painel iluminado  Ilumina\u00e7\u00e3o c\/ luz LED c\/ varia\u00e7\u00e3o 5 cores  Leitor MP3 c\/ CD, USB, SD e Grava\u00e7\u00e3o  R\u00e1dio AM\/FM  Entrada linha  Sa\u00edda Subwoofer  Equipado c\/ 2 Colunas stereo 2W cada  Dimens\u00f5es: 315 x 250 x 460mm  Peso: 5,8kgCOMANDO N\u00c3O INCLU\u00cdDO","og_url":"https:\/\/curiosidadesedicas.com\/loja\/produto\/jukebox-2x-2w-am-fm-am-fm-led-rgb-c-leitor-cd-usb-sd\/","og_site_name":"Curiosidades &amp; Dicas, Lda","article_modified_time":"2025-03-20T10:44:15+00:00","og_image":[{"width":338,"height":500,"url":"https:\/\/curiosidadesedicas.com\/loja\/wp-content\/uploads\/2020\/06\/515TOo4mVnL.jpg","type":"image\/jpeg"}],"twitter_card":"summary_large_image","twitter_misc":{"Tempo estimado de leitura":"1 minuto"},"schema":{"@context":"https:\/\/schema.org","@graph":[{"@type":"WebPage","@id":"https:\/\/curiosidadesedicas.com\/loja\/produto\/jukebox-2x-2w-am-fm-am-fm-led-rgb-c-leitor-cd-usb-sd\/","url":"https:\/\/curiosidadesedicas.com\/loja\/produto\/jukebox-2x-2w-am-fm-am-fm-led-rgb-c-leitor-cd-usb-sd\/","name":"JUKEBOX 2X 2W AM\/FM AM\/FM LED RGB C\/ LEITOR CD\/USB\/SD - Curiosidades &amp; Dicas, Lda","isPartOf":{"@id":"https:\/\/curiosidadesedicas.com\/loja\/#website"},"primaryImageOfPage":{"@id":"https:\/\/curiosidadesedicas.com\/loja\/produto\/jukebox-2x-2w-am-fm-am-fm-led-rgb-c-leitor-cd-usb-sd\/#primaryimage"},"image":{"@id":"https:\/\/curiosidadesedicas.com\/loja\/produto\/jukebox-2x-2w-am-fm-am-fm-led-rgb-c-leitor-cd-usb-sd\/#primaryimage"},"thumbnailUrl":"https:\/\/curiosidadesedicas.com\/loja\/wp-content\/uploads\/2020\/06\/515TOo4mVnL.jpg","datePublished":"2020-06-22T09:24:27+00:00","dateModified":"2025-03-20T10:44:15+00:00","breadcrumb":{"@id":"https:\/\/curiosidadesedicas.com\/loja\/produto\/jukebox-2x-2w-am-fm-am-fm-led-rgb-c-leitor-cd-usb-sd\/#breadcrumb"},"inLanguage":"pt-PT","potentialAction":[{"@type":"ReadAction","target":["https:\/\/curiosidadesedicas.com\/loja\/produto\/jukebox-2x-2w-am-fm-am-fm-led-rgb-c-leitor-cd-usb-sd\/"]}]},{"@type":"ImageObject","inLanguage":"pt-PT","@id":"https:\/\/curiosidadesedicas.com\/loja\/produto\/jukebox-2x-2w-am-fm-am-fm-led-rgb-c-leitor-cd-usb-sd\/#primaryimage","url":"https:\/\/curiosidadesedicas.com\/loja\/wp-content\/uploads\/2020\/06\/515TOo4mVnL.jpg","contentUrl":"https:\/\/curiosidadesedicas.com\/loja\/wp-content\/uploads\/2020\/06\/515TOo4mVnL.jpg","width":338,"height":500},{"@type":"BreadcrumbList","@id":"https:\/\/curiosidadesedicas.com\/loja\/produto\/jukebox-2x-2w-am-fm-am-fm-led-rgb-c-leitor-cd-usb-sd\/#breadcrumb","itemListElement":[{"@type":"ListItem","position":1,"name":"In\u00edcio","item":"https:\/\/curiosidadesedicas.com\/loja\/"},{"@type":"ListItem","position":2,"name":"Produtos","item":"https:\/\/curiosidadesedicas.com\/loja\/produtos\/"},{"@type":"ListItem","position":3,"name":"JUKEBOX 2X 2W AM\/FM AM\/FM LED RGB C\/ LEITOR CD\/USB\/SD"}]},{"@type":"WebSite","@id":"https:\/\/curiosidadesedicas.com\/loja\/#website","url":"https:\/\/curiosidadesedicas.com\/loja\/","name":"Curiosidades &amp; Dicas, Lda","description":"Apaixonados Por Inova\u00e7\u00e3o","publisher":{"@id":"https:\/\/curiosidadesedicas.com\/loja\/#organization"},"potentialAction":[{"@type":"SearchAction","target":{"@type":"EntryPoint","urlTemplate":"https:\/\/curiosidadesedicas.com\/loja\/?s={search_term_string}"},"query-input":{"@type":"PropertyValueSpecification","valueRequired":true,"valueName":"search_term_string"}}],"inLanguage":"pt-PT"},{"@type":"Organization","@id":"https:\/\/curiosidadesedicas.com\/loja\/#organization","name":"Curiosidades & Dicas","url":"https:\/\/curiosidadesedicas.com\/loja\/","logo":{"@type":"ImageObject","inLanguage":"pt-PT","@id":"https:\/\/curiosidadesedicas.com\/loja\/#\/schema\/logo\/image\/","url":"https:\/\/curiosidadesedicas.com\/loja\/wp-content\/uploads\/2020\/05\/LogoCuriosidadesSimples.png","contentUrl":"https:\/\/curiosidadesedicas.com\/loja\/wp-content\/uploads\/2020\/05\/LogoCuriosidadesSimples.png","width":3528,"height":804,"caption":"Curiosidades & Dicas"},"image":{"@id":"https:\/\/curiosidadesedicas.com\/loja\/#\/schema\/logo\/image\/"}}]}},"_links":{"self":[{"href":"https:\/\/curiosidadesedicas.com\/loja\/wp-json\/wp\/v2\/product\/15391","targetHints":{"allow":["GET"]}}],"collection":[{"href":"https:\/\/curiosidadesedicas.com\/loja\/wp-json\/wp\/v2\/product"}],"about":[{"href":"https:\/\/curiosidadesedicas.com\/loja\/wp-json\/wp\/v2\/types\/product"}],"replies":[{"embeddable":true,"href":"https:\/\/curiosidadesedicas.com\/loja\/wp-json\/wp\/v2\/comments?post=15391"}],"wp:featuredmedia":[{"embeddable":true,"href":"https:\/\/curiosidadesedicas.com\/loja\/wp-json\/wp\/v2\/media\/15382"}],"wp:attachment":[{"href":"https:\/\/curiosidadesedicas.com\/loja\/wp-json\/wp\/v2\/media?parent=15391"}],"wp:term":[{"taxonomy":"product_brand","embeddable":true,"href":"https:\/\/curiosidadesedicas.com\/loja\/wp-json\/wp\/v2\/product_brand?post=15391"},{"taxonomy":"product_cat","embeddable":true,"href":"https:\/\/curiosidadesedicas.com\/loja\/wp-json\/wp\/v2\/product_cat?post=15391"},{"taxonomy":"product_tag","embeddable":true,"href":"https:\/\/curiosidadesedicas.com\/loja\/wp-json\/wp\/v2\/product_tag?post=15391"}],"curies":[{"name":"wp","href":"https:\/\/api.w.org\/{rel}","templated":true}]}}