{"id":15333,"date":"2020-06-20T10:33:17","date_gmt":"2020-06-20T10:33:17","guid":{"rendered":"https:\/\/curiosidadesedicas.com\/loja\/?post_type=product&#038;p=15333"},"modified":"2020-06-20T10:33:18","modified_gmt":"2020-06-20T10:33:18","slug":"balanca-digital-portatil-40kg-dunlop","status":"publish","type":"product","link":"https:\/\/curiosidadesedicas.com\/loja\/produto\/balanca-digital-portatil-40kg-dunlop\/","title":{"rendered":"BALAN\u00c7A DIGITAL PORT\u00c1TIL 40KG DUNLOP"},"content":{"rendered":"<p>Uma balan\u00e7a para levar consigo e pesar as suas malas antes de ir ao aeroporto.<\/p>\n","protected":false},"excerpt":{"rendered":"<ul>\n<li>Balan\u00e7a p\/ malas de viagem<\/li>\n<li>Capacidade de carga: 0-40Kg<\/li>\n<li>Visor LCD<\/li>\n<li>Material: pl\u00e1stico<\/li>\n<li>Dimens\u00f5es: 110 x 40 x 25mm<\/li>\n<li>Alimenta\u00e7\u00e3o: CR2032 (n\u00e3o inclu\u00edda)<\/li>\n<\/ul>\n","protected":false},"featured_media":15334,"comment_status":"open","ping_status":"closed","template":"","meta":{"_glsr_average":0,"_glsr_ranking":0,"_glsr_reviews":0},"product_brand":[],"product_cat":[350,408],"product_tag":[],"class_list":{"0":"post-15333","1":"product","2":"type-product","3":"status-publish","4":"has-post-thumbnail","6":"product_cat-gadgets","7":"product_cat-p-viagens","9":"first","10":"instock","11":"taxable","12":"shipping-taxable","13":"purchasable","14":"product-type-variable"},"yoast_head":"<!-- This site is optimized with the Yoast SEO plugin v26.8 - https:\/\/yoast.com\/product\/yoast-seo-wordpress\/ -->\n<title>BALAN\u00c7A DIGITAL PORT\u00c1TIL 40KG DUNLOP - Curiosidades &amp; Dicas, Lda<\/title>\n<meta name=\"robots\" content=\"index, follow, max-snippet:-1, max-image-preview:large, max-video-preview:-1\" \/>\n<link rel=\"canonical\" href=\"https:\/\/curiosidadesedicas.com\/loja\/produto\/balanca-digital-portatil-40kg-dunlop\/\" \/>\n<meta property=\"og:locale\" content=\"pt_PT\" \/>\n<meta property=\"og:type\" content=\"article\" \/>\n<meta property=\"og:title\" content=\"BALAN\u00c7A DIGITAL PORT\u00c1TIL 40KG DUNLOP - Curiosidades &amp; Dicas, Lda\" \/>\n<meta property=\"og:description\" content=\"Balan\u00e7a p\/ malas de viagem  Capacidade de carga: 0-40Kg  Visor LCD  Material: pl\u00e1stico  Dimens\u00f5es: 110 x 40 x 25mm  Alimenta\u00e7\u00e3o: CR2032 (n\u00e3o inclu\u00edda)\" \/>\n<meta property=\"og:url\" content=\"https:\/\/curiosidadesedicas.com\/loja\/produto\/balanca-digital-portatil-40kg-dunlop\/\" \/>\n<meta property=\"og:site_name\" content=\"Curiosidades &amp; Dicas, Lda\" \/>\n<meta property=\"article:modified_time\" content=\"2020-06-20T10:33:18+00:00\" \/>\n<meta property=\"og:image\" content=\"https:\/\/curiosidadesedicas.com\/loja\/wp-content\/uploads\/2020\/06\/Screenshot_2020-06-20-Balan\u00e7a-Digital-Port\u00e1til-40Kg-Cores-DUNLOP.png\" \/>\n\t<meta property=\"og:image:width\" content=\"546\" \/>\n\t<meta property=\"og:image:height\" content=\"514\" \/>\n\t<meta property=\"og:image:type\" content=\"image\/png\" \/>\n<meta name=\"twitter:card\" content=\"summary_large_image\" \/>\n<script type=\"application\/ld+json\" class=\"yoast-schema-graph\">{\"@context\":\"https:\/\/schema.org\",\"@graph\":[{\"@type\":\"WebPage\",\"@id\":\"https:\/\/curiosidadesedicas.com\/loja\/produto\/balanca-digital-portatil-40kg-dunlop\/\",\"url\":\"https:\/\/curiosidadesedicas.com\/loja\/produto\/balanca-digital-portatil-40kg-dunlop\/\",\"name\":\"BALAN\u00c7A DIGITAL PORT\u00c1TIL 40KG DUNLOP - Curiosidades &amp; Dicas, Lda\",\"isPartOf\":{\"@id\":\"https:\/\/curiosidadesedicas.com\/loja\/#website\"},\"primaryImageOfPage\":{\"@id\":\"https:\/\/curiosidadesedicas.com\/loja\/produto\/balanca-digital-portatil-40kg-dunlop\/#primaryimage\"},\"image\":{\"@id\":\"https:\/\/curiosidadesedicas.com\/loja\/produto\/balanca-digital-portatil-40kg-dunlop\/#primaryimage\"},\"thumbnailUrl\":\"https:\/\/curiosidadesedicas.com\/loja\/wp-content\/uploads\/2020\/06\/Screenshot_2020-06-20-Balan\u00e7a-Digital-Port\u00e1til-40Kg-Cores-DUNLOP.png\",\"datePublished\":\"2020-06-20T10:33:17+00:00\",\"dateModified\":\"2020-06-20T10:33:18+00:00\",\"breadcrumb\":{\"@id\":\"https:\/\/curiosidadesedicas.com\/loja\/produto\/balanca-digital-portatil-40kg-dunlop\/#breadcrumb\"},\"inLanguage\":\"pt-PT\",\"potentialAction\":[{\"@type\":\"ReadAction\",\"target\":[\"https:\/\/curiosidadesedicas.com\/loja\/produto\/balanca-digital-portatil-40kg-dunlop\/\"]}]},{\"@type\":\"ImageObject\",\"inLanguage\":\"pt-PT\",\"@id\":\"https:\/\/curiosidadesedicas.com\/loja\/produto\/balanca-digital-portatil-40kg-dunlop\/#primaryimage\",\"url\":\"https:\/\/curiosidadesedicas.com\/loja\/wp-content\/uploads\/2020\/06\/Screenshot_2020-06-20-Balan\u00e7a-Digital-Port\u00e1til-40Kg-Cores-DUNLOP.png\",\"contentUrl\":\"https:\/\/curiosidadesedicas.com\/loja\/wp-content\/uploads\/2020\/06\/Screenshot_2020-06-20-Balan\u00e7a-Digital-Port\u00e1til-40Kg-Cores-DUNLOP.png\",\"width\":546,\"height\":514},{\"@type\":\"BreadcrumbList\",\"@id\":\"https:\/\/curiosidadesedicas.com\/loja\/produto\/balanca-digital-portatil-40kg-dunlop\/#breadcrumb\",\"itemListElement\":[{\"@type\":\"ListItem\",\"position\":1,\"name\":\"In\u00edcio\",\"item\":\"https:\/\/curiosidadesedicas.com\/loja\/\"},{\"@type\":\"ListItem\",\"position\":2,\"name\":\"Produtos\",\"item\":\"https:\/\/curiosidadesedicas.com\/loja\/produtos\/\"},{\"@type\":\"ListItem\",\"position\":3,\"name\":\"BALAN\u00c7A DIGITAL PORT\u00c1TIL 40KG DUNLOP\"}]},{\"@type\":\"WebSite\",\"@id\":\"https:\/\/curiosidadesedicas.com\/loja\/#website\",\"url\":\"https:\/\/curiosidadesedicas.com\/loja\/\",\"name\":\"Curiosidades &amp; Dicas, Lda\",\"description\":\"Apaixonados Por Inova\u00e7\u00e3o\",\"publisher\":{\"@id\":\"https:\/\/curiosidadesedicas.com\/loja\/#organization\"},\"potentialAction\":[{\"@type\":\"SearchAction\",\"target\":{\"@type\":\"EntryPoint\",\"urlTemplate\":\"https:\/\/curiosidadesedicas.com\/loja\/?s={search_term_string}\"},\"query-input\":{\"@type\":\"PropertyValueSpecification\",\"valueRequired\":true,\"valueName\":\"search_term_string\"}}],\"inLanguage\":\"pt-PT\"},{\"@type\":\"Organization\",\"@id\":\"https:\/\/curiosidadesedicas.com\/loja\/#organization\",\"name\":\"Curiosidades & Dicas\",\"url\":\"https:\/\/curiosidadesedicas.com\/loja\/\",\"logo\":{\"@type\":\"ImageObject\",\"inLanguage\":\"pt-PT\",\"@id\":\"https:\/\/curiosidadesedicas.com\/loja\/#\/schema\/logo\/image\/\",\"url\":\"https:\/\/curiosidadesedicas.com\/loja\/wp-content\/uploads\/2020\/05\/LogoCuriosidadesSimples.png\",\"contentUrl\":\"https:\/\/curiosidadesedicas.com\/loja\/wp-content\/uploads\/2020\/05\/LogoCuriosidadesSimples.png\",\"width\":3528,\"height\":804,\"caption\":\"Curiosidades & Dicas\"},\"image\":{\"@id\":\"https:\/\/curiosidadesedicas.com\/loja\/#\/schema\/logo\/image\/\"}}]}<\/script>\n<!-- \/ Yoast SEO plugin. -->","yoast_head_json":{"title":"BALAN\u00c7A DIGITAL PORT\u00c1TIL 40KG DUNLOP - Curiosidades &amp; Dicas, Lda","robots":{"index":"index","follow":"follow","max-snippet":"max-snippet:-1","max-image-preview":"max-image-preview:large","max-video-preview":"max-video-preview:-1"},"canonical":"https:\/\/curiosidadesedicas.com\/loja\/produto\/balanca-digital-portatil-40kg-dunlop\/","og_locale":"pt_PT","og_type":"article","og_title":"BALAN\u00c7A DIGITAL PORT\u00c1TIL 40KG DUNLOP - Curiosidades &amp; Dicas, Lda","og_description":"Balan\u00e7a p\/ malas de viagem  Capacidade de carga: 0-40Kg  Visor LCD  Material: pl\u00e1stico  Dimens\u00f5es: 110 x 40 x 25mm  Alimenta\u00e7\u00e3o: CR2032 (n\u00e3o inclu\u00edda)","og_url":"https:\/\/curiosidadesedicas.com\/loja\/produto\/balanca-digital-portatil-40kg-dunlop\/","og_site_name":"Curiosidades &amp; Dicas, Lda","article_modified_time":"2020-06-20T10:33:18+00:00","og_image":[{"width":546,"height":514,"url":"https:\/\/curiosidadesedicas.com\/loja\/wp-content\/uploads\/2020\/06\/Screenshot_2020-06-20-Balan\u00e7a-Digital-Port\u00e1til-40Kg-Cores-DUNLOP.png","type":"image\/png"}],"twitter_card":"summary_large_image","schema":{"@context":"https:\/\/schema.org","@graph":[{"@type":"WebPage","@id":"https:\/\/curiosidadesedicas.com\/loja\/produto\/balanca-digital-portatil-40kg-dunlop\/","url":"https:\/\/curiosidadesedicas.com\/loja\/produto\/balanca-digital-portatil-40kg-dunlop\/","name":"BALAN\u00c7A DIGITAL PORT\u00c1TIL 40KG DUNLOP - Curiosidades &amp; Dicas, Lda","isPartOf":{"@id":"https:\/\/curiosidadesedicas.com\/loja\/#website"},"primaryImageOfPage":{"@id":"https:\/\/curiosidadesedicas.com\/loja\/produto\/balanca-digital-portatil-40kg-dunlop\/#primaryimage"},"image":{"@id":"https:\/\/curiosidadesedicas.com\/loja\/produto\/balanca-digital-portatil-40kg-dunlop\/#primaryimage"},"thumbnailUrl":"https:\/\/curiosidadesedicas.com\/loja\/wp-content\/uploads\/2020\/06\/Screenshot_2020-06-20-Balan\u00e7a-Digital-Port\u00e1til-40Kg-Cores-DUNLOP.png","datePublished":"2020-06-20T10:33:17+00:00","dateModified":"2020-06-20T10:33:18+00:00","breadcrumb":{"@id":"https:\/\/curiosidadesedicas.com\/loja\/produto\/balanca-digital-portatil-40kg-dunlop\/#breadcrumb"},"inLanguage":"pt-PT","potentialAction":[{"@type":"ReadAction","target":["https:\/\/curiosidadesedicas.com\/loja\/produto\/balanca-digital-portatil-40kg-dunlop\/"]}]},{"@type":"ImageObject","inLanguage":"pt-PT","@id":"https:\/\/curiosidadesedicas.com\/loja\/produto\/balanca-digital-portatil-40kg-dunlop\/#primaryimage","url":"https:\/\/curiosidadesedicas.com\/loja\/wp-content\/uploads\/2020\/06\/Screenshot_2020-06-20-Balan\u00e7a-Digital-Port\u00e1til-40Kg-Cores-DUNLOP.png","contentUrl":"https:\/\/curiosidadesedicas.com\/loja\/wp-content\/uploads\/2020\/06\/Screenshot_2020-06-20-Balan\u00e7a-Digital-Port\u00e1til-40Kg-Cores-DUNLOP.png","width":546,"height":514},{"@type":"BreadcrumbList","@id":"https:\/\/curiosidadesedicas.com\/loja\/produto\/balanca-digital-portatil-40kg-dunlop\/#breadcrumb","itemListElement":[{"@type":"ListItem","position":1,"name":"In\u00edcio","item":"https:\/\/curiosidadesedicas.com\/loja\/"},{"@type":"ListItem","position":2,"name":"Produtos","item":"https:\/\/curiosidadesedicas.com\/loja\/produtos\/"},{"@type":"ListItem","position":3,"name":"BALAN\u00c7A DIGITAL PORT\u00c1TIL 40KG DUNLOP"}]},{"@type":"WebSite","@id":"https:\/\/curiosidadesedicas.com\/loja\/#website","url":"https:\/\/curiosidadesedicas.com\/loja\/","name":"Curiosidades &amp; Dicas, Lda","description":"Apaixonados Por Inova\u00e7\u00e3o","publisher":{"@id":"https:\/\/curiosidadesedicas.com\/loja\/#organization"},"potentialAction":[{"@type":"SearchAction","target":{"@type":"EntryPoint","urlTemplate":"https:\/\/curiosidadesedicas.com\/loja\/?s={search_term_string}"},"query-input":{"@type":"PropertyValueSpecification","valueRequired":true,"valueName":"search_term_string"}}],"inLanguage":"pt-PT"},{"@type":"Organization","@id":"https:\/\/curiosidadesedicas.com\/loja\/#organization","name":"Curiosidades & Dicas","url":"https:\/\/curiosidadesedicas.com\/loja\/","logo":{"@type":"ImageObject","inLanguage":"pt-PT","@id":"https:\/\/curiosidadesedicas.com\/loja\/#\/schema\/logo\/image\/","url":"https:\/\/curiosidadesedicas.com\/loja\/wp-content\/uploads\/2020\/05\/LogoCuriosidadesSimples.png","contentUrl":"https:\/\/curiosidadesedicas.com\/loja\/wp-content\/uploads\/2020\/05\/LogoCuriosidadesSimples.png","width":3528,"height":804,"caption":"Curiosidades & Dicas"},"image":{"@id":"https:\/\/curiosidadesedicas.com\/loja\/#\/schema\/logo\/image\/"}}]}},"_links":{"self":[{"href":"https:\/\/curiosidadesedicas.com\/loja\/wp-json\/wp\/v2\/product\/15333","targetHints":{"allow":["GET"]}}],"collection":[{"href":"https:\/\/curiosidadesedicas.com\/loja\/wp-json\/wp\/v2\/product"}],"about":[{"href":"https:\/\/curiosidadesedicas.com\/loja\/wp-json\/wp\/v2\/types\/product"}],"replies":[{"embeddable":true,"href":"https:\/\/curiosidadesedicas.com\/loja\/wp-json\/wp\/v2\/comments?post=15333"}],"wp:featuredmedia":[{"embeddable":true,"href":"https:\/\/curiosidadesedicas.com\/loja\/wp-json\/wp\/v2\/media\/15334"}],"wp:attachment":[{"href":"https:\/\/curiosidadesedicas.com\/loja\/wp-json\/wp\/v2\/media?parent=15333"}],"wp:term":[{"taxonomy":"product_brand","embeddable":true,"href":"https:\/\/curiosidadesedicas.com\/loja\/wp-json\/wp\/v2\/product_brand?post=15333"},{"taxonomy":"product_cat","embeddable":true,"href":"https:\/\/curiosidadesedicas.com\/loja\/wp-json\/wp\/v2\/product_cat?post=15333"},{"taxonomy":"product_tag","embeddable":true,"href":"https:\/\/curiosidadesedicas.com\/loja\/wp-json\/wp\/v2\/product_tag?post=15333"}],"curies":[{"name":"wp","href":"https:\/\/api.w.org\/{rel}","templated":true}]}}