{"id":15203,"date":"2020-06-19T11:32:05","date_gmt":"2020-06-19T11:32:05","guid":{"rendered":"https:\/\/curiosidadesedicas.com\/loja\/?post_type=product&#038;p=15203"},"modified":"2025-03-20T10:45:58","modified_gmt":"2025-03-20T10:45:58","slug":"torneira-ecologica-c-filtro-purificador-de-agua","status":"publish","type":"product","link":"https:\/\/curiosidadesedicas.com\/loja\/produto\/torneira-ecologica-c-filtro-purificador-de-agua\/","title":{"rendered":"TORNEIRA ECOL\u00d3GICA C\/ FILTRO PURIFICADOR DE \u00c1GUA"},"content":{"rendered":"<ul>\n<li>Fabricada em PP, PC, com um filtro de\u00a0sulfito de c\u00e1lcio<\/li>\n<li>Design moderno e pr\u00e1tico<\/li>\n<li>Regulador de fluxo de \u00e1gua (3 posi\u00e7\u00f5es)<\/li>\n<li>F\u00e1cil\u00a0de instalar e adapt\u00e1vel \u00e0 maioria das torneiras<\/li>\n<li>Purificador de \u00e1gua<\/li>\n<li>Efeito de microniza\u00e7\u00e3o (poupan\u00e7a de \u00e1gua, energia e detergente)<\/li>\n<li>Inclui filtro de recarga e adaptador macho-f\u00eamea: rosca-padr\u00e3o M24-H22<\/li>\n<li>Vida \u00fatil de cada filtro: 8 meses aprox.<\/li>\n<li>Di\u00e2metro x altura: aprox. 6 x 8 cm<\/li>\n<\/ul>\n","protected":false},"excerpt":{"rendered":"<p>Este\u00a0<strong>filtro de \u00e1gua<\/strong>\u00a0purifica e melhora a qualidade da \u00e1gua. Ideal para instalar na torneira da cozinha e obter \u00e1gua muito mais saud\u00e1vel para beber ou lavar e cozer alimentos. Al\u00e9m disso, o efeito de microniza\u00e7\u00e3o da \u00e1gua permite poupar \u00e1gua, energia e detergente.<\/p>\n","protected":false},"featured_media":15204,"comment_status":"open","ping_status":"closed","template":"","meta":{"_glsr_average":0,"_glsr_ranking":0,"_glsr_reviews":0},"product_brand":[],"product_cat":[365,366,391],"product_tag":[],"class_list":{"0":"post-15203","1":"product","2":"type-product","3":"status-publish","4":"has-post-thumbnail","6":"product_cat-para-o-lar","7":"product_cat-cozinha","8":"product_cat-poupanca-de-agua","10":"first","11":"outofstock","12":"taxable","13":"shipping-taxable","14":"purchasable","15":"product-type-simple"},"yoast_head":"<!-- This site is optimized with the Yoast SEO plugin v26.8 - https:\/\/yoast.com\/product\/yoast-seo-wordpress\/ -->\n<title>TORNEIRA ECOL\u00d3GICA C\/ FILTRO PURIFICADOR DE \u00c1GUA - Curiosidades &amp; Dicas, Lda<\/title>\n<meta name=\"robots\" content=\"index, follow, max-snippet:-1, max-image-preview:large, max-video-preview:-1\" \/>\n<link rel=\"canonical\" href=\"https:\/\/curiosidadesedicas.com\/loja\/produto\/torneira-ecologica-c-filtro-purificador-de-agua\/\" \/>\n<meta property=\"og:locale\" content=\"pt_PT\" \/>\n<meta property=\"og:type\" content=\"article\" \/>\n<meta property=\"og:title\" content=\"TORNEIRA ECOL\u00d3GICA C\/ FILTRO PURIFICADOR DE \u00c1GUA - Curiosidades &amp; Dicas, Lda\" \/>\n<meta property=\"og:description\" content=\"Este\u00a0filtro de \u00e1gua\u00a0purifica e melhora a qualidade da \u00e1gua. Ideal para instalar na torneira da cozinha e obter \u00e1gua muito mais saud\u00e1vel para beber ou lavar e cozer alimentos. Al\u00e9m disso, o efeito de microniza\u00e7\u00e3o da \u00e1gua permite poupar \u00e1gua, energia e detergente.\" \/>\n<meta property=\"og:url\" content=\"https:\/\/curiosidadesedicas.com\/loja\/produto\/torneira-ecologica-c-filtro-purificador-de-agua\/\" \/>\n<meta property=\"og:site_name\" content=\"Curiosidades &amp; Dicas, Lda\" \/>\n<meta property=\"article:modified_time\" content=\"2025-03-20T10:45:58+00:00\" \/>\n<meta property=\"og:image\" content=\"https:\/\/curiosidadesedicas.com\/loja\/wp-content\/uploads\/2020\/06\/torneira-ecologica-com-filtro-purificador-de-agua-innovagoods.jpg\" \/>\n\t<meta property=\"og:image:width\" content=\"600\" \/>\n\t<meta property=\"og:image:height\" content=\"600\" \/>\n\t<meta property=\"og:image:type\" content=\"image\/jpeg\" \/>\n<meta name=\"twitter:card\" content=\"summary_large_image\" \/>\n<meta name=\"twitter:label1\" content=\"Tempo estimado de leitura\" \/>\n\t<meta name=\"twitter:data1\" content=\"1 minuto\" \/>\n<script type=\"application\/ld+json\" class=\"yoast-schema-graph\">{\"@context\":\"https:\/\/schema.org\",\"@graph\":[{\"@type\":\"WebPage\",\"@id\":\"https:\/\/curiosidadesedicas.com\/loja\/produto\/torneira-ecologica-c-filtro-purificador-de-agua\/\",\"url\":\"https:\/\/curiosidadesedicas.com\/loja\/produto\/torneira-ecologica-c-filtro-purificador-de-agua\/\",\"name\":\"TORNEIRA ECOL\u00d3GICA C\/ FILTRO PURIFICADOR DE \u00c1GUA - Curiosidades &amp; Dicas, Lda\",\"isPartOf\":{\"@id\":\"https:\/\/curiosidadesedicas.com\/loja\/#website\"},\"primaryImageOfPage\":{\"@id\":\"https:\/\/curiosidadesedicas.com\/loja\/produto\/torneira-ecologica-c-filtro-purificador-de-agua\/#primaryimage\"},\"image\":{\"@id\":\"https:\/\/curiosidadesedicas.com\/loja\/produto\/torneira-ecologica-c-filtro-purificador-de-agua\/#primaryimage\"},\"thumbnailUrl\":\"https:\/\/curiosidadesedicas.com\/loja\/wp-content\/uploads\/2020\/06\/torneira-ecologica-com-filtro-purificador-de-agua-innovagoods.jpg\",\"datePublished\":\"2020-06-19T11:32:05+00:00\",\"dateModified\":\"2025-03-20T10:45:58+00:00\",\"breadcrumb\":{\"@id\":\"https:\/\/curiosidadesedicas.com\/loja\/produto\/torneira-ecologica-c-filtro-purificador-de-agua\/#breadcrumb\"},\"inLanguage\":\"pt-PT\",\"potentialAction\":[{\"@type\":\"ReadAction\",\"target\":[\"https:\/\/curiosidadesedicas.com\/loja\/produto\/torneira-ecologica-c-filtro-purificador-de-agua\/\"]}]},{\"@type\":\"ImageObject\",\"inLanguage\":\"pt-PT\",\"@id\":\"https:\/\/curiosidadesedicas.com\/loja\/produto\/torneira-ecologica-c-filtro-purificador-de-agua\/#primaryimage\",\"url\":\"https:\/\/curiosidadesedicas.com\/loja\/wp-content\/uploads\/2020\/06\/torneira-ecologica-com-filtro-purificador-de-agua-innovagoods.jpg\",\"contentUrl\":\"https:\/\/curiosidadesedicas.com\/loja\/wp-content\/uploads\/2020\/06\/torneira-ecologica-com-filtro-purificador-de-agua-innovagoods.jpg\",\"width\":600,\"height\":600},{\"@type\":\"BreadcrumbList\",\"@id\":\"https:\/\/curiosidadesedicas.com\/loja\/produto\/torneira-ecologica-c-filtro-purificador-de-agua\/#breadcrumb\",\"itemListElement\":[{\"@type\":\"ListItem\",\"position\":1,\"name\":\"In\u00edcio\",\"item\":\"https:\/\/curiosidadesedicas.com\/loja\/\"},{\"@type\":\"ListItem\",\"position\":2,\"name\":\"Produtos\",\"item\":\"https:\/\/curiosidadesedicas.com\/loja\/produtos\/\"},{\"@type\":\"ListItem\",\"position\":3,\"name\":\"TORNEIRA ECOL\u00d3GICA C\/ FILTRO PURIFICADOR DE \u00c1GUA\"}]},{\"@type\":\"WebSite\",\"@id\":\"https:\/\/curiosidadesedicas.com\/loja\/#website\",\"url\":\"https:\/\/curiosidadesedicas.com\/loja\/\",\"name\":\"Curiosidades &amp; Dicas, Lda\",\"description\":\"Apaixonados Por Inova\u00e7\u00e3o\",\"publisher\":{\"@id\":\"https:\/\/curiosidadesedicas.com\/loja\/#organization\"},\"potentialAction\":[{\"@type\":\"SearchAction\",\"target\":{\"@type\":\"EntryPoint\",\"urlTemplate\":\"https:\/\/curiosidadesedicas.com\/loja\/?s={search_term_string}\"},\"query-input\":{\"@type\":\"PropertyValueSpecification\",\"valueRequired\":true,\"valueName\":\"search_term_string\"}}],\"inLanguage\":\"pt-PT\"},{\"@type\":\"Organization\",\"@id\":\"https:\/\/curiosidadesedicas.com\/loja\/#organization\",\"name\":\"Curiosidades & Dicas\",\"url\":\"https:\/\/curiosidadesedicas.com\/loja\/\",\"logo\":{\"@type\":\"ImageObject\",\"inLanguage\":\"pt-PT\",\"@id\":\"https:\/\/curiosidadesedicas.com\/loja\/#\/schema\/logo\/image\/\",\"url\":\"https:\/\/curiosidadesedicas.com\/loja\/wp-content\/uploads\/2020\/05\/LogoCuriosidadesSimples.png\",\"contentUrl\":\"https:\/\/curiosidadesedicas.com\/loja\/wp-content\/uploads\/2020\/05\/LogoCuriosidadesSimples.png\",\"width\":3528,\"height\":804,\"caption\":\"Curiosidades & Dicas\"},\"image\":{\"@id\":\"https:\/\/curiosidadesedicas.com\/loja\/#\/schema\/logo\/image\/\"}}]}<\/script>\n<!-- \/ Yoast SEO plugin. -->","yoast_head_json":{"title":"TORNEIRA ECOL\u00d3GICA C\/ FILTRO PURIFICADOR DE \u00c1GUA - Curiosidades &amp; Dicas, Lda","robots":{"index":"index","follow":"follow","max-snippet":"max-snippet:-1","max-image-preview":"max-image-preview:large","max-video-preview":"max-video-preview:-1"},"canonical":"https:\/\/curiosidadesedicas.com\/loja\/produto\/torneira-ecologica-c-filtro-purificador-de-agua\/","og_locale":"pt_PT","og_type":"article","og_title":"TORNEIRA ECOL\u00d3GICA C\/ FILTRO PURIFICADOR DE \u00c1GUA - Curiosidades &amp; Dicas, Lda","og_description":"Este\u00a0filtro de \u00e1gua\u00a0purifica e melhora a qualidade da \u00e1gua. Ideal para instalar na torneira da cozinha e obter \u00e1gua muito mais saud\u00e1vel para beber ou lavar e cozer alimentos. Al\u00e9m disso, o efeito de microniza\u00e7\u00e3o da \u00e1gua permite poupar \u00e1gua, energia e detergente.","og_url":"https:\/\/curiosidadesedicas.com\/loja\/produto\/torneira-ecologica-c-filtro-purificador-de-agua\/","og_site_name":"Curiosidades &amp; Dicas, Lda","article_modified_time":"2025-03-20T10:45:58+00:00","og_image":[{"width":600,"height":600,"url":"https:\/\/curiosidadesedicas.com\/loja\/wp-content\/uploads\/2020\/06\/torneira-ecologica-com-filtro-purificador-de-agua-innovagoods.jpg","type":"image\/jpeg"}],"twitter_card":"summary_large_image","twitter_misc":{"Tempo estimado de leitura":"1 minuto"},"schema":{"@context":"https:\/\/schema.org","@graph":[{"@type":"WebPage","@id":"https:\/\/curiosidadesedicas.com\/loja\/produto\/torneira-ecologica-c-filtro-purificador-de-agua\/","url":"https:\/\/curiosidadesedicas.com\/loja\/produto\/torneira-ecologica-c-filtro-purificador-de-agua\/","name":"TORNEIRA ECOL\u00d3GICA C\/ FILTRO PURIFICADOR DE \u00c1GUA - Curiosidades &amp; Dicas, Lda","isPartOf":{"@id":"https:\/\/curiosidadesedicas.com\/loja\/#website"},"primaryImageOfPage":{"@id":"https:\/\/curiosidadesedicas.com\/loja\/produto\/torneira-ecologica-c-filtro-purificador-de-agua\/#primaryimage"},"image":{"@id":"https:\/\/curiosidadesedicas.com\/loja\/produto\/torneira-ecologica-c-filtro-purificador-de-agua\/#primaryimage"},"thumbnailUrl":"https:\/\/curiosidadesedicas.com\/loja\/wp-content\/uploads\/2020\/06\/torneira-ecologica-com-filtro-purificador-de-agua-innovagoods.jpg","datePublished":"2020-06-19T11:32:05+00:00","dateModified":"2025-03-20T10:45:58+00:00","breadcrumb":{"@id":"https:\/\/curiosidadesedicas.com\/loja\/produto\/torneira-ecologica-c-filtro-purificador-de-agua\/#breadcrumb"},"inLanguage":"pt-PT","potentialAction":[{"@type":"ReadAction","target":["https:\/\/curiosidadesedicas.com\/loja\/produto\/torneira-ecologica-c-filtro-purificador-de-agua\/"]}]},{"@type":"ImageObject","inLanguage":"pt-PT","@id":"https:\/\/curiosidadesedicas.com\/loja\/produto\/torneira-ecologica-c-filtro-purificador-de-agua\/#primaryimage","url":"https:\/\/curiosidadesedicas.com\/loja\/wp-content\/uploads\/2020\/06\/torneira-ecologica-com-filtro-purificador-de-agua-innovagoods.jpg","contentUrl":"https:\/\/curiosidadesedicas.com\/loja\/wp-content\/uploads\/2020\/06\/torneira-ecologica-com-filtro-purificador-de-agua-innovagoods.jpg","width":600,"height":600},{"@type":"BreadcrumbList","@id":"https:\/\/curiosidadesedicas.com\/loja\/produto\/torneira-ecologica-c-filtro-purificador-de-agua\/#breadcrumb","itemListElement":[{"@type":"ListItem","position":1,"name":"In\u00edcio","item":"https:\/\/curiosidadesedicas.com\/loja\/"},{"@type":"ListItem","position":2,"name":"Produtos","item":"https:\/\/curiosidadesedicas.com\/loja\/produtos\/"},{"@type":"ListItem","position":3,"name":"TORNEIRA ECOL\u00d3GICA C\/ FILTRO PURIFICADOR DE \u00c1GUA"}]},{"@type":"WebSite","@id":"https:\/\/curiosidadesedicas.com\/loja\/#website","url":"https:\/\/curiosidadesedicas.com\/loja\/","name":"Curiosidades &amp; Dicas, Lda","description":"Apaixonados Por Inova\u00e7\u00e3o","publisher":{"@id":"https:\/\/curiosidadesedicas.com\/loja\/#organization"},"potentialAction":[{"@type":"SearchAction","target":{"@type":"EntryPoint","urlTemplate":"https:\/\/curiosidadesedicas.com\/loja\/?s={search_term_string}"},"query-input":{"@type":"PropertyValueSpecification","valueRequired":true,"valueName":"search_term_string"}}],"inLanguage":"pt-PT"},{"@type":"Organization","@id":"https:\/\/curiosidadesedicas.com\/loja\/#organization","name":"Curiosidades & Dicas","url":"https:\/\/curiosidadesedicas.com\/loja\/","logo":{"@type":"ImageObject","inLanguage":"pt-PT","@id":"https:\/\/curiosidadesedicas.com\/loja\/#\/schema\/logo\/image\/","url":"https:\/\/curiosidadesedicas.com\/loja\/wp-content\/uploads\/2020\/05\/LogoCuriosidadesSimples.png","contentUrl":"https:\/\/curiosidadesedicas.com\/loja\/wp-content\/uploads\/2020\/05\/LogoCuriosidadesSimples.png","width":3528,"height":804,"caption":"Curiosidades & Dicas"},"image":{"@id":"https:\/\/curiosidadesedicas.com\/loja\/#\/schema\/logo\/image\/"}}]}},"_links":{"self":[{"href":"https:\/\/curiosidadesedicas.com\/loja\/wp-json\/wp\/v2\/product\/15203","targetHints":{"allow":["GET"]}}],"collection":[{"href":"https:\/\/curiosidadesedicas.com\/loja\/wp-json\/wp\/v2\/product"}],"about":[{"href":"https:\/\/curiosidadesedicas.com\/loja\/wp-json\/wp\/v2\/types\/product"}],"replies":[{"embeddable":true,"href":"https:\/\/curiosidadesedicas.com\/loja\/wp-json\/wp\/v2\/comments?post=15203"}],"wp:featuredmedia":[{"embeddable":true,"href":"https:\/\/curiosidadesedicas.com\/loja\/wp-json\/wp\/v2\/media\/15204"}],"wp:attachment":[{"href":"https:\/\/curiosidadesedicas.com\/loja\/wp-json\/wp\/v2\/media?parent=15203"}],"wp:term":[{"taxonomy":"product_brand","embeddable":true,"href":"https:\/\/curiosidadesedicas.com\/loja\/wp-json\/wp\/v2\/product_brand?post=15203"},{"taxonomy":"product_cat","embeddable":true,"href":"https:\/\/curiosidadesedicas.com\/loja\/wp-json\/wp\/v2\/product_cat?post=15203"},{"taxonomy":"product_tag","embeddable":true,"href":"https:\/\/curiosidadesedicas.com\/loja\/wp-json\/wp\/v2\/product_tag?post=15203"}],"curies":[{"name":"wp","href":"https:\/\/api.w.org\/{rel}","templated":true}]}}