{"id":15095,"date":"2020-06-19T09:32:34","date_gmt":"2020-06-19T09:32:34","guid":{"rendered":"https:\/\/curiosidadesedicas.com\/loja\/?post_type=product&#038;p=15095"},"modified":"2020-06-19T09:38:11","modified_gmt":"2020-06-19T09:38:11","slug":"ficha-adaptadora-universal-usb","status":"publish","type":"product","link":"https:\/\/curiosidadesedicas.com\/loja\/produto\/ficha-adaptadora-universal-usb\/","title":{"rendered":"FICHA ADAPTADORA UNIVERSAL USB"},"content":{"rendered":"<p class=\"small_desc\">O adaptador de viagem com 2 USB permite ligar dispositivos el\u00e9tricos a qualquer tipo de tomada e poder\u00e1 tamb\u00e9m recarregar v\u00e1rios dispositivos USB, tais como um telem\u00f3vel, tablet, etc.<\/p>\n","protected":false},"excerpt":{"rendered":"<ul>\n<li>Tem um tamanho pequeno de modo a ocupar pouco espa\u00e7o na sua mochila ou mala de viagem<\/li>\n<li>O adaptador de ficha foi concebido para carregadores de telefone<\/li>\n<li>V\u00e1lido para mais de 150 pa\u00edses: Com pinos para os EUA | UE | UK | AU<\/li>\n<li>Possui um indicador de pot\u00eancia LED<\/li>\n<li>Gama de pot\u00eancias para corrente alternada: 6A m\u00e1ximo 100-240Vac (660 Watts m\u00e1ximo A 110V, 1380 Watts m\u00e1ximo A 230V)<\/li>\n<li>Gama de pot\u00eancias para USB: 1000 mA + 5 Vdc<\/li>\n<li>N\u00famero de portas USB: 2<\/li>\n<\/ul>\n","protected":false},"featured_media":15097,"comment_status":"open","ping_status":"closed","template":"","meta":{"_glsr_average":0,"_glsr_ranking":0,"_glsr_reviews":0},"product_brand":[],"product_cat":[350,408],"product_tag":[],"class_list":{"0":"post-15095","1":"product","2":"type-product","3":"status-publish","4":"has-post-thumbnail","6":"product_cat-gadgets","7":"product_cat-p-viagens","9":"first","10":"instock","11":"taxable","12":"shipping-taxable","13":"purchasable","14":"product-type-simple"},"yoast_head":"<!-- This site is optimized with the Yoast SEO plugin v26.8 - https:\/\/yoast.com\/product\/yoast-seo-wordpress\/ -->\n<title>FICHA ADAPTADORA UNIVERSAL USB - Curiosidades &amp; Dicas, Lda<\/title>\n<meta name=\"robots\" content=\"index, follow, max-snippet:-1, max-image-preview:large, max-video-preview:-1\" \/>\n<link rel=\"canonical\" href=\"https:\/\/curiosidadesedicas.com\/loja\/produto\/ficha-adaptadora-universal-usb\/\" \/>\n<meta property=\"og:locale\" content=\"pt_PT\" \/>\n<meta property=\"og:type\" content=\"article\" \/>\n<meta property=\"og:title\" content=\"FICHA ADAPTADORA UNIVERSAL USB - Curiosidades &amp; Dicas, Lda\" \/>\n<meta property=\"og:description\" content=\"Tem um tamanho pequeno de modo a ocupar pouco espa\u00e7o na sua mochila ou mala de viagem  O adaptador de ficha foi concebido para carregadores de telefone  V\u00e1lido para mais de 150 pa\u00edses: Com pinos para os EUA | UE | UK | AU  Possui um indicador de pot\u00eancia LED  Gama de pot\u00eancias para corrente alternada: 6A m\u00e1ximo 100-240Vac (660 Watts m\u00e1ximo A 110V, 1380 Watts m\u00e1ximo A 230V)  Gama de pot\u00eancias para USB: 1000 mA + 5 Vdc  N\u00famero de portas USB: 2\" \/>\n<meta property=\"og:url\" content=\"https:\/\/curiosidadesedicas.com\/loja\/produto\/ficha-adaptadora-universal-usb\/\" \/>\n<meta property=\"og:site_name\" content=\"Curiosidades &amp; Dicas, Lda\" \/>\n<meta property=\"article:modified_time\" content=\"2020-06-19T09:38:11+00:00\" \/>\n<meta property=\"og:image\" content=\"https:\/\/curiosidadesedicas.com\/loja\/wp-content\/uploads\/2020\/06\/BN3803-4.jpg\" \/>\n\t<meta property=\"og:image:width\" content=\"985\" \/>\n\t<meta property=\"og:image:height\" content=\"985\" \/>\n\t<meta property=\"og:image:type\" content=\"image\/jpeg\" \/>\n<meta name=\"twitter:card\" content=\"summary_large_image\" \/>\n<script type=\"application\/ld+json\" class=\"yoast-schema-graph\">{\"@context\":\"https:\/\/schema.org\",\"@graph\":[{\"@type\":\"WebPage\",\"@id\":\"https:\/\/curiosidadesedicas.com\/loja\/produto\/ficha-adaptadora-universal-usb\/\",\"url\":\"https:\/\/curiosidadesedicas.com\/loja\/produto\/ficha-adaptadora-universal-usb\/\",\"name\":\"FICHA ADAPTADORA UNIVERSAL USB - Curiosidades &amp; Dicas, Lda\",\"isPartOf\":{\"@id\":\"https:\/\/curiosidadesedicas.com\/loja\/#website\"},\"primaryImageOfPage\":{\"@id\":\"https:\/\/curiosidadesedicas.com\/loja\/produto\/ficha-adaptadora-universal-usb\/#primaryimage\"},\"image\":{\"@id\":\"https:\/\/curiosidadesedicas.com\/loja\/produto\/ficha-adaptadora-universal-usb\/#primaryimage\"},\"thumbnailUrl\":\"https:\/\/curiosidadesedicas.com\/loja\/wp-content\/uploads\/2020\/06\/BN3803-4.jpg\",\"datePublished\":\"2020-06-19T09:32:34+00:00\",\"dateModified\":\"2020-06-19T09:38:11+00:00\",\"breadcrumb\":{\"@id\":\"https:\/\/curiosidadesedicas.com\/loja\/produto\/ficha-adaptadora-universal-usb\/#breadcrumb\"},\"inLanguage\":\"pt-PT\",\"potentialAction\":[{\"@type\":\"ReadAction\",\"target\":[\"https:\/\/curiosidadesedicas.com\/loja\/produto\/ficha-adaptadora-universal-usb\/\"]}]},{\"@type\":\"ImageObject\",\"inLanguage\":\"pt-PT\",\"@id\":\"https:\/\/curiosidadesedicas.com\/loja\/produto\/ficha-adaptadora-universal-usb\/#primaryimage\",\"url\":\"https:\/\/curiosidadesedicas.com\/loja\/wp-content\/uploads\/2020\/06\/BN3803-4.jpg\",\"contentUrl\":\"https:\/\/curiosidadesedicas.com\/loja\/wp-content\/uploads\/2020\/06\/BN3803-4.jpg\",\"width\":985,\"height\":985},{\"@type\":\"BreadcrumbList\",\"@id\":\"https:\/\/curiosidadesedicas.com\/loja\/produto\/ficha-adaptadora-universal-usb\/#breadcrumb\",\"itemListElement\":[{\"@type\":\"ListItem\",\"position\":1,\"name\":\"In\u00edcio\",\"item\":\"https:\/\/curiosidadesedicas.com\/loja\/\"},{\"@type\":\"ListItem\",\"position\":2,\"name\":\"Produtos\",\"item\":\"https:\/\/curiosidadesedicas.com\/loja\/produtos\/\"},{\"@type\":\"ListItem\",\"position\":3,\"name\":\"FICHA ADAPTADORA UNIVERSAL USB\"}]},{\"@type\":\"WebSite\",\"@id\":\"https:\/\/curiosidadesedicas.com\/loja\/#website\",\"url\":\"https:\/\/curiosidadesedicas.com\/loja\/\",\"name\":\"Curiosidades &amp; Dicas, Lda\",\"description\":\"Apaixonados Por Inova\u00e7\u00e3o\",\"publisher\":{\"@id\":\"https:\/\/curiosidadesedicas.com\/loja\/#organization\"},\"potentialAction\":[{\"@type\":\"SearchAction\",\"target\":{\"@type\":\"EntryPoint\",\"urlTemplate\":\"https:\/\/curiosidadesedicas.com\/loja\/?s={search_term_string}\"},\"query-input\":{\"@type\":\"PropertyValueSpecification\",\"valueRequired\":true,\"valueName\":\"search_term_string\"}}],\"inLanguage\":\"pt-PT\"},{\"@type\":\"Organization\",\"@id\":\"https:\/\/curiosidadesedicas.com\/loja\/#organization\",\"name\":\"Curiosidades & Dicas\",\"url\":\"https:\/\/curiosidadesedicas.com\/loja\/\",\"logo\":{\"@type\":\"ImageObject\",\"inLanguage\":\"pt-PT\",\"@id\":\"https:\/\/curiosidadesedicas.com\/loja\/#\/schema\/logo\/image\/\",\"url\":\"https:\/\/curiosidadesedicas.com\/loja\/wp-content\/uploads\/2020\/05\/LogoCuriosidadesSimples.png\",\"contentUrl\":\"https:\/\/curiosidadesedicas.com\/loja\/wp-content\/uploads\/2020\/05\/LogoCuriosidadesSimples.png\",\"width\":3528,\"height\":804,\"caption\":\"Curiosidades & Dicas\"},\"image\":{\"@id\":\"https:\/\/curiosidadesedicas.com\/loja\/#\/schema\/logo\/image\/\"}}]}<\/script>\n<!-- \/ Yoast SEO plugin. -->","yoast_head_json":{"title":"FICHA ADAPTADORA UNIVERSAL USB - Curiosidades &amp; Dicas, Lda","robots":{"index":"index","follow":"follow","max-snippet":"max-snippet:-1","max-image-preview":"max-image-preview:large","max-video-preview":"max-video-preview:-1"},"canonical":"https:\/\/curiosidadesedicas.com\/loja\/produto\/ficha-adaptadora-universal-usb\/","og_locale":"pt_PT","og_type":"article","og_title":"FICHA ADAPTADORA UNIVERSAL USB - Curiosidades &amp; Dicas, Lda","og_description":"Tem um tamanho pequeno de modo a ocupar pouco espa\u00e7o na sua mochila ou mala de viagem  O adaptador de ficha foi concebido para carregadores de telefone  V\u00e1lido para mais de 150 pa\u00edses: Com pinos para os EUA | UE | UK | AU  Possui um indicador de pot\u00eancia LED  Gama de pot\u00eancias para corrente alternada: 6A m\u00e1ximo 100-240Vac (660 Watts m\u00e1ximo A 110V, 1380 Watts m\u00e1ximo A 230V)  Gama de pot\u00eancias para USB: 1000 mA + 5 Vdc  N\u00famero de portas USB: 2","og_url":"https:\/\/curiosidadesedicas.com\/loja\/produto\/ficha-adaptadora-universal-usb\/","og_site_name":"Curiosidades &amp; Dicas, Lda","article_modified_time":"2020-06-19T09:38:11+00:00","og_image":[{"width":985,"height":985,"url":"https:\/\/curiosidadesedicas.com\/loja\/wp-content\/uploads\/2020\/06\/BN3803-4.jpg","type":"image\/jpeg"}],"twitter_card":"summary_large_image","schema":{"@context":"https:\/\/schema.org","@graph":[{"@type":"WebPage","@id":"https:\/\/curiosidadesedicas.com\/loja\/produto\/ficha-adaptadora-universal-usb\/","url":"https:\/\/curiosidadesedicas.com\/loja\/produto\/ficha-adaptadora-universal-usb\/","name":"FICHA ADAPTADORA UNIVERSAL USB - Curiosidades &amp; Dicas, Lda","isPartOf":{"@id":"https:\/\/curiosidadesedicas.com\/loja\/#website"},"primaryImageOfPage":{"@id":"https:\/\/curiosidadesedicas.com\/loja\/produto\/ficha-adaptadora-universal-usb\/#primaryimage"},"image":{"@id":"https:\/\/curiosidadesedicas.com\/loja\/produto\/ficha-adaptadora-universal-usb\/#primaryimage"},"thumbnailUrl":"https:\/\/curiosidadesedicas.com\/loja\/wp-content\/uploads\/2020\/06\/BN3803-4.jpg","datePublished":"2020-06-19T09:32:34+00:00","dateModified":"2020-06-19T09:38:11+00:00","breadcrumb":{"@id":"https:\/\/curiosidadesedicas.com\/loja\/produto\/ficha-adaptadora-universal-usb\/#breadcrumb"},"inLanguage":"pt-PT","potentialAction":[{"@type":"ReadAction","target":["https:\/\/curiosidadesedicas.com\/loja\/produto\/ficha-adaptadora-universal-usb\/"]}]},{"@type":"ImageObject","inLanguage":"pt-PT","@id":"https:\/\/curiosidadesedicas.com\/loja\/produto\/ficha-adaptadora-universal-usb\/#primaryimage","url":"https:\/\/curiosidadesedicas.com\/loja\/wp-content\/uploads\/2020\/06\/BN3803-4.jpg","contentUrl":"https:\/\/curiosidadesedicas.com\/loja\/wp-content\/uploads\/2020\/06\/BN3803-4.jpg","width":985,"height":985},{"@type":"BreadcrumbList","@id":"https:\/\/curiosidadesedicas.com\/loja\/produto\/ficha-adaptadora-universal-usb\/#breadcrumb","itemListElement":[{"@type":"ListItem","position":1,"name":"In\u00edcio","item":"https:\/\/curiosidadesedicas.com\/loja\/"},{"@type":"ListItem","position":2,"name":"Produtos","item":"https:\/\/curiosidadesedicas.com\/loja\/produtos\/"},{"@type":"ListItem","position":3,"name":"FICHA ADAPTADORA UNIVERSAL USB"}]},{"@type":"WebSite","@id":"https:\/\/curiosidadesedicas.com\/loja\/#website","url":"https:\/\/curiosidadesedicas.com\/loja\/","name":"Curiosidades &amp; Dicas, Lda","description":"Apaixonados Por Inova\u00e7\u00e3o","publisher":{"@id":"https:\/\/curiosidadesedicas.com\/loja\/#organization"},"potentialAction":[{"@type":"SearchAction","target":{"@type":"EntryPoint","urlTemplate":"https:\/\/curiosidadesedicas.com\/loja\/?s={search_term_string}"},"query-input":{"@type":"PropertyValueSpecification","valueRequired":true,"valueName":"search_term_string"}}],"inLanguage":"pt-PT"},{"@type":"Organization","@id":"https:\/\/curiosidadesedicas.com\/loja\/#organization","name":"Curiosidades & Dicas","url":"https:\/\/curiosidadesedicas.com\/loja\/","logo":{"@type":"ImageObject","inLanguage":"pt-PT","@id":"https:\/\/curiosidadesedicas.com\/loja\/#\/schema\/logo\/image\/","url":"https:\/\/curiosidadesedicas.com\/loja\/wp-content\/uploads\/2020\/05\/LogoCuriosidadesSimples.png","contentUrl":"https:\/\/curiosidadesedicas.com\/loja\/wp-content\/uploads\/2020\/05\/LogoCuriosidadesSimples.png","width":3528,"height":804,"caption":"Curiosidades & Dicas"},"image":{"@id":"https:\/\/curiosidadesedicas.com\/loja\/#\/schema\/logo\/image\/"}}]}},"_links":{"self":[{"href":"https:\/\/curiosidadesedicas.com\/loja\/wp-json\/wp\/v2\/product\/15095","targetHints":{"allow":["GET"]}}],"collection":[{"href":"https:\/\/curiosidadesedicas.com\/loja\/wp-json\/wp\/v2\/product"}],"about":[{"href":"https:\/\/curiosidadesedicas.com\/loja\/wp-json\/wp\/v2\/types\/product"}],"replies":[{"embeddable":true,"href":"https:\/\/curiosidadesedicas.com\/loja\/wp-json\/wp\/v2\/comments?post=15095"}],"wp:featuredmedia":[{"embeddable":true,"href":"https:\/\/curiosidadesedicas.com\/loja\/wp-json\/wp\/v2\/media\/15097"}],"wp:attachment":[{"href":"https:\/\/curiosidadesedicas.com\/loja\/wp-json\/wp\/v2\/media?parent=15095"}],"wp:term":[{"taxonomy":"product_brand","embeddable":true,"href":"https:\/\/curiosidadesedicas.com\/loja\/wp-json\/wp\/v2\/product_brand?post=15095"},{"taxonomy":"product_cat","embeddable":true,"href":"https:\/\/curiosidadesedicas.com\/loja\/wp-json\/wp\/v2\/product_cat?post=15095"},{"taxonomy":"product_tag","embeddable":true,"href":"https:\/\/curiosidadesedicas.com\/loja\/wp-json\/wp\/v2\/product_tag?post=15095"}],"curies":[{"name":"wp","href":"https:\/\/api.w.org\/{rel}","templated":true}]}}