{"id":15054,"date":"2020-06-19T08:57:02","date_gmt":"2020-06-19T08:57:02","guid":{"rendered":"https:\/\/curiosidadesedicas.com\/loja\/?post_type=product&#038;p=15054"},"modified":"2025-03-20T11:00:04","modified_gmt":"2025-03-20T11:00:04","slug":"cabide-multiplo-para-calcas-5-em-1","status":"publish","type":"product","link":"https:\/\/curiosidadesedicas.com\/loja\/produto\/cabide-multiplo-para-calcas-5-em-1\/","title":{"rendered":"CABIDE M\u00daLTIPLO P\/ CAL\u00c7AS 5 EM 1"},"content":{"rendered":"<p>O <strong>Cabide M\u00faltiplo para Cal\u00e7as 5 em 1<\/strong> \u00e9 muito \u00fatil para pendurar as cal\u00e7as bem organizadas, ocupando o m\u00ednimo de espa\u00e7o no arm\u00e1rio. O seu design vers\u00e1til permite pendurar o cabide em duas posi\u00e7\u00f5es diferentes, em fun\u00e7\u00e3o das necessidades do utilizador. Al\u00e9m disso, permite localizar e retirar as cal\u00e7as de forma pr\u00e1tica, uma vez que as varas de suporte s\u00e3o m\u00f3veis e podem ser deslizadas, facilitando a remo\u00e7\u00e3o das pe\u00e7as de roupa. Uma forma simples de organizar as cal\u00e7as e de aproveitar ao m\u00e1ximo o espa\u00e7o no arm\u00e1rio.<\/p>\n","protected":false},"excerpt":{"rendered":"<ul>\n<li>Material:\n<ul>\n<li>A\u00e7o inoxid\u00e1vel<\/li>\n<li>ABS<\/li>\n<\/ul>\n<\/li>\n<li>Design inovador e funcional<\/li>\n<li>Tipo: Dobr\u00e1vel<\/li>\n<li>Capacidade: x5<\/li>\n<li>Grande qualidade, resist\u00eancia e durabilidade<\/li>\n<li>F\u00e1cil de utilizar, leve e manuse\u00e1vel<\/li>\n<li>2 ganchos-cabide para pendurar<\/li>\n<li>Varas m\u00f3veis para facilitar a remo\u00e7\u00e3o das cal\u00e7as<\/li>\n<li>Poupa espa\u00e7o no arm\u00e1rio<\/li>\n<li>Mant\u00e9m as cal\u00e7as organizadas<\/li>\n<li>2 Posi\u00e7\u00f5es: coloca\u00e7\u00e3o horizontal ou vertical<\/li>\n<li>Medidas aprox.: 47 x 18 x 6 cm<\/li>\n<li>Medidas aprox. dobrado: 34 x 18 x 4 cm<\/li>\n<\/ul>\n<p>https:\/\/youtu.be\/-GK94Ugtaf0<\/p>\n","protected":false},"featured_media":15070,"comment_status":"open","ping_status":"closed","template":"","meta":{"_glsr_average":0,"_glsr_ranking":0,"_glsr_reviews":0},"product_brand":[],"product_cat":[365,421],"product_tag":[],"class_list":{"0":"post-15054","1":"product","2":"type-product","3":"status-publish","4":"has-post-thumbnail","6":"product_cat-para-o-lar","7":"product_cat-arrumacao","9":"first","10":"instock","11":"taxable","12":"shipping-taxable","13":"purchasable","14":"product-type-simple"},"yoast_head":"<!-- This site is optimized with the Yoast SEO plugin v26.8 - https:\/\/yoast.com\/product\/yoast-seo-wordpress\/ -->\n<title>CABIDE M\u00daLTIPLO P\/ CAL\u00c7AS 5 EM 1 - Curiosidades &amp; Dicas, Lda<\/title>\n<meta name=\"robots\" content=\"index, follow, max-snippet:-1, max-image-preview:large, max-video-preview:-1\" \/>\n<link rel=\"canonical\" href=\"https:\/\/curiosidadesedicas.com\/loja\/produto\/cabide-multiplo-para-calcas-5-em-1\/\" \/>\n<meta property=\"og:locale\" content=\"pt_PT\" \/>\n<meta property=\"og:type\" content=\"article\" \/>\n<meta property=\"og:title\" content=\"CABIDE M\u00daLTIPLO P\/ CAL\u00c7AS 5 EM 1 - Curiosidades &amp; Dicas, Lda\" \/>\n<meta property=\"og:description\" content=\"Material:   A\u00e7o inoxid\u00e1vel  ABS    Design inovador e funcional  Tipo: Dobr\u00e1vel  Capacidade: x5  Grande qualidade, resist\u00eancia e durabilidade  F\u00e1cil de utilizar, leve e manuse\u00e1vel  2 ganchos-cabide para pendurar  Varas m\u00f3veis para facilitar a remo\u00e7\u00e3o das cal\u00e7as  Poupa espa\u00e7o no arm\u00e1rio  Mant\u00e9m as cal\u00e7as organizadas  2 Posi\u00e7\u00f5es: coloca\u00e7\u00e3o horizontal ou vertical  Medidas aprox.: 47 x 18 x 6 cm  Medidas aprox. dobrado: 34 x 18 x 4 cm  https:\/\/youtu.be\/-GK94Ugtaf0\" \/>\n<meta property=\"og:url\" content=\"https:\/\/curiosidadesedicas.com\/loja\/produto\/cabide-multiplo-para-calcas-5-em-1\/\" \/>\n<meta property=\"og:site_name\" content=\"Curiosidades &amp; Dicas, Lda\" \/>\n<meta property=\"article:modified_time\" content=\"2025-03-20T11:00:04+00:00\" \/>\n<meta property=\"og:image\" content=\"https:\/\/curiosidadesedicas.com\/loja\/wp-content\/uploads\/2020\/06\/cabide-multiplo-para-calcas-5-em-1-hanglite-innovagoods_118545.jpg\" \/>\n\t<meta property=\"og:image:width\" content=\"600\" \/>\n\t<meta property=\"og:image:height\" content=\"600\" \/>\n\t<meta property=\"og:image:type\" content=\"image\/jpeg\" \/>\n<meta name=\"twitter:card\" content=\"summary_large_image\" \/>\n<meta name=\"twitter:label1\" content=\"Tempo estimado de leitura\" \/>\n\t<meta name=\"twitter:data1\" content=\"1 minuto\" \/>\n<script type=\"application\/ld+json\" class=\"yoast-schema-graph\">{\"@context\":\"https:\/\/schema.org\",\"@graph\":[{\"@type\":\"WebPage\",\"@id\":\"https:\/\/curiosidadesedicas.com\/loja\/produto\/cabide-multiplo-para-calcas-5-em-1\/\",\"url\":\"https:\/\/curiosidadesedicas.com\/loja\/produto\/cabide-multiplo-para-calcas-5-em-1\/\",\"name\":\"CABIDE M\u00daLTIPLO P\/ CAL\u00c7AS 5 EM 1 - Curiosidades &amp; Dicas, Lda\",\"isPartOf\":{\"@id\":\"https:\/\/curiosidadesedicas.com\/loja\/#website\"},\"primaryImageOfPage\":{\"@id\":\"https:\/\/curiosidadesedicas.com\/loja\/produto\/cabide-multiplo-para-calcas-5-em-1\/#primaryimage\"},\"image\":{\"@id\":\"https:\/\/curiosidadesedicas.com\/loja\/produto\/cabide-multiplo-para-calcas-5-em-1\/#primaryimage\"},\"thumbnailUrl\":\"https:\/\/curiosidadesedicas.com\/loja\/wp-content\/uploads\/2020\/06\/cabide-multiplo-para-calcas-5-em-1-hanglite-innovagoods_118545.jpg\",\"datePublished\":\"2020-06-19T08:57:02+00:00\",\"dateModified\":\"2025-03-20T11:00:04+00:00\",\"breadcrumb\":{\"@id\":\"https:\/\/curiosidadesedicas.com\/loja\/produto\/cabide-multiplo-para-calcas-5-em-1\/#breadcrumb\"},\"inLanguage\":\"pt-PT\",\"potentialAction\":[{\"@type\":\"ReadAction\",\"target\":[\"https:\/\/curiosidadesedicas.com\/loja\/produto\/cabide-multiplo-para-calcas-5-em-1\/\"]}]},{\"@type\":\"ImageObject\",\"inLanguage\":\"pt-PT\",\"@id\":\"https:\/\/curiosidadesedicas.com\/loja\/produto\/cabide-multiplo-para-calcas-5-em-1\/#primaryimage\",\"url\":\"https:\/\/curiosidadesedicas.com\/loja\/wp-content\/uploads\/2020\/06\/cabide-multiplo-para-calcas-5-em-1-hanglite-innovagoods_118545.jpg\",\"contentUrl\":\"https:\/\/curiosidadesedicas.com\/loja\/wp-content\/uploads\/2020\/06\/cabide-multiplo-para-calcas-5-em-1-hanglite-innovagoods_118545.jpg\",\"width\":600,\"height\":600},{\"@type\":\"BreadcrumbList\",\"@id\":\"https:\/\/curiosidadesedicas.com\/loja\/produto\/cabide-multiplo-para-calcas-5-em-1\/#breadcrumb\",\"itemListElement\":[{\"@type\":\"ListItem\",\"position\":1,\"name\":\"In\u00edcio\",\"item\":\"https:\/\/curiosidadesedicas.com\/loja\/\"},{\"@type\":\"ListItem\",\"position\":2,\"name\":\"Produtos\",\"item\":\"https:\/\/curiosidadesedicas.com\/loja\/produtos\/\"},{\"@type\":\"ListItem\",\"position\":3,\"name\":\"CABIDE M\u00daLTIPLO P\/ CAL\u00c7AS 5 EM 1\"}]},{\"@type\":\"WebSite\",\"@id\":\"https:\/\/curiosidadesedicas.com\/loja\/#website\",\"url\":\"https:\/\/curiosidadesedicas.com\/loja\/\",\"name\":\"Curiosidades &amp; Dicas, Lda\",\"description\":\"Apaixonados Por Inova\u00e7\u00e3o\",\"publisher\":{\"@id\":\"https:\/\/curiosidadesedicas.com\/loja\/#organization\"},\"potentialAction\":[{\"@type\":\"SearchAction\",\"target\":{\"@type\":\"EntryPoint\",\"urlTemplate\":\"https:\/\/curiosidadesedicas.com\/loja\/?s={search_term_string}\"},\"query-input\":{\"@type\":\"PropertyValueSpecification\",\"valueRequired\":true,\"valueName\":\"search_term_string\"}}],\"inLanguage\":\"pt-PT\"},{\"@type\":\"Organization\",\"@id\":\"https:\/\/curiosidadesedicas.com\/loja\/#organization\",\"name\":\"Curiosidades & Dicas\",\"url\":\"https:\/\/curiosidadesedicas.com\/loja\/\",\"logo\":{\"@type\":\"ImageObject\",\"inLanguage\":\"pt-PT\",\"@id\":\"https:\/\/curiosidadesedicas.com\/loja\/#\/schema\/logo\/image\/\",\"url\":\"https:\/\/curiosidadesedicas.com\/loja\/wp-content\/uploads\/2020\/05\/LogoCuriosidadesSimples.png\",\"contentUrl\":\"https:\/\/curiosidadesedicas.com\/loja\/wp-content\/uploads\/2020\/05\/LogoCuriosidadesSimples.png\",\"width\":3528,\"height\":804,\"caption\":\"Curiosidades & Dicas\"},\"image\":{\"@id\":\"https:\/\/curiosidadesedicas.com\/loja\/#\/schema\/logo\/image\/\"}}]}<\/script>\n<!-- \/ Yoast SEO plugin. -->","yoast_head_json":{"title":"CABIDE M\u00daLTIPLO P\/ CAL\u00c7AS 5 EM 1 - Curiosidades &amp; Dicas, Lda","robots":{"index":"index","follow":"follow","max-snippet":"max-snippet:-1","max-image-preview":"max-image-preview:large","max-video-preview":"max-video-preview:-1"},"canonical":"https:\/\/curiosidadesedicas.com\/loja\/produto\/cabide-multiplo-para-calcas-5-em-1\/","og_locale":"pt_PT","og_type":"article","og_title":"CABIDE M\u00daLTIPLO P\/ CAL\u00c7AS 5 EM 1 - Curiosidades &amp; Dicas, Lda","og_description":"Material:   A\u00e7o inoxid\u00e1vel  ABS    Design inovador e funcional  Tipo: Dobr\u00e1vel  Capacidade: x5  Grande qualidade, resist\u00eancia e durabilidade  F\u00e1cil de utilizar, leve e manuse\u00e1vel  2 ganchos-cabide para pendurar  Varas m\u00f3veis para facilitar a remo\u00e7\u00e3o das cal\u00e7as  Poupa espa\u00e7o no arm\u00e1rio  Mant\u00e9m as cal\u00e7as organizadas  2 Posi\u00e7\u00f5es: coloca\u00e7\u00e3o horizontal ou vertical  Medidas aprox.: 47 x 18 x 6 cm  Medidas aprox. dobrado: 34 x 18 x 4 cm  https:\/\/youtu.be\/-GK94Ugtaf0","og_url":"https:\/\/curiosidadesedicas.com\/loja\/produto\/cabide-multiplo-para-calcas-5-em-1\/","og_site_name":"Curiosidades &amp; Dicas, Lda","article_modified_time":"2025-03-20T11:00:04+00:00","og_image":[{"width":600,"height":600,"url":"https:\/\/curiosidadesedicas.com\/loja\/wp-content\/uploads\/2020\/06\/cabide-multiplo-para-calcas-5-em-1-hanglite-innovagoods_118545.jpg","type":"image\/jpeg"}],"twitter_card":"summary_large_image","twitter_misc":{"Tempo estimado de leitura":"1 minuto"},"schema":{"@context":"https:\/\/schema.org","@graph":[{"@type":"WebPage","@id":"https:\/\/curiosidadesedicas.com\/loja\/produto\/cabide-multiplo-para-calcas-5-em-1\/","url":"https:\/\/curiosidadesedicas.com\/loja\/produto\/cabide-multiplo-para-calcas-5-em-1\/","name":"CABIDE M\u00daLTIPLO P\/ CAL\u00c7AS 5 EM 1 - Curiosidades &amp; Dicas, Lda","isPartOf":{"@id":"https:\/\/curiosidadesedicas.com\/loja\/#website"},"primaryImageOfPage":{"@id":"https:\/\/curiosidadesedicas.com\/loja\/produto\/cabide-multiplo-para-calcas-5-em-1\/#primaryimage"},"image":{"@id":"https:\/\/curiosidadesedicas.com\/loja\/produto\/cabide-multiplo-para-calcas-5-em-1\/#primaryimage"},"thumbnailUrl":"https:\/\/curiosidadesedicas.com\/loja\/wp-content\/uploads\/2020\/06\/cabide-multiplo-para-calcas-5-em-1-hanglite-innovagoods_118545.jpg","datePublished":"2020-06-19T08:57:02+00:00","dateModified":"2025-03-20T11:00:04+00:00","breadcrumb":{"@id":"https:\/\/curiosidadesedicas.com\/loja\/produto\/cabide-multiplo-para-calcas-5-em-1\/#breadcrumb"},"inLanguage":"pt-PT","potentialAction":[{"@type":"ReadAction","target":["https:\/\/curiosidadesedicas.com\/loja\/produto\/cabide-multiplo-para-calcas-5-em-1\/"]}]},{"@type":"ImageObject","inLanguage":"pt-PT","@id":"https:\/\/curiosidadesedicas.com\/loja\/produto\/cabide-multiplo-para-calcas-5-em-1\/#primaryimage","url":"https:\/\/curiosidadesedicas.com\/loja\/wp-content\/uploads\/2020\/06\/cabide-multiplo-para-calcas-5-em-1-hanglite-innovagoods_118545.jpg","contentUrl":"https:\/\/curiosidadesedicas.com\/loja\/wp-content\/uploads\/2020\/06\/cabide-multiplo-para-calcas-5-em-1-hanglite-innovagoods_118545.jpg","width":600,"height":600},{"@type":"BreadcrumbList","@id":"https:\/\/curiosidadesedicas.com\/loja\/produto\/cabide-multiplo-para-calcas-5-em-1\/#breadcrumb","itemListElement":[{"@type":"ListItem","position":1,"name":"In\u00edcio","item":"https:\/\/curiosidadesedicas.com\/loja\/"},{"@type":"ListItem","position":2,"name":"Produtos","item":"https:\/\/curiosidadesedicas.com\/loja\/produtos\/"},{"@type":"ListItem","position":3,"name":"CABIDE M\u00daLTIPLO P\/ CAL\u00c7AS 5 EM 1"}]},{"@type":"WebSite","@id":"https:\/\/curiosidadesedicas.com\/loja\/#website","url":"https:\/\/curiosidadesedicas.com\/loja\/","name":"Curiosidades &amp; Dicas, Lda","description":"Apaixonados Por Inova\u00e7\u00e3o","publisher":{"@id":"https:\/\/curiosidadesedicas.com\/loja\/#organization"},"potentialAction":[{"@type":"SearchAction","target":{"@type":"EntryPoint","urlTemplate":"https:\/\/curiosidadesedicas.com\/loja\/?s={search_term_string}"},"query-input":{"@type":"PropertyValueSpecification","valueRequired":true,"valueName":"search_term_string"}}],"inLanguage":"pt-PT"},{"@type":"Organization","@id":"https:\/\/curiosidadesedicas.com\/loja\/#organization","name":"Curiosidades & Dicas","url":"https:\/\/curiosidadesedicas.com\/loja\/","logo":{"@type":"ImageObject","inLanguage":"pt-PT","@id":"https:\/\/curiosidadesedicas.com\/loja\/#\/schema\/logo\/image\/","url":"https:\/\/curiosidadesedicas.com\/loja\/wp-content\/uploads\/2020\/05\/LogoCuriosidadesSimples.png","contentUrl":"https:\/\/curiosidadesedicas.com\/loja\/wp-content\/uploads\/2020\/05\/LogoCuriosidadesSimples.png","width":3528,"height":804,"caption":"Curiosidades & Dicas"},"image":{"@id":"https:\/\/curiosidadesedicas.com\/loja\/#\/schema\/logo\/image\/"}}]}},"_links":{"self":[{"href":"https:\/\/curiosidadesedicas.com\/loja\/wp-json\/wp\/v2\/product\/15054","targetHints":{"allow":["GET"]}}],"collection":[{"href":"https:\/\/curiosidadesedicas.com\/loja\/wp-json\/wp\/v2\/product"}],"about":[{"href":"https:\/\/curiosidadesedicas.com\/loja\/wp-json\/wp\/v2\/types\/product"}],"replies":[{"embeddable":true,"href":"https:\/\/curiosidadesedicas.com\/loja\/wp-json\/wp\/v2\/comments?post=15054"}],"wp:featuredmedia":[{"embeddable":true,"href":"https:\/\/curiosidadesedicas.com\/loja\/wp-json\/wp\/v2\/media\/15070"}],"wp:attachment":[{"href":"https:\/\/curiosidadesedicas.com\/loja\/wp-json\/wp\/v2\/media?parent=15054"}],"wp:term":[{"taxonomy":"product_brand","embeddable":true,"href":"https:\/\/curiosidadesedicas.com\/loja\/wp-json\/wp\/v2\/product_brand?post=15054"},{"taxonomy":"product_cat","embeddable":true,"href":"https:\/\/curiosidadesedicas.com\/loja\/wp-json\/wp\/v2\/product_cat?post=15054"},{"taxonomy":"product_tag","embeddable":true,"href":"https:\/\/curiosidadesedicas.com\/loja\/wp-json\/wp\/v2\/product_tag?post=15054"}],"curies":[{"name":"wp","href":"https:\/\/api.w.org\/{rel}","templated":true}]}}