{"id":14926,"date":"2020-06-18T09:17:51","date_gmt":"2020-06-18T09:17:51","guid":{"rendered":"https:\/\/curiosidadesedicas.com\/loja\/?post_type=product&#038;p=14926"},"modified":"2020-06-18T09:21:45","modified_gmt":"2020-06-18T09:21:45","slug":"alta-voz-bluetooth-c-suporte-p-telemovel-3w","status":"publish","type":"product","link":"https:\/\/curiosidadesedicas.com\/loja\/produto\/alta-voz-bluetooth-c-suporte-p-telemovel-3w\/","title":{"rendered":"ALTA VOZ BLUETOOTH C\/ SUPORTE P\/ TELEM\u00d3VEL 3W"},"content":{"rendered":"<div class=\"main-data\">\n<div class=\"main-data\">\n<div class=\"main-data\">\n<div class=\"main-data\">\n<div class=\"main-data\">\n<div class=\"main-data\">\n<p class=\"small_desc\">Alta Voz Bluetooth com Suporte para Telem\u00f3vel 3W<\/p>\n<\/div>\n<div class=\"spacer-buy-area\">\n<div id=\"productPrice457\" class=\"product-price\">\n<div class=\"mainprice\">\n<div class=\"PricesalesPrice\"><\/div>\n<\/div>\n<\/div>\n<\/div>\n<\/div>\n<div class=\"spacer-buy-area\">\n<div id=\"productPrice460\" class=\"product-price\">\n<div class=\"mainprice\">\n<div class=\"PricesalesPrice\"><\/div>\n<\/div>\n<\/div>\n<\/div>\n<\/div>\n<div class=\"spacer-buy-area\">\n<div id=\"productPrice465\" class=\"product-price\">\n<div class=\"mainprice\">\n<div class=\"PricesalesPrice\"><\/div>\n<\/div>\n<\/div>\n<\/div>\n<\/div>\n<div class=\"spacer-buy-area\">\n<div id=\"productPrice466\" class=\"product-price\">\n<div class=\"mainprice\">\n<div class=\"PricesalesPrice\"><\/div>\n<\/div>\n<\/div>\n<\/div>\n<\/div>\n<div class=\"spacer-buy-area\">\n<div id=\"productPrice468\" class=\"product-price\">\n<div class=\"mainprice\">\n<div class=\"PricesalesPrice\"><\/div>\n<\/div>\n<\/div>\n<\/div>\n<\/div>\n","protected":false},"excerpt":{"rendered":"<div data-block=\"true\" data-editor=\"ro8\" data-offset-key=\"e0cv0-0-0\">\n<div class=\"_1mf _1mj\" data-offset-key=\"e0cv0-0-0\"><span data-offset-key=\"e0cv0-0-0\">Alta Voz Bluetooth com Suporte para Telem\u00f3vel 3W<\/span><\/div>\n<\/div>\n<div data-block=\"true\" data-editor=\"ro8\" data-offset-key=\"3habr-0-0\">\n<div class=\"_1mf _1mj\" data-offset-key=\"3habr-0-0\"><span data-offset-key=\"3habr-0-0\">\u00a0<\/span><\/div>\n<\/div>\n<div data-block=\"true\" data-editor=\"ro8\" data-offset-key=\"2etmj-0-0\">\n<ul>\n<li class=\"_1mf _1mj\" data-offset-key=\"2etmj-0-0\">Conetividade: Bluetooth 3.0<\/li>\n<\/ul>\n<\/div>\n<div data-block=\"true\" data-editor=\"ro8\" data-offset-key=\"etl5j-0-0\">\n<ul>\n<li class=\"_1mf _1mj _mce_tagged_br\" data-offset-key=\"etl5j-0-0\"><span data-offset-key=\"etl5j-0-0\">F\u00e1cil instala\u00e7\u00e3o atrav\u00e9s de ventosas de suc\u00e7\u00e3o segura<\/span><\/li>\n<\/ul>\n<\/div>\n<div data-block=\"true\" data-editor=\"ro8\" data-offset-key=\"ekt15-0-0\">\n<ul>\n<li class=\"_1mf _1mj _mce_tagged_br\" data-offset-key=\"ekt15-0-0\"><span data-offset-key=\"ekt15-0-0\">Pot\u00eancia: 3 W<\/span><\/li>\n<\/ul>\n<\/div>\n<div data-block=\"true\" data-editor=\"ro8\" data-offset-key=\"9k541-0-0\">\n<ul>\n<li class=\"_1mf _1mj _mce_tagged_br\" data-offset-key=\"9k541-0-0\"><span data-offset-key=\"9k541-0-0\">Conex\u00e3o: Jack 3,5 mm<\/span><\/li>\n<\/ul>\n<\/div>\n<div data-block=\"true\" data-editor=\"ro8\" data-offset-key=\"ogam-0-0\">\n<ul>\n<li class=\"_1mf _1mj _mce_tagged_br\" data-offset-key=\"ogam-0-0\"><span data-offset-key=\"ogam-0-0\">Fun\u00e7\u00e3o m\u00e3os livres<\/span><\/li>\n<\/ul>\n<\/div>\n<div data-block=\"true\" data-editor=\"ro8\" data-offset-key=\"8nbsi-0-0\">\n<ul>\n<li class=\"_1mf _1mj _mce_tagged_br\" data-offset-key=\"8nbsi-0-0\"><span data-offset-key=\"8nbsi-0-0\">Recarreg\u00e1vel: USB<\/span><\/li>\n<\/ul>\n<\/div>\n<div data-block=\"true\" data-editor=\"ro8\" data-offset-key=\"f511k-0-0\">\n<ul>\n<li class=\"_1mf _1mj _mce_tagged_br\" data-offset-key=\"f511k-0-0\"><span data-offset-key=\"f511k-0-0\">Antideslizante<\/span><\/li>\n<\/ul>\n<\/div>\n<div data-block=\"true\" data-editor=\"ro8\" data-offset-key=\"9fr5v-0-0\">\n<ul>\n<li class=\"_1mf _1mj _mce_tagged_br\" data-offset-key=\"9fr5v-0-0\"><span data-offset-key=\"9fr5v-0-0\">Inclui: Cabo<\/span><\/li>\n<\/ul>\n<\/div>\n<div data-block=\"true\" data-editor=\"ro8\" data-offset-key=\"dqpr8-0-0\">\n<ul>\n<li class=\"_1mf _1mj _mce_tagged_br\" data-offset-key=\"dqpr8-0-0\"><span data-offset-key=\"dqpr8-0-0\">Design: Puzzle<\/span><\/li>\n<\/ul>\n<\/div>\n<div data-block=\"true\" data-editor=\"ro8\" data-offset-key=\"2og7g-0-0\">\n<ul>\n<li class=\"_1mf _1mj _mce_tagged_br\" data-offset-key=\"2og7g-0-0\"><span data-offset-key=\"2og7g-0-0\">Medidas aprox.: 6 x 6,9 x 5,8 cm<\/span><\/li>\n<\/ul>\n<\/div>\n","protected":false},"featured_media":14934,"comment_status":"open","ping_status":"closed","template":"","meta":{"_glsr_average":0,"_glsr_ranking":0,"_glsr_reviews":0},"product_brand":[],"product_cat":[350,352],"product_tag":[],"class_list":{"0":"post-14926","1":"product","2":"type-product","3":"status-publish","4":"has-post-thumbnail","6":"product_cat-gadgets","7":"product_cat-p-telemoveis","9":"first","10":"instock","11":"taxable","12":"shipping-taxable","13":"purchasable","14":"product-type-simple"},"yoast_head":"<!-- This site is optimized with the Yoast SEO plugin v26.8 - https:\/\/yoast.com\/product\/yoast-seo-wordpress\/ -->\n<title>ALTA VOZ BLUETOOTH C\/ SUPORTE P\/ TELEM\u00d3VEL 3W - Curiosidades &amp; Dicas, Lda<\/title>\n<meta name=\"robots\" content=\"index, follow, max-snippet:-1, max-image-preview:large, max-video-preview:-1\" \/>\n<link rel=\"canonical\" href=\"https:\/\/curiosidadesedicas.com\/loja\/produto\/alta-voz-bluetooth-c-suporte-p-telemovel-3w\/\" \/>\n<meta property=\"og:locale\" content=\"pt_PT\" \/>\n<meta property=\"og:type\" content=\"article\" \/>\n<meta property=\"og:title\" content=\"ALTA VOZ BLUETOOTH C\/ SUPORTE P\/ TELEM\u00d3VEL 3W - Curiosidades &amp; Dicas, Lda\" \/>\n<meta property=\"og:description\" content=\"Alta Voz Bluetooth com Suporte para Telem\u00f3vel 3W   \u00a0     Conetividade: Bluetooth 3.0      F\u00e1cil instala\u00e7\u00e3o atrav\u00e9s de ventosas de suc\u00e7\u00e3o segura      Pot\u00eancia: 3 W      Conex\u00e3o: Jack 3,5 mm      Fun\u00e7\u00e3o m\u00e3os livres      Recarreg\u00e1vel: USB      Antideslizante      Inclui: Cabo      Design: Puzzle      Medidas aprox.: 6 x 6,9 x 5,8 cm\" \/>\n<meta property=\"og:url\" content=\"https:\/\/curiosidadesedicas.com\/loja\/produto\/alta-voz-bluetooth-c-suporte-p-telemovel-3w\/\" \/>\n<meta property=\"og:site_name\" content=\"Curiosidades &amp; Dicas, Lda\" \/>\n<meta property=\"article:modified_time\" content=\"2020-06-18T09:21:45+00:00\" \/>\n<meta property=\"og:image\" content=\"https:\/\/curiosidadesedicas.com\/loja\/wp-content\/uploads\/2020\/06\/alta-voz-bluetooth-com-suporte-para-telemovel-3w-145566.jpg\" \/>\n\t<meta property=\"og:image:width\" content=\"600\" \/>\n\t<meta property=\"og:image:height\" content=\"600\" \/>\n\t<meta property=\"og:image:type\" content=\"image\/jpeg\" \/>\n<meta name=\"twitter:card\" content=\"summary_large_image\" \/>\n<script type=\"application\/ld+json\" class=\"yoast-schema-graph\">{\"@context\":\"https:\/\/schema.org\",\"@graph\":[{\"@type\":\"WebPage\",\"@id\":\"https:\/\/curiosidadesedicas.com\/loja\/produto\/alta-voz-bluetooth-c-suporte-p-telemovel-3w\/\",\"url\":\"https:\/\/curiosidadesedicas.com\/loja\/produto\/alta-voz-bluetooth-c-suporte-p-telemovel-3w\/\",\"name\":\"ALTA VOZ BLUETOOTH C\/ SUPORTE P\/ TELEM\u00d3VEL 3W - Curiosidades &amp; Dicas, Lda\",\"isPartOf\":{\"@id\":\"https:\/\/curiosidadesedicas.com\/loja\/#website\"},\"primaryImageOfPage\":{\"@id\":\"https:\/\/curiosidadesedicas.com\/loja\/produto\/alta-voz-bluetooth-c-suporte-p-telemovel-3w\/#primaryimage\"},\"image\":{\"@id\":\"https:\/\/curiosidadesedicas.com\/loja\/produto\/alta-voz-bluetooth-c-suporte-p-telemovel-3w\/#primaryimage\"},\"thumbnailUrl\":\"https:\/\/curiosidadesedicas.com\/loja\/wp-content\/uploads\/2020\/06\/alta-voz-bluetooth-com-suporte-para-telemovel-3w-145566.jpg\",\"datePublished\":\"2020-06-18T09:17:51+00:00\",\"dateModified\":\"2020-06-18T09:21:45+00:00\",\"breadcrumb\":{\"@id\":\"https:\/\/curiosidadesedicas.com\/loja\/produto\/alta-voz-bluetooth-c-suporte-p-telemovel-3w\/#breadcrumb\"},\"inLanguage\":\"pt-PT\",\"potentialAction\":[{\"@type\":\"ReadAction\",\"target\":[\"https:\/\/curiosidadesedicas.com\/loja\/produto\/alta-voz-bluetooth-c-suporte-p-telemovel-3w\/\"]}]},{\"@type\":\"ImageObject\",\"inLanguage\":\"pt-PT\",\"@id\":\"https:\/\/curiosidadesedicas.com\/loja\/produto\/alta-voz-bluetooth-c-suporte-p-telemovel-3w\/#primaryimage\",\"url\":\"https:\/\/curiosidadesedicas.com\/loja\/wp-content\/uploads\/2020\/06\/alta-voz-bluetooth-com-suporte-para-telemovel-3w-145566.jpg\",\"contentUrl\":\"https:\/\/curiosidadesedicas.com\/loja\/wp-content\/uploads\/2020\/06\/alta-voz-bluetooth-com-suporte-para-telemovel-3w-145566.jpg\",\"width\":600,\"height\":600},{\"@type\":\"BreadcrumbList\",\"@id\":\"https:\/\/curiosidadesedicas.com\/loja\/produto\/alta-voz-bluetooth-c-suporte-p-telemovel-3w\/#breadcrumb\",\"itemListElement\":[{\"@type\":\"ListItem\",\"position\":1,\"name\":\"In\u00edcio\",\"item\":\"https:\/\/curiosidadesedicas.com\/loja\/\"},{\"@type\":\"ListItem\",\"position\":2,\"name\":\"Produtos\",\"item\":\"https:\/\/curiosidadesedicas.com\/loja\/produtos\/\"},{\"@type\":\"ListItem\",\"position\":3,\"name\":\"ALTA VOZ BLUETOOTH C\/ SUPORTE P\/ TELEM\u00d3VEL 3W\"}]},{\"@type\":\"WebSite\",\"@id\":\"https:\/\/curiosidadesedicas.com\/loja\/#website\",\"url\":\"https:\/\/curiosidadesedicas.com\/loja\/\",\"name\":\"Curiosidades &amp; Dicas, Lda\",\"description\":\"Apaixonados Por Inova\u00e7\u00e3o\",\"publisher\":{\"@id\":\"https:\/\/curiosidadesedicas.com\/loja\/#organization\"},\"potentialAction\":[{\"@type\":\"SearchAction\",\"target\":{\"@type\":\"EntryPoint\",\"urlTemplate\":\"https:\/\/curiosidadesedicas.com\/loja\/?s={search_term_string}\"},\"query-input\":{\"@type\":\"PropertyValueSpecification\",\"valueRequired\":true,\"valueName\":\"search_term_string\"}}],\"inLanguage\":\"pt-PT\"},{\"@type\":\"Organization\",\"@id\":\"https:\/\/curiosidadesedicas.com\/loja\/#organization\",\"name\":\"Curiosidades & Dicas\",\"url\":\"https:\/\/curiosidadesedicas.com\/loja\/\",\"logo\":{\"@type\":\"ImageObject\",\"inLanguage\":\"pt-PT\",\"@id\":\"https:\/\/curiosidadesedicas.com\/loja\/#\/schema\/logo\/image\/\",\"url\":\"https:\/\/curiosidadesedicas.com\/loja\/wp-content\/uploads\/2020\/05\/LogoCuriosidadesSimples.png\",\"contentUrl\":\"https:\/\/curiosidadesedicas.com\/loja\/wp-content\/uploads\/2020\/05\/LogoCuriosidadesSimples.png\",\"width\":3528,\"height\":804,\"caption\":\"Curiosidades & Dicas\"},\"image\":{\"@id\":\"https:\/\/curiosidadesedicas.com\/loja\/#\/schema\/logo\/image\/\"}}]}<\/script>\n<!-- \/ Yoast SEO plugin. -->","yoast_head_json":{"title":"ALTA VOZ BLUETOOTH C\/ SUPORTE P\/ TELEM\u00d3VEL 3W - Curiosidades &amp; Dicas, Lda","robots":{"index":"index","follow":"follow","max-snippet":"max-snippet:-1","max-image-preview":"max-image-preview:large","max-video-preview":"max-video-preview:-1"},"canonical":"https:\/\/curiosidadesedicas.com\/loja\/produto\/alta-voz-bluetooth-c-suporte-p-telemovel-3w\/","og_locale":"pt_PT","og_type":"article","og_title":"ALTA VOZ BLUETOOTH C\/ SUPORTE P\/ TELEM\u00d3VEL 3W - Curiosidades &amp; Dicas, Lda","og_description":"Alta Voz Bluetooth com Suporte para Telem\u00f3vel 3W   \u00a0     Conetividade: Bluetooth 3.0      F\u00e1cil instala\u00e7\u00e3o atrav\u00e9s de ventosas de suc\u00e7\u00e3o segura      Pot\u00eancia: 3 W      Conex\u00e3o: Jack 3,5 mm      Fun\u00e7\u00e3o m\u00e3os livres      Recarreg\u00e1vel: USB      Antideslizante      Inclui: Cabo      Design: Puzzle      Medidas aprox.: 6 x 6,9 x 5,8 cm","og_url":"https:\/\/curiosidadesedicas.com\/loja\/produto\/alta-voz-bluetooth-c-suporte-p-telemovel-3w\/","og_site_name":"Curiosidades &amp; Dicas, Lda","article_modified_time":"2020-06-18T09:21:45+00:00","og_image":[{"width":600,"height":600,"url":"https:\/\/curiosidadesedicas.com\/loja\/wp-content\/uploads\/2020\/06\/alta-voz-bluetooth-com-suporte-para-telemovel-3w-145566.jpg","type":"image\/jpeg"}],"twitter_card":"summary_large_image","schema":{"@context":"https:\/\/schema.org","@graph":[{"@type":"WebPage","@id":"https:\/\/curiosidadesedicas.com\/loja\/produto\/alta-voz-bluetooth-c-suporte-p-telemovel-3w\/","url":"https:\/\/curiosidadesedicas.com\/loja\/produto\/alta-voz-bluetooth-c-suporte-p-telemovel-3w\/","name":"ALTA VOZ BLUETOOTH C\/ SUPORTE P\/ TELEM\u00d3VEL 3W - Curiosidades &amp; Dicas, Lda","isPartOf":{"@id":"https:\/\/curiosidadesedicas.com\/loja\/#website"},"primaryImageOfPage":{"@id":"https:\/\/curiosidadesedicas.com\/loja\/produto\/alta-voz-bluetooth-c-suporte-p-telemovel-3w\/#primaryimage"},"image":{"@id":"https:\/\/curiosidadesedicas.com\/loja\/produto\/alta-voz-bluetooth-c-suporte-p-telemovel-3w\/#primaryimage"},"thumbnailUrl":"https:\/\/curiosidadesedicas.com\/loja\/wp-content\/uploads\/2020\/06\/alta-voz-bluetooth-com-suporte-para-telemovel-3w-145566.jpg","datePublished":"2020-06-18T09:17:51+00:00","dateModified":"2020-06-18T09:21:45+00:00","breadcrumb":{"@id":"https:\/\/curiosidadesedicas.com\/loja\/produto\/alta-voz-bluetooth-c-suporte-p-telemovel-3w\/#breadcrumb"},"inLanguage":"pt-PT","potentialAction":[{"@type":"ReadAction","target":["https:\/\/curiosidadesedicas.com\/loja\/produto\/alta-voz-bluetooth-c-suporte-p-telemovel-3w\/"]}]},{"@type":"ImageObject","inLanguage":"pt-PT","@id":"https:\/\/curiosidadesedicas.com\/loja\/produto\/alta-voz-bluetooth-c-suporte-p-telemovel-3w\/#primaryimage","url":"https:\/\/curiosidadesedicas.com\/loja\/wp-content\/uploads\/2020\/06\/alta-voz-bluetooth-com-suporte-para-telemovel-3w-145566.jpg","contentUrl":"https:\/\/curiosidadesedicas.com\/loja\/wp-content\/uploads\/2020\/06\/alta-voz-bluetooth-com-suporte-para-telemovel-3w-145566.jpg","width":600,"height":600},{"@type":"BreadcrumbList","@id":"https:\/\/curiosidadesedicas.com\/loja\/produto\/alta-voz-bluetooth-c-suporte-p-telemovel-3w\/#breadcrumb","itemListElement":[{"@type":"ListItem","position":1,"name":"In\u00edcio","item":"https:\/\/curiosidadesedicas.com\/loja\/"},{"@type":"ListItem","position":2,"name":"Produtos","item":"https:\/\/curiosidadesedicas.com\/loja\/produtos\/"},{"@type":"ListItem","position":3,"name":"ALTA VOZ BLUETOOTH C\/ SUPORTE P\/ TELEM\u00d3VEL 3W"}]},{"@type":"WebSite","@id":"https:\/\/curiosidadesedicas.com\/loja\/#website","url":"https:\/\/curiosidadesedicas.com\/loja\/","name":"Curiosidades &amp; Dicas, Lda","description":"Apaixonados Por Inova\u00e7\u00e3o","publisher":{"@id":"https:\/\/curiosidadesedicas.com\/loja\/#organization"},"potentialAction":[{"@type":"SearchAction","target":{"@type":"EntryPoint","urlTemplate":"https:\/\/curiosidadesedicas.com\/loja\/?s={search_term_string}"},"query-input":{"@type":"PropertyValueSpecification","valueRequired":true,"valueName":"search_term_string"}}],"inLanguage":"pt-PT"},{"@type":"Organization","@id":"https:\/\/curiosidadesedicas.com\/loja\/#organization","name":"Curiosidades & Dicas","url":"https:\/\/curiosidadesedicas.com\/loja\/","logo":{"@type":"ImageObject","inLanguage":"pt-PT","@id":"https:\/\/curiosidadesedicas.com\/loja\/#\/schema\/logo\/image\/","url":"https:\/\/curiosidadesedicas.com\/loja\/wp-content\/uploads\/2020\/05\/LogoCuriosidadesSimples.png","contentUrl":"https:\/\/curiosidadesedicas.com\/loja\/wp-content\/uploads\/2020\/05\/LogoCuriosidadesSimples.png","width":3528,"height":804,"caption":"Curiosidades & Dicas"},"image":{"@id":"https:\/\/curiosidadesedicas.com\/loja\/#\/schema\/logo\/image\/"}}]}},"_links":{"self":[{"href":"https:\/\/curiosidadesedicas.com\/loja\/wp-json\/wp\/v2\/product\/14926","targetHints":{"allow":["GET"]}}],"collection":[{"href":"https:\/\/curiosidadesedicas.com\/loja\/wp-json\/wp\/v2\/product"}],"about":[{"href":"https:\/\/curiosidadesedicas.com\/loja\/wp-json\/wp\/v2\/types\/product"}],"replies":[{"embeddable":true,"href":"https:\/\/curiosidadesedicas.com\/loja\/wp-json\/wp\/v2\/comments?post=14926"}],"wp:featuredmedia":[{"embeddable":true,"href":"https:\/\/curiosidadesedicas.com\/loja\/wp-json\/wp\/v2\/media\/14934"}],"wp:attachment":[{"href":"https:\/\/curiosidadesedicas.com\/loja\/wp-json\/wp\/v2\/media?parent=14926"}],"wp:term":[{"taxonomy":"product_brand","embeddable":true,"href":"https:\/\/curiosidadesedicas.com\/loja\/wp-json\/wp\/v2\/product_brand?post=14926"},{"taxonomy":"product_cat","embeddable":true,"href":"https:\/\/curiosidadesedicas.com\/loja\/wp-json\/wp\/v2\/product_cat?post=14926"},{"taxonomy":"product_tag","embeddable":true,"href":"https:\/\/curiosidadesedicas.com\/loja\/wp-json\/wp\/v2\/product_tag?post=14926"}],"curies":[{"name":"wp","href":"https:\/\/api.w.org\/{rel}","templated":true}]}}