{"id":14913,"date":"2020-06-18T09:12:01","date_gmt":"2020-06-18T09:12:01","guid":{"rendered":"https:\/\/curiosidadesedicas.com\/loja\/?post_type=product&#038;p=14913"},"modified":"2020-06-18T09:14:22","modified_gmt":"2020-06-18T09:14:22","slug":"camara-360o-p-smartphone-hd","status":"publish","type":"product","link":"https:\/\/curiosidadesedicas.com\/loja\/produto\/camara-360o-p-smartphone-hd\/","title":{"rendered":"C\u00c2MARA 360\u00ba P\/ SMARTPHONE HD"},"content":{"rendered":"<div class=\"main-data\">\n<div class=\"main-data\">\n<div class=\"main-data\">\n<div class=\"main-data\">\n<div class=\"main-data\">\n<p class=\"small_desc\">C\u00e2mara 360\u00ba p\/ Smartphone HD<\/p>\n<\/div>\n<div class=\"spacer-buy-area\">\n<div id=\"productPrice460\" class=\"product-price\">\n<div class=\"mainprice\">\n<div class=\"PricesalesPrice\"><\/div>\n<\/div>\n<\/div>\n<\/div>\n<\/div>\n<div class=\"spacer-buy-area\">\n<div id=\"productPrice465\" class=\"product-price\">\n<div class=\"mainprice\">\n<div class=\"PricesalesPrice\"><\/div>\n<\/div>\n<\/div>\n<\/div>\n<\/div>\n<div class=\"spacer-buy-area\">\n<div id=\"productPrice466\" class=\"product-price\">\n<div class=\"mainprice\">\n<div class=\"PricesalesPrice\"><\/div>\n<\/div>\n<\/div>\n<\/div>\n<\/div>\n<div class=\"spacer-buy-area\">\n<div id=\"productPrice468\" class=\"product-price\">\n<div class=\"mainprice\">\n<div class=\"PricesalesPrice\"><\/div>\n<\/div>\n<\/div>\n<\/div>\n<\/div>\n","protected":false},"excerpt":{"rendered":"<ul>\n<li>\u00c2ngulo: 360\u00ba<\/li>\n<li>Adaptador: Micro USB<\/li>\n<li>Conex\u00e3o: USB Type-C<\/li>\n<li>Resolu\u00e7\u00e3o:Compat\u00edvel: Android\n<ul>\n<li>HD<\/li>\n<li>2048 x 1024 px<\/li>\n<\/ul>\n<\/li>\n<li>Medidas aprox.: 4,4 x 4,6 x 4 cm<\/li>\n<li>Manual de instru\u00e7\u00f5es:\n<ul>\n<li>Espanhol<\/li>\n<li>Ingl\u00eas<\/li>\n<\/ul>\n<\/li>\n<\/ul>\n","protected":false},"featured_media":14915,"comment_status":"open","ping_status":"closed","template":"","meta":{"_glsr_average":0,"_glsr_ranking":0,"_glsr_reviews":0},"product_brand":[],"product_cat":[350,352],"product_tag":[],"class_list":{"0":"post-14913","1":"product","2":"type-product","3":"status-publish","4":"has-post-thumbnail","6":"product_cat-gadgets","7":"product_cat-p-telemoveis","9":"first","10":"instock","11":"taxable","12":"shipping-taxable","13":"purchasable","14":"product-type-simple"},"yoast_head":"<!-- This site is optimized with the Yoast SEO plugin v26.8 - https:\/\/yoast.com\/product\/yoast-seo-wordpress\/ -->\n<title>C\u00c2MARA 360\u00ba P\/ SMARTPHONE HD - Curiosidades &amp; Dicas, Lda<\/title>\n<meta name=\"robots\" content=\"index, follow, max-snippet:-1, max-image-preview:large, max-video-preview:-1\" \/>\n<link rel=\"canonical\" href=\"https:\/\/curiosidadesedicas.com\/loja\/produto\/camara-360o-p-smartphone-hd\/\" \/>\n<meta property=\"og:locale\" content=\"pt_PT\" \/>\n<meta property=\"og:type\" content=\"article\" \/>\n<meta property=\"og:title\" content=\"C\u00c2MARA 360\u00ba P\/ SMARTPHONE HD - Curiosidades &amp; Dicas, Lda\" \/>\n<meta property=\"og:description\" content=\"\u00c2ngulo: 360\u00ba  Adaptador: Micro USB  Conex\u00e3o: USB Type-C  Resolu\u00e7\u00e3o:Compat\u00edvel: Android   HD  2048 x 1024 px    Medidas aprox.: 4,4 x 4,6 x 4 cm  Manual de instru\u00e7\u00f5es:   Espanhol  Ingl\u00eas\" \/>\n<meta property=\"og:url\" content=\"https:\/\/curiosidadesedicas.com\/loja\/produto\/camara-360o-p-smartphone-hd\/\" \/>\n<meta property=\"og:site_name\" content=\"Curiosidades &amp; Dicas, Lda\" \/>\n<meta property=\"article:modified_time\" content=\"2020-06-18T09:14:22+00:00\" \/>\n<meta property=\"og:image\" content=\"https:\/\/curiosidadesedicas.com\/loja\/wp-content\/uploads\/2020\/06\/camara-360-para-smartphone-hd-145771.jpg\" \/>\n\t<meta property=\"og:image:width\" content=\"600\" \/>\n\t<meta property=\"og:image:height\" content=\"600\" \/>\n\t<meta property=\"og:image:type\" content=\"image\/jpeg\" \/>\n<meta name=\"twitter:card\" content=\"summary_large_image\" \/>\n<script type=\"application\/ld+json\" class=\"yoast-schema-graph\">{\"@context\":\"https:\/\/schema.org\",\"@graph\":[{\"@type\":\"WebPage\",\"@id\":\"https:\/\/curiosidadesedicas.com\/loja\/produto\/camara-360o-p-smartphone-hd\/\",\"url\":\"https:\/\/curiosidadesedicas.com\/loja\/produto\/camara-360o-p-smartphone-hd\/\",\"name\":\"C\u00c2MARA 360\u00ba P\/ SMARTPHONE HD - Curiosidades &amp; Dicas, Lda\",\"isPartOf\":{\"@id\":\"https:\/\/curiosidadesedicas.com\/loja\/#website\"},\"primaryImageOfPage\":{\"@id\":\"https:\/\/curiosidadesedicas.com\/loja\/produto\/camara-360o-p-smartphone-hd\/#primaryimage\"},\"image\":{\"@id\":\"https:\/\/curiosidadesedicas.com\/loja\/produto\/camara-360o-p-smartphone-hd\/#primaryimage\"},\"thumbnailUrl\":\"https:\/\/curiosidadesedicas.com\/loja\/wp-content\/uploads\/2020\/06\/camara-360-para-smartphone-hd-145771.jpg\",\"datePublished\":\"2020-06-18T09:12:01+00:00\",\"dateModified\":\"2020-06-18T09:14:22+00:00\",\"breadcrumb\":{\"@id\":\"https:\/\/curiosidadesedicas.com\/loja\/produto\/camara-360o-p-smartphone-hd\/#breadcrumb\"},\"inLanguage\":\"pt-PT\",\"potentialAction\":[{\"@type\":\"ReadAction\",\"target\":[\"https:\/\/curiosidadesedicas.com\/loja\/produto\/camara-360o-p-smartphone-hd\/\"]}]},{\"@type\":\"ImageObject\",\"inLanguage\":\"pt-PT\",\"@id\":\"https:\/\/curiosidadesedicas.com\/loja\/produto\/camara-360o-p-smartphone-hd\/#primaryimage\",\"url\":\"https:\/\/curiosidadesedicas.com\/loja\/wp-content\/uploads\/2020\/06\/camara-360-para-smartphone-hd-145771.jpg\",\"contentUrl\":\"https:\/\/curiosidadesedicas.com\/loja\/wp-content\/uploads\/2020\/06\/camara-360-para-smartphone-hd-145771.jpg\",\"width\":600,\"height\":600},{\"@type\":\"BreadcrumbList\",\"@id\":\"https:\/\/curiosidadesedicas.com\/loja\/produto\/camara-360o-p-smartphone-hd\/#breadcrumb\",\"itemListElement\":[{\"@type\":\"ListItem\",\"position\":1,\"name\":\"In\u00edcio\",\"item\":\"https:\/\/curiosidadesedicas.com\/loja\/\"},{\"@type\":\"ListItem\",\"position\":2,\"name\":\"Produtos\",\"item\":\"https:\/\/curiosidadesedicas.com\/loja\/produtos\/\"},{\"@type\":\"ListItem\",\"position\":3,\"name\":\"C\u00c2MARA 360\u00ba P\/ SMARTPHONE HD\"}]},{\"@type\":\"WebSite\",\"@id\":\"https:\/\/curiosidadesedicas.com\/loja\/#website\",\"url\":\"https:\/\/curiosidadesedicas.com\/loja\/\",\"name\":\"Curiosidades &amp; Dicas, Lda\",\"description\":\"Apaixonados Por Inova\u00e7\u00e3o\",\"publisher\":{\"@id\":\"https:\/\/curiosidadesedicas.com\/loja\/#organization\"},\"potentialAction\":[{\"@type\":\"SearchAction\",\"target\":{\"@type\":\"EntryPoint\",\"urlTemplate\":\"https:\/\/curiosidadesedicas.com\/loja\/?s={search_term_string}\"},\"query-input\":{\"@type\":\"PropertyValueSpecification\",\"valueRequired\":true,\"valueName\":\"search_term_string\"}}],\"inLanguage\":\"pt-PT\"},{\"@type\":\"Organization\",\"@id\":\"https:\/\/curiosidadesedicas.com\/loja\/#organization\",\"name\":\"Curiosidades & Dicas\",\"url\":\"https:\/\/curiosidadesedicas.com\/loja\/\",\"logo\":{\"@type\":\"ImageObject\",\"inLanguage\":\"pt-PT\",\"@id\":\"https:\/\/curiosidadesedicas.com\/loja\/#\/schema\/logo\/image\/\",\"url\":\"https:\/\/curiosidadesedicas.com\/loja\/wp-content\/uploads\/2020\/05\/LogoCuriosidadesSimples.png\",\"contentUrl\":\"https:\/\/curiosidadesedicas.com\/loja\/wp-content\/uploads\/2020\/05\/LogoCuriosidadesSimples.png\",\"width\":3528,\"height\":804,\"caption\":\"Curiosidades & Dicas\"},\"image\":{\"@id\":\"https:\/\/curiosidadesedicas.com\/loja\/#\/schema\/logo\/image\/\"}}]}<\/script>\n<!-- \/ Yoast SEO plugin. -->","yoast_head_json":{"title":"C\u00c2MARA 360\u00ba P\/ SMARTPHONE HD - Curiosidades &amp; Dicas, Lda","robots":{"index":"index","follow":"follow","max-snippet":"max-snippet:-1","max-image-preview":"max-image-preview:large","max-video-preview":"max-video-preview:-1"},"canonical":"https:\/\/curiosidadesedicas.com\/loja\/produto\/camara-360o-p-smartphone-hd\/","og_locale":"pt_PT","og_type":"article","og_title":"C\u00c2MARA 360\u00ba P\/ SMARTPHONE HD - Curiosidades &amp; Dicas, Lda","og_description":"\u00c2ngulo: 360\u00ba  Adaptador: Micro USB  Conex\u00e3o: USB Type-C  Resolu\u00e7\u00e3o:Compat\u00edvel: Android   HD  2048 x 1024 px    Medidas aprox.: 4,4 x 4,6 x 4 cm  Manual de instru\u00e7\u00f5es:   Espanhol  Ingl\u00eas","og_url":"https:\/\/curiosidadesedicas.com\/loja\/produto\/camara-360o-p-smartphone-hd\/","og_site_name":"Curiosidades &amp; Dicas, Lda","article_modified_time":"2020-06-18T09:14:22+00:00","og_image":[{"width":600,"height":600,"url":"https:\/\/curiosidadesedicas.com\/loja\/wp-content\/uploads\/2020\/06\/camara-360-para-smartphone-hd-145771.jpg","type":"image\/jpeg"}],"twitter_card":"summary_large_image","schema":{"@context":"https:\/\/schema.org","@graph":[{"@type":"WebPage","@id":"https:\/\/curiosidadesedicas.com\/loja\/produto\/camara-360o-p-smartphone-hd\/","url":"https:\/\/curiosidadesedicas.com\/loja\/produto\/camara-360o-p-smartphone-hd\/","name":"C\u00c2MARA 360\u00ba P\/ SMARTPHONE HD - Curiosidades &amp; Dicas, Lda","isPartOf":{"@id":"https:\/\/curiosidadesedicas.com\/loja\/#website"},"primaryImageOfPage":{"@id":"https:\/\/curiosidadesedicas.com\/loja\/produto\/camara-360o-p-smartphone-hd\/#primaryimage"},"image":{"@id":"https:\/\/curiosidadesedicas.com\/loja\/produto\/camara-360o-p-smartphone-hd\/#primaryimage"},"thumbnailUrl":"https:\/\/curiosidadesedicas.com\/loja\/wp-content\/uploads\/2020\/06\/camara-360-para-smartphone-hd-145771.jpg","datePublished":"2020-06-18T09:12:01+00:00","dateModified":"2020-06-18T09:14:22+00:00","breadcrumb":{"@id":"https:\/\/curiosidadesedicas.com\/loja\/produto\/camara-360o-p-smartphone-hd\/#breadcrumb"},"inLanguage":"pt-PT","potentialAction":[{"@type":"ReadAction","target":["https:\/\/curiosidadesedicas.com\/loja\/produto\/camara-360o-p-smartphone-hd\/"]}]},{"@type":"ImageObject","inLanguage":"pt-PT","@id":"https:\/\/curiosidadesedicas.com\/loja\/produto\/camara-360o-p-smartphone-hd\/#primaryimage","url":"https:\/\/curiosidadesedicas.com\/loja\/wp-content\/uploads\/2020\/06\/camara-360-para-smartphone-hd-145771.jpg","contentUrl":"https:\/\/curiosidadesedicas.com\/loja\/wp-content\/uploads\/2020\/06\/camara-360-para-smartphone-hd-145771.jpg","width":600,"height":600},{"@type":"BreadcrumbList","@id":"https:\/\/curiosidadesedicas.com\/loja\/produto\/camara-360o-p-smartphone-hd\/#breadcrumb","itemListElement":[{"@type":"ListItem","position":1,"name":"In\u00edcio","item":"https:\/\/curiosidadesedicas.com\/loja\/"},{"@type":"ListItem","position":2,"name":"Produtos","item":"https:\/\/curiosidadesedicas.com\/loja\/produtos\/"},{"@type":"ListItem","position":3,"name":"C\u00c2MARA 360\u00ba P\/ SMARTPHONE HD"}]},{"@type":"WebSite","@id":"https:\/\/curiosidadesedicas.com\/loja\/#website","url":"https:\/\/curiosidadesedicas.com\/loja\/","name":"Curiosidades &amp; Dicas, Lda","description":"Apaixonados Por Inova\u00e7\u00e3o","publisher":{"@id":"https:\/\/curiosidadesedicas.com\/loja\/#organization"},"potentialAction":[{"@type":"SearchAction","target":{"@type":"EntryPoint","urlTemplate":"https:\/\/curiosidadesedicas.com\/loja\/?s={search_term_string}"},"query-input":{"@type":"PropertyValueSpecification","valueRequired":true,"valueName":"search_term_string"}}],"inLanguage":"pt-PT"},{"@type":"Organization","@id":"https:\/\/curiosidadesedicas.com\/loja\/#organization","name":"Curiosidades & Dicas","url":"https:\/\/curiosidadesedicas.com\/loja\/","logo":{"@type":"ImageObject","inLanguage":"pt-PT","@id":"https:\/\/curiosidadesedicas.com\/loja\/#\/schema\/logo\/image\/","url":"https:\/\/curiosidadesedicas.com\/loja\/wp-content\/uploads\/2020\/05\/LogoCuriosidadesSimples.png","contentUrl":"https:\/\/curiosidadesedicas.com\/loja\/wp-content\/uploads\/2020\/05\/LogoCuriosidadesSimples.png","width":3528,"height":804,"caption":"Curiosidades & Dicas"},"image":{"@id":"https:\/\/curiosidadesedicas.com\/loja\/#\/schema\/logo\/image\/"}}]}},"_links":{"self":[{"href":"https:\/\/curiosidadesedicas.com\/loja\/wp-json\/wp\/v2\/product\/14913","targetHints":{"allow":["GET"]}}],"collection":[{"href":"https:\/\/curiosidadesedicas.com\/loja\/wp-json\/wp\/v2\/product"}],"about":[{"href":"https:\/\/curiosidadesedicas.com\/loja\/wp-json\/wp\/v2\/types\/product"}],"replies":[{"embeddable":true,"href":"https:\/\/curiosidadesedicas.com\/loja\/wp-json\/wp\/v2\/comments?post=14913"}],"wp:featuredmedia":[{"embeddable":true,"href":"https:\/\/curiosidadesedicas.com\/loja\/wp-json\/wp\/v2\/media\/14915"}],"wp:attachment":[{"href":"https:\/\/curiosidadesedicas.com\/loja\/wp-json\/wp\/v2\/media?parent=14913"}],"wp:term":[{"taxonomy":"product_brand","embeddable":true,"href":"https:\/\/curiosidadesedicas.com\/loja\/wp-json\/wp\/v2\/product_brand?post=14913"},{"taxonomy":"product_cat","embeddable":true,"href":"https:\/\/curiosidadesedicas.com\/loja\/wp-json\/wp\/v2\/product_cat?post=14913"},{"taxonomy":"product_tag","embeddable":true,"href":"https:\/\/curiosidadesedicas.com\/loja\/wp-json\/wp\/v2\/product_tag?post=14913"}],"curies":[{"name":"wp","href":"https:\/\/api.w.org\/{rel}","templated":true}]}}