{"id":14896,"date":"2020-06-18T09:00:06","date_gmt":"2020-06-18T09:00:06","guid":{"rendered":"https:\/\/curiosidadesedicas.com\/loja\/?post_type=product&#038;p=14896"},"modified":"2025-03-20T11:01:27","modified_gmt":"2025-03-20T11:01:27","slug":"colete-desportivo-feminino-c-efeito-sauna","status":"publish","type":"product","link":"https:\/\/curiosidadesedicas.com\/loja\/produto\/colete-desportivo-feminino-c-efeito-sauna\/","title":{"rendered":"COLETE DESPORTIVO FEMININO C\/ EFEITO SAUNA"},"content":{"rendered":"<div class=\"main-data\">\n<div class=\"main-data\">\n<p class=\"small_desc\">Este colete para mulher foi especialmente concebido para potenciar ao m\u00e1ximo os resultados do exerc\u00edcio f\u00edsico, uma vez que aumenta a temperatura corporal e a transpira\u00e7\u00e3o, favorecendo a elimina\u00e7\u00e3o de gordura e de toxinas. Este colete de emagrecimento \u00e9 uma forma simples e eficaz de melhorar a linha!<\/p>\n<\/div>\n<div class=\"spacer-buy-area\">\n<div id=\"productPrice463\" class=\"product-price\">\n<div class=\"mainprice\">\n<div class=\"PricesalesPrice\"><\/div>\n<\/div>\n<\/div>\n<\/div>\n<\/div>\n","protected":false},"excerpt":{"rendered":"<p>Este colete para mulher foi especialmente concebido para potenciar ao m\u00e1ximo os resultados do exerc\u00edcio f\u00edsico, uma vez que aumenta a temperatura corporal e a transpira\u00e7\u00e3o, favorecendo a elimina\u00e7\u00e3o de gordura e de toxinas. Este colete de emagrecimento \u00e9 uma forma simples e eficaz de melhorar a linha!<\/p>\n<ul>\n<li>Fabricado em poli\u00e9ster (85%) e neopreno (15%)<\/li>\n<li>C\u00f3modo, el\u00e1stico e flex\u00edvel<\/li>\n<li>Adapta\u00e7\u00e3o perfeita ao corpo<\/li>\n<li>Tecido de tripla camada transpir\u00e1vel<\/li>\n<li>Com fecho \u00e9clair<\/li>\n<li>Melhoria dos resultados da pr\u00e1tica desportiva<\/li>\n<li>Guia de tamanhos (largura x comprimento aprox.):\n<ul>\n<li>M: 40 x 57 cm<\/li>\n<li>L: 42 x\u00a059 cm<\/li>\n<li>XL: 45 x 61 cm<\/li>\n<\/ul>\n<\/li>\n<\/ul>\n","protected":false},"featured_media":14903,"comment_status":"open","ping_status":"closed","template":"","meta":{"_glsr_average":0,"_glsr_ranking":0,"_glsr_reviews":0},"product_brand":[],"product_cat":[357,361],"product_tag":[],"class_list":{"0":"post-14896","1":"product","2":"type-product","3":"status-publish","4":"has-post-thumbnail","6":"product_cat-bem-estar","7":"product_cat-desporto","9":"first","10":"instock","11":"taxable","12":"shipping-taxable","13":"purchasable","14":"product-type-variable"},"yoast_head":"<!-- This site is optimized with the Yoast SEO plugin v26.8 - https:\/\/yoast.com\/product\/yoast-seo-wordpress\/ -->\n<title>COLETE DESPORTIVO FEMININO C\/ EFEITO SAUNA - Curiosidades &amp; Dicas, Lda<\/title>\n<meta name=\"robots\" content=\"index, follow, max-snippet:-1, max-image-preview:large, max-video-preview:-1\" \/>\n<link rel=\"canonical\" href=\"https:\/\/curiosidadesedicas.com\/loja\/produto\/colete-desportivo-feminino-c-efeito-sauna\/\" \/>\n<meta property=\"og:locale\" content=\"pt_PT\" \/>\n<meta property=\"og:type\" content=\"article\" \/>\n<meta property=\"og:title\" content=\"COLETE DESPORTIVO FEMININO C\/ EFEITO SAUNA - Curiosidades &amp; Dicas, Lda\" \/>\n<meta property=\"og:description\" content=\"Este colete para mulher foi especialmente concebido para potenciar ao m\u00e1ximo os resultados do exerc\u00edcio f\u00edsico, uma vez que aumenta a temperatura corporal e a transpira\u00e7\u00e3o, favorecendo a elimina\u00e7\u00e3o de gordura e de toxinas. Este colete de emagrecimento \u00e9 uma forma simples e eficaz de melhorar a linha!   Fabricado em poli\u00e9ster (85%) e neopreno (15%)  C\u00f3modo, el\u00e1stico e flex\u00edvel  Adapta\u00e7\u00e3o perfeita ao corpo  Tecido de tripla camada transpir\u00e1vel  Com fecho \u00e9clair  Melhoria dos resultados da pr\u00e1tica desportiva  Guia de tamanhos (largura x comprimento aprox.):   M: 40 x 57 cm  L: 42 x\u00a059 cm  XL: 45 x 61 cm\" \/>\n<meta property=\"og:url\" content=\"https:\/\/curiosidadesedicas.com\/loja\/produto\/colete-desportivo-feminino-c-efeito-sauna\/\" \/>\n<meta property=\"og:site_name\" content=\"Curiosidades &amp; Dicas, Lda\" \/>\n<meta property=\"article:modified_time\" content=\"2025-03-20T11:01:27+00:00\" \/>\n<meta property=\"og:image\" content=\"https:\/\/curiosidadesedicas.com\/loja\/wp-content\/uploads\/2020\/06\/colete-desportivo-com-efeito-sauna-para-mulheres-innovagoods.jpg\" \/>\n\t<meta property=\"og:image:width\" content=\"600\" \/>\n\t<meta property=\"og:image:height\" content=\"600\" \/>\n\t<meta property=\"og:image:type\" content=\"image\/jpeg\" \/>\n<meta name=\"twitter:card\" content=\"summary_large_image\" \/>\n<meta name=\"twitter:label1\" content=\"Tempo estimado de leitura\" \/>\n\t<meta name=\"twitter:data1\" content=\"1 minuto\" \/>\n<script type=\"application\/ld+json\" class=\"yoast-schema-graph\">{\"@context\":\"https:\/\/schema.org\",\"@graph\":[{\"@type\":\"WebPage\",\"@id\":\"https:\/\/curiosidadesedicas.com\/loja\/produto\/colete-desportivo-feminino-c-efeito-sauna\/\",\"url\":\"https:\/\/curiosidadesedicas.com\/loja\/produto\/colete-desportivo-feminino-c-efeito-sauna\/\",\"name\":\"COLETE DESPORTIVO FEMININO C\/ EFEITO SAUNA - Curiosidades &amp; Dicas, Lda\",\"isPartOf\":{\"@id\":\"https:\/\/curiosidadesedicas.com\/loja\/#website\"},\"primaryImageOfPage\":{\"@id\":\"https:\/\/curiosidadesedicas.com\/loja\/produto\/colete-desportivo-feminino-c-efeito-sauna\/#primaryimage\"},\"image\":{\"@id\":\"https:\/\/curiosidadesedicas.com\/loja\/produto\/colete-desportivo-feminino-c-efeito-sauna\/#primaryimage\"},\"thumbnailUrl\":\"https:\/\/curiosidadesedicas.com\/loja\/wp-content\/uploads\/2020\/06\/colete-desportivo-com-efeito-sauna-para-mulheres-innovagoods.jpg\",\"datePublished\":\"2020-06-18T09:00:06+00:00\",\"dateModified\":\"2025-03-20T11:01:27+00:00\",\"breadcrumb\":{\"@id\":\"https:\/\/curiosidadesedicas.com\/loja\/produto\/colete-desportivo-feminino-c-efeito-sauna\/#breadcrumb\"},\"inLanguage\":\"pt-PT\",\"potentialAction\":[{\"@type\":\"ReadAction\",\"target\":[\"https:\/\/curiosidadesedicas.com\/loja\/produto\/colete-desportivo-feminino-c-efeito-sauna\/\"]}]},{\"@type\":\"ImageObject\",\"inLanguage\":\"pt-PT\",\"@id\":\"https:\/\/curiosidadesedicas.com\/loja\/produto\/colete-desportivo-feminino-c-efeito-sauna\/#primaryimage\",\"url\":\"https:\/\/curiosidadesedicas.com\/loja\/wp-content\/uploads\/2020\/06\/colete-desportivo-com-efeito-sauna-para-mulheres-innovagoods.jpg\",\"contentUrl\":\"https:\/\/curiosidadesedicas.com\/loja\/wp-content\/uploads\/2020\/06\/colete-desportivo-com-efeito-sauna-para-mulheres-innovagoods.jpg\",\"width\":600,\"height\":600},{\"@type\":\"BreadcrumbList\",\"@id\":\"https:\/\/curiosidadesedicas.com\/loja\/produto\/colete-desportivo-feminino-c-efeito-sauna\/#breadcrumb\",\"itemListElement\":[{\"@type\":\"ListItem\",\"position\":1,\"name\":\"In\u00edcio\",\"item\":\"https:\/\/curiosidadesedicas.com\/loja\/\"},{\"@type\":\"ListItem\",\"position\":2,\"name\":\"Produtos\",\"item\":\"https:\/\/curiosidadesedicas.com\/loja\/produtos\/\"},{\"@type\":\"ListItem\",\"position\":3,\"name\":\"COLETE DESPORTIVO FEMININO C\/ EFEITO SAUNA\"}]},{\"@type\":\"WebSite\",\"@id\":\"https:\/\/curiosidadesedicas.com\/loja\/#website\",\"url\":\"https:\/\/curiosidadesedicas.com\/loja\/\",\"name\":\"Curiosidades &amp; Dicas, Lda\",\"description\":\"Apaixonados Por Inova\u00e7\u00e3o\",\"publisher\":{\"@id\":\"https:\/\/curiosidadesedicas.com\/loja\/#organization\"},\"potentialAction\":[{\"@type\":\"SearchAction\",\"target\":{\"@type\":\"EntryPoint\",\"urlTemplate\":\"https:\/\/curiosidadesedicas.com\/loja\/?s={search_term_string}\"},\"query-input\":{\"@type\":\"PropertyValueSpecification\",\"valueRequired\":true,\"valueName\":\"search_term_string\"}}],\"inLanguage\":\"pt-PT\"},{\"@type\":\"Organization\",\"@id\":\"https:\/\/curiosidadesedicas.com\/loja\/#organization\",\"name\":\"Curiosidades & Dicas\",\"url\":\"https:\/\/curiosidadesedicas.com\/loja\/\",\"logo\":{\"@type\":\"ImageObject\",\"inLanguage\":\"pt-PT\",\"@id\":\"https:\/\/curiosidadesedicas.com\/loja\/#\/schema\/logo\/image\/\",\"url\":\"https:\/\/curiosidadesedicas.com\/loja\/wp-content\/uploads\/2020\/05\/LogoCuriosidadesSimples.png\",\"contentUrl\":\"https:\/\/curiosidadesedicas.com\/loja\/wp-content\/uploads\/2020\/05\/LogoCuriosidadesSimples.png\",\"width\":3528,\"height\":804,\"caption\":\"Curiosidades & Dicas\"},\"image\":{\"@id\":\"https:\/\/curiosidadesedicas.com\/loja\/#\/schema\/logo\/image\/\"}}]}<\/script>\n<!-- \/ Yoast SEO plugin. -->","yoast_head_json":{"title":"COLETE DESPORTIVO FEMININO C\/ EFEITO SAUNA - Curiosidades &amp; Dicas, Lda","robots":{"index":"index","follow":"follow","max-snippet":"max-snippet:-1","max-image-preview":"max-image-preview:large","max-video-preview":"max-video-preview:-1"},"canonical":"https:\/\/curiosidadesedicas.com\/loja\/produto\/colete-desportivo-feminino-c-efeito-sauna\/","og_locale":"pt_PT","og_type":"article","og_title":"COLETE DESPORTIVO FEMININO C\/ EFEITO SAUNA - Curiosidades &amp; Dicas, Lda","og_description":"Este colete para mulher foi especialmente concebido para potenciar ao m\u00e1ximo os resultados do exerc\u00edcio f\u00edsico, uma vez que aumenta a temperatura corporal e a transpira\u00e7\u00e3o, favorecendo a elimina\u00e7\u00e3o de gordura e de toxinas. Este colete de emagrecimento \u00e9 uma forma simples e eficaz de melhorar a linha!   Fabricado em poli\u00e9ster (85%) e neopreno (15%)  C\u00f3modo, el\u00e1stico e flex\u00edvel  Adapta\u00e7\u00e3o perfeita ao corpo  Tecido de tripla camada transpir\u00e1vel  Com fecho \u00e9clair  Melhoria dos resultados da pr\u00e1tica desportiva  Guia de tamanhos (largura x comprimento aprox.):   M: 40 x 57 cm  L: 42 x\u00a059 cm  XL: 45 x 61 cm","og_url":"https:\/\/curiosidadesedicas.com\/loja\/produto\/colete-desportivo-feminino-c-efeito-sauna\/","og_site_name":"Curiosidades &amp; Dicas, Lda","article_modified_time":"2025-03-20T11:01:27+00:00","og_image":[{"width":600,"height":600,"url":"https:\/\/curiosidadesedicas.com\/loja\/wp-content\/uploads\/2020\/06\/colete-desportivo-com-efeito-sauna-para-mulheres-innovagoods.jpg","type":"image\/jpeg"}],"twitter_card":"summary_large_image","twitter_misc":{"Tempo estimado de leitura":"1 minuto"},"schema":{"@context":"https:\/\/schema.org","@graph":[{"@type":"WebPage","@id":"https:\/\/curiosidadesedicas.com\/loja\/produto\/colete-desportivo-feminino-c-efeito-sauna\/","url":"https:\/\/curiosidadesedicas.com\/loja\/produto\/colete-desportivo-feminino-c-efeito-sauna\/","name":"COLETE DESPORTIVO FEMININO C\/ EFEITO SAUNA - Curiosidades &amp; Dicas, Lda","isPartOf":{"@id":"https:\/\/curiosidadesedicas.com\/loja\/#website"},"primaryImageOfPage":{"@id":"https:\/\/curiosidadesedicas.com\/loja\/produto\/colete-desportivo-feminino-c-efeito-sauna\/#primaryimage"},"image":{"@id":"https:\/\/curiosidadesedicas.com\/loja\/produto\/colete-desportivo-feminino-c-efeito-sauna\/#primaryimage"},"thumbnailUrl":"https:\/\/curiosidadesedicas.com\/loja\/wp-content\/uploads\/2020\/06\/colete-desportivo-com-efeito-sauna-para-mulheres-innovagoods.jpg","datePublished":"2020-06-18T09:00:06+00:00","dateModified":"2025-03-20T11:01:27+00:00","breadcrumb":{"@id":"https:\/\/curiosidadesedicas.com\/loja\/produto\/colete-desportivo-feminino-c-efeito-sauna\/#breadcrumb"},"inLanguage":"pt-PT","potentialAction":[{"@type":"ReadAction","target":["https:\/\/curiosidadesedicas.com\/loja\/produto\/colete-desportivo-feminino-c-efeito-sauna\/"]}]},{"@type":"ImageObject","inLanguage":"pt-PT","@id":"https:\/\/curiosidadesedicas.com\/loja\/produto\/colete-desportivo-feminino-c-efeito-sauna\/#primaryimage","url":"https:\/\/curiosidadesedicas.com\/loja\/wp-content\/uploads\/2020\/06\/colete-desportivo-com-efeito-sauna-para-mulheres-innovagoods.jpg","contentUrl":"https:\/\/curiosidadesedicas.com\/loja\/wp-content\/uploads\/2020\/06\/colete-desportivo-com-efeito-sauna-para-mulheres-innovagoods.jpg","width":600,"height":600},{"@type":"BreadcrumbList","@id":"https:\/\/curiosidadesedicas.com\/loja\/produto\/colete-desportivo-feminino-c-efeito-sauna\/#breadcrumb","itemListElement":[{"@type":"ListItem","position":1,"name":"In\u00edcio","item":"https:\/\/curiosidadesedicas.com\/loja\/"},{"@type":"ListItem","position":2,"name":"Produtos","item":"https:\/\/curiosidadesedicas.com\/loja\/produtos\/"},{"@type":"ListItem","position":3,"name":"COLETE DESPORTIVO FEMININO C\/ EFEITO SAUNA"}]},{"@type":"WebSite","@id":"https:\/\/curiosidadesedicas.com\/loja\/#website","url":"https:\/\/curiosidadesedicas.com\/loja\/","name":"Curiosidades &amp; Dicas, Lda","description":"Apaixonados Por Inova\u00e7\u00e3o","publisher":{"@id":"https:\/\/curiosidadesedicas.com\/loja\/#organization"},"potentialAction":[{"@type":"SearchAction","target":{"@type":"EntryPoint","urlTemplate":"https:\/\/curiosidadesedicas.com\/loja\/?s={search_term_string}"},"query-input":{"@type":"PropertyValueSpecification","valueRequired":true,"valueName":"search_term_string"}}],"inLanguage":"pt-PT"},{"@type":"Organization","@id":"https:\/\/curiosidadesedicas.com\/loja\/#organization","name":"Curiosidades & Dicas","url":"https:\/\/curiosidadesedicas.com\/loja\/","logo":{"@type":"ImageObject","inLanguage":"pt-PT","@id":"https:\/\/curiosidadesedicas.com\/loja\/#\/schema\/logo\/image\/","url":"https:\/\/curiosidadesedicas.com\/loja\/wp-content\/uploads\/2020\/05\/LogoCuriosidadesSimples.png","contentUrl":"https:\/\/curiosidadesedicas.com\/loja\/wp-content\/uploads\/2020\/05\/LogoCuriosidadesSimples.png","width":3528,"height":804,"caption":"Curiosidades & Dicas"},"image":{"@id":"https:\/\/curiosidadesedicas.com\/loja\/#\/schema\/logo\/image\/"}}]}},"_links":{"self":[{"href":"https:\/\/curiosidadesedicas.com\/loja\/wp-json\/wp\/v2\/product\/14896","targetHints":{"allow":["GET"]}}],"collection":[{"href":"https:\/\/curiosidadesedicas.com\/loja\/wp-json\/wp\/v2\/product"}],"about":[{"href":"https:\/\/curiosidadesedicas.com\/loja\/wp-json\/wp\/v2\/types\/product"}],"replies":[{"embeddable":true,"href":"https:\/\/curiosidadesedicas.com\/loja\/wp-json\/wp\/v2\/comments?post=14896"}],"wp:featuredmedia":[{"embeddable":true,"href":"https:\/\/curiosidadesedicas.com\/loja\/wp-json\/wp\/v2\/media\/14903"}],"wp:attachment":[{"href":"https:\/\/curiosidadesedicas.com\/loja\/wp-json\/wp\/v2\/media?parent=14896"}],"wp:term":[{"taxonomy":"product_brand","embeddable":true,"href":"https:\/\/curiosidadesedicas.com\/loja\/wp-json\/wp\/v2\/product_brand?post=14896"},{"taxonomy":"product_cat","embeddable":true,"href":"https:\/\/curiosidadesedicas.com\/loja\/wp-json\/wp\/v2\/product_cat?post=14896"},{"taxonomy":"product_tag","embeddable":true,"href":"https:\/\/curiosidadesedicas.com\/loja\/wp-json\/wp\/v2\/product_tag?post=14896"}],"curies":[{"name":"wp","href":"https:\/\/api.w.org\/{rel}","templated":true}]}}