{"id":14580,"date":"2020-06-16T14:44:13","date_gmt":"2020-06-16T14:44:13","guid":{"rendered":"https:\/\/curiosidadesedicas.com\/loja\/?post_type=product&#038;p=14580"},"modified":"2022-04-19T09:01:39","modified_gmt":"2022-04-19T09:01:39","slug":"toalha-de-praia-magica-anti-areia","status":"publish","type":"product","link":"https:\/\/curiosidadesedicas.com\/loja\/produto\/toalha-de-praia-magica-anti-areia\/","title":{"rendered":"TOALHA DE PRAIA M\u00c1GICA ANTI-AREIA"},"content":{"rendered":"<p class=\"small_desc\">A Toalha de Praia M\u00e1gica Anti-Areia \u00e9 uma esteira com tecnologia de malha de camada dupla que faz com que qualquer areia que caia desapare\u00e7a. \u00c9 especialmente projetada para a praia, piqueniques e espa\u00e7os verdes. Coloque esta esteira sobre a areia e coloca a toalha de banho em cima, e pode ficar descansado, n\u00e3o vai haver mais areias a incomodar.<\/p>\n","protected":false},"excerpt":{"rendered":"<div id=\"shop-desc\" class=\"tab-pane active\">\n<div class=\"product-description\">\n<p>Mantenha a areia do lado de fora com a Toalha de Praia M\u00e1gica Anti-Areia! F\u00e1cil de limpar e seca imediatamente em caso de derramamento de l\u00edquidos. A areia passa pela toalha e a mant\u00e9m limpa de areia, sujeira e insetos. Coloque esta esteira sobre a areia e coloca a toalha de banho em cima, e pode ficar descansado, n\u00e3o vai haver mais areias a incomodar. Tolha de Praia M\u00e1gica Anti-Areia \u00e9 uma esteira com tecnologia de malha de camada dupla que faz com que qualquer areia que caia desapare\u00e7a. \u00c9 especialmente projetada para a praia, piqueniques e espa\u00e7os verdes. Para maior conforto, utilize a toalha tradicional por cima desta.<\/p>\n<ul>\n<li>F\u00e1cil de transportar<\/li>\n<li>Resistente a areia e \u00e1gua<\/li>\n<li>Dimens\u00f5es: 150x200cm<\/li>\n<li>F\u00e1cil de limpar: F\u00e1cil de varrer, limpar e secar instantaneamente, ideal para praia, dias de campo, parques, passeios familiares, viagens e outras atividades ao ar livre<\/li>\n<li>Forte: Muito fina e macia, forte, resistente ao mofo, lav\u00e1vel, extremamente dur\u00e1vel. Tem quatro an\u00e9is que podem ser fixados na areia ou na terra<\/li>\n<li>F\u00e1cil de transportar: Leve e compacta<\/li>\n<li>Port\u00e1til e dobr\u00e1vel, n\u00e3o ocupa muito espa\u00e7o, facilitando o armazenamento em sacos<\/li>\n<li>Tamanho grande, ideal para aproveitar o tempo com um grupo de amigos ou familiares<\/li>\n<li>Dispon\u00edvel em cor-de-rosa e azul<\/li>\n<\/ul>\n<p>https:\/\/www.youtube.com\/watch?v=ko4ViY5A3e8<\/p>\n<\/div>\n<\/div>\n","protected":false},"featured_media":14594,"comment_status":"open","ping_status":"closed","template":"","meta":{"_glsr_average":0,"_glsr_ranking":0,"_glsr_reviews":0},"product_brand":[],"product_cat":[350,356],"product_tag":[],"class_list":{"0":"post-14580","1":"product","2":"type-product","3":"status-publish","4":"has-post-thumbnail","6":"product_cat-gadgets","7":"product_cat-p-praia-e-piscina","9":"first","10":"outofstock","11":"taxable","12":"shipping-taxable","13":"purchasable","14":"product-type-variable"},"yoast_head":"<!-- This site is optimized with the Yoast SEO plugin v26.8 - https:\/\/yoast.com\/product\/yoast-seo-wordpress\/ -->\n<title>TOALHA DE PRAIA M\u00c1GICA ANTI-AREIA - Curiosidades &amp; Dicas, Lda<\/title>\n<meta name=\"robots\" content=\"index, follow, max-snippet:-1, max-image-preview:large, max-video-preview:-1\" \/>\n<link rel=\"canonical\" href=\"https:\/\/curiosidadesedicas.com\/loja\/produto\/toalha-de-praia-magica-anti-areia\/\" \/>\n<meta property=\"og:locale\" content=\"pt_PT\" \/>\n<meta property=\"og:type\" content=\"article\" \/>\n<meta property=\"og:title\" content=\"TOALHA DE PRAIA M\u00c1GICA ANTI-AREIA - Curiosidades &amp; Dicas, Lda\" \/>\n<meta property=\"og:description\" content=\"Mantenha a areia do lado de fora com a Toalha de Praia M\u00e1gica Anti-Areia! F\u00e1cil de limpar e seca imediatamente em caso de derramamento de l\u00edquidos. A areia passa pela toalha e a mant\u00e9m limpa de areia, sujeira e insetos. Coloque esta esteira sobre a areia e coloca a toalha de banho em cima, e pode ficar descansado, n\u00e3o vai haver mais areias a incomodar. Tolha de Praia M\u00e1gica Anti-Areia \u00e9 uma esteira com tecnologia de malha de camada dupla que faz com que qualquer areia que caia desapare\u00e7a. \u00c9 especialmente projetada para a praia, piqueniques e espa\u00e7os verdes. Para maior conforto, utilize a toalha tradicional por cima desta.   F\u00e1cil de transportar  Resistente a areia e \u00e1gua  Dimens\u00f5es: 150x200cm  F\u00e1cil de limpar: F\u00e1cil de varrer, limpar e secar instantaneamente, ideal para praia, dias de campo, parques, passeios familiares, viagens e outras atividades ao ar livre  Forte: Muito fina e macia, forte, resistente ao mofo, lav\u00e1vel, extremamente dur\u00e1vel. Tem quatro an\u00e9is que podem ser fixados na areia ou na terra  F\u00e1cil de transportar: Leve e compacta  Port\u00e1til e dobr\u00e1vel, n\u00e3o ocupa muito espa\u00e7o, facilitando o armazenamento em sacos  Tamanho grande, ideal para aproveitar o tempo com um grupo de amigos ou familiares  Dispon\u00edvel em cor-de-rosa e azul  https:\/\/www.youtube.com\/watch?v=ko4ViY5A3e8\" \/>\n<meta property=\"og:url\" content=\"https:\/\/curiosidadesedicas.com\/loja\/produto\/toalha-de-praia-magica-anti-areia\/\" \/>\n<meta property=\"og:site_name\" content=\"Curiosidades &amp; Dicas, Lda\" \/>\n<meta property=\"article:modified_time\" content=\"2022-04-19T09:01:39+00:00\" \/>\n<meta property=\"og:image\" content=\"https:\/\/curiosidadesedicas.com\/loja\/wp-content\/uploads\/2020\/06\/toalla-de-playa-anti-arena-doble-capa-onlineclub-d_nq_np_971244-mlc26002465548_092017-f.jpg\" \/>\n\t<meta property=\"og:image:width\" content=\"1000\" \/>\n\t<meta property=\"og:image:height\" content=\"1000\" \/>\n\t<meta property=\"og:image:type\" content=\"image\/jpeg\" \/>\n<meta name=\"twitter:card\" content=\"summary_large_image\" \/>\n<script type=\"application\/ld+json\" class=\"yoast-schema-graph\">{\"@context\":\"https:\/\/schema.org\",\"@graph\":[{\"@type\":\"WebPage\",\"@id\":\"https:\/\/curiosidadesedicas.com\/loja\/produto\/toalha-de-praia-magica-anti-areia\/\",\"url\":\"https:\/\/curiosidadesedicas.com\/loja\/produto\/toalha-de-praia-magica-anti-areia\/\",\"name\":\"TOALHA DE PRAIA M\u00c1GICA ANTI-AREIA - Curiosidades &amp; Dicas, Lda\",\"isPartOf\":{\"@id\":\"https:\/\/curiosidadesedicas.com\/loja\/#website\"},\"primaryImageOfPage\":{\"@id\":\"https:\/\/curiosidadesedicas.com\/loja\/produto\/toalha-de-praia-magica-anti-areia\/#primaryimage\"},\"image\":{\"@id\":\"https:\/\/curiosidadesedicas.com\/loja\/produto\/toalha-de-praia-magica-anti-areia\/#primaryimage\"},\"thumbnailUrl\":\"https:\/\/curiosidadesedicas.com\/loja\/wp-content\/uploads\/2020\/06\/toalla-de-playa-anti-arena-doble-capa-onlineclub-d_nq_np_971244-mlc26002465548_092017-f.jpg\",\"datePublished\":\"2020-06-16T14:44:13+00:00\",\"dateModified\":\"2022-04-19T09:01:39+00:00\",\"breadcrumb\":{\"@id\":\"https:\/\/curiosidadesedicas.com\/loja\/produto\/toalha-de-praia-magica-anti-areia\/#breadcrumb\"},\"inLanguage\":\"pt-PT\",\"potentialAction\":[{\"@type\":\"ReadAction\",\"target\":[\"https:\/\/curiosidadesedicas.com\/loja\/produto\/toalha-de-praia-magica-anti-areia\/\"]}]},{\"@type\":\"ImageObject\",\"inLanguage\":\"pt-PT\",\"@id\":\"https:\/\/curiosidadesedicas.com\/loja\/produto\/toalha-de-praia-magica-anti-areia\/#primaryimage\",\"url\":\"https:\/\/curiosidadesedicas.com\/loja\/wp-content\/uploads\/2020\/06\/toalla-de-playa-anti-arena-doble-capa-onlineclub-d_nq_np_971244-mlc26002465548_092017-f.jpg\",\"contentUrl\":\"https:\/\/curiosidadesedicas.com\/loja\/wp-content\/uploads\/2020\/06\/toalla-de-playa-anti-arena-doble-capa-onlineclub-d_nq_np_971244-mlc26002465548_092017-f.jpg\",\"width\":1000,\"height\":1000},{\"@type\":\"BreadcrumbList\",\"@id\":\"https:\/\/curiosidadesedicas.com\/loja\/produto\/toalha-de-praia-magica-anti-areia\/#breadcrumb\",\"itemListElement\":[{\"@type\":\"ListItem\",\"position\":1,\"name\":\"In\u00edcio\",\"item\":\"https:\/\/curiosidadesedicas.com\/loja\/\"},{\"@type\":\"ListItem\",\"position\":2,\"name\":\"Produtos\",\"item\":\"https:\/\/curiosidadesedicas.com\/loja\/produtos\/\"},{\"@type\":\"ListItem\",\"position\":3,\"name\":\"TOALHA DE PRAIA M\u00c1GICA ANTI-AREIA\"}]},{\"@type\":\"WebSite\",\"@id\":\"https:\/\/curiosidadesedicas.com\/loja\/#website\",\"url\":\"https:\/\/curiosidadesedicas.com\/loja\/\",\"name\":\"Curiosidades &amp; Dicas, Lda\",\"description\":\"Apaixonados Por Inova\u00e7\u00e3o\",\"publisher\":{\"@id\":\"https:\/\/curiosidadesedicas.com\/loja\/#organization\"},\"potentialAction\":[{\"@type\":\"SearchAction\",\"target\":{\"@type\":\"EntryPoint\",\"urlTemplate\":\"https:\/\/curiosidadesedicas.com\/loja\/?s={search_term_string}\"},\"query-input\":{\"@type\":\"PropertyValueSpecification\",\"valueRequired\":true,\"valueName\":\"search_term_string\"}}],\"inLanguage\":\"pt-PT\"},{\"@type\":\"Organization\",\"@id\":\"https:\/\/curiosidadesedicas.com\/loja\/#organization\",\"name\":\"Curiosidades & Dicas\",\"url\":\"https:\/\/curiosidadesedicas.com\/loja\/\",\"logo\":{\"@type\":\"ImageObject\",\"inLanguage\":\"pt-PT\",\"@id\":\"https:\/\/curiosidadesedicas.com\/loja\/#\/schema\/logo\/image\/\",\"url\":\"https:\/\/curiosidadesedicas.com\/loja\/wp-content\/uploads\/2020\/05\/LogoCuriosidadesSimples.png\",\"contentUrl\":\"https:\/\/curiosidadesedicas.com\/loja\/wp-content\/uploads\/2020\/05\/LogoCuriosidadesSimples.png\",\"width\":3528,\"height\":804,\"caption\":\"Curiosidades & Dicas\"},\"image\":{\"@id\":\"https:\/\/curiosidadesedicas.com\/loja\/#\/schema\/logo\/image\/\"}}]}<\/script>\n<!-- \/ Yoast SEO plugin. -->","yoast_head_json":{"title":"TOALHA DE PRAIA M\u00c1GICA ANTI-AREIA - Curiosidades &amp; Dicas, Lda","robots":{"index":"index","follow":"follow","max-snippet":"max-snippet:-1","max-image-preview":"max-image-preview:large","max-video-preview":"max-video-preview:-1"},"canonical":"https:\/\/curiosidadesedicas.com\/loja\/produto\/toalha-de-praia-magica-anti-areia\/","og_locale":"pt_PT","og_type":"article","og_title":"TOALHA DE PRAIA M\u00c1GICA ANTI-AREIA - Curiosidades &amp; Dicas, Lda","og_description":"Mantenha a areia do lado de fora com a Toalha de Praia M\u00e1gica Anti-Areia! F\u00e1cil de limpar e seca imediatamente em caso de derramamento de l\u00edquidos. A areia passa pela toalha e a mant\u00e9m limpa de areia, sujeira e insetos. Coloque esta esteira sobre a areia e coloca a toalha de banho em cima, e pode ficar descansado, n\u00e3o vai haver mais areias a incomodar. Tolha de Praia M\u00e1gica Anti-Areia \u00e9 uma esteira com tecnologia de malha de camada dupla que faz com que qualquer areia que caia desapare\u00e7a. \u00c9 especialmente projetada para a praia, piqueniques e espa\u00e7os verdes. Para maior conforto, utilize a toalha tradicional por cima desta.   F\u00e1cil de transportar  Resistente a areia e \u00e1gua  Dimens\u00f5es: 150x200cm  F\u00e1cil de limpar: F\u00e1cil de varrer, limpar e secar instantaneamente, ideal para praia, dias de campo, parques, passeios familiares, viagens e outras atividades ao ar livre  Forte: Muito fina e macia, forte, resistente ao mofo, lav\u00e1vel, extremamente dur\u00e1vel. Tem quatro an\u00e9is que podem ser fixados na areia ou na terra  F\u00e1cil de transportar: Leve e compacta  Port\u00e1til e dobr\u00e1vel, n\u00e3o ocupa muito espa\u00e7o, facilitando o armazenamento em sacos  Tamanho grande, ideal para aproveitar o tempo com um grupo de amigos ou familiares  Dispon\u00edvel em cor-de-rosa e azul  https:\/\/www.youtube.com\/watch?v=ko4ViY5A3e8","og_url":"https:\/\/curiosidadesedicas.com\/loja\/produto\/toalha-de-praia-magica-anti-areia\/","og_site_name":"Curiosidades &amp; Dicas, Lda","article_modified_time":"2022-04-19T09:01:39+00:00","og_image":[{"width":1000,"height":1000,"url":"https:\/\/curiosidadesedicas.com\/loja\/wp-content\/uploads\/2020\/06\/toalla-de-playa-anti-arena-doble-capa-onlineclub-d_nq_np_971244-mlc26002465548_092017-f.jpg","type":"image\/jpeg"}],"twitter_card":"summary_large_image","schema":{"@context":"https:\/\/schema.org","@graph":[{"@type":"WebPage","@id":"https:\/\/curiosidadesedicas.com\/loja\/produto\/toalha-de-praia-magica-anti-areia\/","url":"https:\/\/curiosidadesedicas.com\/loja\/produto\/toalha-de-praia-magica-anti-areia\/","name":"TOALHA DE PRAIA M\u00c1GICA ANTI-AREIA - Curiosidades &amp; Dicas, Lda","isPartOf":{"@id":"https:\/\/curiosidadesedicas.com\/loja\/#website"},"primaryImageOfPage":{"@id":"https:\/\/curiosidadesedicas.com\/loja\/produto\/toalha-de-praia-magica-anti-areia\/#primaryimage"},"image":{"@id":"https:\/\/curiosidadesedicas.com\/loja\/produto\/toalha-de-praia-magica-anti-areia\/#primaryimage"},"thumbnailUrl":"https:\/\/curiosidadesedicas.com\/loja\/wp-content\/uploads\/2020\/06\/toalla-de-playa-anti-arena-doble-capa-onlineclub-d_nq_np_971244-mlc26002465548_092017-f.jpg","datePublished":"2020-06-16T14:44:13+00:00","dateModified":"2022-04-19T09:01:39+00:00","breadcrumb":{"@id":"https:\/\/curiosidadesedicas.com\/loja\/produto\/toalha-de-praia-magica-anti-areia\/#breadcrumb"},"inLanguage":"pt-PT","potentialAction":[{"@type":"ReadAction","target":["https:\/\/curiosidadesedicas.com\/loja\/produto\/toalha-de-praia-magica-anti-areia\/"]}]},{"@type":"ImageObject","inLanguage":"pt-PT","@id":"https:\/\/curiosidadesedicas.com\/loja\/produto\/toalha-de-praia-magica-anti-areia\/#primaryimage","url":"https:\/\/curiosidadesedicas.com\/loja\/wp-content\/uploads\/2020\/06\/toalla-de-playa-anti-arena-doble-capa-onlineclub-d_nq_np_971244-mlc26002465548_092017-f.jpg","contentUrl":"https:\/\/curiosidadesedicas.com\/loja\/wp-content\/uploads\/2020\/06\/toalla-de-playa-anti-arena-doble-capa-onlineclub-d_nq_np_971244-mlc26002465548_092017-f.jpg","width":1000,"height":1000},{"@type":"BreadcrumbList","@id":"https:\/\/curiosidadesedicas.com\/loja\/produto\/toalha-de-praia-magica-anti-areia\/#breadcrumb","itemListElement":[{"@type":"ListItem","position":1,"name":"In\u00edcio","item":"https:\/\/curiosidadesedicas.com\/loja\/"},{"@type":"ListItem","position":2,"name":"Produtos","item":"https:\/\/curiosidadesedicas.com\/loja\/produtos\/"},{"@type":"ListItem","position":3,"name":"TOALHA DE PRAIA M\u00c1GICA ANTI-AREIA"}]},{"@type":"WebSite","@id":"https:\/\/curiosidadesedicas.com\/loja\/#website","url":"https:\/\/curiosidadesedicas.com\/loja\/","name":"Curiosidades &amp; Dicas, Lda","description":"Apaixonados Por Inova\u00e7\u00e3o","publisher":{"@id":"https:\/\/curiosidadesedicas.com\/loja\/#organization"},"potentialAction":[{"@type":"SearchAction","target":{"@type":"EntryPoint","urlTemplate":"https:\/\/curiosidadesedicas.com\/loja\/?s={search_term_string}"},"query-input":{"@type":"PropertyValueSpecification","valueRequired":true,"valueName":"search_term_string"}}],"inLanguage":"pt-PT"},{"@type":"Organization","@id":"https:\/\/curiosidadesedicas.com\/loja\/#organization","name":"Curiosidades & Dicas","url":"https:\/\/curiosidadesedicas.com\/loja\/","logo":{"@type":"ImageObject","inLanguage":"pt-PT","@id":"https:\/\/curiosidadesedicas.com\/loja\/#\/schema\/logo\/image\/","url":"https:\/\/curiosidadesedicas.com\/loja\/wp-content\/uploads\/2020\/05\/LogoCuriosidadesSimples.png","contentUrl":"https:\/\/curiosidadesedicas.com\/loja\/wp-content\/uploads\/2020\/05\/LogoCuriosidadesSimples.png","width":3528,"height":804,"caption":"Curiosidades & Dicas"},"image":{"@id":"https:\/\/curiosidadesedicas.com\/loja\/#\/schema\/logo\/image\/"}}]}},"_links":{"self":[{"href":"https:\/\/curiosidadesedicas.com\/loja\/wp-json\/wp\/v2\/product\/14580","targetHints":{"allow":["GET"]}}],"collection":[{"href":"https:\/\/curiosidadesedicas.com\/loja\/wp-json\/wp\/v2\/product"}],"about":[{"href":"https:\/\/curiosidadesedicas.com\/loja\/wp-json\/wp\/v2\/types\/product"}],"replies":[{"embeddable":true,"href":"https:\/\/curiosidadesedicas.com\/loja\/wp-json\/wp\/v2\/comments?post=14580"}],"wp:featuredmedia":[{"embeddable":true,"href":"https:\/\/curiosidadesedicas.com\/loja\/wp-json\/wp\/v2\/media\/14594"}],"wp:attachment":[{"href":"https:\/\/curiosidadesedicas.com\/loja\/wp-json\/wp\/v2\/media?parent=14580"}],"wp:term":[{"taxonomy":"product_brand","embeddable":true,"href":"https:\/\/curiosidadesedicas.com\/loja\/wp-json\/wp\/v2\/product_brand?post=14580"},{"taxonomy":"product_cat","embeddable":true,"href":"https:\/\/curiosidadesedicas.com\/loja\/wp-json\/wp\/v2\/product_cat?post=14580"},{"taxonomy":"product_tag","embeddable":true,"href":"https:\/\/curiosidadesedicas.com\/loja\/wp-json\/wp\/v2\/product_tag?post=14580"}],"curies":[{"name":"wp","href":"https:\/\/api.w.org\/{rel}","templated":true}]}}