{"id":14564,"date":"2020-06-16T14:24:46","date_gmt":"2020-06-16T14:24:46","guid":{"rendered":"https:\/\/curiosidadesedicas.com\/loja\/?post_type=product&#038;p=14564"},"modified":"2021-11-08T10:32:29","modified_gmt":"2021-11-08T10:32:29","slug":"marmita-eletrica-economica-40w","status":"publish","type":"product","link":"https:\/\/curiosidadesedicas.com\/loja\/produto\/marmita-eletrica-economica-40w\/","title":{"rendered":"MARMITA EL\u00c9TRICA ECO 220W 40W"},"content":{"rendered":"<div class=\"main-data\">\n<p class=\"small_desc\">Uma c\u00f3moda e pr\u00e1tica lancheira el\u00e9trica perfeita para aquecer a comida ou mant\u00ea-la quente sem necessidade de microondas. \u00c9 perfeita para transportar a comida para o trabalho e aquec\u00ea-la facilmente. O seu funcionamento \u00e9 muito simples, basta ligar a lancheira \u00e0 rede el\u00e9trica e em poucos minutos poder\u00e1 desfrutar de comida caseira quente.<\/p>\n<\/div>\n<p>&nbsp;<\/p>\n","protected":false},"excerpt":{"rendered":"<ul>\n<li>Fabricado em PP (livre de BPA)<\/li>\n<li>Baixo consumo<\/li>\n<li>Capacidade aprox.: 1,6 L<\/li>\n<li>Design moderno e funcional<\/li>\n<li>Leve, manuse\u00e1vel, f\u00e1cil de limpar e transportar<\/li>\n<li>Tampa com quatro dispositivos de fecho<\/li>\n<li>V\u00e1lvula de sa\u00edda de vapor<\/li>\n<li>Compartimento para talheres (inclui colher de pl\u00e1stico)<\/li>\n<li>2 compartimentos internos independentes com recipiente extra\u00edvel<\/li>\n<li>Tamb\u00e9m pode ser utilizado como\u00a0lancheira convencional para alimentos frios ou frescos<\/li>\n<li>Sistema de aquecimento infravermelho<\/li>\n<li>Pot\u00eancia: 40 W<\/li>\n<li>Tens\u00e3o: 220 V<\/li>\n<li>Frequ\u00eancia: 50-60 Hz<\/li>\n<li>Medidas aprox.: 23 x 10,5 x 16,5 cm<\/li>\n<li>Inclui cabo extra\u00edvel de liga\u00e7\u00e3o \u00e0 rede el\u00e9trica (aprox. 75 cm)<\/li>\n<li>Dispon\u00edvel nas cores verde e azul<\/li>\n<\/ul>\n<p>https:\/\/youtu.be\/6L3jUrM5IH0<\/p>\n","protected":false},"featured_media":14572,"comment_status":"open","ping_status":"closed","template":"","meta":{"_glsr_average":0,"_glsr_ranking":0,"_glsr_reviews":0},"product_brand":[],"product_cat":[350,420],"product_tag":[],"class_list":{"0":"post-14564","1":"product","2":"type-product","3":"status-publish","4":"has-post-thumbnail","6":"product_cat-gadgets","7":"product_cat-p-trabalho","9":"first","10":"outofstock","11":"taxable","12":"shipping-taxable","13":"purchasable","14":"product-type-variable"},"yoast_head":"<!-- This site is optimized with the Yoast SEO plugin v26.8 - https:\/\/yoast.com\/product\/yoast-seo-wordpress\/ -->\n<title>MARMITA EL\u00c9TRICA ECO 220W 40W - Curiosidades &amp; Dicas, Lda<\/title>\n<meta name=\"robots\" content=\"index, follow, max-snippet:-1, max-image-preview:large, max-video-preview:-1\" \/>\n<link rel=\"canonical\" href=\"https:\/\/curiosidadesedicas.com\/loja\/produto\/marmita-eletrica-economica-40w\/\" \/>\n<meta property=\"og:locale\" content=\"pt_PT\" \/>\n<meta property=\"og:type\" content=\"article\" \/>\n<meta property=\"og:title\" content=\"MARMITA EL\u00c9TRICA ECO 220W 40W - Curiosidades &amp; Dicas, Lda\" \/>\n<meta property=\"og:description\" content=\"Fabricado em PP (livre de BPA)  Baixo consumo  Capacidade aprox.: 1,6 L  Design moderno e funcional  Leve, manuse\u00e1vel, f\u00e1cil de limpar e transportar  Tampa com quatro dispositivos de fecho  V\u00e1lvula de sa\u00edda de vapor  Compartimento para talheres (inclui colher de pl\u00e1stico)  2 compartimentos internos independentes com recipiente extra\u00edvel  Tamb\u00e9m pode ser utilizado como\u00a0lancheira convencional para alimentos frios ou frescos  Sistema de aquecimento infravermelho  Pot\u00eancia: 40 W  Tens\u00e3o: 220 V  Frequ\u00eancia: 50-60 Hz  Medidas aprox.: 23 x 10,5 x 16,5 cm  Inclui cabo extra\u00edvel de liga\u00e7\u00e3o \u00e0 rede el\u00e9trica (aprox. 75 cm)  Dispon\u00edvel nas cores verde e azul  https:\/\/youtu.be\/6L3jUrM5IH0\" \/>\n<meta property=\"og:url\" content=\"https:\/\/curiosidadesedicas.com\/loja\/produto\/marmita-eletrica-economica-40w\/\" \/>\n<meta property=\"og:site_name\" content=\"Curiosidades &amp; Dicas, Lda\" \/>\n<meta property=\"article:modified_time\" content=\"2021-11-08T10:32:29+00:00\" \/>\n<meta property=\"og:image\" content=\"https:\/\/curiosidadesedicas.com\/loja\/wp-content\/uploads\/2020\/06\/img_20200128_155859-scaled.jpg\" \/>\n\t<meta property=\"og:image:width\" content=\"2560\" \/>\n\t<meta property=\"og:image:height\" content=\"1920\" \/>\n\t<meta property=\"og:image:type\" content=\"image\/jpeg\" \/>\n<meta name=\"twitter:card\" content=\"summary_large_image\" \/>\n<script type=\"application\/ld+json\" class=\"yoast-schema-graph\">{\"@context\":\"https:\/\/schema.org\",\"@graph\":[{\"@type\":\"WebPage\",\"@id\":\"https:\/\/curiosidadesedicas.com\/loja\/produto\/marmita-eletrica-economica-40w\/\",\"url\":\"https:\/\/curiosidadesedicas.com\/loja\/produto\/marmita-eletrica-economica-40w\/\",\"name\":\"MARMITA EL\u00c9TRICA ECO 220W 40W - Curiosidades &amp; Dicas, Lda\",\"isPartOf\":{\"@id\":\"https:\/\/curiosidadesedicas.com\/loja\/#website\"},\"primaryImageOfPage\":{\"@id\":\"https:\/\/curiosidadesedicas.com\/loja\/produto\/marmita-eletrica-economica-40w\/#primaryimage\"},\"image\":{\"@id\":\"https:\/\/curiosidadesedicas.com\/loja\/produto\/marmita-eletrica-economica-40w\/#primaryimage\"},\"thumbnailUrl\":\"https:\/\/curiosidadesedicas.com\/loja\/wp-content\/uploads\/2020\/06\/img_20200128_155859-scaled.jpg\",\"datePublished\":\"2020-06-16T14:24:46+00:00\",\"dateModified\":\"2021-11-08T10:32:29+00:00\",\"breadcrumb\":{\"@id\":\"https:\/\/curiosidadesedicas.com\/loja\/produto\/marmita-eletrica-economica-40w\/#breadcrumb\"},\"inLanguage\":\"pt-PT\",\"potentialAction\":[{\"@type\":\"ReadAction\",\"target\":[\"https:\/\/curiosidadesedicas.com\/loja\/produto\/marmita-eletrica-economica-40w\/\"]}]},{\"@type\":\"ImageObject\",\"inLanguage\":\"pt-PT\",\"@id\":\"https:\/\/curiosidadesedicas.com\/loja\/produto\/marmita-eletrica-economica-40w\/#primaryimage\",\"url\":\"https:\/\/curiosidadesedicas.com\/loja\/wp-content\/uploads\/2020\/06\/img_20200128_155859-scaled.jpg\",\"contentUrl\":\"https:\/\/curiosidadesedicas.com\/loja\/wp-content\/uploads\/2020\/06\/img_20200128_155859-scaled.jpg\",\"width\":2560,\"height\":1920},{\"@type\":\"BreadcrumbList\",\"@id\":\"https:\/\/curiosidadesedicas.com\/loja\/produto\/marmita-eletrica-economica-40w\/#breadcrumb\",\"itemListElement\":[{\"@type\":\"ListItem\",\"position\":1,\"name\":\"In\u00edcio\",\"item\":\"https:\/\/curiosidadesedicas.com\/loja\/\"},{\"@type\":\"ListItem\",\"position\":2,\"name\":\"Produtos\",\"item\":\"https:\/\/curiosidadesedicas.com\/loja\/produtos\/\"},{\"@type\":\"ListItem\",\"position\":3,\"name\":\"MARMITA EL\u00c9TRICA ECO 220W 40W\"}]},{\"@type\":\"WebSite\",\"@id\":\"https:\/\/curiosidadesedicas.com\/loja\/#website\",\"url\":\"https:\/\/curiosidadesedicas.com\/loja\/\",\"name\":\"Curiosidades &amp; Dicas, Lda\",\"description\":\"Apaixonados Por Inova\u00e7\u00e3o\",\"publisher\":{\"@id\":\"https:\/\/curiosidadesedicas.com\/loja\/#organization\"},\"potentialAction\":[{\"@type\":\"SearchAction\",\"target\":{\"@type\":\"EntryPoint\",\"urlTemplate\":\"https:\/\/curiosidadesedicas.com\/loja\/?s={search_term_string}\"},\"query-input\":{\"@type\":\"PropertyValueSpecification\",\"valueRequired\":true,\"valueName\":\"search_term_string\"}}],\"inLanguage\":\"pt-PT\"},{\"@type\":\"Organization\",\"@id\":\"https:\/\/curiosidadesedicas.com\/loja\/#organization\",\"name\":\"Curiosidades & Dicas\",\"url\":\"https:\/\/curiosidadesedicas.com\/loja\/\",\"logo\":{\"@type\":\"ImageObject\",\"inLanguage\":\"pt-PT\",\"@id\":\"https:\/\/curiosidadesedicas.com\/loja\/#\/schema\/logo\/image\/\",\"url\":\"https:\/\/curiosidadesedicas.com\/loja\/wp-content\/uploads\/2020\/05\/LogoCuriosidadesSimples.png\",\"contentUrl\":\"https:\/\/curiosidadesedicas.com\/loja\/wp-content\/uploads\/2020\/05\/LogoCuriosidadesSimples.png\",\"width\":3528,\"height\":804,\"caption\":\"Curiosidades & Dicas\"},\"image\":{\"@id\":\"https:\/\/curiosidadesedicas.com\/loja\/#\/schema\/logo\/image\/\"}}]}<\/script>\n<!-- \/ Yoast SEO plugin. -->","yoast_head_json":{"title":"MARMITA EL\u00c9TRICA ECO 220W 40W - Curiosidades &amp; Dicas, Lda","robots":{"index":"index","follow":"follow","max-snippet":"max-snippet:-1","max-image-preview":"max-image-preview:large","max-video-preview":"max-video-preview:-1"},"canonical":"https:\/\/curiosidadesedicas.com\/loja\/produto\/marmita-eletrica-economica-40w\/","og_locale":"pt_PT","og_type":"article","og_title":"MARMITA EL\u00c9TRICA ECO 220W 40W - Curiosidades &amp; Dicas, Lda","og_description":"Fabricado em PP (livre de BPA)  Baixo consumo  Capacidade aprox.: 1,6 L  Design moderno e funcional  Leve, manuse\u00e1vel, f\u00e1cil de limpar e transportar  Tampa com quatro dispositivos de fecho  V\u00e1lvula de sa\u00edda de vapor  Compartimento para talheres (inclui colher de pl\u00e1stico)  2 compartimentos internos independentes com recipiente extra\u00edvel  Tamb\u00e9m pode ser utilizado como\u00a0lancheira convencional para alimentos frios ou frescos  Sistema de aquecimento infravermelho  Pot\u00eancia: 40 W  Tens\u00e3o: 220 V  Frequ\u00eancia: 50-60 Hz  Medidas aprox.: 23 x 10,5 x 16,5 cm  Inclui cabo extra\u00edvel de liga\u00e7\u00e3o \u00e0 rede el\u00e9trica (aprox. 75 cm)  Dispon\u00edvel nas cores verde e azul  https:\/\/youtu.be\/6L3jUrM5IH0","og_url":"https:\/\/curiosidadesedicas.com\/loja\/produto\/marmita-eletrica-economica-40w\/","og_site_name":"Curiosidades &amp; Dicas, Lda","article_modified_time":"2021-11-08T10:32:29+00:00","og_image":[{"width":2560,"height":1920,"url":"https:\/\/curiosidadesedicas.com\/loja\/wp-content\/uploads\/2020\/06\/img_20200128_155859-scaled.jpg","type":"image\/jpeg"}],"twitter_card":"summary_large_image","schema":{"@context":"https:\/\/schema.org","@graph":[{"@type":"WebPage","@id":"https:\/\/curiosidadesedicas.com\/loja\/produto\/marmita-eletrica-economica-40w\/","url":"https:\/\/curiosidadesedicas.com\/loja\/produto\/marmita-eletrica-economica-40w\/","name":"MARMITA EL\u00c9TRICA ECO 220W 40W - Curiosidades &amp; Dicas, Lda","isPartOf":{"@id":"https:\/\/curiosidadesedicas.com\/loja\/#website"},"primaryImageOfPage":{"@id":"https:\/\/curiosidadesedicas.com\/loja\/produto\/marmita-eletrica-economica-40w\/#primaryimage"},"image":{"@id":"https:\/\/curiosidadesedicas.com\/loja\/produto\/marmita-eletrica-economica-40w\/#primaryimage"},"thumbnailUrl":"https:\/\/curiosidadesedicas.com\/loja\/wp-content\/uploads\/2020\/06\/img_20200128_155859-scaled.jpg","datePublished":"2020-06-16T14:24:46+00:00","dateModified":"2021-11-08T10:32:29+00:00","breadcrumb":{"@id":"https:\/\/curiosidadesedicas.com\/loja\/produto\/marmita-eletrica-economica-40w\/#breadcrumb"},"inLanguage":"pt-PT","potentialAction":[{"@type":"ReadAction","target":["https:\/\/curiosidadesedicas.com\/loja\/produto\/marmita-eletrica-economica-40w\/"]}]},{"@type":"ImageObject","inLanguage":"pt-PT","@id":"https:\/\/curiosidadesedicas.com\/loja\/produto\/marmita-eletrica-economica-40w\/#primaryimage","url":"https:\/\/curiosidadesedicas.com\/loja\/wp-content\/uploads\/2020\/06\/img_20200128_155859-scaled.jpg","contentUrl":"https:\/\/curiosidadesedicas.com\/loja\/wp-content\/uploads\/2020\/06\/img_20200128_155859-scaled.jpg","width":2560,"height":1920},{"@type":"BreadcrumbList","@id":"https:\/\/curiosidadesedicas.com\/loja\/produto\/marmita-eletrica-economica-40w\/#breadcrumb","itemListElement":[{"@type":"ListItem","position":1,"name":"In\u00edcio","item":"https:\/\/curiosidadesedicas.com\/loja\/"},{"@type":"ListItem","position":2,"name":"Produtos","item":"https:\/\/curiosidadesedicas.com\/loja\/produtos\/"},{"@type":"ListItem","position":3,"name":"MARMITA EL\u00c9TRICA ECO 220W 40W"}]},{"@type":"WebSite","@id":"https:\/\/curiosidadesedicas.com\/loja\/#website","url":"https:\/\/curiosidadesedicas.com\/loja\/","name":"Curiosidades &amp; Dicas, Lda","description":"Apaixonados Por Inova\u00e7\u00e3o","publisher":{"@id":"https:\/\/curiosidadesedicas.com\/loja\/#organization"},"potentialAction":[{"@type":"SearchAction","target":{"@type":"EntryPoint","urlTemplate":"https:\/\/curiosidadesedicas.com\/loja\/?s={search_term_string}"},"query-input":{"@type":"PropertyValueSpecification","valueRequired":true,"valueName":"search_term_string"}}],"inLanguage":"pt-PT"},{"@type":"Organization","@id":"https:\/\/curiosidadesedicas.com\/loja\/#organization","name":"Curiosidades & Dicas","url":"https:\/\/curiosidadesedicas.com\/loja\/","logo":{"@type":"ImageObject","inLanguage":"pt-PT","@id":"https:\/\/curiosidadesedicas.com\/loja\/#\/schema\/logo\/image\/","url":"https:\/\/curiosidadesedicas.com\/loja\/wp-content\/uploads\/2020\/05\/LogoCuriosidadesSimples.png","contentUrl":"https:\/\/curiosidadesedicas.com\/loja\/wp-content\/uploads\/2020\/05\/LogoCuriosidadesSimples.png","width":3528,"height":804,"caption":"Curiosidades & Dicas"},"image":{"@id":"https:\/\/curiosidadesedicas.com\/loja\/#\/schema\/logo\/image\/"}}]}},"_links":{"self":[{"href":"https:\/\/curiosidadesedicas.com\/loja\/wp-json\/wp\/v2\/product\/14564","targetHints":{"allow":["GET"]}}],"collection":[{"href":"https:\/\/curiosidadesedicas.com\/loja\/wp-json\/wp\/v2\/product"}],"about":[{"href":"https:\/\/curiosidadesedicas.com\/loja\/wp-json\/wp\/v2\/types\/product"}],"replies":[{"embeddable":true,"href":"https:\/\/curiosidadesedicas.com\/loja\/wp-json\/wp\/v2\/comments?post=14564"}],"wp:featuredmedia":[{"embeddable":true,"href":"https:\/\/curiosidadesedicas.com\/loja\/wp-json\/wp\/v2\/media\/14572"}],"wp:attachment":[{"href":"https:\/\/curiosidadesedicas.com\/loja\/wp-json\/wp\/v2\/media?parent=14564"}],"wp:term":[{"taxonomy":"product_brand","embeddable":true,"href":"https:\/\/curiosidadesedicas.com\/loja\/wp-json\/wp\/v2\/product_brand?post=14564"},{"taxonomy":"product_cat","embeddable":true,"href":"https:\/\/curiosidadesedicas.com\/loja\/wp-json\/wp\/v2\/product_cat?post=14564"},{"taxonomy":"product_tag","embeddable":true,"href":"https:\/\/curiosidadesedicas.com\/loja\/wp-json\/wp\/v2\/product_tag?post=14564"}],"curies":[{"name":"wp","href":"https:\/\/api.w.org\/{rel}","templated":true}]}}