{"id":14306,"date":"2020-06-16T09:42:44","date_gmt":"2020-06-16T09:42:44","guid":{"rendered":"https:\/\/curiosidadesedicas.com\/loja\/?post_type=product&#038;p=14306"},"modified":"2025-04-03T10:41:46","modified_gmt":"2025-04-03T10:41:46","slug":"capa-elastica-p-sofa-c-chaise-longue-braco-longo-roque","status":"publish","type":"product","link":"https:\/\/curiosidadesedicas.com\/loja\/produto\/capa-elastica-p-sofa-c-chaise-longue-braco-longo-roque\/","title":{"rendered":"CAPA EL\u00c1STICA P\/ SOF\u00c1 C\/ CHAISE LONGUE BRA\u00c7O LONGO ROQUE"},"content":{"rendered":"<div>\n<p><strong>1\u00ba Passo: Qual o lado da sua chaise? Coloque-se diante do sof\u00e1 para verificar. Veja essa orienta\u00e7\u00e3o:<\/strong><\/p>\n<p><img loading=\"lazy\" decoding=\"async\" class=\"alignnone wp-image-24934 size-full\" src=\"https:\/\/curiosidadesedicas.com\/loja\/wp-content\/uploads\/2020\/06\/Lado-da-chaise.gif\" alt=\"\" width=\"600\" height=\"600\" \/><\/p>\n<p><strong>2\u00ba Passo: O bra\u00e7o da sua chaise \u00e9 curto ou longo?<\/strong><\/p>\n<p>Se o bra\u00e7o for longo, acompanha a chaise at\u00e9 o fim<\/p>\n<p>Se o bra\u00e7o for curto, \u00e9 id\u00eantico ao outro lado<\/p>\n<p><img loading=\"lazy\" decoding=\"async\" class=\"alignnone wp-image-24939 size-full\" src=\"https:\/\/curiosidadesedicas.com\/loja\/wp-content\/uploads\/2020\/06\/Braco-curto-e-longo.gif\" alt=\"\" width=\"600\" height=\"600\" \/><\/p>\n<p>&nbsp;<\/p>\n<p><strong>RECOMENDA\u00c7\u00d5ES:<\/strong><\/p>\n<div id=\"more_info_block\" class=\"col-xs-12 col-sm-12 col-md-10\">\n<div id=\"more_info_sheets\" class=\"sheets align_justify\">\n<div class=\"wrapper_content_tab\">\n<div class=\"left_content_tab\">\n<div class=\"content_tab\" data-tab=\"25\">* Lavar separadamente antes de usar cores escuras<br \/>\n* As cores mostradas nesta apresenta\u00e7\u00e3o podem apresentar varia\u00e7\u00e3o da realidade, devido \u00e0s limita\u00e7\u00f5es das diferentes telas, resolu\u00e7\u00f5es, brilho, etc<\/div>\n<\/div>\n<\/div>\n<\/div>\n<\/div>\n<p><strong>COMPOSI\u00c7\u00c3O:<br \/>\n<\/strong>55% Poli\u00e9ster &#8211; 35%\u00a0Algod\u00e3o &#8211; 10% Elast\u00f4mero<\/p>\n<p>&nbsp;<\/p>\n<p><strong>INSTRU\u00c7\u00d5ES DE LAVAGEM:<\/strong><\/p>\n<p class=\"ww\"><img loading=\"lazy\" decoding=\"async\" title=\"Temperatura m\u00e1xima de lavagem\" src=\"https:\/\/www.capasparasofa.pt\/img\/cms\/i_temperatura.jpg\" alt=\"Temperatura m\u00e1xima de lavagem\" width=\"42\" height=\"42\" \/> <img loading=\"lazy\" decoding=\"async\" title=\"N\u00e3o utilizar lix\u00edvia\" src=\"https:\/\/www.capasparasofa.pt\/img\/cms\/i_no_lejia.jpg\" alt=\"N\u00e3o utilizar lix\u00edvia\" width=\"42\" height=\"42\" \/> <img loading=\"lazy\" decoding=\"async\" title=\"N\u00e3o passar o ferro\" src=\"https:\/\/www.capasparasofa.pt\/img\/cms\/i_no_plancha.jpg\" alt=\"N\u00e3o passar o ferro\" width=\"42\" height=\"42\" \/> <img loading=\"lazy\" decoding=\"async\" title=\"N\u00e3o secar no tambor\" src=\"https:\/\/www.capasparasofa.pt\/img\/cms\/i_no_secadora.jpg\" alt=\"N\u00e3o secar no tambor\" width=\"42\" height=\"42\" \/> <img loading=\"lazy\" decoding=\"async\" title=\"N\u00e3o lavar a seco\" src=\"https:\/\/www.capasparasofa.pt\/img\/cms\/i_no_lavado_seco.jpg\" alt=\"N\u00e3o lavar a seco\" width=\"42\" height=\"42\" \/><\/p>\n<p>100% lav\u00e1vel<\/p>\n<\/div>\n","protected":false},"excerpt":{"rendered":"<ul>\n<li>Capa muito pr\u00e1tica, confecionada com <strong>tecido el\u00e1stico<\/strong> de qualidade<\/li>\n<li><strong>Prote\u00e7\u00e3o total<\/strong> para o seu sof\u00e1 com chaise longue bra\u00e7o longo e adapta\u00e7\u00e3o mais f\u00e1cil gra\u00e7as \u00e0 sua elasticidade<\/li>\n<li><strong>Pr\u00e1tica e ajust\u00e1vel<\/strong>, \u00e9 muito f\u00e1cil de colocar e retirar, assim como de lavar<\/li>\n<li>Dispon\u00edvel num <strong>largo leque de modelos e cores<\/strong> para combinar com a sua sala<\/li>\n<\/ul>\n<p><strong>Veja como aplicar uma capa para sof\u00e1 chaise longue bra\u00e7o longo:<\/strong><\/p>\n<p>https:\/\/youtu.be\/LBH8aNyxjDw<\/p>\n<p>As capas ficam lindas e o sof\u00e1 como novo. A medida \u00e9 universal e fica sempre muito bem. \u00c9 \u00f3timo para quem vende e, especialmente, para quem compra!<\/p>\n<p>https:\/\/curiosidadesedicas.com\/loja\/wp-content\/uploads\/2020\/06\/Chaise-Cores-esquerda.mp4<\/p>\n<p>&nbsp;<\/p>\n<div id=\"more_info_block\" class=\"col-xs-12 col-sm-12 col-md-10\">\n<div id=\"more_info_sheets\" class=\"sheets align_justify\">\n<div class=\"wrapper_content_tab\">\n<div class=\"right_content_tab\">\n<div class=\"banner_fab_esp\">\n<div class=\"fabricado_en_espanya\"><\/div>\n<\/div>\n<\/div>\n<\/div>\n<\/div>\n<\/div>\n","protected":false},"featured_media":28527,"comment_status":"open","ping_status":"closed","template":"","meta":{"_glsr_average":0,"_glsr_ranking":0,"_glsr_reviews":0},"product_brand":[],"product_cat":[371,373,546],"product_tag":[416],"class_list":{"0":"post-14306","1":"product","2":"type-product","3":"status-publish","4":"has-post-thumbnail","6":"product_cat-capas-protetoras","7":"product_cat-elasticas-p-sofas","8":"product_cat-colecao-roque","9":"product_tag-roque","11":"first","12":"instock","13":"taxable","14":"shipping-taxable","15":"purchasable","16":"product-type-variable"},"yoast_head":"<!-- This site is optimized with the Yoast SEO plugin v26.8 - https:\/\/yoast.com\/product\/yoast-seo-wordpress\/ -->\n<title>CAPA EL\u00c1STICA P\/ SOF\u00c1 C\/ CHAISE LONGUE BRA\u00c7O LONGO ROQUE - Curiosidades &amp; Dicas, Lda<\/title>\n<meta name=\"robots\" content=\"index, follow, max-snippet:-1, max-image-preview:large, max-video-preview:-1\" \/>\n<link rel=\"canonical\" href=\"https:\/\/curiosidadesedicas.com\/loja\/produto\/capa-elastica-p-sofa-c-chaise-longue-braco-longo-roque\/\" \/>\n<meta property=\"og:locale\" content=\"pt_PT\" \/>\n<meta property=\"og:type\" content=\"article\" \/>\n<meta property=\"og:title\" content=\"CAPA EL\u00c1STICA P\/ SOF\u00c1 C\/ CHAISE LONGUE BRA\u00c7O LONGO ROQUE - Curiosidades &amp; Dicas, Lda\" \/>\n<meta property=\"og:description\" content=\"Capa muito pr\u00e1tica, confecionada com tecido el\u00e1stico de qualidade  Prote\u00e7\u00e3o total para o seu sof\u00e1 com chaise longue bra\u00e7o longo e adapta\u00e7\u00e3o mais f\u00e1cil gra\u00e7as \u00e0 sua elasticidade  Pr\u00e1tica e ajust\u00e1vel, \u00e9 muito f\u00e1cil de colocar e retirar, assim como de lavar  Dispon\u00edvel num largo leque de modelos e cores para combinar com a sua sala  Veja como aplicar uma capa para sof\u00e1 chaise longue bra\u00e7o longo:  https:\/\/youtu.be\/LBH8aNyxjDw  As capas ficam lindas e o sof\u00e1 como novo. A medida \u00e9 universal e fica sempre muito bem. \u00c9 \u00f3timo para quem vende e, especialmente, para quem compra!  https:\/\/curiosidadesedicas.com\/loja\/wp-content\/uploads\/2020\/06\/Chaise-Cores-esquerda.mp4  &nbsp;\" \/>\n<meta property=\"og:url\" content=\"https:\/\/curiosidadesedicas.com\/loja\/produto\/capa-elastica-p-sofa-c-chaise-longue-braco-longo-roque\/\" \/>\n<meta property=\"og:site_name\" content=\"Curiosidades &amp; Dicas, Lda\" \/>\n<meta property=\"article:modified_time\" content=\"2025-04-03T10:41:46+00:00\" \/>\n<meta property=\"og:image\" content=\"https:\/\/curiosidadesedicas.com\/loja\/wp-content\/uploads\/2022\/03\/22.png\" \/>\n\t<meta property=\"og:image:width\" content=\"1000\" \/>\n\t<meta property=\"og:image:height\" content=\"1000\" \/>\n\t<meta property=\"og:image:type\" content=\"image\/png\" \/>\n<meta name=\"twitter:card\" content=\"summary_large_image\" \/>\n<meta name=\"twitter:label1\" content=\"Tempo estimado de leitura\" \/>\n\t<meta name=\"twitter:data1\" content=\"3 minutos\" \/>\n<script type=\"application\/ld+json\" class=\"yoast-schema-graph\">{\"@context\":\"https:\/\/schema.org\",\"@graph\":[{\"@type\":\"WebPage\",\"@id\":\"https:\/\/curiosidadesedicas.com\/loja\/produto\/capa-elastica-p-sofa-c-chaise-longue-braco-longo-roque\/\",\"url\":\"https:\/\/curiosidadesedicas.com\/loja\/produto\/capa-elastica-p-sofa-c-chaise-longue-braco-longo-roque\/\",\"name\":\"CAPA EL\u00c1STICA P\/ SOF\u00c1 C\/ CHAISE LONGUE BRA\u00c7O LONGO ROQUE - Curiosidades &amp; Dicas, Lda\",\"isPartOf\":{\"@id\":\"https:\/\/curiosidadesedicas.com\/loja\/#website\"},\"primaryImageOfPage\":{\"@id\":\"https:\/\/curiosidadesedicas.com\/loja\/produto\/capa-elastica-p-sofa-c-chaise-longue-braco-longo-roque\/#primaryimage\"},\"image\":{\"@id\":\"https:\/\/curiosidadesedicas.com\/loja\/produto\/capa-elastica-p-sofa-c-chaise-longue-braco-longo-roque\/#primaryimage\"},\"thumbnailUrl\":\"https:\/\/curiosidadesedicas.com\/loja\/wp-content\/uploads\/2022\/03\/22.png\",\"datePublished\":\"2020-06-16T09:42:44+00:00\",\"dateModified\":\"2025-04-03T10:41:46+00:00\",\"breadcrumb\":{\"@id\":\"https:\/\/curiosidadesedicas.com\/loja\/produto\/capa-elastica-p-sofa-c-chaise-longue-braco-longo-roque\/#breadcrumb\"},\"inLanguage\":\"pt-PT\",\"potentialAction\":[{\"@type\":\"ReadAction\",\"target\":[\"https:\/\/curiosidadesedicas.com\/loja\/produto\/capa-elastica-p-sofa-c-chaise-longue-braco-longo-roque\/\"]}]},{\"@type\":\"ImageObject\",\"inLanguage\":\"pt-PT\",\"@id\":\"https:\/\/curiosidadesedicas.com\/loja\/produto\/capa-elastica-p-sofa-c-chaise-longue-braco-longo-roque\/#primaryimage\",\"url\":\"https:\/\/curiosidadesedicas.com\/loja\/wp-content\/uploads\/2022\/03\/22.png\",\"contentUrl\":\"https:\/\/curiosidadesedicas.com\/loja\/wp-content\/uploads\/2022\/03\/22.png\",\"width\":1000,\"height\":1000},{\"@type\":\"BreadcrumbList\",\"@id\":\"https:\/\/curiosidadesedicas.com\/loja\/produto\/capa-elastica-p-sofa-c-chaise-longue-braco-longo-roque\/#breadcrumb\",\"itemListElement\":[{\"@type\":\"ListItem\",\"position\":1,\"name\":\"In\u00edcio\",\"item\":\"https:\/\/curiosidadesedicas.com\/loja\/\"},{\"@type\":\"ListItem\",\"position\":2,\"name\":\"Produtos\",\"item\":\"https:\/\/curiosidadesedicas.com\/loja\/produtos\/\"},{\"@type\":\"ListItem\",\"position\":3,\"name\":\"CAPA EL\u00c1STICA P\/ SOF\u00c1 C\/ CHAISE LONGUE BRA\u00c7O LONGO ROQUE\"}]},{\"@type\":\"WebSite\",\"@id\":\"https:\/\/curiosidadesedicas.com\/loja\/#website\",\"url\":\"https:\/\/curiosidadesedicas.com\/loja\/\",\"name\":\"Curiosidades &amp; Dicas, Lda\",\"description\":\"Apaixonados Por Inova\u00e7\u00e3o\",\"publisher\":{\"@id\":\"https:\/\/curiosidadesedicas.com\/loja\/#organization\"},\"potentialAction\":[{\"@type\":\"SearchAction\",\"target\":{\"@type\":\"EntryPoint\",\"urlTemplate\":\"https:\/\/curiosidadesedicas.com\/loja\/?s={search_term_string}\"},\"query-input\":{\"@type\":\"PropertyValueSpecification\",\"valueRequired\":true,\"valueName\":\"search_term_string\"}}],\"inLanguage\":\"pt-PT\"},{\"@type\":\"Organization\",\"@id\":\"https:\/\/curiosidadesedicas.com\/loja\/#organization\",\"name\":\"Curiosidades & Dicas\",\"url\":\"https:\/\/curiosidadesedicas.com\/loja\/\",\"logo\":{\"@type\":\"ImageObject\",\"inLanguage\":\"pt-PT\",\"@id\":\"https:\/\/curiosidadesedicas.com\/loja\/#\/schema\/logo\/image\/\",\"url\":\"https:\/\/curiosidadesedicas.com\/loja\/wp-content\/uploads\/2020\/05\/LogoCuriosidadesSimples.png\",\"contentUrl\":\"https:\/\/curiosidadesedicas.com\/loja\/wp-content\/uploads\/2020\/05\/LogoCuriosidadesSimples.png\",\"width\":3528,\"height\":804,\"caption\":\"Curiosidades & Dicas\"},\"image\":{\"@id\":\"https:\/\/curiosidadesedicas.com\/loja\/#\/schema\/logo\/image\/\"}}]}<\/script>\n<!-- \/ Yoast SEO plugin. -->","yoast_head_json":{"title":"CAPA EL\u00c1STICA P\/ SOF\u00c1 C\/ CHAISE LONGUE BRA\u00c7O LONGO ROQUE - Curiosidades &amp; Dicas, Lda","robots":{"index":"index","follow":"follow","max-snippet":"max-snippet:-1","max-image-preview":"max-image-preview:large","max-video-preview":"max-video-preview:-1"},"canonical":"https:\/\/curiosidadesedicas.com\/loja\/produto\/capa-elastica-p-sofa-c-chaise-longue-braco-longo-roque\/","og_locale":"pt_PT","og_type":"article","og_title":"CAPA EL\u00c1STICA P\/ SOF\u00c1 C\/ CHAISE LONGUE BRA\u00c7O LONGO ROQUE - Curiosidades &amp; Dicas, Lda","og_description":"Capa muito pr\u00e1tica, confecionada com tecido el\u00e1stico de qualidade  Prote\u00e7\u00e3o total para o seu sof\u00e1 com chaise longue bra\u00e7o longo e adapta\u00e7\u00e3o mais f\u00e1cil gra\u00e7as \u00e0 sua elasticidade  Pr\u00e1tica e ajust\u00e1vel, \u00e9 muito f\u00e1cil de colocar e retirar, assim como de lavar  Dispon\u00edvel num largo leque de modelos e cores para combinar com a sua sala  Veja como aplicar uma capa para sof\u00e1 chaise longue bra\u00e7o longo:  https:\/\/youtu.be\/LBH8aNyxjDw  As capas ficam lindas e o sof\u00e1 como novo. A medida \u00e9 universal e fica sempre muito bem. \u00c9 \u00f3timo para quem vende e, especialmente, para quem compra!  https:\/\/curiosidadesedicas.com\/loja\/wp-content\/uploads\/2020\/06\/Chaise-Cores-esquerda.mp4  &nbsp;","og_url":"https:\/\/curiosidadesedicas.com\/loja\/produto\/capa-elastica-p-sofa-c-chaise-longue-braco-longo-roque\/","og_site_name":"Curiosidades &amp; Dicas, Lda","article_modified_time":"2025-04-03T10:41:46+00:00","og_image":[{"width":1000,"height":1000,"url":"https:\/\/curiosidadesedicas.com\/loja\/wp-content\/uploads\/2022\/03\/22.png","type":"image\/png"}],"twitter_card":"summary_large_image","twitter_misc":{"Tempo estimado de leitura":"3 minutos"},"schema":{"@context":"https:\/\/schema.org","@graph":[{"@type":"WebPage","@id":"https:\/\/curiosidadesedicas.com\/loja\/produto\/capa-elastica-p-sofa-c-chaise-longue-braco-longo-roque\/","url":"https:\/\/curiosidadesedicas.com\/loja\/produto\/capa-elastica-p-sofa-c-chaise-longue-braco-longo-roque\/","name":"CAPA EL\u00c1STICA P\/ SOF\u00c1 C\/ CHAISE LONGUE BRA\u00c7O LONGO ROQUE - Curiosidades &amp; Dicas, Lda","isPartOf":{"@id":"https:\/\/curiosidadesedicas.com\/loja\/#website"},"primaryImageOfPage":{"@id":"https:\/\/curiosidadesedicas.com\/loja\/produto\/capa-elastica-p-sofa-c-chaise-longue-braco-longo-roque\/#primaryimage"},"image":{"@id":"https:\/\/curiosidadesedicas.com\/loja\/produto\/capa-elastica-p-sofa-c-chaise-longue-braco-longo-roque\/#primaryimage"},"thumbnailUrl":"https:\/\/curiosidadesedicas.com\/loja\/wp-content\/uploads\/2022\/03\/22.png","datePublished":"2020-06-16T09:42:44+00:00","dateModified":"2025-04-03T10:41:46+00:00","breadcrumb":{"@id":"https:\/\/curiosidadesedicas.com\/loja\/produto\/capa-elastica-p-sofa-c-chaise-longue-braco-longo-roque\/#breadcrumb"},"inLanguage":"pt-PT","potentialAction":[{"@type":"ReadAction","target":["https:\/\/curiosidadesedicas.com\/loja\/produto\/capa-elastica-p-sofa-c-chaise-longue-braco-longo-roque\/"]}]},{"@type":"ImageObject","inLanguage":"pt-PT","@id":"https:\/\/curiosidadesedicas.com\/loja\/produto\/capa-elastica-p-sofa-c-chaise-longue-braco-longo-roque\/#primaryimage","url":"https:\/\/curiosidadesedicas.com\/loja\/wp-content\/uploads\/2022\/03\/22.png","contentUrl":"https:\/\/curiosidadesedicas.com\/loja\/wp-content\/uploads\/2022\/03\/22.png","width":1000,"height":1000},{"@type":"BreadcrumbList","@id":"https:\/\/curiosidadesedicas.com\/loja\/produto\/capa-elastica-p-sofa-c-chaise-longue-braco-longo-roque\/#breadcrumb","itemListElement":[{"@type":"ListItem","position":1,"name":"In\u00edcio","item":"https:\/\/curiosidadesedicas.com\/loja\/"},{"@type":"ListItem","position":2,"name":"Produtos","item":"https:\/\/curiosidadesedicas.com\/loja\/produtos\/"},{"@type":"ListItem","position":3,"name":"CAPA EL\u00c1STICA P\/ SOF\u00c1 C\/ CHAISE LONGUE BRA\u00c7O LONGO ROQUE"}]},{"@type":"WebSite","@id":"https:\/\/curiosidadesedicas.com\/loja\/#website","url":"https:\/\/curiosidadesedicas.com\/loja\/","name":"Curiosidades &amp; Dicas, Lda","description":"Apaixonados Por Inova\u00e7\u00e3o","publisher":{"@id":"https:\/\/curiosidadesedicas.com\/loja\/#organization"},"potentialAction":[{"@type":"SearchAction","target":{"@type":"EntryPoint","urlTemplate":"https:\/\/curiosidadesedicas.com\/loja\/?s={search_term_string}"},"query-input":{"@type":"PropertyValueSpecification","valueRequired":true,"valueName":"search_term_string"}}],"inLanguage":"pt-PT"},{"@type":"Organization","@id":"https:\/\/curiosidadesedicas.com\/loja\/#organization","name":"Curiosidades & Dicas","url":"https:\/\/curiosidadesedicas.com\/loja\/","logo":{"@type":"ImageObject","inLanguage":"pt-PT","@id":"https:\/\/curiosidadesedicas.com\/loja\/#\/schema\/logo\/image\/","url":"https:\/\/curiosidadesedicas.com\/loja\/wp-content\/uploads\/2020\/05\/LogoCuriosidadesSimples.png","contentUrl":"https:\/\/curiosidadesedicas.com\/loja\/wp-content\/uploads\/2020\/05\/LogoCuriosidadesSimples.png","width":3528,"height":804,"caption":"Curiosidades & Dicas"},"image":{"@id":"https:\/\/curiosidadesedicas.com\/loja\/#\/schema\/logo\/image\/"}}]}},"_links":{"self":[{"href":"https:\/\/curiosidadesedicas.com\/loja\/wp-json\/wp\/v2\/product\/14306","targetHints":{"allow":["GET"]}}],"collection":[{"href":"https:\/\/curiosidadesedicas.com\/loja\/wp-json\/wp\/v2\/product"}],"about":[{"href":"https:\/\/curiosidadesedicas.com\/loja\/wp-json\/wp\/v2\/types\/product"}],"replies":[{"embeddable":true,"href":"https:\/\/curiosidadesedicas.com\/loja\/wp-json\/wp\/v2\/comments?post=14306"}],"wp:featuredmedia":[{"embeddable":true,"href":"https:\/\/curiosidadesedicas.com\/loja\/wp-json\/wp\/v2\/media\/28527"}],"wp:attachment":[{"href":"https:\/\/curiosidadesedicas.com\/loja\/wp-json\/wp\/v2\/media?parent=14306"}],"wp:term":[{"taxonomy":"product_brand","embeddable":true,"href":"https:\/\/curiosidadesedicas.com\/loja\/wp-json\/wp\/v2\/product_brand?post=14306"},{"taxonomy":"product_cat","embeddable":true,"href":"https:\/\/curiosidadesedicas.com\/loja\/wp-json\/wp\/v2\/product_cat?post=14306"},{"taxonomy":"product_tag","embeddable":true,"href":"https:\/\/curiosidadesedicas.com\/loja\/wp-json\/wp\/v2\/product_tag?post=14306"}],"curies":[{"name":"wp","href":"https:\/\/api.w.org\/{rel}","templated":true}]}}