{"id":13356,"date":"2020-06-02T12:07:37","date_gmt":"2020-06-02T12:07:37","guid":{"rendered":"https:\/\/curiosidadesedicas.com\/loja\/?post_type=product&#038;p=13356"},"modified":"2025-03-20T11:23:40","modified_gmt":"2025-03-20T11:23:40","slug":"raquete-anti-insetos-recarregavel-c-led","status":"publish","type":"product","link":"https:\/\/curiosidadesedicas.com\/loja\/produto\/raquete-anti-insetos-recarregavel-c-led\/","title":{"rendered":"RAQUETE ANTI-INSETOS RECARREG\u00c1VEL C\/ LED"},"content":{"rendered":"<p>Uma raquete el\u00e9trica, que mata facilmente moscas, mosquitos e outros insetos, bastando um s\u00f3 movimento. Os insectos s\u00e3o mortos quando lhes acerta com a raquete, ao tocarem na rede el\u00e9trica interna ou baterem contra as redes de prote\u00e7\u00e3o externas, gra\u00e7as ao seu design de tr\u00eas camadas, que lhe proporciona uma seguran\u00e7a m\u00e1xima. Para ativar a rede el\u00e9trica, deslize o interruptor para a posi\u00e7\u00e3o ON e mantenha o bot\u00e3o posterior pressionado. Ao ser recarreg\u00e1vel e port\u00e1til, n\u00e3o precisa de pilhas e pode ser utilizada facilmente em qualquer lugar. Al\u00e9m disso, \u00e9 tamb\u00e9m muito \u00fatil como luz LED para iluminar espa\u00e7os no escuro e dar um toque original \u00e0 decora\u00e7\u00e3o da casa enquanto permanece na posi\u00e7\u00e3o vertical no seu suporte de apoio. Uma forma diferente e ecol\u00f3gica de matar insetos, sem necessidade de recorrer a produtos qu\u00edmicos.<\/p>\n","protected":false},"excerpt":{"rendered":"<ul>\n<li>Material:\n<ul>\n<li>ABS<\/li>\n<li>Alum\u00ednio<\/li>\n<\/ul>\n<\/li>\n<li>Design inovador e funcional<\/li>\n<li>Tipo:\n<ul>\n<li>El\u00e9trico<\/li>\n<li>Recarreg\u00e1vel<\/li>\n<\/ul>\n<\/li>\n<li>Dupla fun\u00e7\u00e3o:\n<ul>\n<li>Ilumina\u00e7\u00e3o<\/li>\n<li>Anti-mosquitos El\u00e9trico<\/li>\n<\/ul>\n<\/li>\n<li>LED: Luz Branca<\/li>\n<li>Prote\u00e7\u00e3o externa contra choques<\/li>\n<li>Interruptor de seguran\u00e7a duplo<\/li>\n<li>Indicador LED de alimenta\u00e7\u00e3o<\/li>\n<li>LED indicador de carga<\/li>\n<li>Sem odores nem produtos qu\u00edmicos<\/li>\n<li>Utiliza\u00e7\u00e3o c\u00f3moda e simples<\/li>\n<li>F\u00e1cil de transportar e de guardar<\/li>\n<li>Inclui:\n<ul>\n<li>Suporte de fixa\u00e7\u00e3o<\/li>\n<li>Cabo USB para Micro USB<\/li>\n<\/ul>\n<\/li>\n<li>Grade anti-insetos: 4150 V<\/li>\n<li>Bateria: 1200 mAh \/ 3,7 V<\/li>\n<li>Input: 500 mA &#8211; 5 V<\/li>\n<li>Medidas aprox.: 21 x 49,5 x 8 cm<\/li>\n<\/ul>\n","protected":false},"featured_media":13368,"comment_status":"open","ping_status":"closed","template":"","meta":{"_glsr_average":0,"_glsr_ranking":0,"_glsr_reviews":0},"product_brand":[],"product_cat":[387,388],"product_tag":[],"class_list":{"0":"post-13356","1":"product","2":"type-product","3":"status-publish","4":"has-post-thumbnail","6":"product_cat-anti-insetos","7":"product_cat-eletricos","9":"first","10":"instock","11":"taxable","12":"shipping-taxable","13":"purchasable","14":"product-type-simple"},"yoast_head":"<!-- This site is optimized with the Yoast SEO plugin v26.8 - https:\/\/yoast.com\/product\/yoast-seo-wordpress\/ -->\n<title>RAQUETE ANTI-INSETOS RECARREG\u00c1VEL C\/ LED - Curiosidades &amp; Dicas, Lda<\/title>\n<meta name=\"robots\" content=\"index, follow, max-snippet:-1, max-image-preview:large, max-video-preview:-1\" \/>\n<link rel=\"canonical\" href=\"https:\/\/curiosidadesedicas.com\/loja\/produto\/raquete-anti-insetos-recarregavel-c-led\/\" \/>\n<meta property=\"og:locale\" content=\"pt_PT\" \/>\n<meta property=\"og:type\" content=\"article\" \/>\n<meta property=\"og:title\" content=\"RAQUETE ANTI-INSETOS RECARREG\u00c1VEL C\/ LED - Curiosidades &amp; Dicas, Lda\" \/>\n<meta property=\"og:description\" content=\"Material:   ABS  Alum\u00ednio    Design inovador e funcional  Tipo:   El\u00e9trico  Recarreg\u00e1vel    Dupla fun\u00e7\u00e3o:   Ilumina\u00e7\u00e3o  Anti-mosquitos El\u00e9trico    LED: Luz Branca  Prote\u00e7\u00e3o externa contra choques  Interruptor de seguran\u00e7a duplo  Indicador LED de alimenta\u00e7\u00e3o  LED indicador de carga  Sem odores nem produtos qu\u00edmicos  Utiliza\u00e7\u00e3o c\u00f3moda e simples  F\u00e1cil de transportar e de guardar  Inclui:   Suporte de fixa\u00e7\u00e3o  Cabo USB para Micro USB    Grade anti-insetos: 4150 V  Bateria: 1200 mAh \/ 3,7 V  Input: 500 mA - 5 V  Medidas aprox.: 21 x 49,5 x 8 cm\" \/>\n<meta property=\"og:url\" content=\"https:\/\/curiosidadesedicas.com\/loja\/produto\/raquete-anti-insetos-recarregavel-c-led\/\" \/>\n<meta property=\"og:site_name\" content=\"Curiosidades &amp; Dicas, Lda\" \/>\n<meta property=\"article:modified_time\" content=\"2025-03-20T11:23:40+00:00\" \/>\n<meta property=\"og:image\" content=\"https:\/\/curiosidadesedicas.com\/loja\/wp-content\/uploads\/2020\/06\/1raquete-anti-insetos-recarregavel-com-led-rackill-innovagoods_119354.jpg\" \/>\n\t<meta property=\"og:image:width\" content=\"600\" \/>\n\t<meta property=\"og:image:height\" content=\"600\" \/>\n\t<meta property=\"og:image:type\" content=\"image\/jpeg\" \/>\n<meta name=\"twitter:card\" content=\"summary_large_image\" \/>\n<meta name=\"twitter:label1\" content=\"Tempo estimado de leitura\" \/>\n\t<meta name=\"twitter:data1\" content=\"1 minuto\" \/>\n<script type=\"application\/ld+json\" class=\"yoast-schema-graph\">{\"@context\":\"https:\/\/schema.org\",\"@graph\":[{\"@type\":\"WebPage\",\"@id\":\"https:\/\/curiosidadesedicas.com\/loja\/produto\/raquete-anti-insetos-recarregavel-c-led\/\",\"url\":\"https:\/\/curiosidadesedicas.com\/loja\/produto\/raquete-anti-insetos-recarregavel-c-led\/\",\"name\":\"RAQUETE ANTI-INSETOS RECARREG\u00c1VEL C\/ LED - Curiosidades &amp; Dicas, Lda\",\"isPartOf\":{\"@id\":\"https:\/\/curiosidadesedicas.com\/loja\/#website\"},\"primaryImageOfPage\":{\"@id\":\"https:\/\/curiosidadesedicas.com\/loja\/produto\/raquete-anti-insetos-recarregavel-c-led\/#primaryimage\"},\"image\":{\"@id\":\"https:\/\/curiosidadesedicas.com\/loja\/produto\/raquete-anti-insetos-recarregavel-c-led\/#primaryimage\"},\"thumbnailUrl\":\"https:\/\/curiosidadesedicas.com\/loja\/wp-content\/uploads\/2020\/06\/1raquete-anti-insetos-recarregavel-com-led-rackill-innovagoods_119354.jpg\",\"datePublished\":\"2020-06-02T12:07:37+00:00\",\"dateModified\":\"2025-03-20T11:23:40+00:00\",\"breadcrumb\":{\"@id\":\"https:\/\/curiosidadesedicas.com\/loja\/produto\/raquete-anti-insetos-recarregavel-c-led\/#breadcrumb\"},\"inLanguage\":\"pt-PT\",\"potentialAction\":[{\"@type\":\"ReadAction\",\"target\":[\"https:\/\/curiosidadesedicas.com\/loja\/produto\/raquete-anti-insetos-recarregavel-c-led\/\"]}]},{\"@type\":\"ImageObject\",\"inLanguage\":\"pt-PT\",\"@id\":\"https:\/\/curiosidadesedicas.com\/loja\/produto\/raquete-anti-insetos-recarregavel-c-led\/#primaryimage\",\"url\":\"https:\/\/curiosidadesedicas.com\/loja\/wp-content\/uploads\/2020\/06\/1raquete-anti-insetos-recarregavel-com-led-rackill-innovagoods_119354.jpg\",\"contentUrl\":\"https:\/\/curiosidadesedicas.com\/loja\/wp-content\/uploads\/2020\/06\/1raquete-anti-insetos-recarregavel-com-led-rackill-innovagoods_119354.jpg\",\"width\":600,\"height\":600},{\"@type\":\"BreadcrumbList\",\"@id\":\"https:\/\/curiosidadesedicas.com\/loja\/produto\/raquete-anti-insetos-recarregavel-c-led\/#breadcrumb\",\"itemListElement\":[{\"@type\":\"ListItem\",\"position\":1,\"name\":\"In\u00edcio\",\"item\":\"https:\/\/curiosidadesedicas.com\/loja\/\"},{\"@type\":\"ListItem\",\"position\":2,\"name\":\"Produtos\",\"item\":\"https:\/\/curiosidadesedicas.com\/loja\/produtos\/\"},{\"@type\":\"ListItem\",\"position\":3,\"name\":\"RAQUETE ANTI-INSETOS RECARREG\u00c1VEL C\/ LED\"}]},{\"@type\":\"WebSite\",\"@id\":\"https:\/\/curiosidadesedicas.com\/loja\/#website\",\"url\":\"https:\/\/curiosidadesedicas.com\/loja\/\",\"name\":\"Curiosidades &amp; Dicas, Lda\",\"description\":\"Apaixonados Por Inova\u00e7\u00e3o\",\"publisher\":{\"@id\":\"https:\/\/curiosidadesedicas.com\/loja\/#organization\"},\"potentialAction\":[{\"@type\":\"SearchAction\",\"target\":{\"@type\":\"EntryPoint\",\"urlTemplate\":\"https:\/\/curiosidadesedicas.com\/loja\/?s={search_term_string}\"},\"query-input\":{\"@type\":\"PropertyValueSpecification\",\"valueRequired\":true,\"valueName\":\"search_term_string\"}}],\"inLanguage\":\"pt-PT\"},{\"@type\":\"Organization\",\"@id\":\"https:\/\/curiosidadesedicas.com\/loja\/#organization\",\"name\":\"Curiosidades & Dicas\",\"url\":\"https:\/\/curiosidadesedicas.com\/loja\/\",\"logo\":{\"@type\":\"ImageObject\",\"inLanguage\":\"pt-PT\",\"@id\":\"https:\/\/curiosidadesedicas.com\/loja\/#\/schema\/logo\/image\/\",\"url\":\"https:\/\/curiosidadesedicas.com\/loja\/wp-content\/uploads\/2020\/05\/LogoCuriosidadesSimples.png\",\"contentUrl\":\"https:\/\/curiosidadesedicas.com\/loja\/wp-content\/uploads\/2020\/05\/LogoCuriosidadesSimples.png\",\"width\":3528,\"height\":804,\"caption\":\"Curiosidades & Dicas\"},\"image\":{\"@id\":\"https:\/\/curiosidadesedicas.com\/loja\/#\/schema\/logo\/image\/\"}}]}<\/script>\n<!-- \/ Yoast SEO plugin. -->","yoast_head_json":{"title":"RAQUETE ANTI-INSETOS RECARREG\u00c1VEL C\/ LED - Curiosidades &amp; Dicas, Lda","robots":{"index":"index","follow":"follow","max-snippet":"max-snippet:-1","max-image-preview":"max-image-preview:large","max-video-preview":"max-video-preview:-1"},"canonical":"https:\/\/curiosidadesedicas.com\/loja\/produto\/raquete-anti-insetos-recarregavel-c-led\/","og_locale":"pt_PT","og_type":"article","og_title":"RAQUETE ANTI-INSETOS RECARREG\u00c1VEL C\/ LED - Curiosidades &amp; Dicas, Lda","og_description":"Material:   ABS  Alum\u00ednio    Design inovador e funcional  Tipo:   El\u00e9trico  Recarreg\u00e1vel    Dupla fun\u00e7\u00e3o:   Ilumina\u00e7\u00e3o  Anti-mosquitos El\u00e9trico    LED: Luz Branca  Prote\u00e7\u00e3o externa contra choques  Interruptor de seguran\u00e7a duplo  Indicador LED de alimenta\u00e7\u00e3o  LED indicador de carga  Sem odores nem produtos qu\u00edmicos  Utiliza\u00e7\u00e3o c\u00f3moda e simples  F\u00e1cil de transportar e de guardar  Inclui:   Suporte de fixa\u00e7\u00e3o  Cabo USB para Micro USB    Grade anti-insetos: 4150 V  Bateria: 1200 mAh \/ 3,7 V  Input: 500 mA - 5 V  Medidas aprox.: 21 x 49,5 x 8 cm","og_url":"https:\/\/curiosidadesedicas.com\/loja\/produto\/raquete-anti-insetos-recarregavel-c-led\/","og_site_name":"Curiosidades &amp; Dicas, Lda","article_modified_time":"2025-03-20T11:23:40+00:00","og_image":[{"width":600,"height":600,"url":"https:\/\/curiosidadesedicas.com\/loja\/wp-content\/uploads\/2020\/06\/1raquete-anti-insetos-recarregavel-com-led-rackill-innovagoods_119354.jpg","type":"image\/jpeg"}],"twitter_card":"summary_large_image","twitter_misc":{"Tempo estimado de leitura":"1 minuto"},"schema":{"@context":"https:\/\/schema.org","@graph":[{"@type":"WebPage","@id":"https:\/\/curiosidadesedicas.com\/loja\/produto\/raquete-anti-insetos-recarregavel-c-led\/","url":"https:\/\/curiosidadesedicas.com\/loja\/produto\/raquete-anti-insetos-recarregavel-c-led\/","name":"RAQUETE ANTI-INSETOS RECARREG\u00c1VEL C\/ LED - Curiosidades &amp; Dicas, Lda","isPartOf":{"@id":"https:\/\/curiosidadesedicas.com\/loja\/#website"},"primaryImageOfPage":{"@id":"https:\/\/curiosidadesedicas.com\/loja\/produto\/raquete-anti-insetos-recarregavel-c-led\/#primaryimage"},"image":{"@id":"https:\/\/curiosidadesedicas.com\/loja\/produto\/raquete-anti-insetos-recarregavel-c-led\/#primaryimage"},"thumbnailUrl":"https:\/\/curiosidadesedicas.com\/loja\/wp-content\/uploads\/2020\/06\/1raquete-anti-insetos-recarregavel-com-led-rackill-innovagoods_119354.jpg","datePublished":"2020-06-02T12:07:37+00:00","dateModified":"2025-03-20T11:23:40+00:00","breadcrumb":{"@id":"https:\/\/curiosidadesedicas.com\/loja\/produto\/raquete-anti-insetos-recarregavel-c-led\/#breadcrumb"},"inLanguage":"pt-PT","potentialAction":[{"@type":"ReadAction","target":["https:\/\/curiosidadesedicas.com\/loja\/produto\/raquete-anti-insetos-recarregavel-c-led\/"]}]},{"@type":"ImageObject","inLanguage":"pt-PT","@id":"https:\/\/curiosidadesedicas.com\/loja\/produto\/raquete-anti-insetos-recarregavel-c-led\/#primaryimage","url":"https:\/\/curiosidadesedicas.com\/loja\/wp-content\/uploads\/2020\/06\/1raquete-anti-insetos-recarregavel-com-led-rackill-innovagoods_119354.jpg","contentUrl":"https:\/\/curiosidadesedicas.com\/loja\/wp-content\/uploads\/2020\/06\/1raquete-anti-insetos-recarregavel-com-led-rackill-innovagoods_119354.jpg","width":600,"height":600},{"@type":"BreadcrumbList","@id":"https:\/\/curiosidadesedicas.com\/loja\/produto\/raquete-anti-insetos-recarregavel-c-led\/#breadcrumb","itemListElement":[{"@type":"ListItem","position":1,"name":"In\u00edcio","item":"https:\/\/curiosidadesedicas.com\/loja\/"},{"@type":"ListItem","position":2,"name":"Produtos","item":"https:\/\/curiosidadesedicas.com\/loja\/produtos\/"},{"@type":"ListItem","position":3,"name":"RAQUETE ANTI-INSETOS RECARREG\u00c1VEL C\/ LED"}]},{"@type":"WebSite","@id":"https:\/\/curiosidadesedicas.com\/loja\/#website","url":"https:\/\/curiosidadesedicas.com\/loja\/","name":"Curiosidades &amp; Dicas, Lda","description":"Apaixonados Por Inova\u00e7\u00e3o","publisher":{"@id":"https:\/\/curiosidadesedicas.com\/loja\/#organization"},"potentialAction":[{"@type":"SearchAction","target":{"@type":"EntryPoint","urlTemplate":"https:\/\/curiosidadesedicas.com\/loja\/?s={search_term_string}"},"query-input":{"@type":"PropertyValueSpecification","valueRequired":true,"valueName":"search_term_string"}}],"inLanguage":"pt-PT"},{"@type":"Organization","@id":"https:\/\/curiosidadesedicas.com\/loja\/#organization","name":"Curiosidades & Dicas","url":"https:\/\/curiosidadesedicas.com\/loja\/","logo":{"@type":"ImageObject","inLanguage":"pt-PT","@id":"https:\/\/curiosidadesedicas.com\/loja\/#\/schema\/logo\/image\/","url":"https:\/\/curiosidadesedicas.com\/loja\/wp-content\/uploads\/2020\/05\/LogoCuriosidadesSimples.png","contentUrl":"https:\/\/curiosidadesedicas.com\/loja\/wp-content\/uploads\/2020\/05\/LogoCuriosidadesSimples.png","width":3528,"height":804,"caption":"Curiosidades & Dicas"},"image":{"@id":"https:\/\/curiosidadesedicas.com\/loja\/#\/schema\/logo\/image\/"}}]}},"_links":{"self":[{"href":"https:\/\/curiosidadesedicas.com\/loja\/wp-json\/wp\/v2\/product\/13356","targetHints":{"allow":["GET"]}}],"collection":[{"href":"https:\/\/curiosidadesedicas.com\/loja\/wp-json\/wp\/v2\/product"}],"about":[{"href":"https:\/\/curiosidadesedicas.com\/loja\/wp-json\/wp\/v2\/types\/product"}],"replies":[{"embeddable":true,"href":"https:\/\/curiosidadesedicas.com\/loja\/wp-json\/wp\/v2\/comments?post=13356"}],"wp:featuredmedia":[{"embeddable":true,"href":"https:\/\/curiosidadesedicas.com\/loja\/wp-json\/wp\/v2\/media\/13368"}],"wp:attachment":[{"href":"https:\/\/curiosidadesedicas.com\/loja\/wp-json\/wp\/v2\/media?parent=13356"}],"wp:term":[{"taxonomy":"product_brand","embeddable":true,"href":"https:\/\/curiosidadesedicas.com\/loja\/wp-json\/wp\/v2\/product_brand?post=13356"},{"taxonomy":"product_cat","embeddable":true,"href":"https:\/\/curiosidadesedicas.com\/loja\/wp-json\/wp\/v2\/product_cat?post=13356"},{"taxonomy":"product_tag","embeddable":true,"href":"https:\/\/curiosidadesedicas.com\/loja\/wp-json\/wp\/v2\/product_tag?post=13356"}],"curies":[{"name":"wp","href":"https:\/\/api.w.org\/{rel}","templated":true}]}}