{"id":13252,"date":"2020-06-02T09:31:16","date_gmt":"2020-06-02T09:31:16","guid":{"rendered":"https:\/\/curiosidadesedicas.com\/loja\/?post_type=product&#038;p=13252"},"modified":"2025-03-20T11:27:22","modified_gmt":"2025-03-20T11:27:22","slug":"lampada-led-tatil-de-silicone-c-altifalante","status":"publish","type":"product","link":"https:\/\/curiosidadesedicas.com\/loja\/produto\/lampada-led-tatil-de-silicone-c-altifalante\/","title":{"rendered":"L\u00c2MPADA LED T\u00c1TIL DE SILICONE C\/ COLUNA"},"content":{"rendered":"<p class=\"productDescription-title\">L\u00e2mpada LED T\u00e1til de Silicone com coluna.<\/p>\n","protected":false},"excerpt":{"rendered":"<p>&nbsp;<\/p>\n<ul>\n<li>Material:\n<ul>\n<li>ABS<\/li>\n<li>Silicone<\/li>\n<\/ul>\n<\/li>\n<li>Dupla fun\u00e7\u00e3o:\n<ul>\n<li>Ilumina\u00e7\u00e3o<\/li>\n<li>Coluna Bluetooth<\/li>\n<\/ul>\n<\/li>\n<li>Controlo t\u00e1til: Sensor<\/li>\n<li>Recarreg\u00e1vel<\/li>\n<li>LED: 7 cores<\/li>\n<li>Luz branca com 3 intensidades<\/li>\n<li>Bateria: 3,7 V \/ 1000 mAh<\/li>\n<li>Tempo de carga aprox.: 2,5-4 h<\/li>\n<li>Bluetooth 4.0<\/li>\n<li>3 W &#8211; 5 V<\/li>\n<li>Baixo consumo<\/li>\n<li>Conex\u00e3o: AUX 3,5 mm<\/li>\n<li>Inclui:\n<ul>\n<li>Cabo USB<\/li>\n<li>Cabo jack 3,5 mm<\/li>\n<\/ul>\n<\/li>\n<li>Compat\u00edvel: Android, iOS<\/li>\n<li>Medidas aprox.: 14 x 22 x 14 cm<\/li>\n<\/ul>\n<p>&nbsp;<\/p>\n","protected":false},"featured_media":13261,"comment_status":"open","ping_status":"closed","template":"","meta":{"_glsr_average":0,"_glsr_ranking":0,"_glsr_reviews":0},"product_brand":[],"product_cat":[345,346,453,376,377],"product_tag":[],"class_list":{"0":"post-13252","1":"product","2":"type-product","3":"status-publish","4":"has-post-thumbnail","6":"product_cat-gadgets-led","7":"product_cat-candeeiros-led","8":"product_cat-presentes-criativos","9":"product_cat-som-e-imagem","10":"product_cat-colunas","12":"first","13":"instock","14":"taxable","15":"shipping-taxable","16":"purchasable","17":"product-type-simple"},"yoast_head":"<!-- This site is optimized with the Yoast SEO plugin v26.8 - https:\/\/yoast.com\/product\/yoast-seo-wordpress\/ -->\n<title>L\u00c2MPADA LED T\u00c1TIL DE SILICONE C\/ COLUNA - Curiosidades &amp; Dicas, Lda<\/title>\n<meta name=\"robots\" content=\"index, follow, max-snippet:-1, max-image-preview:large, max-video-preview:-1\" \/>\n<link rel=\"canonical\" href=\"https:\/\/curiosidadesedicas.com\/loja\/produto\/lampada-led-tatil-de-silicone-c-altifalante\/\" \/>\n<meta property=\"og:locale\" content=\"pt_PT\" \/>\n<meta property=\"og:type\" content=\"article\" \/>\n<meta property=\"og:title\" content=\"L\u00c2MPADA LED T\u00c1TIL DE SILICONE C\/ COLUNA - Curiosidades &amp; Dicas, Lda\" \/>\n<meta property=\"og:description\" content=\"&nbsp;   Material:   ABS  Silicone    Dupla fun\u00e7\u00e3o:   Ilumina\u00e7\u00e3o  Coluna Bluetooth    Controlo t\u00e1til: Sensor  Recarreg\u00e1vel  LED: 7 cores  Luz branca com 3 intensidades  Bateria: 3,7 V \/ 1000 mAh  Tempo de carga aprox.: 2,5-4 h  Bluetooth 4.0  3 W - 5 V  Baixo consumo  Conex\u00e3o: AUX 3,5 mm  Inclui:   Cabo USB  Cabo jack 3,5 mm    Compat\u00edvel: Android, iOS  Medidas aprox.: 14 x 22 x 14 cm  &nbsp;\" \/>\n<meta property=\"og:url\" content=\"https:\/\/curiosidadesedicas.com\/loja\/produto\/lampada-led-tatil-de-silicone-c-altifalante\/\" \/>\n<meta property=\"og:site_name\" content=\"Curiosidades &amp; Dicas, Lda\" \/>\n<meta property=\"article:modified_time\" content=\"2025-03-20T11:27:22+00:00\" \/>\n<meta property=\"og:image\" content=\"https:\/\/curiosidadesedicas.com\/loja\/wp-content\/uploads\/2020\/06\/6lampada-led-tatil-de-silicone-com-altifalante-silitone-innovagoods_95369.jpg\" \/>\n\t<meta property=\"og:image:width\" content=\"600\" \/>\n\t<meta property=\"og:image:height\" content=\"600\" \/>\n\t<meta property=\"og:image:type\" content=\"image\/jpeg\" \/>\n<meta name=\"twitter:card\" content=\"summary_large_image\" \/>\n<meta name=\"twitter:label1\" content=\"Tempo estimado de leitura\" \/>\n\t<meta name=\"twitter:data1\" content=\"1 minuto\" \/>\n<script type=\"application\/ld+json\" class=\"yoast-schema-graph\">{\"@context\":\"https:\/\/schema.org\",\"@graph\":[{\"@type\":\"WebPage\",\"@id\":\"https:\/\/curiosidadesedicas.com\/loja\/produto\/lampada-led-tatil-de-silicone-c-altifalante\/\",\"url\":\"https:\/\/curiosidadesedicas.com\/loja\/produto\/lampada-led-tatil-de-silicone-c-altifalante\/\",\"name\":\"L\u00c2MPADA LED T\u00c1TIL DE SILICONE C\/ COLUNA - Curiosidades &amp; Dicas, Lda\",\"isPartOf\":{\"@id\":\"https:\/\/curiosidadesedicas.com\/loja\/#website\"},\"primaryImageOfPage\":{\"@id\":\"https:\/\/curiosidadesedicas.com\/loja\/produto\/lampada-led-tatil-de-silicone-c-altifalante\/#primaryimage\"},\"image\":{\"@id\":\"https:\/\/curiosidadesedicas.com\/loja\/produto\/lampada-led-tatil-de-silicone-c-altifalante\/#primaryimage\"},\"thumbnailUrl\":\"https:\/\/curiosidadesedicas.com\/loja\/wp-content\/uploads\/2020\/06\/6lampada-led-tatil-de-silicone-com-altifalante-silitone-innovagoods_95369.jpg\",\"datePublished\":\"2020-06-02T09:31:16+00:00\",\"dateModified\":\"2025-03-20T11:27:22+00:00\",\"breadcrumb\":{\"@id\":\"https:\/\/curiosidadesedicas.com\/loja\/produto\/lampada-led-tatil-de-silicone-c-altifalante\/#breadcrumb\"},\"inLanguage\":\"pt-PT\",\"potentialAction\":[{\"@type\":\"ReadAction\",\"target\":[\"https:\/\/curiosidadesedicas.com\/loja\/produto\/lampada-led-tatil-de-silicone-c-altifalante\/\"]}]},{\"@type\":\"ImageObject\",\"inLanguage\":\"pt-PT\",\"@id\":\"https:\/\/curiosidadesedicas.com\/loja\/produto\/lampada-led-tatil-de-silicone-c-altifalante\/#primaryimage\",\"url\":\"https:\/\/curiosidadesedicas.com\/loja\/wp-content\/uploads\/2020\/06\/6lampada-led-tatil-de-silicone-com-altifalante-silitone-innovagoods_95369.jpg\",\"contentUrl\":\"https:\/\/curiosidadesedicas.com\/loja\/wp-content\/uploads\/2020\/06\/6lampada-led-tatil-de-silicone-com-altifalante-silitone-innovagoods_95369.jpg\",\"width\":600,\"height\":600},{\"@type\":\"BreadcrumbList\",\"@id\":\"https:\/\/curiosidadesedicas.com\/loja\/produto\/lampada-led-tatil-de-silicone-c-altifalante\/#breadcrumb\",\"itemListElement\":[{\"@type\":\"ListItem\",\"position\":1,\"name\":\"In\u00edcio\",\"item\":\"https:\/\/curiosidadesedicas.com\/loja\/\"},{\"@type\":\"ListItem\",\"position\":2,\"name\":\"Produtos\",\"item\":\"https:\/\/curiosidadesedicas.com\/loja\/produtos\/\"},{\"@type\":\"ListItem\",\"position\":3,\"name\":\"L\u00c2MPADA LED T\u00c1TIL DE SILICONE C\/ COLUNA\"}]},{\"@type\":\"WebSite\",\"@id\":\"https:\/\/curiosidadesedicas.com\/loja\/#website\",\"url\":\"https:\/\/curiosidadesedicas.com\/loja\/\",\"name\":\"Curiosidades &amp; Dicas, Lda\",\"description\":\"Apaixonados Por Inova\u00e7\u00e3o\",\"publisher\":{\"@id\":\"https:\/\/curiosidadesedicas.com\/loja\/#organization\"},\"potentialAction\":[{\"@type\":\"SearchAction\",\"target\":{\"@type\":\"EntryPoint\",\"urlTemplate\":\"https:\/\/curiosidadesedicas.com\/loja\/?s={search_term_string}\"},\"query-input\":{\"@type\":\"PropertyValueSpecification\",\"valueRequired\":true,\"valueName\":\"search_term_string\"}}],\"inLanguage\":\"pt-PT\"},{\"@type\":\"Organization\",\"@id\":\"https:\/\/curiosidadesedicas.com\/loja\/#organization\",\"name\":\"Curiosidades & Dicas\",\"url\":\"https:\/\/curiosidadesedicas.com\/loja\/\",\"logo\":{\"@type\":\"ImageObject\",\"inLanguage\":\"pt-PT\",\"@id\":\"https:\/\/curiosidadesedicas.com\/loja\/#\/schema\/logo\/image\/\",\"url\":\"https:\/\/curiosidadesedicas.com\/loja\/wp-content\/uploads\/2020\/05\/LogoCuriosidadesSimples.png\",\"contentUrl\":\"https:\/\/curiosidadesedicas.com\/loja\/wp-content\/uploads\/2020\/05\/LogoCuriosidadesSimples.png\",\"width\":3528,\"height\":804,\"caption\":\"Curiosidades & Dicas\"},\"image\":{\"@id\":\"https:\/\/curiosidadesedicas.com\/loja\/#\/schema\/logo\/image\/\"}}]}<\/script>\n<!-- \/ Yoast SEO plugin. -->","yoast_head_json":{"title":"L\u00c2MPADA LED T\u00c1TIL DE SILICONE C\/ COLUNA - Curiosidades &amp; Dicas, Lda","robots":{"index":"index","follow":"follow","max-snippet":"max-snippet:-1","max-image-preview":"max-image-preview:large","max-video-preview":"max-video-preview:-1"},"canonical":"https:\/\/curiosidadesedicas.com\/loja\/produto\/lampada-led-tatil-de-silicone-c-altifalante\/","og_locale":"pt_PT","og_type":"article","og_title":"L\u00c2MPADA LED T\u00c1TIL DE SILICONE C\/ COLUNA - Curiosidades &amp; Dicas, Lda","og_description":"&nbsp;   Material:   ABS  Silicone    Dupla fun\u00e7\u00e3o:   Ilumina\u00e7\u00e3o  Coluna Bluetooth    Controlo t\u00e1til: Sensor  Recarreg\u00e1vel  LED: 7 cores  Luz branca com 3 intensidades  Bateria: 3,7 V \/ 1000 mAh  Tempo de carga aprox.: 2,5-4 h  Bluetooth 4.0  3 W - 5 V  Baixo consumo  Conex\u00e3o: AUX 3,5 mm  Inclui:   Cabo USB  Cabo jack 3,5 mm    Compat\u00edvel: Android, iOS  Medidas aprox.: 14 x 22 x 14 cm  &nbsp;","og_url":"https:\/\/curiosidadesedicas.com\/loja\/produto\/lampada-led-tatil-de-silicone-c-altifalante\/","og_site_name":"Curiosidades &amp; Dicas, Lda","article_modified_time":"2025-03-20T11:27:22+00:00","og_image":[{"width":600,"height":600,"url":"https:\/\/curiosidadesedicas.com\/loja\/wp-content\/uploads\/2020\/06\/6lampada-led-tatil-de-silicone-com-altifalante-silitone-innovagoods_95369.jpg","type":"image\/jpeg"}],"twitter_card":"summary_large_image","twitter_misc":{"Tempo estimado de leitura":"1 minuto"},"schema":{"@context":"https:\/\/schema.org","@graph":[{"@type":"WebPage","@id":"https:\/\/curiosidadesedicas.com\/loja\/produto\/lampada-led-tatil-de-silicone-c-altifalante\/","url":"https:\/\/curiosidadesedicas.com\/loja\/produto\/lampada-led-tatil-de-silicone-c-altifalante\/","name":"L\u00c2MPADA LED T\u00c1TIL DE SILICONE C\/ COLUNA - Curiosidades &amp; Dicas, Lda","isPartOf":{"@id":"https:\/\/curiosidadesedicas.com\/loja\/#website"},"primaryImageOfPage":{"@id":"https:\/\/curiosidadesedicas.com\/loja\/produto\/lampada-led-tatil-de-silicone-c-altifalante\/#primaryimage"},"image":{"@id":"https:\/\/curiosidadesedicas.com\/loja\/produto\/lampada-led-tatil-de-silicone-c-altifalante\/#primaryimage"},"thumbnailUrl":"https:\/\/curiosidadesedicas.com\/loja\/wp-content\/uploads\/2020\/06\/6lampada-led-tatil-de-silicone-com-altifalante-silitone-innovagoods_95369.jpg","datePublished":"2020-06-02T09:31:16+00:00","dateModified":"2025-03-20T11:27:22+00:00","breadcrumb":{"@id":"https:\/\/curiosidadesedicas.com\/loja\/produto\/lampada-led-tatil-de-silicone-c-altifalante\/#breadcrumb"},"inLanguage":"pt-PT","potentialAction":[{"@type":"ReadAction","target":["https:\/\/curiosidadesedicas.com\/loja\/produto\/lampada-led-tatil-de-silicone-c-altifalante\/"]}]},{"@type":"ImageObject","inLanguage":"pt-PT","@id":"https:\/\/curiosidadesedicas.com\/loja\/produto\/lampada-led-tatil-de-silicone-c-altifalante\/#primaryimage","url":"https:\/\/curiosidadesedicas.com\/loja\/wp-content\/uploads\/2020\/06\/6lampada-led-tatil-de-silicone-com-altifalante-silitone-innovagoods_95369.jpg","contentUrl":"https:\/\/curiosidadesedicas.com\/loja\/wp-content\/uploads\/2020\/06\/6lampada-led-tatil-de-silicone-com-altifalante-silitone-innovagoods_95369.jpg","width":600,"height":600},{"@type":"BreadcrumbList","@id":"https:\/\/curiosidadesedicas.com\/loja\/produto\/lampada-led-tatil-de-silicone-c-altifalante\/#breadcrumb","itemListElement":[{"@type":"ListItem","position":1,"name":"In\u00edcio","item":"https:\/\/curiosidadesedicas.com\/loja\/"},{"@type":"ListItem","position":2,"name":"Produtos","item":"https:\/\/curiosidadesedicas.com\/loja\/produtos\/"},{"@type":"ListItem","position":3,"name":"L\u00c2MPADA LED T\u00c1TIL DE SILICONE C\/ COLUNA"}]},{"@type":"WebSite","@id":"https:\/\/curiosidadesedicas.com\/loja\/#website","url":"https:\/\/curiosidadesedicas.com\/loja\/","name":"Curiosidades &amp; Dicas, Lda","description":"Apaixonados Por Inova\u00e7\u00e3o","publisher":{"@id":"https:\/\/curiosidadesedicas.com\/loja\/#organization"},"potentialAction":[{"@type":"SearchAction","target":{"@type":"EntryPoint","urlTemplate":"https:\/\/curiosidadesedicas.com\/loja\/?s={search_term_string}"},"query-input":{"@type":"PropertyValueSpecification","valueRequired":true,"valueName":"search_term_string"}}],"inLanguage":"pt-PT"},{"@type":"Organization","@id":"https:\/\/curiosidadesedicas.com\/loja\/#organization","name":"Curiosidades & Dicas","url":"https:\/\/curiosidadesedicas.com\/loja\/","logo":{"@type":"ImageObject","inLanguage":"pt-PT","@id":"https:\/\/curiosidadesedicas.com\/loja\/#\/schema\/logo\/image\/","url":"https:\/\/curiosidadesedicas.com\/loja\/wp-content\/uploads\/2020\/05\/LogoCuriosidadesSimples.png","contentUrl":"https:\/\/curiosidadesedicas.com\/loja\/wp-content\/uploads\/2020\/05\/LogoCuriosidadesSimples.png","width":3528,"height":804,"caption":"Curiosidades & Dicas"},"image":{"@id":"https:\/\/curiosidadesedicas.com\/loja\/#\/schema\/logo\/image\/"}}]}},"_links":{"self":[{"href":"https:\/\/curiosidadesedicas.com\/loja\/wp-json\/wp\/v2\/product\/13252","targetHints":{"allow":["GET"]}}],"collection":[{"href":"https:\/\/curiosidadesedicas.com\/loja\/wp-json\/wp\/v2\/product"}],"about":[{"href":"https:\/\/curiosidadesedicas.com\/loja\/wp-json\/wp\/v2\/types\/product"}],"replies":[{"embeddable":true,"href":"https:\/\/curiosidadesedicas.com\/loja\/wp-json\/wp\/v2\/comments?post=13252"}],"wp:featuredmedia":[{"embeddable":true,"href":"https:\/\/curiosidadesedicas.com\/loja\/wp-json\/wp\/v2\/media\/13261"}],"wp:attachment":[{"href":"https:\/\/curiosidadesedicas.com\/loja\/wp-json\/wp\/v2\/media?parent=13252"}],"wp:term":[{"taxonomy":"product_brand","embeddable":true,"href":"https:\/\/curiosidadesedicas.com\/loja\/wp-json\/wp\/v2\/product_brand?post=13252"},{"taxonomy":"product_cat","embeddable":true,"href":"https:\/\/curiosidadesedicas.com\/loja\/wp-json\/wp\/v2\/product_cat?post=13252"},{"taxonomy":"product_tag","embeddable":true,"href":"https:\/\/curiosidadesedicas.com\/loja\/wp-json\/wp\/v2\/product_tag?post=13252"}],"curies":[{"name":"wp","href":"https:\/\/api.w.org\/{rel}","templated":true}]}}