{"id":12850,"date":"2020-05-27T13:17:41","date_gmt":"2020-05-27T13:17:41","guid":{"rendered":"https:\/\/curiosidadesedicas.com\/loja\/?post_type=product&#038;p=12850"},"modified":"2025-03-20T11:29:54","modified_gmt":"2025-03-20T11:29:54","slug":"depiladora-masculina-de-precisao-eletrica-c-led","status":"publish","type":"product","link":"https:\/\/curiosidadesedicas.com\/loja\/produto\/depiladora-masculina-de-precisao-eletrica-c-led\/","title":{"rendered":"DEPILADORA MASCULINA DE PRECIS\u00c3O EL\u00c9TRICA C\/ LED"},"content":{"rendered":"<p>Esta depiladora masculina pr\u00e1tica e eficaz foi especialmente concebida para se adaptar a zonas corporais espec\u00edficas, incluindo as mais sens\u00edveis, obtendo um resultado profissional com grande comodidade e facilidade.<\/p>\n","protected":false},"excerpt":{"rendered":"<ul>\n<li>Fabricada em ABS, TPR, PC e a\u00e7o inoxid\u00e1vel<\/li>\n<li>Bot\u00e3o on\/off\/luz<\/li>\n<li>Cabo antiderrapante<\/li>\n<li>Design leve, manej\u00e1vel e compacto<\/li>\n<li>Luz LED integrada para uma maior visibilidade<\/li>\n<li>4 comprimentos de\u00a0corte<\/li>\n<li>Indicada para definir a forma e cortar o pelo<\/li>\n<li>Zonas de uso: nariz, orelhas, sobrancelhas, patilhas, bigode, barba, nuca, ombros, bra\u00e7os, peito&#8230;<\/li>\n<li>Inclui escova de limpeza e 2 cabe\u00e7as intercambe\u00e1veis<\/li>\n<li>Di\u00e2metro x altura\u00a0aprox.: 2,5 x 14,5 cm<\/li>\n<li>Funciona com pilhas (1 x AAA, inclu\u00edda)<\/li>\n<\/ul>\n","protected":false},"featured_media":12857,"comment_status":"open","ping_status":"closed","template":"","meta":{"_glsr_average":0,"_glsr_ranking":0,"_glsr_reviews":0},"product_brand":[],"product_cat":[357,360,358],"product_tag":[],"class_list":{"0":"post-12850","1":"product","2":"type-product","3":"status-publish","4":"has-post-thumbnail","6":"product_cat-bem-estar","7":"product_cat-beleza","8":"product_cat-saude-e-higiene","10":"first","11":"instock","12":"taxable","13":"shipping-taxable","14":"purchasable","15":"product-type-simple"},"yoast_head":"<!-- This site is optimized with the Yoast SEO plugin v26.8 - https:\/\/yoast.com\/product\/yoast-seo-wordpress\/ -->\n<title>DEPILADORA MASCULINA DE PRECIS\u00c3O EL\u00c9TRICA C\/ LED - Curiosidades &amp; Dicas, Lda<\/title>\n<meta name=\"robots\" content=\"index, follow, max-snippet:-1, max-image-preview:large, max-video-preview:-1\" \/>\n<link rel=\"canonical\" href=\"https:\/\/curiosidadesedicas.com\/loja\/produto\/depiladora-masculina-de-precisao-eletrica-c-led\/\" \/>\n<meta property=\"og:locale\" content=\"pt_PT\" \/>\n<meta property=\"og:type\" content=\"article\" \/>\n<meta property=\"og:title\" content=\"DEPILADORA MASCULINA DE PRECIS\u00c3O EL\u00c9TRICA C\/ LED - Curiosidades &amp; Dicas, Lda\" \/>\n<meta property=\"og:description\" content=\"Fabricada em ABS, TPR, PC e a\u00e7o inoxid\u00e1vel  Bot\u00e3o on\/off\/luz  Cabo antiderrapante  Design leve, manej\u00e1vel e compacto  Luz LED integrada para uma maior visibilidade  4 comprimentos de\u00a0corte  Indicada para definir a forma e cortar o pelo  Zonas de uso: nariz, orelhas, sobrancelhas, patilhas, bigode, barba, nuca, ombros, bra\u00e7os, peito...  Inclui escova de limpeza e 2 cabe\u00e7as intercambe\u00e1veis  Di\u00e2metro x altura\u00a0aprox.: 2,5 x 14,5 cm  Funciona com pilhas (1 x AAA, inclu\u00edda)\" \/>\n<meta property=\"og:url\" content=\"https:\/\/curiosidadesedicas.com\/loja\/produto\/depiladora-masculina-de-precisao-eletrica-c-led\/\" \/>\n<meta property=\"og:site_name\" content=\"Curiosidades &amp; Dicas, Lda\" \/>\n<meta property=\"article:modified_time\" content=\"2025-03-20T11:29:54+00:00\" \/>\n<meta property=\"og:image\" content=\"https:\/\/curiosidadesedicas.com\/loja\/wp-content\/uploads\/2020\/05\/depiladora-de-precis-o-eletrica-com-led-innovagoods.jpg\" \/>\n\t<meta property=\"og:image:width\" content=\"600\" \/>\n\t<meta property=\"og:image:height\" content=\"600\" \/>\n\t<meta property=\"og:image:type\" content=\"image\/jpeg\" \/>\n<meta name=\"twitter:card\" content=\"summary_large_image\" \/>\n<meta name=\"twitter:label1\" content=\"Tempo estimado de leitura\" \/>\n\t<meta name=\"twitter:data1\" content=\"1 minuto\" \/>\n<script type=\"application\/ld+json\" class=\"yoast-schema-graph\">{\"@context\":\"https:\/\/schema.org\",\"@graph\":[{\"@type\":\"WebPage\",\"@id\":\"https:\/\/curiosidadesedicas.com\/loja\/produto\/depiladora-masculina-de-precisao-eletrica-c-led\/\",\"url\":\"https:\/\/curiosidadesedicas.com\/loja\/produto\/depiladora-masculina-de-precisao-eletrica-c-led\/\",\"name\":\"DEPILADORA MASCULINA DE PRECIS\u00c3O EL\u00c9TRICA C\/ LED - Curiosidades &amp; Dicas, Lda\",\"isPartOf\":{\"@id\":\"https:\/\/curiosidadesedicas.com\/loja\/#website\"},\"primaryImageOfPage\":{\"@id\":\"https:\/\/curiosidadesedicas.com\/loja\/produto\/depiladora-masculina-de-precisao-eletrica-c-led\/#primaryimage\"},\"image\":{\"@id\":\"https:\/\/curiosidadesedicas.com\/loja\/produto\/depiladora-masculina-de-precisao-eletrica-c-led\/#primaryimage\"},\"thumbnailUrl\":\"https:\/\/curiosidadesedicas.com\/loja\/wp-content\/uploads\/2020\/05\/depiladora-de-precis-o-eletrica-com-led-innovagoods.jpg\",\"datePublished\":\"2020-05-27T13:17:41+00:00\",\"dateModified\":\"2025-03-20T11:29:54+00:00\",\"breadcrumb\":{\"@id\":\"https:\/\/curiosidadesedicas.com\/loja\/produto\/depiladora-masculina-de-precisao-eletrica-c-led\/#breadcrumb\"},\"inLanguage\":\"pt-PT\",\"potentialAction\":[{\"@type\":\"ReadAction\",\"target\":[\"https:\/\/curiosidadesedicas.com\/loja\/produto\/depiladora-masculina-de-precisao-eletrica-c-led\/\"]}]},{\"@type\":\"ImageObject\",\"inLanguage\":\"pt-PT\",\"@id\":\"https:\/\/curiosidadesedicas.com\/loja\/produto\/depiladora-masculina-de-precisao-eletrica-c-led\/#primaryimage\",\"url\":\"https:\/\/curiosidadesedicas.com\/loja\/wp-content\/uploads\/2020\/05\/depiladora-de-precis-o-eletrica-com-led-innovagoods.jpg\",\"contentUrl\":\"https:\/\/curiosidadesedicas.com\/loja\/wp-content\/uploads\/2020\/05\/depiladora-de-precis-o-eletrica-com-led-innovagoods.jpg\",\"width\":600,\"height\":600},{\"@type\":\"BreadcrumbList\",\"@id\":\"https:\/\/curiosidadesedicas.com\/loja\/produto\/depiladora-masculina-de-precisao-eletrica-c-led\/#breadcrumb\",\"itemListElement\":[{\"@type\":\"ListItem\",\"position\":1,\"name\":\"In\u00edcio\",\"item\":\"https:\/\/curiosidadesedicas.com\/loja\/\"},{\"@type\":\"ListItem\",\"position\":2,\"name\":\"Produtos\",\"item\":\"https:\/\/curiosidadesedicas.com\/loja\/produtos\/\"},{\"@type\":\"ListItem\",\"position\":3,\"name\":\"DEPILADORA MASCULINA DE PRECIS\u00c3O EL\u00c9TRICA C\/ LED\"}]},{\"@type\":\"WebSite\",\"@id\":\"https:\/\/curiosidadesedicas.com\/loja\/#website\",\"url\":\"https:\/\/curiosidadesedicas.com\/loja\/\",\"name\":\"Curiosidades &amp; Dicas, Lda\",\"description\":\"Apaixonados Por Inova\u00e7\u00e3o\",\"publisher\":{\"@id\":\"https:\/\/curiosidadesedicas.com\/loja\/#organization\"},\"potentialAction\":[{\"@type\":\"SearchAction\",\"target\":{\"@type\":\"EntryPoint\",\"urlTemplate\":\"https:\/\/curiosidadesedicas.com\/loja\/?s={search_term_string}\"},\"query-input\":{\"@type\":\"PropertyValueSpecification\",\"valueRequired\":true,\"valueName\":\"search_term_string\"}}],\"inLanguage\":\"pt-PT\"},{\"@type\":\"Organization\",\"@id\":\"https:\/\/curiosidadesedicas.com\/loja\/#organization\",\"name\":\"Curiosidades & Dicas\",\"url\":\"https:\/\/curiosidadesedicas.com\/loja\/\",\"logo\":{\"@type\":\"ImageObject\",\"inLanguage\":\"pt-PT\",\"@id\":\"https:\/\/curiosidadesedicas.com\/loja\/#\/schema\/logo\/image\/\",\"url\":\"https:\/\/curiosidadesedicas.com\/loja\/wp-content\/uploads\/2020\/05\/LogoCuriosidadesSimples.png\",\"contentUrl\":\"https:\/\/curiosidadesedicas.com\/loja\/wp-content\/uploads\/2020\/05\/LogoCuriosidadesSimples.png\",\"width\":3528,\"height\":804,\"caption\":\"Curiosidades & Dicas\"},\"image\":{\"@id\":\"https:\/\/curiosidadesedicas.com\/loja\/#\/schema\/logo\/image\/\"}}]}<\/script>\n<!-- \/ Yoast SEO plugin. -->","yoast_head_json":{"title":"DEPILADORA MASCULINA DE PRECIS\u00c3O EL\u00c9TRICA C\/ LED - Curiosidades &amp; Dicas, Lda","robots":{"index":"index","follow":"follow","max-snippet":"max-snippet:-1","max-image-preview":"max-image-preview:large","max-video-preview":"max-video-preview:-1"},"canonical":"https:\/\/curiosidadesedicas.com\/loja\/produto\/depiladora-masculina-de-precisao-eletrica-c-led\/","og_locale":"pt_PT","og_type":"article","og_title":"DEPILADORA MASCULINA DE PRECIS\u00c3O EL\u00c9TRICA C\/ LED - Curiosidades &amp; Dicas, Lda","og_description":"Fabricada em ABS, TPR, PC e a\u00e7o inoxid\u00e1vel  Bot\u00e3o on\/off\/luz  Cabo antiderrapante  Design leve, manej\u00e1vel e compacto  Luz LED integrada para uma maior visibilidade  4 comprimentos de\u00a0corte  Indicada para definir a forma e cortar o pelo  Zonas de uso: nariz, orelhas, sobrancelhas, patilhas, bigode, barba, nuca, ombros, bra\u00e7os, peito...  Inclui escova de limpeza e 2 cabe\u00e7as intercambe\u00e1veis  Di\u00e2metro x altura\u00a0aprox.: 2,5 x 14,5 cm  Funciona com pilhas (1 x AAA, inclu\u00edda)","og_url":"https:\/\/curiosidadesedicas.com\/loja\/produto\/depiladora-masculina-de-precisao-eletrica-c-led\/","og_site_name":"Curiosidades &amp; Dicas, Lda","article_modified_time":"2025-03-20T11:29:54+00:00","og_image":[{"width":600,"height":600,"url":"https:\/\/curiosidadesedicas.com\/loja\/wp-content\/uploads\/2020\/05\/depiladora-de-precis-o-eletrica-com-led-innovagoods.jpg","type":"image\/jpeg"}],"twitter_card":"summary_large_image","twitter_misc":{"Tempo estimado de leitura":"1 minuto"},"schema":{"@context":"https:\/\/schema.org","@graph":[{"@type":"WebPage","@id":"https:\/\/curiosidadesedicas.com\/loja\/produto\/depiladora-masculina-de-precisao-eletrica-c-led\/","url":"https:\/\/curiosidadesedicas.com\/loja\/produto\/depiladora-masculina-de-precisao-eletrica-c-led\/","name":"DEPILADORA MASCULINA DE PRECIS\u00c3O EL\u00c9TRICA C\/ LED - Curiosidades &amp; Dicas, Lda","isPartOf":{"@id":"https:\/\/curiosidadesedicas.com\/loja\/#website"},"primaryImageOfPage":{"@id":"https:\/\/curiosidadesedicas.com\/loja\/produto\/depiladora-masculina-de-precisao-eletrica-c-led\/#primaryimage"},"image":{"@id":"https:\/\/curiosidadesedicas.com\/loja\/produto\/depiladora-masculina-de-precisao-eletrica-c-led\/#primaryimage"},"thumbnailUrl":"https:\/\/curiosidadesedicas.com\/loja\/wp-content\/uploads\/2020\/05\/depiladora-de-precis-o-eletrica-com-led-innovagoods.jpg","datePublished":"2020-05-27T13:17:41+00:00","dateModified":"2025-03-20T11:29:54+00:00","breadcrumb":{"@id":"https:\/\/curiosidadesedicas.com\/loja\/produto\/depiladora-masculina-de-precisao-eletrica-c-led\/#breadcrumb"},"inLanguage":"pt-PT","potentialAction":[{"@type":"ReadAction","target":["https:\/\/curiosidadesedicas.com\/loja\/produto\/depiladora-masculina-de-precisao-eletrica-c-led\/"]}]},{"@type":"ImageObject","inLanguage":"pt-PT","@id":"https:\/\/curiosidadesedicas.com\/loja\/produto\/depiladora-masculina-de-precisao-eletrica-c-led\/#primaryimage","url":"https:\/\/curiosidadesedicas.com\/loja\/wp-content\/uploads\/2020\/05\/depiladora-de-precis-o-eletrica-com-led-innovagoods.jpg","contentUrl":"https:\/\/curiosidadesedicas.com\/loja\/wp-content\/uploads\/2020\/05\/depiladora-de-precis-o-eletrica-com-led-innovagoods.jpg","width":600,"height":600},{"@type":"BreadcrumbList","@id":"https:\/\/curiosidadesedicas.com\/loja\/produto\/depiladora-masculina-de-precisao-eletrica-c-led\/#breadcrumb","itemListElement":[{"@type":"ListItem","position":1,"name":"In\u00edcio","item":"https:\/\/curiosidadesedicas.com\/loja\/"},{"@type":"ListItem","position":2,"name":"Produtos","item":"https:\/\/curiosidadesedicas.com\/loja\/produtos\/"},{"@type":"ListItem","position":3,"name":"DEPILADORA MASCULINA DE PRECIS\u00c3O EL\u00c9TRICA C\/ LED"}]},{"@type":"WebSite","@id":"https:\/\/curiosidadesedicas.com\/loja\/#website","url":"https:\/\/curiosidadesedicas.com\/loja\/","name":"Curiosidades &amp; Dicas, Lda","description":"Apaixonados Por Inova\u00e7\u00e3o","publisher":{"@id":"https:\/\/curiosidadesedicas.com\/loja\/#organization"},"potentialAction":[{"@type":"SearchAction","target":{"@type":"EntryPoint","urlTemplate":"https:\/\/curiosidadesedicas.com\/loja\/?s={search_term_string}"},"query-input":{"@type":"PropertyValueSpecification","valueRequired":true,"valueName":"search_term_string"}}],"inLanguage":"pt-PT"},{"@type":"Organization","@id":"https:\/\/curiosidadesedicas.com\/loja\/#organization","name":"Curiosidades & Dicas","url":"https:\/\/curiosidadesedicas.com\/loja\/","logo":{"@type":"ImageObject","inLanguage":"pt-PT","@id":"https:\/\/curiosidadesedicas.com\/loja\/#\/schema\/logo\/image\/","url":"https:\/\/curiosidadesedicas.com\/loja\/wp-content\/uploads\/2020\/05\/LogoCuriosidadesSimples.png","contentUrl":"https:\/\/curiosidadesedicas.com\/loja\/wp-content\/uploads\/2020\/05\/LogoCuriosidadesSimples.png","width":3528,"height":804,"caption":"Curiosidades & Dicas"},"image":{"@id":"https:\/\/curiosidadesedicas.com\/loja\/#\/schema\/logo\/image\/"}}]}},"_links":{"self":[{"href":"https:\/\/curiosidadesedicas.com\/loja\/wp-json\/wp\/v2\/product\/12850","targetHints":{"allow":["GET"]}}],"collection":[{"href":"https:\/\/curiosidadesedicas.com\/loja\/wp-json\/wp\/v2\/product"}],"about":[{"href":"https:\/\/curiosidadesedicas.com\/loja\/wp-json\/wp\/v2\/types\/product"}],"replies":[{"embeddable":true,"href":"https:\/\/curiosidadesedicas.com\/loja\/wp-json\/wp\/v2\/comments?post=12850"}],"wp:featuredmedia":[{"embeddable":true,"href":"https:\/\/curiosidadesedicas.com\/loja\/wp-json\/wp\/v2\/media\/12857"}],"wp:attachment":[{"href":"https:\/\/curiosidadesedicas.com\/loja\/wp-json\/wp\/v2\/media?parent=12850"}],"wp:term":[{"taxonomy":"product_brand","embeddable":true,"href":"https:\/\/curiosidadesedicas.com\/loja\/wp-json\/wp\/v2\/product_brand?post=12850"},{"taxonomy":"product_cat","embeddable":true,"href":"https:\/\/curiosidadesedicas.com\/loja\/wp-json\/wp\/v2\/product_cat?post=12850"},{"taxonomy":"product_tag","embeddable":true,"href":"https:\/\/curiosidadesedicas.com\/loja\/wp-json\/wp\/v2\/product_tag?post=12850"}],"curies":[{"name":"wp","href":"https:\/\/api.w.org\/{rel}","templated":true}]}}