{"id":11624,"date":"2020-05-12T08:10:45","date_gmt":"2020-05-12T08:10:45","guid":{"rendered":"https:\/\/curiosidadesedicas.com\/loja\/?post_type=product&#038;p=11624"},"modified":"2025-03-20T12:26:41","modified_gmt":"2025-03-20T12:26:41","slug":"depiladora-facial-c-led","status":"publish","type":"product","link":"https:\/\/curiosidadesedicas.com\/loja\/produto\/depiladora-facial-c-led\/","title":{"rendered":"DEPILADORA FACIAL C\/ LED"},"content":{"rendered":"<p>A Depiladora c\/ LED \u00e9 o produto n\u00famero um na depila\u00e7\u00e3o facial. Com o tamanho de um batom, \u00e9 discreto, eficaz e absolutamente indolor. Os m\u00e9todos de depila\u00e7\u00e3o nem sempre s\u00e3o eficazes contra os pelos faciais e podem irritar a pele. Em contraste, esta depiladora consegue remover os pelos da face em apenas alguns segundos, deixando a pele muito macia.<\/p>\n<p>\u00c9 banhada em ouro 18 quilates, o que d\u00e1 ao produto uma apar\u00eancia espetacular.<\/p>\n<p><em>Gra\u00e7as \u00e0 precis\u00e3o do Depiladora Facial c\/ LED, pode us\u00e1-la a qualquer momento e eliminar pelos desagrad\u00e1veis em apenas uma passagem.<\/em><\/p>\n<p><em>Gra\u00e7as \u00e0 luz LED que incorpora, \u00e9 mais f\u00e1cil encontrar e eliminar todos os pelos do queixo, l\u00e1bio superior, bochechas ou qualquer outra \u00e1rea do rosto.<\/em><\/p>\n<p>O seu uso n\u00e3o pode ser mais simples! Qualquer um pode conseguir um rosto perfeito com uma sensa\u00e7\u00e3o de limpeza total em apenas alguns segundos. Esta depiladora n\u00e3o aquece com o uso, n\u00e3o deixa marcas nem irrita a pele.<\/p>\n","protected":false},"excerpt":{"rendered":"<ul>\n<li>Fabricada em ABS<\/li>\n<li>Bot\u00e3o on\/off<\/li>\n<li>LED\u00a0de visualiza\u00e7\u00e3o e precis\u00e3o<\/li>\n<li>Design leve e funcional<\/li>\n<li>F\u00e1cil utiliza\u00e7\u00e3o e transporte<\/li>\n<li>Inclui pequena escova de limpeza<\/li>\n<li>Medidas aprox.: 2 x 10,5 x 3 cm<\/li>\n<li>Funciona com pilha (1 x AA, n\u00e3o inclu\u00edda)<\/li>\n<\/ul>\n","protected":false},"featured_media":11627,"comment_status":"open","ping_status":"closed","template":"","meta":{"_glsr_average":0,"_glsr_ranking":0,"_glsr_reviews":0},"product_brand":[],"product_cat":[357,360,344],"product_tag":[],"class_list":{"0":"post-11624","1":"product","2":"type-product","3":"status-publish","4":"has-post-thumbnail","6":"product_cat-bem-estar","7":"product_cat-beleza","8":"product_cat-vistos-na-tv","10":"first","11":"instock","12":"taxable","13":"shipping-taxable","14":"purchasable","15":"product-type-simple"},"yoast_head":"<!-- This site is optimized with the Yoast SEO plugin v26.8 - https:\/\/yoast.com\/product\/yoast-seo-wordpress\/ -->\n<title>DEPILADORA FACIAL C\/ LED - Curiosidades &amp; Dicas, Lda<\/title>\n<meta name=\"robots\" content=\"index, follow, max-snippet:-1, max-image-preview:large, max-video-preview:-1\" \/>\n<link rel=\"canonical\" href=\"https:\/\/curiosidadesedicas.com\/loja\/produto\/depiladora-facial-c-led\/\" \/>\n<meta property=\"og:locale\" content=\"pt_PT\" \/>\n<meta property=\"og:type\" content=\"article\" \/>\n<meta property=\"og:title\" content=\"DEPILADORA FACIAL C\/ LED - Curiosidades &amp; Dicas, Lda\" \/>\n<meta property=\"og:description\" content=\"Fabricada em ABS  Bot\u00e3o on\/off  LED\u00a0de visualiza\u00e7\u00e3o e precis\u00e3o  Design leve e funcional  F\u00e1cil utiliza\u00e7\u00e3o e transporte  Inclui pequena escova de limpeza  Medidas aprox.: 2 x 10,5 x 3 cm  Funciona com pilha (1 x AA, n\u00e3o inclu\u00edda)\" \/>\n<meta property=\"og:url\" content=\"https:\/\/curiosidadesedicas.com\/loja\/produto\/depiladora-facial-c-led\/\" \/>\n<meta property=\"og:site_name\" content=\"Curiosidades &amp; Dicas, Lda\" \/>\n<meta property=\"article:modified_time\" content=\"2025-03-20T12:26:41+00:00\" \/>\n<meta property=\"og:image\" content=\"https:\/\/curiosidadesedicas.com\/loja\/wp-content\/uploads\/2020\/05\/depiladora-facial-indolor-com-led-innovagoods.jpg\" \/>\n\t<meta property=\"og:image:width\" content=\"600\" \/>\n\t<meta property=\"og:image:height\" content=\"600\" \/>\n\t<meta property=\"og:image:type\" content=\"image\/jpeg\" \/>\n<meta name=\"twitter:card\" content=\"summary_large_image\" \/>\n<meta name=\"twitter:label1\" content=\"Tempo estimado de leitura\" \/>\n\t<meta name=\"twitter:data1\" content=\"2 minutos\" \/>\n<script type=\"application\/ld+json\" class=\"yoast-schema-graph\">{\"@context\":\"https:\/\/schema.org\",\"@graph\":[{\"@type\":\"WebPage\",\"@id\":\"https:\/\/curiosidadesedicas.com\/loja\/produto\/depiladora-facial-c-led\/\",\"url\":\"https:\/\/curiosidadesedicas.com\/loja\/produto\/depiladora-facial-c-led\/\",\"name\":\"DEPILADORA FACIAL C\/ LED - Curiosidades &amp; Dicas, Lda\",\"isPartOf\":{\"@id\":\"https:\/\/curiosidadesedicas.com\/loja\/#website\"},\"primaryImageOfPage\":{\"@id\":\"https:\/\/curiosidadesedicas.com\/loja\/produto\/depiladora-facial-c-led\/#primaryimage\"},\"image\":{\"@id\":\"https:\/\/curiosidadesedicas.com\/loja\/produto\/depiladora-facial-c-led\/#primaryimage\"},\"thumbnailUrl\":\"https:\/\/curiosidadesedicas.com\/loja\/wp-content\/uploads\/2020\/05\/depiladora-facial-indolor-com-led-innovagoods.jpg\",\"datePublished\":\"2020-05-12T08:10:45+00:00\",\"dateModified\":\"2025-03-20T12:26:41+00:00\",\"breadcrumb\":{\"@id\":\"https:\/\/curiosidadesedicas.com\/loja\/produto\/depiladora-facial-c-led\/#breadcrumb\"},\"inLanguage\":\"pt-PT\",\"potentialAction\":[{\"@type\":\"ReadAction\",\"target\":[\"https:\/\/curiosidadesedicas.com\/loja\/produto\/depiladora-facial-c-led\/\"]}]},{\"@type\":\"ImageObject\",\"inLanguage\":\"pt-PT\",\"@id\":\"https:\/\/curiosidadesedicas.com\/loja\/produto\/depiladora-facial-c-led\/#primaryimage\",\"url\":\"https:\/\/curiosidadesedicas.com\/loja\/wp-content\/uploads\/2020\/05\/depiladora-facial-indolor-com-led-innovagoods.jpg\",\"contentUrl\":\"https:\/\/curiosidadesedicas.com\/loja\/wp-content\/uploads\/2020\/05\/depiladora-facial-indolor-com-led-innovagoods.jpg\",\"width\":600,\"height\":600},{\"@type\":\"BreadcrumbList\",\"@id\":\"https:\/\/curiosidadesedicas.com\/loja\/produto\/depiladora-facial-c-led\/#breadcrumb\",\"itemListElement\":[{\"@type\":\"ListItem\",\"position\":1,\"name\":\"In\u00edcio\",\"item\":\"https:\/\/curiosidadesedicas.com\/loja\/\"},{\"@type\":\"ListItem\",\"position\":2,\"name\":\"Produtos\",\"item\":\"https:\/\/curiosidadesedicas.com\/loja\/produtos\/\"},{\"@type\":\"ListItem\",\"position\":3,\"name\":\"DEPILADORA FACIAL C\/ LED\"}]},{\"@type\":\"WebSite\",\"@id\":\"https:\/\/curiosidadesedicas.com\/loja\/#website\",\"url\":\"https:\/\/curiosidadesedicas.com\/loja\/\",\"name\":\"Curiosidades &amp; Dicas, Lda\",\"description\":\"Apaixonados Por Inova\u00e7\u00e3o\",\"publisher\":{\"@id\":\"https:\/\/curiosidadesedicas.com\/loja\/#organization\"},\"potentialAction\":[{\"@type\":\"SearchAction\",\"target\":{\"@type\":\"EntryPoint\",\"urlTemplate\":\"https:\/\/curiosidadesedicas.com\/loja\/?s={search_term_string}\"},\"query-input\":{\"@type\":\"PropertyValueSpecification\",\"valueRequired\":true,\"valueName\":\"search_term_string\"}}],\"inLanguage\":\"pt-PT\"},{\"@type\":\"Organization\",\"@id\":\"https:\/\/curiosidadesedicas.com\/loja\/#organization\",\"name\":\"Curiosidades & Dicas\",\"url\":\"https:\/\/curiosidadesedicas.com\/loja\/\",\"logo\":{\"@type\":\"ImageObject\",\"inLanguage\":\"pt-PT\",\"@id\":\"https:\/\/curiosidadesedicas.com\/loja\/#\/schema\/logo\/image\/\",\"url\":\"https:\/\/curiosidadesedicas.com\/loja\/wp-content\/uploads\/2020\/05\/LogoCuriosidadesSimples.png\",\"contentUrl\":\"https:\/\/curiosidadesedicas.com\/loja\/wp-content\/uploads\/2020\/05\/LogoCuriosidadesSimples.png\",\"width\":3528,\"height\":804,\"caption\":\"Curiosidades & Dicas\"},\"image\":{\"@id\":\"https:\/\/curiosidadesedicas.com\/loja\/#\/schema\/logo\/image\/\"}}]}<\/script>\n<!-- \/ Yoast SEO plugin. -->","yoast_head_json":{"title":"DEPILADORA FACIAL C\/ LED - Curiosidades &amp; Dicas, Lda","robots":{"index":"index","follow":"follow","max-snippet":"max-snippet:-1","max-image-preview":"max-image-preview:large","max-video-preview":"max-video-preview:-1"},"canonical":"https:\/\/curiosidadesedicas.com\/loja\/produto\/depiladora-facial-c-led\/","og_locale":"pt_PT","og_type":"article","og_title":"DEPILADORA FACIAL C\/ LED - Curiosidades &amp; Dicas, Lda","og_description":"Fabricada em ABS  Bot\u00e3o on\/off  LED\u00a0de visualiza\u00e7\u00e3o e precis\u00e3o  Design leve e funcional  F\u00e1cil utiliza\u00e7\u00e3o e transporte  Inclui pequena escova de limpeza  Medidas aprox.: 2 x 10,5 x 3 cm  Funciona com pilha (1 x AA, n\u00e3o inclu\u00edda)","og_url":"https:\/\/curiosidadesedicas.com\/loja\/produto\/depiladora-facial-c-led\/","og_site_name":"Curiosidades &amp; Dicas, Lda","article_modified_time":"2025-03-20T12:26:41+00:00","og_image":[{"width":600,"height":600,"url":"https:\/\/curiosidadesedicas.com\/loja\/wp-content\/uploads\/2020\/05\/depiladora-facial-indolor-com-led-innovagoods.jpg","type":"image\/jpeg"}],"twitter_card":"summary_large_image","twitter_misc":{"Tempo estimado de leitura":"2 minutos"},"schema":{"@context":"https:\/\/schema.org","@graph":[{"@type":"WebPage","@id":"https:\/\/curiosidadesedicas.com\/loja\/produto\/depiladora-facial-c-led\/","url":"https:\/\/curiosidadesedicas.com\/loja\/produto\/depiladora-facial-c-led\/","name":"DEPILADORA FACIAL C\/ LED - Curiosidades &amp; Dicas, Lda","isPartOf":{"@id":"https:\/\/curiosidadesedicas.com\/loja\/#website"},"primaryImageOfPage":{"@id":"https:\/\/curiosidadesedicas.com\/loja\/produto\/depiladora-facial-c-led\/#primaryimage"},"image":{"@id":"https:\/\/curiosidadesedicas.com\/loja\/produto\/depiladora-facial-c-led\/#primaryimage"},"thumbnailUrl":"https:\/\/curiosidadesedicas.com\/loja\/wp-content\/uploads\/2020\/05\/depiladora-facial-indolor-com-led-innovagoods.jpg","datePublished":"2020-05-12T08:10:45+00:00","dateModified":"2025-03-20T12:26:41+00:00","breadcrumb":{"@id":"https:\/\/curiosidadesedicas.com\/loja\/produto\/depiladora-facial-c-led\/#breadcrumb"},"inLanguage":"pt-PT","potentialAction":[{"@type":"ReadAction","target":["https:\/\/curiosidadesedicas.com\/loja\/produto\/depiladora-facial-c-led\/"]}]},{"@type":"ImageObject","inLanguage":"pt-PT","@id":"https:\/\/curiosidadesedicas.com\/loja\/produto\/depiladora-facial-c-led\/#primaryimage","url":"https:\/\/curiosidadesedicas.com\/loja\/wp-content\/uploads\/2020\/05\/depiladora-facial-indolor-com-led-innovagoods.jpg","contentUrl":"https:\/\/curiosidadesedicas.com\/loja\/wp-content\/uploads\/2020\/05\/depiladora-facial-indolor-com-led-innovagoods.jpg","width":600,"height":600},{"@type":"BreadcrumbList","@id":"https:\/\/curiosidadesedicas.com\/loja\/produto\/depiladora-facial-c-led\/#breadcrumb","itemListElement":[{"@type":"ListItem","position":1,"name":"In\u00edcio","item":"https:\/\/curiosidadesedicas.com\/loja\/"},{"@type":"ListItem","position":2,"name":"Produtos","item":"https:\/\/curiosidadesedicas.com\/loja\/produtos\/"},{"@type":"ListItem","position":3,"name":"DEPILADORA FACIAL C\/ LED"}]},{"@type":"WebSite","@id":"https:\/\/curiosidadesedicas.com\/loja\/#website","url":"https:\/\/curiosidadesedicas.com\/loja\/","name":"Curiosidades &amp; Dicas, Lda","description":"Apaixonados Por Inova\u00e7\u00e3o","publisher":{"@id":"https:\/\/curiosidadesedicas.com\/loja\/#organization"},"potentialAction":[{"@type":"SearchAction","target":{"@type":"EntryPoint","urlTemplate":"https:\/\/curiosidadesedicas.com\/loja\/?s={search_term_string}"},"query-input":{"@type":"PropertyValueSpecification","valueRequired":true,"valueName":"search_term_string"}}],"inLanguage":"pt-PT"},{"@type":"Organization","@id":"https:\/\/curiosidadesedicas.com\/loja\/#organization","name":"Curiosidades & Dicas","url":"https:\/\/curiosidadesedicas.com\/loja\/","logo":{"@type":"ImageObject","inLanguage":"pt-PT","@id":"https:\/\/curiosidadesedicas.com\/loja\/#\/schema\/logo\/image\/","url":"https:\/\/curiosidadesedicas.com\/loja\/wp-content\/uploads\/2020\/05\/LogoCuriosidadesSimples.png","contentUrl":"https:\/\/curiosidadesedicas.com\/loja\/wp-content\/uploads\/2020\/05\/LogoCuriosidadesSimples.png","width":3528,"height":804,"caption":"Curiosidades & Dicas"},"image":{"@id":"https:\/\/curiosidadesedicas.com\/loja\/#\/schema\/logo\/image\/"}}]}},"_links":{"self":[{"href":"https:\/\/curiosidadesedicas.com\/loja\/wp-json\/wp\/v2\/product\/11624","targetHints":{"allow":["GET"]}}],"collection":[{"href":"https:\/\/curiosidadesedicas.com\/loja\/wp-json\/wp\/v2\/product"}],"about":[{"href":"https:\/\/curiosidadesedicas.com\/loja\/wp-json\/wp\/v2\/types\/product"}],"replies":[{"embeddable":true,"href":"https:\/\/curiosidadesedicas.com\/loja\/wp-json\/wp\/v2\/comments?post=11624"}],"wp:featuredmedia":[{"embeddable":true,"href":"https:\/\/curiosidadesedicas.com\/loja\/wp-json\/wp\/v2\/media\/11627"}],"wp:attachment":[{"href":"https:\/\/curiosidadesedicas.com\/loja\/wp-json\/wp\/v2\/media?parent=11624"}],"wp:term":[{"taxonomy":"product_brand","embeddable":true,"href":"https:\/\/curiosidadesedicas.com\/loja\/wp-json\/wp\/v2\/product_brand?post=11624"},{"taxonomy":"product_cat","embeddable":true,"href":"https:\/\/curiosidadesedicas.com\/loja\/wp-json\/wp\/v2\/product_cat?post=11624"},{"taxonomy":"product_tag","embeddable":true,"href":"https:\/\/curiosidadesedicas.com\/loja\/wp-json\/wp\/v2\/product_tag?post=11624"}],"curies":[{"name":"wp","href":"https:\/\/api.w.org\/{rel}","templated":true}]}}