{"id":5388,"date":"2019-01-16T18:59:01","date_gmt":"2019-01-16T18:59:01","guid":{"rendered":"https:\/\/curiosidadesedicas.com\/loja\/?page_id=5388"},"modified":"2023-09-21T10:44:28","modified_gmt":"2023-09-21T10:44:28","slug":"sobre-nos","status":"publish","type":"page","link":"https:\/\/curiosidadesedicas.com\/loja\/sobre-nos\/","title":{"rendered":"Sobre N\u00f3s"},"content":{"rendered":"<p><strong>SOBRE N\u00d3S<\/strong><\/p>\n<div>\n<div>\n<p><span lang=\"PT-PT\">A Curiosidades &amp; Dicas \u00e9 uma empresa fundada em 2011 na cidade da Covilh\u00e3. Do interior de Portugal, atendemos clientes em todo o Pa\u00eds (continente e ilhas), nos demais pa\u00edses da Uni\u00e3o Europeia, na Angola e no Brasil.<\/span><\/p>\n<\/div>\n<div>\n<p>Partindo do nosso slogan \u201cApaixonados por inova\u00e7\u00e3o\u201d, comercializamos produtos\u00a0inovadores e\u00a0\u00fateis que\u00a0facilitam\u00a0o seu dia a dia\u00a0dos nossos cliente, ajudando-os, ainda, a poupar \u00e1gua e energia.\u00a0Para isso, temos\u00a0<a href=\"https:\/\/g.page\/curiosidadesedicas?share\" target=\"_blank\" rel=\"noopener\" data-saferedirecturl=\"https:\/\/www.google.com\/url?q=https:\/\/g.page\/curiosidadesedicas?share&amp;source=gmail&amp;ust=1617098703137000&amp;usg=AFQjCNHoU6_TyeX0Z49PLr097sHxccBsTw\">loja de venda ao p\u00fablico<\/a> no centro da Covilh\u00e3, aberta de segunda a sexta-feira das 9h \u00e0s 19h; e aos s\u00e1bados das 9h \u00e0s 13h. <b>Pode tamb\u00e9m fazer a sua encomenda por mensagem no Facebook, telefone, para o 275 082 502 ou 932 953 992, das 9 h \u00e0 meia-noite, inclusive ao fim de semana ou por e-mail\u00a0<a href=\"mailto:geral@curiosidadesedicas.com\" target=\"_blank\" rel=\"noopener\">geral@curiosidadesedicas.com<\/a>.<\/b><\/p>\n<\/div>\n<div>\n<p><span lang=\"PT-PT\">Os clientes que s\u00e3o de longe podem adquirir os nossos produtos aqui, na nossa\u00a0<\/span><span lang=\"PT-PT\">loja on-line\u00a0<\/span><a href=\"https:\/\/www.curiosidadesedicas.com\/loja\" target=\"_blank\" rel=\"noreferrer noopener\" data-saferedirecturl=\"https:\/\/www.google.com\/url?q=https:\/\/www.curiosidadesedicas.com\/loja&amp;source=gmail&amp;ust=1589461567037000&amp;usg=AFQjCNEw8xRO8c9RMclVZ_L-wDyjDUYFxw\"><span lang=\"PT-PT\">Curiosidades &amp; Dicas<\/span><\/a><span lang=\"PT-PT\">, onde encontra desde produtos Vistos na T<\/span><span lang=\"PT-PT\">V<\/span><span lang=\"PT-PT\">\u00a0at\u00e9 artigos para o<\/span><span lang=\"PT-PT\">\u00a0<\/span><span lang=\"PT-PT\">lar, incluindo t\u00eaxteis.\u00a0<\/span><span lang=\"PT-PT\">Nela tamb\u00e9m pode comprar gadgets para toda a fam\u00edlia, com se\u00e7\u00f5es especialmente voltadas para os idosos, as crian\u00e7as e os animais.<\/span><span lang=\"PT-PT\">\u00a0Os nossos produtos s\u00e3o testados e aprovados pelos clientes mais exigentes.<\/span><\/p>\n<p><span lang=\"PT-PT\">A\u00a0<\/span><span lang=\"PT-PT\">Curiosidades &amp; Dicas\u00a0<\/span><span lang=\"PT-PT\">\u00e9 uma loja on-line desenvolvida com foco no usu\u00e1rio e respeito \u00e0s diretrizes de seguran\u00e7a e privacidade estabelecidas no Regulamento Geral sobre a Prote\u00e7\u00e3o de Dados (RGPD).\u00a0<\/span><span lang=\"PT-PT\">R<\/span><span lang=\"PT-PT\">esponsiva a dispositivos m\u00f3veis<\/span><span lang=\"PT-PT\">,<\/span><span lang=\"PT-PT\">\u00a0<\/span><span lang=\"PT-PT\">n<\/span><span lang=\"PT-PT\">avega\u00e7\u00e3o intuitiva,\u00a0<\/span><span lang=\"PT-PT\">permitindo ao cliente<\/span><span lang=\"PT-PT\">\u00a0realizar as suas compras em poucos minutos.<\/span><\/p>\n<\/div>\n<div>\n<p><span lang=\"PT-PT\">Seja na loja f\u00edsica, na loja on-line, por telefone ou nas\u00a0<\/span><span lang=\"PT-PT\">nossas\u00a0<\/span><span lang=\"PT-PT\">redes sociais<\/span><span lang=\"PT-PT\">\u00a0(<\/span><a href=\"https:\/\/www.facebook.com\/curiosidadesedicas\/\" target=\"_blank\" rel=\"noreferrer noopener\" data-saferedirecturl=\"https:\/\/www.google.com\/url?q=https:\/\/www.facebook.com\/curiosidadesedicas\/&amp;source=gmail&amp;ust=1589461567037000&amp;usg=AFQjCNH26BCufKdvp5m_fQZmrF_j5y5APA\"><span lang=\"PT-PT\">Facebook<\/span><\/a><span lang=\"PT-PT\">,\u00a0<a href=\"https:\/\/www.instagram.com\/curiosidadesedicas_pt\/\" target=\"_blank\" rel=\"noopener noreferrer\" data-saferedirecturl=\"https:\/\/www.google.com\/url?q=https:\/\/www.instagram.com\/curiosidadesedicas_pt\/&amp;source=gmail&amp;ust=1589461567037000&amp;usg=AFQjCNEJ7PfqY6totbjEN7rv-Ny0lfnBsA\">Instagram<\/a><\/span><span lang=\"PT-PT\">)<\/span><span lang=\"PT-PT\">, o cliente \u00e9 atendido\u00a0<\/span><span lang=\"PT-PT\">diretamente pelos gerentes<\/span><span lang=\"PT-PT\">\u00a0da empresa ou por colaboradores formados para prestar o melhor servi\u00e7o de venda e p\u00f3s-venda<\/span><span lang=\"PT-PT\">.<\/span><span lang=\"PT-PT\">\u00a0<\/span><\/p>\n<\/div>\n<div>\n<p><span lang=\"PT-PT\">\u201c<\/span><span lang=\"PT-PT\">Fazemos de tudo para que a experi\u00eancia de compra a dist\u00e2ncia seja t\u00e3o satisfat\u00f3ria como se estivesse a comprar presencialmente<\/span><span lang=\"PT-PT\">\u201d<\/span><span lang=\"PT-PT\">.<\/span><br \/>\n<span lang=\"PT-PT\">\u00a0<strong>Teresa Amaro,\u00a0<\/strong><\/span><strong><span lang=\"PT-PT\">s\u00f3cia-gerente<\/span><\/strong><\/p>\n<\/div>\n<div>\n<p><span lang=\"PT-PT\">S\u00e3o tamb\u00e9m os gerentes Teresa Amaro e Lu\u00eds Paiva que apresentam os\u00a0<\/span><span lang=\"PT-PT\">produtos nas centenas de v\u00eddeos dispon\u00edveis no\u00a0<\/span><a href=\"https:\/\/www.youtube.com\/channel\/UC_ugictXyHSsKNeirgx4cBg\" target=\"_blank\" rel=\"noreferrer noopener\" data-saferedirecturl=\"https:\/\/www.google.com\/url?q=https:\/\/www.youtube.com\/channel\/UC_ugictXyHSsKNeirgx4cBg&amp;source=gmail&amp;ust=1589461567037000&amp;usg=AFQjCNHVNtx2DGiDZVPop0uHEWknEh4bQQ\"><span lang=\"PT-PT\">canal da Curiosidades &amp; Dicas no\u00a0<\/span><span lang=\"PT-PT\">Youtube<\/span><\/a><span lang=\"PT-PT\">.\u00a0<\/span><span lang=\"PT-PT\">Essa proximidade \u00e9 um dos diferenciais\u00a0<\/span><span lang=\"PT-PT\">d<\/span><span lang=\"PT-PT\">a Curiosidades &amp; Dicas<\/span><span lang=\"PT-PT\">.<\/span><\/p>\n<\/div>\n<\/div>\n<div>\n<p><span lang=\"PT-PT\">\u201cEstamos muito orgulhosos com o crescimento da empresa, que angaria cerca de 2 mil novos clientes todos os meses\u201d. <\/span><br \/>\n<strong><span lang=\"PT-PT\">Lu\u00eds Paiva, s\u00f3cio-gerente<\/span><\/strong><\/p>\n<\/div>\n<div>\n<p><span lang=\"PT-PT\">Os nossos valores s\u00e3o a honestidade e o amor, porque amamos o que fazemos. O nosso objetivo \u00e9 exceder as expectativas e fidelizar os clientes. Trabalhamos de forma que os clientes nos fa\u00e7am v\u00e1rias compras e falem bem de n\u00f3s.<\/span><\/p>\n<\/div>\n<div>\n<p><strong><span lang=\"PT-PT\">Curiosidades &amp; Dicas: Apaixonados por inova\u00e7\u00e3o!<\/span><\/strong><\/p>\n<\/div>\n<div id='gallery-1' class='gallery galleryid-5388 gallery-columns-3 gallery-size-full'><figure class='gallery-item'>\n\t\t\t<div class='gallery-icon landscape'>\n\t\t\t\t<a href='https:\/\/curiosidadesedicas.com\/loja\/wp-content\/uploads\/2019\/05\/59532326_2618437971506365_6321761426679529472_o.jpg'><img loading=\"lazy\" decoding=\"async\" width=\"2048\" height=\"1536\" src=\"https:\/\/curiosidadesedicas.com\/loja\/wp-content\/uploads\/2019\/05\/59532326_2618437971506365_6321761426679529472_o.jpg\" class=\"attachment-full size-full\" alt=\"\" srcset=\"https:\/\/curiosidadesedicas.com\/loja\/wp-content\/uploads\/2019\/05\/59532326_2618437971506365_6321761426679529472_o.jpg 2048w, https:\/\/curiosidadesedicas.com\/loja\/wp-content\/uploads\/2019\/05\/59532326_2618437971506365_6321761426679529472_o-600x450.jpg 600w, https:\/\/curiosidadesedicas.com\/loja\/wp-content\/uploads\/2019\/05\/59532326_2618437971506365_6321761426679529472_o-300x225.jpg 300w, https:\/\/curiosidadesedicas.com\/loja\/wp-content\/uploads\/2019\/05\/59532326_2618437971506365_6321761426679529472_o-768x576.jpg 768w, https:\/\/curiosidadesedicas.com\/loja\/wp-content\/uploads\/2019\/05\/59532326_2618437971506365_6321761426679529472_o-1024x768.jpg 1024w\" sizes=\"auto, (max-width: 2048px) 100vw, 2048px\" \/><\/a>\n\t\t\t<\/div><\/figure><figure class='gallery-item'>\n\t\t\t<div class='gallery-icon landscape'>\n\t\t\t\t<a href='https:\/\/curiosidadesedicas.com\/loja\/wp-content\/uploads\/2021\/03\/mudar-no-sobre-nos.jpg'><img loading=\"lazy\" decoding=\"async\" width=\"960\" height=\"720\" src=\"https:\/\/curiosidadesedicas.com\/loja\/wp-content\/uploads\/2021\/03\/mudar-no-sobre-nos.jpg\" class=\"attachment-full size-full\" alt=\"\" srcset=\"https:\/\/curiosidadesedicas.com\/loja\/wp-content\/uploads\/2021\/03\/mudar-no-sobre-nos.jpg 960w, https:\/\/curiosidadesedicas.com\/loja\/wp-content\/uploads\/2021\/03\/mudar-no-sobre-nos-300x225.jpg 300w, https:\/\/curiosidadesedicas.com\/loja\/wp-content\/uploads\/2021\/03\/mudar-no-sobre-nos-768x576.jpg 768w, https:\/\/curiosidadesedicas.com\/loja\/wp-content\/uploads\/2021\/03\/mudar-no-sobre-nos-600x450.jpg 600w\" sizes=\"auto, (max-width: 960px) 100vw, 960px\" \/><\/a>\n\t\t\t<\/div><\/figure><figure class='gallery-item'>\n\t\t\t<div class='gallery-icon landscape'>\n\t\t\t\t<a href='https:\/\/curiosidadesedicas.com\/loja\/wp-content\/uploads\/2019\/05\/57210731_2618438624839633_1155686132105609216_o.jpg'><img loading=\"lazy\" decoding=\"async\" width=\"2048\" height=\"1536\" src=\"https:\/\/curiosidadesedicas.com\/loja\/wp-content\/uploads\/2019\/05\/57210731_2618438624839633_1155686132105609216_o.jpg\" class=\"attachment-full size-full\" alt=\"\" srcset=\"https:\/\/curiosidadesedicas.com\/loja\/wp-content\/uploads\/2019\/05\/57210731_2618438624839633_1155686132105609216_o.jpg 2048w, https:\/\/curiosidadesedicas.com\/loja\/wp-content\/uploads\/2019\/05\/57210731_2618438624839633_1155686132105609216_o-600x450.jpg 600w, https:\/\/curiosidadesedicas.com\/loja\/wp-content\/uploads\/2019\/05\/57210731_2618438624839633_1155686132105609216_o-300x225.jpg 300w, https:\/\/curiosidadesedicas.com\/loja\/wp-content\/uploads\/2019\/05\/57210731_2618438624839633_1155686132105609216_o-768x576.jpg 768w, https:\/\/curiosidadesedicas.com\/loja\/wp-content\/uploads\/2019\/05\/57210731_2618438624839633_1155686132105609216_o-1024x768.jpg 1024w\" sizes=\"auto, (max-width: 2048px) 100vw, 2048px\" \/><\/a>\n\t\t\t<\/div><\/figure>\n\t\t<\/div>\n\n","protected":false},"excerpt":{"rendered":"<p>SOBRE N\u00d3S A Curiosidades &amp; Dicas \u00e9 uma empresa fundada em 2011 na cidade da Covilh\u00e3. Do interior de Portugal, [&hellip;]<\/p>\n","protected":false},"author":1,"featured_media":0,"parent":0,"menu_order":0,"comment_status":"closed","ping_status":"closed","template":"","meta":{"_glsr_average":0,"_glsr_ranking":0,"_glsr_reviews":0,"footnotes":""},"class_list":["post-5388","page","type-page","status-publish","hentry"],"yoast_head":"<!-- This site is optimized with the Yoast SEO plugin v26.8 - https:\/\/yoast.com\/product\/yoast-seo-wordpress\/ -->\n<title>Sobre N\u00f3s - Curiosidades &amp; Dicas, Lda<\/title>\n<meta name=\"description\" content=\"N\u00f3s, da Curiosidades &amp; Dicas, somos apaixonados por inova\u00e7\u00e3o. Por isso, comercializamos artigos Vistos na TV e outros produtos \u00fateis que facilitam o dia a dia dos nossos clientes e, ainda, os ajudam a poupar \u00e1gua e energia. Na loja f\u00edsica, na loja on-line, por telefone ou nas nossas redes sociais, o cliente tem o melhor atendimento e uma p\u00f3s-venda de excel\u00eancia. Da Covilh\u00e3 para o mundo: Curiosidades &amp; Dicas.\" \/>\n<meta name=\"robots\" content=\"index, follow, max-snippet:-1, max-image-preview:large, max-video-preview:-1\" \/>\n<link rel=\"canonical\" href=\"https:\/\/curiosidadesedicas.com\/loja\/sobre-nos\/\" \/>\n<meta property=\"og:locale\" content=\"pt_PT\" \/>\n<meta property=\"og:type\" content=\"article\" \/>\n<meta property=\"og:title\" content=\"Sobre N\u00f3s - Curiosidades &amp; Dicas, Lda\" \/>\n<meta property=\"og:description\" content=\"N\u00f3s, da Curiosidades &amp; Dicas, somos apaixonados por inova\u00e7\u00e3o. Por isso, comercializamos artigos Vistos na TV e outros produtos \u00fateis que facilitam o dia a dia dos nossos clientes e, ainda, os ajudam a poupar \u00e1gua e energia. Na loja f\u00edsica, na loja on-line, por telefone ou nas nossas redes sociais, o cliente tem o melhor atendimento e uma p\u00f3s-venda de excel\u00eancia. Da Covilh\u00e3 para o mundo: Curiosidades &amp; Dicas.\" \/>\n<meta property=\"og:url\" content=\"https:\/\/curiosidadesedicas.com\/loja\/sobre-nos\/\" \/>\n<meta property=\"og:site_name\" content=\"Curiosidades &amp; Dicas, Lda\" \/>\n<meta property=\"article:modified_time\" content=\"2023-09-21T10:44:28+00:00\" \/>\n<meta property=\"og:image\" content=\"https:\/\/curiosidadesedicas.com\/loja\/wp-content\/uploads\/2019\/05\/59532326_2618437971506365_6321761426679529472_o.jpg\" \/>\n<meta name=\"twitter:card\" content=\"summary_large_image\" \/>\n<meta name=\"twitter:label1\" content=\"Tempo estimado de leitura\" \/>\n\t<meta name=\"twitter:data1\" content=\"3 minutos\" \/>\n<script type=\"application\/ld+json\" class=\"yoast-schema-graph\">{\"@context\":\"https:\/\/schema.org\",\"@graph\":[{\"@type\":\"WebPage\",\"@id\":\"https:\/\/curiosidadesedicas.com\/loja\/sobre-nos\/\",\"url\":\"https:\/\/curiosidadesedicas.com\/loja\/sobre-nos\/\",\"name\":\"Sobre N\u00f3s - Curiosidades &amp; Dicas, Lda\",\"isPartOf\":{\"@id\":\"https:\/\/curiosidadesedicas.com\/loja\/#website\"},\"datePublished\":\"2019-01-16T18:59:01+00:00\",\"dateModified\":\"2023-09-21T10:44:28+00:00\",\"description\":\"N\u00f3s, da Curiosidades & Dicas, somos apaixonados por inova\u00e7\u00e3o. Por isso, comercializamos artigos Vistos na TV e outros produtos \u00fateis que facilitam o dia a dia dos nossos clientes e, ainda, os ajudam a poupar \u00e1gua e energia. Na loja f\u00edsica, na loja on-line, por telefone ou nas nossas redes sociais, o cliente tem o melhor atendimento e uma p\u00f3s-venda de excel\u00eancia. Da Covilh\u00e3 para o mundo: Curiosidades & Dicas.\",\"breadcrumb\":{\"@id\":\"https:\/\/curiosidadesedicas.com\/loja\/sobre-nos\/#breadcrumb\"},\"inLanguage\":\"pt-PT\",\"potentialAction\":[{\"@type\":\"ReadAction\",\"target\":[\"https:\/\/curiosidadesedicas.com\/loja\/sobre-nos\/\"]}]},{\"@type\":\"BreadcrumbList\",\"@id\":\"https:\/\/curiosidadesedicas.com\/loja\/sobre-nos\/#breadcrumb\",\"itemListElement\":[{\"@type\":\"ListItem\",\"position\":1,\"name\":\"In\u00edcio\",\"item\":\"https:\/\/curiosidadesedicas.com\/loja\/\"},{\"@type\":\"ListItem\",\"position\":2,\"name\":\"Sobre N\u00f3s\"}]},{\"@type\":\"WebSite\",\"@id\":\"https:\/\/curiosidadesedicas.com\/loja\/#website\",\"url\":\"https:\/\/curiosidadesedicas.com\/loja\/\",\"name\":\"Curiosidades &amp; Dicas, Lda\",\"description\":\"Apaixonados Por Inova\u00e7\u00e3o\",\"publisher\":{\"@id\":\"https:\/\/curiosidadesedicas.com\/loja\/#organization\"},\"potentialAction\":[{\"@type\":\"SearchAction\",\"target\":{\"@type\":\"EntryPoint\",\"urlTemplate\":\"https:\/\/curiosidadesedicas.com\/loja\/?s={search_term_string}\"},\"query-input\":{\"@type\":\"PropertyValueSpecification\",\"valueRequired\":true,\"valueName\":\"search_term_string\"}}],\"inLanguage\":\"pt-PT\"},{\"@type\":\"Organization\",\"@id\":\"https:\/\/curiosidadesedicas.com\/loja\/#organization\",\"name\":\"Curiosidades & Dicas\",\"url\":\"https:\/\/curiosidadesedicas.com\/loja\/\",\"logo\":{\"@type\":\"ImageObject\",\"inLanguage\":\"pt-PT\",\"@id\":\"https:\/\/curiosidadesedicas.com\/loja\/#\/schema\/logo\/image\/\",\"url\":\"https:\/\/curiosidadesedicas.com\/loja\/wp-content\/uploads\/2020\/05\/LogoCuriosidadesSimples.png\",\"contentUrl\":\"https:\/\/curiosidadesedicas.com\/loja\/wp-content\/uploads\/2020\/05\/LogoCuriosidadesSimples.png\",\"width\":3528,\"height\":804,\"caption\":\"Curiosidades & Dicas\"},\"image\":{\"@id\":\"https:\/\/curiosidadesedicas.com\/loja\/#\/schema\/logo\/image\/\"}}]}<\/script>\n<!-- \/ Yoast SEO plugin. -->","yoast_head_json":{"title":"Sobre N\u00f3s - Curiosidades &amp; Dicas, Lda","description":"N\u00f3s, da Curiosidades & Dicas, somos apaixonados por inova\u00e7\u00e3o. Por isso, comercializamos artigos Vistos na TV e outros produtos \u00fateis que facilitam o dia a dia dos nossos clientes e, ainda, os ajudam a poupar \u00e1gua e energia. Na loja f\u00edsica, na loja on-line, por telefone ou nas nossas redes sociais, o cliente tem o melhor atendimento e uma p\u00f3s-venda de excel\u00eancia. Da Covilh\u00e3 para o mundo: Curiosidades & Dicas.","robots":{"index":"index","follow":"follow","max-snippet":"max-snippet:-1","max-image-preview":"max-image-preview:large","max-video-preview":"max-video-preview:-1"},"canonical":"https:\/\/curiosidadesedicas.com\/loja\/sobre-nos\/","og_locale":"pt_PT","og_type":"article","og_title":"Sobre N\u00f3s - Curiosidades &amp; Dicas, Lda","og_description":"N\u00f3s, da Curiosidades & Dicas, somos apaixonados por inova\u00e7\u00e3o. Por isso, comercializamos artigos Vistos na TV e outros produtos \u00fateis que facilitam o dia a dia dos nossos clientes e, ainda, os ajudam a poupar \u00e1gua e energia. Na loja f\u00edsica, na loja on-line, por telefone ou nas nossas redes sociais, o cliente tem o melhor atendimento e uma p\u00f3s-venda de excel\u00eancia. Da Covilh\u00e3 para o mundo: Curiosidades & Dicas.","og_url":"https:\/\/curiosidadesedicas.com\/loja\/sobre-nos\/","og_site_name":"Curiosidades &amp; Dicas, Lda","article_modified_time":"2023-09-21T10:44:28+00:00","og_image":[{"url":"https:\/\/curiosidadesedicas.com\/loja\/wp-content\/uploads\/2019\/05\/59532326_2618437971506365_6321761426679529472_o.jpg","type":"","width":"","height":""}],"twitter_card":"summary_large_image","twitter_misc":{"Tempo estimado de leitura":"3 minutos"},"schema":{"@context":"https:\/\/schema.org","@graph":[{"@type":"WebPage","@id":"https:\/\/curiosidadesedicas.com\/loja\/sobre-nos\/","url":"https:\/\/curiosidadesedicas.com\/loja\/sobre-nos\/","name":"Sobre N\u00f3s - Curiosidades &amp; Dicas, Lda","isPartOf":{"@id":"https:\/\/curiosidadesedicas.com\/loja\/#website"},"datePublished":"2019-01-16T18:59:01+00:00","dateModified":"2023-09-21T10:44:28+00:00","description":"N\u00f3s, da Curiosidades & Dicas, somos apaixonados por inova\u00e7\u00e3o. Por isso, comercializamos artigos Vistos na TV e outros produtos \u00fateis que facilitam o dia a dia dos nossos clientes e, ainda, os ajudam a poupar \u00e1gua e energia. Na loja f\u00edsica, na loja on-line, por telefone ou nas nossas redes sociais, o cliente tem o melhor atendimento e uma p\u00f3s-venda de excel\u00eancia. Da Covilh\u00e3 para o mundo: Curiosidades & Dicas.","breadcrumb":{"@id":"https:\/\/curiosidadesedicas.com\/loja\/sobre-nos\/#breadcrumb"},"inLanguage":"pt-PT","potentialAction":[{"@type":"ReadAction","target":["https:\/\/curiosidadesedicas.com\/loja\/sobre-nos\/"]}]},{"@type":"BreadcrumbList","@id":"https:\/\/curiosidadesedicas.com\/loja\/sobre-nos\/#breadcrumb","itemListElement":[{"@type":"ListItem","position":1,"name":"In\u00edcio","item":"https:\/\/curiosidadesedicas.com\/loja\/"},{"@type":"ListItem","position":2,"name":"Sobre N\u00f3s"}]},{"@type":"WebSite","@id":"https:\/\/curiosidadesedicas.com\/loja\/#website","url":"https:\/\/curiosidadesedicas.com\/loja\/","name":"Curiosidades &amp; Dicas, Lda","description":"Apaixonados Por Inova\u00e7\u00e3o","publisher":{"@id":"https:\/\/curiosidadesedicas.com\/loja\/#organization"},"potentialAction":[{"@type":"SearchAction","target":{"@type":"EntryPoint","urlTemplate":"https:\/\/curiosidadesedicas.com\/loja\/?s={search_term_string}"},"query-input":{"@type":"PropertyValueSpecification","valueRequired":true,"valueName":"search_term_string"}}],"inLanguage":"pt-PT"},{"@type":"Organization","@id":"https:\/\/curiosidadesedicas.com\/loja\/#organization","name":"Curiosidades & Dicas","url":"https:\/\/curiosidadesedicas.com\/loja\/","logo":{"@type":"ImageObject","inLanguage":"pt-PT","@id":"https:\/\/curiosidadesedicas.com\/loja\/#\/schema\/logo\/image\/","url":"https:\/\/curiosidadesedicas.com\/loja\/wp-content\/uploads\/2020\/05\/LogoCuriosidadesSimples.png","contentUrl":"https:\/\/curiosidadesedicas.com\/loja\/wp-content\/uploads\/2020\/05\/LogoCuriosidadesSimples.png","width":3528,"height":804,"caption":"Curiosidades & Dicas"},"image":{"@id":"https:\/\/curiosidadesedicas.com\/loja\/#\/schema\/logo\/image\/"}}]}},"_links":{"self":[{"href":"https:\/\/curiosidadesedicas.com\/loja\/wp-json\/wp\/v2\/pages\/5388","targetHints":{"allow":["GET"]}}],"collection":[{"href":"https:\/\/curiosidadesedicas.com\/loja\/wp-json\/wp\/v2\/pages"}],"about":[{"href":"https:\/\/curiosidadesedicas.com\/loja\/wp-json\/wp\/v2\/types\/page"}],"author":[{"embeddable":true,"href":"https:\/\/curiosidadesedicas.com\/loja\/wp-json\/wp\/v2\/users\/1"}],"replies":[{"embeddable":true,"href":"https:\/\/curiosidadesedicas.com\/loja\/wp-json\/wp\/v2\/comments?post=5388"}],"version-history":[{"count":22,"href":"https:\/\/curiosidadesedicas.com\/loja\/wp-json\/wp\/v2\/pages\/5388\/revisions"}],"predecessor-version":[{"id":30622,"href":"https:\/\/curiosidadesedicas.com\/loja\/wp-json\/wp\/v2\/pages\/5388\/revisions\/30622"}],"wp:attachment":[{"href":"https:\/\/curiosidadesedicas.com\/loja\/wp-json\/wp\/v2\/media?parent=5388"}],"curies":[{"name":"wp","href":"https:\/\/api.w.org\/{rel}","templated":true}]}}