{"id":52,"date":"2017-04-18T02:54:36","date_gmt":"2017-04-18T02:54:36","guid":{"rendered":"https:\/\/curiosidadesedicas.com\/loja\/finalizar-compra\/"},"modified":"2018-03-28T12:24:47","modified_gmt":"2018-03-28T12:24:47","slug":"finalizar-compra","status":"publish","type":"page","link":"https:\/\/curiosidadesedicas.com\/loja\/finalizar-compra\/","title":{"rendered":"Finalizar compras"},"content":{"rendered":"<div class=\"woocommerce\"><\/div>\n","protected":false},"excerpt":{"rendered":"","protected":false},"author":1,"featured_media":0,"parent":0,"menu_order":0,"comment_status":"closed","ping_status":"closed","template":"","meta":{"_glsr_average":0,"_glsr_ranking":0,"_glsr_reviews":0,"footnotes":""},"class_list":["post-52","page","type-page","status-publish","hentry"],"yoast_head":"<!-- This site is optimized with the Yoast SEO plugin v26.8 - https:\/\/yoast.com\/product\/yoast-seo-wordpress\/ -->\n<title>Finalizar compras - Curiosidades &amp; Dicas, Lda<\/title>\n<meta name=\"description\" content=\"N\u00f3s, da Curiosidades &amp; Dicas, somos apaixonados por inova\u00e7\u00e3o. Por isso, comercializamos artigos Vistos na TV e outros produtos \u00fateis que facilitam o dia a dia dos nossos clientes e, ainda, os ajudam a poupar \u00e1gua e energia. Na loja f\u00edsica, na loja on-line, por telefone ou nas nossas redes sociais, o cliente tem o melhor atendimento e uma p\u00f3s-venda de excel\u00eancia. Da Covilh\u00e3 para o mundo: Curiosidades &amp; Dicas.\" \/>\n<meta name=\"robots\" content=\"index, follow, max-snippet:-1, max-image-preview:large, max-video-preview:-1\" \/>\n<link rel=\"canonical\" href=\"https:\/\/curiosidadesedicas.com\/loja\/finalizar-compra\/\" \/>\n<meta property=\"og:locale\" content=\"pt_PT\" \/>\n<meta property=\"og:type\" content=\"article\" \/>\n<meta property=\"og:title\" content=\"Finalizar compras - Curiosidades &amp; Dicas, Lda\" \/>\n<meta property=\"og:description\" content=\"N\u00f3s, da Curiosidades &amp; Dicas, somos apaixonados por inova\u00e7\u00e3o. Por isso, comercializamos artigos Vistos na TV e outros produtos \u00fateis que facilitam o dia a dia dos nossos clientes e, ainda, os ajudam a poupar \u00e1gua e energia. Na loja f\u00edsica, na loja on-line, por telefone ou nas nossas redes sociais, o cliente tem o melhor atendimento e uma p\u00f3s-venda de excel\u00eancia. Da Covilh\u00e3 para o mundo: Curiosidades &amp; Dicas.\" \/>\n<meta property=\"og:url\" content=\"https:\/\/curiosidadesedicas.com\/loja\/finalizar-compra\/\" \/>\n<meta property=\"og:site_name\" content=\"Curiosidades &amp; Dicas, Lda\" \/>\n<meta property=\"article:modified_time\" content=\"2018-03-28T12:24:47+00:00\" \/>\n<meta name=\"twitter:card\" content=\"summary_large_image\" \/>\n<script type=\"application\/ld+json\" class=\"yoast-schema-graph\">{\"@context\":\"https:\/\/schema.org\",\"@graph\":[{\"@type\":\"WebPage\",\"@id\":\"https:\/\/curiosidadesedicas.com\/loja\/finalizar-compra\/\",\"url\":\"https:\/\/curiosidadesedicas.com\/loja\/finalizar-compra\/\",\"name\":\"Finalizar compras - Curiosidades &amp; Dicas, Lda\",\"isPartOf\":{\"@id\":\"https:\/\/curiosidadesedicas.com\/loja\/#website\"},\"datePublished\":\"2017-04-18T02:54:36+00:00\",\"dateModified\":\"2018-03-28T12:24:47+00:00\",\"description\":\"N\u00f3s, da Curiosidades & Dicas, somos apaixonados por inova\u00e7\u00e3o. Por isso, comercializamos artigos Vistos na TV e outros produtos \u00fateis que facilitam o dia a dia dos nossos clientes e, ainda, os ajudam a poupar \u00e1gua e energia. Na loja f\u00edsica, na loja on-line, por telefone ou nas nossas redes sociais, o cliente tem o melhor atendimento e uma p\u00f3s-venda de excel\u00eancia. Da Covilh\u00e3 para o mundo: Curiosidades & Dicas.\",\"breadcrumb\":{\"@id\":\"https:\/\/curiosidadesedicas.com\/loja\/finalizar-compra\/#breadcrumb\"},\"inLanguage\":\"pt-PT\",\"potentialAction\":[{\"@type\":\"ReadAction\",\"target\":[\"https:\/\/curiosidadesedicas.com\/loja\/finalizar-compra\/\"]}]},{\"@type\":\"BreadcrumbList\",\"@id\":\"https:\/\/curiosidadesedicas.com\/loja\/finalizar-compra\/#breadcrumb\",\"itemListElement\":[{\"@type\":\"ListItem\",\"position\":1,\"name\":\"In\u00edcio\",\"item\":\"https:\/\/curiosidadesedicas.com\/loja\/\"},{\"@type\":\"ListItem\",\"position\":2,\"name\":\"Finalizar compras\"}]},{\"@type\":\"WebSite\",\"@id\":\"https:\/\/curiosidadesedicas.com\/loja\/#website\",\"url\":\"https:\/\/curiosidadesedicas.com\/loja\/\",\"name\":\"Curiosidades &amp; Dicas, Lda\",\"description\":\"Apaixonados Por Inova\u00e7\u00e3o\",\"publisher\":{\"@id\":\"https:\/\/curiosidadesedicas.com\/loja\/#organization\"},\"potentialAction\":[{\"@type\":\"SearchAction\",\"target\":{\"@type\":\"EntryPoint\",\"urlTemplate\":\"https:\/\/curiosidadesedicas.com\/loja\/?s={search_term_string}\"},\"query-input\":{\"@type\":\"PropertyValueSpecification\",\"valueRequired\":true,\"valueName\":\"search_term_string\"}}],\"inLanguage\":\"pt-PT\"},{\"@type\":\"Organization\",\"@id\":\"https:\/\/curiosidadesedicas.com\/loja\/#organization\",\"name\":\"Curiosidades & Dicas\",\"url\":\"https:\/\/curiosidadesedicas.com\/loja\/\",\"logo\":{\"@type\":\"ImageObject\",\"inLanguage\":\"pt-PT\",\"@id\":\"https:\/\/curiosidadesedicas.com\/loja\/#\/schema\/logo\/image\/\",\"url\":\"https:\/\/curiosidadesedicas.com\/loja\/wp-content\/uploads\/2020\/05\/LogoCuriosidadesSimples.png\",\"contentUrl\":\"https:\/\/curiosidadesedicas.com\/loja\/wp-content\/uploads\/2020\/05\/LogoCuriosidadesSimples.png\",\"width\":3528,\"height\":804,\"caption\":\"Curiosidades & Dicas\"},\"image\":{\"@id\":\"https:\/\/curiosidadesedicas.com\/loja\/#\/schema\/logo\/image\/\"}}]}<\/script>\n<!-- \/ Yoast SEO plugin. -->","yoast_head_json":{"title":"Finalizar compras - Curiosidades &amp; Dicas, Lda","description":"N\u00f3s, da Curiosidades & Dicas, somos apaixonados por inova\u00e7\u00e3o. Por isso, comercializamos artigos Vistos na TV e outros produtos \u00fateis que facilitam o dia a dia dos nossos clientes e, ainda, os ajudam a poupar \u00e1gua e energia. Na loja f\u00edsica, na loja on-line, por telefone ou nas nossas redes sociais, o cliente tem o melhor atendimento e uma p\u00f3s-venda de excel\u00eancia. Da Covilh\u00e3 para o mundo: Curiosidades & Dicas.","robots":{"index":"index","follow":"follow","max-snippet":"max-snippet:-1","max-image-preview":"max-image-preview:large","max-video-preview":"max-video-preview:-1"},"canonical":"https:\/\/curiosidadesedicas.com\/loja\/finalizar-compra\/","og_locale":"pt_PT","og_type":"article","og_title":"Finalizar compras - Curiosidades &amp; Dicas, Lda","og_description":"N\u00f3s, da Curiosidades & Dicas, somos apaixonados por inova\u00e7\u00e3o. Por isso, comercializamos artigos Vistos na TV e outros produtos \u00fateis que facilitam o dia a dia dos nossos clientes e, ainda, os ajudam a poupar \u00e1gua e energia. Na loja f\u00edsica, na loja on-line, por telefone ou nas nossas redes sociais, o cliente tem o melhor atendimento e uma p\u00f3s-venda de excel\u00eancia. Da Covilh\u00e3 para o mundo: Curiosidades & Dicas.","og_url":"https:\/\/curiosidadesedicas.com\/loja\/finalizar-compra\/","og_site_name":"Curiosidades &amp; Dicas, Lda","article_modified_time":"2018-03-28T12:24:47+00:00","twitter_card":"summary_large_image","schema":{"@context":"https:\/\/schema.org","@graph":[{"@type":"WebPage","@id":"https:\/\/curiosidadesedicas.com\/loja\/finalizar-compra\/","url":"https:\/\/curiosidadesedicas.com\/loja\/finalizar-compra\/","name":"Finalizar compras - Curiosidades &amp; Dicas, Lda","isPartOf":{"@id":"https:\/\/curiosidadesedicas.com\/loja\/#website"},"datePublished":"2017-04-18T02:54:36+00:00","dateModified":"2018-03-28T12:24:47+00:00","description":"N\u00f3s, da Curiosidades & Dicas, somos apaixonados por inova\u00e7\u00e3o. Por isso, comercializamos artigos Vistos na TV e outros produtos \u00fateis que facilitam o dia a dia dos nossos clientes e, ainda, os ajudam a poupar \u00e1gua e energia. Na loja f\u00edsica, na loja on-line, por telefone ou nas nossas redes sociais, o cliente tem o melhor atendimento e uma p\u00f3s-venda de excel\u00eancia. Da Covilh\u00e3 para o mundo: Curiosidades & Dicas.","breadcrumb":{"@id":"https:\/\/curiosidadesedicas.com\/loja\/finalizar-compra\/#breadcrumb"},"inLanguage":"pt-PT","potentialAction":[{"@type":"ReadAction","target":["https:\/\/curiosidadesedicas.com\/loja\/finalizar-compra\/"]}]},{"@type":"BreadcrumbList","@id":"https:\/\/curiosidadesedicas.com\/loja\/finalizar-compra\/#breadcrumb","itemListElement":[{"@type":"ListItem","position":1,"name":"In\u00edcio","item":"https:\/\/curiosidadesedicas.com\/loja\/"},{"@type":"ListItem","position":2,"name":"Finalizar compras"}]},{"@type":"WebSite","@id":"https:\/\/curiosidadesedicas.com\/loja\/#website","url":"https:\/\/curiosidadesedicas.com\/loja\/","name":"Curiosidades &amp; Dicas, Lda","description":"Apaixonados Por Inova\u00e7\u00e3o","publisher":{"@id":"https:\/\/curiosidadesedicas.com\/loja\/#organization"},"potentialAction":[{"@type":"SearchAction","target":{"@type":"EntryPoint","urlTemplate":"https:\/\/curiosidadesedicas.com\/loja\/?s={search_term_string}"},"query-input":{"@type":"PropertyValueSpecification","valueRequired":true,"valueName":"search_term_string"}}],"inLanguage":"pt-PT"},{"@type":"Organization","@id":"https:\/\/curiosidadesedicas.com\/loja\/#organization","name":"Curiosidades & Dicas","url":"https:\/\/curiosidadesedicas.com\/loja\/","logo":{"@type":"ImageObject","inLanguage":"pt-PT","@id":"https:\/\/curiosidadesedicas.com\/loja\/#\/schema\/logo\/image\/","url":"https:\/\/curiosidadesedicas.com\/loja\/wp-content\/uploads\/2020\/05\/LogoCuriosidadesSimples.png","contentUrl":"https:\/\/curiosidadesedicas.com\/loja\/wp-content\/uploads\/2020\/05\/LogoCuriosidadesSimples.png","width":3528,"height":804,"caption":"Curiosidades & Dicas"},"image":{"@id":"https:\/\/curiosidadesedicas.com\/loja\/#\/schema\/logo\/image\/"}}]}},"_links":{"self":[{"href":"https:\/\/curiosidadesedicas.com\/loja\/wp-json\/wp\/v2\/pages\/52","targetHints":{"allow":["GET"]}}],"collection":[{"href":"https:\/\/curiosidadesedicas.com\/loja\/wp-json\/wp\/v2\/pages"}],"about":[{"href":"https:\/\/curiosidadesedicas.com\/loja\/wp-json\/wp\/v2\/types\/page"}],"author":[{"embeddable":true,"href":"https:\/\/curiosidadesedicas.com\/loja\/wp-json\/wp\/v2\/users\/1"}],"replies":[{"embeddable":true,"href":"https:\/\/curiosidadesedicas.com\/loja\/wp-json\/wp\/v2\/comments?post=52"}],"version-history":[{"count":1,"href":"https:\/\/curiosidadesedicas.com\/loja\/wp-json\/wp\/v2\/pages\/52\/revisions"}],"predecessor-version":[{"id":2871,"href":"https:\/\/curiosidadesedicas.com\/loja\/wp-json\/wp\/v2\/pages\/52\/revisions\/2871"}],"wp:attachment":[{"href":"https:\/\/curiosidadesedicas.com\/loja\/wp-json\/wp\/v2\/media?parent=52"}],"curies":[{"name":"wp","href":"https:\/\/api.w.org\/{rel}","templated":true}]}}