{"id":1319,"date":"2017-01-02T08:30:09","date_gmt":"2017-01-02T08:30:09","guid":{"rendered":"https:\/\/demo.themegrill.com\/flash-default-2\/?page_id=12"},"modified":"2022-12-15T17:22:01","modified_gmt":"2022-12-15T17:22:01","slug":"contacte-nos","status":"publish","type":"page","link":"https:\/\/curiosidadesedicas.com\/loja\/contacte-nos\/","title":{"rendered":"Contacte-nos"},"content":{"rendered":"<div id=\"pl-1319\"  class=\"panel-layout\" ><div id=\"pg-1319-0\"  class=\"panel-grid panel-has-style\" ><div class=\"panel-row-style panel-row-style-for-1319-0\" ><div id=\"pgc-1319-0-0\"  class=\"panel-grid-cell\" ><div id=\"panel-1319-0-0-0\" class=\"so-panel widget widget_sow-editor panel-first-child\" data-index=\"0\" ><div\n\t\t\t\n\t\t\tclass=\"so-widget-sow-editor so-widget-sow-editor-base\"\n\t\t\t\n\t\t>\n<div class=\"siteorigin-widget-tinymce textwidget\">\n\t<h3 style=\"text-align: left;\">Preencha o formul\u00e1rio envie as suas d\u00favidas<\/h3>\n<\/div>\n<\/div><\/div><div id=\"panel-1319-0-0-1\" class=\"so-panel widget widget_sow-editor panel-last-child\" data-index=\"1\" ><div class=\"panel-widget-style panel-widget-style-for-1319-0-0-1\" ><div\n\t\t\t\n\t\t\tclass=\"so-widget-sow-editor so-widget-sow-editor-base\"\n\t\t\t\n\t\t>\n<div class=\"siteorigin-widget-tinymce textwidget\">\n\t<div class='gf_browser_gecko gform_wrapper' id='gform_wrapper_2' >\n<form method='post' enctype='multipart\/form-data'  id='gform_2'  action='\/loja\/wp-json\/wp\/v2\/pages\/1319'>\n<div class='gform_heading'>\n<h3 class='gform_title'>Contacte-nos<\/h3>\n<p>                            <span class='gform_description'><\/span>\n                        <\/div>\n<div class='gform_body'>\n<ul id='gform_fields_2' class='gform_fields top_label form_sublabel_below description_below'>\n<li id='field_2_1'  class='gfield gfield_contains_required field_sublabel_below field_description_below gfield_visibility_visible' ><label class='gfield_label gfield_label_before_complex'  >Nome<span class='gfield_required'>*<\/span><\/label>\n<div class='ginput_complex ginput_container no_prefix has_first_name no_middle_name has_last_name no_suffix gf_name_has_2 ginput_container_name' id='input_2_1'>\n<p>                            <span id='input_2_1_3_container' class='name_first' ><br \/>\n                                                    <input type='text' name='input_1.3' id='input_2_1_3' value='' aria-label='Primeiro nome'   aria-required=\"true\" aria-invalid=\"false\" \/><br \/>\n                                                    <label for='input_2_1_3' >Primeiro<\/label><br \/>\n                                                <\/span><\/p>\n<p>                            <span id='input_2_1_6_container' class='name_last' ><br \/>\n                                                    <input type='text' name='input_1.6' id='input_2_1_6' value='' aria-label='\u00daltimo nome'   aria-required=\"true\" aria-invalid=\"false\" \/><br \/>\n                                                    <label for='input_2_1_6' >\u00daltimo<\/label><br \/>\n                                                <\/span><\/p><\/div>\n<\/li>\n<li id='field_2_2'  class='gfield gfield_contains_required field_sublabel_below field_description_below gfield_visibility_visible' ><label class='gfield_label' for='input_2_2' >Email<span class='gfield_required'>*<\/span><\/label>\n<div class='ginput_container ginput_container_email'>\n                            <input name='input_2' id='input_2_2' type='text' value='' class='large'    aria-required=\"true\" aria-invalid=\"false\" \/>\n                        <\/div>\n<\/li>\n<li id='field_2_3'  class='gfield gfield_contains_required field_sublabel_below field_description_below gfield_visibility_visible' ><label class='gfield_label' for='input_2_3' >N\u00famero de Contacto<span class='gfield_required'>*<\/span><\/label>\n<div class='ginput_container ginput_container_text'><input name='input_3' id='input_2_3' type='text' value='' class='medium'     aria-required=\"true\" aria-invalid=\"false\" \/><\/div>\n<\/li>\n<li id='field_2_4'  class='gfield gfield_contains_required field_sublabel_below field_description_below gfield_visibility_visible' ><label class='gfield_label' for='input_2_4' >Assunto<span class='gfield_required'>*<\/span><\/label>\n<div class='ginput_container ginput_container_text'><input name='input_4' id='input_2_4' type='text' value='' class='large'     aria-required=\"true\" aria-invalid=\"false\" \/><\/div>\n<\/li>\n<li id='field_2_5'  class='gfield gfield_contains_required field_sublabel_below field_description_below gfield_visibility_visible' ><label class='gfield_label' for='input_2_5' >Mensagem<span class='gfield_required'>*<\/span><\/label>\n<div class='ginput_container ginput_container_textarea'><textarea name='input_5' id='input_2_5' class='textarea large'     aria-required=\"true\" aria-invalid=\"false\"   rows='10' cols='50'><\/textarea><\/div>\n<\/li>\n<li id='field_2_6'  class='gfield gform_validation_container field_sublabel_below field_description_below gfield_visibility_visible' ><label class='gfield_label' for='input_2_6' >Email<\/label>\n<div class='ginput_container'><input name='input_6' id='input_2_6' type='text' value='' \/><\/div>\n<div class='gfield_description' id='gfield_description__6'>Este campo \u00e9 para efeitos de valida\u00e7\u00e3o e deve ser mantido inalterado.<\/div>\n<\/li>\n<\/ul>\n<\/div>\n<div class='gform_footer top_label'> <input type='submit' id='gform_submit_button_2' class='gform_button button' value='Enviar'  onclick='if(window[\"gf_submitting_2\"]){return false;}  window[\"gf_submitting_2\"]=true;  ' onkeypress='if( event.keyCode == 13 ){ if(window[\"gf_submitting_2\"]){return false;} window[\"gf_submitting_2\"]=true;  jQuery(\"#gform_2\").trigger(\"submit\",[true]); }' \/><br \/>\n            <input type='hidden' class='gform_hidden' name='is_submit_2' value='1' \/><br \/>\n            <input type='hidden' class='gform_hidden' name='gform_submit' value='2' \/><\/p>\n<p>            <input type='hidden' class='gform_hidden' name='gform_unique_id' value='' \/><br \/>\n            <input type='hidden' class='gform_hidden' name='state_2' value='WyJbXSIsImI1MWEwNWZjZTVjYTg3M2I0NjdlNWU4OWNjNjBlMzA4Il0=' \/><br \/>\n            <input type='hidden' class='gform_hidden' name='gform_target_page_number_2' id='gform_target_page_number_2' value='0' \/><br \/>\n            <input type='hidden' class='gform_hidden' name='gform_source_page_number_2' id='gform_source_page_number_2' value='1' \/><br \/>\n            <input type='hidden' name='gform_field_values' value='' \/><\/p><\/div>\n<\/p><\/form>\n<\/p><\/div>\n<p><script type='text\/javascript'> jQuery(document).bind('gform_post_render', function(event, formId, currentPage){if(formId == 2) {} } );jQuery(document).bind('gform_post_conditional_logic', function(event, formId, fields, isInit){} );<\/script><script type='text\/javascript'> jQuery(document).ready(function(){jQuery(document).trigger('gform_post_render', [2, 1]) } ); <\/script><\/p>\n<\/div>\n<\/div><\/div><\/div><\/div><div id=\"pgc-1319-0-1\"  class=\"panel-grid-cell\" ><div id=\"panel-1319-0-1-0\" class=\"so-panel widget widget_sow-editor panel-first-child\" data-index=\"2\" ><div\n\t\t\t\n\t\t\tclass=\"so-widget-sow-editor so-widget-sow-editor-base\"\n\t\t\t\n\t\t>\n<div class=\"siteorigin-widget-tinymce textwidget\">\n\t<h3 style=\"text-align: left;\">Contactos<\/h3>\n<\/div>\n<\/div><\/div><div id=\"panel-1319-0-1-1\" class=\"so-panel widget widget_text\" data-index=\"3\" >\t\t\t<div class=\"textwidget\"><p>Telefone: +351 275 082 502<br \/>\n(chamada para a rede fixa nacional)<\/p>\n<p>Telem\u00f3vel : +351 932 953 992<br \/>\n(chamada para a rede m\u00f3vel nacional)<\/p>\n<p>Email: geral@curiosidadesedicas.com<\/p>\n<p>Morada: Rua Visconde da Coriscada n\u00ba 112, 6200-077 Covilh\u00e3<\/p>\n<\/div>\n\t\t<\/div><div id=\"panel-1319-0-1-2\" class=\"widget_text so-panel widget widget_custom_html panel-last-child\" data-index=\"4\" ><div class=\"textwidget custom-html-widget\"><iframe src=\"https:\/\/www.google.com\/maps\/embed?pb=!1m14!1m8!1m3!1d12175.009897285914!2d-7.510532947143557!3d40.28124839335735!3m2!1i1024!2i768!4f13.1!3m3!1m2!1s0x0%3A0x1187aed6775eca2a!2sCuriosidades%20%26%20Dicas%2C%20Lda.!5e0!3m2!1spt-PT!2spt!4v1617032008714!5m2!1spt-PT!2spt\" width=\"600\" height=\"450\" style=\"border:0;\" allowfullscreen=\"\" loading=\"lazy\"><\/iframe><\/div><\/div><\/div><\/div><\/div><\/div>","protected":false},"excerpt":{"rendered":"<p>Preencha o formul\u00e1rio envie as suas d\u00favidas Contactos Telefone: +351 275 082 502 (chamada para a rede fixa nacional) Telem\u00f3vel [&hellip;]<\/p>\n","protected":false},"author":1,"featured_media":0,"parent":0,"menu_order":0,"comment_status":"closed","ping_status":"closed","template":"page-templates\/pagebuilder.php","meta":{"_glsr_average":0,"_glsr_ranking":0,"_glsr_reviews":0,"footnotes":""},"class_list":["post-1319","page","type-page","status-publish","hentry"],"yoast_head":"<!-- This site is optimized with the Yoast SEO plugin v26.8 - https:\/\/yoast.com\/product\/yoast-seo-wordpress\/ -->\n<title>Contacte-nos - Curiosidades &amp; Dicas, Lda<\/title>\n<meta name=\"description\" content=\"N\u00f3s, da Curiosidades &amp; Dicas, somos apaixonados por inova\u00e7\u00e3o. Por isso, comercializamos artigos Vistos na TV e outros produtos \u00fateis que facilitam o dia a dia dos nossos clientes e, ainda, os ajudam a poupar \u00e1gua e energia. Na loja f\u00edsica, na loja on-line, por telefone ou nas nossas redes sociais, o cliente tem o melhor atendimento e uma p\u00f3s-venda de excel\u00eancia. Da Covilh\u00e3 para o mundo: Curiosidades &amp; Dicas.\" \/>\n<meta name=\"robots\" content=\"index, follow, max-snippet:-1, max-image-preview:large, max-video-preview:-1\" \/>\n<link rel=\"canonical\" href=\"https:\/\/curiosidadesedicas.com\/loja\/contacte-nos\/\" \/>\n<meta property=\"og:locale\" content=\"pt_PT\" \/>\n<meta property=\"og:type\" content=\"article\" \/>\n<meta property=\"og:title\" content=\"Contacte-nos - Curiosidades &amp; Dicas, Lda\" \/>\n<meta property=\"og:description\" content=\"N\u00f3s, da Curiosidades &amp; Dicas, somos apaixonados por inova\u00e7\u00e3o. Por isso, comercializamos artigos Vistos na TV e outros produtos \u00fateis que facilitam o dia a dia dos nossos clientes e, ainda, os ajudam a poupar \u00e1gua e energia. Na loja f\u00edsica, na loja on-line, por telefone ou nas nossas redes sociais, o cliente tem o melhor atendimento e uma p\u00f3s-venda de excel\u00eancia. Da Covilh\u00e3 para o mundo: Curiosidades &amp; Dicas.\" \/>\n<meta property=\"og:url\" content=\"https:\/\/curiosidadesedicas.com\/loja\/contacte-nos\/\" \/>\n<meta property=\"og:site_name\" content=\"Curiosidades &amp; Dicas, Lda\" \/>\n<meta property=\"article:modified_time\" content=\"2022-12-15T17:22:01+00:00\" \/>\n<meta name=\"twitter:card\" content=\"summary_large_image\" \/>\n<meta name=\"twitter:label1\" content=\"Tempo estimado de leitura\" \/>\n\t<meta name=\"twitter:data1\" content=\"1 minuto\" \/>\n<script type=\"application\/ld+json\" class=\"yoast-schema-graph\">{\"@context\":\"https:\/\/schema.org\",\"@graph\":[{\"@type\":\"WebPage\",\"@id\":\"https:\/\/curiosidadesedicas.com\/loja\/contacte-nos\/\",\"url\":\"https:\/\/curiosidadesedicas.com\/loja\/contacte-nos\/\",\"name\":\"Contacte-nos - Curiosidades &amp; Dicas, Lda\",\"isPartOf\":{\"@id\":\"https:\/\/curiosidadesedicas.com\/loja\/#website\"},\"datePublished\":\"2017-01-02T08:30:09+00:00\",\"dateModified\":\"2022-12-15T17:22:01+00:00\",\"description\":\"N\u00f3s, da Curiosidades & Dicas, somos apaixonados por inova\u00e7\u00e3o. Por isso, comercializamos artigos Vistos na TV e outros produtos \u00fateis que facilitam o dia a dia dos nossos clientes e, ainda, os ajudam a poupar \u00e1gua e energia. Na loja f\u00edsica, na loja on-line, por telefone ou nas nossas redes sociais, o cliente tem o melhor atendimento e uma p\u00f3s-venda de excel\u00eancia. Da Covilh\u00e3 para o mundo: Curiosidades & Dicas.\",\"breadcrumb\":{\"@id\":\"https:\/\/curiosidadesedicas.com\/loja\/contacte-nos\/#breadcrumb\"},\"inLanguage\":\"pt-PT\",\"potentialAction\":[{\"@type\":\"ReadAction\",\"target\":[\"https:\/\/curiosidadesedicas.com\/loja\/contacte-nos\/\"]}]},{\"@type\":\"BreadcrumbList\",\"@id\":\"https:\/\/curiosidadesedicas.com\/loja\/contacte-nos\/#breadcrumb\",\"itemListElement\":[{\"@type\":\"ListItem\",\"position\":1,\"name\":\"In\u00edcio\",\"item\":\"https:\/\/curiosidadesedicas.com\/loja\/\"},{\"@type\":\"ListItem\",\"position\":2,\"name\":\"Contacte-nos\"}]},{\"@type\":\"WebSite\",\"@id\":\"https:\/\/curiosidadesedicas.com\/loja\/#website\",\"url\":\"https:\/\/curiosidadesedicas.com\/loja\/\",\"name\":\"Curiosidades &amp; Dicas, Lda\",\"description\":\"Apaixonados Por Inova\u00e7\u00e3o\",\"publisher\":{\"@id\":\"https:\/\/curiosidadesedicas.com\/loja\/#organization\"},\"potentialAction\":[{\"@type\":\"SearchAction\",\"target\":{\"@type\":\"EntryPoint\",\"urlTemplate\":\"https:\/\/curiosidadesedicas.com\/loja\/?s={search_term_string}\"},\"query-input\":{\"@type\":\"PropertyValueSpecification\",\"valueRequired\":true,\"valueName\":\"search_term_string\"}}],\"inLanguage\":\"pt-PT\"},{\"@type\":\"Organization\",\"@id\":\"https:\/\/curiosidadesedicas.com\/loja\/#organization\",\"name\":\"Curiosidades & Dicas\",\"url\":\"https:\/\/curiosidadesedicas.com\/loja\/\",\"logo\":{\"@type\":\"ImageObject\",\"inLanguage\":\"pt-PT\",\"@id\":\"https:\/\/curiosidadesedicas.com\/loja\/#\/schema\/logo\/image\/\",\"url\":\"https:\/\/curiosidadesedicas.com\/loja\/wp-content\/uploads\/2020\/05\/LogoCuriosidadesSimples.png\",\"contentUrl\":\"https:\/\/curiosidadesedicas.com\/loja\/wp-content\/uploads\/2020\/05\/LogoCuriosidadesSimples.png\",\"width\":3528,\"height\":804,\"caption\":\"Curiosidades & Dicas\"},\"image\":{\"@id\":\"https:\/\/curiosidadesedicas.com\/loja\/#\/schema\/logo\/image\/\"}}]}<\/script>\n<!-- \/ Yoast SEO plugin. -->","yoast_head_json":{"title":"Contacte-nos - Curiosidades &amp; Dicas, Lda","description":"N\u00f3s, da Curiosidades & Dicas, somos apaixonados por inova\u00e7\u00e3o. Por isso, comercializamos artigos Vistos na TV e outros produtos \u00fateis que facilitam o dia a dia dos nossos clientes e, ainda, os ajudam a poupar \u00e1gua e energia. Na loja f\u00edsica, na loja on-line, por telefone ou nas nossas redes sociais, o cliente tem o melhor atendimento e uma p\u00f3s-venda de excel\u00eancia. Da Covilh\u00e3 para o mundo: Curiosidades & Dicas.","robots":{"index":"index","follow":"follow","max-snippet":"max-snippet:-1","max-image-preview":"max-image-preview:large","max-video-preview":"max-video-preview:-1"},"canonical":"https:\/\/curiosidadesedicas.com\/loja\/contacte-nos\/","og_locale":"pt_PT","og_type":"article","og_title":"Contacte-nos - Curiosidades &amp; Dicas, Lda","og_description":"N\u00f3s, da Curiosidades & Dicas, somos apaixonados por inova\u00e7\u00e3o. Por isso, comercializamos artigos Vistos na TV e outros produtos \u00fateis que facilitam o dia a dia dos nossos clientes e, ainda, os ajudam a poupar \u00e1gua e energia. Na loja f\u00edsica, na loja on-line, por telefone ou nas nossas redes sociais, o cliente tem o melhor atendimento e uma p\u00f3s-venda de excel\u00eancia. Da Covilh\u00e3 para o mundo: Curiosidades & Dicas.","og_url":"https:\/\/curiosidadesedicas.com\/loja\/contacte-nos\/","og_site_name":"Curiosidades &amp; Dicas, Lda","article_modified_time":"2022-12-15T17:22:01+00:00","twitter_card":"summary_large_image","twitter_misc":{"Tempo estimado de leitura":"1 minuto"},"schema":{"@context":"https:\/\/schema.org","@graph":[{"@type":"WebPage","@id":"https:\/\/curiosidadesedicas.com\/loja\/contacte-nos\/","url":"https:\/\/curiosidadesedicas.com\/loja\/contacte-nos\/","name":"Contacte-nos - Curiosidades &amp; Dicas, Lda","isPartOf":{"@id":"https:\/\/curiosidadesedicas.com\/loja\/#website"},"datePublished":"2017-01-02T08:30:09+00:00","dateModified":"2022-12-15T17:22:01+00:00","description":"N\u00f3s, da Curiosidades & Dicas, somos apaixonados por inova\u00e7\u00e3o. Por isso, comercializamos artigos Vistos na TV e outros produtos \u00fateis que facilitam o dia a dia dos nossos clientes e, ainda, os ajudam a poupar \u00e1gua e energia. Na loja f\u00edsica, na loja on-line, por telefone ou nas nossas redes sociais, o cliente tem o melhor atendimento e uma p\u00f3s-venda de excel\u00eancia. Da Covilh\u00e3 para o mundo: Curiosidades & Dicas.","breadcrumb":{"@id":"https:\/\/curiosidadesedicas.com\/loja\/contacte-nos\/#breadcrumb"},"inLanguage":"pt-PT","potentialAction":[{"@type":"ReadAction","target":["https:\/\/curiosidadesedicas.com\/loja\/contacte-nos\/"]}]},{"@type":"BreadcrumbList","@id":"https:\/\/curiosidadesedicas.com\/loja\/contacte-nos\/#breadcrumb","itemListElement":[{"@type":"ListItem","position":1,"name":"In\u00edcio","item":"https:\/\/curiosidadesedicas.com\/loja\/"},{"@type":"ListItem","position":2,"name":"Contacte-nos"}]},{"@type":"WebSite","@id":"https:\/\/curiosidadesedicas.com\/loja\/#website","url":"https:\/\/curiosidadesedicas.com\/loja\/","name":"Curiosidades &amp; Dicas, Lda","description":"Apaixonados Por Inova\u00e7\u00e3o","publisher":{"@id":"https:\/\/curiosidadesedicas.com\/loja\/#organization"},"potentialAction":[{"@type":"SearchAction","target":{"@type":"EntryPoint","urlTemplate":"https:\/\/curiosidadesedicas.com\/loja\/?s={search_term_string}"},"query-input":{"@type":"PropertyValueSpecification","valueRequired":true,"valueName":"search_term_string"}}],"inLanguage":"pt-PT"},{"@type":"Organization","@id":"https:\/\/curiosidadesedicas.com\/loja\/#organization","name":"Curiosidades & Dicas","url":"https:\/\/curiosidadesedicas.com\/loja\/","logo":{"@type":"ImageObject","inLanguage":"pt-PT","@id":"https:\/\/curiosidadesedicas.com\/loja\/#\/schema\/logo\/image\/","url":"https:\/\/curiosidadesedicas.com\/loja\/wp-content\/uploads\/2020\/05\/LogoCuriosidadesSimples.png","contentUrl":"https:\/\/curiosidadesedicas.com\/loja\/wp-content\/uploads\/2020\/05\/LogoCuriosidadesSimples.png","width":3528,"height":804,"caption":"Curiosidades & Dicas"},"image":{"@id":"https:\/\/curiosidadesedicas.com\/loja\/#\/schema\/logo\/image\/"}}]}},"_links":{"self":[{"href":"https:\/\/curiosidadesedicas.com\/loja\/wp-json\/wp\/v2\/pages\/1319","targetHints":{"allow":["GET"]}}],"collection":[{"href":"https:\/\/curiosidadesedicas.com\/loja\/wp-json\/wp\/v2\/pages"}],"about":[{"href":"https:\/\/curiosidadesedicas.com\/loja\/wp-json\/wp\/v2\/types\/page"}],"author":[{"embeddable":true,"href":"https:\/\/curiosidadesedicas.com\/loja\/wp-json\/wp\/v2\/users\/1"}],"replies":[{"embeddable":true,"href":"https:\/\/curiosidadesedicas.com\/loja\/wp-json\/wp\/v2\/comments?post=1319"}],"version-history":[{"count":19,"href":"https:\/\/curiosidadesedicas.com\/loja\/wp-json\/wp\/v2\/pages\/1319\/revisions"}],"predecessor-version":[{"id":28301,"href":"https:\/\/curiosidadesedicas.com\/loja\/wp-json\/wp\/v2\/pages\/1319\/revisions\/28301"}],"wp:attachment":[{"href":"https:\/\/curiosidadesedicas.com\/loja\/wp-json\/wp\/v2\/media?parent=1319"}],"curies":[{"name":"wp","href":"https:\/\/api.w.org\/{rel}","templated":true}]}}