{"id":35312,"date":"2026-04-20T16:03:53","date_gmt":"2026-04-20T16:03:53","guid":{"rendered":"https:\/\/curiosidadesedicas.com\/loja\/?post_type=product&#038;p=35312"},"modified":"2026-04-27T13:43:31","modified_gmt":"2026-04-27T13:43:31","slug":"radio-solar-lanterna-gerador-de-bateria-px-777","status":"publish","type":"product","link":"https:\/\/curiosidadesedicas.com\/loja\/en\/product\/radio-solar-lanterna-gerador-de-bateria-px-777\/","title":{"rendered":"R\u00c1DIO SOLAR\/ LANTERNA\/ GERADOR DE BATERIA | PX-777"},"content":{"rendered":"<table width=\"529\">\n<tbody>\n<tr>\n<td>Bandas:<\/td>\n<td>AM\/FM\/SW para sintonizar as suas esta\u00e7\u00f5es favoritas<\/td>\n<\/tr>\n<tr>\n<td>Painel solar:<\/td>\n<td>Sim, na parte traseira para carregamento ecol\u00f3gico<\/td>\n<\/tr>\n<tr>\n<td>Bateria:<\/td>\n<td>Sim, Bateria de l\u00edtio 18650 incorporada para desempenho duradouro<\/td>\n<\/tr>\n<tr>\n<td>Suporta:<\/td>\n<td>cart\u00e3o TF, USB, Bluetooth e inclui uma lanterna<\/td>\n<\/tr>\n<tr>\n<td>MP3:<\/td>\n<td>MP3 Music Play<\/td>\n<\/tr>\n<tr>\n<td>Manivela para carregamento manual:<\/td>\n<td>mantenha-se ligado mesmo fora da rede<\/td>\n<\/tr>\n<tr>\n<td>Tamanho compacto:<\/td>\n<td>18cm x 10cm x 6,5cm para f\u00e1cil transporte<\/td>\n<\/tr>\n<tr>\n<td>Aspeto:<\/td>\n<td>vintage com funcionalidade moderna<\/td>\n<\/tr>\n<\/tbody>\n<\/table>","protected":false},"excerpt":{"rendered":"<p>Experimente a combina\u00e7\u00e3o perfeita de design retro e tecnologia moderna com o R\u00e1dio Multifuncional Solar PX 777. Quer seja um campista entusiasta, um amante da sobreviv\u00eancia ou simplesmente adore o ar livre, este r\u00e1dio foi concebido para o manter ligado e entretido.<\/p>\n<p>https:\/\/www.youtube.com\/shorts\/EqpGG9BLLlI?feature=share<\/p>\n<p>Esteja preparado para qualquer situa\u00e7\u00e3o com o r\u00e1dio PX-777. M\u00fasica, not\u00edcias ou emiss\u00f5es de emerg\u00eancia, este r\u00e1dio garante que est\u00e1 sempre informado, onde quer que esteja.<\/p>","protected":false},"featured_media":35313,"comment_status":"open","ping_status":"closed","template":"","meta":{"_glsr_average":0,"_glsr_ranking":0,"_glsr_reviews":0},"product_brand":[],"product_cat":[555,345,349,376],"product_tag":[],"class_list":{"0":"post-35312","1":"product","2":"type-product","3":"status-publish","4":"has-post-thumbnail","6":"product_cat-radio","7":"product_cat-gadgets-led","8":"product_cat-lanternas-led","9":"product_cat-som-e-imagem","11":"first","12":"instock","13":"taxable","14":"shipping-taxable","15":"purchasable","16":"product-type-simple"},"yoast_head":"<!-- This site is optimized with the Yoast SEO plugin v26.8 - https:\/\/yoast.com\/product\/yoast-seo-wordpress\/ -->\n<title>R\u00c1DIO SOLAR\/ LANTERNA\/ GERADOR DE BATERIA | PX-777 - Curiosidades &amp; Dicas, Lda<\/title>\n<meta name=\"robots\" content=\"index, follow, max-snippet:-1, max-image-preview:large, max-video-preview:-1\" \/>\n<link rel=\"canonical\" href=\"https:\/\/curiosidadesedicas.com\/loja\/en\/product\/radio-solar-lanterna-gerador-de-bateria-px-777\/\" \/>\n<meta property=\"og:locale\" content=\"en_US\" \/>\n<meta property=\"og:type\" content=\"article\" \/>\n<meta property=\"og:title\" content=\"R\u00c1DIO SOLAR\/ LANTERNA\/ GERADOR DE BATERIA | PX-777 - Curiosidades &amp; Dicas, Lda\" \/>\n<meta property=\"og:description\" content=\"Experimente a combina\u00e7\u00e3o perfeita de design retro e tecnologia moderna com o R\u00e1dio Multifuncional Solar PX 777. Quer seja um campista entusiasta, um amante da sobreviv\u00eancia ou simplesmente adore o ar livre, este r\u00e1dio foi concebido para o manter ligado e entretido.  https:\/\/www.youtube.com\/shorts\/EqpGG9BLLlI?feature=share  Esteja preparado para qualquer situa\u00e7\u00e3o com o r\u00e1dio PX-777. M\u00fasica, not\u00edcias ou emiss\u00f5es de emerg\u00eancia, este r\u00e1dio garante que est\u00e1 sempre informado, onde quer que esteja.\" \/>\n<meta property=\"og:url\" content=\"https:\/\/curiosidadesedicas.com\/loja\/en\/product\/radio-solar-lanterna-gerador-de-bateria-px-777\/\" \/>\n<meta property=\"og:site_name\" content=\"Curiosidades &amp; Dicas, Lda\" \/>\n<meta property=\"article:modified_time\" content=\"2026-04-27T13:43:31+00:00\" \/>\n<meta property=\"og:image\" content=\"https:\/\/curiosidadesedicas.com\/loja\/wp-content\/uploads\/2026\/04\/foto.png\" \/>\n\t<meta property=\"og:image:width\" content=\"546\" \/>\n\t<meta property=\"og:image:height\" content=\"563\" \/>\n\t<meta property=\"og:image:type\" content=\"image\/png\" \/>\n<meta name=\"twitter:card\" content=\"summary_large_image\" \/>\n<meta name=\"twitter:label1\" content=\"Est. reading time\" \/>\n\t<meta name=\"twitter:data1\" content=\"1 minute\" \/>\n<script type=\"application\/ld+json\" class=\"yoast-schema-graph\">{\"@context\":\"https:\/\/schema.org\",\"@graph\":[{\"@type\":\"WebPage\",\"@id\":\"https:\/\/curiosidadesedicas.com\/loja\/produto\/radio-solar-lanterna-gerador-de-bateria-px-777\/\",\"url\":\"https:\/\/curiosidadesedicas.com\/loja\/produto\/radio-solar-lanterna-gerador-de-bateria-px-777\/\",\"name\":\"R\u00c1DIO SOLAR\/ LANTERNA\/ GERADOR DE BATERIA | PX-777 - Curiosidades &amp; Dicas, Lda\",\"isPartOf\":{\"@id\":\"https:\/\/curiosidadesedicas.com\/loja\/#website\"},\"primaryImageOfPage\":{\"@id\":\"https:\/\/curiosidadesedicas.com\/loja\/produto\/radio-solar-lanterna-gerador-de-bateria-px-777\/#primaryimage\"},\"image\":{\"@id\":\"https:\/\/curiosidadesedicas.com\/loja\/produto\/radio-solar-lanterna-gerador-de-bateria-px-777\/#primaryimage\"},\"thumbnailUrl\":\"https:\/\/curiosidadesedicas.com\/loja\/wp-content\/uploads\/2026\/04\/foto.png\",\"datePublished\":\"2026-04-20T16:03:53+00:00\",\"dateModified\":\"2026-04-27T13:43:31+00:00\",\"breadcrumb\":{\"@id\":\"https:\/\/curiosidadesedicas.com\/loja\/produto\/radio-solar-lanterna-gerador-de-bateria-px-777\/#breadcrumb\"},\"inLanguage\":\"en-US\",\"potentialAction\":[{\"@type\":\"ReadAction\",\"target\":[\"https:\/\/curiosidadesedicas.com\/loja\/produto\/radio-solar-lanterna-gerador-de-bateria-px-777\/\"]}]},{\"@type\":\"ImageObject\",\"inLanguage\":\"en-US\",\"@id\":\"https:\/\/curiosidadesedicas.com\/loja\/produto\/radio-solar-lanterna-gerador-de-bateria-px-777\/#primaryimage\",\"url\":\"https:\/\/curiosidadesedicas.com\/loja\/wp-content\/uploads\/2026\/04\/foto.png\",\"contentUrl\":\"https:\/\/curiosidadesedicas.com\/loja\/wp-content\/uploads\/2026\/04\/foto.png\",\"width\":546,\"height\":563},{\"@type\":\"BreadcrumbList\",\"@id\":\"https:\/\/curiosidadesedicas.com\/loja\/produto\/radio-solar-lanterna-gerador-de-bateria-px-777\/#breadcrumb\",\"itemListElement\":[{\"@type\":\"ListItem\",\"position\":1,\"name\":\"In\u00edcio\",\"item\":\"https:\/\/curiosidadesedicas.com\/loja\/\"},{\"@type\":\"ListItem\",\"position\":2,\"name\":\"Produtos\",\"item\":\"https:\/\/curiosidadesedicas.com\/loja\/produtos\/\"},{\"@type\":\"ListItem\",\"position\":3,\"name\":\"R\u00c1DIO SOLAR\/ LANTERNA\/ GERADOR DE BATERIA | PX-777\"}]},{\"@type\":\"WebSite\",\"@id\":\"https:\/\/curiosidadesedicas.com\/loja\/#website\",\"url\":\"https:\/\/curiosidadesedicas.com\/loja\/\",\"name\":\"Curiosidades &amp; Dicas, Lda\",\"description\":\"Apaixonados Por Inova\u00e7\u00e3o\",\"publisher\":{\"@id\":\"https:\/\/curiosidadesedicas.com\/loja\/#organization\"},\"potentialAction\":[{\"@type\":\"SearchAction\",\"target\":{\"@type\":\"EntryPoint\",\"urlTemplate\":\"https:\/\/curiosidadesedicas.com\/loja\/?s={search_term_string}\"},\"query-input\":{\"@type\":\"PropertyValueSpecification\",\"valueRequired\":true,\"valueName\":\"search_term_string\"}}],\"inLanguage\":\"en-US\"},{\"@type\":\"Organization\",\"@id\":\"https:\/\/curiosidadesedicas.com\/loja\/#organization\",\"name\":\"Curiosidades & Dicas\",\"url\":\"https:\/\/curiosidadesedicas.com\/loja\/\",\"logo\":{\"@type\":\"ImageObject\",\"inLanguage\":\"en-US\",\"@id\":\"https:\/\/curiosidadesedicas.com\/loja\/#\/schema\/logo\/image\/\",\"url\":\"https:\/\/curiosidadesedicas.com\/loja\/wp-content\/uploads\/2020\/05\/LogoCuriosidadesSimples.png\",\"contentUrl\":\"https:\/\/curiosidadesedicas.com\/loja\/wp-content\/uploads\/2020\/05\/LogoCuriosidadesSimples.png\",\"width\":3528,\"height\":804,\"caption\":\"Curiosidades & Dicas\"},\"image\":{\"@id\":\"https:\/\/curiosidadesedicas.com\/loja\/#\/schema\/logo\/image\/\"}}]}<\/script>\n<!-- \/ Yoast SEO plugin. -->","yoast_head_json":{"title":"R\u00c1DIO SOLAR\/ LANTERNA\/ GERADOR DE BATERIA | PX-777 - Curiosidades &amp; Dicas, Lda","robots":{"index":"index","follow":"follow","max-snippet":"max-snippet:-1","max-image-preview":"max-image-preview:large","max-video-preview":"max-video-preview:-1"},"canonical":"https:\/\/curiosidadesedicas.com\/loja\/en\/product\/radio-solar-lanterna-gerador-de-bateria-px-777\/","og_locale":"en_US","og_type":"article","og_title":"R\u00c1DIO SOLAR\/ LANTERNA\/ GERADOR DE BATERIA | PX-777 - Curiosidades &amp; Dicas, Lda","og_description":"Experimente a combina\u00e7\u00e3o perfeita de design retro e tecnologia moderna com o R\u00e1dio Multifuncional Solar PX 777. Quer seja um campista entusiasta, um amante da sobreviv\u00eancia ou simplesmente adore o ar livre, este r\u00e1dio foi concebido para o manter ligado e entretido.  https:\/\/www.youtube.com\/shorts\/EqpGG9BLLlI?feature=share  Esteja preparado para qualquer situa\u00e7\u00e3o com o r\u00e1dio PX-777. M\u00fasica, not\u00edcias ou emiss\u00f5es de emerg\u00eancia, este r\u00e1dio garante que est\u00e1 sempre informado, onde quer que esteja.","og_url":"https:\/\/curiosidadesedicas.com\/loja\/en\/product\/radio-solar-lanterna-gerador-de-bateria-px-777\/","og_site_name":"Curiosidades &amp; Dicas, Lda","article_modified_time":"2026-04-27T13:43:31+00:00","og_image":[{"width":546,"height":563,"url":"https:\/\/curiosidadesedicas.com\/loja\/wp-content\/uploads\/2026\/04\/foto.png","type":"image\/png"}],"twitter_card":"summary_large_image","twitter_misc":{"Est. reading time":"1 minute"},"schema":{"@context":"https:\/\/schema.org","@graph":[{"@type":"WebPage","@id":"https:\/\/curiosidadesedicas.com\/loja\/produto\/radio-solar-lanterna-gerador-de-bateria-px-777\/","url":"https:\/\/curiosidadesedicas.com\/loja\/produto\/radio-solar-lanterna-gerador-de-bateria-px-777\/","name":"R\u00c1DIO SOLAR\/ LANTERNA\/ GERADOR DE BATERIA | PX-777 - Curiosidades &amp; Dicas, Lda","isPartOf":{"@id":"https:\/\/curiosidadesedicas.com\/loja\/#website"},"primaryImageOfPage":{"@id":"https:\/\/curiosidadesedicas.com\/loja\/produto\/radio-solar-lanterna-gerador-de-bateria-px-777\/#primaryimage"},"image":{"@id":"https:\/\/curiosidadesedicas.com\/loja\/produto\/radio-solar-lanterna-gerador-de-bateria-px-777\/#primaryimage"},"thumbnailUrl":"https:\/\/curiosidadesedicas.com\/loja\/wp-content\/uploads\/2026\/04\/foto.png","datePublished":"2026-04-20T16:03:53+00:00","dateModified":"2026-04-27T13:43:31+00:00","breadcrumb":{"@id":"https:\/\/curiosidadesedicas.com\/loja\/produto\/radio-solar-lanterna-gerador-de-bateria-px-777\/#breadcrumb"},"inLanguage":"en-US","potentialAction":[{"@type":"ReadAction","target":["https:\/\/curiosidadesedicas.com\/loja\/produto\/radio-solar-lanterna-gerador-de-bateria-px-777\/"]}]},{"@type":"ImageObject","inLanguage":"en-US","@id":"https:\/\/curiosidadesedicas.com\/loja\/produto\/radio-solar-lanterna-gerador-de-bateria-px-777\/#primaryimage","url":"https:\/\/curiosidadesedicas.com\/loja\/wp-content\/uploads\/2026\/04\/foto.png","contentUrl":"https:\/\/curiosidadesedicas.com\/loja\/wp-content\/uploads\/2026\/04\/foto.png","width":546,"height":563},{"@type":"BreadcrumbList","@id":"https:\/\/curiosidadesedicas.com\/loja\/produto\/radio-solar-lanterna-gerador-de-bateria-px-777\/#breadcrumb","itemListElement":[{"@type":"ListItem","position":1,"name":"In\u00edcio","item":"https:\/\/curiosidadesedicas.com\/loja\/"},{"@type":"ListItem","position":2,"name":"Produtos","item":"https:\/\/curiosidadesedicas.com\/loja\/produtos\/"},{"@type":"ListItem","position":3,"name":"R\u00c1DIO SOLAR\/ LANTERNA\/ GERADOR DE BATERIA | PX-777"}]},{"@type":"WebSite","@id":"https:\/\/curiosidadesedicas.com\/loja\/#website","url":"https:\/\/curiosidadesedicas.com\/loja\/","name":"Curiosidades &amp; Dicas, Lda","description":"Apaixonados Por Inova\u00e7\u00e3o","publisher":{"@id":"https:\/\/curiosidadesedicas.com\/loja\/#organization"},"potentialAction":[{"@type":"SearchAction","target":{"@type":"EntryPoint","urlTemplate":"https:\/\/curiosidadesedicas.com\/loja\/?s={search_term_string}"},"query-input":{"@type":"PropertyValueSpecification","valueRequired":true,"valueName":"search_term_string"}}],"inLanguage":"en-US"},{"@type":"Organization","@id":"https:\/\/curiosidadesedicas.com\/loja\/#organization","name":"Curiosidades & Dicas","url":"https:\/\/curiosidadesedicas.com\/loja\/","logo":{"@type":"ImageObject","inLanguage":"en-US","@id":"https:\/\/curiosidadesedicas.com\/loja\/#\/schema\/logo\/image\/","url":"https:\/\/curiosidadesedicas.com\/loja\/wp-content\/uploads\/2020\/05\/LogoCuriosidadesSimples.png","contentUrl":"https:\/\/curiosidadesedicas.com\/loja\/wp-content\/uploads\/2020\/05\/LogoCuriosidadesSimples.png","width":3528,"height":804,"caption":"Curiosidades & Dicas"},"image":{"@id":"https:\/\/curiosidadesedicas.com\/loja\/#\/schema\/logo\/image\/"}}]}},"_links":{"self":[{"href":"https:\/\/curiosidadesedicas.com\/loja\/en\/wp-json\/wp\/v2\/product\/35312","targetHints":{"allow":["GET"]}}],"collection":[{"href":"https:\/\/curiosidadesedicas.com\/loja\/en\/wp-json\/wp\/v2\/product"}],"about":[{"href":"https:\/\/curiosidadesedicas.com\/loja\/en\/wp-json\/wp\/v2\/types\/product"}],"replies":[{"embeddable":true,"href":"https:\/\/curiosidadesedicas.com\/loja\/en\/wp-json\/wp\/v2\/comments?post=35312"}],"wp:featuredmedia":[{"embeddable":true,"href":"https:\/\/curiosidadesedicas.com\/loja\/en\/wp-json\/wp\/v2\/media\/35313"}],"wp:attachment":[{"href":"https:\/\/curiosidadesedicas.com\/loja\/en\/wp-json\/wp\/v2\/media?parent=35312"}],"wp:term":[{"taxonomy":"product_brand","embeddable":true,"href":"https:\/\/curiosidadesedicas.com\/loja\/en\/wp-json\/wp\/v2\/product_brand?post=35312"},{"taxonomy":"product_cat","embeddable":true,"href":"https:\/\/curiosidadesedicas.com\/loja\/en\/wp-json\/wp\/v2\/product_cat?post=35312"},{"taxonomy":"product_tag","embeddable":true,"href":"https:\/\/curiosidadesedicas.com\/loja\/en\/wp-json\/wp\/v2\/product_tag?post=35312"}],"curies":[{"name":"wp","href":"https:\/\/api.w.org\/{rel}","templated":true}]}}