{"id":35277,"date":"2026-02-09T13:18:57","date_gmt":"2026-02-09T13:18:57","guid":{"rendered":"https:\/\/curiosidadesedicas.com\/loja\/?post_type=product&#038;p=35277"},"modified":"2026-02-09T15:02:55","modified_gmt":"2026-02-09T15:02:55","slug":"topper-sobre-colchao-viscoelastico-150-x-190cm","status":"publish","type":"product","link":"https:\/\/curiosidadesedicas.com\/loja\/en\/product\/topper-sobre-colchao-viscoelastico-150-x-190cm\/","title":{"rendered":"TOPPER &#8211; SOBRE COLCH\u00c3O VISCOEL\u00c1STICO | 150 X 190CM"},"content":{"rendered":"<p>Os toppers s\u00e3o complementos muito \u00fateis e v\u00e1lidos para melhorar o descanso e o desempenho original do colch\u00e3o, tornando-o mais confort\u00e1vel e adaptando-o \u00e0s necessidades do adormecido.<\/p>\n<p>Tem 4 cm de viscoel\u00e1stico e proporciona uma agrad\u00e1vel sensa\u00e7\u00e3o de descanso, reduzindo os pontos de press\u00e3o e aumentando a adaptabilidade e flexibilidade.<\/p>\n<ul>\n<li>Tecido Strech: Este tecido el\u00e1stico \u00e9 muito ben\u00e9fico, j\u00e1 que proporciona um maior\u00a0 movimento sem renunciar a pr\u00f3pria adapta\u00e7\u00e3o da viscoel\u00e1stica.<\/li>\n<li>Tratamento anti\u00e1caros: Estre tratamento impede a prolifera\u00e7\u00e3o de \u00e1caros. Atua como barreira higi\u00e9nica e mant\u00e9m o seu conjunto de descanso protegido.<\/li>\n<li>Silencioso: Silencioso ao n\u00e3o possuir nenhum sistema de molas que possam produzir ru\u00eddos durante nossos movimentos no descanso.<\/li>\n<\/ul>","protected":false},"excerpt":{"rendered":"<p>Um descanso mais duradouro. Elimine a dureza do seu colch\u00e3o, liberte a press\u00e3o e obtenha um descanso mais suave e adapt\u00e1vel. Aperfei\u00e7oe os seus sonhos todas as noites gra\u00e7as \u00e0 sua camada de 4 cm de viscoel\u00e1stico e durma sem interrup\u00e7\u00f5es.<img decoding=\"async\" class=\"aligncenter\" src=\"https:\/\/curiosidadesedicas.com\/loja\/wp-content\/uploads\/2026\/02\/Capturar-3.png\" \/><\/p>\n<p>Melhore o desempenho do seu colch\u00e3o com esta solu\u00e7\u00e3o pr\u00e1tica e adapte-o a si.<\/p>\n<ul>\n<li>Altura total: 4 cm (+\/- 3 cm)<\/li>\n<li>Articul\u00e1vel:\n<ul>\n<li>N\u00e3o<\/li>\n<\/ul>\n<\/li>\n<li>Capa:\n<ul>\n<li>Remov\u00edvel<\/li>\n<\/ul>\n<\/li>\n<li>Firmeza:\n<ul>\n<li>M\u00e9dia-Suave<\/li>\n<\/ul>\n<\/li>\n<li>Transpirabilidade:\n<ul>\n<li>M\u00e9dia<\/li>\n<\/ul>\n<\/li>\n<li>\u00a0Adaptabilidade:\n<ul>\n<li>Muito Boa<\/li>\n<\/ul>\n<\/li>\n<\/ul>\n<p><strong>Entrega 3-5 dias uteis<\/strong><\/p>","protected":false},"featured_media":35279,"comment_status":"open","ping_status":"closed","template":"","meta":{"_glsr_average":0,"_glsr_ranking":0,"_glsr_reviews":0},"product_brand":[],"product_cat":[357,364,365,514],"product_tag":[],"class_list":{"0":"post-35277","1":"product","2":"type-product","3":"status-publish","4":"has-post-thumbnail","6":"product_cat-bem-estar","7":"product_cat-colchoes","8":"product_cat-para-o-lar","9":"product_cat-colchoes-para-o-lar","11":"first","12":"instock","13":"taxable","14":"shipping-taxable","15":"purchasable","16":"product-type-simple"},"yoast_head":"<!-- This site is optimized with the Yoast SEO plugin v26.8 - https:\/\/yoast.com\/product\/yoast-seo-wordpress\/ -->\n<title>TOPPER - SOBRE COLCH\u00c3O VISCOEL\u00c1STICO | 150 X 190CM - Curiosidades &amp; Dicas, Lda<\/title>\n<meta name=\"robots\" content=\"index, follow, max-snippet:-1, max-image-preview:large, max-video-preview:-1\" \/>\n<link rel=\"canonical\" href=\"https:\/\/curiosidadesedicas.com\/loja\/en\/product\/topper-sobre-colchao-viscoelastico-150-x-190cm\/\" \/>\n<meta property=\"og:locale\" content=\"en_US\" \/>\n<meta property=\"og:type\" content=\"article\" \/>\n<meta property=\"og:title\" content=\"TOPPER - SOBRE COLCH\u00c3O VISCOEL\u00c1STICO | 150 X 190CM - Curiosidades &amp; Dicas, Lda\" \/>\n<meta property=\"og:description\" content=\"Um descanso mais duradouro. Elimine a dureza do seu colch\u00e3o, liberte a press\u00e3o e obtenha um descanso mais suave e adapt\u00e1vel. Aperfei\u00e7oe os seus sonhos todas as noites gra\u00e7as \u00e0 sua camada de 4 cm de viscoel\u00e1stico e durma sem interrup\u00e7\u00f5es.  Melhore o desempenho do seu colch\u00e3o com esta solu\u00e7\u00e3o pr\u00e1tica e adapte-o a si.   Altura total: 4 cm (+\/- 3 cm)  Articul\u00e1vel:   N\u00e3o    Capa:   Remov\u00edvel    Firmeza:   M\u00e9dia-Suave    Transpirabilidade:   M\u00e9dia    \u00a0Adaptabilidade:   Muito Boa    Entrega 3-5 dias uteis\" \/>\n<meta property=\"og:url\" content=\"https:\/\/curiosidadesedicas.com\/loja\/en\/product\/topper-sobre-colchao-viscoelastico-150-x-190cm\/\" \/>\n<meta property=\"og:site_name\" content=\"Curiosidades &amp; Dicas, Lda\" \/>\n<meta property=\"article:modified_time\" content=\"2026-02-09T15:02:55+00:00\" \/>\n<meta property=\"og:image\" content=\"https:\/\/curiosidadesedicas.com\/loja\/wp-content\/uploads\/2026\/02\/2.png\" \/>\n\t<meta property=\"og:image:width\" content=\"722\" \/>\n\t<meta property=\"og:image:height\" content=\"725\" \/>\n\t<meta property=\"og:image:type\" content=\"image\/png\" \/>\n<meta name=\"twitter:card\" content=\"summary_large_image\" \/>\n<meta name=\"twitter:label1\" content=\"Est. reading time\" \/>\n\t<meta name=\"twitter:data1\" content=\"1 minute\" \/>\n<script type=\"application\/ld+json\" class=\"yoast-schema-graph\">{\"@context\":\"https:\/\/schema.org\",\"@graph\":[{\"@type\":\"WebPage\",\"@id\":\"https:\/\/curiosidadesedicas.com\/loja\/produto\/topper-sobre-colchao-viscoelastico-150-x-190cm\/\",\"url\":\"https:\/\/curiosidadesedicas.com\/loja\/produto\/topper-sobre-colchao-viscoelastico-150-x-190cm\/\",\"name\":\"TOPPER - SOBRE COLCH\u00c3O VISCOEL\u00c1STICO | 150 X 190CM - Curiosidades &amp; Dicas, Lda\",\"isPartOf\":{\"@id\":\"https:\/\/curiosidadesedicas.com\/loja\/#website\"},\"primaryImageOfPage\":{\"@id\":\"https:\/\/curiosidadesedicas.com\/loja\/produto\/topper-sobre-colchao-viscoelastico-150-x-190cm\/#primaryimage\"},\"image\":{\"@id\":\"https:\/\/curiosidadesedicas.com\/loja\/produto\/topper-sobre-colchao-viscoelastico-150-x-190cm\/#primaryimage\"},\"thumbnailUrl\":\"https:\/\/curiosidadesedicas.com\/loja\/wp-content\/uploads\/2026\/02\/2.png\",\"datePublished\":\"2026-02-09T13:18:57+00:00\",\"dateModified\":\"2026-02-09T15:02:55+00:00\",\"breadcrumb\":{\"@id\":\"https:\/\/curiosidadesedicas.com\/loja\/produto\/topper-sobre-colchao-viscoelastico-150-x-190cm\/#breadcrumb\"},\"inLanguage\":\"en-US\",\"potentialAction\":[{\"@type\":\"ReadAction\",\"target\":[\"https:\/\/curiosidadesedicas.com\/loja\/produto\/topper-sobre-colchao-viscoelastico-150-x-190cm\/\"]}]},{\"@type\":\"ImageObject\",\"inLanguage\":\"en-US\",\"@id\":\"https:\/\/curiosidadesedicas.com\/loja\/produto\/topper-sobre-colchao-viscoelastico-150-x-190cm\/#primaryimage\",\"url\":\"https:\/\/curiosidadesedicas.com\/loja\/wp-content\/uploads\/2026\/02\/2.png\",\"contentUrl\":\"https:\/\/curiosidadesedicas.com\/loja\/wp-content\/uploads\/2026\/02\/2.png\",\"width\":722,\"height\":725},{\"@type\":\"BreadcrumbList\",\"@id\":\"https:\/\/curiosidadesedicas.com\/loja\/produto\/topper-sobre-colchao-viscoelastico-150-x-190cm\/#breadcrumb\",\"itemListElement\":[{\"@type\":\"ListItem\",\"position\":1,\"name\":\"In\u00edcio\",\"item\":\"https:\/\/curiosidadesedicas.com\/loja\/\"},{\"@type\":\"ListItem\",\"position\":2,\"name\":\"Produtos\",\"item\":\"https:\/\/curiosidadesedicas.com\/loja\/produtos\/\"},{\"@type\":\"ListItem\",\"position\":3,\"name\":\"TOPPER &#8211; SOBRE COLCH\u00c3O VISCOEL\u00c1STICO | 150 X 190CM\"}]},{\"@type\":\"WebSite\",\"@id\":\"https:\/\/curiosidadesedicas.com\/loja\/#website\",\"url\":\"https:\/\/curiosidadesedicas.com\/loja\/\",\"name\":\"Curiosidades &amp; Dicas, Lda\",\"description\":\"Apaixonados Por Inova\u00e7\u00e3o\",\"publisher\":{\"@id\":\"https:\/\/curiosidadesedicas.com\/loja\/#organization\"},\"potentialAction\":[{\"@type\":\"SearchAction\",\"target\":{\"@type\":\"EntryPoint\",\"urlTemplate\":\"https:\/\/curiosidadesedicas.com\/loja\/?s={search_term_string}\"},\"query-input\":{\"@type\":\"PropertyValueSpecification\",\"valueRequired\":true,\"valueName\":\"search_term_string\"}}],\"inLanguage\":\"en-US\"},{\"@type\":\"Organization\",\"@id\":\"https:\/\/curiosidadesedicas.com\/loja\/#organization\",\"name\":\"Curiosidades & Dicas\",\"url\":\"https:\/\/curiosidadesedicas.com\/loja\/\",\"logo\":{\"@type\":\"ImageObject\",\"inLanguage\":\"en-US\",\"@id\":\"https:\/\/curiosidadesedicas.com\/loja\/#\/schema\/logo\/image\/\",\"url\":\"https:\/\/curiosidadesedicas.com\/loja\/wp-content\/uploads\/2020\/05\/LogoCuriosidadesSimples.png\",\"contentUrl\":\"https:\/\/curiosidadesedicas.com\/loja\/wp-content\/uploads\/2020\/05\/LogoCuriosidadesSimples.png\",\"width\":3528,\"height\":804,\"caption\":\"Curiosidades & Dicas\"},\"image\":{\"@id\":\"https:\/\/curiosidadesedicas.com\/loja\/#\/schema\/logo\/image\/\"}}]}<\/script>\n<!-- \/ Yoast SEO plugin. -->","yoast_head_json":{"title":"TOPPER - SOBRE COLCH\u00c3O VISCOEL\u00c1STICO | 150 X 190CM - Curiosidades &amp; Dicas, Lda","robots":{"index":"index","follow":"follow","max-snippet":"max-snippet:-1","max-image-preview":"max-image-preview:large","max-video-preview":"max-video-preview:-1"},"canonical":"https:\/\/curiosidadesedicas.com\/loja\/en\/product\/topper-sobre-colchao-viscoelastico-150-x-190cm\/","og_locale":"en_US","og_type":"article","og_title":"TOPPER - SOBRE COLCH\u00c3O VISCOEL\u00c1STICO | 150 X 190CM - Curiosidades &amp; Dicas, Lda","og_description":"Um descanso mais duradouro. Elimine a dureza do seu colch\u00e3o, liberte a press\u00e3o e obtenha um descanso mais suave e adapt\u00e1vel. Aperfei\u00e7oe os seus sonhos todas as noites gra\u00e7as \u00e0 sua camada de 4 cm de viscoel\u00e1stico e durma sem interrup\u00e7\u00f5es.  Melhore o desempenho do seu colch\u00e3o com esta solu\u00e7\u00e3o pr\u00e1tica e adapte-o a si.   Altura total: 4 cm (+\/- 3 cm)  Articul\u00e1vel:   N\u00e3o    Capa:   Remov\u00edvel    Firmeza:   M\u00e9dia-Suave    Transpirabilidade:   M\u00e9dia    \u00a0Adaptabilidade:   Muito Boa    Entrega 3-5 dias uteis","og_url":"https:\/\/curiosidadesedicas.com\/loja\/en\/product\/topper-sobre-colchao-viscoelastico-150-x-190cm\/","og_site_name":"Curiosidades &amp; Dicas, Lda","article_modified_time":"2026-02-09T15:02:55+00:00","og_image":[{"width":722,"height":725,"url":"https:\/\/curiosidadesedicas.com\/loja\/wp-content\/uploads\/2026\/02\/2.png","type":"image\/png"}],"twitter_card":"summary_large_image","twitter_misc":{"Est. reading time":"1 minute"},"schema":{"@context":"https:\/\/schema.org","@graph":[{"@type":"WebPage","@id":"https:\/\/curiosidadesedicas.com\/loja\/produto\/topper-sobre-colchao-viscoelastico-150-x-190cm\/","url":"https:\/\/curiosidadesedicas.com\/loja\/produto\/topper-sobre-colchao-viscoelastico-150-x-190cm\/","name":"TOPPER - SOBRE COLCH\u00c3O VISCOEL\u00c1STICO | 150 X 190CM - Curiosidades &amp; Dicas, Lda","isPartOf":{"@id":"https:\/\/curiosidadesedicas.com\/loja\/#website"},"primaryImageOfPage":{"@id":"https:\/\/curiosidadesedicas.com\/loja\/produto\/topper-sobre-colchao-viscoelastico-150-x-190cm\/#primaryimage"},"image":{"@id":"https:\/\/curiosidadesedicas.com\/loja\/produto\/topper-sobre-colchao-viscoelastico-150-x-190cm\/#primaryimage"},"thumbnailUrl":"https:\/\/curiosidadesedicas.com\/loja\/wp-content\/uploads\/2026\/02\/2.png","datePublished":"2026-02-09T13:18:57+00:00","dateModified":"2026-02-09T15:02:55+00:00","breadcrumb":{"@id":"https:\/\/curiosidadesedicas.com\/loja\/produto\/topper-sobre-colchao-viscoelastico-150-x-190cm\/#breadcrumb"},"inLanguage":"en-US","potentialAction":[{"@type":"ReadAction","target":["https:\/\/curiosidadesedicas.com\/loja\/produto\/topper-sobre-colchao-viscoelastico-150-x-190cm\/"]}]},{"@type":"ImageObject","inLanguage":"en-US","@id":"https:\/\/curiosidadesedicas.com\/loja\/produto\/topper-sobre-colchao-viscoelastico-150-x-190cm\/#primaryimage","url":"https:\/\/curiosidadesedicas.com\/loja\/wp-content\/uploads\/2026\/02\/2.png","contentUrl":"https:\/\/curiosidadesedicas.com\/loja\/wp-content\/uploads\/2026\/02\/2.png","width":722,"height":725},{"@type":"BreadcrumbList","@id":"https:\/\/curiosidadesedicas.com\/loja\/produto\/topper-sobre-colchao-viscoelastico-150-x-190cm\/#breadcrumb","itemListElement":[{"@type":"ListItem","position":1,"name":"In\u00edcio","item":"https:\/\/curiosidadesedicas.com\/loja\/"},{"@type":"ListItem","position":2,"name":"Produtos","item":"https:\/\/curiosidadesedicas.com\/loja\/produtos\/"},{"@type":"ListItem","position":3,"name":"TOPPER &#8211; SOBRE COLCH\u00c3O VISCOEL\u00c1STICO | 150 X 190CM"}]},{"@type":"WebSite","@id":"https:\/\/curiosidadesedicas.com\/loja\/#website","url":"https:\/\/curiosidadesedicas.com\/loja\/","name":"Curiosidades &amp; Dicas, Lda","description":"Apaixonados Por Inova\u00e7\u00e3o","publisher":{"@id":"https:\/\/curiosidadesedicas.com\/loja\/#organization"},"potentialAction":[{"@type":"SearchAction","target":{"@type":"EntryPoint","urlTemplate":"https:\/\/curiosidadesedicas.com\/loja\/?s={search_term_string}"},"query-input":{"@type":"PropertyValueSpecification","valueRequired":true,"valueName":"search_term_string"}}],"inLanguage":"en-US"},{"@type":"Organization","@id":"https:\/\/curiosidadesedicas.com\/loja\/#organization","name":"Curiosidades & Dicas","url":"https:\/\/curiosidadesedicas.com\/loja\/","logo":{"@type":"ImageObject","inLanguage":"en-US","@id":"https:\/\/curiosidadesedicas.com\/loja\/#\/schema\/logo\/image\/","url":"https:\/\/curiosidadesedicas.com\/loja\/wp-content\/uploads\/2020\/05\/LogoCuriosidadesSimples.png","contentUrl":"https:\/\/curiosidadesedicas.com\/loja\/wp-content\/uploads\/2020\/05\/LogoCuriosidadesSimples.png","width":3528,"height":804,"caption":"Curiosidades & Dicas"},"image":{"@id":"https:\/\/curiosidadesedicas.com\/loja\/#\/schema\/logo\/image\/"}}]}},"_links":{"self":[{"href":"https:\/\/curiosidadesedicas.com\/loja\/en\/wp-json\/wp\/v2\/product\/35277","targetHints":{"allow":["GET"]}}],"collection":[{"href":"https:\/\/curiosidadesedicas.com\/loja\/en\/wp-json\/wp\/v2\/product"}],"about":[{"href":"https:\/\/curiosidadesedicas.com\/loja\/en\/wp-json\/wp\/v2\/types\/product"}],"replies":[{"embeddable":true,"href":"https:\/\/curiosidadesedicas.com\/loja\/en\/wp-json\/wp\/v2\/comments?post=35277"}],"wp:featuredmedia":[{"embeddable":true,"href":"https:\/\/curiosidadesedicas.com\/loja\/en\/wp-json\/wp\/v2\/media\/35279"}],"wp:attachment":[{"href":"https:\/\/curiosidadesedicas.com\/loja\/en\/wp-json\/wp\/v2\/media?parent=35277"}],"wp:term":[{"taxonomy":"product_brand","embeddable":true,"href":"https:\/\/curiosidadesedicas.com\/loja\/en\/wp-json\/wp\/v2\/product_brand?post=35277"},{"taxonomy":"product_cat","embeddable":true,"href":"https:\/\/curiosidadesedicas.com\/loja\/en\/wp-json\/wp\/v2\/product_cat?post=35277"},{"taxonomy":"product_tag","embeddable":true,"href":"https:\/\/curiosidadesedicas.com\/loja\/en\/wp-json\/wp\/v2\/product_tag?post=35277"}],"curies":[{"name":"wp","href":"https:\/\/api.w.org\/{rel}","templated":true}]}}