{"id":34817,"date":"2025-12-16T14:36:11","date_gmt":"2025-12-16T14:36:11","guid":{"rendered":"https:\/\/curiosidadesedicas.com\/loja\/?post_type=product&#038;p=34817"},"modified":"2025-12-19T11:50:12","modified_gmt":"2025-12-19T11:50:12","slug":"lareira-eletrica-de-chao-pedra-de-urso-1800w","status":"publish","type":"product","link":"https:\/\/curiosidadesedicas.com\/loja\/en\/product\/lareira-eletrica-de-chao-pedra-de-urso-1800w\/","title":{"rendered":"LAREIRA EL\u00c9TRICA DE CH\u00c3O PEDRA DE URSO 1800W"},"content":{"rendered":"<p>Lareira El\u00e9trica de Ch\u00e3o Pedra de Urso.<\/p>\n<ul>\n<li>Pot\u00eancia m\u00e1xima: 1800W<\/li>\n<li>Controlo: Digital<\/li>\n<li>Largura: 45 cm<\/li>\n<li>Altura: 120 cm<\/li>\n<li>Profundidade: 35 cm<\/li>\n<li>Cor: Preto<\/li>\n<li>Superf\u00edcie utiliz\u00e1vel: 15 m2<\/li>\n<li>Material: A\u00e7o<\/li>\n<li>Caracter\u00edstica em destaque: Lareira El\u00e9trica de ch\u00e3o. Efeito de chama LED independente do aquecedor Efeito madeira. Duas pot\u00eancias. Termostato regul\u00e1vel. Espa\u00e7o inferior para troncos decorativos.<\/li>\n<li>Tipo Coloca\u00e7\u00e3o: Ch\u00e3o<\/li>\n<li>Fornecimento de energia: 220<\/li>\n<li>Vantagem 1: Efeito de fogo LED<\/li>\n<li>Vantagem 2: Espa\u00e7o inferior para lenha decorativa<\/li>\n<li>Vantagem 3: Dois n\u00edveis de pot\u00eancia<\/li>\n<li>Peso do Artigo: 18.00 kg<\/li>\n<\/ul>","protected":false},"excerpt":{"rendered":"<p>Lareira el\u00e9trica de ch\u00e3o. Efeito de chama LED independente do aquecedor Efeito madeira. Duas pot\u00eancias. Termostato regul\u00e1vel. Espa\u00e7o inferior para troncos decorativos.<\/p>\n<p>Sabia que pode desfrutar do ambiente acolhedor de uma lareira sem se preocupar com fumo, g\u00e1s ou calor excessivo? Com a Lareira El\u00e9trica decorativa, transforme qualquer espa\u00e7o num canto quente, elegante e completamente seguro.<\/p>\n<p><img decoding=\"async\" class=\"aligncenter\" src=\"https:\/\/curiosidadesedicas.com\/loja\/wp-content\/uploads\/2025\/12\/7.jpg\" \/><br \/>\n\u00c9 uma lareira el\u00e9trica de ch\u00e3o piramidal para interior, concebido num estilo tradicional que combina perfeitamente o charme r\u00fastico com a conveni\u00eancia da tecnologia moderna. Gra\u00e7as ao seu efeito de chama LED independente do aquecedor e ao seu efeito de le\u00e3o realista, cria uma atmosfera envolvente sem a necessidade de combust\u00e3o ou ventila\u00e7\u00e3o especial.<\/p>\n<p>Feito de materiais dur\u00e1veis e de alta qualidade, esta lareira n\u00e3o s\u00f3 proporciona calor visual, mas tamb\u00e9m funcionalidade. Com um peso de 16,6 kg, a sua estrutura robusta mas compacta adapta-se facilmente a diferentes tipos de ambientes interiores. Al\u00e9m disso, inclui um espa\u00e7o inferior para madeira decorativa, real\u00e7ando o aspeto cl\u00e1ssico e caseiro do conjunto.<\/p>\n<p>Possui dois n\u00edveis de pot\u00eancia, ideais para ajustar o calor de acordo com as suas necessidades, e um term\u00f3stato regul\u00e1vel para um controlo mais preciso da temperatura. Assim, poder\u00e1 desfrutar do efeito visual do fogo em qualquer altura do ano, com ou sem aquecimento.<\/p>\n<p>Perfeito para quem pretende uma lareira decorativa com o estilo de antigamente, mas com a inova\u00e7\u00e3o dos dias de hoje, a lareira \u00e9 a escolha ideal para dar car\u00e1cter e calor \u00e0 sua casa de forma segura, pr\u00e1tica e com um toque distinto.<\/p>\n<p><strong>Dispon\u00edvel:\u00a0 entrega em 5 dias<\/strong><\/p>","protected":false},"featured_media":34818,"comment_status":"open","ping_status":"closed","template":"","meta":{"_glsr_average":0,"_glsr_ranking":0,"_glsr_reviews":0},"product_brand":[],"product_cat":[368,478,365],"product_tag":[],"class_list":{"0":"post-34817","1":"product","2":"type-product","3":"status-publish","4":"has-post-thumbnail","6":"product_cat-aquecimento","7":"product_cat-lareiras-eletricas","8":"product_cat-para-o-lar","10":"first","11":"instock","12":"taxable","13":"shipping-taxable","14":"purchasable","15":"product-type-simple"},"yoast_head":"<!-- This site is optimized with the Yoast SEO plugin v26.8 - https:\/\/yoast.com\/product\/yoast-seo-wordpress\/ -->\n<title>LAREIRA EL\u00c9TRICA DE CH\u00c3O PEDRA DE URSO 1800W - Curiosidades &amp; Dicas, Lda<\/title>\n<meta name=\"robots\" content=\"index, follow, max-snippet:-1, max-image-preview:large, max-video-preview:-1\" \/>\n<link rel=\"canonical\" href=\"https:\/\/curiosidadesedicas.com\/loja\/en\/product\/lareira-eletrica-de-chao-pedra-de-urso-1800w\/\" \/>\n<meta property=\"og:locale\" content=\"en_US\" \/>\n<meta property=\"og:type\" content=\"article\" \/>\n<meta property=\"og:title\" content=\"LAREIRA EL\u00c9TRICA DE CH\u00c3O PEDRA DE URSO 1800W - Curiosidades &amp; Dicas, Lda\" \/>\n<meta property=\"og:description\" content=\"Lareira el\u00e9trica de ch\u00e3o. Efeito de chama LED independente do aquecedor Efeito madeira. Duas pot\u00eancias. Termostato regul\u00e1vel. Espa\u00e7o inferior para troncos decorativos.  Sabia que pode desfrutar do ambiente acolhedor de uma lareira sem se preocupar com fumo, g\u00e1s ou calor excessivo? Com a Lareira El\u00e9trica decorativa, transforme qualquer espa\u00e7o num canto quente, elegante e completamente seguro.   \u00c9 uma lareira el\u00e9trica de ch\u00e3o piramidal para interior, concebido num estilo tradicional que combina perfeitamente o charme r\u00fastico com a conveni\u00eancia da tecnologia moderna. Gra\u00e7as ao seu efeito de chama LED independente do aquecedor e ao seu efeito de le\u00e3o realista, cria uma atmosfera envolvente sem a necessidade de combust\u00e3o ou ventila\u00e7\u00e3o especial.  Feito de materiais dur\u00e1veis e de alta qualidade, esta lareira n\u00e3o s\u00f3 proporciona calor visual, mas tamb\u00e9m funcionalidade. Com um peso de 16,6 kg, a sua estrutura robusta mas compacta adapta-se facilmente a diferentes tipos de ambientes interiores. Al\u00e9m disso, inclui um espa\u00e7o inferior para madeira decorativa, real\u00e7ando o aspeto cl\u00e1ssico e caseiro do conjunto.  Possui dois n\u00edveis de pot\u00eancia, ideais para ajustar o calor de acordo com as suas necessidades, e um term\u00f3stato regul\u00e1vel para um controlo mais preciso da temperatura. Assim, poder\u00e1 desfrutar do efeito visual do fogo em qualquer altura do ano, com ou sem aquecimento.  Perfeito para quem pretende uma lareira decorativa com o estilo de antigamente, mas com a inova\u00e7\u00e3o dos dias de hoje, a lareira \u00e9 a escolha ideal para dar car\u00e1cter e calor \u00e0 sua casa de forma segura, pr\u00e1tica e com um toque distinto.  Dispon\u00edvel:\u00a0 entrega em 5 dias\" \/>\n<meta property=\"og:url\" content=\"https:\/\/curiosidadesedicas.com\/loja\/en\/product\/lareira-eletrica-de-chao-pedra-de-urso-1800w\/\" \/>\n<meta property=\"og:site_name\" content=\"Curiosidades &amp; Dicas, Lda\" \/>\n<meta property=\"article:modified_time\" content=\"2025-12-19T11:50:12+00:00\" \/>\n<meta property=\"og:image\" content=\"https:\/\/curiosidadesedicas.com\/loja\/wp-content\/uploads\/2025\/12\/1-scaled.jpg\" \/>\n\t<meta property=\"og:image:width\" content=\"2560\" \/>\n\t<meta property=\"og:image:height\" content=\"1935\" \/>\n\t<meta property=\"og:image:type\" content=\"image\/jpeg\" \/>\n<meta name=\"twitter:card\" content=\"summary_large_image\" \/>\n<meta name=\"twitter:label1\" content=\"Est. reading time\" \/>\n\t<meta name=\"twitter:data1\" content=\"1 minute\" \/>\n<script type=\"application\/ld+json\" class=\"yoast-schema-graph\">{\"@context\":\"https:\/\/schema.org\",\"@graph\":[{\"@type\":\"WebPage\",\"@id\":\"https:\/\/curiosidadesedicas.com\/loja\/produto\/lareira-eletrica-de-chao-pedra-de-urso-1800w\/\",\"url\":\"https:\/\/curiosidadesedicas.com\/loja\/produto\/lareira-eletrica-de-chao-pedra-de-urso-1800w\/\",\"name\":\"LAREIRA EL\u00c9TRICA DE CH\u00c3O PEDRA DE URSO 1800W - Curiosidades &amp; Dicas, Lda\",\"isPartOf\":{\"@id\":\"https:\/\/curiosidadesedicas.com\/loja\/#website\"},\"primaryImageOfPage\":{\"@id\":\"https:\/\/curiosidadesedicas.com\/loja\/produto\/lareira-eletrica-de-chao-pedra-de-urso-1800w\/#primaryimage\"},\"image\":{\"@id\":\"https:\/\/curiosidadesedicas.com\/loja\/produto\/lareira-eletrica-de-chao-pedra-de-urso-1800w\/#primaryimage\"},\"thumbnailUrl\":\"https:\/\/curiosidadesedicas.com\/loja\/wp-content\/uploads\/2025\/12\/1-scaled.jpg\",\"datePublished\":\"2025-12-16T14:36:11+00:00\",\"dateModified\":\"2025-12-19T11:50:12+00:00\",\"breadcrumb\":{\"@id\":\"https:\/\/curiosidadesedicas.com\/loja\/produto\/lareira-eletrica-de-chao-pedra-de-urso-1800w\/#breadcrumb\"},\"inLanguage\":\"en-US\",\"potentialAction\":[{\"@type\":\"ReadAction\",\"target\":[\"https:\/\/curiosidadesedicas.com\/loja\/produto\/lareira-eletrica-de-chao-pedra-de-urso-1800w\/\"]}]},{\"@type\":\"ImageObject\",\"inLanguage\":\"en-US\",\"@id\":\"https:\/\/curiosidadesedicas.com\/loja\/produto\/lareira-eletrica-de-chao-pedra-de-urso-1800w\/#primaryimage\",\"url\":\"https:\/\/curiosidadesedicas.com\/loja\/wp-content\/uploads\/2025\/12\/1-scaled.jpg\",\"contentUrl\":\"https:\/\/curiosidadesedicas.com\/loja\/wp-content\/uploads\/2025\/12\/1-scaled.jpg\",\"width\":2560,\"height\":1935},{\"@type\":\"BreadcrumbList\",\"@id\":\"https:\/\/curiosidadesedicas.com\/loja\/produto\/lareira-eletrica-de-chao-pedra-de-urso-1800w\/#breadcrumb\",\"itemListElement\":[{\"@type\":\"ListItem\",\"position\":1,\"name\":\"In\u00edcio\",\"item\":\"https:\/\/curiosidadesedicas.com\/loja\/\"},{\"@type\":\"ListItem\",\"position\":2,\"name\":\"Produtos\",\"item\":\"https:\/\/curiosidadesedicas.com\/loja\/produtos\/\"},{\"@type\":\"ListItem\",\"position\":3,\"name\":\"LAREIRA EL\u00c9TRICA DE CH\u00c3O PEDRA DE URSO 1800W\"}]},{\"@type\":\"WebSite\",\"@id\":\"https:\/\/curiosidadesedicas.com\/loja\/#website\",\"url\":\"https:\/\/curiosidadesedicas.com\/loja\/\",\"name\":\"Curiosidades &amp; Dicas, Lda\",\"description\":\"Apaixonados Por Inova\u00e7\u00e3o\",\"publisher\":{\"@id\":\"https:\/\/curiosidadesedicas.com\/loja\/#organization\"},\"potentialAction\":[{\"@type\":\"SearchAction\",\"target\":{\"@type\":\"EntryPoint\",\"urlTemplate\":\"https:\/\/curiosidadesedicas.com\/loja\/?s={search_term_string}\"},\"query-input\":{\"@type\":\"PropertyValueSpecification\",\"valueRequired\":true,\"valueName\":\"search_term_string\"}}],\"inLanguage\":\"en-US\"},{\"@type\":\"Organization\",\"@id\":\"https:\/\/curiosidadesedicas.com\/loja\/#organization\",\"name\":\"Curiosidades & Dicas\",\"url\":\"https:\/\/curiosidadesedicas.com\/loja\/\",\"logo\":{\"@type\":\"ImageObject\",\"inLanguage\":\"en-US\",\"@id\":\"https:\/\/curiosidadesedicas.com\/loja\/#\/schema\/logo\/image\/\",\"url\":\"https:\/\/curiosidadesedicas.com\/loja\/wp-content\/uploads\/2020\/05\/LogoCuriosidadesSimples.png\",\"contentUrl\":\"https:\/\/curiosidadesedicas.com\/loja\/wp-content\/uploads\/2020\/05\/LogoCuriosidadesSimples.png\",\"width\":3528,\"height\":804,\"caption\":\"Curiosidades & Dicas\"},\"image\":{\"@id\":\"https:\/\/curiosidadesedicas.com\/loja\/#\/schema\/logo\/image\/\"}}]}<\/script>\n<!-- \/ Yoast SEO plugin. -->","yoast_head_json":{"title":"LAREIRA EL\u00c9TRICA DE CH\u00c3O PEDRA DE URSO 1800W - Curiosidades &amp; Dicas, Lda","robots":{"index":"index","follow":"follow","max-snippet":"max-snippet:-1","max-image-preview":"max-image-preview:large","max-video-preview":"max-video-preview:-1"},"canonical":"https:\/\/curiosidadesedicas.com\/loja\/en\/product\/lareira-eletrica-de-chao-pedra-de-urso-1800w\/","og_locale":"en_US","og_type":"article","og_title":"LAREIRA EL\u00c9TRICA DE CH\u00c3O PEDRA DE URSO 1800W - Curiosidades &amp; Dicas, Lda","og_description":"Lareira el\u00e9trica de ch\u00e3o. Efeito de chama LED independente do aquecedor Efeito madeira. Duas pot\u00eancias. Termostato regul\u00e1vel. Espa\u00e7o inferior para troncos decorativos.  Sabia que pode desfrutar do ambiente acolhedor de uma lareira sem se preocupar com fumo, g\u00e1s ou calor excessivo? Com a Lareira El\u00e9trica decorativa, transforme qualquer espa\u00e7o num canto quente, elegante e completamente seguro.   \u00c9 uma lareira el\u00e9trica de ch\u00e3o piramidal para interior, concebido num estilo tradicional que combina perfeitamente o charme r\u00fastico com a conveni\u00eancia da tecnologia moderna. Gra\u00e7as ao seu efeito de chama LED independente do aquecedor e ao seu efeito de le\u00e3o realista, cria uma atmosfera envolvente sem a necessidade de combust\u00e3o ou ventila\u00e7\u00e3o especial.  Feito de materiais dur\u00e1veis e de alta qualidade, esta lareira n\u00e3o s\u00f3 proporciona calor visual, mas tamb\u00e9m funcionalidade. Com um peso de 16,6 kg, a sua estrutura robusta mas compacta adapta-se facilmente a diferentes tipos de ambientes interiores. Al\u00e9m disso, inclui um espa\u00e7o inferior para madeira decorativa, real\u00e7ando o aspeto cl\u00e1ssico e caseiro do conjunto.  Possui dois n\u00edveis de pot\u00eancia, ideais para ajustar o calor de acordo com as suas necessidades, e um term\u00f3stato regul\u00e1vel para um controlo mais preciso da temperatura. Assim, poder\u00e1 desfrutar do efeito visual do fogo em qualquer altura do ano, com ou sem aquecimento.  Perfeito para quem pretende uma lareira decorativa com o estilo de antigamente, mas com a inova\u00e7\u00e3o dos dias de hoje, a lareira \u00e9 a escolha ideal para dar car\u00e1cter e calor \u00e0 sua casa de forma segura, pr\u00e1tica e com um toque distinto.  Dispon\u00edvel:\u00a0 entrega em 5 dias","og_url":"https:\/\/curiosidadesedicas.com\/loja\/en\/product\/lareira-eletrica-de-chao-pedra-de-urso-1800w\/","og_site_name":"Curiosidades &amp; Dicas, Lda","article_modified_time":"2025-12-19T11:50:12+00:00","og_image":[{"width":2560,"height":1935,"url":"https:\/\/curiosidadesedicas.com\/loja\/wp-content\/uploads\/2025\/12\/1-scaled.jpg","type":"image\/jpeg"}],"twitter_card":"summary_large_image","twitter_misc":{"Est. reading time":"1 minute"},"schema":{"@context":"https:\/\/schema.org","@graph":[{"@type":"WebPage","@id":"https:\/\/curiosidadesedicas.com\/loja\/produto\/lareira-eletrica-de-chao-pedra-de-urso-1800w\/","url":"https:\/\/curiosidadesedicas.com\/loja\/produto\/lareira-eletrica-de-chao-pedra-de-urso-1800w\/","name":"LAREIRA EL\u00c9TRICA DE CH\u00c3O PEDRA DE URSO 1800W - Curiosidades &amp; Dicas, Lda","isPartOf":{"@id":"https:\/\/curiosidadesedicas.com\/loja\/#website"},"primaryImageOfPage":{"@id":"https:\/\/curiosidadesedicas.com\/loja\/produto\/lareira-eletrica-de-chao-pedra-de-urso-1800w\/#primaryimage"},"image":{"@id":"https:\/\/curiosidadesedicas.com\/loja\/produto\/lareira-eletrica-de-chao-pedra-de-urso-1800w\/#primaryimage"},"thumbnailUrl":"https:\/\/curiosidadesedicas.com\/loja\/wp-content\/uploads\/2025\/12\/1-scaled.jpg","datePublished":"2025-12-16T14:36:11+00:00","dateModified":"2025-12-19T11:50:12+00:00","breadcrumb":{"@id":"https:\/\/curiosidadesedicas.com\/loja\/produto\/lareira-eletrica-de-chao-pedra-de-urso-1800w\/#breadcrumb"},"inLanguage":"en-US","potentialAction":[{"@type":"ReadAction","target":["https:\/\/curiosidadesedicas.com\/loja\/produto\/lareira-eletrica-de-chao-pedra-de-urso-1800w\/"]}]},{"@type":"ImageObject","inLanguage":"en-US","@id":"https:\/\/curiosidadesedicas.com\/loja\/produto\/lareira-eletrica-de-chao-pedra-de-urso-1800w\/#primaryimage","url":"https:\/\/curiosidadesedicas.com\/loja\/wp-content\/uploads\/2025\/12\/1-scaled.jpg","contentUrl":"https:\/\/curiosidadesedicas.com\/loja\/wp-content\/uploads\/2025\/12\/1-scaled.jpg","width":2560,"height":1935},{"@type":"BreadcrumbList","@id":"https:\/\/curiosidadesedicas.com\/loja\/produto\/lareira-eletrica-de-chao-pedra-de-urso-1800w\/#breadcrumb","itemListElement":[{"@type":"ListItem","position":1,"name":"In\u00edcio","item":"https:\/\/curiosidadesedicas.com\/loja\/"},{"@type":"ListItem","position":2,"name":"Produtos","item":"https:\/\/curiosidadesedicas.com\/loja\/produtos\/"},{"@type":"ListItem","position":3,"name":"LAREIRA EL\u00c9TRICA DE CH\u00c3O PEDRA DE URSO 1800W"}]},{"@type":"WebSite","@id":"https:\/\/curiosidadesedicas.com\/loja\/#website","url":"https:\/\/curiosidadesedicas.com\/loja\/","name":"Curiosidades &amp; Dicas, Lda","description":"Apaixonados Por Inova\u00e7\u00e3o","publisher":{"@id":"https:\/\/curiosidadesedicas.com\/loja\/#organization"},"potentialAction":[{"@type":"SearchAction","target":{"@type":"EntryPoint","urlTemplate":"https:\/\/curiosidadesedicas.com\/loja\/?s={search_term_string}"},"query-input":{"@type":"PropertyValueSpecification","valueRequired":true,"valueName":"search_term_string"}}],"inLanguage":"en-US"},{"@type":"Organization","@id":"https:\/\/curiosidadesedicas.com\/loja\/#organization","name":"Curiosidades & Dicas","url":"https:\/\/curiosidadesedicas.com\/loja\/","logo":{"@type":"ImageObject","inLanguage":"en-US","@id":"https:\/\/curiosidadesedicas.com\/loja\/#\/schema\/logo\/image\/","url":"https:\/\/curiosidadesedicas.com\/loja\/wp-content\/uploads\/2020\/05\/LogoCuriosidadesSimples.png","contentUrl":"https:\/\/curiosidadesedicas.com\/loja\/wp-content\/uploads\/2020\/05\/LogoCuriosidadesSimples.png","width":3528,"height":804,"caption":"Curiosidades & Dicas"},"image":{"@id":"https:\/\/curiosidadesedicas.com\/loja\/#\/schema\/logo\/image\/"}}]}},"_links":{"self":[{"href":"https:\/\/curiosidadesedicas.com\/loja\/en\/wp-json\/wp\/v2\/product\/34817","targetHints":{"allow":["GET"]}}],"collection":[{"href":"https:\/\/curiosidadesedicas.com\/loja\/en\/wp-json\/wp\/v2\/product"}],"about":[{"href":"https:\/\/curiosidadesedicas.com\/loja\/en\/wp-json\/wp\/v2\/types\/product"}],"replies":[{"embeddable":true,"href":"https:\/\/curiosidadesedicas.com\/loja\/en\/wp-json\/wp\/v2\/comments?post=34817"}],"wp:featuredmedia":[{"embeddable":true,"href":"https:\/\/curiosidadesedicas.com\/loja\/en\/wp-json\/wp\/v2\/media\/34818"}],"wp:attachment":[{"href":"https:\/\/curiosidadesedicas.com\/loja\/en\/wp-json\/wp\/v2\/media?parent=34817"}],"wp:term":[{"taxonomy":"product_brand","embeddable":true,"href":"https:\/\/curiosidadesedicas.com\/loja\/en\/wp-json\/wp\/v2\/product_brand?post=34817"},{"taxonomy":"product_cat","embeddable":true,"href":"https:\/\/curiosidadesedicas.com\/loja\/en\/wp-json\/wp\/v2\/product_cat?post=34817"},{"taxonomy":"product_tag","embeddable":true,"href":"https:\/\/curiosidadesedicas.com\/loja\/en\/wp-json\/wp\/v2\/product_tag?post=34817"}],"curies":[{"name":"wp","href":"https:\/\/api.w.org\/{rel}","templated":true}]}}