{"id":34780,"date":"2025-11-05T15:41:51","date_gmt":"2025-11-05T15:41:51","guid":{"rendered":"https:\/\/curiosidadesedicas.com\/loja\/?post_type=product&#038;p=34780"},"modified":"2026-03-06T16:11:21","modified_gmt":"2026-03-06T16:11:21","slug":"lareira-eletrica-de-chao-c-moldura-piornos-1800w","status":"publish","type":"product","link":"https:\/\/curiosidadesedicas.com\/loja\/en\/product\/lareira-eletrica-de-chao-c-moldura-piornos-1800w\/","title":{"rendered":"LAREIRA EL\u00c9TRICA DE CH\u00c3O C\/ MOLDURA PIORNOS 1800W"},"content":{"rendered":"<p>Lareira El\u00e9trica de Ch\u00e3o c\/ Moldura PIORNOS.<\/p>\n<ul>\n<li>Pot\u00eancia m\u00e1xima: 1800W<\/li>\n<li>Alimenta\u00e7\u00e3o: 220-240 v~ 50 hz, ficha tipo c (cee7\/17)<\/li>\n<li>Aquecimento por resist\u00eancia el\u00e9trica tipo strip<\/li>\n<li>Term\u00f3stato ajust\u00e1vel, sistema \u00f3tico led com efeito de fogo realista, ajuste do brilho, 6 leds de baixo consumo, adequado para espa\u00e7os de 40 at\u00e9 50 m\u00b2<\/li>\n<li>Prote\u00e7\u00e3o contra sobreaquecimento inclu\u00edda<\/li>\n<li>Cabo de alimenta\u00e7\u00e3o de 1,8 metros<\/li>\n<li>Dimens\u00f5es: 70 x 22 x 71 cm<\/li>\n<li>Pode funcionar apenas com o simulador de fogo ou combinando com o aquecedor<\/li>\n<li>N\u00e3o adequado para uso em casas de banho<\/li>\n<li>Certifica\u00e7\u00e3o gs\/t\u00fcv<\/li>\n<\/ul>","protected":false},"excerpt":{"rendered":"<p>Lareira El\u00e9trica de Ch\u00e3o c\/ Moldura PIORNOS.<\/p>\n<ul>\n<li>Pot\u00eancia m\u00e1xima: 1800W<\/li>\n<li>Alimenta\u00e7\u00e3o: 220-240 v~ 50 hz, ficha tipo c (cee7\/17)<\/li>\n<li>Aquecimento por resist\u00eancia el\u00e9trica tipo strip<\/li>\n<li>Term\u00f3stato ajust\u00e1vel, sistema \u00f3tico led com efeito de fogo realista, ajuste do brilho, 6 leds de baixo consumo, adequado para espa\u00e7os de 40 at\u00e9 50 m\u00b2<\/li>\n<li>Prote\u00e7\u00e3o contra sobreaquecimento inclu\u00edda<\/li>\n<li>Cabo de alimenta\u00e7\u00e3o de 1,8 metros<\/li>\n<li>Dimens\u00f5es: 70 x 22 x 71 cm<\/li>\n<li>Pode funcionar apenas com o simulador de fogo ou combinando com o aquecedor<\/li>\n<li>N\u00e3o adequado para uso em casas de banho<\/li>\n<li>Certifica\u00e7\u00e3o gs\/t\u00fcv<\/li>\n<\/ul>\n<p>https:\/\/curiosidadesedicas.com\/loja\/wp-content\/uploads\/2025\/11\/0.-Lareira-Piornos-VIDEO.mp4<\/p>\n<p><img decoding=\"async\" src=\"https:\/\/ci3.googleusercontent.com\/meips\/ADKq_NZCJj7ZdTVa4WO22tR2fbkyiB3VxVb8x2v47kyuWfghNPdMuyCjOfR_icCn5KiEeQpKZQ4IkfToibKT_aIU_dXMXwS-auEtPdqMd-zTXiopsmG8yOCoRW8=s0-d-e1-ft#https:\/\/static.xx.fbcdn.net\/images\/emoji.php\/v9\/t82\/1\/16\/1f3a8.png\" alt=\"\ud83c\udfa8\" \/><img loading=\"lazy\" decoding=\"async\" class=\"CToWUd\" src=\"https:\/\/ci3.googleusercontent.com\/meips\/ADKq_NbUGugvM9dWUm2czXiltWtZIT0pPafb8LA3oC6pdtGgC8EzIXbCHBKt9aq4usjT-nc_20KmKAko2YM8uzAx3K8H2oe96e2aDh5Gal70DdCI0MGtN5pTpPA=s0-d-e1-ft#https:\/\/static.xx.fbcdn.net\/images\/emoji.php\/v9\/t50\/1\/16\/1f525.png\" alt=\"\ud83d\udd25\" width=\"16\" height=\"16\" data-bit=\"iit\" \/> O\u00a0m\u00f3vel branco j\u00e1 \u00e9 lindo\u2026 agora imagine na cor que desejar.<br \/>\nNeste v\u00eddeo mostramos a transforma\u00e7\u00e3o do m\u00f3vel da Lareira Piornos para uma cliente \u2014 e o resultado fala por si.<br \/>\nNo pr\u00f3ximo inverno, vamos permitir que personalize a sua lareira na cor que combina perfeitamente com a sua casa.<br \/>\nPorque conforto tamb\u00e9m \u00e9 estilo<\/p>\n<p>https:\/\/www.youtube.com\/shorts\/-qxEPqiMPEo<\/p>\n<p><strong>Informa\u00e7\u00e3o Importante!<\/strong><\/p>\n<p>Para haver aquecimento o aquecedor tem de ter pot\u00eancia, \u00e9 matem\u00e1tica, e n\u00e3o h\u00e1 milagres, mas se existem uns aquecedores eficientes no mercado, as lareiras s\u00e3o muito eficazes a aquecer e n\u00e3o gastam muito.<\/p>\n<p>As lareiras t\u00eam tudo de bom e por isso vendemos h\u00e1 a mais de 5 anos, com 99% de clientes apaixonados. Conseguem aquecer logo desde o primeiro segundo (poder t\u00e9rmico de 100%), aquecem muito bem e muito r\u00e1pido uma divis\u00e3o na posi\u00e7\u00e3o dos 2000W (depende sempre do isolamento), quando a divis\u00e3o estiver com um bom ambiente \u201cn\u00e3o precisamos de andar em manga curta\u201d, usa a pot\u00eancia m\u00ednima (1000W), para economizar, ou seja, 90% da utiliza\u00e7\u00e3o da lareira vai ser efetuada no m\u00ednimo, a gastar metade de um aquecedor a \u00f3leo.<\/p>\n<p>Um termo-ventilador gasta 2000W e n\u00e3o aquece nada, ou melhor, aquece bem, mas ao desligar, o calor desaparece logo, e o conforto \/ qualidade do calor\u00a0\u00e9 do pior que existe, um aquecedor arranca a 900W, demora meia hora a libertar o calor para aquecer bem, e gasta 2000W os mais pequenos de 6 elementos, os de 8 elementos 2500W e nunca espalha o calor t\u00e3o bem como as lareiras, nem meia d\u00fazia de aquecedores a \u00f3leo se compara \u00e0s lareiras.<\/p>\n<p>Por isso, s\u00e3o t\u00e3o procuradas, muito realistas, super seguras at\u00e9 ao toque, as crian\u00e7as podem brincar e tocar nas lareiras sem qualquer perigo, o fogo \u00e9 uma descontra\u00e7\u00e3o, uma companhia, t\u00eam mesmo tudo de bom, temos 99.9% de clientes rendidos \u00e0s evid\u00eancias.<\/p>\n<p><strong>Dispon\u00edvel:\u00a0 entrega em 5 dias<\/strong><\/p>","protected":false},"featured_media":34782,"comment_status":"open","ping_status":"closed","template":"","meta":{"_glsr_average":0,"_glsr_ranking":0,"_glsr_reviews":0},"product_brand":[],"product_cat":[368,478,365],"product_tag":[],"class_list":{"0":"post-34780","1":"product","2":"type-product","3":"status-publish","4":"has-post-thumbnail","6":"product_cat-aquecimento","7":"product_cat-lareiras-eletricas","8":"product_cat-para-o-lar","10":"first","11":"instock","12":"taxable","13":"shipping-taxable","14":"purchasable","15":"product-type-simple"},"yoast_head":"<!-- This site is optimized with the Yoast SEO plugin v26.8 - https:\/\/yoast.com\/product\/yoast-seo-wordpress\/ -->\n<title>LAREIRA EL\u00c9TRICA DE CH\u00c3O C\/ MOLDURA PIORNOS 1800W - Curiosidades &amp; Dicas, Lda<\/title>\n<meta name=\"robots\" content=\"index, follow, max-snippet:-1, max-image-preview:large, max-video-preview:-1\" \/>\n<link rel=\"canonical\" href=\"https:\/\/curiosidadesedicas.com\/loja\/en\/product\/lareira-eletrica-de-chao-c-moldura-piornos-1800w\/\" \/>\n<meta property=\"og:locale\" content=\"en_US\" \/>\n<meta property=\"og:type\" content=\"article\" \/>\n<meta property=\"og:title\" content=\"LAREIRA EL\u00c9TRICA DE CH\u00c3O C\/ MOLDURA PIORNOS 1800W - Curiosidades &amp; Dicas, Lda\" \/>\n<meta property=\"og:description\" content=\"Lareira El\u00e9trica de Ch\u00e3o c\/ Moldura PIORNOS.   Pot\u00eancia m\u00e1xima: 1800W  Alimenta\u00e7\u00e3o: 220-240 v~ 50 hz, ficha tipo c (cee7\/17)  Aquecimento por resist\u00eancia el\u00e9trica tipo strip  Term\u00f3stato ajust\u00e1vel, sistema \u00f3tico led com efeito de fogo realista, ajuste do brilho, 6 leds de baixo consumo, adequado para espa\u00e7os de 40 at\u00e9 50 m\u00b2  Prote\u00e7\u00e3o contra sobreaquecimento inclu\u00edda  Cabo de alimenta\u00e7\u00e3o de 1,8 metros  Dimens\u00f5es: 70 x 22 x 71 cm  Pode funcionar apenas com o simulador de fogo ou combinando com o aquecedor  N\u00e3o adequado para uso em casas de banho  Certifica\u00e7\u00e3o gs\/t\u00fcv  https:\/\/curiosidadesedicas.com\/loja\/wp-content\/uploads\/2025\/11\/0.-Lareira-Piornos-VIDEO.mp4   O\u00a0m\u00f3vel branco j\u00e1 \u00e9 lindo\u2026 agora imagine na cor que desejar. Neste v\u00eddeo mostramos a transforma\u00e7\u00e3o do m\u00f3vel da Lareira Piornos para uma cliente \u2014 e o resultado fala por si. No pr\u00f3ximo inverno, vamos permitir que personalize a sua lareira na cor que combina perfeitamente com a sua casa. Porque conforto tamb\u00e9m \u00e9 estilo  https:\/\/www.youtube.com\/shorts\/-qxEPqiMPEo  Informa\u00e7\u00e3o Importante!  Para haver aquecimento o aquecedor tem de ter pot\u00eancia, \u00e9 matem\u00e1tica, e n\u00e3o h\u00e1 milagres, mas se existem uns aquecedores eficientes no mercado, as lareiras s\u00e3o muito eficazes a aquecer e n\u00e3o gastam muito.  As lareiras t\u00eam tudo de bom e por isso vendemos h\u00e1 a mais de 5 anos, com 99% de clientes apaixonados. Conseguem aquecer logo desde o primeiro segundo (poder t\u00e9rmico de 100%), aquecem muito bem e muito r\u00e1pido uma divis\u00e3o na posi\u00e7\u00e3o dos 2000W (depende sempre do isolamento), quando a divis\u00e3o estiver com um bom ambiente \u201cn\u00e3o precisamos de andar em manga curta\u201d, usa a pot\u00eancia m\u00ednima (1000W), para economizar, ou seja, 90% da utiliza\u00e7\u00e3o da lareira vai ser efetuada no m\u00ednimo, a gastar metade de um aquecedor a \u00f3leo.  Um termo-ventilador gasta 2000W e n\u00e3o aquece nada, ou melhor, aquece bem, mas ao desligar, o calor desaparece logo, e o conforto \/ qualidade do calor\u00a0\u00e9 do pior que existe, um aquecedor arranca a 900W, demora meia hora a libertar o calor para aquecer bem, e gasta 2000W os mais pequenos de 6 elementos, os de 8 elementos 2500W e nunca espalha o calor t\u00e3o bem como as lareiras, nem meia d\u00fazia de aquecedores a \u00f3leo se compara \u00e0s lareiras.  Por isso, s\u00e3o t\u00e3o procuradas, muito realistas, super seguras at\u00e9 ao toque, as crian\u00e7as podem brincar e tocar nas lareiras sem qualquer perigo, o fogo \u00e9 uma descontra\u00e7\u00e3o, uma companhia, t\u00eam mesmo tudo de bom, temos 99.9% de clientes rendidos \u00e0s evid\u00eancias.  Dispon\u00edvel:\u00a0 entrega em 5 dias\" \/>\n<meta property=\"og:url\" content=\"https:\/\/curiosidadesedicas.com\/loja\/en\/product\/lareira-eletrica-de-chao-c-moldura-piornos-1800w\/\" \/>\n<meta property=\"og:site_name\" content=\"Curiosidades &amp; Dicas, Lda\" \/>\n<meta property=\"article:modified_time\" content=\"2026-03-06T16:11:21+00:00\" \/>\n<meta property=\"og:image\" content=\"https:\/\/curiosidadesedicas.com\/loja\/wp-content\/uploads\/2025\/11\/foto-1-scaled.jpg\" \/>\n\t<meta property=\"og:image:width\" content=\"1920\" \/>\n\t<meta property=\"og:image:height\" content=\"2560\" \/>\n\t<meta property=\"og:image:type\" content=\"image\/jpeg\" \/>\n<meta name=\"twitter:card\" content=\"summary_large_image\" \/>\n<meta name=\"twitter:label1\" content=\"Est. reading time\" \/>\n\t<meta name=\"twitter:data1\" content=\"1 minute\" \/>\n<script type=\"application\/ld+json\" class=\"yoast-schema-graph\">{\"@context\":\"https:\/\/schema.org\",\"@graph\":[{\"@type\":\"WebPage\",\"@id\":\"https:\/\/curiosidadesedicas.com\/loja\/produto\/lareira-eletrica-de-chao-c-moldura-piornos-1800w\/\",\"url\":\"https:\/\/curiosidadesedicas.com\/loja\/produto\/lareira-eletrica-de-chao-c-moldura-piornos-1800w\/\",\"name\":\"LAREIRA EL\u00c9TRICA DE CH\u00c3O C\/ MOLDURA PIORNOS 1800W - Curiosidades &amp; Dicas, Lda\",\"isPartOf\":{\"@id\":\"https:\/\/curiosidadesedicas.com\/loja\/#website\"},\"primaryImageOfPage\":{\"@id\":\"https:\/\/curiosidadesedicas.com\/loja\/produto\/lareira-eletrica-de-chao-c-moldura-piornos-1800w\/#primaryimage\"},\"image\":{\"@id\":\"https:\/\/curiosidadesedicas.com\/loja\/produto\/lareira-eletrica-de-chao-c-moldura-piornos-1800w\/#primaryimage\"},\"thumbnailUrl\":\"https:\/\/curiosidadesedicas.com\/loja\/wp-content\/uploads\/2025\/11\/foto-1-scaled.jpg\",\"datePublished\":\"2025-11-05T15:41:51+00:00\",\"dateModified\":\"2026-03-06T16:11:21+00:00\",\"breadcrumb\":{\"@id\":\"https:\/\/curiosidadesedicas.com\/loja\/produto\/lareira-eletrica-de-chao-c-moldura-piornos-1800w\/#breadcrumb\"},\"inLanguage\":\"en-US\",\"potentialAction\":[{\"@type\":\"ReadAction\",\"target\":[\"https:\/\/curiosidadesedicas.com\/loja\/produto\/lareira-eletrica-de-chao-c-moldura-piornos-1800w\/\"]}]},{\"@type\":\"ImageObject\",\"inLanguage\":\"en-US\",\"@id\":\"https:\/\/curiosidadesedicas.com\/loja\/produto\/lareira-eletrica-de-chao-c-moldura-piornos-1800w\/#primaryimage\",\"url\":\"https:\/\/curiosidadesedicas.com\/loja\/wp-content\/uploads\/2025\/11\/foto-1-scaled.jpg\",\"contentUrl\":\"https:\/\/curiosidadesedicas.com\/loja\/wp-content\/uploads\/2025\/11\/foto-1-scaled.jpg\",\"width\":1920,\"height\":2560},{\"@type\":\"BreadcrumbList\",\"@id\":\"https:\/\/curiosidadesedicas.com\/loja\/produto\/lareira-eletrica-de-chao-c-moldura-piornos-1800w\/#breadcrumb\",\"itemListElement\":[{\"@type\":\"ListItem\",\"position\":1,\"name\":\"In\u00edcio\",\"item\":\"https:\/\/curiosidadesedicas.com\/loja\/\"},{\"@type\":\"ListItem\",\"position\":2,\"name\":\"Produtos\",\"item\":\"https:\/\/curiosidadesedicas.com\/loja\/produtos\/\"},{\"@type\":\"ListItem\",\"position\":3,\"name\":\"LAREIRA EL\u00c9TRICA DE CH\u00c3O C\/ MOLDURA PIORNOS 1800W\"}]},{\"@type\":\"WebSite\",\"@id\":\"https:\/\/curiosidadesedicas.com\/loja\/#website\",\"url\":\"https:\/\/curiosidadesedicas.com\/loja\/\",\"name\":\"Curiosidades &amp; Dicas, Lda\",\"description\":\"Apaixonados Por Inova\u00e7\u00e3o\",\"publisher\":{\"@id\":\"https:\/\/curiosidadesedicas.com\/loja\/#organization\"},\"potentialAction\":[{\"@type\":\"SearchAction\",\"target\":{\"@type\":\"EntryPoint\",\"urlTemplate\":\"https:\/\/curiosidadesedicas.com\/loja\/?s={search_term_string}\"},\"query-input\":{\"@type\":\"PropertyValueSpecification\",\"valueRequired\":true,\"valueName\":\"search_term_string\"}}],\"inLanguage\":\"en-US\"},{\"@type\":\"Organization\",\"@id\":\"https:\/\/curiosidadesedicas.com\/loja\/#organization\",\"name\":\"Curiosidades & Dicas\",\"url\":\"https:\/\/curiosidadesedicas.com\/loja\/\",\"logo\":{\"@type\":\"ImageObject\",\"inLanguage\":\"en-US\",\"@id\":\"https:\/\/curiosidadesedicas.com\/loja\/#\/schema\/logo\/image\/\",\"url\":\"https:\/\/curiosidadesedicas.com\/loja\/wp-content\/uploads\/2020\/05\/LogoCuriosidadesSimples.png\",\"contentUrl\":\"https:\/\/curiosidadesedicas.com\/loja\/wp-content\/uploads\/2020\/05\/LogoCuriosidadesSimples.png\",\"width\":3528,\"height\":804,\"caption\":\"Curiosidades & Dicas\"},\"image\":{\"@id\":\"https:\/\/curiosidadesedicas.com\/loja\/#\/schema\/logo\/image\/\"}}]}<\/script>\n<!-- \/ Yoast SEO plugin. -->","yoast_head_json":{"title":"LAREIRA EL\u00c9TRICA DE CH\u00c3O C\/ MOLDURA PIORNOS 1800W - Curiosidades &amp; Dicas, Lda","robots":{"index":"index","follow":"follow","max-snippet":"max-snippet:-1","max-image-preview":"max-image-preview:large","max-video-preview":"max-video-preview:-1"},"canonical":"https:\/\/curiosidadesedicas.com\/loja\/en\/product\/lareira-eletrica-de-chao-c-moldura-piornos-1800w\/","og_locale":"en_US","og_type":"article","og_title":"LAREIRA EL\u00c9TRICA DE CH\u00c3O C\/ MOLDURA PIORNOS 1800W - Curiosidades &amp; Dicas, Lda","og_description":"Lareira El\u00e9trica de Ch\u00e3o c\/ Moldura PIORNOS.   Pot\u00eancia m\u00e1xima: 1800W  Alimenta\u00e7\u00e3o: 220-240 v~ 50 hz, ficha tipo c (cee7\/17)  Aquecimento por resist\u00eancia el\u00e9trica tipo strip  Term\u00f3stato ajust\u00e1vel, sistema \u00f3tico led com efeito de fogo realista, ajuste do brilho, 6 leds de baixo consumo, adequado para espa\u00e7os de 40 at\u00e9 50 m\u00b2  Prote\u00e7\u00e3o contra sobreaquecimento inclu\u00edda  Cabo de alimenta\u00e7\u00e3o de 1,8 metros  Dimens\u00f5es: 70 x 22 x 71 cm  Pode funcionar apenas com o simulador de fogo ou combinando com o aquecedor  N\u00e3o adequado para uso em casas de banho  Certifica\u00e7\u00e3o gs\/t\u00fcv  https:\/\/curiosidadesedicas.com\/loja\/wp-content\/uploads\/2025\/11\/0.-Lareira-Piornos-VIDEO.mp4   O\u00a0m\u00f3vel branco j\u00e1 \u00e9 lindo\u2026 agora imagine na cor que desejar. Neste v\u00eddeo mostramos a transforma\u00e7\u00e3o do m\u00f3vel da Lareira Piornos para uma cliente \u2014 e o resultado fala por si. No pr\u00f3ximo inverno, vamos permitir que personalize a sua lareira na cor que combina perfeitamente com a sua casa. Porque conforto tamb\u00e9m \u00e9 estilo  https:\/\/www.youtube.com\/shorts\/-qxEPqiMPEo  Informa\u00e7\u00e3o Importante!  Para haver aquecimento o aquecedor tem de ter pot\u00eancia, \u00e9 matem\u00e1tica, e n\u00e3o h\u00e1 milagres, mas se existem uns aquecedores eficientes no mercado, as lareiras s\u00e3o muito eficazes a aquecer e n\u00e3o gastam muito.  As lareiras t\u00eam tudo de bom e por isso vendemos h\u00e1 a mais de 5 anos, com 99% de clientes apaixonados. Conseguem aquecer logo desde o primeiro segundo (poder t\u00e9rmico de 100%), aquecem muito bem e muito r\u00e1pido uma divis\u00e3o na posi\u00e7\u00e3o dos 2000W (depende sempre do isolamento), quando a divis\u00e3o estiver com um bom ambiente \u201cn\u00e3o precisamos de andar em manga curta\u201d, usa a pot\u00eancia m\u00ednima (1000W), para economizar, ou seja, 90% da utiliza\u00e7\u00e3o da lareira vai ser efetuada no m\u00ednimo, a gastar metade de um aquecedor a \u00f3leo.  Um termo-ventilador gasta 2000W e n\u00e3o aquece nada, ou melhor, aquece bem, mas ao desligar, o calor desaparece logo, e o conforto \/ qualidade do calor\u00a0\u00e9 do pior que existe, um aquecedor arranca a 900W, demora meia hora a libertar o calor para aquecer bem, e gasta 2000W os mais pequenos de 6 elementos, os de 8 elementos 2500W e nunca espalha o calor t\u00e3o bem como as lareiras, nem meia d\u00fazia de aquecedores a \u00f3leo se compara \u00e0s lareiras.  Por isso, s\u00e3o t\u00e3o procuradas, muito realistas, super seguras at\u00e9 ao toque, as crian\u00e7as podem brincar e tocar nas lareiras sem qualquer perigo, o fogo \u00e9 uma descontra\u00e7\u00e3o, uma companhia, t\u00eam mesmo tudo de bom, temos 99.9% de clientes rendidos \u00e0s evid\u00eancias.  Dispon\u00edvel:\u00a0 entrega em 5 dias","og_url":"https:\/\/curiosidadesedicas.com\/loja\/en\/product\/lareira-eletrica-de-chao-c-moldura-piornos-1800w\/","og_site_name":"Curiosidades &amp; Dicas, Lda","article_modified_time":"2026-03-06T16:11:21+00:00","og_image":[{"width":1920,"height":2560,"url":"https:\/\/curiosidadesedicas.com\/loja\/wp-content\/uploads\/2025\/11\/foto-1-scaled.jpg","type":"image\/jpeg"}],"twitter_card":"summary_large_image","twitter_misc":{"Est. reading time":"1 minute"},"schema":{"@context":"https:\/\/schema.org","@graph":[{"@type":"WebPage","@id":"https:\/\/curiosidadesedicas.com\/loja\/produto\/lareira-eletrica-de-chao-c-moldura-piornos-1800w\/","url":"https:\/\/curiosidadesedicas.com\/loja\/produto\/lareira-eletrica-de-chao-c-moldura-piornos-1800w\/","name":"LAREIRA EL\u00c9TRICA DE CH\u00c3O C\/ MOLDURA PIORNOS 1800W - Curiosidades &amp; Dicas, Lda","isPartOf":{"@id":"https:\/\/curiosidadesedicas.com\/loja\/#website"},"primaryImageOfPage":{"@id":"https:\/\/curiosidadesedicas.com\/loja\/produto\/lareira-eletrica-de-chao-c-moldura-piornos-1800w\/#primaryimage"},"image":{"@id":"https:\/\/curiosidadesedicas.com\/loja\/produto\/lareira-eletrica-de-chao-c-moldura-piornos-1800w\/#primaryimage"},"thumbnailUrl":"https:\/\/curiosidadesedicas.com\/loja\/wp-content\/uploads\/2025\/11\/foto-1-scaled.jpg","datePublished":"2025-11-05T15:41:51+00:00","dateModified":"2026-03-06T16:11:21+00:00","breadcrumb":{"@id":"https:\/\/curiosidadesedicas.com\/loja\/produto\/lareira-eletrica-de-chao-c-moldura-piornos-1800w\/#breadcrumb"},"inLanguage":"en-US","potentialAction":[{"@type":"ReadAction","target":["https:\/\/curiosidadesedicas.com\/loja\/produto\/lareira-eletrica-de-chao-c-moldura-piornos-1800w\/"]}]},{"@type":"ImageObject","inLanguage":"en-US","@id":"https:\/\/curiosidadesedicas.com\/loja\/produto\/lareira-eletrica-de-chao-c-moldura-piornos-1800w\/#primaryimage","url":"https:\/\/curiosidadesedicas.com\/loja\/wp-content\/uploads\/2025\/11\/foto-1-scaled.jpg","contentUrl":"https:\/\/curiosidadesedicas.com\/loja\/wp-content\/uploads\/2025\/11\/foto-1-scaled.jpg","width":1920,"height":2560},{"@type":"BreadcrumbList","@id":"https:\/\/curiosidadesedicas.com\/loja\/produto\/lareira-eletrica-de-chao-c-moldura-piornos-1800w\/#breadcrumb","itemListElement":[{"@type":"ListItem","position":1,"name":"In\u00edcio","item":"https:\/\/curiosidadesedicas.com\/loja\/"},{"@type":"ListItem","position":2,"name":"Produtos","item":"https:\/\/curiosidadesedicas.com\/loja\/produtos\/"},{"@type":"ListItem","position":3,"name":"LAREIRA EL\u00c9TRICA DE CH\u00c3O C\/ MOLDURA PIORNOS 1800W"}]},{"@type":"WebSite","@id":"https:\/\/curiosidadesedicas.com\/loja\/#website","url":"https:\/\/curiosidadesedicas.com\/loja\/","name":"Curiosidades &amp; Dicas, Lda","description":"Apaixonados Por Inova\u00e7\u00e3o","publisher":{"@id":"https:\/\/curiosidadesedicas.com\/loja\/#organization"},"potentialAction":[{"@type":"SearchAction","target":{"@type":"EntryPoint","urlTemplate":"https:\/\/curiosidadesedicas.com\/loja\/?s={search_term_string}"},"query-input":{"@type":"PropertyValueSpecification","valueRequired":true,"valueName":"search_term_string"}}],"inLanguage":"en-US"},{"@type":"Organization","@id":"https:\/\/curiosidadesedicas.com\/loja\/#organization","name":"Curiosidades & Dicas","url":"https:\/\/curiosidadesedicas.com\/loja\/","logo":{"@type":"ImageObject","inLanguage":"en-US","@id":"https:\/\/curiosidadesedicas.com\/loja\/#\/schema\/logo\/image\/","url":"https:\/\/curiosidadesedicas.com\/loja\/wp-content\/uploads\/2020\/05\/LogoCuriosidadesSimples.png","contentUrl":"https:\/\/curiosidadesedicas.com\/loja\/wp-content\/uploads\/2020\/05\/LogoCuriosidadesSimples.png","width":3528,"height":804,"caption":"Curiosidades & Dicas"},"image":{"@id":"https:\/\/curiosidadesedicas.com\/loja\/#\/schema\/logo\/image\/"}}]}},"_links":{"self":[{"href":"https:\/\/curiosidadesedicas.com\/loja\/en\/wp-json\/wp\/v2\/product\/34780","targetHints":{"allow":["GET"]}}],"collection":[{"href":"https:\/\/curiosidadesedicas.com\/loja\/en\/wp-json\/wp\/v2\/product"}],"about":[{"href":"https:\/\/curiosidadesedicas.com\/loja\/en\/wp-json\/wp\/v2\/types\/product"}],"replies":[{"embeddable":true,"href":"https:\/\/curiosidadesedicas.com\/loja\/en\/wp-json\/wp\/v2\/comments?post=34780"}],"wp:featuredmedia":[{"embeddable":true,"href":"https:\/\/curiosidadesedicas.com\/loja\/en\/wp-json\/wp\/v2\/media\/34782"}],"wp:attachment":[{"href":"https:\/\/curiosidadesedicas.com\/loja\/en\/wp-json\/wp\/v2\/media?parent=34780"}],"wp:term":[{"taxonomy":"product_brand","embeddable":true,"href":"https:\/\/curiosidadesedicas.com\/loja\/en\/wp-json\/wp\/v2\/product_brand?post=34780"},{"taxonomy":"product_cat","embeddable":true,"href":"https:\/\/curiosidadesedicas.com\/loja\/en\/wp-json\/wp\/v2\/product_cat?post=34780"},{"taxonomy":"product_tag","embeddable":true,"href":"https:\/\/curiosidadesedicas.com\/loja\/en\/wp-json\/wp\/v2\/product_tag?post=34780"}],"curies":[{"name":"wp","href":"https:\/\/api.w.org\/{rel}","templated":true}]}}