{"id":34721,"date":"2025-09-19T12:06:02","date_gmt":"2025-09-19T12:06:02","guid":{"rendered":"https:\/\/curiosidadesedicas.com\/loja\/?post_type=product&#038;p=34721"},"modified":"2025-09-19T13:49:50","modified_gmt":"2025-09-19T13:49:50","slug":"lancheira-eletrica-recarregavel-s-fios-topiky","status":"publish","type":"product","link":"https:\/\/curiosidadesedicas.com\/loja\/en\/product\/lancheira-eletrica-recarregavel-s-fios-topiky\/","title":{"rendered":"LANCHEIRA EL\u00c9TRICA RECARREG\u00c1VEL S\/ FIOS TOPIKY"},"content":{"rendered":"<ul>\n<li>Material de a\u00e7o inoxid\u00e1vel: a lancheira aquecida possui um interior premium de a\u00e7o inoxid\u00e1vel 304, que oferece seguran\u00e7a e fiabilidade. \u00c9 desmont\u00e1vel para facilitar a limpeza e promete uso duradouro.<\/li>\n<li>Pot\u00eancia de aquecimento r\u00e1pido: com uma classifica\u00e7\u00e3o de energia de 40 W, esta lancheira el\u00e9trica aquece os alimentos rapidamente, eliminando os tempos de espera e proporcionando conveni\u00eancia e velocidade para as suas refei\u00e7\u00f5es.<\/li>\n<li>Opera\u00e7\u00e3o sem fio: sem necessidade de tomadas ou \u00e1gua. Basta carregar para aquecer uma variedade de alimentos, atendendo a diferentes prefer\u00eancias de sabor sem problemas.<\/li>\n<li>Ampla capacidade: projetado com grande capacidade e camada de isolamento, o aquecedor de alimentos mant\u00e9m os alimentos quentes mesmo sem energia, garantindo que as refei\u00e7\u00f5es quentes estejam dispon\u00edveis a qualquer hora e em qualquer lugar.<\/li>\n<li>Conveni\u00eancia port\u00e1til: equipada com uma bateria embutida em 14000 mAh, esta lancheira \u00e9 ideal para trabalhar, viagens de carro, viagens, campismo, piqueniques, escola e muito mais, melhorando as experi\u00eancias de refei\u00e7\u00f5es em movimento.<\/li>\n<\/ul>\n<p><img decoding=\"async\" class=\"aligncenter\" src=\"https:\/\/curiosidadesedicas.com\/loja\/wp-content\/uploads\/2025\/09\/4.png\" \/><\/p>\n<p><strong>Notas:<\/strong><\/p>\n<p>\u2714\ufe0f N\u00e3o coloque \u00e1gua ou alimentos dentro da lancheira, apenas no recipiente em inox.<\/p>\n<p>\u2714\ufe0f N\u00e3o mergulhe o produto completamente na \u00e1gua para limpeza.<\/p>","protected":false},"excerpt":{"rendered":"<p>Uma\u00a0lancheira el\u00e9trica recarreg\u00e1vel sem fios, muito confort\u00e1vel e eficiente para aquecer alimentos. Ideal para desfrutar de comida caseira a qualquer hora e lugar.<\/p>\n<ul>\n<li style=\"list-style-type: none;\">\n<ul>\n<li>Capacidade: 1000 ml<\/li>\n<li>Material: interior em a\u00e7o inoxid\u00e1vel 304<\/li>\n<li>Peso: aprox. 1167,00 g<\/li>\n<li>Tipo de bateria: Bateria Li (enviada com bateria incorporada)<\/li>\n<li>Capacidade da bateria: 14000 mAh<\/li>\n<li>Dimens\u00f5es: aprox. 243 x 143 x 80 mm<\/li>\n<li>A lancheira \u00e9 composta por:\n<ul>\n<li>1 lancheira el\u00e9trica<\/li>\n<li>1 caixa interna<\/li>\n<li>1 tampa<\/li>\n<li>1 cabo de dados USB<\/li>\n<\/ul>\n<\/li>\n<\/ul>\n<\/li>\n<\/ul>","protected":false},"featured_media":34726,"comment_status":"open","ping_status":"closed","template":"","meta":{"_glsr_average":0,"_glsr_ranking":0,"_glsr_reviews":0},"product_brand":[],"product_cat":[350,420,408,365,366],"product_tag":[],"class_list":{"0":"post-34721","1":"product","2":"type-product","3":"status-publish","4":"has-post-thumbnail","6":"product_cat-gadgets","7":"product_cat-p-trabalho","8":"product_cat-p-viagens","9":"product_cat-para-o-lar","10":"product_cat-cozinha","12":"first","13":"instock","14":"taxable","15":"shipping-taxable","16":"purchasable","17":"product-type-simple"},"yoast_head":"<!-- This site is optimized with the Yoast SEO plugin v26.8 - https:\/\/yoast.com\/product\/yoast-seo-wordpress\/ -->\n<title>LANCHEIRA EL\u00c9TRICA RECARREG\u00c1VEL S\/ FIOS TOPIKY - Curiosidades &amp; Dicas, Lda<\/title>\n<meta name=\"robots\" content=\"index, follow, max-snippet:-1, max-image-preview:large, max-video-preview:-1\" \/>\n<link rel=\"canonical\" href=\"https:\/\/curiosidadesedicas.com\/loja\/en\/product\/lancheira-eletrica-recarregavel-s-fios-topiky\/\" \/>\n<meta property=\"og:locale\" content=\"en_US\" \/>\n<meta property=\"og:type\" content=\"article\" \/>\n<meta property=\"og:title\" content=\"LANCHEIRA EL\u00c9TRICA RECARREG\u00c1VEL S\/ FIOS TOPIKY - Curiosidades &amp; Dicas, Lda\" \/>\n<meta property=\"og:description\" content=\"Uma\u00a0lancheira el\u00e9trica recarreg\u00e1vel sem fios, muito confort\u00e1vel e eficiente para aquecer alimentos. Ideal para desfrutar de comida caseira a qualquer hora e lugar.      Capacidade: 1000 ml  Material: interior em a\u00e7o inoxid\u00e1vel 304  Peso: aprox. 1167,00 g  Tipo de bateria: Bateria Li (enviada com bateria incorporada)  Capacidade da bateria: 14000 mAh  Dimens\u00f5es: aprox. 243 x 143 x 80 mm  A lancheira \u00e9 composta por:   1 lancheira el\u00e9trica  1 caixa interna  1 tampa  1 cabo de dados USB\" \/>\n<meta property=\"og:url\" content=\"https:\/\/curiosidadesedicas.com\/loja\/en\/product\/lancheira-eletrica-recarregavel-s-fios-topiky\/\" \/>\n<meta property=\"og:site_name\" content=\"Curiosidades &amp; Dicas, Lda\" \/>\n<meta property=\"article:modified_time\" content=\"2025-09-19T13:49:50+00:00\" \/>\n<meta property=\"og:image\" content=\"https:\/\/curiosidadesedicas.com\/loja\/wp-content\/uploads\/2025\/09\/central.png\" \/>\n\t<meta property=\"og:image:width\" content=\"701\" \/>\n\t<meta property=\"og:image:height\" content=\"598\" \/>\n\t<meta property=\"og:image:type\" content=\"image\/png\" \/>\n<meta name=\"twitter:card\" content=\"summary_large_image\" \/>\n<meta name=\"twitter:label1\" content=\"Est. reading time\" \/>\n\t<meta name=\"twitter:data1\" content=\"2 minutes\" \/>\n<script type=\"application\/ld+json\" class=\"yoast-schema-graph\">{\"@context\":\"https:\/\/schema.org\",\"@graph\":[{\"@type\":\"WebPage\",\"@id\":\"https:\/\/curiosidadesedicas.com\/loja\/produto\/lancheira-eletrica-recarregavel-s-fios-topiky\/\",\"url\":\"https:\/\/curiosidadesedicas.com\/loja\/produto\/lancheira-eletrica-recarregavel-s-fios-topiky\/\",\"name\":\"LANCHEIRA EL\u00c9TRICA RECARREG\u00c1VEL S\/ FIOS TOPIKY - Curiosidades &amp; Dicas, Lda\",\"isPartOf\":{\"@id\":\"https:\/\/curiosidadesedicas.com\/loja\/#website\"},\"primaryImageOfPage\":{\"@id\":\"https:\/\/curiosidadesedicas.com\/loja\/produto\/lancheira-eletrica-recarregavel-s-fios-topiky\/#primaryimage\"},\"image\":{\"@id\":\"https:\/\/curiosidadesedicas.com\/loja\/produto\/lancheira-eletrica-recarregavel-s-fios-topiky\/#primaryimage\"},\"thumbnailUrl\":\"https:\/\/curiosidadesedicas.com\/loja\/wp-content\/uploads\/2025\/09\/central.png\",\"datePublished\":\"2025-09-19T12:06:02+00:00\",\"dateModified\":\"2025-09-19T13:49:50+00:00\",\"breadcrumb\":{\"@id\":\"https:\/\/curiosidadesedicas.com\/loja\/produto\/lancheira-eletrica-recarregavel-s-fios-topiky\/#breadcrumb\"},\"inLanguage\":\"en-US\",\"potentialAction\":[{\"@type\":\"ReadAction\",\"target\":[\"https:\/\/curiosidadesedicas.com\/loja\/produto\/lancheira-eletrica-recarregavel-s-fios-topiky\/\"]}]},{\"@type\":\"ImageObject\",\"inLanguage\":\"en-US\",\"@id\":\"https:\/\/curiosidadesedicas.com\/loja\/produto\/lancheira-eletrica-recarregavel-s-fios-topiky\/#primaryimage\",\"url\":\"https:\/\/curiosidadesedicas.com\/loja\/wp-content\/uploads\/2025\/09\/central.png\",\"contentUrl\":\"https:\/\/curiosidadesedicas.com\/loja\/wp-content\/uploads\/2025\/09\/central.png\",\"width\":701,\"height\":598},{\"@type\":\"BreadcrumbList\",\"@id\":\"https:\/\/curiosidadesedicas.com\/loja\/produto\/lancheira-eletrica-recarregavel-s-fios-topiky\/#breadcrumb\",\"itemListElement\":[{\"@type\":\"ListItem\",\"position\":1,\"name\":\"In\u00edcio\",\"item\":\"https:\/\/curiosidadesedicas.com\/loja\/\"},{\"@type\":\"ListItem\",\"position\":2,\"name\":\"Produtos\",\"item\":\"https:\/\/curiosidadesedicas.com\/loja\/produtos\/\"},{\"@type\":\"ListItem\",\"position\":3,\"name\":\"LANCHEIRA EL\u00c9TRICA RECARREG\u00c1VEL S\/ FIOS TOPIKY\"}]},{\"@type\":\"WebSite\",\"@id\":\"https:\/\/curiosidadesedicas.com\/loja\/#website\",\"url\":\"https:\/\/curiosidadesedicas.com\/loja\/\",\"name\":\"Curiosidades &amp; Dicas, Lda\",\"description\":\"Apaixonados Por Inova\u00e7\u00e3o\",\"publisher\":{\"@id\":\"https:\/\/curiosidadesedicas.com\/loja\/#organization\"},\"potentialAction\":[{\"@type\":\"SearchAction\",\"target\":{\"@type\":\"EntryPoint\",\"urlTemplate\":\"https:\/\/curiosidadesedicas.com\/loja\/?s={search_term_string}\"},\"query-input\":{\"@type\":\"PropertyValueSpecification\",\"valueRequired\":true,\"valueName\":\"search_term_string\"}}],\"inLanguage\":\"en-US\"},{\"@type\":\"Organization\",\"@id\":\"https:\/\/curiosidadesedicas.com\/loja\/#organization\",\"name\":\"Curiosidades & Dicas\",\"url\":\"https:\/\/curiosidadesedicas.com\/loja\/\",\"logo\":{\"@type\":\"ImageObject\",\"inLanguage\":\"en-US\",\"@id\":\"https:\/\/curiosidadesedicas.com\/loja\/#\/schema\/logo\/image\/\",\"url\":\"https:\/\/curiosidadesedicas.com\/loja\/wp-content\/uploads\/2020\/05\/LogoCuriosidadesSimples.png\",\"contentUrl\":\"https:\/\/curiosidadesedicas.com\/loja\/wp-content\/uploads\/2020\/05\/LogoCuriosidadesSimples.png\",\"width\":3528,\"height\":804,\"caption\":\"Curiosidades & Dicas\"},\"image\":{\"@id\":\"https:\/\/curiosidadesedicas.com\/loja\/#\/schema\/logo\/image\/\"}}]}<\/script>\n<!-- \/ Yoast SEO plugin. -->","yoast_head_json":{"title":"LANCHEIRA EL\u00c9TRICA RECARREG\u00c1VEL S\/ FIOS TOPIKY - Curiosidades &amp; Dicas, Lda","robots":{"index":"index","follow":"follow","max-snippet":"max-snippet:-1","max-image-preview":"max-image-preview:large","max-video-preview":"max-video-preview:-1"},"canonical":"https:\/\/curiosidadesedicas.com\/loja\/en\/product\/lancheira-eletrica-recarregavel-s-fios-topiky\/","og_locale":"en_US","og_type":"article","og_title":"LANCHEIRA EL\u00c9TRICA RECARREG\u00c1VEL S\/ FIOS TOPIKY - Curiosidades &amp; Dicas, Lda","og_description":"Uma\u00a0lancheira el\u00e9trica recarreg\u00e1vel sem fios, muito confort\u00e1vel e eficiente para aquecer alimentos. Ideal para desfrutar de comida caseira a qualquer hora e lugar.      Capacidade: 1000 ml  Material: interior em a\u00e7o inoxid\u00e1vel 304  Peso: aprox. 1167,00 g  Tipo de bateria: Bateria Li (enviada com bateria incorporada)  Capacidade da bateria: 14000 mAh  Dimens\u00f5es: aprox. 243 x 143 x 80 mm  A lancheira \u00e9 composta por:   1 lancheira el\u00e9trica  1 caixa interna  1 tampa  1 cabo de dados USB","og_url":"https:\/\/curiosidadesedicas.com\/loja\/en\/product\/lancheira-eletrica-recarregavel-s-fios-topiky\/","og_site_name":"Curiosidades &amp; Dicas, Lda","article_modified_time":"2025-09-19T13:49:50+00:00","og_image":[{"width":701,"height":598,"url":"https:\/\/curiosidadesedicas.com\/loja\/wp-content\/uploads\/2025\/09\/central.png","type":"image\/png"}],"twitter_card":"summary_large_image","twitter_misc":{"Est. reading time":"2 minutes"},"schema":{"@context":"https:\/\/schema.org","@graph":[{"@type":"WebPage","@id":"https:\/\/curiosidadesedicas.com\/loja\/produto\/lancheira-eletrica-recarregavel-s-fios-topiky\/","url":"https:\/\/curiosidadesedicas.com\/loja\/produto\/lancheira-eletrica-recarregavel-s-fios-topiky\/","name":"LANCHEIRA EL\u00c9TRICA RECARREG\u00c1VEL S\/ FIOS TOPIKY - Curiosidades &amp; Dicas, Lda","isPartOf":{"@id":"https:\/\/curiosidadesedicas.com\/loja\/#website"},"primaryImageOfPage":{"@id":"https:\/\/curiosidadesedicas.com\/loja\/produto\/lancheira-eletrica-recarregavel-s-fios-topiky\/#primaryimage"},"image":{"@id":"https:\/\/curiosidadesedicas.com\/loja\/produto\/lancheira-eletrica-recarregavel-s-fios-topiky\/#primaryimage"},"thumbnailUrl":"https:\/\/curiosidadesedicas.com\/loja\/wp-content\/uploads\/2025\/09\/central.png","datePublished":"2025-09-19T12:06:02+00:00","dateModified":"2025-09-19T13:49:50+00:00","breadcrumb":{"@id":"https:\/\/curiosidadesedicas.com\/loja\/produto\/lancheira-eletrica-recarregavel-s-fios-topiky\/#breadcrumb"},"inLanguage":"en-US","potentialAction":[{"@type":"ReadAction","target":["https:\/\/curiosidadesedicas.com\/loja\/produto\/lancheira-eletrica-recarregavel-s-fios-topiky\/"]}]},{"@type":"ImageObject","inLanguage":"en-US","@id":"https:\/\/curiosidadesedicas.com\/loja\/produto\/lancheira-eletrica-recarregavel-s-fios-topiky\/#primaryimage","url":"https:\/\/curiosidadesedicas.com\/loja\/wp-content\/uploads\/2025\/09\/central.png","contentUrl":"https:\/\/curiosidadesedicas.com\/loja\/wp-content\/uploads\/2025\/09\/central.png","width":701,"height":598},{"@type":"BreadcrumbList","@id":"https:\/\/curiosidadesedicas.com\/loja\/produto\/lancheira-eletrica-recarregavel-s-fios-topiky\/#breadcrumb","itemListElement":[{"@type":"ListItem","position":1,"name":"In\u00edcio","item":"https:\/\/curiosidadesedicas.com\/loja\/"},{"@type":"ListItem","position":2,"name":"Produtos","item":"https:\/\/curiosidadesedicas.com\/loja\/produtos\/"},{"@type":"ListItem","position":3,"name":"LANCHEIRA EL\u00c9TRICA RECARREG\u00c1VEL S\/ FIOS TOPIKY"}]},{"@type":"WebSite","@id":"https:\/\/curiosidadesedicas.com\/loja\/#website","url":"https:\/\/curiosidadesedicas.com\/loja\/","name":"Curiosidades &amp; Dicas, Lda","description":"Apaixonados Por Inova\u00e7\u00e3o","publisher":{"@id":"https:\/\/curiosidadesedicas.com\/loja\/#organization"},"potentialAction":[{"@type":"SearchAction","target":{"@type":"EntryPoint","urlTemplate":"https:\/\/curiosidadesedicas.com\/loja\/?s={search_term_string}"},"query-input":{"@type":"PropertyValueSpecification","valueRequired":true,"valueName":"search_term_string"}}],"inLanguage":"en-US"},{"@type":"Organization","@id":"https:\/\/curiosidadesedicas.com\/loja\/#organization","name":"Curiosidades & Dicas","url":"https:\/\/curiosidadesedicas.com\/loja\/","logo":{"@type":"ImageObject","inLanguage":"en-US","@id":"https:\/\/curiosidadesedicas.com\/loja\/#\/schema\/logo\/image\/","url":"https:\/\/curiosidadesedicas.com\/loja\/wp-content\/uploads\/2020\/05\/LogoCuriosidadesSimples.png","contentUrl":"https:\/\/curiosidadesedicas.com\/loja\/wp-content\/uploads\/2020\/05\/LogoCuriosidadesSimples.png","width":3528,"height":804,"caption":"Curiosidades & Dicas"},"image":{"@id":"https:\/\/curiosidadesedicas.com\/loja\/#\/schema\/logo\/image\/"}}]}},"_links":{"self":[{"href":"https:\/\/curiosidadesedicas.com\/loja\/en\/wp-json\/wp\/v2\/product\/34721","targetHints":{"allow":["GET"]}}],"collection":[{"href":"https:\/\/curiosidadesedicas.com\/loja\/en\/wp-json\/wp\/v2\/product"}],"about":[{"href":"https:\/\/curiosidadesedicas.com\/loja\/en\/wp-json\/wp\/v2\/types\/product"}],"replies":[{"embeddable":true,"href":"https:\/\/curiosidadesedicas.com\/loja\/en\/wp-json\/wp\/v2\/comments?post=34721"}],"wp:featuredmedia":[{"embeddable":true,"href":"https:\/\/curiosidadesedicas.com\/loja\/en\/wp-json\/wp\/v2\/media\/34726"}],"wp:attachment":[{"href":"https:\/\/curiosidadesedicas.com\/loja\/en\/wp-json\/wp\/v2\/media?parent=34721"}],"wp:term":[{"taxonomy":"product_brand","embeddable":true,"href":"https:\/\/curiosidadesedicas.com\/loja\/en\/wp-json\/wp\/v2\/product_brand?post=34721"},{"taxonomy":"product_cat","embeddable":true,"href":"https:\/\/curiosidadesedicas.com\/loja\/en\/wp-json\/wp\/v2\/product_cat?post=34721"},{"taxonomy":"product_tag","embeddable":true,"href":"https:\/\/curiosidadesedicas.com\/loja\/en\/wp-json\/wp\/v2\/product_tag?post=34721"}],"curies":[{"name":"wp","href":"https:\/\/api.w.org\/{rel}","templated":true}]}}