{"id":34649,"date":"2025-06-26T13:44:06","date_gmt":"2025-06-26T13:44:06","guid":{"rendered":"https:\/\/curiosidadesedicas.com\/loja\/?post_type=product&#038;p=34649"},"modified":"2025-07-14T12:37:12","modified_gmt":"2025-07-14T12:37:12","slug":"ventoinha-de-teto-bronze-c-candeeiro-led-72w-cct-asgard","status":"publish","type":"product","link":"https:\/\/curiosidadesedicas.com\/loja\/en\/product\/ventoinha-de-teto-bronze-c-candeeiro-led-72w-cct-asgard\/","title":{"rendered":"VENTOINHA DE TETO BRONZE C\/ CANDEEIRO LED 72W CCT | ASGARD"},"content":{"rendered":"<table width=\"885\">\n<tbody>\n<tr>\n<td width=\"439\">Subcategoria:<\/td>\n<td width=\"440\">Ventoinhas com luz<\/td>\n<\/tr>\n<tr>\n<td width=\"439\">Tecnologia:<\/td>\n<td width=\"440\">LED Integrado<\/td>\n<\/tr>\n<tr>\n<td width=\"439\">Tipo:<\/td>\n<td width=\"440\">Ventoinhas de Teto<\/td>\n<\/tr>\n<tr>\n<td width=\"439\">Cor:<\/td>\n<td width=\"440\">Bronze<\/td>\n<\/tr>\n<tr>\n<td width=\"439\">Formato:<\/td>\n<td width=\"440\">4 p\u00e1s retr\u00e1cteis<\/td>\n<\/tr>\n<tr>\n<td width=\"439\">Tamanho:<\/td>\n<td width=\"440\">M<\/td>\n<\/tr>\n<tr>\n<td width=\"439\">Di\u00e2metro\u00a0:<\/td>\n<td width=\"440\">108 cm<\/td>\n<\/tr>\n<tr>\n<td width=\"439\">Altura:<\/td>\n<td width=\"440\">35 cm<\/td>\n<\/tr>\n<tr>\n<td width=\"439\">Tens\u00e3o:<\/td>\n<td width=\"440\">230 V ~ 50 Hz<\/td>\n<\/tr>\n<tr>\n<td width=\"439\">Pot\u00eancia m\u00e1xima:<\/td>\n<td width=\"440\">72W<\/td>\n<\/tr>\n<tr>\n<td width=\"439\">Fluxo luminoso:<\/td>\n<td width=\"440\">6480 lm<\/td>\n<\/tr>\n<tr>\n<td width=\"439\">\u00cdndice de prote\u00e7\u00e3o:<\/td>\n<td width=\"440\">IP20<\/td>\n<\/tr>\n<tr>\n<td width=\"439\">Material:<\/td>\n<td width=\"440\">Metal + Policarbonato (PC)<\/td>\n<\/tr>\n<tr>\n<td width=\"439\">Comando:<\/td>\n<td width=\"440\">Sim<\/td>\n<\/tr>\n<tr>\n<td width=\"439\">\n<div class=\"col-6 col-lg-4 col-xl-6 mb-2\">S\u00e9rie:<\/div>\n<\/td>\n<td width=\"440\">ASGARD<\/td>\n<\/tr>\n<\/tbody>\n<\/table>","protected":false},"excerpt":{"rendered":"<div dir=\"auto\">\n<p>Esta\u00a0ventoinha de teto com luz LED e p\u00e1s retr\u00e1teis ASGARD oferece v\u00e1rias possibilidades para criar um ambiente fresco e agrad\u00e1vel em qualquer divis\u00e3o. Tem motor DC, seis velocidades, temporizador, tr\u00eas tipos de luz LED e comando \u00e0 dist\u00e2ncia.<\/p>\n<p>Uma moderna e silenciosa ventoinha de teto com candeeiro que conta com rota\u00e7\u00e3o ver\u00e3o-inverno, luz fria, quente e neutra. As p\u00e1s podem ser rebatidas e ocultadas.<\/p>\n<ul>\n<li><b>Silenciosa, motor DC<\/b>: a nossa ventoinha de teto com luz LED e p\u00e1s retr\u00e1teis \u00e9 perfeita para desfrutar de um ambiente fresco, agrad\u00e1vel e bem iluminado. Com o seu desenho moderno e elegante integra-se facilmente na decora\u00e7\u00e3o da casa. Vantagens do motor DC: mais leve, mais silencioso (menor fric\u00e7\u00e3o), menor consumo (at\u00e9 60-70% mais baixo), maior controlo e mais velocidades, etc.<\/li>\n<li><b>4 p\u00e1s retr\u00e1teis, fun\u00e7\u00e3o ver\u00e3o-inverno<\/b>: esta ventoinha<b>\u00a0<\/b>de teto LED de qualidade \u00e9 resistente e duradoura. Tem dois modos de rota\u00e7\u00e3o (ver\u00e3o-inverno). As quatro p\u00e1s podem ser rebatidas e ocultadas discretamente quando n\u00e3o est\u00e3o em utiliza\u00e7\u00e3o.<\/li>\n<li><b>6 velocidades, temporizador<\/b>: a nossa ventoinha de teto com comando tem seis velocidades e temporizador (1-2-4 h) para uma utiliza\u00e7\u00e3o mais personalizada e satisfat\u00f3ria.<\/li>\n<li><b>Tr\u00eas modos de luz LED<\/b>: esta ventoinha vers\u00e1til de teto com p\u00e1s retr\u00e1teis tamb\u00e9m \u00e9 ideal como candeeiro LED. Proporciona uma ilumina\u00e7\u00e3o eficiente e adaptada \u00e0s prefer\u00eancias. Tecnologia de LED integrado com uma pot\u00eancia de 72 watts, 6480 lumens e 3 temperatura de cor 3000| 4000| 6000K.\u00a0Temperatura da luz regul\u00e1vel.<\/li>\n<li><b>Controlo remoto, guia de montagem<\/b>: esta ventoinha de teto com candeeiro inclui comando remoto para um controlo mais pr\u00e1tico das fun\u00e7\u00f5es.<\/li>\n<li><strong>As medidas deste modelo s\u00e3o<\/strong> Alt.35 x D.108cm (D.50 cm com as p\u00e1s retra\u00eddas).<\/li>\n<\/ul>\n<p>https:\/\/youtu.be\/3_UBQ-HbXyw<\/p>\n<\/div>","protected":false},"featured_media":34645,"comment_status":"open","ping_status":"closed","template":"","meta":{"_glsr_average":0,"_glsr_ranking":0,"_glsr_reviews":0},"product_brand":[],"product_cat":[474,365,369],"product_tag":[],"class_list":{"0":"post-34649","1":"product","2":"type-product","3":"status-publish","4":"has-post-thumbnail","6":"product_cat-ventilacao","7":"product_cat-para-o-lar","8":"product_cat-ventoinhas","10":"first","11":"outofstock","12":"taxable","13":"shipping-taxable","14":"purchasable","15":"product-type-simple"},"yoast_head":"<!-- This site is optimized with the Yoast SEO plugin v26.8 - https:\/\/yoast.com\/product\/yoast-seo-wordpress\/ -->\n<title>VENTOINHA DE TETO BRONZE C\/ CANDEEIRO LED 72W CCT | ASGARD - Curiosidades &amp; Dicas, Lda<\/title>\n<meta name=\"robots\" content=\"index, follow, max-snippet:-1, max-image-preview:large, max-video-preview:-1\" \/>\n<link rel=\"canonical\" href=\"https:\/\/curiosidadesedicas.com\/loja\/en\/product\/ventoinha-de-teto-bronze-c-candeeiro-led-72w-cct-asgard\/\" \/>\n<meta property=\"og:locale\" content=\"en_US\" \/>\n<meta property=\"og:type\" content=\"article\" \/>\n<meta property=\"og:title\" content=\"VENTOINHA DE TETO BRONZE C\/ CANDEEIRO LED 72W CCT | ASGARD - Curiosidades &amp; Dicas, Lda\" \/>\n<meta property=\"og:description\" content=\"Esta\u00a0ventoinha de teto com luz LED e p\u00e1s retr\u00e1teis ASGARD oferece v\u00e1rias possibilidades para criar um ambiente fresco e agrad\u00e1vel em qualquer divis\u00e3o. Tem motor DC, seis velocidades, temporizador, tr\u00eas tipos de luz LED e comando \u00e0 dist\u00e2ncia.  Uma moderna e silenciosa ventoinha de teto com candeeiro que conta com rota\u00e7\u00e3o ver\u00e3o-inverno, luz fria, quente e neutra. As p\u00e1s podem ser rebatidas e ocultadas.   Silenciosa, motor DC: a nossa ventoinha de teto com luz LED e p\u00e1s retr\u00e1teis \u00e9 perfeita para desfrutar de um ambiente fresco, agrad\u00e1vel e bem iluminado. Com o seu desenho moderno e elegante integra-se facilmente na decora\u00e7\u00e3o da casa. Vantagens do motor DC: mais leve, mais silencioso (menor fric\u00e7\u00e3o), menor consumo (at\u00e9 60-70% mais baixo), maior controlo e mais velocidades, etc.  4 p\u00e1s retr\u00e1teis, fun\u00e7\u00e3o ver\u00e3o-inverno: esta ventoinha\u00a0de teto LED de qualidade \u00e9 resistente e duradoura. Tem dois modos de rota\u00e7\u00e3o (ver\u00e3o-inverno). As quatro p\u00e1s podem ser rebatidas e ocultadas discretamente quando n\u00e3o est\u00e3o em utiliza\u00e7\u00e3o.  6 velocidades, temporizador: a nossa ventoinha de teto com comando tem seis velocidades e temporizador (1-2-4 h) para uma utiliza\u00e7\u00e3o mais personalizada e satisfat\u00f3ria.  Tr\u00eas modos de luz LED: esta ventoinha vers\u00e1til de teto com p\u00e1s retr\u00e1teis tamb\u00e9m \u00e9 ideal como candeeiro LED. Proporciona uma ilumina\u00e7\u00e3o eficiente e adaptada \u00e0s prefer\u00eancias. Tecnologia de LED integrado com uma pot\u00eancia de 72 watts, 6480 lumens e 3 temperatura de cor 3000| 4000| 6000K.\u00a0Temperatura da luz regul\u00e1vel.  Controlo remoto, guia de montagem: esta ventoinha de teto com candeeiro inclui comando remoto para um controlo mais pr\u00e1tico das fun\u00e7\u00f5es.  As medidas deste modelo s\u00e3o Alt.35 x D.108cm (D.50 cm com as p\u00e1s retra\u00eddas).  https:\/\/youtu.be\/3_UBQ-HbXyw\" \/>\n<meta property=\"og:url\" content=\"https:\/\/curiosidadesedicas.com\/loja\/en\/product\/ventoinha-de-teto-bronze-c-candeeiro-led-72w-cct-asgard\/\" \/>\n<meta property=\"og:site_name\" content=\"Curiosidades &amp; Dicas, Lda\" \/>\n<meta property=\"article:modified_time\" content=\"2025-07-14T12:37:12+00:00\" \/>\n<meta property=\"og:image\" content=\"https:\/\/curiosidadesedicas.com\/loja\/wp-content\/uploads\/2025\/06\/WhatsApp-Image-2025-06-17-at-09.37.10.jpeg\" \/>\n\t<meta property=\"og:image:width\" content=\"540\" \/>\n\t<meta property=\"og:image:height\" content=\"540\" \/>\n\t<meta property=\"og:image:type\" content=\"image\/jpeg\" \/>\n<meta name=\"twitter:card\" content=\"summary_large_image\" \/>\n<meta name=\"twitter:label1\" content=\"Est. reading time\" \/>\n\t<meta name=\"twitter:data1\" content=\"1 minute\" \/>\n<script type=\"application\/ld+json\" class=\"yoast-schema-graph\">{\"@context\":\"https:\/\/schema.org\",\"@graph\":[{\"@type\":\"WebPage\",\"@id\":\"https:\/\/curiosidadesedicas.com\/loja\/produto\/ventoinha-de-teto-bronze-c-candeeiro-led-72w-cct-asgard\/\",\"url\":\"https:\/\/curiosidadesedicas.com\/loja\/produto\/ventoinha-de-teto-bronze-c-candeeiro-led-72w-cct-asgard\/\",\"name\":\"VENTOINHA DE TETO BRONZE C\/ CANDEEIRO LED 72W CCT | ASGARD - Curiosidades &amp; Dicas, Lda\",\"isPartOf\":{\"@id\":\"https:\/\/curiosidadesedicas.com\/loja\/#website\"},\"primaryImageOfPage\":{\"@id\":\"https:\/\/curiosidadesedicas.com\/loja\/produto\/ventoinha-de-teto-bronze-c-candeeiro-led-72w-cct-asgard\/#primaryimage\"},\"image\":{\"@id\":\"https:\/\/curiosidadesedicas.com\/loja\/produto\/ventoinha-de-teto-bronze-c-candeeiro-led-72w-cct-asgard\/#primaryimage\"},\"thumbnailUrl\":\"https:\/\/curiosidadesedicas.com\/loja\/wp-content\/uploads\/2025\/06\/WhatsApp-Image-2025-06-17-at-09.37.10.jpeg\",\"datePublished\":\"2025-06-26T13:44:06+00:00\",\"dateModified\":\"2025-07-14T12:37:12+00:00\",\"breadcrumb\":{\"@id\":\"https:\/\/curiosidadesedicas.com\/loja\/produto\/ventoinha-de-teto-bronze-c-candeeiro-led-72w-cct-asgard\/#breadcrumb\"},\"inLanguage\":\"en-US\",\"potentialAction\":[{\"@type\":\"ReadAction\",\"target\":[\"https:\/\/curiosidadesedicas.com\/loja\/produto\/ventoinha-de-teto-bronze-c-candeeiro-led-72w-cct-asgard\/\"]}]},{\"@type\":\"ImageObject\",\"inLanguage\":\"en-US\",\"@id\":\"https:\/\/curiosidadesedicas.com\/loja\/produto\/ventoinha-de-teto-bronze-c-candeeiro-led-72w-cct-asgard\/#primaryimage\",\"url\":\"https:\/\/curiosidadesedicas.com\/loja\/wp-content\/uploads\/2025\/06\/WhatsApp-Image-2025-06-17-at-09.37.10.jpeg\",\"contentUrl\":\"https:\/\/curiosidadesedicas.com\/loja\/wp-content\/uploads\/2025\/06\/WhatsApp-Image-2025-06-17-at-09.37.10.jpeg\",\"width\":540,\"height\":540},{\"@type\":\"BreadcrumbList\",\"@id\":\"https:\/\/curiosidadesedicas.com\/loja\/produto\/ventoinha-de-teto-bronze-c-candeeiro-led-72w-cct-asgard\/#breadcrumb\",\"itemListElement\":[{\"@type\":\"ListItem\",\"position\":1,\"name\":\"In\u00edcio\",\"item\":\"https:\/\/curiosidadesedicas.com\/loja\/\"},{\"@type\":\"ListItem\",\"position\":2,\"name\":\"Produtos\",\"item\":\"https:\/\/curiosidadesedicas.com\/loja\/produtos\/\"},{\"@type\":\"ListItem\",\"position\":3,\"name\":\"VENTOINHA DE TETO BRONZE C\/ CANDEEIRO LED 72W CCT | ASGARD\"}]},{\"@type\":\"WebSite\",\"@id\":\"https:\/\/curiosidadesedicas.com\/loja\/#website\",\"url\":\"https:\/\/curiosidadesedicas.com\/loja\/\",\"name\":\"Curiosidades &amp; Dicas, Lda\",\"description\":\"Apaixonados Por Inova\u00e7\u00e3o\",\"publisher\":{\"@id\":\"https:\/\/curiosidadesedicas.com\/loja\/#organization\"},\"potentialAction\":[{\"@type\":\"SearchAction\",\"target\":{\"@type\":\"EntryPoint\",\"urlTemplate\":\"https:\/\/curiosidadesedicas.com\/loja\/?s={search_term_string}\"},\"query-input\":{\"@type\":\"PropertyValueSpecification\",\"valueRequired\":true,\"valueName\":\"search_term_string\"}}],\"inLanguage\":\"en-US\"},{\"@type\":\"Organization\",\"@id\":\"https:\/\/curiosidadesedicas.com\/loja\/#organization\",\"name\":\"Curiosidades & Dicas\",\"url\":\"https:\/\/curiosidadesedicas.com\/loja\/\",\"logo\":{\"@type\":\"ImageObject\",\"inLanguage\":\"en-US\",\"@id\":\"https:\/\/curiosidadesedicas.com\/loja\/#\/schema\/logo\/image\/\",\"url\":\"https:\/\/curiosidadesedicas.com\/loja\/wp-content\/uploads\/2020\/05\/LogoCuriosidadesSimples.png\",\"contentUrl\":\"https:\/\/curiosidadesedicas.com\/loja\/wp-content\/uploads\/2020\/05\/LogoCuriosidadesSimples.png\",\"width\":3528,\"height\":804,\"caption\":\"Curiosidades & Dicas\"},\"image\":{\"@id\":\"https:\/\/curiosidadesedicas.com\/loja\/#\/schema\/logo\/image\/\"}}]}<\/script>\n<!-- \/ Yoast SEO plugin. -->","yoast_head_json":{"title":"VENTOINHA DE TETO BRONZE C\/ CANDEEIRO LED 72W CCT | ASGARD - Curiosidades &amp; Dicas, Lda","robots":{"index":"index","follow":"follow","max-snippet":"max-snippet:-1","max-image-preview":"max-image-preview:large","max-video-preview":"max-video-preview:-1"},"canonical":"https:\/\/curiosidadesedicas.com\/loja\/en\/product\/ventoinha-de-teto-bronze-c-candeeiro-led-72w-cct-asgard\/","og_locale":"en_US","og_type":"article","og_title":"VENTOINHA DE TETO BRONZE C\/ CANDEEIRO LED 72W CCT | ASGARD - Curiosidades &amp; Dicas, Lda","og_description":"Esta\u00a0ventoinha de teto com luz LED e p\u00e1s retr\u00e1teis ASGARD oferece v\u00e1rias possibilidades para criar um ambiente fresco e agrad\u00e1vel em qualquer divis\u00e3o. Tem motor DC, seis velocidades, temporizador, tr\u00eas tipos de luz LED e comando \u00e0 dist\u00e2ncia.  Uma moderna e silenciosa ventoinha de teto com candeeiro que conta com rota\u00e7\u00e3o ver\u00e3o-inverno, luz fria, quente e neutra. As p\u00e1s podem ser rebatidas e ocultadas.   Silenciosa, motor DC: a nossa ventoinha de teto com luz LED e p\u00e1s retr\u00e1teis \u00e9 perfeita para desfrutar de um ambiente fresco, agrad\u00e1vel e bem iluminado. Com o seu desenho moderno e elegante integra-se facilmente na decora\u00e7\u00e3o da casa. Vantagens do motor DC: mais leve, mais silencioso (menor fric\u00e7\u00e3o), menor consumo (at\u00e9 60-70% mais baixo), maior controlo e mais velocidades, etc.  4 p\u00e1s retr\u00e1teis, fun\u00e7\u00e3o ver\u00e3o-inverno: esta ventoinha\u00a0de teto LED de qualidade \u00e9 resistente e duradoura. Tem dois modos de rota\u00e7\u00e3o (ver\u00e3o-inverno). As quatro p\u00e1s podem ser rebatidas e ocultadas discretamente quando n\u00e3o est\u00e3o em utiliza\u00e7\u00e3o.  6 velocidades, temporizador: a nossa ventoinha de teto com comando tem seis velocidades e temporizador (1-2-4 h) para uma utiliza\u00e7\u00e3o mais personalizada e satisfat\u00f3ria.  Tr\u00eas modos de luz LED: esta ventoinha vers\u00e1til de teto com p\u00e1s retr\u00e1teis tamb\u00e9m \u00e9 ideal como candeeiro LED. Proporciona uma ilumina\u00e7\u00e3o eficiente e adaptada \u00e0s prefer\u00eancias. Tecnologia de LED integrado com uma pot\u00eancia de 72 watts, 6480 lumens e 3 temperatura de cor 3000| 4000| 6000K.\u00a0Temperatura da luz regul\u00e1vel.  Controlo remoto, guia de montagem: esta ventoinha de teto com candeeiro inclui comando remoto para um controlo mais pr\u00e1tico das fun\u00e7\u00f5es.  As medidas deste modelo s\u00e3o Alt.35 x D.108cm (D.50 cm com as p\u00e1s retra\u00eddas).  https:\/\/youtu.be\/3_UBQ-HbXyw","og_url":"https:\/\/curiosidadesedicas.com\/loja\/en\/product\/ventoinha-de-teto-bronze-c-candeeiro-led-72w-cct-asgard\/","og_site_name":"Curiosidades &amp; Dicas, Lda","article_modified_time":"2025-07-14T12:37:12+00:00","og_image":[{"width":540,"height":540,"url":"https:\/\/curiosidadesedicas.com\/loja\/wp-content\/uploads\/2025\/06\/WhatsApp-Image-2025-06-17-at-09.37.10.jpeg","type":"image\/jpeg"}],"twitter_card":"summary_large_image","twitter_misc":{"Est. reading time":"1 minute"},"schema":{"@context":"https:\/\/schema.org","@graph":[{"@type":"WebPage","@id":"https:\/\/curiosidadesedicas.com\/loja\/produto\/ventoinha-de-teto-bronze-c-candeeiro-led-72w-cct-asgard\/","url":"https:\/\/curiosidadesedicas.com\/loja\/produto\/ventoinha-de-teto-bronze-c-candeeiro-led-72w-cct-asgard\/","name":"VENTOINHA DE TETO BRONZE C\/ CANDEEIRO LED 72W CCT | ASGARD - Curiosidades &amp; Dicas, Lda","isPartOf":{"@id":"https:\/\/curiosidadesedicas.com\/loja\/#website"},"primaryImageOfPage":{"@id":"https:\/\/curiosidadesedicas.com\/loja\/produto\/ventoinha-de-teto-bronze-c-candeeiro-led-72w-cct-asgard\/#primaryimage"},"image":{"@id":"https:\/\/curiosidadesedicas.com\/loja\/produto\/ventoinha-de-teto-bronze-c-candeeiro-led-72w-cct-asgard\/#primaryimage"},"thumbnailUrl":"https:\/\/curiosidadesedicas.com\/loja\/wp-content\/uploads\/2025\/06\/WhatsApp-Image-2025-06-17-at-09.37.10.jpeg","datePublished":"2025-06-26T13:44:06+00:00","dateModified":"2025-07-14T12:37:12+00:00","breadcrumb":{"@id":"https:\/\/curiosidadesedicas.com\/loja\/produto\/ventoinha-de-teto-bronze-c-candeeiro-led-72w-cct-asgard\/#breadcrumb"},"inLanguage":"en-US","potentialAction":[{"@type":"ReadAction","target":["https:\/\/curiosidadesedicas.com\/loja\/produto\/ventoinha-de-teto-bronze-c-candeeiro-led-72w-cct-asgard\/"]}]},{"@type":"ImageObject","inLanguage":"en-US","@id":"https:\/\/curiosidadesedicas.com\/loja\/produto\/ventoinha-de-teto-bronze-c-candeeiro-led-72w-cct-asgard\/#primaryimage","url":"https:\/\/curiosidadesedicas.com\/loja\/wp-content\/uploads\/2025\/06\/WhatsApp-Image-2025-06-17-at-09.37.10.jpeg","contentUrl":"https:\/\/curiosidadesedicas.com\/loja\/wp-content\/uploads\/2025\/06\/WhatsApp-Image-2025-06-17-at-09.37.10.jpeg","width":540,"height":540},{"@type":"BreadcrumbList","@id":"https:\/\/curiosidadesedicas.com\/loja\/produto\/ventoinha-de-teto-bronze-c-candeeiro-led-72w-cct-asgard\/#breadcrumb","itemListElement":[{"@type":"ListItem","position":1,"name":"In\u00edcio","item":"https:\/\/curiosidadesedicas.com\/loja\/"},{"@type":"ListItem","position":2,"name":"Produtos","item":"https:\/\/curiosidadesedicas.com\/loja\/produtos\/"},{"@type":"ListItem","position":3,"name":"VENTOINHA DE TETO BRONZE C\/ CANDEEIRO LED 72W CCT | ASGARD"}]},{"@type":"WebSite","@id":"https:\/\/curiosidadesedicas.com\/loja\/#website","url":"https:\/\/curiosidadesedicas.com\/loja\/","name":"Curiosidades &amp; Dicas, Lda","description":"Apaixonados Por Inova\u00e7\u00e3o","publisher":{"@id":"https:\/\/curiosidadesedicas.com\/loja\/#organization"},"potentialAction":[{"@type":"SearchAction","target":{"@type":"EntryPoint","urlTemplate":"https:\/\/curiosidadesedicas.com\/loja\/?s={search_term_string}"},"query-input":{"@type":"PropertyValueSpecification","valueRequired":true,"valueName":"search_term_string"}}],"inLanguage":"en-US"},{"@type":"Organization","@id":"https:\/\/curiosidadesedicas.com\/loja\/#organization","name":"Curiosidades & Dicas","url":"https:\/\/curiosidadesedicas.com\/loja\/","logo":{"@type":"ImageObject","inLanguage":"en-US","@id":"https:\/\/curiosidadesedicas.com\/loja\/#\/schema\/logo\/image\/","url":"https:\/\/curiosidadesedicas.com\/loja\/wp-content\/uploads\/2020\/05\/LogoCuriosidadesSimples.png","contentUrl":"https:\/\/curiosidadesedicas.com\/loja\/wp-content\/uploads\/2020\/05\/LogoCuriosidadesSimples.png","width":3528,"height":804,"caption":"Curiosidades & Dicas"},"image":{"@id":"https:\/\/curiosidadesedicas.com\/loja\/#\/schema\/logo\/image\/"}}]}},"_links":{"self":[{"href":"https:\/\/curiosidadesedicas.com\/loja\/en\/wp-json\/wp\/v2\/product\/34649","targetHints":{"allow":["GET"]}}],"collection":[{"href":"https:\/\/curiosidadesedicas.com\/loja\/en\/wp-json\/wp\/v2\/product"}],"about":[{"href":"https:\/\/curiosidadesedicas.com\/loja\/en\/wp-json\/wp\/v2\/types\/product"}],"replies":[{"embeddable":true,"href":"https:\/\/curiosidadesedicas.com\/loja\/en\/wp-json\/wp\/v2\/comments?post=34649"}],"wp:featuredmedia":[{"embeddable":true,"href":"https:\/\/curiosidadesedicas.com\/loja\/en\/wp-json\/wp\/v2\/media\/34645"}],"wp:attachment":[{"href":"https:\/\/curiosidadesedicas.com\/loja\/en\/wp-json\/wp\/v2\/media?parent=34649"}],"wp:term":[{"taxonomy":"product_brand","embeddable":true,"href":"https:\/\/curiosidadesedicas.com\/loja\/en\/wp-json\/wp\/v2\/product_brand?post=34649"},{"taxonomy":"product_cat","embeddable":true,"href":"https:\/\/curiosidadesedicas.com\/loja\/en\/wp-json\/wp\/v2\/product_cat?post=34649"},{"taxonomy":"product_tag","embeddable":true,"href":"https:\/\/curiosidadesedicas.com\/loja\/en\/wp-json\/wp\/v2\/product_tag?post=34649"}],"curies":[{"name":"wp","href":"https:\/\/api.w.org\/{rel}","templated":true}]}}