{"id":34624,"date":"2025-05-22T12:54:56","date_gmt":"2025-05-22T12:54:56","guid":{"rendered":"https:\/\/curiosidadesedicas.com\/loja\/?post_type=product&#038;p=34624"},"modified":"2025-07-21T13:37:51","modified_gmt":"2025-07-21T13:37:51","slug":"ventilador-de-ar-c-humificador-e-comando-350w-65-litros-40-50m2","status":"publish","type":"product","link":"https:\/\/curiosidadesedicas.com\/loja\/en\/product\/ventilador-de-ar-c-humificador-e-comando-350w-65-litros-40-50m2\/","title":{"rendered":"VENTILADOR DE AR \u200b\u200bC\/ HUMIFICADOR E COMANDO 350W 65 LITROS | 40-50M2"},"content":{"rendered":"<ul>\n<li>3 velocidades: alta, m\u00e9dia e baixa.<\/li>\n<li>Oscila\u00e7\u00e3o: Horizontal: 60\u00b0, Vertical: 120\u00b0.<\/li>\n<li>Capacidade do reservat\u00f3rio de \u00e1gua: 65L.<\/li>\n<li>Pot\u00eancia: 350W.<\/li>\n<li>Fluxo de ar:\n<ul>\n<li>Alta velocidade: 11,4 m\/s.,<\/li>\n<li>Velocidade m\u00e9dia: 10 m\/s.,<\/li>\n<li>Baixa velocidade: 8,7 m\/s.<\/li>\n<\/ul>\n<\/li>\n<li>Volume de fluxo de ar: 7000 m3\/h.<\/li>\n<li>Adequado para espa\u00e7os de 40-50 m2.<\/li>\n<li>N\u00edvel de ru\u00eddo: \u2264 65dB.<\/li>\n<li>Rodas para f\u00e1cil transporte.<\/li>\n<li>Placas de gelo: 4.<\/li>\n<li>Tamanho: 590 x 380 x 1227 mm.<\/li>\n<\/ul>","protected":false},"excerpt":{"rendered":"<p>Desfrute de ar fresco e natural com o nosso ventilador de ar c\/humidificador . Projetado para oferecer uma solu\u00e7\u00e3o eficiente e ecologicamente correta para baixar a temperatura, este ventilador de ar usa o processo evaporativo para resfriar o ar de forma eficaz e com baixo consumo de energia. Com 3 velocidades ajust\u00e1veis, pode selecionar a intensidade do ar de acordo com suas necessidades, enquanto sua oscila\u00e7\u00e3o horizontal e vertical garante uma distribui\u00e7\u00e3o uniforme do ar por todo o ambiente.<\/p>\n<p>Tem uma grande capacidade de 65 litros , permitindo que ele opere por mais tempo sem precisar reabastecer \u00e1gua. Sua pot\u00eancia de 350W e um fluxo de ar de at\u00e9 7000 m\u00b3\/h o tornam uma op\u00e7\u00e3o ideal para espa\u00e7os de 40 a 50 m\u00b2 . Al\u00e9m disso, seu n\u00edvel de ru\u00eddo \u00e9 baixo, chegando a no m\u00e1ximo 65 dB, o que o torna adequado para qualquer ambiente, seja em casa ou no escrit\u00f3rio.<\/p>\n<p>https:\/\/youtu.be\/j0tzp1nb518<\/p>\n<p>Este ventilador de ar tamb\u00e9m inclui 4 placas de gelo que refor\u00e7am sua capacidade de resfriamento e possui rodas para facilitar o transporte. Com um design compacto e elegante, \u00e9 o aparelho perfeito para desfrutar de ar fresco e limpo durante os dias mais quentes do ano.<\/p>\n<p><strong>Principais caracter\u00edsticas:<\/strong><\/p>\n<ul>\n<li>3 velocidades (alta, m\u00e9dia, baixa).<\/li>\n<li>Oscila\u00e7\u00e3o horizontal (60\u00b0) e vertical (120\u00b0).<\/li>\n<li>Capacidade do reservat\u00f3rio de \u00e1gua: 65L.<\/li>\n<li>Fluxo de ar de at\u00e9 7000 m\u00b3\/h.<\/li>\n<li>Adequado para espa\u00e7os de 40-50 m\u00b2.<\/li>\n<li>Baixo n\u00edvel de ru\u00eddo (\u2264 65dB).<\/li>\n<li>4 placas de gelo inclu\u00eddas.<\/li>\n<li>Rodas para f\u00e1cil transporte.<\/li>\n<\/ul>","protected":false},"featured_media":34625,"comment_status":"open","ping_status":"closed","template":"","meta":{"_glsr_average":0,"_glsr_ranking":0,"_glsr_reviews":0},"product_brand":[],"product_cat":[533,474,365,484,369],"product_tag":[],"class_list":{"0":"post-34624","1":"product","2":"type-product","3":"status-publish","4":"has-post-thumbnail","6":"product_cat-climatizacao","7":"product_cat-ventilacao","8":"product_cat-para-o-lar","9":"product_cat-evaporativos","10":"product_cat-ventoinhas","12":"first","13":"instock","14":"taxable","15":"shipping-taxable","16":"purchasable","17":"product-type-simple"},"yoast_head":"<!-- This site is optimized with the Yoast SEO plugin v26.8 - https:\/\/yoast.com\/product\/yoast-seo-wordpress\/ -->\n<title>VENTILADOR DE AR \u200b\u200bC\/ HUMIFICADOR E COMANDO 350W 65 LITROS | 40-50M2 - Curiosidades &amp; Dicas, Lda<\/title>\n<meta name=\"robots\" content=\"index, follow, max-snippet:-1, max-image-preview:large, max-video-preview:-1\" \/>\n<link rel=\"canonical\" href=\"https:\/\/curiosidadesedicas.com\/loja\/en\/product\/ventilador-de-ar-c-humificador-e-comando-350w-65-litros-40-50m2\/\" \/>\n<meta property=\"og:locale\" content=\"en_US\" \/>\n<meta property=\"og:type\" content=\"article\" \/>\n<meta property=\"og:title\" content=\"VENTILADOR DE AR \u200b\u200bC\/ HUMIFICADOR E COMANDO 350W 65 LITROS | 40-50M2 - Curiosidades &amp; Dicas, Lda\" \/>\n<meta property=\"og:description\" content=\"Desfrute de ar fresco e natural com o nosso ventilador de ar c\/humidificador . Projetado para oferecer uma solu\u00e7\u00e3o eficiente e ecologicamente correta para baixar a temperatura, este ventilador de ar usa o processo evaporativo para resfriar o ar de forma eficaz e com baixo consumo de energia. Com 3 velocidades ajust\u00e1veis, pode selecionar a intensidade do ar de acordo com suas necessidades, enquanto sua oscila\u00e7\u00e3o horizontal e vertical garante uma distribui\u00e7\u00e3o uniforme do ar por todo o ambiente.  Tem uma grande capacidade de 65 litros , permitindo que ele opere por mais tempo sem precisar reabastecer \u00e1gua. Sua pot\u00eancia de 350W e um fluxo de ar de at\u00e9 7000 m\u00b3\/h o tornam uma op\u00e7\u00e3o ideal para espa\u00e7os de 40 a 50 m\u00b2 . Al\u00e9m disso, seu n\u00edvel de ru\u00eddo \u00e9 baixo, chegando a no m\u00e1ximo 65 dB, o que o torna adequado para qualquer ambiente, seja em casa ou no escrit\u00f3rio.  https:\/\/youtu.be\/j0tzp1nb518  Este ventilador de ar tamb\u00e9m inclui 4 placas de gelo que refor\u00e7am sua capacidade de resfriamento e possui rodas para facilitar o transporte. Com um design compacto e elegante, \u00e9 o aparelho perfeito para desfrutar de ar fresco e limpo durante os dias mais quentes do ano.  Principais caracter\u00edsticas:   3 velocidades (alta, m\u00e9dia, baixa).  Oscila\u00e7\u00e3o horizontal (60\u00b0) e vertical (120\u00b0).  Capacidade do reservat\u00f3rio de \u00e1gua: 65L.  Fluxo de ar de at\u00e9 7000 m\u00b3\/h.  Adequado para espa\u00e7os de 40-50 m\u00b2.  Baixo n\u00edvel de ru\u00eddo (\u2264 65dB).  4 placas de gelo inclu\u00eddas.  Rodas para f\u00e1cil transporte.\" \/>\n<meta property=\"og:url\" content=\"https:\/\/curiosidadesedicas.com\/loja\/en\/product\/ventilador-de-ar-c-humificador-e-comando-350w-65-litros-40-50m2\/\" \/>\n<meta property=\"og:site_name\" content=\"Curiosidades &amp; Dicas, Lda\" \/>\n<meta property=\"article:modified_time\" content=\"2025-07-21T13:37:51+00:00\" \/>\n<meta property=\"og:image\" content=\"https:\/\/curiosidadesedicas.com\/loja\/wp-content\/uploads\/2025\/05\/1.jpg\" \/>\n\t<meta property=\"og:image:width\" content=\"800\" \/>\n\t<meta property=\"og:image:height\" content=\"800\" \/>\n\t<meta property=\"og:image:type\" content=\"image\/jpeg\" \/>\n<meta name=\"twitter:card\" content=\"summary_large_image\" \/>\n<meta name=\"twitter:label1\" content=\"Est. reading time\" \/>\n\t<meta name=\"twitter:data1\" content=\"1 minute\" \/>\n<script type=\"application\/ld+json\" class=\"yoast-schema-graph\">{\"@context\":\"https:\/\/schema.org\",\"@graph\":[{\"@type\":\"WebPage\",\"@id\":\"https:\/\/curiosidadesedicas.com\/loja\/produto\/ventilador-de-ar-c-humificador-e-comando-350w-65-litros-40-50m2\/\",\"url\":\"https:\/\/curiosidadesedicas.com\/loja\/produto\/ventilador-de-ar-c-humificador-e-comando-350w-65-litros-40-50m2\/\",\"name\":\"VENTILADOR DE AR \u200b\u200bC\/ HUMIFICADOR E COMANDO 350W 65 LITROS | 40-50M2 - Curiosidades &amp; Dicas, Lda\",\"isPartOf\":{\"@id\":\"https:\/\/curiosidadesedicas.com\/loja\/#website\"},\"primaryImageOfPage\":{\"@id\":\"https:\/\/curiosidadesedicas.com\/loja\/produto\/ventilador-de-ar-c-humificador-e-comando-350w-65-litros-40-50m2\/#primaryimage\"},\"image\":{\"@id\":\"https:\/\/curiosidadesedicas.com\/loja\/produto\/ventilador-de-ar-c-humificador-e-comando-350w-65-litros-40-50m2\/#primaryimage\"},\"thumbnailUrl\":\"https:\/\/curiosidadesedicas.com\/loja\/wp-content\/uploads\/2025\/05\/1.jpg\",\"datePublished\":\"2025-05-22T12:54:56+00:00\",\"dateModified\":\"2025-07-21T13:37:51+00:00\",\"breadcrumb\":{\"@id\":\"https:\/\/curiosidadesedicas.com\/loja\/produto\/ventilador-de-ar-c-humificador-e-comando-350w-65-litros-40-50m2\/#breadcrumb\"},\"inLanguage\":\"en-US\",\"potentialAction\":[{\"@type\":\"ReadAction\",\"target\":[\"https:\/\/curiosidadesedicas.com\/loja\/produto\/ventilador-de-ar-c-humificador-e-comando-350w-65-litros-40-50m2\/\"]}]},{\"@type\":\"ImageObject\",\"inLanguage\":\"en-US\",\"@id\":\"https:\/\/curiosidadesedicas.com\/loja\/produto\/ventilador-de-ar-c-humificador-e-comando-350w-65-litros-40-50m2\/#primaryimage\",\"url\":\"https:\/\/curiosidadesedicas.com\/loja\/wp-content\/uploads\/2025\/05\/1.jpg\",\"contentUrl\":\"https:\/\/curiosidadesedicas.com\/loja\/wp-content\/uploads\/2025\/05\/1.jpg\",\"width\":800,\"height\":800},{\"@type\":\"BreadcrumbList\",\"@id\":\"https:\/\/curiosidadesedicas.com\/loja\/produto\/ventilador-de-ar-c-humificador-e-comando-350w-65-litros-40-50m2\/#breadcrumb\",\"itemListElement\":[{\"@type\":\"ListItem\",\"position\":1,\"name\":\"In\u00edcio\",\"item\":\"https:\/\/curiosidadesedicas.com\/loja\/\"},{\"@type\":\"ListItem\",\"position\":2,\"name\":\"Produtos\",\"item\":\"https:\/\/curiosidadesedicas.com\/loja\/produtos\/\"},{\"@type\":\"ListItem\",\"position\":3,\"name\":\"VENTILADOR DE AR \u200b\u200bC\/ HUMIFICADOR E COMANDO 350W 65 LITROS | 40-50M2\"}]},{\"@type\":\"WebSite\",\"@id\":\"https:\/\/curiosidadesedicas.com\/loja\/#website\",\"url\":\"https:\/\/curiosidadesedicas.com\/loja\/\",\"name\":\"Curiosidades &amp; Dicas, Lda\",\"description\":\"Apaixonados Por Inova\u00e7\u00e3o\",\"publisher\":{\"@id\":\"https:\/\/curiosidadesedicas.com\/loja\/#organization\"},\"potentialAction\":[{\"@type\":\"SearchAction\",\"target\":{\"@type\":\"EntryPoint\",\"urlTemplate\":\"https:\/\/curiosidadesedicas.com\/loja\/?s={search_term_string}\"},\"query-input\":{\"@type\":\"PropertyValueSpecification\",\"valueRequired\":true,\"valueName\":\"search_term_string\"}}],\"inLanguage\":\"en-US\"},{\"@type\":\"Organization\",\"@id\":\"https:\/\/curiosidadesedicas.com\/loja\/#organization\",\"name\":\"Curiosidades & Dicas\",\"url\":\"https:\/\/curiosidadesedicas.com\/loja\/\",\"logo\":{\"@type\":\"ImageObject\",\"inLanguage\":\"en-US\",\"@id\":\"https:\/\/curiosidadesedicas.com\/loja\/#\/schema\/logo\/image\/\",\"url\":\"https:\/\/curiosidadesedicas.com\/loja\/wp-content\/uploads\/2020\/05\/LogoCuriosidadesSimples.png\",\"contentUrl\":\"https:\/\/curiosidadesedicas.com\/loja\/wp-content\/uploads\/2020\/05\/LogoCuriosidadesSimples.png\",\"width\":3528,\"height\":804,\"caption\":\"Curiosidades & Dicas\"},\"image\":{\"@id\":\"https:\/\/curiosidadesedicas.com\/loja\/#\/schema\/logo\/image\/\"}}]}<\/script>\n<!-- \/ Yoast SEO plugin. -->","yoast_head_json":{"title":"VENTILADOR DE AR \u200b\u200bC\/ HUMIFICADOR E COMANDO 350W 65 LITROS | 40-50M2 - Curiosidades &amp; Dicas, Lda","robots":{"index":"index","follow":"follow","max-snippet":"max-snippet:-1","max-image-preview":"max-image-preview:large","max-video-preview":"max-video-preview:-1"},"canonical":"https:\/\/curiosidadesedicas.com\/loja\/en\/product\/ventilador-de-ar-c-humificador-e-comando-350w-65-litros-40-50m2\/","og_locale":"en_US","og_type":"article","og_title":"VENTILADOR DE AR \u200b\u200bC\/ HUMIFICADOR E COMANDO 350W 65 LITROS | 40-50M2 - Curiosidades &amp; Dicas, Lda","og_description":"Desfrute de ar fresco e natural com o nosso ventilador de ar c\/humidificador . Projetado para oferecer uma solu\u00e7\u00e3o eficiente e ecologicamente correta para baixar a temperatura, este ventilador de ar usa o processo evaporativo para resfriar o ar de forma eficaz e com baixo consumo de energia. Com 3 velocidades ajust\u00e1veis, pode selecionar a intensidade do ar de acordo com suas necessidades, enquanto sua oscila\u00e7\u00e3o horizontal e vertical garante uma distribui\u00e7\u00e3o uniforme do ar por todo o ambiente.  Tem uma grande capacidade de 65 litros , permitindo que ele opere por mais tempo sem precisar reabastecer \u00e1gua. Sua pot\u00eancia de 350W e um fluxo de ar de at\u00e9 7000 m\u00b3\/h o tornam uma op\u00e7\u00e3o ideal para espa\u00e7os de 40 a 50 m\u00b2 . Al\u00e9m disso, seu n\u00edvel de ru\u00eddo \u00e9 baixo, chegando a no m\u00e1ximo 65 dB, o que o torna adequado para qualquer ambiente, seja em casa ou no escrit\u00f3rio.  https:\/\/youtu.be\/j0tzp1nb518  Este ventilador de ar tamb\u00e9m inclui 4 placas de gelo que refor\u00e7am sua capacidade de resfriamento e possui rodas para facilitar o transporte. Com um design compacto e elegante, \u00e9 o aparelho perfeito para desfrutar de ar fresco e limpo durante os dias mais quentes do ano.  Principais caracter\u00edsticas:   3 velocidades (alta, m\u00e9dia, baixa).  Oscila\u00e7\u00e3o horizontal (60\u00b0) e vertical (120\u00b0).  Capacidade do reservat\u00f3rio de \u00e1gua: 65L.  Fluxo de ar de at\u00e9 7000 m\u00b3\/h.  Adequado para espa\u00e7os de 40-50 m\u00b2.  Baixo n\u00edvel de ru\u00eddo (\u2264 65dB).  4 placas de gelo inclu\u00eddas.  Rodas para f\u00e1cil transporte.","og_url":"https:\/\/curiosidadesedicas.com\/loja\/en\/product\/ventilador-de-ar-c-humificador-e-comando-350w-65-litros-40-50m2\/","og_site_name":"Curiosidades &amp; Dicas, Lda","article_modified_time":"2025-07-21T13:37:51+00:00","og_image":[{"width":800,"height":800,"url":"https:\/\/curiosidadesedicas.com\/loja\/wp-content\/uploads\/2025\/05\/1.jpg","type":"image\/jpeg"}],"twitter_card":"summary_large_image","twitter_misc":{"Est. reading time":"1 minute"},"schema":{"@context":"https:\/\/schema.org","@graph":[{"@type":"WebPage","@id":"https:\/\/curiosidadesedicas.com\/loja\/produto\/ventilador-de-ar-c-humificador-e-comando-350w-65-litros-40-50m2\/","url":"https:\/\/curiosidadesedicas.com\/loja\/produto\/ventilador-de-ar-c-humificador-e-comando-350w-65-litros-40-50m2\/","name":"VENTILADOR DE AR \u200b\u200bC\/ HUMIFICADOR E COMANDO 350W 65 LITROS | 40-50M2 - Curiosidades &amp; Dicas, Lda","isPartOf":{"@id":"https:\/\/curiosidadesedicas.com\/loja\/#website"},"primaryImageOfPage":{"@id":"https:\/\/curiosidadesedicas.com\/loja\/produto\/ventilador-de-ar-c-humificador-e-comando-350w-65-litros-40-50m2\/#primaryimage"},"image":{"@id":"https:\/\/curiosidadesedicas.com\/loja\/produto\/ventilador-de-ar-c-humificador-e-comando-350w-65-litros-40-50m2\/#primaryimage"},"thumbnailUrl":"https:\/\/curiosidadesedicas.com\/loja\/wp-content\/uploads\/2025\/05\/1.jpg","datePublished":"2025-05-22T12:54:56+00:00","dateModified":"2025-07-21T13:37:51+00:00","breadcrumb":{"@id":"https:\/\/curiosidadesedicas.com\/loja\/produto\/ventilador-de-ar-c-humificador-e-comando-350w-65-litros-40-50m2\/#breadcrumb"},"inLanguage":"en-US","potentialAction":[{"@type":"ReadAction","target":["https:\/\/curiosidadesedicas.com\/loja\/produto\/ventilador-de-ar-c-humificador-e-comando-350w-65-litros-40-50m2\/"]}]},{"@type":"ImageObject","inLanguage":"en-US","@id":"https:\/\/curiosidadesedicas.com\/loja\/produto\/ventilador-de-ar-c-humificador-e-comando-350w-65-litros-40-50m2\/#primaryimage","url":"https:\/\/curiosidadesedicas.com\/loja\/wp-content\/uploads\/2025\/05\/1.jpg","contentUrl":"https:\/\/curiosidadesedicas.com\/loja\/wp-content\/uploads\/2025\/05\/1.jpg","width":800,"height":800},{"@type":"BreadcrumbList","@id":"https:\/\/curiosidadesedicas.com\/loja\/produto\/ventilador-de-ar-c-humificador-e-comando-350w-65-litros-40-50m2\/#breadcrumb","itemListElement":[{"@type":"ListItem","position":1,"name":"In\u00edcio","item":"https:\/\/curiosidadesedicas.com\/loja\/"},{"@type":"ListItem","position":2,"name":"Produtos","item":"https:\/\/curiosidadesedicas.com\/loja\/produtos\/"},{"@type":"ListItem","position":3,"name":"VENTILADOR DE AR \u200b\u200bC\/ HUMIFICADOR E COMANDO 350W 65 LITROS | 40-50M2"}]},{"@type":"WebSite","@id":"https:\/\/curiosidadesedicas.com\/loja\/#website","url":"https:\/\/curiosidadesedicas.com\/loja\/","name":"Curiosidades &amp; Dicas, Lda","description":"Apaixonados Por Inova\u00e7\u00e3o","publisher":{"@id":"https:\/\/curiosidadesedicas.com\/loja\/#organization"},"potentialAction":[{"@type":"SearchAction","target":{"@type":"EntryPoint","urlTemplate":"https:\/\/curiosidadesedicas.com\/loja\/?s={search_term_string}"},"query-input":{"@type":"PropertyValueSpecification","valueRequired":true,"valueName":"search_term_string"}}],"inLanguage":"en-US"},{"@type":"Organization","@id":"https:\/\/curiosidadesedicas.com\/loja\/#organization","name":"Curiosidades & Dicas","url":"https:\/\/curiosidadesedicas.com\/loja\/","logo":{"@type":"ImageObject","inLanguage":"en-US","@id":"https:\/\/curiosidadesedicas.com\/loja\/#\/schema\/logo\/image\/","url":"https:\/\/curiosidadesedicas.com\/loja\/wp-content\/uploads\/2020\/05\/LogoCuriosidadesSimples.png","contentUrl":"https:\/\/curiosidadesedicas.com\/loja\/wp-content\/uploads\/2020\/05\/LogoCuriosidadesSimples.png","width":3528,"height":804,"caption":"Curiosidades & Dicas"},"image":{"@id":"https:\/\/curiosidadesedicas.com\/loja\/#\/schema\/logo\/image\/"}}]}},"_links":{"self":[{"href":"https:\/\/curiosidadesedicas.com\/loja\/en\/wp-json\/wp\/v2\/product\/34624","targetHints":{"allow":["GET"]}}],"collection":[{"href":"https:\/\/curiosidadesedicas.com\/loja\/en\/wp-json\/wp\/v2\/product"}],"about":[{"href":"https:\/\/curiosidadesedicas.com\/loja\/en\/wp-json\/wp\/v2\/types\/product"}],"replies":[{"embeddable":true,"href":"https:\/\/curiosidadesedicas.com\/loja\/en\/wp-json\/wp\/v2\/comments?post=34624"}],"wp:featuredmedia":[{"embeddable":true,"href":"https:\/\/curiosidadesedicas.com\/loja\/en\/wp-json\/wp\/v2\/media\/34625"}],"wp:attachment":[{"href":"https:\/\/curiosidadesedicas.com\/loja\/en\/wp-json\/wp\/v2\/media?parent=34624"}],"wp:term":[{"taxonomy":"product_brand","embeddable":true,"href":"https:\/\/curiosidadesedicas.com\/loja\/en\/wp-json\/wp\/v2\/product_brand?post=34624"},{"taxonomy":"product_cat","embeddable":true,"href":"https:\/\/curiosidadesedicas.com\/loja\/en\/wp-json\/wp\/v2\/product_cat?post=34624"},{"taxonomy":"product_tag","embeddable":true,"href":"https:\/\/curiosidadesedicas.com\/loja\/en\/wp-json\/wp\/v2\/product_tag?post=34624"}],"curies":[{"name":"wp","href":"https:\/\/api.w.org\/{rel}","templated":true}]}}