{"id":34352,"date":"2024-12-09T11:57:04","date_gmt":"2024-12-09T11:57:04","guid":{"rendered":"https:\/\/curiosidadesedicas.com\/loja\/?post_type=product&#038;p=34352"},"modified":"2025-06-25T13:18:46","modified_gmt":"2025-06-25T13:18:46","slug":"fritadeira-de-ar-fryinn-pro-max-12000-preto-1800w-12l-aco-inoxidavel","status":"publish","type":"product","link":"https:\/\/curiosidadesedicas.com\/loja\/en\/product\/fritadeira-de-ar-fryinn-pro-max-12000-preto-1800w-12l-aco-inoxidavel\/","title":{"rendered":"FRITADEIRA DE AR FRYINN PRO MAX 12000 PRETO 1800W 12L A\u00c7O INOXID\u00c1VEL"},"content":{"rendered":"<p>A <b>fritadeira a ar<\/b> oferece uma nova forma saud\u00e1vel de preparar deliciosas receitas. Com os seus potentes ventiladores, o ar quente a 360\u00ba em circula\u00e7\u00e3o r\u00e1pida cozinha de forma mais eficiente do que os eletrodom\u00e9sticos convencionais.<\/p>\n<p>A\u00a0<b>fritadeira sem \u00f3leo<\/b>\u00a0de 1800 W e 12 l de capacidade permite cozinhar pratos nutritivos em muito menos tempo. Al\u00e9m disso, \u00e9 vers\u00e1til, f\u00e1cil de limpar e tem prote\u00e7\u00e3o contra sobreaquecimento.<\/p>\n<ul>\n<li><b>F\u00e1cil de utilizar:<\/b>\u00a0Escolha no painel digital t\u00e1til entre os seus 10 programas, ajuste a temperatura e o tempo e frite, asse, toste, doure, desidrate, descongele, aque\u00e7a e grelhe. Cozinhe alimentos saud\u00e1veis e saborosos com menos 95% de gordura e at\u00e9 menos 80% de calorias. Inclui \u00edman QR com mais de 100 receitas online em v\u00e1rios idiomas.<\/li>\n<li><b>Moderna:<\/b>\u00a0A nossa fritadeira possui janela e luz interior dando a possibilidade de ver os alimentos sem abrir a tampa! Os seus 1800W de pot\u00eancia, 12 l de capacidade e os seus 8 acess\u00f3rios permitem-lhe cozinhar uma por\u00e7\u00e3o individual ou uma refei\u00e7\u00e3o para a fam\u00edlia.<\/li>\n<li><b>360\u00ba Air Flow:<\/b>\u00a0A tecnologia de circula\u00e7\u00e3o de ar quente a 360\u00b0 permite cozinhar com rapidez, poupando energia e at\u00e9 66% de tempo. O cesto com orif\u00edcios favorece a circula\u00e7\u00e3o do fluxo de ar no interior garantindo uma cozedura uniforme para que desfrute de alimentos crocantes por fora e tenros por dentro.<\/li>\n<li><b>Acess\u00f3rios Inclu\u00eddos:<\/b>\u00a0A fritadeira apresenta v\u00e1rios acess\u00f3rios remov\u00edveis e intercambi\u00e1veis para poder cozinhar uma infinidade de receitas. Inclui Cesta girat\u00f3ria, espeto para grelhar, grelha plana, 2 grelhas com ondas, Bandeja de recolha antiaderente, Asa antiqueimaduras e livro de receitas.<\/li>\n<li><b>Limpeza e manuten\u00e7\u00e3o:<\/b>\u00a0Para evitar danificar a camada antiaderente dos acess\u00f3rios, recomenda-se a n\u00e3o utiliza\u00e7\u00e3o de materiais de limpeza abrasivos. Todos os acess\u00f3rios remov\u00edveis s\u00e3o adequados para a m\u00e1quina de lavar lou\u00e7a.<\/li>\n<\/ul>\n<p><img decoding=\"async\" class=\"aligncenter\" src=\"https:\/\/curiosidadesedicas.com\/loja\/wp-content\/uploads\/2024\/12\/fritadeira-de-ar-innovagoods-fryinn-pro-max-12000-preto-1800-w-12-l-aco-inoxidavel_589279-9.jpg\" \/><\/p>","protected":false},"excerpt":{"rendered":"<ul>\n<li>Material:\n<ul>\n<li>Polipropileno<\/li>\n<li>Livre de BPA<\/li>\n<li>A\u00e7o inoxid\u00e1vel<\/li>\n<\/ul>\n<\/li>\n<li>Cor:\n<ul>\n<li>Preto<\/li>\n<li>Prateado<\/li>\n<\/ul>\n<\/li>\n<li>Tipo: Fritadeira sem \u00d3leo<\/li>\n<li>Capacidade: 12 L<\/li>\n<li>Temporizador: 60 min<\/li>\n<li>Fluxo de ar: 360\u00ba<\/li>\n<li>Multifun\u00e7\u00e3o: 10 programas<\/li>\n<li>Temperatura regul\u00e1vel: 65-200 \u00baC<\/li>\n<li>Janela de visualiza\u00e7\u00e3o: Ilumina\u00e7\u00e3o<\/li>\n<li>Inclui:\n<ul>\n<li>Livro de receitas<\/li>\n<li>Conjunto de acess\u00f3rios<\/li>\n<\/ul>\n<\/li>\n<li>Air fryer: Cozinha r\u00e1pida e sem gordura<\/li>\n<li>Ecol\u00f3gico: Poupan\u00e7a de Energia<\/li>\n<li>F\u00e1cil limpeza: Indicado para m\u00e1quinas de lavar lou\u00e7a<\/li>\n<li>Tipo de tomada: F<\/li>\n<li>Comprimento do cabo: 85 cm<\/li>\n<li>Pot\u00eancia: 1800 W<\/li>\n<li>AC In: 220-240 V \/ 50 Hz<\/li>\n<li>Medidas aprox.: 33 x 32 x 37 cm<\/li>\n<\/ul>","protected":false},"featured_media":34370,"comment_status":"open","ping_status":"closed","template":"","meta":{"_glsr_average":0,"_glsr_ranking":0,"_glsr_reviews":0},"product_brand":[],"product_cat":[365,366],"product_tag":[],"class_list":{"0":"post-34352","1":"product","2":"type-product","3":"status-publish","4":"has-post-thumbnail","6":"product_cat-para-o-lar","7":"product_cat-cozinha","9":"first","10":"outofstock","11":"taxable","12":"shipping-taxable","13":"purchasable","14":"product-type-simple"},"yoast_head":"<!-- This site is optimized with the Yoast SEO plugin v26.8 - https:\/\/yoast.com\/product\/yoast-seo-wordpress\/ -->\n<title>FRITADEIRA DE AR FRYINN PRO MAX 12000 PRETO 1800W 12L A\u00c7O INOXID\u00c1VEL - Curiosidades &amp; Dicas, Lda<\/title>\n<meta name=\"robots\" content=\"index, follow, max-snippet:-1, max-image-preview:large, max-video-preview:-1\" \/>\n<link rel=\"canonical\" href=\"https:\/\/curiosidadesedicas.com\/loja\/en\/product\/fritadeira-de-ar-fryinn-pro-max-12000-preto-1800w-12l-aco-inoxidavel\/\" \/>\n<meta property=\"og:locale\" content=\"en_US\" \/>\n<meta property=\"og:type\" content=\"article\" \/>\n<meta property=\"og:title\" content=\"FRITADEIRA DE AR FRYINN PRO MAX 12000 PRETO 1800W 12L A\u00c7O INOXID\u00c1VEL - Curiosidades &amp; Dicas, Lda\" \/>\n<meta property=\"og:description\" content=\"Material:   Polipropileno  Livre de BPA  A\u00e7o inoxid\u00e1vel    Cor:   Preto  Prateado    Tipo: Fritadeira sem \u00d3leo  Capacidade: 12 L  Temporizador: 60 min  Fluxo de ar: 360\u00ba  Multifun\u00e7\u00e3o: 10 programas  Temperatura regul\u00e1vel: 65-200 \u00baC  Janela de visualiza\u00e7\u00e3o: Ilumina\u00e7\u00e3o  Inclui:   Livro de receitas  Conjunto de acess\u00f3rios    Air fryer: Cozinha r\u00e1pida e sem gordura  Ecol\u00f3gico: Poupan\u00e7a de Energia  F\u00e1cil limpeza: Indicado para m\u00e1quinas de lavar lou\u00e7a  Tipo de tomada: F  Comprimento do cabo: 85 cm  Pot\u00eancia: 1800 W  AC In: 220-240 V \/ 50 Hz  Medidas aprox.: 33 x 32 x 37 cm\" \/>\n<meta property=\"og:url\" content=\"https:\/\/curiosidadesedicas.com\/loja\/en\/product\/fritadeira-de-ar-fryinn-pro-max-12000-preto-1800w-12l-aco-inoxidavel\/\" \/>\n<meta property=\"og:site_name\" content=\"Curiosidades &amp; Dicas, Lda\" \/>\n<meta property=\"article:modified_time\" content=\"2025-06-25T13:18:46+00:00\" \/>\n<meta property=\"og:image\" content=\"https:\/\/curiosidadesedicas.com\/loja\/wp-content\/uploads\/2024\/12\/fritadeira-de-ar-innovagoods-fryinn-pro-max-12000-preto-1800-w-12-l-aco-inoxidavel_589279.jpg\" \/>\n\t<meta property=\"og:image:width\" content=\"600\" \/>\n\t<meta property=\"og:image:height\" content=\"600\" \/>\n\t<meta property=\"og:image:type\" content=\"image\/jpeg\" \/>\n<meta name=\"twitter:card\" content=\"summary_large_image\" \/>\n<meta name=\"twitter:label1\" content=\"Est. reading time\" \/>\n\t<meta name=\"twitter:data1\" content=\"2 minutes\" \/>\n<script type=\"application\/ld+json\" class=\"yoast-schema-graph\">{\"@context\":\"https:\/\/schema.org\",\"@graph\":[{\"@type\":\"WebPage\",\"@id\":\"https:\/\/curiosidadesedicas.com\/loja\/produto\/fritadeira-de-ar-fryinn-pro-max-12000-preto-1800w-12l-aco-inoxidavel\/\",\"url\":\"https:\/\/curiosidadesedicas.com\/loja\/produto\/fritadeira-de-ar-fryinn-pro-max-12000-preto-1800w-12l-aco-inoxidavel\/\",\"name\":\"FRITADEIRA DE AR FRYINN PRO MAX 12000 PRETO 1800W 12L A\u00c7O INOXID\u00c1VEL - Curiosidades &amp; Dicas, Lda\",\"isPartOf\":{\"@id\":\"https:\/\/curiosidadesedicas.com\/loja\/#website\"},\"primaryImageOfPage\":{\"@id\":\"https:\/\/curiosidadesedicas.com\/loja\/produto\/fritadeira-de-ar-fryinn-pro-max-12000-preto-1800w-12l-aco-inoxidavel\/#primaryimage\"},\"image\":{\"@id\":\"https:\/\/curiosidadesedicas.com\/loja\/produto\/fritadeira-de-ar-fryinn-pro-max-12000-preto-1800w-12l-aco-inoxidavel\/#primaryimage\"},\"thumbnailUrl\":\"https:\/\/curiosidadesedicas.com\/loja\/wp-content\/uploads\/2024\/12\/fritadeira-de-ar-innovagoods-fryinn-pro-max-12000-preto-1800-w-12-l-aco-inoxidavel_589279.jpg\",\"datePublished\":\"2024-12-09T11:57:04+00:00\",\"dateModified\":\"2025-06-25T13:18:46+00:00\",\"breadcrumb\":{\"@id\":\"https:\/\/curiosidadesedicas.com\/loja\/produto\/fritadeira-de-ar-fryinn-pro-max-12000-preto-1800w-12l-aco-inoxidavel\/#breadcrumb\"},\"inLanguage\":\"en-US\",\"potentialAction\":[{\"@type\":\"ReadAction\",\"target\":[\"https:\/\/curiosidadesedicas.com\/loja\/produto\/fritadeira-de-ar-fryinn-pro-max-12000-preto-1800w-12l-aco-inoxidavel\/\"]}]},{\"@type\":\"ImageObject\",\"inLanguage\":\"en-US\",\"@id\":\"https:\/\/curiosidadesedicas.com\/loja\/produto\/fritadeira-de-ar-fryinn-pro-max-12000-preto-1800w-12l-aco-inoxidavel\/#primaryimage\",\"url\":\"https:\/\/curiosidadesedicas.com\/loja\/wp-content\/uploads\/2024\/12\/fritadeira-de-ar-innovagoods-fryinn-pro-max-12000-preto-1800-w-12-l-aco-inoxidavel_589279.jpg\",\"contentUrl\":\"https:\/\/curiosidadesedicas.com\/loja\/wp-content\/uploads\/2024\/12\/fritadeira-de-ar-innovagoods-fryinn-pro-max-12000-preto-1800-w-12-l-aco-inoxidavel_589279.jpg\",\"width\":600,\"height\":600},{\"@type\":\"BreadcrumbList\",\"@id\":\"https:\/\/curiosidadesedicas.com\/loja\/produto\/fritadeira-de-ar-fryinn-pro-max-12000-preto-1800w-12l-aco-inoxidavel\/#breadcrumb\",\"itemListElement\":[{\"@type\":\"ListItem\",\"position\":1,\"name\":\"In\u00edcio\",\"item\":\"https:\/\/curiosidadesedicas.com\/loja\/\"},{\"@type\":\"ListItem\",\"position\":2,\"name\":\"Produtos\",\"item\":\"https:\/\/curiosidadesedicas.com\/loja\/produtos\/\"},{\"@type\":\"ListItem\",\"position\":3,\"name\":\"FRITADEIRA DE AR FRYINN PRO MAX 12000 PRETO 1800W 12L A\u00c7O INOXID\u00c1VEL\"}]},{\"@type\":\"WebSite\",\"@id\":\"https:\/\/curiosidadesedicas.com\/loja\/#website\",\"url\":\"https:\/\/curiosidadesedicas.com\/loja\/\",\"name\":\"Curiosidades &amp; Dicas, Lda\",\"description\":\"Apaixonados Por Inova\u00e7\u00e3o\",\"publisher\":{\"@id\":\"https:\/\/curiosidadesedicas.com\/loja\/#organization\"},\"potentialAction\":[{\"@type\":\"SearchAction\",\"target\":{\"@type\":\"EntryPoint\",\"urlTemplate\":\"https:\/\/curiosidadesedicas.com\/loja\/?s={search_term_string}\"},\"query-input\":{\"@type\":\"PropertyValueSpecification\",\"valueRequired\":true,\"valueName\":\"search_term_string\"}}],\"inLanguage\":\"en-US\"},{\"@type\":\"Organization\",\"@id\":\"https:\/\/curiosidadesedicas.com\/loja\/#organization\",\"name\":\"Curiosidades & Dicas\",\"url\":\"https:\/\/curiosidadesedicas.com\/loja\/\",\"logo\":{\"@type\":\"ImageObject\",\"inLanguage\":\"en-US\",\"@id\":\"https:\/\/curiosidadesedicas.com\/loja\/#\/schema\/logo\/image\/\",\"url\":\"https:\/\/curiosidadesedicas.com\/loja\/wp-content\/uploads\/2020\/05\/LogoCuriosidadesSimples.png\",\"contentUrl\":\"https:\/\/curiosidadesedicas.com\/loja\/wp-content\/uploads\/2020\/05\/LogoCuriosidadesSimples.png\",\"width\":3528,\"height\":804,\"caption\":\"Curiosidades & Dicas\"},\"image\":{\"@id\":\"https:\/\/curiosidadesedicas.com\/loja\/#\/schema\/logo\/image\/\"}}]}<\/script>\n<!-- \/ Yoast SEO plugin. -->","yoast_head_json":{"title":"FRITADEIRA DE AR FRYINN PRO MAX 12000 PRETO 1800W 12L A\u00c7O INOXID\u00c1VEL - Curiosidades &amp; Dicas, Lda","robots":{"index":"index","follow":"follow","max-snippet":"max-snippet:-1","max-image-preview":"max-image-preview:large","max-video-preview":"max-video-preview:-1"},"canonical":"https:\/\/curiosidadesedicas.com\/loja\/en\/product\/fritadeira-de-ar-fryinn-pro-max-12000-preto-1800w-12l-aco-inoxidavel\/","og_locale":"en_US","og_type":"article","og_title":"FRITADEIRA DE AR FRYINN PRO MAX 12000 PRETO 1800W 12L A\u00c7O INOXID\u00c1VEL - Curiosidades &amp; Dicas, Lda","og_description":"Material:   Polipropileno  Livre de BPA  A\u00e7o inoxid\u00e1vel    Cor:   Preto  Prateado    Tipo: Fritadeira sem \u00d3leo  Capacidade: 12 L  Temporizador: 60 min  Fluxo de ar: 360\u00ba  Multifun\u00e7\u00e3o: 10 programas  Temperatura regul\u00e1vel: 65-200 \u00baC  Janela de visualiza\u00e7\u00e3o: Ilumina\u00e7\u00e3o  Inclui:   Livro de receitas  Conjunto de acess\u00f3rios    Air fryer: Cozinha r\u00e1pida e sem gordura  Ecol\u00f3gico: Poupan\u00e7a de Energia  F\u00e1cil limpeza: Indicado para m\u00e1quinas de lavar lou\u00e7a  Tipo de tomada: F  Comprimento do cabo: 85 cm  Pot\u00eancia: 1800 W  AC In: 220-240 V \/ 50 Hz  Medidas aprox.: 33 x 32 x 37 cm","og_url":"https:\/\/curiosidadesedicas.com\/loja\/en\/product\/fritadeira-de-ar-fryinn-pro-max-12000-preto-1800w-12l-aco-inoxidavel\/","og_site_name":"Curiosidades &amp; Dicas, Lda","article_modified_time":"2025-06-25T13:18:46+00:00","og_image":[{"width":600,"height":600,"url":"https:\/\/curiosidadesedicas.com\/loja\/wp-content\/uploads\/2024\/12\/fritadeira-de-ar-innovagoods-fryinn-pro-max-12000-preto-1800-w-12-l-aco-inoxidavel_589279.jpg","type":"image\/jpeg"}],"twitter_card":"summary_large_image","twitter_misc":{"Est. reading time":"2 minutes"},"schema":{"@context":"https:\/\/schema.org","@graph":[{"@type":"WebPage","@id":"https:\/\/curiosidadesedicas.com\/loja\/produto\/fritadeira-de-ar-fryinn-pro-max-12000-preto-1800w-12l-aco-inoxidavel\/","url":"https:\/\/curiosidadesedicas.com\/loja\/produto\/fritadeira-de-ar-fryinn-pro-max-12000-preto-1800w-12l-aco-inoxidavel\/","name":"FRITADEIRA DE AR FRYINN PRO MAX 12000 PRETO 1800W 12L A\u00c7O INOXID\u00c1VEL - Curiosidades &amp; Dicas, Lda","isPartOf":{"@id":"https:\/\/curiosidadesedicas.com\/loja\/#website"},"primaryImageOfPage":{"@id":"https:\/\/curiosidadesedicas.com\/loja\/produto\/fritadeira-de-ar-fryinn-pro-max-12000-preto-1800w-12l-aco-inoxidavel\/#primaryimage"},"image":{"@id":"https:\/\/curiosidadesedicas.com\/loja\/produto\/fritadeira-de-ar-fryinn-pro-max-12000-preto-1800w-12l-aco-inoxidavel\/#primaryimage"},"thumbnailUrl":"https:\/\/curiosidadesedicas.com\/loja\/wp-content\/uploads\/2024\/12\/fritadeira-de-ar-innovagoods-fryinn-pro-max-12000-preto-1800-w-12-l-aco-inoxidavel_589279.jpg","datePublished":"2024-12-09T11:57:04+00:00","dateModified":"2025-06-25T13:18:46+00:00","breadcrumb":{"@id":"https:\/\/curiosidadesedicas.com\/loja\/produto\/fritadeira-de-ar-fryinn-pro-max-12000-preto-1800w-12l-aco-inoxidavel\/#breadcrumb"},"inLanguage":"en-US","potentialAction":[{"@type":"ReadAction","target":["https:\/\/curiosidadesedicas.com\/loja\/produto\/fritadeira-de-ar-fryinn-pro-max-12000-preto-1800w-12l-aco-inoxidavel\/"]}]},{"@type":"ImageObject","inLanguage":"en-US","@id":"https:\/\/curiosidadesedicas.com\/loja\/produto\/fritadeira-de-ar-fryinn-pro-max-12000-preto-1800w-12l-aco-inoxidavel\/#primaryimage","url":"https:\/\/curiosidadesedicas.com\/loja\/wp-content\/uploads\/2024\/12\/fritadeira-de-ar-innovagoods-fryinn-pro-max-12000-preto-1800-w-12-l-aco-inoxidavel_589279.jpg","contentUrl":"https:\/\/curiosidadesedicas.com\/loja\/wp-content\/uploads\/2024\/12\/fritadeira-de-ar-innovagoods-fryinn-pro-max-12000-preto-1800-w-12-l-aco-inoxidavel_589279.jpg","width":600,"height":600},{"@type":"BreadcrumbList","@id":"https:\/\/curiosidadesedicas.com\/loja\/produto\/fritadeira-de-ar-fryinn-pro-max-12000-preto-1800w-12l-aco-inoxidavel\/#breadcrumb","itemListElement":[{"@type":"ListItem","position":1,"name":"In\u00edcio","item":"https:\/\/curiosidadesedicas.com\/loja\/"},{"@type":"ListItem","position":2,"name":"Produtos","item":"https:\/\/curiosidadesedicas.com\/loja\/produtos\/"},{"@type":"ListItem","position":3,"name":"FRITADEIRA DE AR FRYINN PRO MAX 12000 PRETO 1800W 12L A\u00c7O INOXID\u00c1VEL"}]},{"@type":"WebSite","@id":"https:\/\/curiosidadesedicas.com\/loja\/#website","url":"https:\/\/curiosidadesedicas.com\/loja\/","name":"Curiosidades &amp; Dicas, Lda","description":"Apaixonados Por Inova\u00e7\u00e3o","publisher":{"@id":"https:\/\/curiosidadesedicas.com\/loja\/#organization"},"potentialAction":[{"@type":"SearchAction","target":{"@type":"EntryPoint","urlTemplate":"https:\/\/curiosidadesedicas.com\/loja\/?s={search_term_string}"},"query-input":{"@type":"PropertyValueSpecification","valueRequired":true,"valueName":"search_term_string"}}],"inLanguage":"en-US"},{"@type":"Organization","@id":"https:\/\/curiosidadesedicas.com\/loja\/#organization","name":"Curiosidades & Dicas","url":"https:\/\/curiosidadesedicas.com\/loja\/","logo":{"@type":"ImageObject","inLanguage":"en-US","@id":"https:\/\/curiosidadesedicas.com\/loja\/#\/schema\/logo\/image\/","url":"https:\/\/curiosidadesedicas.com\/loja\/wp-content\/uploads\/2020\/05\/LogoCuriosidadesSimples.png","contentUrl":"https:\/\/curiosidadesedicas.com\/loja\/wp-content\/uploads\/2020\/05\/LogoCuriosidadesSimples.png","width":3528,"height":804,"caption":"Curiosidades & Dicas"},"image":{"@id":"https:\/\/curiosidadesedicas.com\/loja\/#\/schema\/logo\/image\/"}}]}},"_links":{"self":[{"href":"https:\/\/curiosidadesedicas.com\/loja\/en\/wp-json\/wp\/v2\/product\/34352","targetHints":{"allow":["GET"]}}],"collection":[{"href":"https:\/\/curiosidadesedicas.com\/loja\/en\/wp-json\/wp\/v2\/product"}],"about":[{"href":"https:\/\/curiosidadesedicas.com\/loja\/en\/wp-json\/wp\/v2\/types\/product"}],"replies":[{"embeddable":true,"href":"https:\/\/curiosidadesedicas.com\/loja\/en\/wp-json\/wp\/v2\/comments?post=34352"}],"wp:featuredmedia":[{"embeddable":true,"href":"https:\/\/curiosidadesedicas.com\/loja\/en\/wp-json\/wp\/v2\/media\/34370"}],"wp:attachment":[{"href":"https:\/\/curiosidadesedicas.com\/loja\/en\/wp-json\/wp\/v2\/media?parent=34352"}],"wp:term":[{"taxonomy":"product_brand","embeddable":true,"href":"https:\/\/curiosidadesedicas.com\/loja\/en\/wp-json\/wp\/v2\/product_brand?post=34352"},{"taxonomy":"product_cat","embeddable":true,"href":"https:\/\/curiosidadesedicas.com\/loja\/en\/wp-json\/wp\/v2\/product_cat?post=34352"},{"taxonomy":"product_tag","embeddable":true,"href":"https:\/\/curiosidadesedicas.com\/loja\/en\/wp-json\/wp\/v2\/product_tag?post=34352"}],"curies":[{"name":"wp","href":"https:\/\/api.w.org\/{rel}","templated":true}]}}