{"id":34104,"date":"2024-10-02T13:19:17","date_gmt":"2024-10-02T13:19:17","guid":{"rendered":"https:\/\/curiosidadesedicas.com\/loja\/?post_type=product&#038;p=34104"},"modified":"2024-10-02T13:26:48","modified_gmt":"2024-10-02T13:26:48","slug":"aquecedor-ceramico-de-tomada-700w","status":"publish","type":"product","link":"https:\/\/curiosidadesedicas.com\/loja\/en\/product\/aquecedor-ceramico-de-tomada-700w\/","title":{"rendered":"AQUECEDOR CER\u00c2MICO DE TOMADA 700W"},"content":{"rendered":"<p>Aquecedor cer\u00e2mio de tomada 700W, \u00e9 um original mini aquecedor, muito c\u00f3modo e pr\u00e1tico no inverno para proporcionar calor de forma r\u00e1pida e f\u00e1cil nas casas de banho, quartos, salas. Possui design silencioso, compacto e inovador.<\/p>\n<p><img loading=\"lazy\" decoding=\"async\" class=\"aligncenter\" src=\"https:\/\/amaroled.com\/wp-content\/uploads\/2024\/10\/5.jpg\" width=\"795\" height=\"795\" \/><\/p>","protected":false},"excerpt":{"rendered":"<p>Um original mini aquecedor de tomada muito c\u00f3modo e pr\u00e1tico no inverno para proporcionar calor de forma r\u00e1pida e f\u00e1cil nas casas de banho, quartos, salas.<\/p>\n<ul>\n<li>Peso: 0,492kg<\/li>\n<li>\n<div class=\"key\">Conector traseiro integrado: Sim<\/div>\n<\/li>\n<li>Pot\u00eancia: 700W<\/li>\n<li>Dimens\u00f5es: 12,4 x 13,5 x 10,8 cm<\/li>\n<li>Ecr\u00e3 LED integrado<\/li>\n<li>Programador 12 horas: Sim<\/li>\n<li>\n<div class=\"key\">Fun\u00e7\u00e3o de ventilador: Sim<\/div>\n<\/li>\n<li>\n<div class=\"key\">Plugue girat\u00f3rio de 2 posi\u00e7\u00f5es:\u00a0Horizontais e verticais<\/div>\n<\/li>\n<li>\n<div class=\"key\">Prote\u00e7\u00e3o sobre sobrecarga<\/div>\n<\/li>\n<\/ul>\n<p><img loading=\"lazy\" decoding=\"async\" class=\"aligncenter\" src=\"https:\/\/amaroled.com\/wp-content\/uploads\/2024\/10\/7.jpg\" width=\"823\" height=\"823\" \/><\/p>","protected":false},"featured_media":34105,"comment_status":"open","ping_status":"closed","template":"","meta":{"_glsr_average":0,"_glsr_ranking":0,"_glsr_reviews":0},"product_brand":[],"product_cat":[368,479,365,344],"product_tag":[],"class_list":{"0":"post-34104","1":"product","2":"type-product","3":"status-publish","4":"has-post-thumbnail","6":"product_cat-aquecimento","7":"product_cat-casa","8":"product_cat-para-o-lar","9":"product_cat-vistos-na-tv","11":"first","12":"instock","13":"taxable","14":"shipping-taxable","15":"purchasable","16":"product-type-simple"},"yoast_head":"<!-- This site is optimized with the Yoast SEO plugin v26.8 - https:\/\/yoast.com\/product\/yoast-seo-wordpress\/ -->\n<title>AQUECEDOR CER\u00c2MICO DE TOMADA 700W - Curiosidades &amp; Dicas, Lda<\/title>\n<meta name=\"robots\" content=\"index, follow, max-snippet:-1, max-image-preview:large, max-video-preview:-1\" \/>\n<link rel=\"canonical\" href=\"https:\/\/curiosidadesedicas.com\/loja\/en\/product\/aquecedor-ceramico-de-tomada-700w\/\" \/>\n<meta property=\"og:locale\" content=\"en_US\" \/>\n<meta property=\"og:type\" content=\"article\" \/>\n<meta property=\"og:title\" content=\"AQUECEDOR CER\u00c2MICO DE TOMADA 700W - Curiosidades &amp; Dicas, Lda\" \/>\n<meta property=\"og:description\" content=\"Um original mini aquecedor de tomada muito c\u00f3modo e pr\u00e1tico no inverno para proporcionar calor de forma r\u00e1pida e f\u00e1cil nas casas de banho, quartos, salas.   Peso: 0,492kg   Conector traseiro integrado: Sim  Pot\u00eancia: 700W  Dimens\u00f5es: 12,4 x 13,5 x 10,8 cm  Ecr\u00e3 LED integrado  Programador 12 horas: Sim   Fun\u00e7\u00e3o de ventilador: Sim   Plugue girat\u00f3rio de 2 posi\u00e7\u00f5es:\u00a0Horizontais e verticais   Prote\u00e7\u00e3o sobre sobrecarga\" \/>\n<meta property=\"og:url\" content=\"https:\/\/curiosidadesedicas.com\/loja\/en\/product\/aquecedor-ceramico-de-tomada-700w\/\" \/>\n<meta property=\"og:site_name\" content=\"Curiosidades &amp; Dicas, Lda\" \/>\n<meta property=\"article:modified_time\" content=\"2024-10-02T13:26:48+00:00\" \/>\n<meta property=\"og:image\" content=\"https:\/\/curiosidadesedicas.com\/loja\/wp-content\/uploads\/2024\/10\/1.jpg\" \/>\n\t<meta property=\"og:image:width\" content=\"1000\" \/>\n\t<meta property=\"og:image:height\" content=\"1000\" \/>\n\t<meta property=\"og:image:type\" content=\"image\/jpeg\" \/>\n<meta name=\"twitter:card\" content=\"summary_large_image\" \/>\n<meta name=\"twitter:label1\" content=\"Est. reading time\" \/>\n\t<meta name=\"twitter:data1\" content=\"1 minute\" \/>\n<script type=\"application\/ld+json\" class=\"yoast-schema-graph\">{\"@context\":\"https:\/\/schema.org\",\"@graph\":[{\"@type\":\"WebPage\",\"@id\":\"https:\/\/curiosidadesedicas.com\/loja\/produto\/aquecedor-ceramico-de-tomada-700w\/\",\"url\":\"https:\/\/curiosidadesedicas.com\/loja\/produto\/aquecedor-ceramico-de-tomada-700w\/\",\"name\":\"AQUECEDOR CER\u00c2MICO DE TOMADA 700W - Curiosidades &amp; Dicas, Lda\",\"isPartOf\":{\"@id\":\"https:\/\/curiosidadesedicas.com\/loja\/#website\"},\"primaryImageOfPage\":{\"@id\":\"https:\/\/curiosidadesedicas.com\/loja\/produto\/aquecedor-ceramico-de-tomada-700w\/#primaryimage\"},\"image\":{\"@id\":\"https:\/\/curiosidadesedicas.com\/loja\/produto\/aquecedor-ceramico-de-tomada-700w\/#primaryimage\"},\"thumbnailUrl\":\"https:\/\/curiosidadesedicas.com\/loja\/wp-content\/uploads\/2024\/10\/1.jpg\",\"datePublished\":\"2024-10-02T13:19:17+00:00\",\"dateModified\":\"2024-10-02T13:26:48+00:00\",\"breadcrumb\":{\"@id\":\"https:\/\/curiosidadesedicas.com\/loja\/produto\/aquecedor-ceramico-de-tomada-700w\/#breadcrumb\"},\"inLanguage\":\"en-US\",\"potentialAction\":[{\"@type\":\"ReadAction\",\"target\":[\"https:\/\/curiosidadesedicas.com\/loja\/produto\/aquecedor-ceramico-de-tomada-700w\/\"]}]},{\"@type\":\"ImageObject\",\"inLanguage\":\"en-US\",\"@id\":\"https:\/\/curiosidadesedicas.com\/loja\/produto\/aquecedor-ceramico-de-tomada-700w\/#primaryimage\",\"url\":\"https:\/\/curiosidadesedicas.com\/loja\/wp-content\/uploads\/2024\/10\/1.jpg\",\"contentUrl\":\"https:\/\/curiosidadesedicas.com\/loja\/wp-content\/uploads\/2024\/10\/1.jpg\",\"width\":1000,\"height\":1000},{\"@type\":\"BreadcrumbList\",\"@id\":\"https:\/\/curiosidadesedicas.com\/loja\/produto\/aquecedor-ceramico-de-tomada-700w\/#breadcrumb\",\"itemListElement\":[{\"@type\":\"ListItem\",\"position\":1,\"name\":\"In\u00edcio\",\"item\":\"https:\/\/curiosidadesedicas.com\/loja\/\"},{\"@type\":\"ListItem\",\"position\":2,\"name\":\"Produtos\",\"item\":\"https:\/\/curiosidadesedicas.com\/loja\/produtos\/\"},{\"@type\":\"ListItem\",\"position\":3,\"name\":\"AQUECEDOR CER\u00c2MICO DE TOMADA 700W\"}]},{\"@type\":\"WebSite\",\"@id\":\"https:\/\/curiosidadesedicas.com\/loja\/#website\",\"url\":\"https:\/\/curiosidadesedicas.com\/loja\/\",\"name\":\"Curiosidades &amp; Dicas, Lda\",\"description\":\"Apaixonados Por Inova\u00e7\u00e3o\",\"publisher\":{\"@id\":\"https:\/\/curiosidadesedicas.com\/loja\/#organization\"},\"potentialAction\":[{\"@type\":\"SearchAction\",\"target\":{\"@type\":\"EntryPoint\",\"urlTemplate\":\"https:\/\/curiosidadesedicas.com\/loja\/?s={search_term_string}\"},\"query-input\":{\"@type\":\"PropertyValueSpecification\",\"valueRequired\":true,\"valueName\":\"search_term_string\"}}],\"inLanguage\":\"en-US\"},{\"@type\":\"Organization\",\"@id\":\"https:\/\/curiosidadesedicas.com\/loja\/#organization\",\"name\":\"Curiosidades & Dicas\",\"url\":\"https:\/\/curiosidadesedicas.com\/loja\/\",\"logo\":{\"@type\":\"ImageObject\",\"inLanguage\":\"en-US\",\"@id\":\"https:\/\/curiosidadesedicas.com\/loja\/#\/schema\/logo\/image\/\",\"url\":\"https:\/\/curiosidadesedicas.com\/loja\/wp-content\/uploads\/2020\/05\/LogoCuriosidadesSimples.png\",\"contentUrl\":\"https:\/\/curiosidadesedicas.com\/loja\/wp-content\/uploads\/2020\/05\/LogoCuriosidadesSimples.png\",\"width\":3528,\"height\":804,\"caption\":\"Curiosidades & Dicas\"},\"image\":{\"@id\":\"https:\/\/curiosidadesedicas.com\/loja\/#\/schema\/logo\/image\/\"}}]}<\/script>\n<!-- \/ Yoast SEO plugin. -->","yoast_head_json":{"title":"AQUECEDOR CER\u00c2MICO DE TOMADA 700W - Curiosidades &amp; Dicas, Lda","robots":{"index":"index","follow":"follow","max-snippet":"max-snippet:-1","max-image-preview":"max-image-preview:large","max-video-preview":"max-video-preview:-1"},"canonical":"https:\/\/curiosidadesedicas.com\/loja\/en\/product\/aquecedor-ceramico-de-tomada-700w\/","og_locale":"en_US","og_type":"article","og_title":"AQUECEDOR CER\u00c2MICO DE TOMADA 700W - Curiosidades &amp; Dicas, Lda","og_description":"Um original mini aquecedor de tomada muito c\u00f3modo e pr\u00e1tico no inverno para proporcionar calor de forma r\u00e1pida e f\u00e1cil nas casas de banho, quartos, salas.   Peso: 0,492kg   Conector traseiro integrado: Sim  Pot\u00eancia: 700W  Dimens\u00f5es: 12,4 x 13,5 x 10,8 cm  Ecr\u00e3 LED integrado  Programador 12 horas: Sim   Fun\u00e7\u00e3o de ventilador: Sim   Plugue girat\u00f3rio de 2 posi\u00e7\u00f5es:\u00a0Horizontais e verticais   Prote\u00e7\u00e3o sobre sobrecarga","og_url":"https:\/\/curiosidadesedicas.com\/loja\/en\/product\/aquecedor-ceramico-de-tomada-700w\/","og_site_name":"Curiosidades &amp; Dicas, Lda","article_modified_time":"2024-10-02T13:26:48+00:00","og_image":[{"width":1000,"height":1000,"url":"https:\/\/curiosidadesedicas.com\/loja\/wp-content\/uploads\/2024\/10\/1.jpg","type":"image\/jpeg"}],"twitter_card":"summary_large_image","twitter_misc":{"Est. reading time":"1 minute"},"schema":{"@context":"https:\/\/schema.org","@graph":[{"@type":"WebPage","@id":"https:\/\/curiosidadesedicas.com\/loja\/produto\/aquecedor-ceramico-de-tomada-700w\/","url":"https:\/\/curiosidadesedicas.com\/loja\/produto\/aquecedor-ceramico-de-tomada-700w\/","name":"AQUECEDOR CER\u00c2MICO DE TOMADA 700W - Curiosidades &amp; Dicas, Lda","isPartOf":{"@id":"https:\/\/curiosidadesedicas.com\/loja\/#website"},"primaryImageOfPage":{"@id":"https:\/\/curiosidadesedicas.com\/loja\/produto\/aquecedor-ceramico-de-tomada-700w\/#primaryimage"},"image":{"@id":"https:\/\/curiosidadesedicas.com\/loja\/produto\/aquecedor-ceramico-de-tomada-700w\/#primaryimage"},"thumbnailUrl":"https:\/\/curiosidadesedicas.com\/loja\/wp-content\/uploads\/2024\/10\/1.jpg","datePublished":"2024-10-02T13:19:17+00:00","dateModified":"2024-10-02T13:26:48+00:00","breadcrumb":{"@id":"https:\/\/curiosidadesedicas.com\/loja\/produto\/aquecedor-ceramico-de-tomada-700w\/#breadcrumb"},"inLanguage":"en-US","potentialAction":[{"@type":"ReadAction","target":["https:\/\/curiosidadesedicas.com\/loja\/produto\/aquecedor-ceramico-de-tomada-700w\/"]}]},{"@type":"ImageObject","inLanguage":"en-US","@id":"https:\/\/curiosidadesedicas.com\/loja\/produto\/aquecedor-ceramico-de-tomada-700w\/#primaryimage","url":"https:\/\/curiosidadesedicas.com\/loja\/wp-content\/uploads\/2024\/10\/1.jpg","contentUrl":"https:\/\/curiosidadesedicas.com\/loja\/wp-content\/uploads\/2024\/10\/1.jpg","width":1000,"height":1000},{"@type":"BreadcrumbList","@id":"https:\/\/curiosidadesedicas.com\/loja\/produto\/aquecedor-ceramico-de-tomada-700w\/#breadcrumb","itemListElement":[{"@type":"ListItem","position":1,"name":"In\u00edcio","item":"https:\/\/curiosidadesedicas.com\/loja\/"},{"@type":"ListItem","position":2,"name":"Produtos","item":"https:\/\/curiosidadesedicas.com\/loja\/produtos\/"},{"@type":"ListItem","position":3,"name":"AQUECEDOR CER\u00c2MICO DE TOMADA 700W"}]},{"@type":"WebSite","@id":"https:\/\/curiosidadesedicas.com\/loja\/#website","url":"https:\/\/curiosidadesedicas.com\/loja\/","name":"Curiosidades &amp; Dicas, Lda","description":"Apaixonados Por Inova\u00e7\u00e3o","publisher":{"@id":"https:\/\/curiosidadesedicas.com\/loja\/#organization"},"potentialAction":[{"@type":"SearchAction","target":{"@type":"EntryPoint","urlTemplate":"https:\/\/curiosidadesedicas.com\/loja\/?s={search_term_string}"},"query-input":{"@type":"PropertyValueSpecification","valueRequired":true,"valueName":"search_term_string"}}],"inLanguage":"en-US"},{"@type":"Organization","@id":"https:\/\/curiosidadesedicas.com\/loja\/#organization","name":"Curiosidades & Dicas","url":"https:\/\/curiosidadesedicas.com\/loja\/","logo":{"@type":"ImageObject","inLanguage":"en-US","@id":"https:\/\/curiosidadesedicas.com\/loja\/#\/schema\/logo\/image\/","url":"https:\/\/curiosidadesedicas.com\/loja\/wp-content\/uploads\/2020\/05\/LogoCuriosidadesSimples.png","contentUrl":"https:\/\/curiosidadesedicas.com\/loja\/wp-content\/uploads\/2020\/05\/LogoCuriosidadesSimples.png","width":3528,"height":804,"caption":"Curiosidades & Dicas"},"image":{"@id":"https:\/\/curiosidadesedicas.com\/loja\/#\/schema\/logo\/image\/"}}]}},"_links":{"self":[{"href":"https:\/\/curiosidadesedicas.com\/loja\/en\/wp-json\/wp\/v2\/product\/34104","targetHints":{"allow":["GET"]}}],"collection":[{"href":"https:\/\/curiosidadesedicas.com\/loja\/en\/wp-json\/wp\/v2\/product"}],"about":[{"href":"https:\/\/curiosidadesedicas.com\/loja\/en\/wp-json\/wp\/v2\/types\/product"}],"replies":[{"embeddable":true,"href":"https:\/\/curiosidadesedicas.com\/loja\/en\/wp-json\/wp\/v2\/comments?post=34104"}],"wp:featuredmedia":[{"embeddable":true,"href":"https:\/\/curiosidadesedicas.com\/loja\/en\/wp-json\/wp\/v2\/media\/34105"}],"wp:attachment":[{"href":"https:\/\/curiosidadesedicas.com\/loja\/en\/wp-json\/wp\/v2\/media?parent=34104"}],"wp:term":[{"taxonomy":"product_brand","embeddable":true,"href":"https:\/\/curiosidadesedicas.com\/loja\/en\/wp-json\/wp\/v2\/product_brand?post=34104"},{"taxonomy":"product_cat","embeddable":true,"href":"https:\/\/curiosidadesedicas.com\/loja\/en\/wp-json\/wp\/v2\/product_cat?post=34104"},{"taxonomy":"product_tag","embeddable":true,"href":"https:\/\/curiosidadesedicas.com\/loja\/en\/wp-json\/wp\/v2\/product_tag?post=34104"}],"curies":[{"name":"wp","href":"https:\/\/api.w.org\/{rel}","templated":true}]}}