{"id":33972,"date":"2024-06-25T13:08:22","date_gmt":"2024-06-25T13:08:22","guid":{"rendered":"https:\/\/curiosidadesedicas.com\/loja\/?post_type=product&#038;p=33972"},"modified":"2025-05-20T14:18:07","modified_gmt":"2025-05-20T14:18:07","slug":"ventoinha-de-teto-c-candeeiro-led-72w-asgard-maxi","status":"publish","type":"product","link":"https:\/\/curiosidadesedicas.com\/loja\/en\/product\/ventoinha-de-teto-c-candeeiro-led-72w-asgard-maxi\/","title":{"rendered":"VENTOINHA DE TETO C\/ CANDEEIRO LED 72W | ASGARD MAXI"},"content":{"rendered":"<table width=\"885\">\n<tbody>\n<tr>\n<td width=\"439\">Subcategoria:<\/td>\n<td width=\"440\">Ventoinhas com luz<\/td>\n<\/tr>\n<tr>\n<td width=\"439\">Tecnologia:<\/td>\n<td width=\"440\">LED Integrado<\/td>\n<\/tr>\n<tr>\n<td width=\"439\">Tipo:<\/td>\n<td width=\"440\">Ventoinhas de Teto<\/td>\n<\/tr>\n<tr>\n<td width=\"439\">Cor:<\/td>\n<td width=\"440\">Branco<\/td>\n<\/tr>\n<tr>\n<td width=\"439\">Formato:<\/td>\n<td width=\"440\">4 p\u00e1s retr\u00e1cteis<\/td>\n<\/tr>\n<tr>\n<td width=\"439\">Tamanho:<\/td>\n<td width=\"440\">L<\/td>\n<\/tr>\n<tr>\n<td width=\"439\">Di\u00e2metro\u00a0:<\/td>\n<td width=\"440\">120 cm<\/td>\n<\/tr>\n<tr>\n<td width=\"439\">Altura:<\/td>\n<td width=\"440\">35 cm<\/td>\n<\/tr>\n<tr>\n<td width=\"439\">Tens\u00e3o:<\/td>\n<td width=\"440\">230 V ~ 50 Hz<\/td>\n<\/tr>\n<tr>\n<td width=\"439\">Pot\u00eancia m\u00e1xima:<\/td>\n<td width=\"440\">72W<\/td>\n<\/tr>\n<tr>\n<td width=\"439\">Fluxo luminoso:<\/td>\n<td width=\"440\">6480 lm<\/td>\n<\/tr>\n<tr>\n<td width=\"439\">\u00cdndice de prote\u00e7\u00e3o:<\/td>\n<td width=\"440\">IP20<\/td>\n<\/tr>\n<tr>\n<td width=\"439\">Material:<\/td>\n<td width=\"440\">Metal + Policarbonato (PC)<\/td>\n<\/tr>\n<tr>\n<td width=\"439\">Comando:<\/td>\n<td width=\"440\">Sim<\/td>\n<\/tr>\n<tr>\n<td width=\"439\">\n<div class=\"col-6 col-lg-4 col-xl-6 mb-2\">S\u00e9rie:<\/div>\n<\/td>\n<td width=\"440\">ASGARD MAXI<\/td>\n<\/tr>\n<\/tbody>\n<\/table>","protected":false},"excerpt":{"rendered":"<div dir=\"auto\">\n<p>Ventoinha de teto com candeeiro ASGARD MAXI, 4 p\u00e1s retr\u00e1teis e motor DC com 6 velocidades.<\/p>\n<ul>\n<li>Comando remoto<\/li>\n<li>Regula\u00e7\u00e3o de intensidade de luz<\/li>\n<li>Modo ver\u00e3o e inverno<\/li>\n<li>Fun\u00e7\u00e3o de mem\u00f3ria<\/li>\n<li>Temporizador 1\/2\/4h<\/li>\n<li>Temperatura da luz regul\u00e1vel<\/li>\n<li>Tecnologia de LED integrado com uma pot\u00eancia de 72 watts, 6480 lumens e 3 temperatura de cor 3000| 4000| 6000K<\/li>\n<li>As medidas deste modelo s\u00e3o Alt.35 x D.120cm (D.50 cm com as p\u00e1s retra\u00eddas)<\/li>\n<\/ul>\n<p>https:\/\/youtu.be\/3_UBQ-HbXyw<\/p>\n<\/div>","protected":false},"featured_media":33973,"comment_status":"open","ping_status":"closed","template":"","meta":{"_glsr_average":0,"_glsr_ranking":0,"_glsr_reviews":0},"product_brand":[],"product_cat":[474,365,369],"product_tag":[],"class_list":{"0":"post-33972","1":"product","2":"type-product","3":"status-publish","4":"has-post-thumbnail","6":"product_cat-ventilacao","7":"product_cat-para-o-lar","8":"product_cat-ventoinhas","10":"first","11":"instock","12":"taxable","13":"shipping-taxable","14":"purchasable","15":"product-type-simple"},"yoast_head":"<!-- This site is optimized with the Yoast SEO plugin v26.8 - https:\/\/yoast.com\/product\/yoast-seo-wordpress\/ -->\n<title>VENTOINHA DE TETO C\/ CANDEEIRO LED 72W | ASGARD MAXI - Curiosidades &amp; Dicas, Lda<\/title>\n<meta name=\"robots\" content=\"index, follow, max-snippet:-1, max-image-preview:large, max-video-preview:-1\" \/>\n<link rel=\"canonical\" href=\"https:\/\/curiosidadesedicas.com\/loja\/en\/product\/ventoinha-de-teto-c-candeeiro-led-72w-asgard-maxi\/\" \/>\n<meta property=\"og:locale\" content=\"en_US\" \/>\n<meta property=\"og:type\" content=\"article\" \/>\n<meta property=\"og:title\" content=\"VENTOINHA DE TETO C\/ CANDEEIRO LED 72W | ASGARD MAXI - Curiosidades &amp; Dicas, Lda\" \/>\n<meta property=\"og:description\" content=\"Ventoinha de teto com candeeiro ASGARD MAXI, 4 p\u00e1s retr\u00e1teis e motor DC com 6 velocidades.   Comando remoto  Regula\u00e7\u00e3o de intensidade de luz  Modo ver\u00e3o e inverno  Fun\u00e7\u00e3o de mem\u00f3ria  Temporizador 1\/2\/4h  Temperatura da luz regul\u00e1vel  Tecnologia de LED integrado com uma pot\u00eancia de 72 watts, 6480 lumens e 3 temperatura de cor 3000| 4000| 6000K  As medidas deste modelo s\u00e3o Alt.35 x D.120cm (D.50 cm com as p\u00e1s retra\u00eddas)  https:\/\/youtu.be\/3_UBQ-HbXyw\" \/>\n<meta property=\"og:url\" content=\"https:\/\/curiosidadesedicas.com\/loja\/en\/product\/ventoinha-de-teto-c-candeeiro-led-72w-asgard-maxi\/\" \/>\n<meta property=\"og:site_name\" content=\"Curiosidades &amp; Dicas, Lda\" \/>\n<meta property=\"article:modified_time\" content=\"2025-05-20T14:18:07+00:00\" \/>\n<meta property=\"og:image\" content=\"https:\/\/curiosidadesedicas.com\/loja\/wp-content\/uploads\/2024\/06\/F2005.jpg\" \/>\n\t<meta property=\"og:image:width\" content=\"663\" \/>\n\t<meta property=\"og:image:height\" content=\"663\" \/>\n\t<meta property=\"og:image:type\" content=\"image\/jpeg\" \/>\n<meta name=\"twitter:card\" content=\"summary_large_image\" \/>\n<meta name=\"twitter:label1\" content=\"Est. reading time\" \/>\n\t<meta name=\"twitter:data1\" content=\"1 minute\" \/>\n<script type=\"application\/ld+json\" class=\"yoast-schema-graph\">{\"@context\":\"https:\/\/schema.org\",\"@graph\":[{\"@type\":\"WebPage\",\"@id\":\"https:\/\/curiosidadesedicas.com\/loja\/produto\/ventoinha-de-teto-c-candeeiro-led-72w-asgard-maxi\/\",\"url\":\"https:\/\/curiosidadesedicas.com\/loja\/produto\/ventoinha-de-teto-c-candeeiro-led-72w-asgard-maxi\/\",\"name\":\"VENTOINHA DE TETO C\/ CANDEEIRO LED 72W | ASGARD MAXI - Curiosidades &amp; Dicas, Lda\",\"isPartOf\":{\"@id\":\"https:\/\/curiosidadesedicas.com\/loja\/#website\"},\"primaryImageOfPage\":{\"@id\":\"https:\/\/curiosidadesedicas.com\/loja\/produto\/ventoinha-de-teto-c-candeeiro-led-72w-asgard-maxi\/#primaryimage\"},\"image\":{\"@id\":\"https:\/\/curiosidadesedicas.com\/loja\/produto\/ventoinha-de-teto-c-candeeiro-led-72w-asgard-maxi\/#primaryimage\"},\"thumbnailUrl\":\"https:\/\/curiosidadesedicas.com\/loja\/wp-content\/uploads\/2024\/06\/F2005.jpg\",\"datePublished\":\"2024-06-25T13:08:22+00:00\",\"dateModified\":\"2025-05-20T14:18:07+00:00\",\"breadcrumb\":{\"@id\":\"https:\/\/curiosidadesedicas.com\/loja\/produto\/ventoinha-de-teto-c-candeeiro-led-72w-asgard-maxi\/#breadcrumb\"},\"inLanguage\":\"en-US\",\"potentialAction\":[{\"@type\":\"ReadAction\",\"target\":[\"https:\/\/curiosidadesedicas.com\/loja\/produto\/ventoinha-de-teto-c-candeeiro-led-72w-asgard-maxi\/\"]}]},{\"@type\":\"ImageObject\",\"inLanguage\":\"en-US\",\"@id\":\"https:\/\/curiosidadesedicas.com\/loja\/produto\/ventoinha-de-teto-c-candeeiro-led-72w-asgard-maxi\/#primaryimage\",\"url\":\"https:\/\/curiosidadesedicas.com\/loja\/wp-content\/uploads\/2024\/06\/F2005.jpg\",\"contentUrl\":\"https:\/\/curiosidadesedicas.com\/loja\/wp-content\/uploads\/2024\/06\/F2005.jpg\",\"width\":663,\"height\":663},{\"@type\":\"BreadcrumbList\",\"@id\":\"https:\/\/curiosidadesedicas.com\/loja\/produto\/ventoinha-de-teto-c-candeeiro-led-72w-asgard-maxi\/#breadcrumb\",\"itemListElement\":[{\"@type\":\"ListItem\",\"position\":1,\"name\":\"In\u00edcio\",\"item\":\"https:\/\/curiosidadesedicas.com\/loja\/\"},{\"@type\":\"ListItem\",\"position\":2,\"name\":\"Produtos\",\"item\":\"https:\/\/curiosidadesedicas.com\/loja\/produtos\/\"},{\"@type\":\"ListItem\",\"position\":3,\"name\":\"VENTOINHA DE TETO C\/ CANDEEIRO LED 72W | ASGARD MAXI\"}]},{\"@type\":\"WebSite\",\"@id\":\"https:\/\/curiosidadesedicas.com\/loja\/#website\",\"url\":\"https:\/\/curiosidadesedicas.com\/loja\/\",\"name\":\"Curiosidades &amp; Dicas, Lda\",\"description\":\"Apaixonados Por Inova\u00e7\u00e3o\",\"publisher\":{\"@id\":\"https:\/\/curiosidadesedicas.com\/loja\/#organization\"},\"potentialAction\":[{\"@type\":\"SearchAction\",\"target\":{\"@type\":\"EntryPoint\",\"urlTemplate\":\"https:\/\/curiosidadesedicas.com\/loja\/?s={search_term_string}\"},\"query-input\":{\"@type\":\"PropertyValueSpecification\",\"valueRequired\":true,\"valueName\":\"search_term_string\"}}],\"inLanguage\":\"en-US\"},{\"@type\":\"Organization\",\"@id\":\"https:\/\/curiosidadesedicas.com\/loja\/#organization\",\"name\":\"Curiosidades & Dicas\",\"url\":\"https:\/\/curiosidadesedicas.com\/loja\/\",\"logo\":{\"@type\":\"ImageObject\",\"inLanguage\":\"en-US\",\"@id\":\"https:\/\/curiosidadesedicas.com\/loja\/#\/schema\/logo\/image\/\",\"url\":\"https:\/\/curiosidadesedicas.com\/loja\/wp-content\/uploads\/2020\/05\/LogoCuriosidadesSimples.png\",\"contentUrl\":\"https:\/\/curiosidadesedicas.com\/loja\/wp-content\/uploads\/2020\/05\/LogoCuriosidadesSimples.png\",\"width\":3528,\"height\":804,\"caption\":\"Curiosidades & Dicas\"},\"image\":{\"@id\":\"https:\/\/curiosidadesedicas.com\/loja\/#\/schema\/logo\/image\/\"}}]}<\/script>\n<!-- \/ Yoast SEO plugin. -->","yoast_head_json":{"title":"VENTOINHA DE TETO C\/ CANDEEIRO LED 72W | ASGARD MAXI - Curiosidades &amp; Dicas, Lda","robots":{"index":"index","follow":"follow","max-snippet":"max-snippet:-1","max-image-preview":"max-image-preview:large","max-video-preview":"max-video-preview:-1"},"canonical":"https:\/\/curiosidadesedicas.com\/loja\/en\/product\/ventoinha-de-teto-c-candeeiro-led-72w-asgard-maxi\/","og_locale":"en_US","og_type":"article","og_title":"VENTOINHA DE TETO C\/ CANDEEIRO LED 72W | ASGARD MAXI - Curiosidades &amp; Dicas, Lda","og_description":"Ventoinha de teto com candeeiro ASGARD MAXI, 4 p\u00e1s retr\u00e1teis e motor DC com 6 velocidades.   Comando remoto  Regula\u00e7\u00e3o de intensidade de luz  Modo ver\u00e3o e inverno  Fun\u00e7\u00e3o de mem\u00f3ria  Temporizador 1\/2\/4h  Temperatura da luz regul\u00e1vel  Tecnologia de LED integrado com uma pot\u00eancia de 72 watts, 6480 lumens e 3 temperatura de cor 3000| 4000| 6000K  As medidas deste modelo s\u00e3o Alt.35 x D.120cm (D.50 cm com as p\u00e1s retra\u00eddas)  https:\/\/youtu.be\/3_UBQ-HbXyw","og_url":"https:\/\/curiosidadesedicas.com\/loja\/en\/product\/ventoinha-de-teto-c-candeeiro-led-72w-asgard-maxi\/","og_site_name":"Curiosidades &amp; Dicas, Lda","article_modified_time":"2025-05-20T14:18:07+00:00","og_image":[{"width":663,"height":663,"url":"https:\/\/curiosidadesedicas.com\/loja\/wp-content\/uploads\/2024\/06\/F2005.jpg","type":"image\/jpeg"}],"twitter_card":"summary_large_image","twitter_misc":{"Est. reading time":"1 minute"},"schema":{"@context":"https:\/\/schema.org","@graph":[{"@type":"WebPage","@id":"https:\/\/curiosidadesedicas.com\/loja\/produto\/ventoinha-de-teto-c-candeeiro-led-72w-asgard-maxi\/","url":"https:\/\/curiosidadesedicas.com\/loja\/produto\/ventoinha-de-teto-c-candeeiro-led-72w-asgard-maxi\/","name":"VENTOINHA DE TETO C\/ CANDEEIRO LED 72W | ASGARD MAXI - Curiosidades &amp; Dicas, Lda","isPartOf":{"@id":"https:\/\/curiosidadesedicas.com\/loja\/#website"},"primaryImageOfPage":{"@id":"https:\/\/curiosidadesedicas.com\/loja\/produto\/ventoinha-de-teto-c-candeeiro-led-72w-asgard-maxi\/#primaryimage"},"image":{"@id":"https:\/\/curiosidadesedicas.com\/loja\/produto\/ventoinha-de-teto-c-candeeiro-led-72w-asgard-maxi\/#primaryimage"},"thumbnailUrl":"https:\/\/curiosidadesedicas.com\/loja\/wp-content\/uploads\/2024\/06\/F2005.jpg","datePublished":"2024-06-25T13:08:22+00:00","dateModified":"2025-05-20T14:18:07+00:00","breadcrumb":{"@id":"https:\/\/curiosidadesedicas.com\/loja\/produto\/ventoinha-de-teto-c-candeeiro-led-72w-asgard-maxi\/#breadcrumb"},"inLanguage":"en-US","potentialAction":[{"@type":"ReadAction","target":["https:\/\/curiosidadesedicas.com\/loja\/produto\/ventoinha-de-teto-c-candeeiro-led-72w-asgard-maxi\/"]}]},{"@type":"ImageObject","inLanguage":"en-US","@id":"https:\/\/curiosidadesedicas.com\/loja\/produto\/ventoinha-de-teto-c-candeeiro-led-72w-asgard-maxi\/#primaryimage","url":"https:\/\/curiosidadesedicas.com\/loja\/wp-content\/uploads\/2024\/06\/F2005.jpg","contentUrl":"https:\/\/curiosidadesedicas.com\/loja\/wp-content\/uploads\/2024\/06\/F2005.jpg","width":663,"height":663},{"@type":"BreadcrumbList","@id":"https:\/\/curiosidadesedicas.com\/loja\/produto\/ventoinha-de-teto-c-candeeiro-led-72w-asgard-maxi\/#breadcrumb","itemListElement":[{"@type":"ListItem","position":1,"name":"In\u00edcio","item":"https:\/\/curiosidadesedicas.com\/loja\/"},{"@type":"ListItem","position":2,"name":"Produtos","item":"https:\/\/curiosidadesedicas.com\/loja\/produtos\/"},{"@type":"ListItem","position":3,"name":"VENTOINHA DE TETO C\/ CANDEEIRO LED 72W | ASGARD MAXI"}]},{"@type":"WebSite","@id":"https:\/\/curiosidadesedicas.com\/loja\/#website","url":"https:\/\/curiosidadesedicas.com\/loja\/","name":"Curiosidades &amp; Dicas, Lda","description":"Apaixonados Por Inova\u00e7\u00e3o","publisher":{"@id":"https:\/\/curiosidadesedicas.com\/loja\/#organization"},"potentialAction":[{"@type":"SearchAction","target":{"@type":"EntryPoint","urlTemplate":"https:\/\/curiosidadesedicas.com\/loja\/?s={search_term_string}"},"query-input":{"@type":"PropertyValueSpecification","valueRequired":true,"valueName":"search_term_string"}}],"inLanguage":"en-US"},{"@type":"Organization","@id":"https:\/\/curiosidadesedicas.com\/loja\/#organization","name":"Curiosidades & Dicas","url":"https:\/\/curiosidadesedicas.com\/loja\/","logo":{"@type":"ImageObject","inLanguage":"en-US","@id":"https:\/\/curiosidadesedicas.com\/loja\/#\/schema\/logo\/image\/","url":"https:\/\/curiosidadesedicas.com\/loja\/wp-content\/uploads\/2020\/05\/LogoCuriosidadesSimples.png","contentUrl":"https:\/\/curiosidadesedicas.com\/loja\/wp-content\/uploads\/2020\/05\/LogoCuriosidadesSimples.png","width":3528,"height":804,"caption":"Curiosidades & Dicas"},"image":{"@id":"https:\/\/curiosidadesedicas.com\/loja\/#\/schema\/logo\/image\/"}}]}},"_links":{"self":[{"href":"https:\/\/curiosidadesedicas.com\/loja\/en\/wp-json\/wp\/v2\/product\/33972","targetHints":{"allow":["GET"]}}],"collection":[{"href":"https:\/\/curiosidadesedicas.com\/loja\/en\/wp-json\/wp\/v2\/product"}],"about":[{"href":"https:\/\/curiosidadesedicas.com\/loja\/en\/wp-json\/wp\/v2\/types\/product"}],"replies":[{"embeddable":true,"href":"https:\/\/curiosidadesedicas.com\/loja\/en\/wp-json\/wp\/v2\/comments?post=33972"}],"wp:featuredmedia":[{"embeddable":true,"href":"https:\/\/curiosidadesedicas.com\/loja\/en\/wp-json\/wp\/v2\/media\/33973"}],"wp:attachment":[{"href":"https:\/\/curiosidadesedicas.com\/loja\/en\/wp-json\/wp\/v2\/media?parent=33972"}],"wp:term":[{"taxonomy":"product_brand","embeddable":true,"href":"https:\/\/curiosidadesedicas.com\/loja\/en\/wp-json\/wp\/v2\/product_brand?post=33972"},{"taxonomy":"product_cat","embeddable":true,"href":"https:\/\/curiosidadesedicas.com\/loja\/en\/wp-json\/wp\/v2\/product_cat?post=33972"},{"taxonomy":"product_tag","embeddable":true,"href":"https:\/\/curiosidadesedicas.com\/loja\/en\/wp-json\/wp\/v2\/product_tag?post=33972"}],"curies":[{"name":"wp","href":"https:\/\/api.w.org\/{rel}","templated":true}]}}