{"id":33899,"date":"2024-06-07T10:36:25","date_gmt":"2024-06-07T10:36:25","guid":{"rendered":"https:\/\/curiosidadesedicas.com\/loja\/?post_type=product&#038;p=33899"},"modified":"2025-03-11T14:47:17","modified_gmt":"2025-03-11T14:47:17","slug":"kit-de-redutores-de-caudal-2","status":"publish","type":"product","link":"https:\/\/curiosidadesedicas.com\/loja\/en\/product\/kit-de-redutores-de-caudal-2\/","title":{"rendered":"KIT DE REDUTORES DE CAUDAL"},"content":{"rendered":"<p>A \u00e1gua \u00e9 um recurso natural limitado e essencial \u00e0 vida. Contribua para a sua preserva\u00e7\u00e3o enquanto poupa nas faturas da \u00e1gua e na energia associada ao seu aquecimento.<\/p>\n<ul>\n<li>2 anos de GARANTIA para quaisquer defeitos de fabrico.<\/li>\n<li>Compat\u00edvel com torneiras standard, ou seja, a pe\u00e7a met\u00e1lica que se encontra na ponta da torneira deve possuir as seguintes medidas: F\u00eamea &#8211; 22 mm (medida interior) e Macho &#8211; 24 mm (medida exterior).<\/li>\n<\/ul>\n<table width=\"885\">\n<tbody>\n<tr>\n<td colspan=\"2\" width=\"881\">\n<p style=\"text-align: center\"><strong>Conte\u00fado de cada kit<\/strong><\/p>\n<\/td>\n<\/tr>\n<tr>\n<td width=\"439\">Kit Poupan\u00e7a de \u00c1gua 1:<\/td>\n<td width=\"440\">1 redutor de 9 litros\/minuto: para torneira da cozinha<\/p>\n<p>2\u00a0redutores de\u00a06 litros\/min: para torneiras de\u00a0lavat\u00f3rio e bid\u00e9<\/p>\n<p>1 redutor de anilha de 9 litros\/minuto: para chuveiro<\/p>\n<p>1 saco medidor de caudal (OFERTA)<\/td>\n<\/tr>\n<tr>\n<td width=\"439\">Kit Poupan\u00e7a de \u00c1gua 2:<\/td>\n<td width=\"440\">1 redutor de 9 litros\/minuto: para torneira da cozinha<\/p>\n<p>4 redutores de 6 litros\/min: para torneiras de lavat\u00f3rio e bid\u00e9<\/p>\n<p>2 redutores de anilha de 9 litros\/minuto: para chuveiro<\/p>\n<p>1 saco medidor de caudal (OFERTA)<\/td>\n<\/tr>\n<tr>\n<td width=\"439\">Kit Poupan\u00e7a de \u00c1gua 3:<\/td>\n<td width=\"440\">1 redutor de 9 litros\/minuto: para torneira da cozinha<\/p>\n<p>6 redutores de 6 litros\/min: para torneiras de lavat\u00f3rio e bid\u00e9<\/p>\n<p>3 redutores de anilha de 9 litros\/minuto: para chuveiro<\/p>\n<p>1 saco medidor de caudal (OFERTA)<\/td>\n<\/tr>\n<\/tbody>\n<\/table>","protected":false},"excerpt":{"rendered":"<div id=\"shop-desc\" class=\"tab-pane active\">\n<div class=\"product-description\">\n<p><strong>O que s\u00e3o redutores de caudal?<br \/>\n<\/strong>S\u00e3o pequenas pe\u00e7as que se instalam nas torneiras ou nos chuveiros, que reduzem o fluxo de \u00e1gua, diminuindo assim o seu consumo e, consequentemente, os custos das faturas de \u00e1gua.<\/p>\n<\/div>\n<p><strong>Quais as vantagens?<\/strong><\/p>\n<ul>\n<li>Poupan\u00e7a de \u00e1gua imediata<\/li>\n<li>Econ\u00f3micos<\/li>\n<li>Redu\u00e7\u00e3o dos custos das faturas de \u00e1gua<\/li>\n<li>Redu\u00e7\u00e3o da energia (associada ao aquecimento da \u00e1gua)<\/li>\n<li>Preserva\u00e7\u00e3o de um bem essencial \u00e0 nossa sobreviv\u00eancia<\/li>\n<\/ul>\n<div class=\"product-description\">\n<p><img loading=\"lazy\" decoding=\"async\" class=\"aligncenter\" src=\"https:\/\/curiosidadesedicas.com\/loja\/wp-content\/uploads\/2024\/06\/Capturar.png\" width=\"163\" height=\"165\" \/><\/p>\n<p><strong>Quais as desvantagens?<\/strong><br \/>\nNenhuma<\/p>\n<p><strong>Porqu\u00ea usar os nossos Kits?<\/strong><\/p>\n<ul>\n<li>S\u00e3o os \u00fanicos kits\u00a0em Portugal certificados pela\u00a0ANQIP\u00a0(Associa\u00e7\u00e3o Nacional para a Qualidade nas Instala\u00e7\u00f5es Prediais).<\/li>\n<li>T\u00eam garantia de 2 anos para quaisquer defeitos de fabrico.<\/li>\n<li>Garantia de Qualidade: Temos um know how de mais de uma d\u00e9cada.<\/li>\n<li>Econ\u00f3micos<\/li>\n<\/ul>\n<\/div>\n<p><img decoding=\"async\" class=\"aligncenter\" src=\"https:\/\/curiosidadesedicas.com\/loja\/wp-content\/uploads\/2024\/06\/Capturar-1.png\" \/><\/p>\n<p><strong>\u00c9 aconselh\u00e1vel a\u00a0instala\u00e7\u00e3o\u00a0de redutores?<br \/>\n<\/strong>S\u00e3o v\u00e1rias as entidades que\u00a0aconselham\u00a0a sua\u00a0instala\u00e7\u00e3o. Entre outras:<\/p>\n<ul>\n<li>ANQIP (Associa\u00e7\u00e3o Nacional para a Qualidade nas Instala\u00e7\u00f5es Prediais)<\/li>\n<li>Quercus (Associa\u00e7\u00e3o Nacional de Conserva\u00e7\u00e3o da Natureza<\/li>\n<li>AdE Porto (Ag\u00eancia de Energia do Porto)<\/li>\n<li>Adene (Ag\u00eancia para Energia)<\/li>\n<li>\u00c1guas do Oeste (Grupo \u00c1guas de Portugal)<\/li>\n<li>EPAL (Grupo \u00c1guas de Portugal)<\/li>\n<li>APRH (Associa\u00e7\u00e3o Portuguesa dos Recursos H\u00eddricos)<\/li>\n<li>APA (Ag\u00eancia Portuguesa do Ambiente)<\/li>\n<li>OERN (Ordem dos Engenheiros &#8211; Regi\u00e3o Norte)<\/li>\n<li>ABAE (Associa\u00e7\u00e3o Bandeira Azul da Europa)<\/li>\n<li>Deco Proteste (Associa\u00e7\u00e3o de Defesa do Consumidor)<\/li>\n<li>Projecto No Planet B<\/li>\n<li>PE (Poupa Energia)<\/li>\n<li>Vulcano, solu\u00e7\u00f5es de \u00e1gua quente<\/li>\n<\/ul>\n<p><img decoding=\"async\" class=\"aligncenter\" src=\"https:\/\/curiosidadesedicas.com\/loja\/wp-content\/uploads\/2024\/06\/foto.png\" \/><\/p>\n<p><strong>\u00c9 preciso um canalizador para fazer a instala\u00e7\u00e3o?<br \/>\n<\/strong>N\u00e3o. No caso das torneiras, basta desenroscar a ponta das torneiras, colocar o redutor e voltar a enroscar. No caso dos chuveiros, o redutor \u00e9 colocado entre a ponta da mangueira do chuveiro e a misturadora.<\/p>\n<p>https:\/\/curiosidadesedicas.com\/loja\/wp-content\/uploads\/2024\/06\/Redutor-de-caudal-09-06-24.mp4<\/p>\n<\/div>","protected":false},"featured_media":33923,"comment_status":"open","ping_status":"closed","template":"","meta":{"_glsr_average":0,"_glsr_ranking":0,"_glsr_reviews":0},"product_brand":[],"product_cat":[391],"product_tag":[],"class_list":{"0":"post-33899","1":"product","2":"type-product","3":"status-publish","4":"has-post-thumbnail","6":"product_cat-poupanca-de-agua","8":"first","9":"instock","10":"taxable","11":"shipping-taxable","12":"purchasable","13":"product-type-variable"},"yoast_head":"<!-- This site is optimized with the Yoast SEO plugin v26.8 - https:\/\/yoast.com\/product\/yoast-seo-wordpress\/ -->\n<title>KIT DE REDUTORES DE CAUDAL - Curiosidades &amp; Dicas, Lda<\/title>\n<meta name=\"robots\" content=\"index, follow, max-snippet:-1, max-image-preview:large, max-video-preview:-1\" \/>\n<link rel=\"canonical\" href=\"https:\/\/curiosidadesedicas.com\/loja\/en\/product\/kit-de-redutores-de-caudal-2\/\" \/>\n<meta property=\"og:locale\" content=\"en_US\" \/>\n<meta property=\"og:type\" content=\"article\" \/>\n<meta property=\"og:title\" content=\"KIT DE REDUTORES DE CAUDAL - Curiosidades &amp; Dicas, Lda\" \/>\n<meta property=\"og:description\" content=\"O que s\u00e3o redutores de caudal? S\u00e3o pequenas pe\u00e7as que se instalam nas torneiras ou nos chuveiros, que reduzem o fluxo de \u00e1gua, diminuindo assim o seu consumo e, consequentemente, os custos das faturas de \u00e1gua.   Quais as vantagens?   Poupan\u00e7a de \u00e1gua imediata  Econ\u00f3micos  Redu\u00e7\u00e3o dos custos das faturas de \u00e1gua  Redu\u00e7\u00e3o da energia (associada ao aquecimento da \u00e1gua)  Preserva\u00e7\u00e3o de um bem essencial \u00e0 nossa sobreviv\u00eancia      Quais as desvantagens? Nenhuma  Porqu\u00ea usar os nossos Kits?   S\u00e3o os \u00fanicos kits\u00a0em Portugal certificados pela\u00a0ANQIP\u00a0(Associa\u00e7\u00e3o Nacional para a Qualidade nas Instala\u00e7\u00f5es Prediais).  T\u00eam garantia de 2 anos para quaisquer defeitos de fabrico.  Garantia de Qualidade: Temos um know how de mais de uma d\u00e9cada.  Econ\u00f3micos     \u00c9 aconselh\u00e1vel a\u00a0instala\u00e7\u00e3o\u00a0de redutores? S\u00e3o v\u00e1rias as entidades que\u00a0aconselham\u00a0a sua\u00a0instala\u00e7\u00e3o. Entre outras:   ANQIP (Associa\u00e7\u00e3o Nacional para a Qualidade nas Instala\u00e7\u00f5es Prediais)  Quercus (Associa\u00e7\u00e3o Nacional de Conserva\u00e7\u00e3o da Natureza  AdE Porto (Ag\u00eancia de Energia do Porto)  Adene (Ag\u00eancia para Energia)  \u00c1guas do Oeste (Grupo \u00c1guas de Portugal)  EPAL (Grupo \u00c1guas de Portugal)  APRH (Associa\u00e7\u00e3o Portuguesa dos Recursos H\u00eddricos)  APA (Ag\u00eancia Portuguesa do Ambiente)  OERN (Ordem dos Engenheiros - Regi\u00e3o Norte)  ABAE (Associa\u00e7\u00e3o Bandeira Azul da Europa)  Deco Proteste (Associa\u00e7\u00e3o de Defesa do Consumidor)  Projecto No Planet B  PE (Poupa Energia)  Vulcano, solu\u00e7\u00f5es de \u00e1gua quente    \u00c9 preciso um canalizador para fazer a instala\u00e7\u00e3o? N\u00e3o. No caso das torneiras, basta desenroscar a ponta das torneiras, colocar o redutor e voltar a enroscar. No caso dos chuveiros, o redutor \u00e9 colocado entre a ponta da mangueira do chuveiro e a misturadora.  https:\/\/curiosidadesedicas.com\/loja\/wp-content\/uploads\/2024\/06\/Redutor-de-caudal-09-06-24.mp4\" \/>\n<meta property=\"og:url\" content=\"https:\/\/curiosidadesedicas.com\/loja\/en\/product\/kit-de-redutores-de-caudal-2\/\" \/>\n<meta property=\"og:site_name\" content=\"Curiosidades &amp; Dicas, Lda\" \/>\n<meta property=\"article:modified_time\" content=\"2025-03-11T14:47:17+00:00\" \/>\n<meta property=\"og:image\" content=\"https:\/\/curiosidadesedicas.com\/loja\/wp-content\/uploads\/2024\/06\/Capturar-2.png\" \/>\n\t<meta property=\"og:image:width\" content=\"595\" \/>\n\t<meta property=\"og:image:height\" content=\"429\" \/>\n\t<meta property=\"og:image:type\" content=\"image\/png\" \/>\n<meta name=\"twitter:card\" content=\"summary_large_image\" \/>\n<meta name=\"twitter:label1\" content=\"Est. reading time\" \/>\n\t<meta name=\"twitter:data1\" content=\"2 minutes\" \/>\n<script type=\"application\/ld+json\" class=\"yoast-schema-graph\">{\"@context\":\"https:\/\/schema.org\",\"@graph\":[{\"@type\":\"WebPage\",\"@id\":\"https:\/\/curiosidadesedicas.com\/loja\/produto\/kit-de-redutores-de-caudal-2\/\",\"url\":\"https:\/\/curiosidadesedicas.com\/loja\/produto\/kit-de-redutores-de-caudal-2\/\",\"name\":\"KIT DE REDUTORES DE CAUDAL - Curiosidades &amp; Dicas, Lda\",\"isPartOf\":{\"@id\":\"https:\/\/curiosidadesedicas.com\/loja\/#website\"},\"primaryImageOfPage\":{\"@id\":\"https:\/\/curiosidadesedicas.com\/loja\/produto\/kit-de-redutores-de-caudal-2\/#primaryimage\"},\"image\":{\"@id\":\"https:\/\/curiosidadesedicas.com\/loja\/produto\/kit-de-redutores-de-caudal-2\/#primaryimage\"},\"thumbnailUrl\":\"https:\/\/curiosidadesedicas.com\/loja\/wp-content\/uploads\/2024\/06\/Capturar-2.png\",\"datePublished\":\"2024-06-07T10:36:25+00:00\",\"dateModified\":\"2025-03-11T14:47:17+00:00\",\"breadcrumb\":{\"@id\":\"https:\/\/curiosidadesedicas.com\/loja\/produto\/kit-de-redutores-de-caudal-2\/#breadcrumb\"},\"inLanguage\":\"en-US\",\"potentialAction\":[{\"@type\":\"ReadAction\",\"target\":[\"https:\/\/curiosidadesedicas.com\/loja\/produto\/kit-de-redutores-de-caudal-2\/\"]}]},{\"@type\":\"ImageObject\",\"inLanguage\":\"en-US\",\"@id\":\"https:\/\/curiosidadesedicas.com\/loja\/produto\/kit-de-redutores-de-caudal-2\/#primaryimage\",\"url\":\"https:\/\/curiosidadesedicas.com\/loja\/wp-content\/uploads\/2024\/06\/Capturar-2.png\",\"contentUrl\":\"https:\/\/curiosidadesedicas.com\/loja\/wp-content\/uploads\/2024\/06\/Capturar-2.png\",\"width\":595,\"height\":429},{\"@type\":\"BreadcrumbList\",\"@id\":\"https:\/\/curiosidadesedicas.com\/loja\/produto\/kit-de-redutores-de-caudal-2\/#breadcrumb\",\"itemListElement\":[{\"@type\":\"ListItem\",\"position\":1,\"name\":\"In\u00edcio\",\"item\":\"https:\/\/curiosidadesedicas.com\/loja\/\"},{\"@type\":\"ListItem\",\"position\":2,\"name\":\"Produtos\",\"item\":\"https:\/\/curiosidadesedicas.com\/loja\/produtos\/\"},{\"@type\":\"ListItem\",\"position\":3,\"name\":\"KIT DE REDUTORES DE CAUDAL\"}]},{\"@type\":\"WebSite\",\"@id\":\"https:\/\/curiosidadesedicas.com\/loja\/#website\",\"url\":\"https:\/\/curiosidadesedicas.com\/loja\/\",\"name\":\"Curiosidades &amp; Dicas, Lda\",\"description\":\"Apaixonados Por Inova\u00e7\u00e3o\",\"publisher\":{\"@id\":\"https:\/\/curiosidadesedicas.com\/loja\/#organization\"},\"potentialAction\":[{\"@type\":\"SearchAction\",\"target\":{\"@type\":\"EntryPoint\",\"urlTemplate\":\"https:\/\/curiosidadesedicas.com\/loja\/?s={search_term_string}\"},\"query-input\":{\"@type\":\"PropertyValueSpecification\",\"valueRequired\":true,\"valueName\":\"search_term_string\"}}],\"inLanguage\":\"en-US\"},{\"@type\":\"Organization\",\"@id\":\"https:\/\/curiosidadesedicas.com\/loja\/#organization\",\"name\":\"Curiosidades & Dicas\",\"url\":\"https:\/\/curiosidadesedicas.com\/loja\/\",\"logo\":{\"@type\":\"ImageObject\",\"inLanguage\":\"en-US\",\"@id\":\"https:\/\/curiosidadesedicas.com\/loja\/#\/schema\/logo\/image\/\",\"url\":\"https:\/\/curiosidadesedicas.com\/loja\/wp-content\/uploads\/2020\/05\/LogoCuriosidadesSimples.png\",\"contentUrl\":\"https:\/\/curiosidadesedicas.com\/loja\/wp-content\/uploads\/2020\/05\/LogoCuriosidadesSimples.png\",\"width\":3528,\"height\":804,\"caption\":\"Curiosidades & Dicas\"},\"image\":{\"@id\":\"https:\/\/curiosidadesedicas.com\/loja\/#\/schema\/logo\/image\/\"}}]}<\/script>\n<!-- \/ Yoast SEO plugin. -->","yoast_head_json":{"title":"KIT DE REDUTORES DE CAUDAL - Curiosidades &amp; Dicas, Lda","robots":{"index":"index","follow":"follow","max-snippet":"max-snippet:-1","max-image-preview":"max-image-preview:large","max-video-preview":"max-video-preview:-1"},"canonical":"https:\/\/curiosidadesedicas.com\/loja\/en\/product\/kit-de-redutores-de-caudal-2\/","og_locale":"en_US","og_type":"article","og_title":"KIT DE REDUTORES DE CAUDAL - Curiosidades &amp; Dicas, Lda","og_description":"O que s\u00e3o redutores de caudal? S\u00e3o pequenas pe\u00e7as que se instalam nas torneiras ou nos chuveiros, que reduzem o fluxo de \u00e1gua, diminuindo assim o seu consumo e, consequentemente, os custos das faturas de \u00e1gua.   Quais as vantagens?   Poupan\u00e7a de \u00e1gua imediata  Econ\u00f3micos  Redu\u00e7\u00e3o dos custos das faturas de \u00e1gua  Redu\u00e7\u00e3o da energia (associada ao aquecimento da \u00e1gua)  Preserva\u00e7\u00e3o de um bem essencial \u00e0 nossa sobreviv\u00eancia      Quais as desvantagens? Nenhuma  Porqu\u00ea usar os nossos Kits?   S\u00e3o os \u00fanicos kits\u00a0em Portugal certificados pela\u00a0ANQIP\u00a0(Associa\u00e7\u00e3o Nacional para a Qualidade nas Instala\u00e7\u00f5es Prediais).  T\u00eam garantia de 2 anos para quaisquer defeitos de fabrico.  Garantia de Qualidade: Temos um know how de mais de uma d\u00e9cada.  Econ\u00f3micos     \u00c9 aconselh\u00e1vel a\u00a0instala\u00e7\u00e3o\u00a0de redutores? S\u00e3o v\u00e1rias as entidades que\u00a0aconselham\u00a0a sua\u00a0instala\u00e7\u00e3o. Entre outras:   ANQIP (Associa\u00e7\u00e3o Nacional para a Qualidade nas Instala\u00e7\u00f5es Prediais)  Quercus (Associa\u00e7\u00e3o Nacional de Conserva\u00e7\u00e3o da Natureza  AdE Porto (Ag\u00eancia de Energia do Porto)  Adene (Ag\u00eancia para Energia)  \u00c1guas do Oeste (Grupo \u00c1guas de Portugal)  EPAL (Grupo \u00c1guas de Portugal)  APRH (Associa\u00e7\u00e3o Portuguesa dos Recursos H\u00eddricos)  APA (Ag\u00eancia Portuguesa do Ambiente)  OERN (Ordem dos Engenheiros - Regi\u00e3o Norte)  ABAE (Associa\u00e7\u00e3o Bandeira Azul da Europa)  Deco Proteste (Associa\u00e7\u00e3o de Defesa do Consumidor)  Projecto No Planet B  PE (Poupa Energia)  Vulcano, solu\u00e7\u00f5es de \u00e1gua quente    \u00c9 preciso um canalizador para fazer a instala\u00e7\u00e3o? N\u00e3o. No caso das torneiras, basta desenroscar a ponta das torneiras, colocar o redutor e voltar a enroscar. No caso dos chuveiros, o redutor \u00e9 colocado entre a ponta da mangueira do chuveiro e a misturadora.  https:\/\/curiosidadesedicas.com\/loja\/wp-content\/uploads\/2024\/06\/Redutor-de-caudal-09-06-24.mp4","og_url":"https:\/\/curiosidadesedicas.com\/loja\/en\/product\/kit-de-redutores-de-caudal-2\/","og_site_name":"Curiosidades &amp; Dicas, Lda","article_modified_time":"2025-03-11T14:47:17+00:00","og_image":[{"width":595,"height":429,"url":"https:\/\/curiosidadesedicas.com\/loja\/wp-content\/uploads\/2024\/06\/Capturar-2.png","type":"image\/png"}],"twitter_card":"summary_large_image","twitter_misc":{"Est. reading time":"2 minutes"},"schema":{"@context":"https:\/\/schema.org","@graph":[{"@type":"WebPage","@id":"https:\/\/curiosidadesedicas.com\/loja\/produto\/kit-de-redutores-de-caudal-2\/","url":"https:\/\/curiosidadesedicas.com\/loja\/produto\/kit-de-redutores-de-caudal-2\/","name":"KIT DE REDUTORES DE CAUDAL - Curiosidades &amp; Dicas, Lda","isPartOf":{"@id":"https:\/\/curiosidadesedicas.com\/loja\/#website"},"primaryImageOfPage":{"@id":"https:\/\/curiosidadesedicas.com\/loja\/produto\/kit-de-redutores-de-caudal-2\/#primaryimage"},"image":{"@id":"https:\/\/curiosidadesedicas.com\/loja\/produto\/kit-de-redutores-de-caudal-2\/#primaryimage"},"thumbnailUrl":"https:\/\/curiosidadesedicas.com\/loja\/wp-content\/uploads\/2024\/06\/Capturar-2.png","datePublished":"2024-06-07T10:36:25+00:00","dateModified":"2025-03-11T14:47:17+00:00","breadcrumb":{"@id":"https:\/\/curiosidadesedicas.com\/loja\/produto\/kit-de-redutores-de-caudal-2\/#breadcrumb"},"inLanguage":"en-US","potentialAction":[{"@type":"ReadAction","target":["https:\/\/curiosidadesedicas.com\/loja\/produto\/kit-de-redutores-de-caudal-2\/"]}]},{"@type":"ImageObject","inLanguage":"en-US","@id":"https:\/\/curiosidadesedicas.com\/loja\/produto\/kit-de-redutores-de-caudal-2\/#primaryimage","url":"https:\/\/curiosidadesedicas.com\/loja\/wp-content\/uploads\/2024\/06\/Capturar-2.png","contentUrl":"https:\/\/curiosidadesedicas.com\/loja\/wp-content\/uploads\/2024\/06\/Capturar-2.png","width":595,"height":429},{"@type":"BreadcrumbList","@id":"https:\/\/curiosidadesedicas.com\/loja\/produto\/kit-de-redutores-de-caudal-2\/#breadcrumb","itemListElement":[{"@type":"ListItem","position":1,"name":"In\u00edcio","item":"https:\/\/curiosidadesedicas.com\/loja\/"},{"@type":"ListItem","position":2,"name":"Produtos","item":"https:\/\/curiosidadesedicas.com\/loja\/produtos\/"},{"@type":"ListItem","position":3,"name":"KIT DE REDUTORES DE CAUDAL"}]},{"@type":"WebSite","@id":"https:\/\/curiosidadesedicas.com\/loja\/#website","url":"https:\/\/curiosidadesedicas.com\/loja\/","name":"Curiosidades &amp; Dicas, Lda","description":"Apaixonados Por Inova\u00e7\u00e3o","publisher":{"@id":"https:\/\/curiosidadesedicas.com\/loja\/#organization"},"potentialAction":[{"@type":"SearchAction","target":{"@type":"EntryPoint","urlTemplate":"https:\/\/curiosidadesedicas.com\/loja\/?s={search_term_string}"},"query-input":{"@type":"PropertyValueSpecification","valueRequired":true,"valueName":"search_term_string"}}],"inLanguage":"en-US"},{"@type":"Organization","@id":"https:\/\/curiosidadesedicas.com\/loja\/#organization","name":"Curiosidades & Dicas","url":"https:\/\/curiosidadesedicas.com\/loja\/","logo":{"@type":"ImageObject","inLanguage":"en-US","@id":"https:\/\/curiosidadesedicas.com\/loja\/#\/schema\/logo\/image\/","url":"https:\/\/curiosidadesedicas.com\/loja\/wp-content\/uploads\/2020\/05\/LogoCuriosidadesSimples.png","contentUrl":"https:\/\/curiosidadesedicas.com\/loja\/wp-content\/uploads\/2020\/05\/LogoCuriosidadesSimples.png","width":3528,"height":804,"caption":"Curiosidades & Dicas"},"image":{"@id":"https:\/\/curiosidadesedicas.com\/loja\/#\/schema\/logo\/image\/"}}]}},"_links":{"self":[{"href":"https:\/\/curiosidadesedicas.com\/loja\/en\/wp-json\/wp\/v2\/product\/33899","targetHints":{"allow":["GET"]}}],"collection":[{"href":"https:\/\/curiosidadesedicas.com\/loja\/en\/wp-json\/wp\/v2\/product"}],"about":[{"href":"https:\/\/curiosidadesedicas.com\/loja\/en\/wp-json\/wp\/v2\/types\/product"}],"replies":[{"embeddable":true,"href":"https:\/\/curiosidadesedicas.com\/loja\/en\/wp-json\/wp\/v2\/comments?post=33899"}],"wp:featuredmedia":[{"embeddable":true,"href":"https:\/\/curiosidadesedicas.com\/loja\/en\/wp-json\/wp\/v2\/media\/33923"}],"wp:attachment":[{"href":"https:\/\/curiosidadesedicas.com\/loja\/en\/wp-json\/wp\/v2\/media?parent=33899"}],"wp:term":[{"taxonomy":"product_brand","embeddable":true,"href":"https:\/\/curiosidadesedicas.com\/loja\/en\/wp-json\/wp\/v2\/product_brand?post=33899"},{"taxonomy":"product_cat","embeddable":true,"href":"https:\/\/curiosidadesedicas.com\/loja\/en\/wp-json\/wp\/v2\/product_cat?post=33899"},{"taxonomy":"product_tag","embeddable":true,"href":"https:\/\/curiosidadesedicas.com\/loja\/en\/wp-json\/wp\/v2\/product_tag?post=33899"}],"curies":[{"name":"wp","href":"https:\/\/api.w.org\/{rel}","templated":true}]}}