{"id":33884,"date":"2024-06-05T15:42:41","date_gmt":"2024-06-05T15:42:41","guid":{"rendered":"https:\/\/curiosidadesedicas.com\/loja\/?post_type=product&#038;p=33884"},"modified":"2025-03-11T14:47:26","modified_gmt":"2025-03-11T14:47:26","slug":"mesa-refrigeradora-de-jardim-3-em-1-frizzble","status":"publish","type":"product","link":"https:\/\/curiosidadesedicas.com\/loja\/en\/product\/mesa-refrigeradora-de-jardim-3-em-1-frizzble\/","title":{"rendered":"MESA REFRIGERADORA DE JARDIM 3 EM 1 FRIZZBLE"},"content":{"rendered":"<p>Esta\u00a0mesa refrigeradora de jardim\u00a0\u00e9 ideal para horas de divers\u00e3o e festividades ao ar livre. \u00c9 resistente \u00e0 \u00e1gua, est\u00e1vel e segura. Al\u00e9m disso, tem altura regul\u00e1vel, p\u00e9s ajust\u00e1veis, um compartimento para gelo e bebidas (20\u00a0l), bem como tampo e tabuleiro de drenagem.<\/p>\n<p>Trata-se de uma\u00a0mesa de vime\u00a0muito vers\u00e1til, gra\u00e7as ao seu design extens\u00edvel em altura. Multifun\u00e7\u00f5es: mesa de cocktail, mesa de centro, mesa de apoio, etc., em jardins, terra\u00e7os, p\u00e1tios, piscinas, entre outros.<\/p>\n<ul>\n<li>Design original e multifuncional: a nossa mesa refrigeradora de jardim \u00e9 indispens\u00e1vel para festas de ver\u00e3o e dias de divers\u00e3o ao ar livre. Esta mesa com m\u00faltiplas fun\u00e7\u00f5es e inovadora mant\u00e9m o gelo e as bebidas frescas. \u00c9, assim, a mesa de jardim perfeita para desfrutar de bebidas refrescantes e fazer frente ao calor. Ideal como mesa de cocktail, mesa de centro, mesa de apoio, etc.<\/li>\n<li>M\u00faltiplas posi\u00e7\u00f5es e regul\u00e1vel em altura: esta mesa refrigeradora para exteriores \u00e9 incrivelmente vers\u00e1til. O seu design extens\u00edvel permite uma f\u00e1cil regula\u00e7\u00e3o em altura (aprox. 57-83\u00a0cm), em fun\u00e7\u00e3o das suas necessidades. O tampo superior pode ser elevado at\u00e9 \u00e0 altura desejada e fixa-se firmemente atrav\u00e9s de um sistema de fecho muito simples, seguro e eficaz.<\/li>\n<li>Compartimento para gelo e bebidas: esta mesa extens\u00edvel pode ser utilizada como caixa frigor\u00edfica e como refrigerador de bebidas, visto o seu interior em a\u00e7o galvanizado poder conter gelo, fruta, bebidas, etc., mantendo-os frescos durante horas. Capacidade: 20\u00a0l.<\/li>\n<li>Tampa e tabuleiro de drenagem: a nossa mesa refrigeradora para bebidas disp\u00f5e de uma tampa e de um tabuleiro de drenagem que facilitam a limpeza e a drenagem da \u00e1gua acumulada com o derreter do gelo. Os quatro p\u00e9s ajust\u00e1veis na base de apoio proporcionam estabilidade e apoio fi\u00e1veis.<\/li>\n<li>\u00c0 prova de \u00e1gua, utiliza\u00e7\u00e3o no exterior: esta mesa para gelo e bebidas \u00e9 muito leve e f\u00e1cil de transportar para qualquer lado. A nossa mesa de vime \u00e9 ideal para jardins, terra\u00e7os, p\u00e1tios, piscinas, campismo, etc., podendo igualmente ser utilizada em espa\u00e7os interiores.<\/li>\n<\/ul>\n<p><img decoding=\"async\" class=\"aligncenter\" src=\"https:\/\/curiosidadesedicas.com\/loja\/wp-content\/uploads\/2024\/06\/mesa-refrigeradora-de-jardim-3-em-1-frizzble-innovagoods_826757-7.jpg\" \/><\/p>","protected":false},"excerpt":{"rendered":"<ul>\n<li>Material:\n<ul>\n<li>Polietileno<\/li>\n<li>A\u00e7o Galvanizado<\/li>\n<\/ul>\n<\/li>\n<li>Cor: Preto<\/li>\n<li>Tipo: Mesa de jardim<\/li>\n<li>Design moderno: Inovador e funcional<\/li>\n<li>Multifun\u00e7\u00e3o: 3-in-1<\/li>\n<li>Capacidade: 20 L<\/li>\n<li>Dep\u00f3sito central refrigerante para gelo: Ideal para todo o tipo de bebidas<\/li>\n<li>Inclui: Tampa de esvaziamento inferior<\/li>\n<li>Caracter\u00edsticas: Extens\u00edvel<\/li>\n<li>Altura ajust\u00e1vel: 57-83 cm<\/li>\n<li>M\u00faltiplas posi\u00e7\u00f5es: Vers\u00e1til e adapt\u00e1vel<\/li>\n<li>Propriedades: Resistente \u00e0 \u00e1gua<\/li>\n<li>Utiliza\u00e7\u00e3o em interiores e exteriores: Ideal para piqueniques, acampamentos, jardim, terra\u00e7o, etc.<\/li>\n<li>4 pequenos p\u00e9s na base: P\u00e9s ajust\u00e1veis<\/li>\n<li>M\u00e1xima estabilidade: Apoio est\u00e1vel<\/li>\n<li>Leve e male\u00e1vel: F\u00e1cil de transportar e de guardar<\/li>\n<li>Original e port\u00e1til: Diversas utiliza\u00e7\u00f5es e espa\u00e7os<\/li>\n<li>Medidas aprox. dobrado: \u00d844 x 57 cm<\/li>\n<li>Medidas aprox. desdobrado: \u00d844 x 83 cm<\/li>\n<\/ul>","protected":false},"featured_media":33897,"comment_status":"open","ping_status":"closed","template":"","meta":{"_glsr_average":0,"_glsr_ranking":0,"_glsr_reviews":0},"product_brand":[],"product_cat":[350,355,356,365,421],"product_tag":[],"class_list":{"0":"post-33884","1":"product","2":"type-product","3":"status-publish","4":"has-post-thumbnail","6":"product_cat-gadgets","7":"product_cat-p-jardins","8":"product_cat-p-praia-e-piscina","9":"product_cat-para-o-lar","10":"product_cat-arrumacao","12":"first","13":"instock","14":"taxable","15":"shipping-taxable","16":"purchasable","17":"product-type-simple"},"yoast_head":"<!-- This site is optimized with the Yoast SEO plugin v26.8 - https:\/\/yoast.com\/product\/yoast-seo-wordpress\/ -->\n<title>MESA REFRIGERADORA DE JARDIM 3 EM 1 FRIZZBLE - Curiosidades &amp; Dicas, Lda<\/title>\n<meta name=\"robots\" content=\"index, follow, max-snippet:-1, max-image-preview:large, max-video-preview:-1\" \/>\n<link rel=\"canonical\" href=\"https:\/\/curiosidadesedicas.com\/loja\/en\/product\/mesa-refrigeradora-de-jardim-3-em-1-frizzble\/\" \/>\n<meta property=\"og:locale\" content=\"en_US\" \/>\n<meta property=\"og:type\" content=\"article\" \/>\n<meta property=\"og:title\" content=\"MESA REFRIGERADORA DE JARDIM 3 EM 1 FRIZZBLE - Curiosidades &amp; Dicas, Lda\" \/>\n<meta property=\"og:description\" content=\"Material:   Polietileno  A\u00e7o Galvanizado    Cor: Preto  Tipo: Mesa de jardim  Design moderno: Inovador e funcional  Multifun\u00e7\u00e3o: 3-in-1  Capacidade: 20 L  Dep\u00f3sito central refrigerante para gelo: Ideal para todo o tipo de bebidas  Inclui: Tampa de esvaziamento inferior  Caracter\u00edsticas: Extens\u00edvel  Altura ajust\u00e1vel: 57-83 cm  M\u00faltiplas posi\u00e7\u00f5es: Vers\u00e1til e adapt\u00e1vel  Propriedades: Resistente \u00e0 \u00e1gua  Utiliza\u00e7\u00e3o em interiores e exteriores: Ideal para piqueniques, acampamentos, jardim, terra\u00e7o, etc.  4 pequenos p\u00e9s na base: P\u00e9s ajust\u00e1veis  M\u00e1xima estabilidade: Apoio est\u00e1vel  Leve e male\u00e1vel: F\u00e1cil de transportar e de guardar  Original e port\u00e1til: Diversas utiliza\u00e7\u00f5es e espa\u00e7os  Medidas aprox. dobrado: \u00d844 x 57 cm  Medidas aprox. desdobrado: \u00d844 x 83 cm\" \/>\n<meta property=\"og:url\" content=\"https:\/\/curiosidadesedicas.com\/loja\/en\/product\/mesa-refrigeradora-de-jardim-3-em-1-frizzble\/\" \/>\n<meta property=\"og:site_name\" content=\"Curiosidades &amp; Dicas, Lda\" \/>\n<meta property=\"article:modified_time\" content=\"2025-03-11T14:47:26+00:00\" \/>\n<meta property=\"og:image\" content=\"https:\/\/curiosidadesedicas.com\/loja\/wp-content\/uploads\/2024\/06\/mesa-refrigeradora-de-jardim-3-em-1-frizzble-innovagoods_826757.jpg\" \/>\n\t<meta property=\"og:image:width\" content=\"600\" \/>\n\t<meta property=\"og:image:height\" content=\"600\" \/>\n\t<meta property=\"og:image:type\" content=\"image\/jpeg\" \/>\n<meta name=\"twitter:card\" content=\"summary_large_image\" \/>\n<meta name=\"twitter:label1\" content=\"Est. reading time\" \/>\n\t<meta name=\"twitter:data1\" content=\"3 minutes\" \/>\n<script type=\"application\/ld+json\" class=\"yoast-schema-graph\">{\"@context\":\"https:\/\/schema.org\",\"@graph\":[{\"@type\":\"WebPage\",\"@id\":\"https:\/\/curiosidadesedicas.com\/loja\/produto\/mesa-refrigeradora-de-jardim-3-em-1-frizzble\/\",\"url\":\"https:\/\/curiosidadesedicas.com\/loja\/produto\/mesa-refrigeradora-de-jardim-3-em-1-frizzble\/\",\"name\":\"MESA REFRIGERADORA DE JARDIM 3 EM 1 FRIZZBLE - Curiosidades &amp; Dicas, Lda\",\"isPartOf\":{\"@id\":\"https:\/\/curiosidadesedicas.com\/loja\/#website\"},\"primaryImageOfPage\":{\"@id\":\"https:\/\/curiosidadesedicas.com\/loja\/produto\/mesa-refrigeradora-de-jardim-3-em-1-frizzble\/#primaryimage\"},\"image\":{\"@id\":\"https:\/\/curiosidadesedicas.com\/loja\/produto\/mesa-refrigeradora-de-jardim-3-em-1-frizzble\/#primaryimage\"},\"thumbnailUrl\":\"https:\/\/curiosidadesedicas.com\/loja\/wp-content\/uploads\/2024\/06\/mesa-refrigeradora-de-jardim-3-em-1-frizzble-innovagoods_826757.jpg\",\"datePublished\":\"2024-06-05T15:42:41+00:00\",\"dateModified\":\"2025-03-11T14:47:26+00:00\",\"breadcrumb\":{\"@id\":\"https:\/\/curiosidadesedicas.com\/loja\/produto\/mesa-refrigeradora-de-jardim-3-em-1-frizzble\/#breadcrumb\"},\"inLanguage\":\"en-US\",\"potentialAction\":[{\"@type\":\"ReadAction\",\"target\":[\"https:\/\/curiosidadesedicas.com\/loja\/produto\/mesa-refrigeradora-de-jardim-3-em-1-frizzble\/\"]}]},{\"@type\":\"ImageObject\",\"inLanguage\":\"en-US\",\"@id\":\"https:\/\/curiosidadesedicas.com\/loja\/produto\/mesa-refrigeradora-de-jardim-3-em-1-frizzble\/#primaryimage\",\"url\":\"https:\/\/curiosidadesedicas.com\/loja\/wp-content\/uploads\/2024\/06\/mesa-refrigeradora-de-jardim-3-em-1-frizzble-innovagoods_826757.jpg\",\"contentUrl\":\"https:\/\/curiosidadesedicas.com\/loja\/wp-content\/uploads\/2024\/06\/mesa-refrigeradora-de-jardim-3-em-1-frizzble-innovagoods_826757.jpg\",\"width\":600,\"height\":600},{\"@type\":\"BreadcrumbList\",\"@id\":\"https:\/\/curiosidadesedicas.com\/loja\/produto\/mesa-refrigeradora-de-jardim-3-em-1-frizzble\/#breadcrumb\",\"itemListElement\":[{\"@type\":\"ListItem\",\"position\":1,\"name\":\"In\u00edcio\",\"item\":\"https:\/\/curiosidadesedicas.com\/loja\/\"},{\"@type\":\"ListItem\",\"position\":2,\"name\":\"Produtos\",\"item\":\"https:\/\/curiosidadesedicas.com\/loja\/produtos\/\"},{\"@type\":\"ListItem\",\"position\":3,\"name\":\"MESA REFRIGERADORA DE JARDIM 3 EM 1 FRIZZBLE\"}]},{\"@type\":\"WebSite\",\"@id\":\"https:\/\/curiosidadesedicas.com\/loja\/#website\",\"url\":\"https:\/\/curiosidadesedicas.com\/loja\/\",\"name\":\"Curiosidades &amp; Dicas, Lda\",\"description\":\"Apaixonados Por Inova\u00e7\u00e3o\",\"publisher\":{\"@id\":\"https:\/\/curiosidadesedicas.com\/loja\/#organization\"},\"potentialAction\":[{\"@type\":\"SearchAction\",\"target\":{\"@type\":\"EntryPoint\",\"urlTemplate\":\"https:\/\/curiosidadesedicas.com\/loja\/?s={search_term_string}\"},\"query-input\":{\"@type\":\"PropertyValueSpecification\",\"valueRequired\":true,\"valueName\":\"search_term_string\"}}],\"inLanguage\":\"en-US\"},{\"@type\":\"Organization\",\"@id\":\"https:\/\/curiosidadesedicas.com\/loja\/#organization\",\"name\":\"Curiosidades & Dicas\",\"url\":\"https:\/\/curiosidadesedicas.com\/loja\/\",\"logo\":{\"@type\":\"ImageObject\",\"inLanguage\":\"en-US\",\"@id\":\"https:\/\/curiosidadesedicas.com\/loja\/#\/schema\/logo\/image\/\",\"url\":\"https:\/\/curiosidadesedicas.com\/loja\/wp-content\/uploads\/2020\/05\/LogoCuriosidadesSimples.png\",\"contentUrl\":\"https:\/\/curiosidadesedicas.com\/loja\/wp-content\/uploads\/2020\/05\/LogoCuriosidadesSimples.png\",\"width\":3528,\"height\":804,\"caption\":\"Curiosidades & Dicas\"},\"image\":{\"@id\":\"https:\/\/curiosidadesedicas.com\/loja\/#\/schema\/logo\/image\/\"}}]}<\/script>\n<!-- \/ Yoast SEO plugin. -->","yoast_head_json":{"title":"MESA REFRIGERADORA DE JARDIM 3 EM 1 FRIZZBLE - Curiosidades &amp; Dicas, Lda","robots":{"index":"index","follow":"follow","max-snippet":"max-snippet:-1","max-image-preview":"max-image-preview:large","max-video-preview":"max-video-preview:-1"},"canonical":"https:\/\/curiosidadesedicas.com\/loja\/en\/product\/mesa-refrigeradora-de-jardim-3-em-1-frizzble\/","og_locale":"en_US","og_type":"article","og_title":"MESA REFRIGERADORA DE JARDIM 3 EM 1 FRIZZBLE - Curiosidades &amp; Dicas, Lda","og_description":"Material:   Polietileno  A\u00e7o Galvanizado    Cor: Preto  Tipo: Mesa de jardim  Design moderno: Inovador e funcional  Multifun\u00e7\u00e3o: 3-in-1  Capacidade: 20 L  Dep\u00f3sito central refrigerante para gelo: Ideal para todo o tipo de bebidas  Inclui: Tampa de esvaziamento inferior  Caracter\u00edsticas: Extens\u00edvel  Altura ajust\u00e1vel: 57-83 cm  M\u00faltiplas posi\u00e7\u00f5es: Vers\u00e1til e adapt\u00e1vel  Propriedades: Resistente \u00e0 \u00e1gua  Utiliza\u00e7\u00e3o em interiores e exteriores: Ideal para piqueniques, acampamentos, jardim, terra\u00e7o, etc.  4 pequenos p\u00e9s na base: P\u00e9s ajust\u00e1veis  M\u00e1xima estabilidade: Apoio est\u00e1vel  Leve e male\u00e1vel: F\u00e1cil de transportar e de guardar  Original e port\u00e1til: Diversas utiliza\u00e7\u00f5es e espa\u00e7os  Medidas aprox. dobrado: \u00d844 x 57 cm  Medidas aprox. desdobrado: \u00d844 x 83 cm","og_url":"https:\/\/curiosidadesedicas.com\/loja\/en\/product\/mesa-refrigeradora-de-jardim-3-em-1-frizzble\/","og_site_name":"Curiosidades &amp; Dicas, Lda","article_modified_time":"2025-03-11T14:47:26+00:00","og_image":[{"width":600,"height":600,"url":"https:\/\/curiosidadesedicas.com\/loja\/wp-content\/uploads\/2024\/06\/mesa-refrigeradora-de-jardim-3-em-1-frizzble-innovagoods_826757.jpg","type":"image\/jpeg"}],"twitter_card":"summary_large_image","twitter_misc":{"Est. reading time":"3 minutes"},"schema":{"@context":"https:\/\/schema.org","@graph":[{"@type":"WebPage","@id":"https:\/\/curiosidadesedicas.com\/loja\/produto\/mesa-refrigeradora-de-jardim-3-em-1-frizzble\/","url":"https:\/\/curiosidadesedicas.com\/loja\/produto\/mesa-refrigeradora-de-jardim-3-em-1-frizzble\/","name":"MESA REFRIGERADORA DE JARDIM 3 EM 1 FRIZZBLE - Curiosidades &amp; Dicas, Lda","isPartOf":{"@id":"https:\/\/curiosidadesedicas.com\/loja\/#website"},"primaryImageOfPage":{"@id":"https:\/\/curiosidadesedicas.com\/loja\/produto\/mesa-refrigeradora-de-jardim-3-em-1-frizzble\/#primaryimage"},"image":{"@id":"https:\/\/curiosidadesedicas.com\/loja\/produto\/mesa-refrigeradora-de-jardim-3-em-1-frizzble\/#primaryimage"},"thumbnailUrl":"https:\/\/curiosidadesedicas.com\/loja\/wp-content\/uploads\/2024\/06\/mesa-refrigeradora-de-jardim-3-em-1-frizzble-innovagoods_826757.jpg","datePublished":"2024-06-05T15:42:41+00:00","dateModified":"2025-03-11T14:47:26+00:00","breadcrumb":{"@id":"https:\/\/curiosidadesedicas.com\/loja\/produto\/mesa-refrigeradora-de-jardim-3-em-1-frizzble\/#breadcrumb"},"inLanguage":"en-US","potentialAction":[{"@type":"ReadAction","target":["https:\/\/curiosidadesedicas.com\/loja\/produto\/mesa-refrigeradora-de-jardim-3-em-1-frizzble\/"]}]},{"@type":"ImageObject","inLanguage":"en-US","@id":"https:\/\/curiosidadesedicas.com\/loja\/produto\/mesa-refrigeradora-de-jardim-3-em-1-frizzble\/#primaryimage","url":"https:\/\/curiosidadesedicas.com\/loja\/wp-content\/uploads\/2024\/06\/mesa-refrigeradora-de-jardim-3-em-1-frizzble-innovagoods_826757.jpg","contentUrl":"https:\/\/curiosidadesedicas.com\/loja\/wp-content\/uploads\/2024\/06\/mesa-refrigeradora-de-jardim-3-em-1-frizzble-innovagoods_826757.jpg","width":600,"height":600},{"@type":"BreadcrumbList","@id":"https:\/\/curiosidadesedicas.com\/loja\/produto\/mesa-refrigeradora-de-jardim-3-em-1-frizzble\/#breadcrumb","itemListElement":[{"@type":"ListItem","position":1,"name":"In\u00edcio","item":"https:\/\/curiosidadesedicas.com\/loja\/"},{"@type":"ListItem","position":2,"name":"Produtos","item":"https:\/\/curiosidadesedicas.com\/loja\/produtos\/"},{"@type":"ListItem","position":3,"name":"MESA REFRIGERADORA DE JARDIM 3 EM 1 FRIZZBLE"}]},{"@type":"WebSite","@id":"https:\/\/curiosidadesedicas.com\/loja\/#website","url":"https:\/\/curiosidadesedicas.com\/loja\/","name":"Curiosidades &amp; Dicas, Lda","description":"Apaixonados Por Inova\u00e7\u00e3o","publisher":{"@id":"https:\/\/curiosidadesedicas.com\/loja\/#organization"},"potentialAction":[{"@type":"SearchAction","target":{"@type":"EntryPoint","urlTemplate":"https:\/\/curiosidadesedicas.com\/loja\/?s={search_term_string}"},"query-input":{"@type":"PropertyValueSpecification","valueRequired":true,"valueName":"search_term_string"}}],"inLanguage":"en-US"},{"@type":"Organization","@id":"https:\/\/curiosidadesedicas.com\/loja\/#organization","name":"Curiosidades & Dicas","url":"https:\/\/curiosidadesedicas.com\/loja\/","logo":{"@type":"ImageObject","inLanguage":"en-US","@id":"https:\/\/curiosidadesedicas.com\/loja\/#\/schema\/logo\/image\/","url":"https:\/\/curiosidadesedicas.com\/loja\/wp-content\/uploads\/2020\/05\/LogoCuriosidadesSimples.png","contentUrl":"https:\/\/curiosidadesedicas.com\/loja\/wp-content\/uploads\/2020\/05\/LogoCuriosidadesSimples.png","width":3528,"height":804,"caption":"Curiosidades & Dicas"},"image":{"@id":"https:\/\/curiosidadesedicas.com\/loja\/#\/schema\/logo\/image\/"}}]}},"_links":{"self":[{"href":"https:\/\/curiosidadesedicas.com\/loja\/en\/wp-json\/wp\/v2\/product\/33884","targetHints":{"allow":["GET"]}}],"collection":[{"href":"https:\/\/curiosidadesedicas.com\/loja\/en\/wp-json\/wp\/v2\/product"}],"about":[{"href":"https:\/\/curiosidadesedicas.com\/loja\/en\/wp-json\/wp\/v2\/types\/product"}],"replies":[{"embeddable":true,"href":"https:\/\/curiosidadesedicas.com\/loja\/en\/wp-json\/wp\/v2\/comments?post=33884"}],"wp:featuredmedia":[{"embeddable":true,"href":"https:\/\/curiosidadesedicas.com\/loja\/en\/wp-json\/wp\/v2\/media\/33897"}],"wp:attachment":[{"href":"https:\/\/curiosidadesedicas.com\/loja\/en\/wp-json\/wp\/v2\/media?parent=33884"}],"wp:term":[{"taxonomy":"product_brand","embeddable":true,"href":"https:\/\/curiosidadesedicas.com\/loja\/en\/wp-json\/wp\/v2\/product_brand?post=33884"},{"taxonomy":"product_cat","embeddable":true,"href":"https:\/\/curiosidadesedicas.com\/loja\/en\/wp-json\/wp\/v2\/product_cat?post=33884"},{"taxonomy":"product_tag","embeddable":true,"href":"https:\/\/curiosidadesedicas.com\/loja\/en\/wp-json\/wp\/v2\/product_tag?post=33884"}],"curies":[{"name":"wp","href":"https:\/\/api.w.org\/{rel}","templated":true}]}}