{"id":33819,"date":"2024-05-07T08:29:06","date_gmt":"2024-05-07T08:29:06","guid":{"rendered":"https:\/\/curiosidadesedicas.com\/loja\/?post_type=product&#038;p=33819"},"modified":"2024-05-07T14:02:59","modified_gmt":"2024-05-07T14:02:59","slug":"saco-de-vacuo-perfumado-70-x-120-cm","status":"publish","type":"product","link":"https:\/\/curiosidadesedicas.com\/loja\/en\/product\/saco-de-vacuo-perfumado-70-x-120-cm\/","title":{"rendered":"SACO DE V\u00c1CUO PERFUMADO (70 X 120 CM)"},"content":{"rendered":"<ul>\n<li>Caracter\u00edsticas:\n<ul>\n<li>Perfumado<\/li>\n<li>V\u00e1lvula de v\u00e1cuo<\/li>\n<\/ul>\n<\/li>\n<li>Informa\u00e7\u00e3o importante:\n<ul>\n<li>A imagem pode n\u00e3o mostrar todos os modelos sortidos dispon\u00edveis<\/li>\n<li>Designs sortidos enviados aleatoriamente conforme o stock<\/li>\n<\/ul>\n<\/li>\n<li>Unidades: 1 Unidade<\/li>\n<li>Tipo: Bolsa de Armazenamento<\/li>\n<li>Cor:\n<ul>\n<li>Cor de Rosa<\/li>\n<li>Multicolor<\/li>\n<\/ul>\n<\/li>\n<li>Material: Polipropileno<\/li>\n<li>Medidas aprox.: 70 x 120 cm<\/li>\n<\/ul>","protected":false},"excerpt":{"rendered":"<ul>\n<li>Caracter\u00edsticas:\n<ul>\n<li>Perfumado<\/li>\n<li>V\u00e1lvula de v\u00e1cuo<\/li>\n<\/ul>\n<\/li>\n<li>Informa\u00e7\u00e3o importante:\n<ul>\n<li>A imagem pode n\u00e3o mostrar todos os modelos sortidos dispon\u00edveis<\/li>\n<li>Designs sortidos enviados aleatoriamente conforme o stock<\/li>\n<\/ul>\n<\/li>\n<li>Unidades: 1 Unidade<\/li>\n<li>Tipo: Bolsa de Armazenamento<\/li>\n<li>Cor:\n<ul>\n<li>Cor de Rosa<\/li>\n<li>Multicolor<\/li>\n<\/ul>\n<\/li>\n<li>Material: Polipropileno<\/li>\n<li>Medidas aprox.: 70 x 120 cm<\/li>\n<\/ul>\n<p><img decoding=\"async\" class=\"aligncenter\" src=\"https:\/\/curiosidadesedicas.com\/loja\/wp-content\/uploads\/2024\/05\/1.jpg\" \/><\/p>","protected":false},"featured_media":33822,"comment_status":"open","ping_status":"closed","template":"","meta":{"_glsr_average":0,"_glsr_ranking":0,"_glsr_reviews":0},"product_brand":[],"product_cat":[350,408,365,421],"product_tag":[],"class_list":{"0":"post-33819","1":"product","2":"type-product","3":"status-publish","4":"has-post-thumbnail","6":"product_cat-gadgets","7":"product_cat-p-viagens","8":"product_cat-para-o-lar","9":"product_cat-arrumacao","11":"first","12":"instock","13":"taxable","14":"shipping-taxable","15":"purchasable","16":"product-type-simple"},"yoast_head":"<!-- This site is optimized with the Yoast SEO plugin v26.8 - https:\/\/yoast.com\/product\/yoast-seo-wordpress\/ -->\n<title>SACO DE V\u00c1CUO PERFUMADO (70 X 120 CM) - Curiosidades &amp; Dicas, Lda<\/title>\n<meta name=\"robots\" content=\"index, follow, max-snippet:-1, max-image-preview:large, max-video-preview:-1\" \/>\n<link rel=\"canonical\" href=\"https:\/\/curiosidadesedicas.com\/loja\/en\/product\/saco-de-vacuo-perfumado-70-x-120-cm\/\" \/>\n<meta property=\"og:locale\" content=\"en_US\" \/>\n<meta property=\"og:type\" content=\"article\" \/>\n<meta property=\"og:title\" content=\"SACO DE V\u00c1CUO PERFUMADO (70 X 120 CM) - Curiosidades &amp; Dicas, Lda\" \/>\n<meta property=\"og:description\" content=\"Caracter\u00edsticas:   Perfumado  V\u00e1lvula de v\u00e1cuo    Informa\u00e7\u00e3o importante:   A imagem pode n\u00e3o mostrar todos os modelos sortidos dispon\u00edveis  Designs sortidos enviados aleatoriamente conforme o stock    Unidades: 1 Unidade  Tipo: Bolsa de Armazenamento  Cor:   Cor de Rosa  Multicolor    Material: Polipropileno  Medidas aprox.: 70 x 120 cm\" \/>\n<meta property=\"og:url\" content=\"https:\/\/curiosidadesedicas.com\/loja\/en\/product\/saco-de-vacuo-perfumado-70-x-120-cm\/\" \/>\n<meta property=\"og:site_name\" content=\"Curiosidades &amp; Dicas, Lda\" \/>\n<meta property=\"article:modified_time\" content=\"2024-05-07T14:02:59+00:00\" \/>\n<meta property=\"og:image\" content=\"https:\/\/curiosidadesedicas.com\/loja\/wp-content\/uploads\/2024\/05\/bolsa-de-armazenamento-5five-perfumado-valvula-de-vacuo-cor-de-rosa-polipropileno-70-x-120-cm_480101-3.jpg\" \/>\n\t<meta property=\"og:image:width\" content=\"600\" \/>\n\t<meta property=\"og:image:height\" content=\"600\" \/>\n\t<meta property=\"og:image:type\" content=\"image\/jpeg\" \/>\n<meta name=\"twitter:card\" content=\"summary_large_image\" \/>\n<meta name=\"twitter:label1\" content=\"Est. reading time\" \/>\n\t<meta name=\"twitter:data1\" content=\"1 minute\" \/>\n<script type=\"application\/ld+json\" class=\"yoast-schema-graph\">{\"@context\":\"https:\/\/schema.org\",\"@graph\":[{\"@type\":\"WebPage\",\"@id\":\"https:\/\/curiosidadesedicas.com\/loja\/produto\/saco-de-vacuo-perfumado-70-x-120-cm\/\",\"url\":\"https:\/\/curiosidadesedicas.com\/loja\/produto\/saco-de-vacuo-perfumado-70-x-120-cm\/\",\"name\":\"SACO DE V\u00c1CUO PERFUMADO (70 X 120 CM) - Curiosidades &amp; Dicas, Lda\",\"isPartOf\":{\"@id\":\"https:\/\/curiosidadesedicas.com\/loja\/#website\"},\"primaryImageOfPage\":{\"@id\":\"https:\/\/curiosidadesedicas.com\/loja\/produto\/saco-de-vacuo-perfumado-70-x-120-cm\/#primaryimage\"},\"image\":{\"@id\":\"https:\/\/curiosidadesedicas.com\/loja\/produto\/saco-de-vacuo-perfumado-70-x-120-cm\/#primaryimage\"},\"thumbnailUrl\":\"https:\/\/curiosidadesedicas.com\/loja\/wp-content\/uploads\/2024\/05\/bolsa-de-armazenamento-5five-perfumado-valvula-de-vacuo-cor-de-rosa-polipropileno-70-x-120-cm_480101-3.jpg\",\"datePublished\":\"2024-05-07T08:29:06+00:00\",\"dateModified\":\"2024-05-07T14:02:59+00:00\",\"breadcrumb\":{\"@id\":\"https:\/\/curiosidadesedicas.com\/loja\/produto\/saco-de-vacuo-perfumado-70-x-120-cm\/#breadcrumb\"},\"inLanguage\":\"en-US\",\"potentialAction\":[{\"@type\":\"ReadAction\",\"target\":[\"https:\/\/curiosidadesedicas.com\/loja\/produto\/saco-de-vacuo-perfumado-70-x-120-cm\/\"]}]},{\"@type\":\"ImageObject\",\"inLanguage\":\"en-US\",\"@id\":\"https:\/\/curiosidadesedicas.com\/loja\/produto\/saco-de-vacuo-perfumado-70-x-120-cm\/#primaryimage\",\"url\":\"https:\/\/curiosidadesedicas.com\/loja\/wp-content\/uploads\/2024\/05\/bolsa-de-armazenamento-5five-perfumado-valvula-de-vacuo-cor-de-rosa-polipropileno-70-x-120-cm_480101-3.jpg\",\"contentUrl\":\"https:\/\/curiosidadesedicas.com\/loja\/wp-content\/uploads\/2024\/05\/bolsa-de-armazenamento-5five-perfumado-valvula-de-vacuo-cor-de-rosa-polipropileno-70-x-120-cm_480101-3.jpg\",\"width\":600,\"height\":600},{\"@type\":\"BreadcrumbList\",\"@id\":\"https:\/\/curiosidadesedicas.com\/loja\/produto\/saco-de-vacuo-perfumado-70-x-120-cm\/#breadcrumb\",\"itemListElement\":[{\"@type\":\"ListItem\",\"position\":1,\"name\":\"In\u00edcio\",\"item\":\"https:\/\/curiosidadesedicas.com\/loja\/\"},{\"@type\":\"ListItem\",\"position\":2,\"name\":\"Produtos\",\"item\":\"https:\/\/curiosidadesedicas.com\/loja\/produtos\/\"},{\"@type\":\"ListItem\",\"position\":3,\"name\":\"SACO DE V\u00c1CUO PERFUMADO (70 X 120 CM)\"}]},{\"@type\":\"WebSite\",\"@id\":\"https:\/\/curiosidadesedicas.com\/loja\/#website\",\"url\":\"https:\/\/curiosidadesedicas.com\/loja\/\",\"name\":\"Curiosidades &amp; Dicas, Lda\",\"description\":\"Apaixonados Por Inova\u00e7\u00e3o\",\"publisher\":{\"@id\":\"https:\/\/curiosidadesedicas.com\/loja\/#organization\"},\"potentialAction\":[{\"@type\":\"SearchAction\",\"target\":{\"@type\":\"EntryPoint\",\"urlTemplate\":\"https:\/\/curiosidadesedicas.com\/loja\/?s={search_term_string}\"},\"query-input\":{\"@type\":\"PropertyValueSpecification\",\"valueRequired\":true,\"valueName\":\"search_term_string\"}}],\"inLanguage\":\"en-US\"},{\"@type\":\"Organization\",\"@id\":\"https:\/\/curiosidadesedicas.com\/loja\/#organization\",\"name\":\"Curiosidades & Dicas\",\"url\":\"https:\/\/curiosidadesedicas.com\/loja\/\",\"logo\":{\"@type\":\"ImageObject\",\"inLanguage\":\"en-US\",\"@id\":\"https:\/\/curiosidadesedicas.com\/loja\/#\/schema\/logo\/image\/\",\"url\":\"https:\/\/curiosidadesedicas.com\/loja\/wp-content\/uploads\/2020\/05\/LogoCuriosidadesSimples.png\",\"contentUrl\":\"https:\/\/curiosidadesedicas.com\/loja\/wp-content\/uploads\/2020\/05\/LogoCuriosidadesSimples.png\",\"width\":3528,\"height\":804,\"caption\":\"Curiosidades & Dicas\"},\"image\":{\"@id\":\"https:\/\/curiosidadesedicas.com\/loja\/#\/schema\/logo\/image\/\"}}]}<\/script>\n<!-- \/ Yoast SEO plugin. -->","yoast_head_json":{"title":"SACO DE V\u00c1CUO PERFUMADO (70 X 120 CM) - Curiosidades &amp; Dicas, Lda","robots":{"index":"index","follow":"follow","max-snippet":"max-snippet:-1","max-image-preview":"max-image-preview:large","max-video-preview":"max-video-preview:-1"},"canonical":"https:\/\/curiosidadesedicas.com\/loja\/en\/product\/saco-de-vacuo-perfumado-70-x-120-cm\/","og_locale":"en_US","og_type":"article","og_title":"SACO DE V\u00c1CUO PERFUMADO (70 X 120 CM) - Curiosidades &amp; Dicas, Lda","og_description":"Caracter\u00edsticas:   Perfumado  V\u00e1lvula de v\u00e1cuo    Informa\u00e7\u00e3o importante:   A imagem pode n\u00e3o mostrar todos os modelos sortidos dispon\u00edveis  Designs sortidos enviados aleatoriamente conforme o stock    Unidades: 1 Unidade  Tipo: Bolsa de Armazenamento  Cor:   Cor de Rosa  Multicolor    Material: Polipropileno  Medidas aprox.: 70 x 120 cm","og_url":"https:\/\/curiosidadesedicas.com\/loja\/en\/product\/saco-de-vacuo-perfumado-70-x-120-cm\/","og_site_name":"Curiosidades &amp; Dicas, Lda","article_modified_time":"2024-05-07T14:02:59+00:00","og_image":[{"width":600,"height":600,"url":"https:\/\/curiosidadesedicas.com\/loja\/wp-content\/uploads\/2024\/05\/bolsa-de-armazenamento-5five-perfumado-valvula-de-vacuo-cor-de-rosa-polipropileno-70-x-120-cm_480101-3.jpg","type":"image\/jpeg"}],"twitter_card":"summary_large_image","twitter_misc":{"Est. reading time":"1 minute"},"schema":{"@context":"https:\/\/schema.org","@graph":[{"@type":"WebPage","@id":"https:\/\/curiosidadesedicas.com\/loja\/produto\/saco-de-vacuo-perfumado-70-x-120-cm\/","url":"https:\/\/curiosidadesedicas.com\/loja\/produto\/saco-de-vacuo-perfumado-70-x-120-cm\/","name":"SACO DE V\u00c1CUO PERFUMADO (70 X 120 CM) - Curiosidades &amp; Dicas, Lda","isPartOf":{"@id":"https:\/\/curiosidadesedicas.com\/loja\/#website"},"primaryImageOfPage":{"@id":"https:\/\/curiosidadesedicas.com\/loja\/produto\/saco-de-vacuo-perfumado-70-x-120-cm\/#primaryimage"},"image":{"@id":"https:\/\/curiosidadesedicas.com\/loja\/produto\/saco-de-vacuo-perfumado-70-x-120-cm\/#primaryimage"},"thumbnailUrl":"https:\/\/curiosidadesedicas.com\/loja\/wp-content\/uploads\/2024\/05\/bolsa-de-armazenamento-5five-perfumado-valvula-de-vacuo-cor-de-rosa-polipropileno-70-x-120-cm_480101-3.jpg","datePublished":"2024-05-07T08:29:06+00:00","dateModified":"2024-05-07T14:02:59+00:00","breadcrumb":{"@id":"https:\/\/curiosidadesedicas.com\/loja\/produto\/saco-de-vacuo-perfumado-70-x-120-cm\/#breadcrumb"},"inLanguage":"en-US","potentialAction":[{"@type":"ReadAction","target":["https:\/\/curiosidadesedicas.com\/loja\/produto\/saco-de-vacuo-perfumado-70-x-120-cm\/"]}]},{"@type":"ImageObject","inLanguage":"en-US","@id":"https:\/\/curiosidadesedicas.com\/loja\/produto\/saco-de-vacuo-perfumado-70-x-120-cm\/#primaryimage","url":"https:\/\/curiosidadesedicas.com\/loja\/wp-content\/uploads\/2024\/05\/bolsa-de-armazenamento-5five-perfumado-valvula-de-vacuo-cor-de-rosa-polipropileno-70-x-120-cm_480101-3.jpg","contentUrl":"https:\/\/curiosidadesedicas.com\/loja\/wp-content\/uploads\/2024\/05\/bolsa-de-armazenamento-5five-perfumado-valvula-de-vacuo-cor-de-rosa-polipropileno-70-x-120-cm_480101-3.jpg","width":600,"height":600},{"@type":"BreadcrumbList","@id":"https:\/\/curiosidadesedicas.com\/loja\/produto\/saco-de-vacuo-perfumado-70-x-120-cm\/#breadcrumb","itemListElement":[{"@type":"ListItem","position":1,"name":"In\u00edcio","item":"https:\/\/curiosidadesedicas.com\/loja\/"},{"@type":"ListItem","position":2,"name":"Produtos","item":"https:\/\/curiosidadesedicas.com\/loja\/produtos\/"},{"@type":"ListItem","position":3,"name":"SACO DE V\u00c1CUO PERFUMADO (70 X 120 CM)"}]},{"@type":"WebSite","@id":"https:\/\/curiosidadesedicas.com\/loja\/#website","url":"https:\/\/curiosidadesedicas.com\/loja\/","name":"Curiosidades &amp; Dicas, Lda","description":"Apaixonados Por Inova\u00e7\u00e3o","publisher":{"@id":"https:\/\/curiosidadesedicas.com\/loja\/#organization"},"potentialAction":[{"@type":"SearchAction","target":{"@type":"EntryPoint","urlTemplate":"https:\/\/curiosidadesedicas.com\/loja\/?s={search_term_string}"},"query-input":{"@type":"PropertyValueSpecification","valueRequired":true,"valueName":"search_term_string"}}],"inLanguage":"en-US"},{"@type":"Organization","@id":"https:\/\/curiosidadesedicas.com\/loja\/#organization","name":"Curiosidades & Dicas","url":"https:\/\/curiosidadesedicas.com\/loja\/","logo":{"@type":"ImageObject","inLanguage":"en-US","@id":"https:\/\/curiosidadesedicas.com\/loja\/#\/schema\/logo\/image\/","url":"https:\/\/curiosidadesedicas.com\/loja\/wp-content\/uploads\/2020\/05\/LogoCuriosidadesSimples.png","contentUrl":"https:\/\/curiosidadesedicas.com\/loja\/wp-content\/uploads\/2020\/05\/LogoCuriosidadesSimples.png","width":3528,"height":804,"caption":"Curiosidades & Dicas"},"image":{"@id":"https:\/\/curiosidadesedicas.com\/loja\/#\/schema\/logo\/image\/"}}]}},"_links":{"self":[{"href":"https:\/\/curiosidadesedicas.com\/loja\/en\/wp-json\/wp\/v2\/product\/33819","targetHints":{"allow":["GET"]}}],"collection":[{"href":"https:\/\/curiosidadesedicas.com\/loja\/en\/wp-json\/wp\/v2\/product"}],"about":[{"href":"https:\/\/curiosidadesedicas.com\/loja\/en\/wp-json\/wp\/v2\/types\/product"}],"replies":[{"embeddable":true,"href":"https:\/\/curiosidadesedicas.com\/loja\/en\/wp-json\/wp\/v2\/comments?post=33819"}],"wp:featuredmedia":[{"embeddable":true,"href":"https:\/\/curiosidadesedicas.com\/loja\/en\/wp-json\/wp\/v2\/media\/33822"}],"wp:attachment":[{"href":"https:\/\/curiosidadesedicas.com\/loja\/en\/wp-json\/wp\/v2\/media?parent=33819"}],"wp:term":[{"taxonomy":"product_brand","embeddable":true,"href":"https:\/\/curiosidadesedicas.com\/loja\/en\/wp-json\/wp\/v2\/product_brand?post=33819"},{"taxonomy":"product_cat","embeddable":true,"href":"https:\/\/curiosidadesedicas.com\/loja\/en\/wp-json\/wp\/v2\/product_cat?post=33819"},{"taxonomy":"product_tag","embeddable":true,"href":"https:\/\/curiosidadesedicas.com\/loja\/en\/wp-json\/wp\/v2\/product_tag?post=33819"}],"curies":[{"name":"wp","href":"https:\/\/api.w.org\/{rel}","templated":true}]}}