{"id":33791,"date":"2024-04-30T15:48:06","date_gmt":"2024-04-30T15:48:06","guid":{"rendered":"https:\/\/curiosidadesedicas.com\/loja\/?post_type=product&#038;p=33791"},"modified":"2024-05-02T08:43:27","modified_gmt":"2024-05-02T08:43:27","slug":"tomada-inteligente-wi-fi-com-controlo-de-energia-e-conexao-wi-fi-929002427101-philips-wiz","status":"publish","type":"product","link":"https:\/\/curiosidadesedicas.com\/loja\/en\/product\/tomada-inteligente-wi-fi-com-controlo-de-energia-e-conexao-wi-fi-929002427101-philips-wiz\/","title":{"rendered":"TOMADA INTELIGENTE WI-FI COM CONTROLO DE ENERGIA E CONEX\u00c3O WI-FI 929002427101 PHILIPS WIZ"},"content":{"rendered":"<ul>\n<li class=\"key\">Peso: 0,143 kg<\/li>\n<li class=\"key\">\u00cdndice de prote\u00e7\u00e3o (ip): Ip20<\/li>\n<li class=\"key\">Tens\u00e3o: 230 v<\/li>\n<li class=\"key\">Marca: Wiz philips<\/li>\n<li class=\"key\">Tipo: Tomada inteligente<\/li>\n<li class=\"key\">Caracter\u00edsticas: Com controlo de energia conectada<\/li>\n<\/ul>","protected":false},"excerpt":{"rendered":"<ul>\n<li>Tomada inteligente wi-fi com controlo de energia e conex\u00e3o wi-fi 929002427101 philips wiz. Ficha inteligente wi-fi com controle de energia conectada 929002427101 philips wiz.<\/li>\n<\/ul>","protected":false},"featured_media":33792,"comment_status":"open","ping_status":"closed","template":"","meta":{"_glsr_average":0,"_glsr_ranking":0,"_glsr_reviews":0},"product_brand":[],"product_cat":[390],"product_tag":[],"class_list":{"0":"post-33791","1":"product","2":"type-product","3":"status-publish","4":"has-post-thumbnail","6":"product_cat-poupanca-de-energia","8":"first","9":"instock","10":"taxable","11":"shipping-taxable","12":"purchasable","13":"product-type-simple"},"yoast_head":"<!-- This site is optimized with the Yoast SEO plugin v26.8 - https:\/\/yoast.com\/product\/yoast-seo-wordpress\/ -->\n<title>TOMADA INTELIGENTE WI-FI COM CONTROLO DE ENERGIA E CONEX\u00c3O WI-FI 929002427101 PHILIPS WIZ - Curiosidades &amp; Dicas, Lda<\/title>\n<meta name=\"robots\" content=\"index, follow, max-snippet:-1, max-image-preview:large, max-video-preview:-1\" \/>\n<link rel=\"canonical\" href=\"https:\/\/curiosidadesedicas.com\/loja\/en\/product\/tomada-inteligente-wi-fi-com-controlo-de-energia-e-conexao-wi-fi-929002427101-philips-wiz\/\" \/>\n<meta property=\"og:locale\" content=\"en_US\" \/>\n<meta property=\"og:type\" content=\"article\" \/>\n<meta property=\"og:title\" content=\"TOMADA INTELIGENTE WI-FI COM CONTROLO DE ENERGIA E CONEX\u00c3O WI-FI 929002427101 PHILIPS WIZ - Curiosidades &amp; Dicas, Lda\" \/>\n<meta property=\"og:description\" content=\"Tomada inteligente wi-fi com controlo de energia e conex\u00e3o wi-fi 929002427101 philips wiz. Ficha inteligente wi-fi com controle de energia conectada 929002427101 philips wiz.\" \/>\n<meta property=\"og:url\" content=\"https:\/\/curiosidadesedicas.com\/loja\/en\/product\/tomada-inteligente-wi-fi-com-controlo-de-energia-e-conexao-wi-fi-929002427101-philips-wiz\/\" \/>\n<meta property=\"og:site_name\" content=\"Curiosidades &amp; Dicas, Lda\" \/>\n<meta property=\"article:modified_time\" content=\"2024-05-02T08:43:27+00:00\" \/>\n<meta property=\"og:image\" content=\"https:\/\/curiosidadesedicas.com\/loja\/wp-content\/uploads\/2024\/04\/93215.jpg\" \/>\n\t<meta property=\"og:image:width\" content=\"1000\" \/>\n\t<meta property=\"og:image:height\" content=\"1000\" \/>\n\t<meta property=\"og:image:type\" content=\"image\/jpeg\" \/>\n<meta name=\"twitter:card\" content=\"summary_large_image\" \/>\n<meta name=\"twitter:label1\" content=\"Est. reading time\" \/>\n\t<meta name=\"twitter:data1\" content=\"1 minute\" \/>\n<script type=\"application\/ld+json\" class=\"yoast-schema-graph\">{\"@context\":\"https:\/\/schema.org\",\"@graph\":[{\"@type\":\"WebPage\",\"@id\":\"https:\/\/curiosidadesedicas.com\/loja\/produto\/tomada-inteligente-wi-fi-com-controlo-de-energia-e-conexao-wi-fi-929002427101-philips-wiz\/\",\"url\":\"https:\/\/curiosidadesedicas.com\/loja\/produto\/tomada-inteligente-wi-fi-com-controlo-de-energia-e-conexao-wi-fi-929002427101-philips-wiz\/\",\"name\":\"TOMADA INTELIGENTE WI-FI COM CONTROLO DE ENERGIA E CONEX\u00c3O WI-FI 929002427101 PHILIPS WIZ - Curiosidades &amp; Dicas, Lda\",\"isPartOf\":{\"@id\":\"https:\/\/curiosidadesedicas.com\/loja\/#website\"},\"primaryImageOfPage\":{\"@id\":\"https:\/\/curiosidadesedicas.com\/loja\/produto\/tomada-inteligente-wi-fi-com-controlo-de-energia-e-conexao-wi-fi-929002427101-philips-wiz\/#primaryimage\"},\"image\":{\"@id\":\"https:\/\/curiosidadesedicas.com\/loja\/produto\/tomada-inteligente-wi-fi-com-controlo-de-energia-e-conexao-wi-fi-929002427101-philips-wiz\/#primaryimage\"},\"thumbnailUrl\":\"https:\/\/curiosidadesedicas.com\/loja\/wp-content\/uploads\/2024\/04\/93215.jpg\",\"datePublished\":\"2024-04-30T15:48:06+00:00\",\"dateModified\":\"2024-05-02T08:43:27+00:00\",\"breadcrumb\":{\"@id\":\"https:\/\/curiosidadesedicas.com\/loja\/produto\/tomada-inteligente-wi-fi-com-controlo-de-energia-e-conexao-wi-fi-929002427101-philips-wiz\/#breadcrumb\"},\"inLanguage\":\"en-US\",\"potentialAction\":[{\"@type\":\"ReadAction\",\"target\":[\"https:\/\/curiosidadesedicas.com\/loja\/produto\/tomada-inteligente-wi-fi-com-controlo-de-energia-e-conexao-wi-fi-929002427101-philips-wiz\/\"]}]},{\"@type\":\"ImageObject\",\"inLanguage\":\"en-US\",\"@id\":\"https:\/\/curiosidadesedicas.com\/loja\/produto\/tomada-inteligente-wi-fi-com-controlo-de-energia-e-conexao-wi-fi-929002427101-philips-wiz\/#primaryimage\",\"url\":\"https:\/\/curiosidadesedicas.com\/loja\/wp-content\/uploads\/2024\/04\/93215.jpg\",\"contentUrl\":\"https:\/\/curiosidadesedicas.com\/loja\/wp-content\/uploads\/2024\/04\/93215.jpg\",\"width\":1000,\"height\":1000},{\"@type\":\"BreadcrumbList\",\"@id\":\"https:\/\/curiosidadesedicas.com\/loja\/produto\/tomada-inteligente-wi-fi-com-controlo-de-energia-e-conexao-wi-fi-929002427101-philips-wiz\/#breadcrumb\",\"itemListElement\":[{\"@type\":\"ListItem\",\"position\":1,\"name\":\"In\u00edcio\",\"item\":\"https:\/\/curiosidadesedicas.com\/loja\/\"},{\"@type\":\"ListItem\",\"position\":2,\"name\":\"Produtos\",\"item\":\"https:\/\/curiosidadesedicas.com\/loja\/produtos\/\"},{\"@type\":\"ListItem\",\"position\":3,\"name\":\"TOMADA INTELIGENTE WI-FI COM CONTROLO DE ENERGIA E CONEX\u00c3O WI-FI 929002427101 PHILIPS WIZ\"}]},{\"@type\":\"WebSite\",\"@id\":\"https:\/\/curiosidadesedicas.com\/loja\/#website\",\"url\":\"https:\/\/curiosidadesedicas.com\/loja\/\",\"name\":\"Curiosidades &amp; Dicas, Lda\",\"description\":\"Apaixonados Por Inova\u00e7\u00e3o\",\"publisher\":{\"@id\":\"https:\/\/curiosidadesedicas.com\/loja\/#organization\"},\"potentialAction\":[{\"@type\":\"SearchAction\",\"target\":{\"@type\":\"EntryPoint\",\"urlTemplate\":\"https:\/\/curiosidadesedicas.com\/loja\/?s={search_term_string}\"},\"query-input\":{\"@type\":\"PropertyValueSpecification\",\"valueRequired\":true,\"valueName\":\"search_term_string\"}}],\"inLanguage\":\"en-US\"},{\"@type\":\"Organization\",\"@id\":\"https:\/\/curiosidadesedicas.com\/loja\/#organization\",\"name\":\"Curiosidades & Dicas\",\"url\":\"https:\/\/curiosidadesedicas.com\/loja\/\",\"logo\":{\"@type\":\"ImageObject\",\"inLanguage\":\"en-US\",\"@id\":\"https:\/\/curiosidadesedicas.com\/loja\/#\/schema\/logo\/image\/\",\"url\":\"https:\/\/curiosidadesedicas.com\/loja\/wp-content\/uploads\/2020\/05\/LogoCuriosidadesSimples.png\",\"contentUrl\":\"https:\/\/curiosidadesedicas.com\/loja\/wp-content\/uploads\/2020\/05\/LogoCuriosidadesSimples.png\",\"width\":3528,\"height\":804,\"caption\":\"Curiosidades & Dicas\"},\"image\":{\"@id\":\"https:\/\/curiosidadesedicas.com\/loja\/#\/schema\/logo\/image\/\"}}]}<\/script>\n<!-- \/ Yoast SEO plugin. -->","yoast_head_json":{"title":"TOMADA INTELIGENTE WI-FI COM CONTROLO DE ENERGIA E CONEX\u00c3O WI-FI 929002427101 PHILIPS WIZ - Curiosidades &amp; Dicas, Lda","robots":{"index":"index","follow":"follow","max-snippet":"max-snippet:-1","max-image-preview":"max-image-preview:large","max-video-preview":"max-video-preview:-1"},"canonical":"https:\/\/curiosidadesedicas.com\/loja\/en\/product\/tomada-inteligente-wi-fi-com-controlo-de-energia-e-conexao-wi-fi-929002427101-philips-wiz\/","og_locale":"en_US","og_type":"article","og_title":"TOMADA INTELIGENTE WI-FI COM CONTROLO DE ENERGIA E CONEX\u00c3O WI-FI 929002427101 PHILIPS WIZ - Curiosidades &amp; Dicas, Lda","og_description":"Tomada inteligente wi-fi com controlo de energia e conex\u00e3o wi-fi 929002427101 philips wiz. Ficha inteligente wi-fi com controle de energia conectada 929002427101 philips wiz.","og_url":"https:\/\/curiosidadesedicas.com\/loja\/en\/product\/tomada-inteligente-wi-fi-com-controlo-de-energia-e-conexao-wi-fi-929002427101-philips-wiz\/","og_site_name":"Curiosidades &amp; Dicas, Lda","article_modified_time":"2024-05-02T08:43:27+00:00","og_image":[{"width":1000,"height":1000,"url":"https:\/\/curiosidadesedicas.com\/loja\/wp-content\/uploads\/2024\/04\/93215.jpg","type":"image\/jpeg"}],"twitter_card":"summary_large_image","twitter_misc":{"Est. reading time":"1 minute"},"schema":{"@context":"https:\/\/schema.org","@graph":[{"@type":"WebPage","@id":"https:\/\/curiosidadesedicas.com\/loja\/produto\/tomada-inteligente-wi-fi-com-controlo-de-energia-e-conexao-wi-fi-929002427101-philips-wiz\/","url":"https:\/\/curiosidadesedicas.com\/loja\/produto\/tomada-inteligente-wi-fi-com-controlo-de-energia-e-conexao-wi-fi-929002427101-philips-wiz\/","name":"TOMADA INTELIGENTE WI-FI COM CONTROLO DE ENERGIA E CONEX\u00c3O WI-FI 929002427101 PHILIPS WIZ - Curiosidades &amp; Dicas, Lda","isPartOf":{"@id":"https:\/\/curiosidadesedicas.com\/loja\/#website"},"primaryImageOfPage":{"@id":"https:\/\/curiosidadesedicas.com\/loja\/produto\/tomada-inteligente-wi-fi-com-controlo-de-energia-e-conexao-wi-fi-929002427101-philips-wiz\/#primaryimage"},"image":{"@id":"https:\/\/curiosidadesedicas.com\/loja\/produto\/tomada-inteligente-wi-fi-com-controlo-de-energia-e-conexao-wi-fi-929002427101-philips-wiz\/#primaryimage"},"thumbnailUrl":"https:\/\/curiosidadesedicas.com\/loja\/wp-content\/uploads\/2024\/04\/93215.jpg","datePublished":"2024-04-30T15:48:06+00:00","dateModified":"2024-05-02T08:43:27+00:00","breadcrumb":{"@id":"https:\/\/curiosidadesedicas.com\/loja\/produto\/tomada-inteligente-wi-fi-com-controlo-de-energia-e-conexao-wi-fi-929002427101-philips-wiz\/#breadcrumb"},"inLanguage":"en-US","potentialAction":[{"@type":"ReadAction","target":["https:\/\/curiosidadesedicas.com\/loja\/produto\/tomada-inteligente-wi-fi-com-controlo-de-energia-e-conexao-wi-fi-929002427101-philips-wiz\/"]}]},{"@type":"ImageObject","inLanguage":"en-US","@id":"https:\/\/curiosidadesedicas.com\/loja\/produto\/tomada-inteligente-wi-fi-com-controlo-de-energia-e-conexao-wi-fi-929002427101-philips-wiz\/#primaryimage","url":"https:\/\/curiosidadesedicas.com\/loja\/wp-content\/uploads\/2024\/04\/93215.jpg","contentUrl":"https:\/\/curiosidadesedicas.com\/loja\/wp-content\/uploads\/2024\/04\/93215.jpg","width":1000,"height":1000},{"@type":"BreadcrumbList","@id":"https:\/\/curiosidadesedicas.com\/loja\/produto\/tomada-inteligente-wi-fi-com-controlo-de-energia-e-conexao-wi-fi-929002427101-philips-wiz\/#breadcrumb","itemListElement":[{"@type":"ListItem","position":1,"name":"In\u00edcio","item":"https:\/\/curiosidadesedicas.com\/loja\/"},{"@type":"ListItem","position":2,"name":"Produtos","item":"https:\/\/curiosidadesedicas.com\/loja\/produtos\/"},{"@type":"ListItem","position":3,"name":"TOMADA INTELIGENTE WI-FI COM CONTROLO DE ENERGIA E CONEX\u00c3O WI-FI 929002427101 PHILIPS WIZ"}]},{"@type":"WebSite","@id":"https:\/\/curiosidadesedicas.com\/loja\/#website","url":"https:\/\/curiosidadesedicas.com\/loja\/","name":"Curiosidades &amp; Dicas, Lda","description":"Apaixonados Por Inova\u00e7\u00e3o","publisher":{"@id":"https:\/\/curiosidadesedicas.com\/loja\/#organization"},"potentialAction":[{"@type":"SearchAction","target":{"@type":"EntryPoint","urlTemplate":"https:\/\/curiosidadesedicas.com\/loja\/?s={search_term_string}"},"query-input":{"@type":"PropertyValueSpecification","valueRequired":true,"valueName":"search_term_string"}}],"inLanguage":"en-US"},{"@type":"Organization","@id":"https:\/\/curiosidadesedicas.com\/loja\/#organization","name":"Curiosidades & Dicas","url":"https:\/\/curiosidadesedicas.com\/loja\/","logo":{"@type":"ImageObject","inLanguage":"en-US","@id":"https:\/\/curiosidadesedicas.com\/loja\/#\/schema\/logo\/image\/","url":"https:\/\/curiosidadesedicas.com\/loja\/wp-content\/uploads\/2020\/05\/LogoCuriosidadesSimples.png","contentUrl":"https:\/\/curiosidadesedicas.com\/loja\/wp-content\/uploads\/2020\/05\/LogoCuriosidadesSimples.png","width":3528,"height":804,"caption":"Curiosidades & Dicas"},"image":{"@id":"https:\/\/curiosidadesedicas.com\/loja\/#\/schema\/logo\/image\/"}}]}},"_links":{"self":[{"href":"https:\/\/curiosidadesedicas.com\/loja\/en\/wp-json\/wp\/v2\/product\/33791","targetHints":{"allow":["GET"]}}],"collection":[{"href":"https:\/\/curiosidadesedicas.com\/loja\/en\/wp-json\/wp\/v2\/product"}],"about":[{"href":"https:\/\/curiosidadesedicas.com\/loja\/en\/wp-json\/wp\/v2\/types\/product"}],"replies":[{"embeddable":true,"href":"https:\/\/curiosidadesedicas.com\/loja\/en\/wp-json\/wp\/v2\/comments?post=33791"}],"wp:featuredmedia":[{"embeddable":true,"href":"https:\/\/curiosidadesedicas.com\/loja\/en\/wp-json\/wp\/v2\/media\/33792"}],"wp:attachment":[{"href":"https:\/\/curiosidadesedicas.com\/loja\/en\/wp-json\/wp\/v2\/media?parent=33791"}],"wp:term":[{"taxonomy":"product_brand","embeddable":true,"href":"https:\/\/curiosidadesedicas.com\/loja\/en\/wp-json\/wp\/v2\/product_brand?post=33791"},{"taxonomy":"product_cat","embeddable":true,"href":"https:\/\/curiosidadesedicas.com\/loja\/en\/wp-json\/wp\/v2\/product_cat?post=33791"},{"taxonomy":"product_tag","embeddable":true,"href":"https:\/\/curiosidadesedicas.com\/loja\/en\/wp-json\/wp\/v2\/product_tag?post=33791"}],"curies":[{"name":"wp","href":"https:\/\/api.w.org\/{rel}","templated":true}]}}