{"id":33786,"date":"2024-04-30T14:30:49","date_gmt":"2024-04-30T14:30:49","guid":{"rendered":"https:\/\/curiosidadesedicas.com\/loja\/?post_type=product&#038;p=33786"},"modified":"2024-04-30T14:36:30","modified_gmt":"2024-04-30T14:36:30","slug":"tomada-inteligente-tp-link-mini-smart-tapo-p100-2900w-wifi-branco-2-uds","status":"publish","type":"product","link":"https:\/\/curiosidadesedicas.com\/loja\/en\/product\/tomada-inteligente-tp-link-mini-smart-tapo-p100-2900w-wifi-branco-2-uds\/","title":{"rendered":"TOMADA INTELIGENTE TP-LINK MINI SMART TAPO P100 2900W WIFI BRANCO (2 UDS)"},"content":{"rendered":"<ul>\n<li>Tipo: Sem Fios<\/li>\n<li>Profundidade da Unidade: 40 mm<\/li>\n<li>Caracter\u00edsticas:\n<ul>\n<li>Interruptor para ligar\/desligar<\/li>\n<li>Conectividade com aplica\u00e7\u00e3o m\u00f3vel<\/li>\n<li>Indicador LED<\/li>\n<li>Sem fios<\/li>\n<li>Sem Fios<\/li>\n<\/ul>\n<\/li>\n<li>Material:\n<ul>\n<li>Policarbonato<\/li>\n<li>Policarbonato (PC)<\/li>\n<\/ul>\n<\/li>\n<li>Largura do produto: 51 mm<\/li>\n<li>Compat\u00edvel:\n<ul>\n<li>iOS, Android<\/li>\n<li>Amazon Alexa<\/li>\n<li>Google Home<\/li>\n<\/ul>\n<\/li>\n<li>Conetividade:\n<ul>\n<li>Bluetooth 4.2<\/li>\n<li>Wi-Fi<\/li>\n<li>Sem Fios<\/li>\n<\/ul>\n<\/li>\n<li>Voltagem:\n<ul>\n<li>220-240 V<\/li>\n<li>220 V<\/li>\n<\/ul>\n<\/li>\n<li>Certificado: CE &amp; RoHS<\/li>\n<li>Medidas aprox.: 5,1 x 7,2 x 4 cm<\/li>\n<li>Cor: Branco<\/li>\n<li>Unidades: 2 Unidades<\/li>\n<li>Produto Plug-in: Sim<\/li>\n<li>Tipo de tomada: Tomada EU<\/li>\n<li>Frequ\u00eancia de entrada AC: 50-60 Hz<\/li>\n<li>Pot\u00eancia: 2990 W<\/li>\n<li>N\u00e3o Inclui: Bateria<\/li>\n<li>Faixa de trabalho de humidade: 10 % &#8211; 90 %<\/li>\n<li>Amperagem:\n<ul>\n<li>13 A<\/li>\n<li>10 A<\/li>\n<\/ul>\n<\/li>\n<li>Fonte de Alimenta\u00e7\u00e3o: AC<\/li>\n<\/ul>","protected":false},"excerpt":{"rendered":"<ul>\n<li>Tipo: Sem Fios<\/li>\n<li>Profundidade da Unidade: 40 mm<\/li>\n<li>Caracter\u00edsticas:\n<ul>\n<li>Interruptor para ligar\/desligar<\/li>\n<li>Conectividade com aplica\u00e7\u00e3o m\u00f3vel<\/li>\n<li>Indicador LED<\/li>\n<li>Sem fios<\/li>\n<li>Sem Fios<\/li>\n<\/ul>\n<\/li>\n<li>Material:\n<ul>\n<li>Policarbonato<\/li>\n<li>Policarbonato (PC)<\/li>\n<\/ul>\n<\/li>\n<li>Largura do produto: 51 mm<\/li>\n<li>Compat\u00edvel:\n<ul>\n<li>iOS, Android<\/li>\n<li>Amazon Alexa<\/li>\n<li>Google Home<\/li>\n<\/ul>\n<\/li>\n<li>Conetividade:\n<ul>\n<li>Bluetooth 4.2<\/li>\n<li>Wi-Fi<\/li>\n<li>Sem Fios<\/li>\n<\/ul>\n<\/li>\n<li>Voltagem:\n<ul>\n<li>220-240 V<\/li>\n<li>220 V<\/li>\n<\/ul>\n<\/li>\n<li>Certificado: CE &amp; RoHS<\/li>\n<li>Medidas aprox.: 5,1 x 7,2 x 4 cm<\/li>\n<li>Cor: Branco<\/li>\n<li>Unidades: 2 Unidades<\/li>\n<li>Produto Plug-in: Sim<\/li>\n<li>Tipo de tomada: Tomada EU<\/li>\n<li>Frequ\u00eancia de entrada AC: 50-60 Hz<\/li>\n<li>Pot\u00eancia: 2990 W<\/li>\n<li>N\u00e3o Inclui: Bateria<\/li>\n<li>Faixa de trabalho de humidade: 10 % &#8211; 90 %<\/li>\n<li>Amperagem:\n<ul>\n<li>13 A<\/li>\n<li>10 A<\/li>\n<\/ul>\n<\/li>\n<li>Fonte de Alimenta\u00e7\u00e3o: AC<\/li>\n<\/ul>","protected":false},"featured_media":33787,"comment_status":"open","ping_status":"closed","template":"","meta":{"_glsr_average":0,"_glsr_ranking":0,"_glsr_reviews":0},"product_brand":[],"product_cat":[390],"product_tag":[],"class_list":{"0":"post-33786","1":"product","2":"type-product","3":"status-publish","4":"has-post-thumbnail","6":"product_cat-poupanca-de-energia","8":"first","9":"instock","10":"taxable","11":"shipping-taxable","12":"purchasable","13":"product-type-simple"},"yoast_head":"<!-- This site is optimized with the Yoast SEO plugin v26.8 - https:\/\/yoast.com\/product\/yoast-seo-wordpress\/ -->\n<title>TOMADA INTELIGENTE TP-LINK MINI SMART TAPO P100 2900W WIFI BRANCO (2 UDS) - Curiosidades &amp; Dicas, Lda<\/title>\n<meta name=\"robots\" content=\"index, follow, max-snippet:-1, max-image-preview:large, max-video-preview:-1\" \/>\n<link rel=\"canonical\" href=\"https:\/\/curiosidadesedicas.com\/loja\/en\/product\/tomada-inteligente-tp-link-mini-smart-tapo-p100-2900w-wifi-branco-2-uds\/\" \/>\n<meta property=\"og:locale\" content=\"en_US\" \/>\n<meta property=\"og:type\" content=\"article\" \/>\n<meta property=\"og:title\" content=\"TOMADA INTELIGENTE TP-LINK MINI SMART TAPO P100 2900W WIFI BRANCO (2 UDS) - Curiosidades &amp; Dicas, Lda\" \/>\n<meta property=\"og:description\" content=\"Tipo: Sem Fios  Profundidade da Unidade: 40 mm  Caracter\u00edsticas:   Interruptor para ligar\/desligar  Conectividade com aplica\u00e7\u00e3o m\u00f3vel  Indicador LED  Sem fios  Sem Fios    Material:   Policarbonato  Policarbonato (PC)    Largura do produto: 51 mm  Compat\u00edvel:   iOS, Android  Amazon Alexa  Google Home    Conetividade:   Bluetooth 4.2  Wi-Fi  Sem Fios    Voltagem:   220-240 V  220 V    Certificado: CE &amp; RoHS  Medidas aprox.: 5,1 x 7,2 x 4 cm  Cor: Branco  Unidades: 2 Unidades  Produto Plug-in: Sim  Tipo de tomada: Tomada EU  Frequ\u00eancia de entrada AC: 50-60 Hz  Pot\u00eancia: 2990 W  N\u00e3o Inclui: Bateria  Faixa de trabalho de humidade: 10 % - 90 %  Amperagem:   13 A  10 A    Fonte de Alimenta\u00e7\u00e3o: AC\" \/>\n<meta property=\"og:url\" content=\"https:\/\/curiosidadesedicas.com\/loja\/en\/product\/tomada-inteligente-tp-link-mini-smart-tapo-p100-2900w-wifi-branco-2-uds\/\" \/>\n<meta property=\"og:site_name\" content=\"Curiosidades &amp; Dicas, Lda\" \/>\n<meta property=\"article:modified_time\" content=\"2024-04-30T14:36:30+00:00\" \/>\n<meta property=\"og:image\" content=\"https:\/\/curiosidadesedicas.com\/loja\/wp-content\/uploads\/2024\/04\/tomada-inteligente-tp-link-mini-smart-tapo-p100-2900w-wifi-branco-2-uds_489422.jpg\" \/>\n\t<meta property=\"og:image:width\" content=\"600\" \/>\n\t<meta property=\"og:image:height\" content=\"600\" \/>\n\t<meta property=\"og:image:type\" content=\"image\/jpeg\" \/>\n<meta name=\"twitter:card\" content=\"summary_large_image\" \/>\n<meta name=\"twitter:label1\" content=\"Est. reading time\" \/>\n\t<meta name=\"twitter:data1\" content=\"1 minute\" \/>\n<script type=\"application\/ld+json\" class=\"yoast-schema-graph\">{\"@context\":\"https:\/\/schema.org\",\"@graph\":[{\"@type\":\"WebPage\",\"@id\":\"https:\/\/curiosidadesedicas.com\/loja\/produto\/tomada-inteligente-tp-link-mini-smart-tapo-p100-2900w-wifi-branco-2-uds\/\",\"url\":\"https:\/\/curiosidadesedicas.com\/loja\/produto\/tomada-inteligente-tp-link-mini-smart-tapo-p100-2900w-wifi-branco-2-uds\/\",\"name\":\"TOMADA INTELIGENTE TP-LINK MINI SMART TAPO P100 2900W WIFI BRANCO (2 UDS) - Curiosidades &amp; Dicas, Lda\",\"isPartOf\":{\"@id\":\"https:\/\/curiosidadesedicas.com\/loja\/#website\"},\"primaryImageOfPage\":{\"@id\":\"https:\/\/curiosidadesedicas.com\/loja\/produto\/tomada-inteligente-tp-link-mini-smart-tapo-p100-2900w-wifi-branco-2-uds\/#primaryimage\"},\"image\":{\"@id\":\"https:\/\/curiosidadesedicas.com\/loja\/produto\/tomada-inteligente-tp-link-mini-smart-tapo-p100-2900w-wifi-branco-2-uds\/#primaryimage\"},\"thumbnailUrl\":\"https:\/\/curiosidadesedicas.com\/loja\/wp-content\/uploads\/2024\/04\/tomada-inteligente-tp-link-mini-smart-tapo-p100-2900w-wifi-branco-2-uds_489422.jpg\",\"datePublished\":\"2024-04-30T14:30:49+00:00\",\"dateModified\":\"2024-04-30T14:36:30+00:00\",\"breadcrumb\":{\"@id\":\"https:\/\/curiosidadesedicas.com\/loja\/produto\/tomada-inteligente-tp-link-mini-smart-tapo-p100-2900w-wifi-branco-2-uds\/#breadcrumb\"},\"inLanguage\":\"en-US\",\"potentialAction\":[{\"@type\":\"ReadAction\",\"target\":[\"https:\/\/curiosidadesedicas.com\/loja\/produto\/tomada-inteligente-tp-link-mini-smart-tapo-p100-2900w-wifi-branco-2-uds\/\"]}]},{\"@type\":\"ImageObject\",\"inLanguage\":\"en-US\",\"@id\":\"https:\/\/curiosidadesedicas.com\/loja\/produto\/tomada-inteligente-tp-link-mini-smart-tapo-p100-2900w-wifi-branco-2-uds\/#primaryimage\",\"url\":\"https:\/\/curiosidadesedicas.com\/loja\/wp-content\/uploads\/2024\/04\/tomada-inteligente-tp-link-mini-smart-tapo-p100-2900w-wifi-branco-2-uds_489422.jpg\",\"contentUrl\":\"https:\/\/curiosidadesedicas.com\/loja\/wp-content\/uploads\/2024\/04\/tomada-inteligente-tp-link-mini-smart-tapo-p100-2900w-wifi-branco-2-uds_489422.jpg\",\"width\":600,\"height\":600},{\"@type\":\"BreadcrumbList\",\"@id\":\"https:\/\/curiosidadesedicas.com\/loja\/produto\/tomada-inteligente-tp-link-mini-smart-tapo-p100-2900w-wifi-branco-2-uds\/#breadcrumb\",\"itemListElement\":[{\"@type\":\"ListItem\",\"position\":1,\"name\":\"In\u00edcio\",\"item\":\"https:\/\/curiosidadesedicas.com\/loja\/\"},{\"@type\":\"ListItem\",\"position\":2,\"name\":\"Produtos\",\"item\":\"https:\/\/curiosidadesedicas.com\/loja\/produtos\/\"},{\"@type\":\"ListItem\",\"position\":3,\"name\":\"TOMADA INTELIGENTE TP-LINK MINI SMART TAPO P100 2900W WIFI BRANCO (2 UDS)\"}]},{\"@type\":\"WebSite\",\"@id\":\"https:\/\/curiosidadesedicas.com\/loja\/#website\",\"url\":\"https:\/\/curiosidadesedicas.com\/loja\/\",\"name\":\"Curiosidades &amp; Dicas, Lda\",\"description\":\"Apaixonados Por Inova\u00e7\u00e3o\",\"publisher\":{\"@id\":\"https:\/\/curiosidadesedicas.com\/loja\/#organization\"},\"potentialAction\":[{\"@type\":\"SearchAction\",\"target\":{\"@type\":\"EntryPoint\",\"urlTemplate\":\"https:\/\/curiosidadesedicas.com\/loja\/?s={search_term_string}\"},\"query-input\":{\"@type\":\"PropertyValueSpecification\",\"valueRequired\":true,\"valueName\":\"search_term_string\"}}],\"inLanguage\":\"en-US\"},{\"@type\":\"Organization\",\"@id\":\"https:\/\/curiosidadesedicas.com\/loja\/#organization\",\"name\":\"Curiosidades & Dicas\",\"url\":\"https:\/\/curiosidadesedicas.com\/loja\/\",\"logo\":{\"@type\":\"ImageObject\",\"inLanguage\":\"en-US\",\"@id\":\"https:\/\/curiosidadesedicas.com\/loja\/#\/schema\/logo\/image\/\",\"url\":\"https:\/\/curiosidadesedicas.com\/loja\/wp-content\/uploads\/2020\/05\/LogoCuriosidadesSimples.png\",\"contentUrl\":\"https:\/\/curiosidadesedicas.com\/loja\/wp-content\/uploads\/2020\/05\/LogoCuriosidadesSimples.png\",\"width\":3528,\"height\":804,\"caption\":\"Curiosidades & Dicas\"},\"image\":{\"@id\":\"https:\/\/curiosidadesedicas.com\/loja\/#\/schema\/logo\/image\/\"}}]}<\/script>\n<!-- \/ Yoast SEO plugin. -->","yoast_head_json":{"title":"TOMADA INTELIGENTE TP-LINK MINI SMART TAPO P100 2900W WIFI BRANCO (2 UDS) - Curiosidades &amp; Dicas, Lda","robots":{"index":"index","follow":"follow","max-snippet":"max-snippet:-1","max-image-preview":"max-image-preview:large","max-video-preview":"max-video-preview:-1"},"canonical":"https:\/\/curiosidadesedicas.com\/loja\/en\/product\/tomada-inteligente-tp-link-mini-smart-tapo-p100-2900w-wifi-branco-2-uds\/","og_locale":"en_US","og_type":"article","og_title":"TOMADA INTELIGENTE TP-LINK MINI SMART TAPO P100 2900W WIFI BRANCO (2 UDS) - Curiosidades &amp; Dicas, Lda","og_description":"Tipo: Sem Fios  Profundidade da Unidade: 40 mm  Caracter\u00edsticas:   Interruptor para ligar\/desligar  Conectividade com aplica\u00e7\u00e3o m\u00f3vel  Indicador LED  Sem fios  Sem Fios    Material:   Policarbonato  Policarbonato (PC)    Largura do produto: 51 mm  Compat\u00edvel:   iOS, Android  Amazon Alexa  Google Home    Conetividade:   Bluetooth 4.2  Wi-Fi  Sem Fios    Voltagem:   220-240 V  220 V    Certificado: CE &amp; RoHS  Medidas aprox.: 5,1 x 7,2 x 4 cm  Cor: Branco  Unidades: 2 Unidades  Produto Plug-in: Sim  Tipo de tomada: Tomada EU  Frequ\u00eancia de entrada AC: 50-60 Hz  Pot\u00eancia: 2990 W  N\u00e3o Inclui: Bateria  Faixa de trabalho de humidade: 10 % - 90 %  Amperagem:   13 A  10 A    Fonte de Alimenta\u00e7\u00e3o: AC","og_url":"https:\/\/curiosidadesedicas.com\/loja\/en\/product\/tomada-inteligente-tp-link-mini-smart-tapo-p100-2900w-wifi-branco-2-uds\/","og_site_name":"Curiosidades &amp; Dicas, Lda","article_modified_time":"2024-04-30T14:36:30+00:00","og_image":[{"width":600,"height":600,"url":"https:\/\/curiosidadesedicas.com\/loja\/wp-content\/uploads\/2024\/04\/tomada-inteligente-tp-link-mini-smart-tapo-p100-2900w-wifi-branco-2-uds_489422.jpg","type":"image\/jpeg"}],"twitter_card":"summary_large_image","twitter_misc":{"Est. reading time":"1 minute"},"schema":{"@context":"https:\/\/schema.org","@graph":[{"@type":"WebPage","@id":"https:\/\/curiosidadesedicas.com\/loja\/produto\/tomada-inteligente-tp-link-mini-smart-tapo-p100-2900w-wifi-branco-2-uds\/","url":"https:\/\/curiosidadesedicas.com\/loja\/produto\/tomada-inteligente-tp-link-mini-smart-tapo-p100-2900w-wifi-branco-2-uds\/","name":"TOMADA INTELIGENTE TP-LINK MINI SMART TAPO P100 2900W WIFI BRANCO (2 UDS) - Curiosidades &amp; Dicas, Lda","isPartOf":{"@id":"https:\/\/curiosidadesedicas.com\/loja\/#website"},"primaryImageOfPage":{"@id":"https:\/\/curiosidadesedicas.com\/loja\/produto\/tomada-inteligente-tp-link-mini-smart-tapo-p100-2900w-wifi-branco-2-uds\/#primaryimage"},"image":{"@id":"https:\/\/curiosidadesedicas.com\/loja\/produto\/tomada-inteligente-tp-link-mini-smart-tapo-p100-2900w-wifi-branco-2-uds\/#primaryimage"},"thumbnailUrl":"https:\/\/curiosidadesedicas.com\/loja\/wp-content\/uploads\/2024\/04\/tomada-inteligente-tp-link-mini-smart-tapo-p100-2900w-wifi-branco-2-uds_489422.jpg","datePublished":"2024-04-30T14:30:49+00:00","dateModified":"2024-04-30T14:36:30+00:00","breadcrumb":{"@id":"https:\/\/curiosidadesedicas.com\/loja\/produto\/tomada-inteligente-tp-link-mini-smart-tapo-p100-2900w-wifi-branco-2-uds\/#breadcrumb"},"inLanguage":"en-US","potentialAction":[{"@type":"ReadAction","target":["https:\/\/curiosidadesedicas.com\/loja\/produto\/tomada-inteligente-tp-link-mini-smart-tapo-p100-2900w-wifi-branco-2-uds\/"]}]},{"@type":"ImageObject","inLanguage":"en-US","@id":"https:\/\/curiosidadesedicas.com\/loja\/produto\/tomada-inteligente-tp-link-mini-smart-tapo-p100-2900w-wifi-branco-2-uds\/#primaryimage","url":"https:\/\/curiosidadesedicas.com\/loja\/wp-content\/uploads\/2024\/04\/tomada-inteligente-tp-link-mini-smart-tapo-p100-2900w-wifi-branco-2-uds_489422.jpg","contentUrl":"https:\/\/curiosidadesedicas.com\/loja\/wp-content\/uploads\/2024\/04\/tomada-inteligente-tp-link-mini-smart-tapo-p100-2900w-wifi-branco-2-uds_489422.jpg","width":600,"height":600},{"@type":"BreadcrumbList","@id":"https:\/\/curiosidadesedicas.com\/loja\/produto\/tomada-inteligente-tp-link-mini-smart-tapo-p100-2900w-wifi-branco-2-uds\/#breadcrumb","itemListElement":[{"@type":"ListItem","position":1,"name":"In\u00edcio","item":"https:\/\/curiosidadesedicas.com\/loja\/"},{"@type":"ListItem","position":2,"name":"Produtos","item":"https:\/\/curiosidadesedicas.com\/loja\/produtos\/"},{"@type":"ListItem","position":3,"name":"TOMADA INTELIGENTE TP-LINK MINI SMART TAPO P100 2900W WIFI BRANCO (2 UDS)"}]},{"@type":"WebSite","@id":"https:\/\/curiosidadesedicas.com\/loja\/#website","url":"https:\/\/curiosidadesedicas.com\/loja\/","name":"Curiosidades &amp; Dicas, Lda","description":"Apaixonados Por Inova\u00e7\u00e3o","publisher":{"@id":"https:\/\/curiosidadesedicas.com\/loja\/#organization"},"potentialAction":[{"@type":"SearchAction","target":{"@type":"EntryPoint","urlTemplate":"https:\/\/curiosidadesedicas.com\/loja\/?s={search_term_string}"},"query-input":{"@type":"PropertyValueSpecification","valueRequired":true,"valueName":"search_term_string"}}],"inLanguage":"en-US"},{"@type":"Organization","@id":"https:\/\/curiosidadesedicas.com\/loja\/#organization","name":"Curiosidades & Dicas","url":"https:\/\/curiosidadesedicas.com\/loja\/","logo":{"@type":"ImageObject","inLanguage":"en-US","@id":"https:\/\/curiosidadesedicas.com\/loja\/#\/schema\/logo\/image\/","url":"https:\/\/curiosidadesedicas.com\/loja\/wp-content\/uploads\/2020\/05\/LogoCuriosidadesSimples.png","contentUrl":"https:\/\/curiosidadesedicas.com\/loja\/wp-content\/uploads\/2020\/05\/LogoCuriosidadesSimples.png","width":3528,"height":804,"caption":"Curiosidades & Dicas"},"image":{"@id":"https:\/\/curiosidadesedicas.com\/loja\/#\/schema\/logo\/image\/"}}]}},"_links":{"self":[{"href":"https:\/\/curiosidadesedicas.com\/loja\/en\/wp-json\/wp\/v2\/product\/33786","targetHints":{"allow":["GET"]}}],"collection":[{"href":"https:\/\/curiosidadesedicas.com\/loja\/en\/wp-json\/wp\/v2\/product"}],"about":[{"href":"https:\/\/curiosidadesedicas.com\/loja\/en\/wp-json\/wp\/v2\/types\/product"}],"replies":[{"embeddable":true,"href":"https:\/\/curiosidadesedicas.com\/loja\/en\/wp-json\/wp\/v2\/comments?post=33786"}],"wp:featuredmedia":[{"embeddable":true,"href":"https:\/\/curiosidadesedicas.com\/loja\/en\/wp-json\/wp\/v2\/media\/33787"}],"wp:attachment":[{"href":"https:\/\/curiosidadesedicas.com\/loja\/en\/wp-json\/wp\/v2\/media?parent=33786"}],"wp:term":[{"taxonomy":"product_brand","embeddable":true,"href":"https:\/\/curiosidadesedicas.com\/loja\/en\/wp-json\/wp\/v2\/product_brand?post=33786"},{"taxonomy":"product_cat","embeddable":true,"href":"https:\/\/curiosidadesedicas.com\/loja\/en\/wp-json\/wp\/v2\/product_cat?post=33786"},{"taxonomy":"product_tag","embeddable":true,"href":"https:\/\/curiosidadesedicas.com\/loja\/en\/wp-json\/wp\/v2\/product_tag?post=33786"}],"curies":[{"name":"wp","href":"https:\/\/api.w.org\/{rel}","templated":true}]}}