{"id":33769,"date":"2024-04-30T13:57:54","date_gmt":"2024-04-30T13:57:54","guid":{"rendered":"https:\/\/curiosidadesedicas.com\/loja\/?post_type=product&#038;p=33769"},"modified":"2024-04-30T14:06:58","modified_gmt":"2024-04-30T14:06:58","slug":"tomada-inteligente-spc-clever-plug-dual-wifi","status":"publish","type":"product","link":"https:\/\/curiosidadesedicas.com\/loja\/en\/product\/tomada-inteligente-spc-clever-plug-dual-wifi\/","title":{"rendered":"TOMADA INTELIGENTE SPC CLEVER PLUG DUAL WIFI"},"content":{"rendered":"<ul>\n<li>Conetividade: Wi-Fi<\/li>\n<li>Tipo: Rede sem fios<\/li>\n<li>Pa\u00eds\/Regi\u00e3o de fabrico: China<\/li>\n<li>Cor: Branco<\/li>\n<li>Caracter\u00edsticas: Sem Fios<\/li>\n<li>Voltagem: 220 V<\/li>\n<li>Tipo de bateria: Sem pilhas<\/li>\n<li>Pot\u00eancia: 3680 W<\/li>\n<li>Voltagem de entrada de AC: 230 V<\/li>\n<\/ul>\n<p>SPC CLEVER PLUG DUAL. Tecnologia de conetividade: Sem fios. Instala\u00e7\u00e3o suportada: Interior, Cor do produto: Branco, Compatibilidade: Android. IOS. Amazon Alexa. Google Assistant.. Pot\u00eancia m\u00e1xima de entrada: 3680 W, Voltagem de entrada AC: 230 V. Largura: 105 mm, Profundidade: 50 mm, Altura: 44 mm<\/p>\n<ul>\n<li style=\"list-style-type: none\"><\/li>\n<\/ul>","protected":false},"excerpt":{"rendered":"<ul>\n<li>Tecnologia de conetividade: Sem fios<\/li>\n<li>Wi-Fi: Sim<\/li>\n<li>Instala\u00e7\u00e3o suportada: Interior<\/li>\n<li>Cor do produto: Branco<\/li>\n<li>Compatibilidade: Android. IOS. Amazon Alexa. Google Assistant.<\/li>\n<li>Pot\u00eancia m\u00e1xima de entrada: 3680 W<\/li>\n<li>Voltagem de entrada AC: 230 V<\/li>\n<li>Visor incorporado: N\u00e3o<\/li>\n<li>Largura: 105 mm<\/li>\n<li>Profundidade: 50 mm<\/li>\n<li>Altura: 44 mm<\/li>\n<\/ul>","protected":false},"featured_media":33771,"comment_status":"open","ping_status":"closed","template":"","meta":{"_glsr_average":0,"_glsr_ranking":0,"_glsr_reviews":0},"product_brand":[],"product_cat":[390],"product_tag":[],"class_list":{"0":"post-33769","1":"product","2":"type-product","3":"status-publish","4":"has-post-thumbnail","6":"product_cat-poupanca-de-energia","8":"first","9":"instock","10":"taxable","11":"shipping-taxable","12":"purchasable","13":"product-type-simple"},"yoast_head":"<!-- This site is optimized with the Yoast SEO plugin v26.8 - https:\/\/yoast.com\/product\/yoast-seo-wordpress\/ -->\n<title>TOMADA INTELIGENTE SPC CLEVER PLUG DUAL WIFI - Curiosidades &amp; Dicas, Lda<\/title>\n<meta name=\"robots\" content=\"index, follow, max-snippet:-1, max-image-preview:large, max-video-preview:-1\" \/>\n<link rel=\"canonical\" href=\"https:\/\/curiosidadesedicas.com\/loja\/en\/product\/tomada-inteligente-spc-clever-plug-dual-wifi\/\" \/>\n<meta property=\"og:locale\" content=\"en_US\" \/>\n<meta property=\"og:type\" content=\"article\" \/>\n<meta property=\"og:title\" content=\"TOMADA INTELIGENTE SPC CLEVER PLUG DUAL WIFI - Curiosidades &amp; Dicas, Lda\" \/>\n<meta property=\"og:description\" content=\"Tecnologia de conetividade: Sem fios  Wi-Fi: Sim  Instala\u00e7\u00e3o suportada: Interior  Cor do produto: Branco  Compatibilidade: Android. IOS. Amazon Alexa. Google Assistant.  Pot\u00eancia m\u00e1xima de entrada: 3680 W  Voltagem de entrada AC: 230 V  Visor incorporado: N\u00e3o  Largura: 105 mm  Profundidade: 50 mm  Altura: 44 mm\" \/>\n<meta property=\"og:url\" content=\"https:\/\/curiosidadesedicas.com\/loja\/en\/product\/tomada-inteligente-spc-clever-plug-dual-wifi\/\" \/>\n<meta property=\"og:site_name\" content=\"Curiosidades &amp; Dicas, Lda\" \/>\n<meta property=\"article:modified_time\" content=\"2024-04-30T14:06:58+00:00\" \/>\n<meta property=\"og:image\" content=\"https:\/\/curiosidadesedicas.com\/loja\/wp-content\/uploads\/2024\/04\/tomada-inteligente-spc-clever-plug-dual-wifi_203129.jpg\" \/>\n\t<meta property=\"og:image:width\" content=\"600\" \/>\n\t<meta property=\"og:image:height\" content=\"600\" \/>\n\t<meta property=\"og:image:type\" content=\"image\/jpeg\" \/>\n<meta name=\"twitter:card\" content=\"summary_large_image\" \/>\n<meta name=\"twitter:label1\" content=\"Est. reading time\" \/>\n\t<meta name=\"twitter:data1\" content=\"1 minute\" \/>\n<script type=\"application\/ld+json\" class=\"yoast-schema-graph\">{\"@context\":\"https:\/\/schema.org\",\"@graph\":[{\"@type\":\"WebPage\",\"@id\":\"https:\/\/curiosidadesedicas.com\/loja\/produto\/tomada-inteligente-spc-clever-plug-dual-wifi\/\",\"url\":\"https:\/\/curiosidadesedicas.com\/loja\/produto\/tomada-inteligente-spc-clever-plug-dual-wifi\/\",\"name\":\"TOMADA INTELIGENTE SPC CLEVER PLUG DUAL WIFI - Curiosidades &amp; Dicas, Lda\",\"isPartOf\":{\"@id\":\"https:\/\/curiosidadesedicas.com\/loja\/#website\"},\"primaryImageOfPage\":{\"@id\":\"https:\/\/curiosidadesedicas.com\/loja\/produto\/tomada-inteligente-spc-clever-plug-dual-wifi\/#primaryimage\"},\"image\":{\"@id\":\"https:\/\/curiosidadesedicas.com\/loja\/produto\/tomada-inteligente-spc-clever-plug-dual-wifi\/#primaryimage\"},\"thumbnailUrl\":\"https:\/\/curiosidadesedicas.com\/loja\/wp-content\/uploads\/2024\/04\/tomada-inteligente-spc-clever-plug-dual-wifi_203129.jpg\",\"datePublished\":\"2024-04-30T13:57:54+00:00\",\"dateModified\":\"2024-04-30T14:06:58+00:00\",\"breadcrumb\":{\"@id\":\"https:\/\/curiosidadesedicas.com\/loja\/produto\/tomada-inteligente-spc-clever-plug-dual-wifi\/#breadcrumb\"},\"inLanguage\":\"en-US\",\"potentialAction\":[{\"@type\":\"ReadAction\",\"target\":[\"https:\/\/curiosidadesedicas.com\/loja\/produto\/tomada-inteligente-spc-clever-plug-dual-wifi\/\"]}]},{\"@type\":\"ImageObject\",\"inLanguage\":\"en-US\",\"@id\":\"https:\/\/curiosidadesedicas.com\/loja\/produto\/tomada-inteligente-spc-clever-plug-dual-wifi\/#primaryimage\",\"url\":\"https:\/\/curiosidadesedicas.com\/loja\/wp-content\/uploads\/2024\/04\/tomada-inteligente-spc-clever-plug-dual-wifi_203129.jpg\",\"contentUrl\":\"https:\/\/curiosidadesedicas.com\/loja\/wp-content\/uploads\/2024\/04\/tomada-inteligente-spc-clever-plug-dual-wifi_203129.jpg\",\"width\":600,\"height\":600},{\"@type\":\"BreadcrumbList\",\"@id\":\"https:\/\/curiosidadesedicas.com\/loja\/produto\/tomada-inteligente-spc-clever-plug-dual-wifi\/#breadcrumb\",\"itemListElement\":[{\"@type\":\"ListItem\",\"position\":1,\"name\":\"In\u00edcio\",\"item\":\"https:\/\/curiosidadesedicas.com\/loja\/\"},{\"@type\":\"ListItem\",\"position\":2,\"name\":\"Produtos\",\"item\":\"https:\/\/curiosidadesedicas.com\/loja\/produtos\/\"},{\"@type\":\"ListItem\",\"position\":3,\"name\":\"TOMADA INTELIGENTE SPC CLEVER PLUG DUAL WIFI\"}]},{\"@type\":\"WebSite\",\"@id\":\"https:\/\/curiosidadesedicas.com\/loja\/#website\",\"url\":\"https:\/\/curiosidadesedicas.com\/loja\/\",\"name\":\"Curiosidades &amp; Dicas, Lda\",\"description\":\"Apaixonados Por Inova\u00e7\u00e3o\",\"publisher\":{\"@id\":\"https:\/\/curiosidadesedicas.com\/loja\/#organization\"},\"potentialAction\":[{\"@type\":\"SearchAction\",\"target\":{\"@type\":\"EntryPoint\",\"urlTemplate\":\"https:\/\/curiosidadesedicas.com\/loja\/?s={search_term_string}\"},\"query-input\":{\"@type\":\"PropertyValueSpecification\",\"valueRequired\":true,\"valueName\":\"search_term_string\"}}],\"inLanguage\":\"en-US\"},{\"@type\":\"Organization\",\"@id\":\"https:\/\/curiosidadesedicas.com\/loja\/#organization\",\"name\":\"Curiosidades & Dicas\",\"url\":\"https:\/\/curiosidadesedicas.com\/loja\/\",\"logo\":{\"@type\":\"ImageObject\",\"inLanguage\":\"en-US\",\"@id\":\"https:\/\/curiosidadesedicas.com\/loja\/#\/schema\/logo\/image\/\",\"url\":\"https:\/\/curiosidadesedicas.com\/loja\/wp-content\/uploads\/2020\/05\/LogoCuriosidadesSimples.png\",\"contentUrl\":\"https:\/\/curiosidadesedicas.com\/loja\/wp-content\/uploads\/2020\/05\/LogoCuriosidadesSimples.png\",\"width\":3528,\"height\":804,\"caption\":\"Curiosidades & Dicas\"},\"image\":{\"@id\":\"https:\/\/curiosidadesedicas.com\/loja\/#\/schema\/logo\/image\/\"}}]}<\/script>\n<!-- \/ Yoast SEO plugin. -->","yoast_head_json":{"title":"TOMADA INTELIGENTE SPC CLEVER PLUG DUAL WIFI - Curiosidades &amp; Dicas, Lda","robots":{"index":"index","follow":"follow","max-snippet":"max-snippet:-1","max-image-preview":"max-image-preview:large","max-video-preview":"max-video-preview:-1"},"canonical":"https:\/\/curiosidadesedicas.com\/loja\/en\/product\/tomada-inteligente-spc-clever-plug-dual-wifi\/","og_locale":"en_US","og_type":"article","og_title":"TOMADA INTELIGENTE SPC CLEVER PLUG DUAL WIFI - Curiosidades &amp; Dicas, Lda","og_description":"Tecnologia de conetividade: Sem fios  Wi-Fi: Sim  Instala\u00e7\u00e3o suportada: Interior  Cor do produto: Branco  Compatibilidade: Android. IOS. Amazon Alexa. Google Assistant.  Pot\u00eancia m\u00e1xima de entrada: 3680 W  Voltagem de entrada AC: 230 V  Visor incorporado: N\u00e3o  Largura: 105 mm  Profundidade: 50 mm  Altura: 44 mm","og_url":"https:\/\/curiosidadesedicas.com\/loja\/en\/product\/tomada-inteligente-spc-clever-plug-dual-wifi\/","og_site_name":"Curiosidades &amp; Dicas, Lda","article_modified_time":"2024-04-30T14:06:58+00:00","og_image":[{"width":600,"height":600,"url":"https:\/\/curiosidadesedicas.com\/loja\/wp-content\/uploads\/2024\/04\/tomada-inteligente-spc-clever-plug-dual-wifi_203129.jpg","type":"image\/jpeg"}],"twitter_card":"summary_large_image","twitter_misc":{"Est. reading time":"1 minute"},"schema":{"@context":"https:\/\/schema.org","@graph":[{"@type":"WebPage","@id":"https:\/\/curiosidadesedicas.com\/loja\/produto\/tomada-inteligente-spc-clever-plug-dual-wifi\/","url":"https:\/\/curiosidadesedicas.com\/loja\/produto\/tomada-inteligente-spc-clever-plug-dual-wifi\/","name":"TOMADA INTELIGENTE SPC CLEVER PLUG DUAL WIFI - Curiosidades &amp; Dicas, Lda","isPartOf":{"@id":"https:\/\/curiosidadesedicas.com\/loja\/#website"},"primaryImageOfPage":{"@id":"https:\/\/curiosidadesedicas.com\/loja\/produto\/tomada-inteligente-spc-clever-plug-dual-wifi\/#primaryimage"},"image":{"@id":"https:\/\/curiosidadesedicas.com\/loja\/produto\/tomada-inteligente-spc-clever-plug-dual-wifi\/#primaryimage"},"thumbnailUrl":"https:\/\/curiosidadesedicas.com\/loja\/wp-content\/uploads\/2024\/04\/tomada-inteligente-spc-clever-plug-dual-wifi_203129.jpg","datePublished":"2024-04-30T13:57:54+00:00","dateModified":"2024-04-30T14:06:58+00:00","breadcrumb":{"@id":"https:\/\/curiosidadesedicas.com\/loja\/produto\/tomada-inteligente-spc-clever-plug-dual-wifi\/#breadcrumb"},"inLanguage":"en-US","potentialAction":[{"@type":"ReadAction","target":["https:\/\/curiosidadesedicas.com\/loja\/produto\/tomada-inteligente-spc-clever-plug-dual-wifi\/"]}]},{"@type":"ImageObject","inLanguage":"en-US","@id":"https:\/\/curiosidadesedicas.com\/loja\/produto\/tomada-inteligente-spc-clever-plug-dual-wifi\/#primaryimage","url":"https:\/\/curiosidadesedicas.com\/loja\/wp-content\/uploads\/2024\/04\/tomada-inteligente-spc-clever-plug-dual-wifi_203129.jpg","contentUrl":"https:\/\/curiosidadesedicas.com\/loja\/wp-content\/uploads\/2024\/04\/tomada-inteligente-spc-clever-plug-dual-wifi_203129.jpg","width":600,"height":600},{"@type":"BreadcrumbList","@id":"https:\/\/curiosidadesedicas.com\/loja\/produto\/tomada-inteligente-spc-clever-plug-dual-wifi\/#breadcrumb","itemListElement":[{"@type":"ListItem","position":1,"name":"In\u00edcio","item":"https:\/\/curiosidadesedicas.com\/loja\/"},{"@type":"ListItem","position":2,"name":"Produtos","item":"https:\/\/curiosidadesedicas.com\/loja\/produtos\/"},{"@type":"ListItem","position":3,"name":"TOMADA INTELIGENTE SPC CLEVER PLUG DUAL WIFI"}]},{"@type":"WebSite","@id":"https:\/\/curiosidadesedicas.com\/loja\/#website","url":"https:\/\/curiosidadesedicas.com\/loja\/","name":"Curiosidades &amp; Dicas, Lda","description":"Apaixonados Por Inova\u00e7\u00e3o","publisher":{"@id":"https:\/\/curiosidadesedicas.com\/loja\/#organization"},"potentialAction":[{"@type":"SearchAction","target":{"@type":"EntryPoint","urlTemplate":"https:\/\/curiosidadesedicas.com\/loja\/?s={search_term_string}"},"query-input":{"@type":"PropertyValueSpecification","valueRequired":true,"valueName":"search_term_string"}}],"inLanguage":"en-US"},{"@type":"Organization","@id":"https:\/\/curiosidadesedicas.com\/loja\/#organization","name":"Curiosidades & Dicas","url":"https:\/\/curiosidadesedicas.com\/loja\/","logo":{"@type":"ImageObject","inLanguage":"en-US","@id":"https:\/\/curiosidadesedicas.com\/loja\/#\/schema\/logo\/image\/","url":"https:\/\/curiosidadesedicas.com\/loja\/wp-content\/uploads\/2020\/05\/LogoCuriosidadesSimples.png","contentUrl":"https:\/\/curiosidadesedicas.com\/loja\/wp-content\/uploads\/2020\/05\/LogoCuriosidadesSimples.png","width":3528,"height":804,"caption":"Curiosidades & Dicas"},"image":{"@id":"https:\/\/curiosidadesedicas.com\/loja\/#\/schema\/logo\/image\/"}}]}},"_links":{"self":[{"href":"https:\/\/curiosidadesedicas.com\/loja\/en\/wp-json\/wp\/v2\/product\/33769","targetHints":{"allow":["GET"]}}],"collection":[{"href":"https:\/\/curiosidadesedicas.com\/loja\/en\/wp-json\/wp\/v2\/product"}],"about":[{"href":"https:\/\/curiosidadesedicas.com\/loja\/en\/wp-json\/wp\/v2\/types\/product"}],"replies":[{"embeddable":true,"href":"https:\/\/curiosidadesedicas.com\/loja\/en\/wp-json\/wp\/v2\/comments?post=33769"}],"wp:featuredmedia":[{"embeddable":true,"href":"https:\/\/curiosidadesedicas.com\/loja\/en\/wp-json\/wp\/v2\/media\/33771"}],"wp:attachment":[{"href":"https:\/\/curiosidadesedicas.com\/loja\/en\/wp-json\/wp\/v2\/media?parent=33769"}],"wp:term":[{"taxonomy":"product_brand","embeddable":true,"href":"https:\/\/curiosidadesedicas.com\/loja\/en\/wp-json\/wp\/v2\/product_brand?post=33769"},{"taxonomy":"product_cat","embeddable":true,"href":"https:\/\/curiosidadesedicas.com\/loja\/en\/wp-json\/wp\/v2\/product_cat?post=33769"},{"taxonomy":"product_tag","embeddable":true,"href":"https:\/\/curiosidadesedicas.com\/loja\/en\/wp-json\/wp\/v2\/product_tag?post=33769"}],"curies":[{"name":"wp","href":"https:\/\/api.w.org\/{rel}","templated":true}]}}