{"id":33755,"date":"2024-04-30T13:01:57","date_gmt":"2024-04-30T13:01:57","guid":{"rendered":"https:\/\/curiosidadesedicas.com\/loja\/?post_type=product&#038;p=33755"},"modified":"2024-04-30T13:09:18","modified_gmt":"2024-04-30T13:09:18","slug":"tomada-inteligente-ksix-smart-energy-slim-wifi-250v-branco","status":"publish","type":"product","link":"https:\/\/curiosidadesedicas.com\/loja\/en\/product\/tomada-inteligente-ksix-smart-energy-slim-wifi-250v-branco\/","title":{"rendered":"TOMADA INTELIGENTE KSIX SMART ENERGY SLIM WIFI 250V BRANCO"},"content":{"rendered":"<ul>\n<li>Conetividade:\n<ul>\n<li>2.412 GHz-2.484 GHz<\/li>\n<li>Wi-Fi<\/li>\n<\/ul>\n<\/li>\n<li>Voltagem de sa\u00edda: 250 V<\/li>\n<li>Frequ\u00eancia: 50\/60 Hz<\/li>\n<li>Compat\u00edvel:\n<ul>\n<li>Android<\/li>\n<li>iOS<\/li>\n<li>Google Assistant<\/li>\n<li>Amazon Alexa<\/li>\n<li>iOS, Android<\/li>\n<li>Google Home<\/li>\n<\/ul>\n<\/li>\n<li>Fun\u00e7\u00f5es: Temporizador<\/li>\n<li>Cor: Branco<\/li>\n<li>Pa\u00eds\/Regi\u00e3o de fabrico: China<\/li>\n<li>Caracter\u00edsticas:\n<ul>\n<li>Interruptor para ligar\/desligar<\/li>\n<li>Sem Fios<\/li>\n<\/ul>\n<\/li>\n<li>Sistema Operativo: Android<\/li>\n<li>Voltagem: 240 V<\/li>\n<li>Voltagem de entrada de AC: 110-240V<\/li>\n<li>Amperagem: 16 A<\/li>\n<\/ul>","protected":false},"excerpt":{"rendered":"<ul>\n<li>Conetividade:\n<ul>\n<li>2.412 GHz-2.484 GHz<\/li>\n<li>Wi-Fi<\/li>\n<\/ul>\n<\/li>\n<li>Voltagem de sa\u00edda: 250 V<\/li>\n<li>Frequ\u00eancia: 50\/60 Hz<\/li>\n<li>Compat\u00edvel:\n<ul>\n<li>Android<\/li>\n<li>iOS<\/li>\n<li>Google Assistant<\/li>\n<li>Amazon Alexa<\/li>\n<li>iOS, Android<\/li>\n<li>Google Home<\/li>\n<\/ul>\n<\/li>\n<li>Fun\u00e7\u00f5es: Temporizador<\/li>\n<li>Cor: Branco<\/li>\n<li>Pa\u00eds\/Regi\u00e3o de fabrico: China<\/li>\n<li>Caracter\u00edsticas:\n<ul>\n<li>Interruptor para ligar\/desligar<\/li>\n<li>Sem Fios<\/li>\n<\/ul>\n<\/li>\n<li>Sistema Operativo: Android<\/li>\n<li>Voltagem: 240 V<\/li>\n<li>Voltagem de entrada de AC: 110-240V<\/li>\n<li>Amperagem: 16 A<\/li>\n<li><\/li>\n<\/ul>","protected":false},"featured_media":33768,"comment_status":"open","ping_status":"closed","template":"","meta":{"_glsr_average":0,"_glsr_ranking":0,"_glsr_reviews":0},"product_brand":[],"product_cat":[390],"product_tag":[],"class_list":{"0":"post-33755","1":"product","2":"type-product","3":"status-publish","4":"has-post-thumbnail","6":"product_cat-poupanca-de-energia","8":"first","9":"instock","10":"taxable","11":"shipping-taxable","12":"purchasable","13":"product-type-simple"},"yoast_head":"<!-- This site is optimized with the Yoast SEO plugin v26.8 - https:\/\/yoast.com\/product\/yoast-seo-wordpress\/ -->\n<title>TOMADA INTELIGENTE KSIX SMART ENERGY SLIM WIFI 250V BRANCO - Curiosidades &amp; Dicas, Lda<\/title>\n<meta name=\"robots\" content=\"index, follow, max-snippet:-1, max-image-preview:large, max-video-preview:-1\" \/>\n<link rel=\"canonical\" href=\"https:\/\/curiosidadesedicas.com\/loja\/en\/product\/tomada-inteligente-ksix-smart-energy-slim-wifi-250v-branco\/\" \/>\n<meta property=\"og:locale\" content=\"en_US\" \/>\n<meta property=\"og:type\" content=\"article\" \/>\n<meta property=\"og:title\" content=\"TOMADA INTELIGENTE KSIX SMART ENERGY SLIM WIFI 250V BRANCO - Curiosidades &amp; Dicas, Lda\" \/>\n<meta property=\"og:description\" content=\"Conetividade:   2.412 GHz-2.484 GHz  Wi-Fi    Voltagem de sa\u00edda: 250 V  Frequ\u00eancia: 50\/60 Hz  Compat\u00edvel:   Android  iOS  Google Assistant  Amazon Alexa  iOS, Android  Google Home    Fun\u00e7\u00f5es: Temporizador  Cor: Branco  Pa\u00eds\/Regi\u00e3o de fabrico: China  Caracter\u00edsticas:   Interruptor para ligar\/desligar  Sem Fios    Sistema Operativo: Android  Voltagem: 240 V  Voltagem de entrada de AC: 110-240V  Amperagem: 16 A\" \/>\n<meta property=\"og:url\" content=\"https:\/\/curiosidadesedicas.com\/loja\/en\/product\/tomada-inteligente-ksix-smart-energy-slim-wifi-250v-branco\/\" \/>\n<meta property=\"og:site_name\" content=\"Curiosidades &amp; Dicas, Lda\" \/>\n<meta property=\"article:modified_time\" content=\"2024-04-30T13:09:18+00:00\" \/>\n<meta property=\"og:image\" content=\"https:\/\/curiosidadesedicas.com\/loja\/wp-content\/uploads\/2024\/04\/tomada-inteligente-ksix-smart-energy-slim-wifi-250v-branco_98518.jpg\" \/>\n\t<meta property=\"og:image:width\" content=\"600\" \/>\n\t<meta property=\"og:image:height\" content=\"600\" \/>\n\t<meta property=\"og:image:type\" content=\"image\/jpeg\" \/>\n<meta name=\"twitter:card\" content=\"summary_large_image\" \/>\n<meta name=\"twitter:label1\" content=\"Est. reading time\" \/>\n\t<meta name=\"twitter:data1\" content=\"1 minute\" \/>\n<script type=\"application\/ld+json\" class=\"yoast-schema-graph\">{\"@context\":\"https:\/\/schema.org\",\"@graph\":[{\"@type\":\"WebPage\",\"@id\":\"https:\/\/curiosidadesedicas.com\/loja\/produto\/tomada-inteligente-ksix-smart-energy-slim-wifi-250v-branco\/\",\"url\":\"https:\/\/curiosidadesedicas.com\/loja\/produto\/tomada-inteligente-ksix-smart-energy-slim-wifi-250v-branco\/\",\"name\":\"TOMADA INTELIGENTE KSIX SMART ENERGY SLIM WIFI 250V BRANCO - Curiosidades &amp; Dicas, Lda\",\"isPartOf\":{\"@id\":\"https:\/\/curiosidadesedicas.com\/loja\/#website\"},\"primaryImageOfPage\":{\"@id\":\"https:\/\/curiosidadesedicas.com\/loja\/produto\/tomada-inteligente-ksix-smart-energy-slim-wifi-250v-branco\/#primaryimage\"},\"image\":{\"@id\":\"https:\/\/curiosidadesedicas.com\/loja\/produto\/tomada-inteligente-ksix-smart-energy-slim-wifi-250v-branco\/#primaryimage\"},\"thumbnailUrl\":\"https:\/\/curiosidadesedicas.com\/loja\/wp-content\/uploads\/2024\/04\/tomada-inteligente-ksix-smart-energy-slim-wifi-250v-branco_98518.jpg\",\"datePublished\":\"2024-04-30T13:01:57+00:00\",\"dateModified\":\"2024-04-30T13:09:18+00:00\",\"breadcrumb\":{\"@id\":\"https:\/\/curiosidadesedicas.com\/loja\/produto\/tomada-inteligente-ksix-smart-energy-slim-wifi-250v-branco\/#breadcrumb\"},\"inLanguage\":\"en-US\",\"potentialAction\":[{\"@type\":\"ReadAction\",\"target\":[\"https:\/\/curiosidadesedicas.com\/loja\/produto\/tomada-inteligente-ksix-smart-energy-slim-wifi-250v-branco\/\"]}]},{\"@type\":\"ImageObject\",\"inLanguage\":\"en-US\",\"@id\":\"https:\/\/curiosidadesedicas.com\/loja\/produto\/tomada-inteligente-ksix-smart-energy-slim-wifi-250v-branco\/#primaryimage\",\"url\":\"https:\/\/curiosidadesedicas.com\/loja\/wp-content\/uploads\/2024\/04\/tomada-inteligente-ksix-smart-energy-slim-wifi-250v-branco_98518.jpg\",\"contentUrl\":\"https:\/\/curiosidadesedicas.com\/loja\/wp-content\/uploads\/2024\/04\/tomada-inteligente-ksix-smart-energy-slim-wifi-250v-branco_98518.jpg\",\"width\":600,\"height\":600},{\"@type\":\"BreadcrumbList\",\"@id\":\"https:\/\/curiosidadesedicas.com\/loja\/produto\/tomada-inteligente-ksix-smart-energy-slim-wifi-250v-branco\/#breadcrumb\",\"itemListElement\":[{\"@type\":\"ListItem\",\"position\":1,\"name\":\"In\u00edcio\",\"item\":\"https:\/\/curiosidadesedicas.com\/loja\/\"},{\"@type\":\"ListItem\",\"position\":2,\"name\":\"Produtos\",\"item\":\"https:\/\/curiosidadesedicas.com\/loja\/produtos\/\"},{\"@type\":\"ListItem\",\"position\":3,\"name\":\"TOMADA INTELIGENTE KSIX SMART ENERGY SLIM WIFI 250V BRANCO\"}]},{\"@type\":\"WebSite\",\"@id\":\"https:\/\/curiosidadesedicas.com\/loja\/#website\",\"url\":\"https:\/\/curiosidadesedicas.com\/loja\/\",\"name\":\"Curiosidades &amp; Dicas, Lda\",\"description\":\"Apaixonados Por Inova\u00e7\u00e3o\",\"publisher\":{\"@id\":\"https:\/\/curiosidadesedicas.com\/loja\/#organization\"},\"potentialAction\":[{\"@type\":\"SearchAction\",\"target\":{\"@type\":\"EntryPoint\",\"urlTemplate\":\"https:\/\/curiosidadesedicas.com\/loja\/?s={search_term_string}\"},\"query-input\":{\"@type\":\"PropertyValueSpecification\",\"valueRequired\":true,\"valueName\":\"search_term_string\"}}],\"inLanguage\":\"en-US\"},{\"@type\":\"Organization\",\"@id\":\"https:\/\/curiosidadesedicas.com\/loja\/#organization\",\"name\":\"Curiosidades & Dicas\",\"url\":\"https:\/\/curiosidadesedicas.com\/loja\/\",\"logo\":{\"@type\":\"ImageObject\",\"inLanguage\":\"en-US\",\"@id\":\"https:\/\/curiosidadesedicas.com\/loja\/#\/schema\/logo\/image\/\",\"url\":\"https:\/\/curiosidadesedicas.com\/loja\/wp-content\/uploads\/2020\/05\/LogoCuriosidadesSimples.png\",\"contentUrl\":\"https:\/\/curiosidadesedicas.com\/loja\/wp-content\/uploads\/2020\/05\/LogoCuriosidadesSimples.png\",\"width\":3528,\"height\":804,\"caption\":\"Curiosidades & Dicas\"},\"image\":{\"@id\":\"https:\/\/curiosidadesedicas.com\/loja\/#\/schema\/logo\/image\/\"}}]}<\/script>\n<!-- \/ Yoast SEO plugin. -->","yoast_head_json":{"title":"TOMADA INTELIGENTE KSIX SMART ENERGY SLIM WIFI 250V BRANCO - Curiosidades &amp; Dicas, Lda","robots":{"index":"index","follow":"follow","max-snippet":"max-snippet:-1","max-image-preview":"max-image-preview:large","max-video-preview":"max-video-preview:-1"},"canonical":"https:\/\/curiosidadesedicas.com\/loja\/en\/product\/tomada-inteligente-ksix-smart-energy-slim-wifi-250v-branco\/","og_locale":"en_US","og_type":"article","og_title":"TOMADA INTELIGENTE KSIX SMART ENERGY SLIM WIFI 250V BRANCO - Curiosidades &amp; Dicas, Lda","og_description":"Conetividade:   2.412 GHz-2.484 GHz  Wi-Fi    Voltagem de sa\u00edda: 250 V  Frequ\u00eancia: 50\/60 Hz  Compat\u00edvel:   Android  iOS  Google Assistant  Amazon Alexa  iOS, Android  Google Home    Fun\u00e7\u00f5es: Temporizador  Cor: Branco  Pa\u00eds\/Regi\u00e3o de fabrico: China  Caracter\u00edsticas:   Interruptor para ligar\/desligar  Sem Fios    Sistema Operativo: Android  Voltagem: 240 V  Voltagem de entrada de AC: 110-240V  Amperagem: 16 A","og_url":"https:\/\/curiosidadesedicas.com\/loja\/en\/product\/tomada-inteligente-ksix-smart-energy-slim-wifi-250v-branco\/","og_site_name":"Curiosidades &amp; Dicas, Lda","article_modified_time":"2024-04-30T13:09:18+00:00","og_image":[{"width":600,"height":600,"url":"https:\/\/curiosidadesedicas.com\/loja\/wp-content\/uploads\/2024\/04\/tomada-inteligente-ksix-smart-energy-slim-wifi-250v-branco_98518.jpg","type":"image\/jpeg"}],"twitter_card":"summary_large_image","twitter_misc":{"Est. reading time":"1 minute"},"schema":{"@context":"https:\/\/schema.org","@graph":[{"@type":"WebPage","@id":"https:\/\/curiosidadesedicas.com\/loja\/produto\/tomada-inteligente-ksix-smart-energy-slim-wifi-250v-branco\/","url":"https:\/\/curiosidadesedicas.com\/loja\/produto\/tomada-inteligente-ksix-smart-energy-slim-wifi-250v-branco\/","name":"TOMADA INTELIGENTE KSIX SMART ENERGY SLIM WIFI 250V BRANCO - Curiosidades &amp; Dicas, Lda","isPartOf":{"@id":"https:\/\/curiosidadesedicas.com\/loja\/#website"},"primaryImageOfPage":{"@id":"https:\/\/curiosidadesedicas.com\/loja\/produto\/tomada-inteligente-ksix-smart-energy-slim-wifi-250v-branco\/#primaryimage"},"image":{"@id":"https:\/\/curiosidadesedicas.com\/loja\/produto\/tomada-inteligente-ksix-smart-energy-slim-wifi-250v-branco\/#primaryimage"},"thumbnailUrl":"https:\/\/curiosidadesedicas.com\/loja\/wp-content\/uploads\/2024\/04\/tomada-inteligente-ksix-smart-energy-slim-wifi-250v-branco_98518.jpg","datePublished":"2024-04-30T13:01:57+00:00","dateModified":"2024-04-30T13:09:18+00:00","breadcrumb":{"@id":"https:\/\/curiosidadesedicas.com\/loja\/produto\/tomada-inteligente-ksix-smart-energy-slim-wifi-250v-branco\/#breadcrumb"},"inLanguage":"en-US","potentialAction":[{"@type":"ReadAction","target":["https:\/\/curiosidadesedicas.com\/loja\/produto\/tomada-inteligente-ksix-smart-energy-slim-wifi-250v-branco\/"]}]},{"@type":"ImageObject","inLanguage":"en-US","@id":"https:\/\/curiosidadesedicas.com\/loja\/produto\/tomada-inteligente-ksix-smart-energy-slim-wifi-250v-branco\/#primaryimage","url":"https:\/\/curiosidadesedicas.com\/loja\/wp-content\/uploads\/2024\/04\/tomada-inteligente-ksix-smart-energy-slim-wifi-250v-branco_98518.jpg","contentUrl":"https:\/\/curiosidadesedicas.com\/loja\/wp-content\/uploads\/2024\/04\/tomada-inteligente-ksix-smart-energy-slim-wifi-250v-branco_98518.jpg","width":600,"height":600},{"@type":"BreadcrumbList","@id":"https:\/\/curiosidadesedicas.com\/loja\/produto\/tomada-inteligente-ksix-smart-energy-slim-wifi-250v-branco\/#breadcrumb","itemListElement":[{"@type":"ListItem","position":1,"name":"In\u00edcio","item":"https:\/\/curiosidadesedicas.com\/loja\/"},{"@type":"ListItem","position":2,"name":"Produtos","item":"https:\/\/curiosidadesedicas.com\/loja\/produtos\/"},{"@type":"ListItem","position":3,"name":"TOMADA INTELIGENTE KSIX SMART ENERGY SLIM WIFI 250V BRANCO"}]},{"@type":"WebSite","@id":"https:\/\/curiosidadesedicas.com\/loja\/#website","url":"https:\/\/curiosidadesedicas.com\/loja\/","name":"Curiosidades &amp; Dicas, Lda","description":"Apaixonados Por Inova\u00e7\u00e3o","publisher":{"@id":"https:\/\/curiosidadesedicas.com\/loja\/#organization"},"potentialAction":[{"@type":"SearchAction","target":{"@type":"EntryPoint","urlTemplate":"https:\/\/curiosidadesedicas.com\/loja\/?s={search_term_string}"},"query-input":{"@type":"PropertyValueSpecification","valueRequired":true,"valueName":"search_term_string"}}],"inLanguage":"en-US"},{"@type":"Organization","@id":"https:\/\/curiosidadesedicas.com\/loja\/#organization","name":"Curiosidades & Dicas","url":"https:\/\/curiosidadesedicas.com\/loja\/","logo":{"@type":"ImageObject","inLanguage":"en-US","@id":"https:\/\/curiosidadesedicas.com\/loja\/#\/schema\/logo\/image\/","url":"https:\/\/curiosidadesedicas.com\/loja\/wp-content\/uploads\/2020\/05\/LogoCuriosidadesSimples.png","contentUrl":"https:\/\/curiosidadesedicas.com\/loja\/wp-content\/uploads\/2020\/05\/LogoCuriosidadesSimples.png","width":3528,"height":804,"caption":"Curiosidades & Dicas"},"image":{"@id":"https:\/\/curiosidadesedicas.com\/loja\/#\/schema\/logo\/image\/"}}]}},"_links":{"self":[{"href":"https:\/\/curiosidadesedicas.com\/loja\/en\/wp-json\/wp\/v2\/product\/33755","targetHints":{"allow":["GET"]}}],"collection":[{"href":"https:\/\/curiosidadesedicas.com\/loja\/en\/wp-json\/wp\/v2\/product"}],"about":[{"href":"https:\/\/curiosidadesedicas.com\/loja\/en\/wp-json\/wp\/v2\/types\/product"}],"replies":[{"embeddable":true,"href":"https:\/\/curiosidadesedicas.com\/loja\/en\/wp-json\/wp\/v2\/comments?post=33755"}],"wp:featuredmedia":[{"embeddable":true,"href":"https:\/\/curiosidadesedicas.com\/loja\/en\/wp-json\/wp\/v2\/media\/33768"}],"wp:attachment":[{"href":"https:\/\/curiosidadesedicas.com\/loja\/en\/wp-json\/wp\/v2\/media?parent=33755"}],"wp:term":[{"taxonomy":"product_brand","embeddable":true,"href":"https:\/\/curiosidadesedicas.com\/loja\/en\/wp-json\/wp\/v2\/product_brand?post=33755"},{"taxonomy":"product_cat","embeddable":true,"href":"https:\/\/curiosidadesedicas.com\/loja\/en\/wp-json\/wp\/v2\/product_cat?post=33755"},{"taxonomy":"product_tag","embeddable":true,"href":"https:\/\/curiosidadesedicas.com\/loja\/en\/wp-json\/wp\/v2\/product_tag?post=33755"}],"curies":[{"name":"wp","href":"https:\/\/api.w.org\/{rel}","templated":true}]}}